{"id":36368,"date":"2023-12-11T10:38:07","date_gmt":"2023-12-11T09:38:07","guid":{"rendered":"https:\/\/audibax.com\/product\/pro-black-3-pins-xlr-male-xlr-female-5m-black-10112844-2\/"},"modified":"2023-12-27T11:52:36","modified_gmt":"2023-12-27T10:52:36","slug":"pro-black-3-pins-xlr-male-xlr-female-5m-black-10112844-2","status":"publish","type":"product","link":"https:\/\/audibax.com\/fr\/produit\/pro-black-3-pins-xlr-male-xlr-female-5m-black-10112844-2\/","title":{"rendered":"Pro Black 3 Pins XLR Male XLR Female 5m Black 10112844"},"content":{"rendered":"<\/p>\n<p><strong>Audibax Pro Black DMX Cable 3 Pins 5 Metres Black<\/strong><\/p>\n<p>La s\u00e9rie Audibax Pro Black assure une transmission pure et pr\u00e9cise des signaux. Les c\u00e2bles sont dot\u00e9s de connecteurs de haute qualit\u00e9 et d&rsquo;une conception \u00e0 faible capacit\u00e9, offrant des performances fiables et un son sup\u00e9rieur pour toutes les connexions de votre \u00e9quipement. La s\u00e9rie Pro est con\u00e7ue pour ceux qui recherchent un son de haute qualit\u00e9 et qui ne veulent pas faire de compromis sur les d\u00e9tails. Les composants suppl\u00e9mentaires de haute qualit\u00e9 permettent une reproduction sonore nette et pr\u00e9cise.<\/p>\n<h2>Caract\u00e9ristiques du c\u00e2ble<\/h2>\n<p>&nbsp;<\/p>\n<ul>\n<li>\n<li>S\u00e9rie : Pro<\/li>\n<li>Type :&nbsp;DMX 3 Pins<\/li>\n<li>Conception \u00e0 faible bruit avec reproduction dynamique compl\u00e8te<\/li>\n<li>C\u00e2ble \u00e0 isolation maximale.<\/li>\n<li>Connecteurs haute performance<\/li>\n<li>Diam\u00e8tre ext\u00e9rieur : 6 mm<\/li>\n<li>Rev\u00eatement PVC hautement durable.<\/li>\n<li>Longueur : 5 m\u00e8tres<\/li>\n<li>Couleur : Noir<\/li>\n<li>Imp\u00e9dance : 110 Ohm sp\u00e9cial pour DMX<\/li>\n<li>Capacit\u00e9 : 72 pf<\/li>\n<li>Isolation PE<\/li>\n<li>Structure : 2x 0.25 mm&sup2;<\/li>\n<li>Braiding pour le blindage<\/li>\n<\/ul>\n<p>&nbsp;<\/p>\n<\/p>\n<\/p>\n<\/p>\n<\/p>\n<\/p>\n<\/p>\n<p>. <\/p>\n<h2>Caract\u00e9ristiques&iacute;sticas Connecteur A<\/h2>\n<p>&nbsp;<\/p>\n<ul>\n<li>Connecteur :&nbsp;DMX XLR<\/li>\n<li>Type : M\u00e2le<\/li>\n<li>Nombre de broches : 3<\/li>\n<li>Contacts du connecteur : Argent<\/li>\n<li>Couleur : Noir<\/li>\n<li>Fabricant Connecteur A : Audibax<\/li>\n<li>Connecteur A Series : Pro Black<br \/> &nbsp;<\/li>\n<\/ul>\n<h2>&nbsp;<\/h2>\n<h2> <\/ul>\n<h2>Connecteur A : AudibaxCaract\u00e9ristiques Connecteur B<br \/> &nbsp;<\/h2>\n<ul>\n<li>Connecteur : DMX XLR<\/li>\n<li>Type : Femelle<\/li>\n<li>Nombre de broches : 3<\/li>\n<li>Contacts du connecteur : Argent<\/li>\n<li>Couleur : Noir<\/li>\n<li>Fabricant Connecteur B : Audibax<\/li>\n<li>Connecteur B Series : Pro Black<\/li>\n<\/ul>\n<p>&nbsp;<\/p>\n<p>.<\/p>\n","protected":false},"excerpt":{"rendered":"<ul>\n<li>S\u00e9rie : Pro Black<\/li>\n<li>Type :&nbsp;C\u00e2ble DMX 3 broches<\/li>\n<li>Longueur : 5 m<\/li>\n<li>Couleur : Noir<\/li>\n<li>Diam\u00e8tre du c\u00e2ble : 6 mm<\/li>\n<\/ul>\n<li>Couleur : Noir<\/li>\n<li>Diam\u00e8tre du c\u00e2ble : 6 mm<\/li>\n<\/ul>\n","protected":false},"featured_media":17981,"comment_status":"open","ping_status":"closed","template":"","meta":{"_acf_changed":false},"product_cat":[311],"product_tag":[],"class_list":{"0":"post-36368","1":"product","2":"type-product","3":"status-publish","4":"has-post-thumbnail","6":"product_cat-cable-dmx-fr","8":"first","9":"instock","10":"shipping-taxable","11":"product-type-simple"},"acf":[],"yoast_head":"<!-- This site is optimized with the Yoast SEO plugin v27.0 - https:\/\/yoast.com\/product\/yoast-seo-wordpress\/ -->\n<title>Pro Black 3 Pins XLR Male XLR Female 5m Black 10112844 - Audibax<\/title>\n<meta name=\"robots\" content=\"index, follow, max-snippet:-1, max-image-preview:large, max-video-preview:-1\" \/>\n<link rel=\"canonical\" href=\"https:\/\/audibax.com\/fr\/produit\/pro-black-3-pins-xlr-male-xlr-female-5m-black-10112844-2\/\" \/>\n<meta property=\"og:locale\" content=\"fr_FR\" \/>\n<meta property=\"og:type\" content=\"article\" \/>\n<meta property=\"og:title\" content=\"Pro Black 3 Pins XLR Male XLR Female 5m Black 10112844 - Audibax\" \/>\n<meta property=\"og:description\" content=\"S\u00e9rie : Pro Black Type :&nbsp;C\u00e2ble DMX 3 broches Longueur : 5 m Couleur : Noir Diam\u00e8tre du c\u00e2ble : 6 mm Couleur : Noir Diam\u00e8tre du c\u00e2ble : 6 mm\" \/>\n<meta property=\"og:url\" content=\"https:\/\/audibax.com\/fr\/produit\/pro-black-3-pins-xlr-male-xlr-female-5m-black-10112844-2\/\" \/>\n<meta property=\"og:site_name\" content=\"Audibax\" \/>\n<meta property=\"article:modified_time\" content=\"2023-12-27T10:52:36+00:00\" \/>\n<meta name=\"twitter:card\" content=\"summary_large_image\" \/>\n<meta name=\"twitter:label1\" content=\"Dur\u00e9e de lecture estim\u00e9e\" \/>\n\t<meta name=\"twitter:data1\" content=\"1 minute\" \/>\n<script type=\"application\/ld+json\" class=\"yoast-schema-graph\">{\"@context\":\"https:\/\/schema.org\",\"@graph\":[{\"@type\":\"WebPage\",\"@id\":\"https:\/\/audibax.com\/fr\/produit\/pro-black-3-pins-xlr-male-xlr-female-5m-black-10112844-2\/\",\"url\":\"https:\/\/audibax.com\/fr\/produit\/pro-black-3-pins-xlr-male-xlr-female-5m-black-10112844-2\/\",\"name\":\"Pro Black 3 Pins XLR Male XLR Female 5m Black 10112844 - Audibax\",\"isPartOf\":{\"@id\":\"https:\/\/audibax.com\/fr\/#website\"},\"primaryImageOfPage\":{\"@id\":\"https:\/\/audibax.com\/fr\/produit\/pro-black-3-pins-xlr-male-xlr-female-5m-black-10112844-2\/#primaryimage\"},\"image\":{\"@id\":\"https:\/\/audibax.com\/fr\/produit\/pro-black-3-pins-xlr-male-xlr-female-5m-black-10112844-2\/#primaryimage\"},\"thumbnailUrl\":\"https:\/\/audibax.com\/wp-content\/uploads\/2023\/12\/cable-dmx-3-pins-5-metro-audibax-negro.png\",\"datePublished\":\"2023-12-11T09:38:07+00:00\",\"dateModified\":\"2023-12-27T10:52:36+00:00\",\"breadcrumb\":{\"@id\":\"https:\/\/audibax.com\/fr\/produit\/pro-black-3-pins-xlr-male-xlr-female-5m-black-10112844-2\/#breadcrumb\"},\"inLanguage\":\"fr-FR\",\"potentialAction\":[{\"@type\":\"ReadAction\",\"target\":[\"https:\/\/audibax.com\/fr\/produit\/pro-black-3-pins-xlr-male-xlr-female-5m-black-10112844-2\/\"]}]},{\"@type\":\"ImageObject\",\"inLanguage\":\"fr-FR\",\"@id\":\"https:\/\/audibax.com\/fr\/produit\/pro-black-3-pins-xlr-male-xlr-female-5m-black-10112844-2\/#primaryimage\",\"url\":\"https:\/\/audibax.com\/wp-content\/uploads\/2023\/12\/cable-dmx-3-pins-5-metro-audibax-negro.png\",\"contentUrl\":\"https:\/\/audibax.com\/wp-content\/uploads\/2023\/12\/cable-dmx-3-pins-5-metro-audibax-negro.png\",\"width\":3840,\"height\":2887},{\"@type\":\"BreadcrumbList\",\"@id\":\"https:\/\/audibax.com\/fr\/produit\/pro-black-3-pins-xlr-male-xlr-female-5m-black-10112844-2\/#breadcrumb\",\"itemListElement\":[{\"@type\":\"ListItem\",\"position\":1,\"name\":\"Portada\",\"item\":\"https:\/\/audibax.com\/fr\/\"},{\"@type\":\"ListItem\",\"position\":2,\"name\":\"Produits\",\"item\":\"https:\/\/audibax.com\/fr\/shop\/\"},{\"@type\":\"ListItem\",\"position\":3,\"name\":\"Pro Black 3 Pins XLR Male XLR Female 5m Black 10112844\"}]},{\"@type\":\"WebSite\",\"@id\":\"https:\/\/audibax.com\/fr\/#website\",\"url\":\"https:\/\/audibax.com\/fr\/\",\"name\":\"Audibax\",\"description\":\"\",\"publisher\":{\"@id\":\"https:\/\/audibax.com\/fr\/#organization\"},\"potentialAction\":[{\"@type\":\"SearchAction\",\"target\":{\"@type\":\"EntryPoint\",\"urlTemplate\":\"https:\/\/audibax.com\/fr\/?s={search_term_string}\"},\"query-input\":{\"@type\":\"PropertyValueSpecification\",\"valueRequired\":true,\"valueName\":\"search_term_string\"}}],\"inLanguage\":\"fr-FR\"},{\"@type\":\"Organization\",\"@id\":\"https:\/\/audibax.com\/fr\/#organization\",\"name\":\"Audibax\",\"url\":\"https:\/\/audibax.com\/fr\/\",\"logo\":{\"@type\":\"ImageObject\",\"inLanguage\":\"fr-FR\",\"@id\":\"https:\/\/audibax.com\/fr\/#\/schema\/logo\/image\/\",\"url\":\"https:\/\/audibax.com\/wp-content\/uploads\/2023\/09\/logo-Audibax-BLANCO-SVG-1.svg\",\"contentUrl\":\"https:\/\/audibax.com\/wp-content\/uploads\/2023\/09\/logo-Audibax-BLANCO-SVG-1.svg\",\"caption\":\"Audibax\"},\"image\":{\"@id\":\"https:\/\/audibax.com\/fr\/#\/schema\/logo\/image\/\"}}]}<\/script>\n<!-- \/ Yoast SEO plugin. -->","yoast_head_json":{"title":"Pro Black 3 Pins XLR Male XLR Female 5m Black 10112844 - Audibax","robots":{"index":"index","follow":"follow","max-snippet":"max-snippet:-1","max-image-preview":"max-image-preview:large","max-video-preview":"max-video-preview:-1"},"canonical":"https:\/\/audibax.com\/fr\/produit\/pro-black-3-pins-xlr-male-xlr-female-5m-black-10112844-2\/","og_locale":"fr_FR","og_type":"article","og_title":"Pro Black 3 Pins XLR Male XLR Female 5m Black 10112844 - Audibax","og_description":"S\u00e9rie : Pro Black Type :&nbsp;C\u00e2ble DMX 3 broches Longueur : 5 m Couleur : Noir Diam\u00e8tre du c\u00e2ble : 6 mm Couleur : Noir Diam\u00e8tre du c\u00e2ble : 6 mm","og_url":"https:\/\/audibax.com\/fr\/produit\/pro-black-3-pins-xlr-male-xlr-female-5m-black-10112844-2\/","og_site_name":"Audibax","article_modified_time":"2023-12-27T10:52:36+00:00","twitter_card":"summary_large_image","twitter_misc":{"Dur\u00e9e de lecture estim\u00e9e":"1 minute"},"schema":{"@context":"https:\/\/schema.org","@graph":[{"@type":"WebPage","@id":"https:\/\/audibax.com\/fr\/produit\/pro-black-3-pins-xlr-male-xlr-female-5m-black-10112844-2\/","url":"https:\/\/audibax.com\/fr\/produit\/pro-black-3-pins-xlr-male-xlr-female-5m-black-10112844-2\/","name":"Pro Black 3 Pins XLR Male XLR Female 5m Black 10112844 - Audibax","isPartOf":{"@id":"https:\/\/audibax.com\/fr\/#website"},"primaryImageOfPage":{"@id":"https:\/\/audibax.com\/fr\/produit\/pro-black-3-pins-xlr-male-xlr-female-5m-black-10112844-2\/#primaryimage"},"image":{"@id":"https:\/\/audibax.com\/fr\/produit\/pro-black-3-pins-xlr-male-xlr-female-5m-black-10112844-2\/#primaryimage"},"thumbnailUrl":"https:\/\/audibax.com\/wp-content\/uploads\/2023\/12\/cable-dmx-3-pins-5-metro-audibax-negro.png","datePublished":"2023-12-11T09:38:07+00:00","dateModified":"2023-12-27T10:52:36+00:00","breadcrumb":{"@id":"https:\/\/audibax.com\/fr\/produit\/pro-black-3-pins-xlr-male-xlr-female-5m-black-10112844-2\/#breadcrumb"},"inLanguage":"fr-FR","potentialAction":[{"@type":"ReadAction","target":["https:\/\/audibax.com\/fr\/produit\/pro-black-3-pins-xlr-male-xlr-female-5m-black-10112844-2\/"]}]},{"@type":"ImageObject","inLanguage":"fr-FR","@id":"https:\/\/audibax.com\/fr\/produit\/pro-black-3-pins-xlr-male-xlr-female-5m-black-10112844-2\/#primaryimage","url":"https:\/\/audibax.com\/wp-content\/uploads\/2023\/12\/cable-dmx-3-pins-5-metro-audibax-negro.png","contentUrl":"https:\/\/audibax.com\/wp-content\/uploads\/2023\/12\/cable-dmx-3-pins-5-metro-audibax-negro.png","width":3840,"height":2887},{"@type":"BreadcrumbList","@id":"https:\/\/audibax.com\/fr\/produit\/pro-black-3-pins-xlr-male-xlr-female-5m-black-10112844-2\/#breadcrumb","itemListElement":[{"@type":"ListItem","position":1,"name":"Portada","item":"https:\/\/audibax.com\/fr\/"},{"@type":"ListItem","position":2,"name":"Produits","item":"https:\/\/audibax.com\/fr\/shop\/"},{"@type":"ListItem","position":3,"name":"Pro Black 3 Pins XLR Male XLR Female 5m Black 10112844"}]},{"@type":"WebSite","@id":"https:\/\/audibax.com\/fr\/#website","url":"https:\/\/audibax.com\/fr\/","name":"Audibax","description":"","publisher":{"@id":"https:\/\/audibax.com\/fr\/#organization"},"potentialAction":[{"@type":"SearchAction","target":{"@type":"EntryPoint","urlTemplate":"https:\/\/audibax.com\/fr\/?s={search_term_string}"},"query-input":{"@type":"PropertyValueSpecification","valueRequired":true,"valueName":"search_term_string"}}],"inLanguage":"fr-FR"},{"@type":"Organization","@id":"https:\/\/audibax.com\/fr\/#organization","name":"Audibax","url":"https:\/\/audibax.com\/fr\/","logo":{"@type":"ImageObject","inLanguage":"fr-FR","@id":"https:\/\/audibax.com\/fr\/#\/schema\/logo\/image\/","url":"https:\/\/audibax.com\/wp-content\/uploads\/2023\/09\/logo-Audibax-BLANCO-SVG-1.svg","contentUrl":"https:\/\/audibax.com\/wp-content\/uploads\/2023\/09\/logo-Audibax-BLANCO-SVG-1.svg","caption":"Audibax"},"image":{"@id":"https:\/\/audibax.com\/fr\/#\/schema\/logo\/image\/"}}]}},"_links":{"self":[{"href":"https:\/\/audibax.com\/fr\/wp-json\/wp\/v2\/product\/36368","targetHints":{"allow":["GET"]}}],"collection":[{"href":"https:\/\/audibax.com\/fr\/wp-json\/wp\/v2\/product"}],"about":[{"href":"https:\/\/audibax.com\/fr\/wp-json\/wp\/v2\/types\/product"}],"replies":[{"embeddable":true,"href":"https:\/\/audibax.com\/fr\/wp-json\/wp\/v2\/comments?post=36368"}],"wp:featuredmedia":[{"embeddable":true,"href":"https:\/\/audibax.com\/fr\/wp-json\/wp\/v2\/media\/17981"}],"wp:attachment":[{"href":"https:\/\/audibax.com\/fr\/wp-json\/wp\/v2\/media?parent=36368"}],"wp:term":[{"taxonomy":"product_cat","embeddable":true,"href":"https:\/\/audibax.com\/fr\/wp-json\/wp\/v2\/product_cat?post=36368"},{"taxonomy":"product_tag","embeddable":true,"href":"https:\/\/audibax.com\/fr\/wp-json\/wp\/v2\/product_tag?post=36368"}],"curies":[{"name":"wp","href":"https:\/\/api.w.org\/{rel}","templated":true}]}}