{"id":36356,"date":"2023-12-27T11:52:26","date_gmt":"2023-12-27T10:52:26","guid":{"rendered":"https:\/\/audibax.com\/product\/silver-connector-xlr-male-xlr-female-10154447-2\/"},"modified":"2023-12-27T11:52:26","modified_gmt":"2023-12-27T10:52:26","slug":"silver-connector-xlr-male-xlr-female-10154447-2","status":"publish","type":"product","link":"https:\/\/audibax.com\/fr\/produit\/silver-connector-xlr-male-xlr-female-10154447-2\/","title":{"rendered":"Silver Connector XLR Male + XLR Female  10154447"},"content":{"rendered":"<p><Le connecteur XLR Audibax <strong>Silver Series<\/strong> offre une qualit\u00e9 et une fiabilit\u00e9 \u00e9lev\u00e9es \u00e0 un prix \u00e9conomique. Le mat\u00e9riau est en m\u00e9tal et tr\u00e8s solide, ce qui permet d&rsquo;am\u00e9liorer la d\u00e9charge de traction, le contact et la protection contre les contraintes de flexion du c\u00e2ble.<\/p>\n<p>&nbsp;<\/p>\n<h2>Caract\u00e9ristiques du connecteur<br \/> &nbsp;<\/h2>\n<ul>\n<li>Connecteur : XLR<\/li>\n<li>Type : M\u00e2le et 1 femelle<\/li>\n<li>Nombre de broches : 3 sur chaque connecteur<\/li>\n<li>Contacts du connecteur : Argent<\/li>\n<li>Fabricant du connecteur : Audibax<\/li>\n<li>S\u00e9rie de connecteurs : Argent&nbsp;<\/li>\n<li>Couleur : Gris<\/li>\n<\/ul>\n","protected":false},"excerpt":{"rendered":"<ul>\n<li>Connecteur : XLR<\/li>\n<li>Type : M\u00e2le et femelle<\/li>\n<li>Nombre de broches : 3 sur chaque connecteur<\/li>\n<li>Contacts du connecteur : Argent<\/li>\n<li>Fabricant du connecteur : Audibax<\/li>\n<li>S\u00e9rie de connecteurs : Argent&nbsp;<\/li>\n<li>Couleur : Gris<\/li>\n<\/ul>\n<\/ul>\n","protected":false},"featured_media":17762,"comment_status":"open","ping_status":"closed","template":"","meta":{"_acf_changed":false},"product_cat":[309,243],"product_tag":[],"class_list":{"0":"post-36356","1":"product","2":"type-product","3":"status-publish","4":"has-post-thumbnail","6":"product_cat-connecteurs-xlr","7":"product_cat-uncategorized","9":"first","10":"instock","11":"shipping-taxable","12":"product-type-simple"},"acf":[],"yoast_head":"<!-- This site is optimized with the Yoast SEO plugin v27.0 - https:\/\/yoast.com\/product\/yoast-seo-wordpress\/ -->\n<title>Silver Connector XLR Male + XLR Female 10154447 - Audibax<\/title>\n<meta name=\"robots\" content=\"index, follow, max-snippet:-1, max-image-preview:large, max-video-preview:-1\" \/>\n<link rel=\"canonical\" href=\"https:\/\/audibax.com\/fr\/produit\/silver-connector-xlr-male-xlr-female-10154447-2\/\" \/>\n<meta property=\"og:locale\" content=\"fr_FR\" \/>\n<meta property=\"og:type\" content=\"article\" \/>\n<meta property=\"og:title\" content=\"Silver Connector XLR Male + XLR Female 10154447 - Audibax\" \/>\n<meta property=\"og:description\" content=\"Connecteur : XLR Type : M\u00e2le et femelle Nombre de broches : 3 sur chaque connecteur Contacts du connecteur : Argent Fabricant du connecteur : Audibax S\u00e9rie de connecteurs : Argent&nbsp; Couleur : Gris\" \/>\n<meta property=\"og:url\" content=\"https:\/\/audibax.com\/fr\/produit\/silver-connector-xlr-male-xlr-female-10154447-2\/\" \/>\n<meta property=\"og:site_name\" content=\"Audibax\" \/>\n<meta name=\"twitter:card\" content=\"summary_large_image\" \/>\n<script type=\"application\/ld+json\" class=\"yoast-schema-graph\">{\"@context\":\"https:\/\/schema.org\",\"@graph\":[{\"@type\":\"WebPage\",\"@id\":\"https:\/\/audibax.com\/fr\/produit\/silver-connector-xlr-male-xlr-female-10154447-2\/\",\"url\":\"https:\/\/audibax.com\/fr\/produit\/silver-connector-xlr-male-xlr-female-10154447-2\/\",\"name\":\"Silver Connector XLR Male + XLR Female 10154447 - Audibax\",\"isPartOf\":{\"@id\":\"https:\/\/audibax.com\/fr\/#website\"},\"primaryImageOfPage\":{\"@id\":\"https:\/\/audibax.com\/fr\/produit\/silver-connector-xlr-male-xlr-female-10154447-2\/#primaryimage\"},\"image\":{\"@id\":\"https:\/\/audibax.com\/fr\/produit\/silver-connector-xlr-male-xlr-female-10154447-2\/#primaryimage\"},\"thumbnailUrl\":\"https:\/\/audibax.com\/wp-content\/uploads\/2023\/12\/audibax-silver-pack2-conector-xlr-macho-hembra.jpg\",\"datePublished\":\"2023-12-27T10:52:26+00:00\",\"breadcrumb\":{\"@id\":\"https:\/\/audibax.com\/fr\/produit\/silver-connector-xlr-male-xlr-female-10154447-2\/#breadcrumb\"},\"inLanguage\":\"fr-FR\",\"potentialAction\":[{\"@type\":\"ReadAction\",\"target\":[\"https:\/\/audibax.com\/fr\/produit\/silver-connector-xlr-male-xlr-female-10154447-2\/\"]}]},{\"@type\":\"ImageObject\",\"inLanguage\":\"fr-FR\",\"@id\":\"https:\/\/audibax.com\/fr\/produit\/silver-connector-xlr-male-xlr-female-10154447-2\/#primaryimage\",\"url\":\"https:\/\/audibax.com\/wp-content\/uploads\/2023\/12\/audibax-silver-pack2-conector-xlr-macho-hembra.jpg\",\"contentUrl\":\"https:\/\/audibax.com\/wp-content\/uploads\/2023\/12\/audibax-silver-pack2-conector-xlr-macho-hembra.jpg\",\"width\":1500,\"height\":1053},{\"@type\":\"BreadcrumbList\",\"@id\":\"https:\/\/audibax.com\/fr\/produit\/silver-connector-xlr-male-xlr-female-10154447-2\/#breadcrumb\",\"itemListElement\":[{\"@type\":\"ListItem\",\"position\":1,\"name\":\"Portada\",\"item\":\"https:\/\/audibax.com\/fr\/\"},{\"@type\":\"ListItem\",\"position\":2,\"name\":\"Produits\",\"item\":\"https:\/\/audibax.com\/fr\/shop\/\"},{\"@type\":\"ListItem\",\"position\":3,\"name\":\"Silver Connector XLR Male + XLR Female 10154447\"}]},{\"@type\":\"WebSite\",\"@id\":\"https:\/\/audibax.com\/fr\/#website\",\"url\":\"https:\/\/audibax.com\/fr\/\",\"name\":\"Audibax\",\"description\":\"\",\"publisher\":{\"@id\":\"https:\/\/audibax.com\/fr\/#organization\"},\"potentialAction\":[{\"@type\":\"SearchAction\",\"target\":{\"@type\":\"EntryPoint\",\"urlTemplate\":\"https:\/\/audibax.com\/fr\/?s={search_term_string}\"},\"query-input\":{\"@type\":\"PropertyValueSpecification\",\"valueRequired\":true,\"valueName\":\"search_term_string\"}}],\"inLanguage\":\"fr-FR\"},{\"@type\":\"Organization\",\"@id\":\"https:\/\/audibax.com\/fr\/#organization\",\"name\":\"Audibax\",\"url\":\"https:\/\/audibax.com\/fr\/\",\"logo\":{\"@type\":\"ImageObject\",\"inLanguage\":\"fr-FR\",\"@id\":\"https:\/\/audibax.com\/fr\/#\/schema\/logo\/image\/\",\"url\":\"https:\/\/audibax.com\/wp-content\/uploads\/2023\/09\/logo-Audibax-BLANCO-SVG-1.svg\",\"contentUrl\":\"https:\/\/audibax.com\/wp-content\/uploads\/2023\/09\/logo-Audibax-BLANCO-SVG-1.svg\",\"caption\":\"Audibax\"},\"image\":{\"@id\":\"https:\/\/audibax.com\/fr\/#\/schema\/logo\/image\/\"}}]}<\/script>\n<!-- \/ Yoast SEO plugin. -->","yoast_head_json":{"title":"Silver Connector XLR Male + XLR Female 10154447 - Audibax","robots":{"index":"index","follow":"follow","max-snippet":"max-snippet:-1","max-image-preview":"max-image-preview:large","max-video-preview":"max-video-preview:-1"},"canonical":"https:\/\/audibax.com\/fr\/produit\/silver-connector-xlr-male-xlr-female-10154447-2\/","og_locale":"fr_FR","og_type":"article","og_title":"Silver Connector XLR Male + XLR Female 10154447 - Audibax","og_description":"Connecteur : XLR Type : M\u00e2le et femelle Nombre de broches : 3 sur chaque connecteur Contacts du connecteur : Argent Fabricant du connecteur : Audibax S\u00e9rie de connecteurs : Argent&nbsp; Couleur : Gris","og_url":"https:\/\/audibax.com\/fr\/produit\/silver-connector-xlr-male-xlr-female-10154447-2\/","og_site_name":"Audibax","twitter_card":"summary_large_image","schema":{"@context":"https:\/\/schema.org","@graph":[{"@type":"WebPage","@id":"https:\/\/audibax.com\/fr\/produit\/silver-connector-xlr-male-xlr-female-10154447-2\/","url":"https:\/\/audibax.com\/fr\/produit\/silver-connector-xlr-male-xlr-female-10154447-2\/","name":"Silver Connector XLR Male + XLR Female 10154447 - Audibax","isPartOf":{"@id":"https:\/\/audibax.com\/fr\/#website"},"primaryImageOfPage":{"@id":"https:\/\/audibax.com\/fr\/produit\/silver-connector-xlr-male-xlr-female-10154447-2\/#primaryimage"},"image":{"@id":"https:\/\/audibax.com\/fr\/produit\/silver-connector-xlr-male-xlr-female-10154447-2\/#primaryimage"},"thumbnailUrl":"https:\/\/audibax.com\/wp-content\/uploads\/2023\/12\/audibax-silver-pack2-conector-xlr-macho-hembra.jpg","datePublished":"2023-12-27T10:52:26+00:00","breadcrumb":{"@id":"https:\/\/audibax.com\/fr\/produit\/silver-connector-xlr-male-xlr-female-10154447-2\/#breadcrumb"},"inLanguage":"fr-FR","potentialAction":[{"@type":"ReadAction","target":["https:\/\/audibax.com\/fr\/produit\/silver-connector-xlr-male-xlr-female-10154447-2\/"]}]},{"@type":"ImageObject","inLanguage":"fr-FR","@id":"https:\/\/audibax.com\/fr\/produit\/silver-connector-xlr-male-xlr-female-10154447-2\/#primaryimage","url":"https:\/\/audibax.com\/wp-content\/uploads\/2023\/12\/audibax-silver-pack2-conector-xlr-macho-hembra.jpg","contentUrl":"https:\/\/audibax.com\/wp-content\/uploads\/2023\/12\/audibax-silver-pack2-conector-xlr-macho-hembra.jpg","width":1500,"height":1053},{"@type":"BreadcrumbList","@id":"https:\/\/audibax.com\/fr\/produit\/silver-connector-xlr-male-xlr-female-10154447-2\/#breadcrumb","itemListElement":[{"@type":"ListItem","position":1,"name":"Portada","item":"https:\/\/audibax.com\/fr\/"},{"@type":"ListItem","position":2,"name":"Produits","item":"https:\/\/audibax.com\/fr\/shop\/"},{"@type":"ListItem","position":3,"name":"Silver Connector XLR Male + XLR Female 10154447"}]},{"@type":"WebSite","@id":"https:\/\/audibax.com\/fr\/#website","url":"https:\/\/audibax.com\/fr\/","name":"Audibax","description":"","publisher":{"@id":"https:\/\/audibax.com\/fr\/#organization"},"potentialAction":[{"@type":"SearchAction","target":{"@type":"EntryPoint","urlTemplate":"https:\/\/audibax.com\/fr\/?s={search_term_string}"},"query-input":{"@type":"PropertyValueSpecification","valueRequired":true,"valueName":"search_term_string"}}],"inLanguage":"fr-FR"},{"@type":"Organization","@id":"https:\/\/audibax.com\/fr\/#organization","name":"Audibax","url":"https:\/\/audibax.com\/fr\/","logo":{"@type":"ImageObject","inLanguage":"fr-FR","@id":"https:\/\/audibax.com\/fr\/#\/schema\/logo\/image\/","url":"https:\/\/audibax.com\/wp-content\/uploads\/2023\/09\/logo-Audibax-BLANCO-SVG-1.svg","contentUrl":"https:\/\/audibax.com\/wp-content\/uploads\/2023\/09\/logo-Audibax-BLANCO-SVG-1.svg","caption":"Audibax"},"image":{"@id":"https:\/\/audibax.com\/fr\/#\/schema\/logo\/image\/"}}]}},"_links":{"self":[{"href":"https:\/\/audibax.com\/fr\/wp-json\/wp\/v2\/product\/36356","targetHints":{"allow":["GET"]}}],"collection":[{"href":"https:\/\/audibax.com\/fr\/wp-json\/wp\/v2\/product"}],"about":[{"href":"https:\/\/audibax.com\/fr\/wp-json\/wp\/v2\/types\/product"}],"replies":[{"embeddable":true,"href":"https:\/\/audibax.com\/fr\/wp-json\/wp\/v2\/comments?post=36356"}],"wp:featuredmedia":[{"embeddable":true,"href":"https:\/\/audibax.com\/fr\/wp-json\/wp\/v2\/media\/17762"}],"wp:attachment":[{"href":"https:\/\/audibax.com\/fr\/wp-json\/wp\/v2\/media?parent=36356"}],"wp:term":[{"taxonomy":"product_cat","embeddable":true,"href":"https:\/\/audibax.com\/fr\/wp-json\/wp\/v2\/product_cat?post=36356"},{"taxonomy":"product_tag","embeddable":true,"href":"https:\/\/audibax.com\/fr\/wp-json\/wp\/v2\/product_tag?post=36356"}],"curies":[{"name":"wp","href":"https:\/\/api.w.org\/{rel}","templated":true}]}}