{"id":36351,"date":"2023-12-27T11:52:25","date_gmt":"2023-12-27T10:52:25","guid":{"rendered":"https:\/\/audibax.com\/product\/evolution-connector-xlr-male-10154455-2\/"},"modified":"2023-12-27T11:52:25","modified_gmt":"2023-12-27T10:52:25","slug":"evolution-connector-xlr-male-10154455-2","status":"publish","type":"product","link":"https:\/\/audibax.com\/fr\/produit\/evolution-connector-xlr-male-10154455-2\/","title":{"rendered":"Evolution Connector XLR Male  10154455"},"content":{"rendered":"<\/p>\n<p><strong>Audibax Evolution Connector XLR Male Grey<\/strong><\/p>\n<p>Le connecteur XLR femelle de la <strong>s\u00e9rie Evolution<\/strong>&nbsp;<strong>Audibax Evolution<\/strong>&nbsp;offre de multiples caract\u00e9ristiques qui en font un connecteur de la plus haute qualit\u00e9 et de la plus grande fiabilit\u00e9.La s\u00e9rie Evolution d&rsquo;Audibax<\/strong>&nbsp;offre de multiples caract\u00e9ristiques qui en font un connecteur de la plus haute qualit\u00e9 et fiabilit\u00e9.Il offre une int\u00e9grit\u00e9 de contact am\u00e9lior\u00e9e et la d\u00e9charge de traction du c\u00e2ble est de type mandrin, ce qui produit une force d&rsquo;arrachement plus \u00e9lev\u00e9e. Il s&rsquo;agit d&rsquo;un connecteur dot\u00e9 d&rsquo;un verrou m\u00e9tallique solide am\u00e9lior\u00e9, plus grand et beaucoup plus facile \u00e0 manipuler. En outre, il offre une protection \u00e9lev\u00e9e contre les contraintes de flexion du c\u00e2ble.<\/p>\n<p>&nbsp;<\/p>\n<h2>Caract\u00e9ristiques du connecteur<br \/> &nbsp;<\/h2>\n<ul>\n<li>Connecteur : XLR<\/li>\n<li>Type : M\u00e2le<\/li>\n<li>N&uacute;m de broches : 3<\/li>\n<li>Contacts du connecteur : Argent<\/li>\n<li>Fabricant du connecteur : Audibax<\/li>\n<li>S\u00e9rie de connecteurs : Evolution<\/li>\n<li>Couleur : Gris<\/li>\n<\/ul>\n","protected":false},"excerpt":{"rendered":"<ul>\n<li>Connecteur : XLR<\/li>\n<li>Type : M\u00e2le<\/li>\n<li>Nombre de broches : 3<\/li>\n<li>Contacts du connecteur : Plaqu\u00e9 argent<\/li>\n<li>Fabricant du connecteur : Audibax<\/li>\n<li>S\u00e9rie de connecteurs : Evolution<\/li>\n<li>Couleur : Gris<\/li>\n<\/ul>\n<\/ul>\n","protected":false},"featured_media":17042,"comment_status":"open","ping_status":"closed","template":"","meta":{"_acf_changed":false},"product_cat":[309,243],"product_tag":[],"class_list":{"0":"post-36351","1":"product","2":"type-product","3":"status-publish","4":"has-post-thumbnail","6":"product_cat-connecteurs-xlr","7":"product_cat-uncategorized","9":"first","10":"instock","11":"shipping-taxable","12":"product-type-simple"},"acf":[],"yoast_head":"<!-- This site is optimized with the Yoast SEO plugin v27.0 - https:\/\/yoast.com\/product\/yoast-seo-wordpress\/ -->\n<title>Evolution Connector XLR Male 10154455 - Audibax<\/title>\n<meta name=\"robots\" content=\"index, follow, max-snippet:-1, max-image-preview:large, max-video-preview:-1\" \/>\n<link rel=\"canonical\" href=\"https:\/\/audibax.com\/fr\/produit\/evolution-connector-xlr-male-10154455-2\/\" \/>\n<meta property=\"og:locale\" content=\"fr_FR\" \/>\n<meta property=\"og:type\" content=\"article\" \/>\n<meta property=\"og:title\" content=\"Evolution Connector XLR Male 10154455 - Audibax\" \/>\n<meta property=\"og:description\" content=\"Connecteur : XLR Type : M\u00e2le Nombre de broches : 3 Contacts du connecteur : Plaqu\u00e9 argent Fabricant du connecteur : Audibax S\u00e9rie de connecteurs : Evolution Couleur : Gris\" \/>\n<meta property=\"og:url\" content=\"https:\/\/audibax.com\/fr\/produit\/evolution-connector-xlr-male-10154455-2\/\" \/>\n<meta property=\"og:site_name\" content=\"Audibax\" \/>\n<meta name=\"twitter:card\" content=\"summary_large_image\" \/>\n<meta name=\"twitter:label1\" content=\"Dur\u00e9e de lecture estim\u00e9e\" \/>\n\t<meta name=\"twitter:data1\" content=\"1 minute\" \/>\n<script type=\"application\/ld+json\" class=\"yoast-schema-graph\">{\"@context\":\"https:\/\/schema.org\",\"@graph\":[{\"@type\":\"WebPage\",\"@id\":\"https:\/\/audibax.com\/fr\/produit\/evolution-connector-xlr-male-10154455-2\/\",\"url\":\"https:\/\/audibax.com\/fr\/produit\/evolution-connector-xlr-male-10154455-2\/\",\"name\":\"Evolution Connector XLR Male 10154455 - Audibax\",\"isPartOf\":{\"@id\":\"https:\/\/audibax.com\/fr\/#website\"},\"primaryImageOfPage\":{\"@id\":\"https:\/\/audibax.com\/fr\/produit\/evolution-connector-xlr-male-10154455-2\/#primaryimage\"},\"image\":{\"@id\":\"https:\/\/audibax.com\/fr\/produit\/evolution-connector-xlr-male-10154455-2\/#primaryimage\"},\"thumbnailUrl\":\"https:\/\/audibax.com\/wp-content\/uploads\/2023\/12\/audibax-conector-xlr-macho-gris-comprar.png\",\"datePublished\":\"2023-12-27T10:52:25+00:00\",\"breadcrumb\":{\"@id\":\"https:\/\/audibax.com\/fr\/produit\/evolution-connector-xlr-male-10154455-2\/#breadcrumb\"},\"inLanguage\":\"fr-FR\",\"potentialAction\":[{\"@type\":\"ReadAction\",\"target\":[\"https:\/\/audibax.com\/fr\/produit\/evolution-connector-xlr-male-10154455-2\/\"]}]},{\"@type\":\"ImageObject\",\"inLanguage\":\"fr-FR\",\"@id\":\"https:\/\/audibax.com\/fr\/produit\/evolution-connector-xlr-male-10154455-2\/#primaryimage\",\"url\":\"https:\/\/audibax.com\/wp-content\/uploads\/2023\/12\/audibax-conector-xlr-macho-gris-comprar.png\",\"contentUrl\":\"https:\/\/audibax.com\/wp-content\/uploads\/2023\/12\/audibax-conector-xlr-macho-gris-comprar.png\",\"width\":3840,\"height\":2696},{\"@type\":\"BreadcrumbList\",\"@id\":\"https:\/\/audibax.com\/fr\/produit\/evolution-connector-xlr-male-10154455-2\/#breadcrumb\",\"itemListElement\":[{\"@type\":\"ListItem\",\"position\":1,\"name\":\"Portada\",\"item\":\"https:\/\/audibax.com\/fr\/\"},{\"@type\":\"ListItem\",\"position\":2,\"name\":\"Produits\",\"item\":\"https:\/\/audibax.com\/fr\/shop\/\"},{\"@type\":\"ListItem\",\"position\":3,\"name\":\"Evolution Connector XLR Male 10154455\"}]},{\"@type\":\"WebSite\",\"@id\":\"https:\/\/audibax.com\/fr\/#website\",\"url\":\"https:\/\/audibax.com\/fr\/\",\"name\":\"Audibax\",\"description\":\"\",\"publisher\":{\"@id\":\"https:\/\/audibax.com\/fr\/#organization\"},\"potentialAction\":[{\"@type\":\"SearchAction\",\"target\":{\"@type\":\"EntryPoint\",\"urlTemplate\":\"https:\/\/audibax.com\/fr\/?s={search_term_string}\"},\"query-input\":{\"@type\":\"PropertyValueSpecification\",\"valueRequired\":true,\"valueName\":\"search_term_string\"}}],\"inLanguage\":\"fr-FR\"},{\"@type\":\"Organization\",\"@id\":\"https:\/\/audibax.com\/fr\/#organization\",\"name\":\"Audibax\",\"url\":\"https:\/\/audibax.com\/fr\/\",\"logo\":{\"@type\":\"ImageObject\",\"inLanguage\":\"fr-FR\",\"@id\":\"https:\/\/audibax.com\/fr\/#\/schema\/logo\/image\/\",\"url\":\"https:\/\/audibax.com\/wp-content\/uploads\/2023\/09\/logo-Audibax-BLANCO-SVG-1.svg\",\"contentUrl\":\"https:\/\/audibax.com\/wp-content\/uploads\/2023\/09\/logo-Audibax-BLANCO-SVG-1.svg\",\"caption\":\"Audibax\"},\"image\":{\"@id\":\"https:\/\/audibax.com\/fr\/#\/schema\/logo\/image\/\"}}]}<\/script>\n<!-- \/ Yoast SEO plugin. -->","yoast_head_json":{"title":"Evolution Connector XLR Male 10154455 - Audibax","robots":{"index":"index","follow":"follow","max-snippet":"max-snippet:-1","max-image-preview":"max-image-preview:large","max-video-preview":"max-video-preview:-1"},"canonical":"https:\/\/audibax.com\/fr\/produit\/evolution-connector-xlr-male-10154455-2\/","og_locale":"fr_FR","og_type":"article","og_title":"Evolution Connector XLR Male 10154455 - Audibax","og_description":"Connecteur : XLR Type : M\u00e2le Nombre de broches : 3 Contacts du connecteur : Plaqu\u00e9 argent Fabricant du connecteur : Audibax S\u00e9rie de connecteurs : Evolution Couleur : Gris","og_url":"https:\/\/audibax.com\/fr\/produit\/evolution-connector-xlr-male-10154455-2\/","og_site_name":"Audibax","twitter_card":"summary_large_image","twitter_misc":{"Dur\u00e9e de lecture estim\u00e9e":"1 minute"},"schema":{"@context":"https:\/\/schema.org","@graph":[{"@type":"WebPage","@id":"https:\/\/audibax.com\/fr\/produit\/evolution-connector-xlr-male-10154455-2\/","url":"https:\/\/audibax.com\/fr\/produit\/evolution-connector-xlr-male-10154455-2\/","name":"Evolution Connector XLR Male 10154455 - Audibax","isPartOf":{"@id":"https:\/\/audibax.com\/fr\/#website"},"primaryImageOfPage":{"@id":"https:\/\/audibax.com\/fr\/produit\/evolution-connector-xlr-male-10154455-2\/#primaryimage"},"image":{"@id":"https:\/\/audibax.com\/fr\/produit\/evolution-connector-xlr-male-10154455-2\/#primaryimage"},"thumbnailUrl":"https:\/\/audibax.com\/wp-content\/uploads\/2023\/12\/audibax-conector-xlr-macho-gris-comprar.png","datePublished":"2023-12-27T10:52:25+00:00","breadcrumb":{"@id":"https:\/\/audibax.com\/fr\/produit\/evolution-connector-xlr-male-10154455-2\/#breadcrumb"},"inLanguage":"fr-FR","potentialAction":[{"@type":"ReadAction","target":["https:\/\/audibax.com\/fr\/produit\/evolution-connector-xlr-male-10154455-2\/"]}]},{"@type":"ImageObject","inLanguage":"fr-FR","@id":"https:\/\/audibax.com\/fr\/produit\/evolution-connector-xlr-male-10154455-2\/#primaryimage","url":"https:\/\/audibax.com\/wp-content\/uploads\/2023\/12\/audibax-conector-xlr-macho-gris-comprar.png","contentUrl":"https:\/\/audibax.com\/wp-content\/uploads\/2023\/12\/audibax-conector-xlr-macho-gris-comprar.png","width":3840,"height":2696},{"@type":"BreadcrumbList","@id":"https:\/\/audibax.com\/fr\/produit\/evolution-connector-xlr-male-10154455-2\/#breadcrumb","itemListElement":[{"@type":"ListItem","position":1,"name":"Portada","item":"https:\/\/audibax.com\/fr\/"},{"@type":"ListItem","position":2,"name":"Produits","item":"https:\/\/audibax.com\/fr\/shop\/"},{"@type":"ListItem","position":3,"name":"Evolution Connector XLR Male 10154455"}]},{"@type":"WebSite","@id":"https:\/\/audibax.com\/fr\/#website","url":"https:\/\/audibax.com\/fr\/","name":"Audibax","description":"","publisher":{"@id":"https:\/\/audibax.com\/fr\/#organization"},"potentialAction":[{"@type":"SearchAction","target":{"@type":"EntryPoint","urlTemplate":"https:\/\/audibax.com\/fr\/?s={search_term_string}"},"query-input":{"@type":"PropertyValueSpecification","valueRequired":true,"valueName":"search_term_string"}}],"inLanguage":"fr-FR"},{"@type":"Organization","@id":"https:\/\/audibax.com\/fr\/#organization","name":"Audibax","url":"https:\/\/audibax.com\/fr\/","logo":{"@type":"ImageObject","inLanguage":"fr-FR","@id":"https:\/\/audibax.com\/fr\/#\/schema\/logo\/image\/","url":"https:\/\/audibax.com\/wp-content\/uploads\/2023\/09\/logo-Audibax-BLANCO-SVG-1.svg","contentUrl":"https:\/\/audibax.com\/wp-content\/uploads\/2023\/09\/logo-Audibax-BLANCO-SVG-1.svg","caption":"Audibax"},"image":{"@id":"https:\/\/audibax.com\/fr\/#\/schema\/logo\/image\/"}}]}},"_links":{"self":[{"href":"https:\/\/audibax.com\/fr\/wp-json\/wp\/v2\/product\/36351","targetHints":{"allow":["GET"]}}],"collection":[{"href":"https:\/\/audibax.com\/fr\/wp-json\/wp\/v2\/product"}],"about":[{"href":"https:\/\/audibax.com\/fr\/wp-json\/wp\/v2\/types\/product"}],"replies":[{"embeddable":true,"href":"https:\/\/audibax.com\/fr\/wp-json\/wp\/v2\/comments?post=36351"}],"wp:featuredmedia":[{"embeddable":true,"href":"https:\/\/audibax.com\/fr\/wp-json\/wp\/v2\/media\/17042"}],"wp:attachment":[{"href":"https:\/\/audibax.com\/fr\/wp-json\/wp\/v2\/media?parent=36351"}],"wp:term":[{"taxonomy":"product_cat","embeddable":true,"href":"https:\/\/audibax.com\/fr\/wp-json\/wp\/v2\/product_cat?post=36351"},{"taxonomy":"product_tag","embeddable":true,"href":"https:\/\/audibax.com\/fr\/wp-json\/wp\/v2\/product_tag?post=36351"}],"curies":[{"name":"wp","href":"https:\/\/api.w.org\/{rel}","templated":true}]}}