{"id":36350,"date":"2023-12-11T10:37:21","date_gmt":"2023-12-11T09:37:21","guid":{"rendered":"https:\/\/audibax.com\/product\/connector-speakon-black-10101670-2\/"},"modified":"2023-12-27T11:52:24","modified_gmt":"2023-12-27T10:52:24","slug":"connector-speakon-black-10101670-2","status":"publish","type":"product","link":"https:\/\/audibax.com\/fr\/produit\/connector-speakon-black-10101670-2\/","title":{"rendered":"Connector Speakon Black 10101670"},"content":{"rendered":"<p><strong>Connecteur Speakon 4 p\u00f4les, RF:184<\/strong><\/strong><\/p>\n<p>Le connecteur Speakon de la s\u00e9rie <strong>Audibax Silver<\/strong>&nbsp;a une qualit\u00e9 et une fiabilit\u00e9 \u00e9lev\u00e9es \u00e0 un prix \u00e9conomique. Le mat\u00e9riau est en m\u00e9tal et tr\u00e8s solide, ce qui am\u00e9liore la d\u00e9charge de traction, le contact et la protection contre les contraintes de flexion sur le c\u00e2ble.<\/p>\n<p>&nbsp;<\/p>\n<h2>Caract\u00e9ristiques du connecteur<br \/> &nbsp;<\/h2>\n<ul>\n<li>Connecteur : Speakon 4 p\u00f4les<\/li>\n<li>Nombre de broches : 4&nbsp;<\/li>\n<li>Contacts du connecteur : Argent<\/li>\n<li>Fabricant du connecteur : Audibax<\/li>\n<li>S\u00e9rie de connecteurs : Argent&nbsp;<\/li>\n<li>Couleur : Noir<\/li>\n<\/ul>\n<\/ul>\n","protected":false},"excerpt":{"rendered":"<ul>\n<li>Connecteur :&nbsp;Speakon 4 Pole<\/li>\n<li>N&nbsp;Nombre de broches : 4&nbsp;<\/li>\n<li>Connecteur Contacts : Argent<\/li>\n<li>Fabricant de connecteurs : Audibax<\/li>\n<li>S\u00e9rie de connecteurs : Argent&nbsp;<\/li>\n<li>Couleur : Noir<\/li>\n<\/ul>\n<\/ul>\n","protected":false},"featured_media":18659,"comment_status":"open","ping_status":"closed","template":"","meta":{"_acf_changed":false},"product_cat":[307],"product_tag":[],"class_list":{"0":"post-36350","1":"product","2":"type-product","3":"status-publish","4":"has-post-thumbnail","6":"product_cat-connecteurs-speakon","8":"first","9":"instock","10":"shipping-taxable","11":"product-type-simple"},"acf":[],"yoast_head":"<!-- This site is optimized with the Yoast SEO plugin v27.0 - https:\/\/yoast.com\/product\/yoast-seo-wordpress\/ -->\n<title>Connector Speakon Black 10101670 - Audibax<\/title>\n<meta name=\"robots\" content=\"index, follow, max-snippet:-1, max-image-preview:large, max-video-preview:-1\" \/>\n<link rel=\"canonical\" href=\"https:\/\/audibax.com\/fr\/produit\/connector-speakon-black-10101670-2\/\" \/>\n<meta property=\"og:locale\" content=\"fr_FR\" \/>\n<meta property=\"og:type\" content=\"article\" \/>\n<meta property=\"og:title\" content=\"Connector Speakon Black 10101670 - Audibax\" \/>\n<meta property=\"og:description\" content=\"Connecteur :&nbsp;Speakon 4 Pole N&nbsp;Nombre de broches : 4&nbsp; Connecteur Contacts : Argent Fabricant de connecteurs : Audibax S\u00e9rie de connecteurs : Argent&nbsp; Couleur : Noir\" \/>\n<meta property=\"og:url\" content=\"https:\/\/audibax.com\/fr\/produit\/connector-speakon-black-10101670-2\/\" \/>\n<meta property=\"og:site_name\" content=\"Audibax\" \/>\n<meta property=\"article:modified_time\" content=\"2023-12-27T10:52:24+00:00\" \/>\n<meta name=\"twitter:card\" content=\"summary_large_image\" \/>\n<script type=\"application\/ld+json\" class=\"yoast-schema-graph\">{\"@context\":\"https:\/\/schema.org\",\"@graph\":[{\"@type\":\"WebPage\",\"@id\":\"https:\/\/audibax.com\/fr\/produit\/connector-speakon-black-10101670-2\/\",\"url\":\"https:\/\/audibax.com\/fr\/produit\/connector-speakon-black-10101670-2\/\",\"name\":\"Connector Speakon Black 10101670 - Audibax\",\"isPartOf\":{\"@id\":\"https:\/\/audibax.com\/fr\/#website\"},\"primaryImageOfPage\":{\"@id\":\"https:\/\/audibax.com\/fr\/produit\/connector-speakon-black-10101670-2\/#primaryimage\"},\"image\":{\"@id\":\"https:\/\/audibax.com\/fr\/produit\/connector-speakon-black-10101670-2\/#primaryimage\"},\"thumbnailUrl\":\"https:\/\/audibax.com\/wp-content\/uploads\/2023\/12\/speakon-4-pin.jpg\",\"datePublished\":\"2023-12-11T09:37:21+00:00\",\"dateModified\":\"2023-12-27T10:52:24+00:00\",\"breadcrumb\":{\"@id\":\"https:\/\/audibax.com\/fr\/produit\/connector-speakon-black-10101670-2\/#breadcrumb\"},\"inLanguage\":\"fr-FR\",\"potentialAction\":[{\"@type\":\"ReadAction\",\"target\":[\"https:\/\/audibax.com\/fr\/produit\/connector-speakon-black-10101670-2\/\"]}]},{\"@type\":\"ImageObject\",\"inLanguage\":\"fr-FR\",\"@id\":\"https:\/\/audibax.com\/fr\/produit\/connector-speakon-black-10101670-2\/#primaryimage\",\"url\":\"https:\/\/audibax.com\/wp-content\/uploads\/2023\/12\/speakon-4-pin.jpg\",\"contentUrl\":\"https:\/\/audibax.com\/wp-content\/uploads\/2023\/12\/speakon-4-pin.jpg\",\"width\":307,\"height\":215},{\"@type\":\"BreadcrumbList\",\"@id\":\"https:\/\/audibax.com\/fr\/produit\/connector-speakon-black-10101670-2\/#breadcrumb\",\"itemListElement\":[{\"@type\":\"ListItem\",\"position\":1,\"name\":\"Portada\",\"item\":\"https:\/\/audibax.com\/fr\/\"},{\"@type\":\"ListItem\",\"position\":2,\"name\":\"Produits\",\"item\":\"https:\/\/audibax.com\/fr\/shop\/\"},{\"@type\":\"ListItem\",\"position\":3,\"name\":\"Connector Speakon Black 10101670\"}]},{\"@type\":\"WebSite\",\"@id\":\"https:\/\/audibax.com\/fr\/#website\",\"url\":\"https:\/\/audibax.com\/fr\/\",\"name\":\"Audibax\",\"description\":\"\",\"publisher\":{\"@id\":\"https:\/\/audibax.com\/fr\/#organization\"},\"potentialAction\":[{\"@type\":\"SearchAction\",\"target\":{\"@type\":\"EntryPoint\",\"urlTemplate\":\"https:\/\/audibax.com\/fr\/?s={search_term_string}\"},\"query-input\":{\"@type\":\"PropertyValueSpecification\",\"valueRequired\":true,\"valueName\":\"search_term_string\"}}],\"inLanguage\":\"fr-FR\"},{\"@type\":\"Organization\",\"@id\":\"https:\/\/audibax.com\/fr\/#organization\",\"name\":\"Audibax\",\"url\":\"https:\/\/audibax.com\/fr\/\",\"logo\":{\"@type\":\"ImageObject\",\"inLanguage\":\"fr-FR\",\"@id\":\"https:\/\/audibax.com\/fr\/#\/schema\/logo\/image\/\",\"url\":\"https:\/\/audibax.com\/wp-content\/uploads\/2023\/09\/logo-Audibax-BLANCO-SVG-1.svg\",\"contentUrl\":\"https:\/\/audibax.com\/wp-content\/uploads\/2023\/09\/logo-Audibax-BLANCO-SVG-1.svg\",\"caption\":\"Audibax\"},\"image\":{\"@id\":\"https:\/\/audibax.com\/fr\/#\/schema\/logo\/image\/\"}}]}<\/script>\n<!-- \/ Yoast SEO plugin. -->","yoast_head_json":{"title":"Connector Speakon Black 10101670 - Audibax","robots":{"index":"index","follow":"follow","max-snippet":"max-snippet:-1","max-image-preview":"max-image-preview:large","max-video-preview":"max-video-preview:-1"},"canonical":"https:\/\/audibax.com\/fr\/produit\/connector-speakon-black-10101670-2\/","og_locale":"fr_FR","og_type":"article","og_title":"Connector Speakon Black 10101670 - Audibax","og_description":"Connecteur :&nbsp;Speakon 4 Pole N&nbsp;Nombre de broches : 4&nbsp; Connecteur Contacts : Argent Fabricant de connecteurs : Audibax S\u00e9rie de connecteurs : Argent&nbsp; Couleur : Noir","og_url":"https:\/\/audibax.com\/fr\/produit\/connector-speakon-black-10101670-2\/","og_site_name":"Audibax","article_modified_time":"2023-12-27T10:52:24+00:00","twitter_card":"summary_large_image","schema":{"@context":"https:\/\/schema.org","@graph":[{"@type":"WebPage","@id":"https:\/\/audibax.com\/fr\/produit\/connector-speakon-black-10101670-2\/","url":"https:\/\/audibax.com\/fr\/produit\/connector-speakon-black-10101670-2\/","name":"Connector Speakon Black 10101670 - Audibax","isPartOf":{"@id":"https:\/\/audibax.com\/fr\/#website"},"primaryImageOfPage":{"@id":"https:\/\/audibax.com\/fr\/produit\/connector-speakon-black-10101670-2\/#primaryimage"},"image":{"@id":"https:\/\/audibax.com\/fr\/produit\/connector-speakon-black-10101670-2\/#primaryimage"},"thumbnailUrl":"https:\/\/audibax.com\/wp-content\/uploads\/2023\/12\/speakon-4-pin.jpg","datePublished":"2023-12-11T09:37:21+00:00","dateModified":"2023-12-27T10:52:24+00:00","breadcrumb":{"@id":"https:\/\/audibax.com\/fr\/produit\/connector-speakon-black-10101670-2\/#breadcrumb"},"inLanguage":"fr-FR","potentialAction":[{"@type":"ReadAction","target":["https:\/\/audibax.com\/fr\/produit\/connector-speakon-black-10101670-2\/"]}]},{"@type":"ImageObject","inLanguage":"fr-FR","@id":"https:\/\/audibax.com\/fr\/produit\/connector-speakon-black-10101670-2\/#primaryimage","url":"https:\/\/audibax.com\/wp-content\/uploads\/2023\/12\/speakon-4-pin.jpg","contentUrl":"https:\/\/audibax.com\/wp-content\/uploads\/2023\/12\/speakon-4-pin.jpg","width":307,"height":215},{"@type":"BreadcrumbList","@id":"https:\/\/audibax.com\/fr\/produit\/connector-speakon-black-10101670-2\/#breadcrumb","itemListElement":[{"@type":"ListItem","position":1,"name":"Portada","item":"https:\/\/audibax.com\/fr\/"},{"@type":"ListItem","position":2,"name":"Produits","item":"https:\/\/audibax.com\/fr\/shop\/"},{"@type":"ListItem","position":3,"name":"Connector Speakon Black 10101670"}]},{"@type":"WebSite","@id":"https:\/\/audibax.com\/fr\/#website","url":"https:\/\/audibax.com\/fr\/","name":"Audibax","description":"","publisher":{"@id":"https:\/\/audibax.com\/fr\/#organization"},"potentialAction":[{"@type":"SearchAction","target":{"@type":"EntryPoint","urlTemplate":"https:\/\/audibax.com\/fr\/?s={search_term_string}"},"query-input":{"@type":"PropertyValueSpecification","valueRequired":true,"valueName":"search_term_string"}}],"inLanguage":"fr-FR"},{"@type":"Organization","@id":"https:\/\/audibax.com\/fr\/#organization","name":"Audibax","url":"https:\/\/audibax.com\/fr\/","logo":{"@type":"ImageObject","inLanguage":"fr-FR","@id":"https:\/\/audibax.com\/fr\/#\/schema\/logo\/image\/","url":"https:\/\/audibax.com\/wp-content\/uploads\/2023\/09\/logo-Audibax-BLANCO-SVG-1.svg","contentUrl":"https:\/\/audibax.com\/wp-content\/uploads\/2023\/09\/logo-Audibax-BLANCO-SVG-1.svg","caption":"Audibax"},"image":{"@id":"https:\/\/audibax.com\/fr\/#\/schema\/logo\/image\/"}}]}},"_links":{"self":[{"href":"https:\/\/audibax.com\/fr\/wp-json\/wp\/v2\/product\/36350","targetHints":{"allow":["GET"]}}],"collection":[{"href":"https:\/\/audibax.com\/fr\/wp-json\/wp\/v2\/product"}],"about":[{"href":"https:\/\/audibax.com\/fr\/wp-json\/wp\/v2\/types\/product"}],"replies":[{"embeddable":true,"href":"https:\/\/audibax.com\/fr\/wp-json\/wp\/v2\/comments?post=36350"}],"wp:featuredmedia":[{"embeddable":true,"href":"https:\/\/audibax.com\/fr\/wp-json\/wp\/v2\/media\/18659"}],"wp:attachment":[{"href":"https:\/\/audibax.com\/fr\/wp-json\/wp\/v2\/media?parent=36350"}],"wp:term":[{"taxonomy":"product_cat","embeddable":true,"href":"https:\/\/audibax.com\/fr\/wp-json\/wp\/v2\/product_cat?post=36350"},{"taxonomy":"product_tag","embeddable":true,"href":"https:\/\/audibax.com\/fr\/wp-json\/wp\/v2\/product_tag?post=36350"}],"curies":[{"name":"wp","href":"https:\/\/api.w.org\/{rel}","templated":true}]}}