{"id":36343,"date":"2023-12-27T11:52:18","date_gmt":"2023-12-27T10:52:18","guid":{"rendered":"https:\/\/audibax.com\/product\/silver-coil-bsap100-speaker-100m-transparent-10171518-2\/"},"modified":"2023-12-27T11:52:18","modified_gmt":"2023-12-27T10:52:18","slug":"silver-coil-bsap100-speaker-100m-transparent-10171518-2","status":"publish","type":"product","link":"https:\/\/audibax.com\/fr\/produit\/silver-coil-bsap100-speaker-100m-transparent-10171518-2\/","title":{"rendered":"Silver Coil BSAP100 Speaker 100m Transparent 10171518"},"content":{"rendered":"<h3>Caract\u00e9ristiques g\u00e9n\u00e9rales<\/h3>\n<p>&nbsp;<\/p>\n<ul>\n<ul>\n<li>Couleur : Transparent<\/li>\n<li>S\u00e9rie : Argent<\/li>\n<li>Distance : 100 m<\/li>\n<li>Diam\u00e8tre total : 7,0 mm<\/li>\n<li>L&rsquo;un des conduits comporte quelques brins de sta&ntilde;o pour diff\u00e9rencier les canaux.<\/li>\n<li>Type de c\u00e2ble : C\u00e2ble d&rsquo;enceinte parall\u00e8le<br \/> &nbsp;<\/li>\n<\/ul>\n<h3>Conducteurs<\/h3>\n<p>&nbsp;<\/p>\n<ul>\n<li>Section int\u00e9rieure des conducteurs : 1,5 mm OFC ( Oxygen Free )<\/li>\n<li>Mat\u00e9riau du conducteur int\u00e9rieur : Cuivre OFC<\/li>\n<li>Construction du conducteur int\u00e9rieur : 140 x 0,12 mm ( OFC )<\/li>\n<li>Nombre de conduits int\u00e9rieurs : 2\n<p> &nbsp;<\/li>\n<\/ul>\n<h3>Protection et rev\u00eatement<\/h3>\n<p> ;Protection et rev\u00eatement<\/h3>\n<p>&nbsp;<\/p>\n<ul>\n<li>Mat\u00e9riau de l&rsquo;\u00e9cran : Cuivre ( OFC )<\/li>\n<li>Mat\u00e9riau du rev\u00eatement : PVC flexible et r\u00e9sistant<\/li>\n<li>Temp\u00e9rature de fonctionnement Min\/max : -20&ordm;C \/ +70&ordm;C<\/li>\n<\/ul>\n<\/ul>\n<\/ul>\n","protected":false},"excerpt":{"rendered":"<ul>\n<li>Couleur : Transparent<\/li>\n<li>S\u00e9rie : Argent<\/li>\n<li>Distance : 100 m<\/li>\n<li>Diam\u00e8tre total : 7,0 mm<\/li>\n<li>L&rsquo;un des conduits comporte quelques brins de sta&ntilde;o pour diff\u00e9rencier les canaux.<\/li>\n<li>Type de c\u00e2ble : c\u00e2ble de haut-parleur parall\u00e8le<\/li>\n<\/ul>\n<\/ul>\n<\/ul>\n","protected":false},"featured_media":16910,"comment_status":"open","ping_status":"closed","template":"","meta":{"_acf_changed":false},"product_cat":[299,243],"product_tag":[],"class_list":{"0":"post-36343","1":"product","2":"type-product","3":"status-publish","4":"has-post-thumbnail","6":"product_cat-cable-de-haut-parleur-a-bobine","7":"product_cat-uncategorized","9":"first","10":"instock","11":"shipping-taxable","12":"product-type-simple"},"acf":[],"yoast_head":"<!-- This site is optimized with the Yoast SEO plugin v27.0 - https:\/\/yoast.com\/product\/yoast-seo-wordpress\/ -->\n<title>Silver Coil BSAP100 Speaker 100m Transparent 10171518 - Audibax<\/title>\n<meta name=\"robots\" content=\"index, follow, max-snippet:-1, max-image-preview:large, max-video-preview:-1\" \/>\n<link rel=\"canonical\" href=\"https:\/\/audibax.com\/fr\/produit\/silver-coil-bsap100-speaker-100m-transparent-10171518-2\/\" \/>\n<meta property=\"og:locale\" content=\"fr_FR\" \/>\n<meta property=\"og:type\" content=\"article\" \/>\n<meta property=\"og:title\" content=\"Silver Coil BSAP100 Speaker 100m Transparent 10171518 - Audibax\" \/>\n<meta property=\"og:description\" content=\"Couleur : Transparent S\u00e9rie : Argent Distance : 100 m Diam\u00e8tre total : 7,0 mm L&#039;un des conduits comporte quelques brins de sta&ntilde;o pour diff\u00e9rencier les canaux. Type de c\u00e2ble : c\u00e2ble de haut-parleur parall\u00e8le\" \/>\n<meta property=\"og:url\" content=\"https:\/\/audibax.com\/fr\/produit\/silver-coil-bsap100-speaker-100m-transparent-10171518-2\/\" \/>\n<meta property=\"og:site_name\" content=\"Audibax\" \/>\n<meta name=\"twitter:card\" content=\"summary_large_image\" \/>\n<meta name=\"twitter:label1\" content=\"Dur\u00e9e de lecture estim\u00e9e\" \/>\n\t<meta name=\"twitter:data1\" content=\"1 minute\" \/>\n<script type=\"application\/ld+json\" class=\"yoast-schema-graph\">{\"@context\":\"https:\/\/schema.org\",\"@graph\":[{\"@type\":\"WebPage\",\"@id\":\"https:\/\/audibax.com\/fr\/produit\/silver-coil-bsap100-speaker-100m-transparent-10171518-2\/\",\"url\":\"https:\/\/audibax.com\/fr\/produit\/silver-coil-bsap100-speaker-100m-transparent-10171518-2\/\",\"name\":\"Silver Coil BSAP100 Speaker 100m Transparent 10171518 - Audibax\",\"isPartOf\":{\"@id\":\"https:\/\/audibax.com\/fr\/#website\"},\"primaryImageOfPage\":{\"@id\":\"https:\/\/audibax.com\/fr\/produit\/silver-coil-bsap100-speaker-100m-transparent-10171518-2\/#primaryimage\"},\"image\":{\"@id\":\"https:\/\/audibax.com\/fr\/produit\/silver-coil-bsap100-speaker-100m-transparent-10171518-2\/#primaryimage\"},\"thumbnailUrl\":\"https:\/\/audibax.com\/wp-content\/uploads\/2023\/12\/audibax-bsap-100-transparente.jpg\",\"datePublished\":\"2023-12-27T10:52:18+00:00\",\"breadcrumb\":{\"@id\":\"https:\/\/audibax.com\/fr\/produit\/silver-coil-bsap100-speaker-100m-transparent-10171518-2\/#breadcrumb\"},\"inLanguage\":\"fr-FR\",\"potentialAction\":[{\"@type\":\"ReadAction\",\"target\":[\"https:\/\/audibax.com\/fr\/produit\/silver-coil-bsap100-speaker-100m-transparent-10171518-2\/\"]}]},{\"@type\":\"ImageObject\",\"inLanguage\":\"fr-FR\",\"@id\":\"https:\/\/audibax.com\/fr\/produit\/silver-coil-bsap100-speaker-100m-transparent-10171518-2\/#primaryimage\",\"url\":\"https:\/\/audibax.com\/wp-content\/uploads\/2023\/12\/audibax-bsap-100-transparente.jpg\",\"contentUrl\":\"https:\/\/audibax.com\/wp-content\/uploads\/2023\/12\/audibax-bsap-100-transparente.jpg\",\"width\":1550,\"height\":1377},{\"@type\":\"BreadcrumbList\",\"@id\":\"https:\/\/audibax.com\/fr\/produit\/silver-coil-bsap100-speaker-100m-transparent-10171518-2\/#breadcrumb\",\"itemListElement\":[{\"@type\":\"ListItem\",\"position\":1,\"name\":\"Portada\",\"item\":\"https:\/\/audibax.com\/fr\/\"},{\"@type\":\"ListItem\",\"position\":2,\"name\":\"Produits\",\"item\":\"https:\/\/audibax.com\/fr\/shop\/\"},{\"@type\":\"ListItem\",\"position\":3,\"name\":\"Silver Coil BSAP100 Speaker 100m Transparent 10171518\"}]},{\"@type\":\"WebSite\",\"@id\":\"https:\/\/audibax.com\/fr\/#website\",\"url\":\"https:\/\/audibax.com\/fr\/\",\"name\":\"Audibax\",\"description\":\"\",\"publisher\":{\"@id\":\"https:\/\/audibax.com\/fr\/#organization\"},\"potentialAction\":[{\"@type\":\"SearchAction\",\"target\":{\"@type\":\"EntryPoint\",\"urlTemplate\":\"https:\/\/audibax.com\/fr\/?s={search_term_string}\"},\"query-input\":{\"@type\":\"PropertyValueSpecification\",\"valueRequired\":true,\"valueName\":\"search_term_string\"}}],\"inLanguage\":\"fr-FR\"},{\"@type\":\"Organization\",\"@id\":\"https:\/\/audibax.com\/fr\/#organization\",\"name\":\"Audibax\",\"url\":\"https:\/\/audibax.com\/fr\/\",\"logo\":{\"@type\":\"ImageObject\",\"inLanguage\":\"fr-FR\",\"@id\":\"https:\/\/audibax.com\/fr\/#\/schema\/logo\/image\/\",\"url\":\"https:\/\/audibax.com\/wp-content\/uploads\/2023\/09\/logo-Audibax-BLANCO-SVG-1.svg\",\"contentUrl\":\"https:\/\/audibax.com\/wp-content\/uploads\/2023\/09\/logo-Audibax-BLANCO-SVG-1.svg\",\"caption\":\"Audibax\"},\"image\":{\"@id\":\"https:\/\/audibax.com\/fr\/#\/schema\/logo\/image\/\"}}]}<\/script>\n<!-- \/ Yoast SEO plugin. -->","yoast_head_json":{"title":"Silver Coil BSAP100 Speaker 100m Transparent 10171518 - Audibax","robots":{"index":"index","follow":"follow","max-snippet":"max-snippet:-1","max-image-preview":"max-image-preview:large","max-video-preview":"max-video-preview:-1"},"canonical":"https:\/\/audibax.com\/fr\/produit\/silver-coil-bsap100-speaker-100m-transparent-10171518-2\/","og_locale":"fr_FR","og_type":"article","og_title":"Silver Coil BSAP100 Speaker 100m Transparent 10171518 - Audibax","og_description":"Couleur : Transparent S\u00e9rie : Argent Distance : 100 m Diam\u00e8tre total : 7,0 mm L'un des conduits comporte quelques brins de sta&ntilde;o pour diff\u00e9rencier les canaux. Type de c\u00e2ble : c\u00e2ble de haut-parleur parall\u00e8le","og_url":"https:\/\/audibax.com\/fr\/produit\/silver-coil-bsap100-speaker-100m-transparent-10171518-2\/","og_site_name":"Audibax","twitter_card":"summary_large_image","twitter_misc":{"Dur\u00e9e de lecture estim\u00e9e":"1 minute"},"schema":{"@context":"https:\/\/schema.org","@graph":[{"@type":"WebPage","@id":"https:\/\/audibax.com\/fr\/produit\/silver-coil-bsap100-speaker-100m-transparent-10171518-2\/","url":"https:\/\/audibax.com\/fr\/produit\/silver-coil-bsap100-speaker-100m-transparent-10171518-2\/","name":"Silver Coil BSAP100 Speaker 100m Transparent 10171518 - Audibax","isPartOf":{"@id":"https:\/\/audibax.com\/fr\/#website"},"primaryImageOfPage":{"@id":"https:\/\/audibax.com\/fr\/produit\/silver-coil-bsap100-speaker-100m-transparent-10171518-2\/#primaryimage"},"image":{"@id":"https:\/\/audibax.com\/fr\/produit\/silver-coil-bsap100-speaker-100m-transparent-10171518-2\/#primaryimage"},"thumbnailUrl":"https:\/\/audibax.com\/wp-content\/uploads\/2023\/12\/audibax-bsap-100-transparente.jpg","datePublished":"2023-12-27T10:52:18+00:00","breadcrumb":{"@id":"https:\/\/audibax.com\/fr\/produit\/silver-coil-bsap100-speaker-100m-transparent-10171518-2\/#breadcrumb"},"inLanguage":"fr-FR","potentialAction":[{"@type":"ReadAction","target":["https:\/\/audibax.com\/fr\/produit\/silver-coil-bsap100-speaker-100m-transparent-10171518-2\/"]}]},{"@type":"ImageObject","inLanguage":"fr-FR","@id":"https:\/\/audibax.com\/fr\/produit\/silver-coil-bsap100-speaker-100m-transparent-10171518-2\/#primaryimage","url":"https:\/\/audibax.com\/wp-content\/uploads\/2023\/12\/audibax-bsap-100-transparente.jpg","contentUrl":"https:\/\/audibax.com\/wp-content\/uploads\/2023\/12\/audibax-bsap-100-transparente.jpg","width":1550,"height":1377},{"@type":"BreadcrumbList","@id":"https:\/\/audibax.com\/fr\/produit\/silver-coil-bsap100-speaker-100m-transparent-10171518-2\/#breadcrumb","itemListElement":[{"@type":"ListItem","position":1,"name":"Portada","item":"https:\/\/audibax.com\/fr\/"},{"@type":"ListItem","position":2,"name":"Produits","item":"https:\/\/audibax.com\/fr\/shop\/"},{"@type":"ListItem","position":3,"name":"Silver Coil BSAP100 Speaker 100m Transparent 10171518"}]},{"@type":"WebSite","@id":"https:\/\/audibax.com\/fr\/#website","url":"https:\/\/audibax.com\/fr\/","name":"Audibax","description":"","publisher":{"@id":"https:\/\/audibax.com\/fr\/#organization"},"potentialAction":[{"@type":"SearchAction","target":{"@type":"EntryPoint","urlTemplate":"https:\/\/audibax.com\/fr\/?s={search_term_string}"},"query-input":{"@type":"PropertyValueSpecification","valueRequired":true,"valueName":"search_term_string"}}],"inLanguage":"fr-FR"},{"@type":"Organization","@id":"https:\/\/audibax.com\/fr\/#organization","name":"Audibax","url":"https:\/\/audibax.com\/fr\/","logo":{"@type":"ImageObject","inLanguage":"fr-FR","@id":"https:\/\/audibax.com\/fr\/#\/schema\/logo\/image\/","url":"https:\/\/audibax.com\/wp-content\/uploads\/2023\/09\/logo-Audibax-BLANCO-SVG-1.svg","contentUrl":"https:\/\/audibax.com\/wp-content\/uploads\/2023\/09\/logo-Audibax-BLANCO-SVG-1.svg","caption":"Audibax"},"image":{"@id":"https:\/\/audibax.com\/fr\/#\/schema\/logo\/image\/"}}]}},"_links":{"self":[{"href":"https:\/\/audibax.com\/fr\/wp-json\/wp\/v2\/product\/36343","targetHints":{"allow":["GET"]}}],"collection":[{"href":"https:\/\/audibax.com\/fr\/wp-json\/wp\/v2\/product"}],"about":[{"href":"https:\/\/audibax.com\/fr\/wp-json\/wp\/v2\/types\/product"}],"replies":[{"embeddable":true,"href":"https:\/\/audibax.com\/fr\/wp-json\/wp\/v2\/comments?post=36343"}],"wp:featuredmedia":[{"embeddable":true,"href":"https:\/\/audibax.com\/fr\/wp-json\/wp\/v2\/media\/16910"}],"wp:attachment":[{"href":"https:\/\/audibax.com\/fr\/wp-json\/wp\/v2\/media?parent=36343"}],"wp:term":[{"taxonomy":"product_cat","embeddable":true,"href":"https:\/\/audibax.com\/fr\/wp-json\/wp\/v2\/product_cat?post=36343"},{"taxonomy":"product_tag","embeddable":true,"href":"https:\/\/audibax.com\/fr\/wp-json\/wp\/v2\/product_tag?post=36343"}],"curies":[{"name":"wp","href":"https:\/\/api.w.org\/{rel}","templated":true}]}}