{"id":36337,"date":"2023-12-11T10:36:43","date_gmt":"2023-12-11T09:36:43","guid":{"rendered":"https:\/\/audibax.com\/product\/pro-coil-bpd100-dmx-100m-black-10171521-2\/"},"modified":"2023-12-27T11:52:15","modified_gmt":"2023-12-27T10:52:15","slug":"pro-coil-bpd100-dmx-100m-black-10171521-2","status":"publish","type":"product","link":"https:\/\/audibax.com\/fr\/produit\/pro-coil-bpd100-dmx-100m-black-10171521-2\/","title":{"rendered":"Pro Coil BPD100 DMX 100m Black 10171521"},"content":{"rendered":"<h3>Caract\u00e9ristiques g\u00e9n\u00e9rales<\/h3>\n<p>&nbsp;<\/p>\n<ul>\n<ul>\n<li>Couleur : Noir<\/li>\n<li>S\u00e9rie : Pro<\/li>\n<li>Distance : 100 m<\/li>\n<li>Diam\u00e8tre total : 5,8 mm<\/li>\n<li>Type de c\u00e2ble : C\u00e2ble DMX<\/li>\n<\/ul>\n<p>&nbsp;<\/p>\n<h3>Conducteurs<\/h3>\n<p>&nbsp;<\/p>\n<ul>\n<li>Section int\u00e9rieure du conducteur : 0.28 mm OFC ( Oxygen Free )<\/li>\n<li>Mat\u00e9riau du conducteur int\u00e9rieur : Cuivre OFC<\/li>\n<li>Construction du conducteur int\u00e9rieur : 19 x 0,15 mm ( OFC )<\/li>\n<li>Nombre de conduits int\u00e9rieurs : 2\n<p> &nbsp;<\/li>\n<\/li>\n<\/ul>\n<h3>Protection et rev\u00eatement<\/h3>\n<ul>\n<li>Mat\u00e9riau de l&rsquo;\u00e9cran : Sta&ntilde;o ( OFC )<\/li>\n<li>Tresse : Tresse en maille<\/li>\n<li>Mat\u00e9riau des autres \u00e9crans : Papier \/ Coton<\/li>\n<li>Mat\u00e9riau du rev\u00eatement : PVC flexible et r\u00e9sistant<\/li>\n<li>Temp\u00e9rature de travail Min\/max : -20&ordm;C \/ +70&ordm;C<\/li>\n<\/ul>\n<\/ul>\n","protected":false},"excerpt":{"rendered":"<ul>\n<li>Couleur : Noir<\/li>\n<li>S\u00e9rie : Pro<\/li>\n<li>Distance : 100 m<\/li>\n<li>Diam\u00e8tre total : 5,8 mm<\/li>\n<li>Type de c\u00e2ble : C\u00e2ble DMX<\/li>\n<\/ul>\n<\/ul>\n","protected":false},"featured_media":16881,"comment_status":"open","ping_status":"closed","template":"","meta":{"_acf_changed":false},"product_cat":[297],"product_tag":[],"class_list":{"0":"post-36337","1":"product","2":"type-product","3":"status-publish","4":"has-post-thumbnail","6":"product_cat-cable-dmx-a-bobines","8":"first","9":"instock","10":"shipping-taxable","11":"product-type-simple"},"acf":[],"yoast_head":"<!-- This site is optimized with the Yoast SEO plugin v27.0 - https:\/\/yoast.com\/product\/yoast-seo-wordpress\/ -->\n<title>Pro Coil BPD100 DMX 100m Black 10171521 - Audibax<\/title>\n<meta name=\"robots\" content=\"index, follow, max-snippet:-1, max-image-preview:large, max-video-preview:-1\" \/>\n<link rel=\"canonical\" href=\"https:\/\/audibax.com\/fr\/produit\/pro-coil-bpd100-dmx-100m-black-10171521-2\/\" \/>\n<meta property=\"og:locale\" content=\"fr_FR\" \/>\n<meta property=\"og:type\" content=\"article\" \/>\n<meta property=\"og:title\" content=\"Pro Coil BPD100 DMX 100m Black 10171521 - Audibax\" \/>\n<meta property=\"og:description\" content=\"Couleur : Noir S\u00e9rie : Pro Distance : 100 m Diam\u00e8tre total : 5,8 mm Type de c\u00e2ble : C\u00e2ble DMX\" \/>\n<meta property=\"og:url\" content=\"https:\/\/audibax.com\/fr\/produit\/pro-coil-bpd100-dmx-100m-black-10171521-2\/\" \/>\n<meta property=\"og:site_name\" content=\"Audibax\" \/>\n<meta property=\"article:modified_time\" content=\"2023-12-27T10:52:15+00:00\" \/>\n<meta name=\"twitter:card\" content=\"summary_large_image\" \/>\n<meta name=\"twitter:label1\" content=\"Dur\u00e9e de lecture estim\u00e9e\" \/>\n\t<meta name=\"twitter:data1\" content=\"1 minute\" \/>\n<script type=\"application\/ld+json\" class=\"yoast-schema-graph\">{\"@context\":\"https:\/\/schema.org\",\"@graph\":[{\"@type\":\"WebPage\",\"@id\":\"https:\/\/audibax.com\/fr\/produit\/pro-coil-bpd100-dmx-100m-black-10171521-2\/\",\"url\":\"https:\/\/audibax.com\/fr\/produit\/pro-coil-bpd100-dmx-100m-black-10171521-2\/\",\"name\":\"Pro Coil BPD100 DMX 100m Black 10171521 - Audibax\",\"isPartOf\":{\"@id\":\"https:\/\/audibax.com\/fr\/#website\"},\"primaryImageOfPage\":{\"@id\":\"https:\/\/audibax.com\/fr\/produit\/pro-coil-bpd100-dmx-100m-black-10171521-2\/#primaryimage\"},\"image\":{\"@id\":\"https:\/\/audibax.com\/fr\/produit\/pro-coil-bpd100-dmx-100m-black-10171521-2\/#primaryimage\"},\"thumbnailUrl\":\"https:\/\/audibax.com\/wp-content\/uploads\/2023\/12\/audibax-bpd100-black.jpg\",\"datePublished\":\"2023-12-11T09:36:43+00:00\",\"dateModified\":\"2023-12-27T10:52:15+00:00\",\"breadcrumb\":{\"@id\":\"https:\/\/audibax.com\/fr\/produit\/pro-coil-bpd100-dmx-100m-black-10171521-2\/#breadcrumb\"},\"inLanguage\":\"fr-FR\",\"potentialAction\":[{\"@type\":\"ReadAction\",\"target\":[\"https:\/\/audibax.com\/fr\/produit\/pro-coil-bpd100-dmx-100m-black-10171521-2\/\"]}]},{\"@type\":\"ImageObject\",\"inLanguage\":\"fr-FR\",\"@id\":\"https:\/\/audibax.com\/fr\/produit\/pro-coil-bpd100-dmx-100m-black-10171521-2\/#primaryimage\",\"url\":\"https:\/\/audibax.com\/wp-content\/uploads\/2023\/12\/audibax-bpd100-black.jpg\",\"contentUrl\":\"https:\/\/audibax.com\/wp-content\/uploads\/2023\/12\/audibax-bpd100-black.jpg\",\"width\":1000,\"height\":500},{\"@type\":\"BreadcrumbList\",\"@id\":\"https:\/\/audibax.com\/fr\/produit\/pro-coil-bpd100-dmx-100m-black-10171521-2\/#breadcrumb\",\"itemListElement\":[{\"@type\":\"ListItem\",\"position\":1,\"name\":\"Portada\",\"item\":\"https:\/\/audibax.com\/fr\/\"},{\"@type\":\"ListItem\",\"position\":2,\"name\":\"Produits\",\"item\":\"https:\/\/audibax.com\/fr\/shop\/\"},{\"@type\":\"ListItem\",\"position\":3,\"name\":\"Pro Coil BPD100 DMX 100m Black 10171521\"}]},{\"@type\":\"WebSite\",\"@id\":\"https:\/\/audibax.com\/fr\/#website\",\"url\":\"https:\/\/audibax.com\/fr\/\",\"name\":\"Audibax\",\"description\":\"\",\"publisher\":{\"@id\":\"https:\/\/audibax.com\/fr\/#organization\"},\"potentialAction\":[{\"@type\":\"SearchAction\",\"target\":{\"@type\":\"EntryPoint\",\"urlTemplate\":\"https:\/\/audibax.com\/fr\/?s={search_term_string}\"},\"query-input\":{\"@type\":\"PropertyValueSpecification\",\"valueRequired\":true,\"valueName\":\"search_term_string\"}}],\"inLanguage\":\"fr-FR\"},{\"@type\":\"Organization\",\"@id\":\"https:\/\/audibax.com\/fr\/#organization\",\"name\":\"Audibax\",\"url\":\"https:\/\/audibax.com\/fr\/\",\"logo\":{\"@type\":\"ImageObject\",\"inLanguage\":\"fr-FR\",\"@id\":\"https:\/\/audibax.com\/fr\/#\/schema\/logo\/image\/\",\"url\":\"https:\/\/audibax.com\/wp-content\/uploads\/2023\/09\/logo-Audibax-BLANCO-SVG-1.svg\",\"contentUrl\":\"https:\/\/audibax.com\/wp-content\/uploads\/2023\/09\/logo-Audibax-BLANCO-SVG-1.svg\",\"caption\":\"Audibax\"},\"image\":{\"@id\":\"https:\/\/audibax.com\/fr\/#\/schema\/logo\/image\/\"}}]}<\/script>\n<!-- \/ Yoast SEO plugin. -->","yoast_head_json":{"title":"Pro Coil BPD100 DMX 100m Black 10171521 - Audibax","robots":{"index":"index","follow":"follow","max-snippet":"max-snippet:-1","max-image-preview":"max-image-preview:large","max-video-preview":"max-video-preview:-1"},"canonical":"https:\/\/audibax.com\/fr\/produit\/pro-coil-bpd100-dmx-100m-black-10171521-2\/","og_locale":"fr_FR","og_type":"article","og_title":"Pro Coil BPD100 DMX 100m Black 10171521 - Audibax","og_description":"Couleur : Noir S\u00e9rie : Pro Distance : 100 m Diam\u00e8tre total : 5,8 mm Type de c\u00e2ble : C\u00e2ble DMX","og_url":"https:\/\/audibax.com\/fr\/produit\/pro-coil-bpd100-dmx-100m-black-10171521-2\/","og_site_name":"Audibax","article_modified_time":"2023-12-27T10:52:15+00:00","twitter_card":"summary_large_image","twitter_misc":{"Dur\u00e9e de lecture estim\u00e9e":"1 minute"},"schema":{"@context":"https:\/\/schema.org","@graph":[{"@type":"WebPage","@id":"https:\/\/audibax.com\/fr\/produit\/pro-coil-bpd100-dmx-100m-black-10171521-2\/","url":"https:\/\/audibax.com\/fr\/produit\/pro-coil-bpd100-dmx-100m-black-10171521-2\/","name":"Pro Coil BPD100 DMX 100m Black 10171521 - Audibax","isPartOf":{"@id":"https:\/\/audibax.com\/fr\/#website"},"primaryImageOfPage":{"@id":"https:\/\/audibax.com\/fr\/produit\/pro-coil-bpd100-dmx-100m-black-10171521-2\/#primaryimage"},"image":{"@id":"https:\/\/audibax.com\/fr\/produit\/pro-coil-bpd100-dmx-100m-black-10171521-2\/#primaryimage"},"thumbnailUrl":"https:\/\/audibax.com\/wp-content\/uploads\/2023\/12\/audibax-bpd100-black.jpg","datePublished":"2023-12-11T09:36:43+00:00","dateModified":"2023-12-27T10:52:15+00:00","breadcrumb":{"@id":"https:\/\/audibax.com\/fr\/produit\/pro-coil-bpd100-dmx-100m-black-10171521-2\/#breadcrumb"},"inLanguage":"fr-FR","potentialAction":[{"@type":"ReadAction","target":["https:\/\/audibax.com\/fr\/produit\/pro-coil-bpd100-dmx-100m-black-10171521-2\/"]}]},{"@type":"ImageObject","inLanguage":"fr-FR","@id":"https:\/\/audibax.com\/fr\/produit\/pro-coil-bpd100-dmx-100m-black-10171521-2\/#primaryimage","url":"https:\/\/audibax.com\/wp-content\/uploads\/2023\/12\/audibax-bpd100-black.jpg","contentUrl":"https:\/\/audibax.com\/wp-content\/uploads\/2023\/12\/audibax-bpd100-black.jpg","width":1000,"height":500},{"@type":"BreadcrumbList","@id":"https:\/\/audibax.com\/fr\/produit\/pro-coil-bpd100-dmx-100m-black-10171521-2\/#breadcrumb","itemListElement":[{"@type":"ListItem","position":1,"name":"Portada","item":"https:\/\/audibax.com\/fr\/"},{"@type":"ListItem","position":2,"name":"Produits","item":"https:\/\/audibax.com\/fr\/shop\/"},{"@type":"ListItem","position":3,"name":"Pro Coil BPD100 DMX 100m Black 10171521"}]},{"@type":"WebSite","@id":"https:\/\/audibax.com\/fr\/#website","url":"https:\/\/audibax.com\/fr\/","name":"Audibax","description":"","publisher":{"@id":"https:\/\/audibax.com\/fr\/#organization"},"potentialAction":[{"@type":"SearchAction","target":{"@type":"EntryPoint","urlTemplate":"https:\/\/audibax.com\/fr\/?s={search_term_string}"},"query-input":{"@type":"PropertyValueSpecification","valueRequired":true,"valueName":"search_term_string"}}],"inLanguage":"fr-FR"},{"@type":"Organization","@id":"https:\/\/audibax.com\/fr\/#organization","name":"Audibax","url":"https:\/\/audibax.com\/fr\/","logo":{"@type":"ImageObject","inLanguage":"fr-FR","@id":"https:\/\/audibax.com\/fr\/#\/schema\/logo\/image\/","url":"https:\/\/audibax.com\/wp-content\/uploads\/2023\/09\/logo-Audibax-BLANCO-SVG-1.svg","contentUrl":"https:\/\/audibax.com\/wp-content\/uploads\/2023\/09\/logo-Audibax-BLANCO-SVG-1.svg","caption":"Audibax"},"image":{"@id":"https:\/\/audibax.com\/fr\/#\/schema\/logo\/image\/"}}]}},"_links":{"self":[{"href":"https:\/\/audibax.com\/fr\/wp-json\/wp\/v2\/product\/36337","targetHints":{"allow":["GET"]}}],"collection":[{"href":"https:\/\/audibax.com\/fr\/wp-json\/wp\/v2\/product"}],"about":[{"href":"https:\/\/audibax.com\/fr\/wp-json\/wp\/v2\/types\/product"}],"replies":[{"embeddable":true,"href":"https:\/\/audibax.com\/fr\/wp-json\/wp\/v2\/comments?post=36337"}],"wp:featuredmedia":[{"embeddable":true,"href":"https:\/\/audibax.com\/fr\/wp-json\/wp\/v2\/media\/16881"}],"wp:attachment":[{"href":"https:\/\/audibax.com\/fr\/wp-json\/wp\/v2\/media?parent=36337"}],"wp:term":[{"taxonomy":"product_cat","embeddable":true,"href":"https:\/\/audibax.com\/fr\/wp-json\/wp\/v2\/product_cat?post=36337"},{"taxonomy":"product_tag","embeddable":true,"href":"https:\/\/audibax.com\/fr\/wp-json\/wp\/v2\/product_tag?post=36337"}],"curies":[{"name":"wp","href":"https:\/\/api.w.org\/{rel}","templated":true}]}}