{"id":36336,"date":"2023-12-11T10:36:40","date_gmt":"2023-12-11T09:36:40","guid":{"rendered":"https:\/\/audibax.com\/product\/silver-coil-bsd100-dmx-100m-black-10116246-2\/"},"modified":"2025-05-20T14:44:15","modified_gmt":"2025-05-20T12:44:15","slug":"silver-coil-bsd100-dmx-100m-black-10116246-2","status":"publish","type":"product","link":"https:\/\/audibax.com\/fr\/produit\/silver-coil-bsd100-dmx-100m-black-10116246-2\/","title":{"rendered":"Silver Coil BSD100 DMX 100m Black 10116246"},"content":{"rendered":"<p><strong>Audibax Silver BSD100 Black Coil DMX Cable 100 Metres<\/strong><\/p>\n<p>La bobine de la <strong>S\u00e9rie Silver<\/strong> a une qualit\u00e9 et une fiabilit\u00e9 \u00e9lev\u00e9es \u00e0 un prix \u00e9conomique. Le mat\u00e9riau est en m\u00e9tal et tr\u00e8s solide, ce qui permet d&rsquo;am\u00e9liorer la d\u00e9charge de traction, le contact et la protection contre les contraintes de flexion sur le c\u00e2ble.<\/p>\n<p>&nbsp;<\/p>\n<h2>Caract\u00e9ristiques de la bobine<\/h2>\n<ul>\n<li>Couleur : Noir<\/li>\n<li>S\u00e9rie : Argent<\/li>\n<li>Distance : 100 m<\/li>\n<li>Diam\u00e8tre total : 4.0 mm<\/li>\n<li>Type de c\u00e2ble : C\u00e2ble DMX<\/li>\n<\/ul>\n<h3><\/h3>\n<h2>Conducteurs<\/h2>\n<p>&nbsp;<\/p>\n<ul>\n<li>Section int\u00e9rieure du conducteur : 0,24 mm OFC ( Oxygen Free )<\/li>\n<li>Mat\u00e9riau du conducteur int\u00e9rieur : Cuivre OFC<\/li>\n<li>Construction du conducteur int\u00e9rieur : 20 x 0,12 mm ( OFC )<\/li>\n<li>Nombre de conduits int\u00e9rieurs : 2&nbsp;<\/li>\n<\/ul>\n<h2>Protection et rev\u00eatement<\/h2>\n<p>;Protection et rev\u00eatement<\/p>\n<p>&nbsp;<\/p>\n<ul>\n<li>Mat\u00e9riau de l&rsquo;\u00e9cran : Cuivre ( OFC )<\/li>\n<li>Bobine : Filet\u00e9e<\/li>\n<li>Mat\u00e9riau des autres \u00e9crans : Papier d&rsquo;aluminium<\/li>\n<li>Mat\u00e9riau de la couverture : PVC flexible et r\u00e9sistant<\/li>\n<li>Temp\u00e9rature de fonctionnement Min\/max : -20\u00baC \/ +70\u00baC<\/li>\n<\/ul>\n","protected":false},"excerpt":{"rendered":"<ul>\n<li>Couleur : Noir<\/li>\n<li>S\u00e9rie : Argent<\/li>\n<li>Distance : 100 m<\/li>\n<li>Diam\u00e8tre total : 4,0 mm<\/li>\n<li>Type de c\u00e2ble : C\u00e2ble DMX<\/li>\n<\/ul>\n","protected":false},"featured_media":16914,"comment_status":"open","ping_status":"closed","template":"","meta":{"_acf_changed":false},"product_cat":[297],"product_tag":[],"class_list":{"0":"post-36336","1":"product","2":"type-product","3":"status-publish","4":"has-post-thumbnail","6":"product_cat-cable-dmx-a-bobines","8":"first","9":"instock","10":"shipping-taxable","11":"product-type-simple"},"acf":[],"yoast_head":"<!-- This site is optimized with the Yoast SEO plugin v27.0 - https:\/\/yoast.com\/product\/yoast-seo-wordpress\/ -->\n<title>Silver Coil BSD100 DMX 100m Black 10116246 - Audibax<\/title>\n<meta name=\"robots\" content=\"index, follow, max-snippet:-1, max-image-preview:large, max-video-preview:-1\" \/>\n<link rel=\"canonical\" href=\"https:\/\/audibax.com\/fr\/produit\/silver-coil-bsd100-dmx-100m-black-10116246-2\/\" \/>\n<meta property=\"og:locale\" content=\"fr_FR\" \/>\n<meta property=\"og:type\" content=\"article\" \/>\n<meta property=\"og:title\" content=\"Silver Coil BSD100 DMX 100m Black 10116246 - Audibax\" \/>\n<meta property=\"og:description\" content=\"Couleur : Noir  S\u00e9rie : Argent  Distance : 100 m  Diam\u00e8tre total : 4,0 mm  Type de c\u00e2ble : C\u00e2ble DMX\" \/>\n<meta property=\"og:url\" content=\"https:\/\/audibax.com\/fr\/produit\/silver-coil-bsd100-dmx-100m-black-10116246-2\/\" \/>\n<meta property=\"og:site_name\" content=\"Audibax\" \/>\n<meta property=\"article:modified_time\" content=\"2025-05-20T12:44:15+00:00\" \/>\n<meta property=\"og:image\" content=\"https:\/\/audibax.com\/wp-content\/uploads\/2023\/12\/audibax-bsd-100-black.jpg\" \/>\n\t<meta property=\"og:image:width\" content=\"1000\" \/>\n\t<meta property=\"og:image:height\" content=\"500\" \/>\n\t<meta property=\"og:image:type\" content=\"image\/jpeg\" \/>\n<meta name=\"twitter:card\" content=\"summary_large_image\" \/>\n<meta name=\"twitter:label1\" content=\"Dur\u00e9e de lecture estim\u00e9e\" \/>\n\t<meta name=\"twitter:data1\" content=\"1 minute\" \/>\n<script type=\"application\/ld+json\" class=\"yoast-schema-graph\">{\"@context\":\"https:\/\/schema.org\",\"@graph\":[{\"@type\":\"WebPage\",\"@id\":\"https:\/\/audibax.com\/fr\/produit\/silver-coil-bsd100-dmx-100m-black-10116246-2\/\",\"url\":\"https:\/\/audibax.com\/fr\/produit\/silver-coil-bsd100-dmx-100m-black-10116246-2\/\",\"name\":\"Silver Coil BSD100 DMX 100m Black 10116246 - Audibax\",\"isPartOf\":{\"@id\":\"https:\/\/audibax.com\/fr\/#website\"},\"primaryImageOfPage\":{\"@id\":\"https:\/\/audibax.com\/fr\/produit\/silver-coil-bsd100-dmx-100m-black-10116246-2\/#primaryimage\"},\"image\":{\"@id\":\"https:\/\/audibax.com\/fr\/produit\/silver-coil-bsd100-dmx-100m-black-10116246-2\/#primaryimage\"},\"thumbnailUrl\":\"https:\/\/audibax.com\/wp-content\/uploads\/2023\/12\/audibax-bsd-100-black.jpg\",\"datePublished\":\"2023-12-11T09:36:40+00:00\",\"dateModified\":\"2025-05-20T12:44:15+00:00\",\"breadcrumb\":{\"@id\":\"https:\/\/audibax.com\/fr\/produit\/silver-coil-bsd100-dmx-100m-black-10116246-2\/#breadcrumb\"},\"inLanguage\":\"fr-FR\",\"potentialAction\":[{\"@type\":\"ReadAction\",\"target\":[\"https:\/\/audibax.com\/fr\/produit\/silver-coil-bsd100-dmx-100m-black-10116246-2\/\"]}]},{\"@type\":\"ImageObject\",\"inLanguage\":\"fr-FR\",\"@id\":\"https:\/\/audibax.com\/fr\/produit\/silver-coil-bsd100-dmx-100m-black-10116246-2\/#primaryimage\",\"url\":\"https:\/\/audibax.com\/wp-content\/uploads\/2023\/12\/audibax-bsd-100-black.jpg\",\"contentUrl\":\"https:\/\/audibax.com\/wp-content\/uploads\/2023\/12\/audibax-bsd-100-black.jpg\",\"width\":1000,\"height\":500},{\"@type\":\"BreadcrumbList\",\"@id\":\"https:\/\/audibax.com\/fr\/produit\/silver-coil-bsd100-dmx-100m-black-10116246-2\/#breadcrumb\",\"itemListElement\":[{\"@type\":\"ListItem\",\"position\":1,\"name\":\"Portada\",\"item\":\"https:\/\/audibax.com\/fr\/\"},{\"@type\":\"ListItem\",\"position\":2,\"name\":\"Produits\",\"item\":\"https:\/\/audibax.com\/fr\/shop\/\"},{\"@type\":\"ListItem\",\"position\":3,\"name\":\"Silver Coil BSD100 DMX 100m Black 10116246\"}]},{\"@type\":\"WebSite\",\"@id\":\"https:\/\/audibax.com\/fr\/#website\",\"url\":\"https:\/\/audibax.com\/fr\/\",\"name\":\"Audibax\",\"description\":\"\",\"publisher\":{\"@id\":\"https:\/\/audibax.com\/fr\/#organization\"},\"potentialAction\":[{\"@type\":\"SearchAction\",\"target\":{\"@type\":\"EntryPoint\",\"urlTemplate\":\"https:\/\/audibax.com\/fr\/?s={search_term_string}\"},\"query-input\":{\"@type\":\"PropertyValueSpecification\",\"valueRequired\":true,\"valueName\":\"search_term_string\"}}],\"inLanguage\":\"fr-FR\"},{\"@type\":\"Organization\",\"@id\":\"https:\/\/audibax.com\/fr\/#organization\",\"name\":\"Audibax\",\"url\":\"https:\/\/audibax.com\/fr\/\",\"logo\":{\"@type\":\"ImageObject\",\"inLanguage\":\"fr-FR\",\"@id\":\"https:\/\/audibax.com\/fr\/#\/schema\/logo\/image\/\",\"url\":\"https:\/\/audibax.com\/wp-content\/uploads\/2023\/09\/logo-Audibax-BLANCO-SVG-1.svg\",\"contentUrl\":\"https:\/\/audibax.com\/wp-content\/uploads\/2023\/09\/logo-Audibax-BLANCO-SVG-1.svg\",\"caption\":\"Audibax\"},\"image\":{\"@id\":\"https:\/\/audibax.com\/fr\/#\/schema\/logo\/image\/\"}}]}<\/script>\n<!-- \/ Yoast SEO plugin. -->","yoast_head_json":{"title":"Silver Coil BSD100 DMX 100m Black 10116246 - Audibax","robots":{"index":"index","follow":"follow","max-snippet":"max-snippet:-1","max-image-preview":"max-image-preview:large","max-video-preview":"max-video-preview:-1"},"canonical":"https:\/\/audibax.com\/fr\/produit\/silver-coil-bsd100-dmx-100m-black-10116246-2\/","og_locale":"fr_FR","og_type":"article","og_title":"Silver Coil BSD100 DMX 100m Black 10116246 - Audibax","og_description":"Couleur : Noir  S\u00e9rie : Argent  Distance : 100 m  Diam\u00e8tre total : 4,0 mm  Type de c\u00e2ble : C\u00e2ble DMX","og_url":"https:\/\/audibax.com\/fr\/produit\/silver-coil-bsd100-dmx-100m-black-10116246-2\/","og_site_name":"Audibax","article_modified_time":"2025-05-20T12:44:15+00:00","og_image":[{"width":1000,"height":500,"url":"https:\/\/audibax.com\/wp-content\/uploads\/2023\/12\/audibax-bsd-100-black.jpg","type":"image\/jpeg"}],"twitter_card":"summary_large_image","twitter_misc":{"Dur\u00e9e de lecture estim\u00e9e":"1 minute"},"schema":{"@context":"https:\/\/schema.org","@graph":[{"@type":"WebPage","@id":"https:\/\/audibax.com\/fr\/produit\/silver-coil-bsd100-dmx-100m-black-10116246-2\/","url":"https:\/\/audibax.com\/fr\/produit\/silver-coil-bsd100-dmx-100m-black-10116246-2\/","name":"Silver Coil BSD100 DMX 100m Black 10116246 - Audibax","isPartOf":{"@id":"https:\/\/audibax.com\/fr\/#website"},"primaryImageOfPage":{"@id":"https:\/\/audibax.com\/fr\/produit\/silver-coil-bsd100-dmx-100m-black-10116246-2\/#primaryimage"},"image":{"@id":"https:\/\/audibax.com\/fr\/produit\/silver-coil-bsd100-dmx-100m-black-10116246-2\/#primaryimage"},"thumbnailUrl":"https:\/\/audibax.com\/wp-content\/uploads\/2023\/12\/audibax-bsd-100-black.jpg","datePublished":"2023-12-11T09:36:40+00:00","dateModified":"2025-05-20T12:44:15+00:00","breadcrumb":{"@id":"https:\/\/audibax.com\/fr\/produit\/silver-coil-bsd100-dmx-100m-black-10116246-2\/#breadcrumb"},"inLanguage":"fr-FR","potentialAction":[{"@type":"ReadAction","target":["https:\/\/audibax.com\/fr\/produit\/silver-coil-bsd100-dmx-100m-black-10116246-2\/"]}]},{"@type":"ImageObject","inLanguage":"fr-FR","@id":"https:\/\/audibax.com\/fr\/produit\/silver-coil-bsd100-dmx-100m-black-10116246-2\/#primaryimage","url":"https:\/\/audibax.com\/wp-content\/uploads\/2023\/12\/audibax-bsd-100-black.jpg","contentUrl":"https:\/\/audibax.com\/wp-content\/uploads\/2023\/12\/audibax-bsd-100-black.jpg","width":1000,"height":500},{"@type":"BreadcrumbList","@id":"https:\/\/audibax.com\/fr\/produit\/silver-coil-bsd100-dmx-100m-black-10116246-2\/#breadcrumb","itemListElement":[{"@type":"ListItem","position":1,"name":"Portada","item":"https:\/\/audibax.com\/fr\/"},{"@type":"ListItem","position":2,"name":"Produits","item":"https:\/\/audibax.com\/fr\/shop\/"},{"@type":"ListItem","position":3,"name":"Silver Coil BSD100 DMX 100m Black 10116246"}]},{"@type":"WebSite","@id":"https:\/\/audibax.com\/fr\/#website","url":"https:\/\/audibax.com\/fr\/","name":"Audibax","description":"","publisher":{"@id":"https:\/\/audibax.com\/fr\/#organization"},"potentialAction":[{"@type":"SearchAction","target":{"@type":"EntryPoint","urlTemplate":"https:\/\/audibax.com\/fr\/?s={search_term_string}"},"query-input":{"@type":"PropertyValueSpecification","valueRequired":true,"valueName":"search_term_string"}}],"inLanguage":"fr-FR"},{"@type":"Organization","@id":"https:\/\/audibax.com\/fr\/#organization","name":"Audibax","url":"https:\/\/audibax.com\/fr\/","logo":{"@type":"ImageObject","inLanguage":"fr-FR","@id":"https:\/\/audibax.com\/fr\/#\/schema\/logo\/image\/","url":"https:\/\/audibax.com\/wp-content\/uploads\/2023\/09\/logo-Audibax-BLANCO-SVG-1.svg","contentUrl":"https:\/\/audibax.com\/wp-content\/uploads\/2023\/09\/logo-Audibax-BLANCO-SVG-1.svg","caption":"Audibax"},"image":{"@id":"https:\/\/audibax.com\/fr\/#\/schema\/logo\/image\/"}}]}},"_links":{"self":[{"href":"https:\/\/audibax.com\/fr\/wp-json\/wp\/v2\/product\/36336","targetHints":{"allow":["GET"]}}],"collection":[{"href":"https:\/\/audibax.com\/fr\/wp-json\/wp\/v2\/product"}],"about":[{"href":"https:\/\/audibax.com\/fr\/wp-json\/wp\/v2\/types\/product"}],"replies":[{"embeddable":true,"href":"https:\/\/audibax.com\/fr\/wp-json\/wp\/v2\/comments?post=36336"}],"wp:featuredmedia":[{"embeddable":true,"href":"https:\/\/audibax.com\/fr\/wp-json\/wp\/v2\/media\/16914"}],"wp:attachment":[{"href":"https:\/\/audibax.com\/fr\/wp-json\/wp\/v2\/media?parent=36336"}],"wp:term":[{"taxonomy":"product_cat","embeddable":true,"href":"https:\/\/audibax.com\/fr\/wp-json\/wp\/v2\/product_cat?post=36336"},{"taxonomy":"product_tag","embeddable":true,"href":"https:\/\/audibax.com\/fr\/wp-json\/wp\/v2\/product_tag?post=36336"}],"curies":[{"name":"wp","href":"https:\/\/api.w.org\/{rel}","templated":true}]}}