{"id":36321,"date":"2023-12-27T11:52:10","date_gmt":"2023-12-27T10:52:10","guid":{"rendered":"https:\/\/audibax.com\/product\/pp4000-silver-2\/"},"modified":"2023-12-27T11:52:10","modified_gmt":"2023-12-27T10:52:10","slug":"pp4000-silver-2","status":"publish","type":"product","link":"https:\/\/audibax.com\/fr\/produit\/pp4000-silver-2\/","title":{"rendered":"PP4000 Silver"},"content":{"rendered":"<\/p>\n<p><strong>Audibax PP4000 Silver RIAA Phono Preamplifier.Le seul sur le march\u00e9 avec interrupteur ON\/OFF<\/strong><\/strong><\/p>\n<p>La plupart des \u00e9quipements audio ne peuvent fonctionner qu&rsquo;avec des signaux de niveau ligne.<\/strong><\/p>\n<p>La plupart des \u00e9quipements audio ne peuvent fonctionner qu&rsquo;avec des signaux de niveau ligne, le niveau de signal d&rsquo;une platine est tr\u00e8s faible, il est donc toujours n\u00e9cessaire d&rsquo;utiliser le pr\u00e9amplificateur phono Audibax PP4000.<\/p>\n<p>Le <strong>Audibax PP4000<\/strong> est une interface pour la platine, qui modifie le signal pour l&rsquo;utiliser avec diff\u00e9rents \u00e9quipements tels que des tables de mixage, des amplificateurs ou des enregistreurs.<\/p>\n<p>L&rsquo;Audibax <strong>PP4000<\/strong> est un pr\u00e9amplificateur compact qui adapte le signal de sortie bas niveau d&rsquo;une platine vinyle \u00e0 la norme RIAA.<\/p>\n<p>L&rsquo;entr\u00e9e phono et la sortie ligne sont toutes deux des connecteurs RCA St\u00e9r\u00e9o, il dispose \u00e9galement d&rsquo;une masse pour que votre platine n&rsquo;ait pas de bruit induit.<\/p>\n<p>Avec le jack st\u00e9r\u00e9o 6,35, vous pouvez brancher un casque et monitorer le signal converti.<\/p>\n<p>Le <strong>Audibax PP4000<\/strong> est aliment\u00e9 par l&rsquo;adaptateur secteur 12 volts fourni, il dispose \u00e9galement d&rsquo;un voyant de fonctionnement sur le dessus.<\/p>\n<p><strong>Audibax PP4000<\/strong> a une caract\u00e9ristique qui le distingue des autres pr\u00e9amplificateurs RIAA, il dispose d&rsquo;un interrupteur marche\/arr\u00eat, la plupart des autres pr\u00e9amplificateurs du march\u00e9 n\u00e9cessitent la d\u00e9connexion de l&rsquo;alimentation.<\/p>\n<ul>\n<li>\n<li>Convertit le signal phono en niveau ligne pour toute utilisation.<\/li>\n<li>Rapport signal\/bruit extr\u00eamement \u00e9lev\u00e9 pour une qualit\u00e9 sup\u00e9rieure<\/li>\n<li>Entr\u00e9e et sortie RCA st\u00e9r\u00e9o avec entr\u00e9e et sortie RCA st\u00e9r\u00e9o.Entr\u00e9e et sortie RCA st\u00e9r\u00e9o avec mise \u00e0 la terre<\/li>\n<li>Sortie jack 6,35 st\u00e9r\u00e9o pour casque<\/li>\n<li>Interrupteur marche\/arr\u00eat<\/li>\n<li>Inclut une sortie jack st\u00e9r\u00e9o pour casque<\/li>\n<li>Sortie jack st\u00e9r\u00e9o pour casque<\/li>\n<li>Sortie jack 6,35 st\u00e9r\u00e9o<\/li>\n<li>Sortie jack 6,35 st\u00e9r\u00e9o.\n<li>\n<li>Inclut une alimentation 12V DC<\/li>\n<\/ul>\n<h3>\n<\/p>\n<\/p>\n<h3>Audibax PP4000 Argent<\/h3>\n<ul>\n<li>\n<li>Rapport son\/bruit : 70dB<\/li>\n<li>Distorsion (THD) : &lt;0,05%<\/li>\n<li>R\u00e9ponse en fr\u00e9quence : courbe RIAA Hz<\/li>\n<li>Niveau d&rsquo;entr\u00e9e max m&aacute;x.: -23,5dBV<\/li>\n<li>Niveau de sortie maximum : +10dBV<\/li>\n<li>Diag canal \u00e0 canal : -75dB<\/li>\n<li>Imp\u00e9dance d&rsquo;entr\u00e9e (kOhm) : 47 Kohm<\/li>\n<li>Imp\u00e9dance de sortie : 50 Ohm(s)<\/li>\n<li>Indication : LED d&rsquo;alimentation<\/li>\n<li>Interrupteur : On \/ Off<\/li>\n<li>Entr\u00e9es : 1 phono st\u00e9r\u00e9o sur RCA + borne de masse<\/li>\n<li>Sorties ligne : Casque, ligne st&iacute;reo<\/li>\n<li>Connexions de sortie ligne : 2 x RCA<\/li>\n<li>Alimentation : 12 VDC ( alimentation incluse )<\/li>\n<li>Consommation \u00e9lectrique : 0,15A<\/li>\n<li>Dimensions : 104,6mm x 35,3mm x 65,14mm<\/li>\n<li>Poids : 210g<\/li>\n<li>Couleur : Argent<\/li>\n<\/ul>\n","protected":false},"excerpt":{"rendered":"<ul>\n<li>Pr\u00e9ampli phono Audibax<\/li>\n<li>&Uacute;nique sur le march\u00e9 avec interrupteur ON\/OFF<\/li>\n<li>Couleur : Argent<\/li>\n<\/ul>\n","protected":false},"featured_media":17540,"comment_status":"open","ping_status":"closed","template":"","meta":{"_acf_changed":false},"product_cat":[243],"product_tag":[],"class_list":{"0":"post-36321","1":"product","2":"type-product","3":"status-publish","4":"has-post-thumbnail","6":"product_cat-uncategorized","8":"first","9":"instock","10":"shipping-taxable","11":"product-type-simple"},"acf":[],"yoast_head":"<!-- This site is optimized with the Yoast SEO plugin v27.0 - https:\/\/yoast.com\/product\/yoast-seo-wordpress\/ -->\n<title>PP4000 Silver - Audibax<\/title>\n<meta name=\"robots\" content=\"index, follow, max-snippet:-1, max-image-preview:large, max-video-preview:-1\" \/>\n<link rel=\"canonical\" href=\"https:\/\/audibax.com\/fr\/produit\/pp4000-silver-2\/\" \/>\n<meta property=\"og:locale\" content=\"fr_FR\" \/>\n<meta property=\"og:type\" content=\"article\" \/>\n<meta property=\"og:title\" content=\"PP4000 Silver - Audibax\" \/>\n<meta property=\"og:description\" content=\"Pr\u00e9ampli phono Audibax &Uacute;nique sur le march\u00e9 avec interrupteur ON\/OFF Couleur : Argent\" \/>\n<meta property=\"og:url\" content=\"https:\/\/audibax.com\/fr\/produit\/pp4000-silver-2\/\" \/>\n<meta property=\"og:site_name\" content=\"Audibax\" \/>\n<meta name=\"twitter:card\" content=\"summary_large_image\" \/>\n<meta name=\"twitter:label1\" content=\"Dur\u00e9e de lecture estim\u00e9e\" \/>\n\t<meta name=\"twitter:data1\" content=\"2 minutes\" \/>\n<script type=\"application\/ld+json\" class=\"yoast-schema-graph\">{\"@context\":\"https:\/\/schema.org\",\"@graph\":[{\"@type\":\"WebPage\",\"@id\":\"https:\/\/audibax.com\/fr\/produit\/pp4000-silver-2\/\",\"url\":\"https:\/\/audibax.com\/fr\/produit\/pp4000-silver-2\/\",\"name\":\"PP4000 Silver - Audibax\",\"isPartOf\":{\"@id\":\"https:\/\/audibax.com\/fr\/#website\"},\"primaryImageOfPage\":{\"@id\":\"https:\/\/audibax.com\/fr\/produit\/pp4000-silver-2\/#primaryimage\"},\"image\":{\"@id\":\"https:\/\/audibax.com\/fr\/produit\/pp4000-silver-2\/#primaryimage\"},\"thumbnailUrl\":\"https:\/\/audibax.com\/wp-content\/uploads\/2023\/12\/audibax-PP4000-silver-previo-phono-comprar-preamplificador.jpg\",\"datePublished\":\"2023-12-27T10:52:10+00:00\",\"breadcrumb\":{\"@id\":\"https:\/\/audibax.com\/fr\/produit\/pp4000-silver-2\/#breadcrumb\"},\"inLanguage\":\"fr-FR\",\"potentialAction\":[{\"@type\":\"ReadAction\",\"target\":[\"https:\/\/audibax.com\/fr\/produit\/pp4000-silver-2\/\"]}]},{\"@type\":\"ImageObject\",\"inLanguage\":\"fr-FR\",\"@id\":\"https:\/\/audibax.com\/fr\/produit\/pp4000-silver-2\/#primaryimage\",\"url\":\"https:\/\/audibax.com\/wp-content\/uploads\/2023\/12\/audibax-PP4000-silver-previo-phono-comprar-preamplificador.jpg\",\"contentUrl\":\"https:\/\/audibax.com\/wp-content\/uploads\/2023\/12\/audibax-PP4000-silver-previo-phono-comprar-preamplificador.jpg\",\"width\":1500,\"height\":1021},{\"@type\":\"BreadcrumbList\",\"@id\":\"https:\/\/audibax.com\/fr\/produit\/pp4000-silver-2\/#breadcrumb\",\"itemListElement\":[{\"@type\":\"ListItem\",\"position\":1,\"name\":\"Portada\",\"item\":\"https:\/\/audibax.com\/fr\/\"},{\"@type\":\"ListItem\",\"position\":2,\"name\":\"Produits\",\"item\":\"https:\/\/audibax.com\/fr\/shop\/\"},{\"@type\":\"ListItem\",\"position\":3,\"name\":\"PP4000 Silver\"}]},{\"@type\":\"WebSite\",\"@id\":\"https:\/\/audibax.com\/fr\/#website\",\"url\":\"https:\/\/audibax.com\/fr\/\",\"name\":\"Audibax\",\"description\":\"\",\"publisher\":{\"@id\":\"https:\/\/audibax.com\/fr\/#organization\"},\"potentialAction\":[{\"@type\":\"SearchAction\",\"target\":{\"@type\":\"EntryPoint\",\"urlTemplate\":\"https:\/\/audibax.com\/fr\/?s={search_term_string}\"},\"query-input\":{\"@type\":\"PropertyValueSpecification\",\"valueRequired\":true,\"valueName\":\"search_term_string\"}}],\"inLanguage\":\"fr-FR\"},{\"@type\":\"Organization\",\"@id\":\"https:\/\/audibax.com\/fr\/#organization\",\"name\":\"Audibax\",\"url\":\"https:\/\/audibax.com\/fr\/\",\"logo\":{\"@type\":\"ImageObject\",\"inLanguage\":\"fr-FR\",\"@id\":\"https:\/\/audibax.com\/fr\/#\/schema\/logo\/image\/\",\"url\":\"https:\/\/audibax.com\/wp-content\/uploads\/2023\/09\/logo-Audibax-BLANCO-SVG-1.svg\",\"contentUrl\":\"https:\/\/audibax.com\/wp-content\/uploads\/2023\/09\/logo-Audibax-BLANCO-SVG-1.svg\",\"caption\":\"Audibax\"},\"image\":{\"@id\":\"https:\/\/audibax.com\/fr\/#\/schema\/logo\/image\/\"}}]}<\/script>\n<!-- \/ Yoast SEO plugin. -->","yoast_head_json":{"title":"PP4000 Silver - Audibax","robots":{"index":"index","follow":"follow","max-snippet":"max-snippet:-1","max-image-preview":"max-image-preview:large","max-video-preview":"max-video-preview:-1"},"canonical":"https:\/\/audibax.com\/fr\/produit\/pp4000-silver-2\/","og_locale":"fr_FR","og_type":"article","og_title":"PP4000 Silver - Audibax","og_description":"Pr\u00e9ampli phono Audibax &Uacute;nique sur le march\u00e9 avec interrupteur ON\/OFF Couleur : Argent","og_url":"https:\/\/audibax.com\/fr\/produit\/pp4000-silver-2\/","og_site_name":"Audibax","twitter_card":"summary_large_image","twitter_misc":{"Dur\u00e9e de lecture estim\u00e9e":"2 minutes"},"schema":{"@context":"https:\/\/schema.org","@graph":[{"@type":"WebPage","@id":"https:\/\/audibax.com\/fr\/produit\/pp4000-silver-2\/","url":"https:\/\/audibax.com\/fr\/produit\/pp4000-silver-2\/","name":"PP4000 Silver - Audibax","isPartOf":{"@id":"https:\/\/audibax.com\/fr\/#website"},"primaryImageOfPage":{"@id":"https:\/\/audibax.com\/fr\/produit\/pp4000-silver-2\/#primaryimage"},"image":{"@id":"https:\/\/audibax.com\/fr\/produit\/pp4000-silver-2\/#primaryimage"},"thumbnailUrl":"https:\/\/audibax.com\/wp-content\/uploads\/2023\/12\/audibax-PP4000-silver-previo-phono-comprar-preamplificador.jpg","datePublished":"2023-12-27T10:52:10+00:00","breadcrumb":{"@id":"https:\/\/audibax.com\/fr\/produit\/pp4000-silver-2\/#breadcrumb"},"inLanguage":"fr-FR","potentialAction":[{"@type":"ReadAction","target":["https:\/\/audibax.com\/fr\/produit\/pp4000-silver-2\/"]}]},{"@type":"ImageObject","inLanguage":"fr-FR","@id":"https:\/\/audibax.com\/fr\/produit\/pp4000-silver-2\/#primaryimage","url":"https:\/\/audibax.com\/wp-content\/uploads\/2023\/12\/audibax-PP4000-silver-previo-phono-comprar-preamplificador.jpg","contentUrl":"https:\/\/audibax.com\/wp-content\/uploads\/2023\/12\/audibax-PP4000-silver-previo-phono-comprar-preamplificador.jpg","width":1500,"height":1021},{"@type":"BreadcrumbList","@id":"https:\/\/audibax.com\/fr\/produit\/pp4000-silver-2\/#breadcrumb","itemListElement":[{"@type":"ListItem","position":1,"name":"Portada","item":"https:\/\/audibax.com\/fr\/"},{"@type":"ListItem","position":2,"name":"Produits","item":"https:\/\/audibax.com\/fr\/shop\/"},{"@type":"ListItem","position":3,"name":"PP4000 Silver"}]},{"@type":"WebSite","@id":"https:\/\/audibax.com\/fr\/#website","url":"https:\/\/audibax.com\/fr\/","name":"Audibax","description":"","publisher":{"@id":"https:\/\/audibax.com\/fr\/#organization"},"potentialAction":[{"@type":"SearchAction","target":{"@type":"EntryPoint","urlTemplate":"https:\/\/audibax.com\/fr\/?s={search_term_string}"},"query-input":{"@type":"PropertyValueSpecification","valueRequired":true,"valueName":"search_term_string"}}],"inLanguage":"fr-FR"},{"@type":"Organization","@id":"https:\/\/audibax.com\/fr\/#organization","name":"Audibax","url":"https:\/\/audibax.com\/fr\/","logo":{"@type":"ImageObject","inLanguage":"fr-FR","@id":"https:\/\/audibax.com\/fr\/#\/schema\/logo\/image\/","url":"https:\/\/audibax.com\/wp-content\/uploads\/2023\/09\/logo-Audibax-BLANCO-SVG-1.svg","contentUrl":"https:\/\/audibax.com\/wp-content\/uploads\/2023\/09\/logo-Audibax-BLANCO-SVG-1.svg","caption":"Audibax"},"image":{"@id":"https:\/\/audibax.com\/fr\/#\/schema\/logo\/image\/"}}]}},"_links":{"self":[{"href":"https:\/\/audibax.com\/fr\/wp-json\/wp\/v2\/product\/36321","targetHints":{"allow":["GET"]}}],"collection":[{"href":"https:\/\/audibax.com\/fr\/wp-json\/wp\/v2\/product"}],"about":[{"href":"https:\/\/audibax.com\/fr\/wp-json\/wp\/v2\/types\/product"}],"replies":[{"embeddable":true,"href":"https:\/\/audibax.com\/fr\/wp-json\/wp\/v2\/comments?post=36321"}],"wp:featuredmedia":[{"embeddable":true,"href":"https:\/\/audibax.com\/fr\/wp-json\/wp\/v2\/media\/17540"}],"wp:attachment":[{"href":"https:\/\/audibax.com\/fr\/wp-json\/wp\/v2\/media?parent=36321"}],"wp:term":[{"taxonomy":"product_cat","embeddable":true,"href":"https:\/\/audibax.com\/fr\/wp-json\/wp\/v2\/product_cat?post=36321"},{"taxonomy":"product_tag","embeddable":true,"href":"https:\/\/audibax.com\/fr\/wp-json\/wp\/v2\/product_tag?post=36321"}],"curies":[{"name":"wp","href":"https:\/\/api.w.org\/{rel}","templated":true}]}}