{"id":36320,"date":"2023-12-11T10:36:04","date_gmt":"2023-12-11T09:36:04","guid":{"rendered":"https:\/\/audibax.com\/product\/pp4000-black-2\/"},"modified":"2023-12-27T11:52:09","modified_gmt":"2023-12-27T10:52:09","slug":"pp4000-black-2","status":"publish","type":"product","link":"https:\/\/audibax.com\/fr\/produit\/pp4000-black-2\/","title":{"rendered":"PP4000 Black"},"content":{"rendered":"<\/p>\n<p><strong>Audibax PP4000 RIAA Phono Preamplifier.<\/strong><br \/> <span style=\"colour :#008080\">&#038;Unique sur le march\u00e9 avec interrupteur ON\/OFF<\/span><\/span><\/p>\n<ul>\n<ul>\n<li><strong>Convertit le signal phono en niveau ligne<\/strong> pour toute utilisation.<\/li>\n<li>Rapport signal\/bruit extr\u00eamement \u00e9lev\u00e9 pour une qualit\u00e9 sup\u00e9rieure<\/li>\n<li>Entr\u00e9e et sortie RCA st\u00e9r\u00e9o avec mise \u00e0 la terre<\/li>\n<li>Sortie jack 6,35 pour casque\n<li>\n<li>Sortie jack 6,35 pour casque\n<li>\n<li>Sortie jack 6,35 pour casque\n<li>\n<li>Sortie jack 6,35 pour casque\n<li>\n<li>Sortie jack 6,35 pour casque\n<li>\n<li>Sortie jack 6,35 pour casque\n<li>\n<li>Sortie jack 6,35 pour casque<\/li>\n<li>Sortie jack 6,35 pour casque.\n<li>\n<li><strong>Interrupteur marche\/arr\u00eat<\/strong><\/strong><\/li>\n<li>Inclut l&rsquo;alimentation<\/strong><\/li>\n<li>Alimentation<\/strong><\/li>\n<li>Alimentation <listrong>alimentation 12V DC<\/strong><\/strong><\/li>\n<\/ul>\n<p> <span style=\"colour :#008080\"><strong>SP\u00c9CIFICATIONS TECHNIQUES PP4000 Audibax<\/strong><\/strong><\/span><\/p>\n<ul>\n<li>Rapport son\/bruit : 70dB<\/li>\n<li>Distorsion (THD) : &lt;0.05%<\/li>\n<li>R\u00e9ponse en fr\u00e9quence : <strong>courbe IRAA Hz<\/strong><\/strong><\/li>\n<li>Niveau d&rsquo;entr\u00e9e max. m&aacute;x.: -23,5dBV<\/li>\n<li>Niveau de sortie maximum : +10dBV<\/li>\n<li>Diaphonie entre les canaux : -75dB<\/li>\n<li>Imp\u00e9dance d&rsquo;entr\u00e9e (kOhm) : <strong>47 Kohm<\/strong><\/strong><\/li>\n<li>Imp\u00e9dance de sortie : <strong>50 Ohm(s)<\/strong><\/li>\n<li>Indication : LED d&rsquo;alimentation<\/li>\n<li><strong>Interrupteur : On \/ Off<\/strong><\/strong><\/li>\n<li>Entr\u00e9es : 1 phono st\u00e9r\u00e9o sur RCA + borne de masse<\/li>\n<li>Sorties ligne : Casque, ligne st&iacute;reo<\/li>\n<li>Connexions de sortie ligne : 2 x RCA<\/li>\n<li>Alimentation : 12 VDC ( alimentation incluse )<\/li>\n<li>Consommation \u00e9lectrique : &nbsp;&#038;nbsp ; &nbsp;0,15A<\/li>\n<li>Couleur : Noir<\/li>\n<\/ul>\n<p>&nbsp;<\/p>\n<p><img decoding=\"async\" alt=\"\" src=\"\/crm\/documents\/fckeditor\/image\/audibax-pp4000-connections.jpg\" style=\"height:524px ; width :576px\" \/><\/p>\n<p>&nbsp;<\/p>\n<p> La plupart des \u00e9quipements&#038;nbsp ; de&#038;nbsp ; de&#038;nbsp ; de&#038;nbsp ; de&#038;nbsp ; de&#038;nbsp ; de&#038;nbsp ; de&#038;nbsp ; audio&#038;nbsp ; seulement&#038;nbsp ; peuvent&#038;nbsp ; travailler&#038;nbsp ; avec des se&#038;nbsp ; de&#038;nbsp ; niveau&#038;nbsp ; de&#038;nbsp ; ligne,&#038;nbsp ; de&#038;nbsp ; les&#038;nbsp ; \u00e9quipements&#038;nbsp ; peuvent&#038;nbsp ; travailler&#038;nbsp ; avec&#038;nbsp ; des&#038;nbsp ; signaux&#038;nbsp ; de&#038;nbsp ; niveau&#038;nbsp ; de&#038;nbsp ; ligne,&#038;nbsp ; les&#038;nbsp ; \u00e9quipements&#038;nbsp ; peuvent&#038;nbsp ; travailler&#038;nbsp ; avec&#038;nbsp ; des&#038;nbsp ; signaux&#038;nbsp ; de&#038;nbsp ; niveau&#038;nbsp ; de&#038;nbsp ; ligne,&#038;nbsp ; le&#038;nbsp ; niveau&#038;nbsp ; de&#038;nbsp ; la&#038;nbsp ; ligne&#038;nbsp ; d&rsquo;un&#038;nbsp ; plateau&#038;nbsp ; tournant&#038;nbsp ; est&#038;nbsp ; tr\u00e8s&#038;nbsp ; bas,&#038;nbsp ; il est donc toujours&#038;nbsp ; n\u00e9cessaire&#038;nbsp ; d&rsquo;utiliser le <strong>pr\u00e9amplificateur phono Audibax PP4000<\/strong>.<\/p>\n<p>L&rsquo;Audibax PP4000 est une interface pour la platine, qui modifie le signal pour l&rsquo;utiliser avec diff\u00e9rents \u00e9quipements tels que des tables de mixage, des amplificateurs ou des enregistreurs.<\/p>\n<p>Le <strong>Audibax PP4000<\/strong> est un pr\u00e9amplificateur compact, qui adapte le signal de sortie bas niveau d&rsquo;une platine vinyle \u00e0 la norme RIAA.<\/p>\n<p>L&rsquo;entr\u00e9e phono et la sortie ligne se font toutes deux via un connecteur <strong>RCA Stereo<\/strong>, il dispose \u00e9galement d&rsquo;une masse afin que votre platine n&rsquo;ait pas de bruit induit.<\/p>\n<p>Le jack 6,35 Stereo vous permet de connecter un casque et de monitorer le signal converti.<\/p>\n<p>L&rsquo;Audibax est aliment\u00e9 par l&rsquo;adaptateur secteur 12 volts fourni, il dispose \u00e9galement d&rsquo;un voyant de fonctionnement sur le dessus.<\/p>\n<p><strong>L&rsquo;Audibax PP4000<\/strong> a une caract\u00e9ristique qui se distingue des autres pr\u00e9amplificateurs RIAA, c&rsquo;est son <strong>interrupteur marche\/arr\u00eat<\/strong>, sur la plupart du march\u00e9 il faut d\u00e9brancher l&rsquo;alimentation.<\/p>\n<p>&nbsp;<\/p>\n<p><img decoding=\"async\" alt=\"\" src=\"\/crm\/documents\/fckeditor\/image\/audibax-pp4000-ESQUEMA.jpg\" style=\"height:340px ; width:668px\" \/><\/p>\n<p><nbsp;<\/p>\n<p><nbsp;<\/p>\n<p><nbsp;<\/p>\n<p>.<\/p>\n","protected":false},"excerpt":{"rendered":"<\/p>\n<p>Pr\u00e9amplificateur phono Audibax<br \/> <span style=\"colour:#008080\">&Uacute;nico en el mercado con interruptor ON\/OFF<\/span><\/span><\/p>\n<p>.<\/p>\n","protected":false},"featured_media":18191,"comment_status":"open","ping_status":"closed","template":"","meta":{"_acf_changed":false},"product_cat":[243],"product_tag":[],"class_list":{"0":"post-36320","1":"product","2":"type-product","3":"status-publish","4":"has-post-thumbnail","6":"product_cat-uncategorized","8":"first","9":"instock","10":"shipping-taxable","11":"product-type-simple"},"acf":[],"yoast_head":"<!-- This site is optimized with the Yoast SEO plugin v27.0 - https:\/\/yoast.com\/product\/yoast-seo-wordpress\/ -->\n<title>PP4000 Black - Audibax<\/title>\n<meta name=\"robots\" content=\"index, follow, max-snippet:-1, max-image-preview:large, max-video-preview:-1\" \/>\n<link rel=\"canonical\" href=\"https:\/\/audibax.com\/fr\/produit\/pp4000-black-2\/\" \/>\n<meta property=\"og:locale\" content=\"fr_FR\" \/>\n<meta property=\"og:type\" content=\"article\" \/>\n<meta property=\"og:title\" content=\"PP4000 Black - Audibax\" \/>\n<meta property=\"og:description\" content=\"Pr\u00e9amplificateur phono Audibax &Uacute;nico en el mercado con interruptor ON\/OFF.\" \/>\n<meta property=\"og:url\" content=\"https:\/\/audibax.com\/fr\/produit\/pp4000-black-2\/\" \/>\n<meta property=\"og:site_name\" content=\"Audibax\" \/>\n<meta property=\"article:modified_time\" content=\"2023-12-27T10:52:09+00:00\" \/>\n<meta property=\"og:image\" content=\"https:\/\/audibax.com\/wp-content\/uploads\/2023\/12\/comprar-audibax-pp4000.jpg\" \/>\n\t<meta property=\"og:image:width\" content=\"2000\" \/>\n\t<meta property=\"og:image:height\" content=\"1292\" \/>\n\t<meta property=\"og:image:type\" content=\"image\/jpeg\" \/>\n<meta name=\"twitter:card\" content=\"summary_large_image\" \/>\n<meta name=\"twitter:label1\" content=\"Dur\u00e9e de lecture estim\u00e9e\" \/>\n\t<meta name=\"twitter:data1\" content=\"2 minutes\" \/>\n<script type=\"application\/ld+json\" class=\"yoast-schema-graph\">{\"@context\":\"https:\/\/schema.org\",\"@graph\":[{\"@type\":\"WebPage\",\"@id\":\"https:\/\/audibax.com\/fr\/produit\/pp4000-black-2\/\",\"url\":\"https:\/\/audibax.com\/fr\/produit\/pp4000-black-2\/\",\"name\":\"PP4000 Black - Audibax\",\"isPartOf\":{\"@id\":\"https:\/\/audibax.com\/fr\/#website\"},\"primaryImageOfPage\":{\"@id\":\"https:\/\/audibax.com\/fr\/produit\/pp4000-black-2\/#primaryimage\"},\"image\":{\"@id\":\"https:\/\/audibax.com\/fr\/produit\/pp4000-black-2\/#primaryimage\"},\"thumbnailUrl\":\"https:\/\/audibax.com\/wp-content\/uploads\/2023\/12\/comprar-audibax-pp4000.jpg\",\"datePublished\":\"2023-12-11T09:36:04+00:00\",\"dateModified\":\"2023-12-27T10:52:09+00:00\",\"breadcrumb\":{\"@id\":\"https:\/\/audibax.com\/fr\/produit\/pp4000-black-2\/#breadcrumb\"},\"inLanguage\":\"fr-FR\",\"potentialAction\":[{\"@type\":\"ReadAction\",\"target\":[\"https:\/\/audibax.com\/fr\/produit\/pp4000-black-2\/\"]}]},{\"@type\":\"ImageObject\",\"inLanguage\":\"fr-FR\",\"@id\":\"https:\/\/audibax.com\/fr\/produit\/pp4000-black-2\/#primaryimage\",\"url\":\"https:\/\/audibax.com\/wp-content\/uploads\/2023\/12\/comprar-audibax-pp4000.jpg\",\"contentUrl\":\"https:\/\/audibax.com\/wp-content\/uploads\/2023\/12\/comprar-audibax-pp4000.jpg\",\"width\":2000,\"height\":1292},{\"@type\":\"BreadcrumbList\",\"@id\":\"https:\/\/audibax.com\/fr\/produit\/pp4000-black-2\/#breadcrumb\",\"itemListElement\":[{\"@type\":\"ListItem\",\"position\":1,\"name\":\"Portada\",\"item\":\"https:\/\/audibax.com\/fr\/\"},{\"@type\":\"ListItem\",\"position\":2,\"name\":\"Produits\",\"item\":\"https:\/\/audibax.com\/fr\/shop\/\"},{\"@type\":\"ListItem\",\"position\":3,\"name\":\"PP4000 Black\"}]},{\"@type\":\"WebSite\",\"@id\":\"https:\/\/audibax.com\/fr\/#website\",\"url\":\"https:\/\/audibax.com\/fr\/\",\"name\":\"Audibax\",\"description\":\"\",\"publisher\":{\"@id\":\"https:\/\/audibax.com\/fr\/#organization\"},\"potentialAction\":[{\"@type\":\"SearchAction\",\"target\":{\"@type\":\"EntryPoint\",\"urlTemplate\":\"https:\/\/audibax.com\/fr\/?s={search_term_string}\"},\"query-input\":{\"@type\":\"PropertyValueSpecification\",\"valueRequired\":true,\"valueName\":\"search_term_string\"}}],\"inLanguage\":\"fr-FR\"},{\"@type\":\"Organization\",\"@id\":\"https:\/\/audibax.com\/fr\/#organization\",\"name\":\"Audibax\",\"url\":\"https:\/\/audibax.com\/fr\/\",\"logo\":{\"@type\":\"ImageObject\",\"inLanguage\":\"fr-FR\",\"@id\":\"https:\/\/audibax.com\/fr\/#\/schema\/logo\/image\/\",\"url\":\"https:\/\/audibax.com\/wp-content\/uploads\/2023\/09\/logo-Audibax-BLANCO-SVG-1.svg\",\"contentUrl\":\"https:\/\/audibax.com\/wp-content\/uploads\/2023\/09\/logo-Audibax-BLANCO-SVG-1.svg\",\"caption\":\"Audibax\"},\"image\":{\"@id\":\"https:\/\/audibax.com\/fr\/#\/schema\/logo\/image\/\"}}]}<\/script>\n<!-- \/ Yoast SEO plugin. -->","yoast_head_json":{"title":"PP4000 Black - Audibax","robots":{"index":"index","follow":"follow","max-snippet":"max-snippet:-1","max-image-preview":"max-image-preview:large","max-video-preview":"max-video-preview:-1"},"canonical":"https:\/\/audibax.com\/fr\/produit\/pp4000-black-2\/","og_locale":"fr_FR","og_type":"article","og_title":"PP4000 Black - Audibax","og_description":"Pr\u00e9amplificateur phono Audibax &Uacute;nico en el mercado con interruptor ON\/OFF.","og_url":"https:\/\/audibax.com\/fr\/produit\/pp4000-black-2\/","og_site_name":"Audibax","article_modified_time":"2023-12-27T10:52:09+00:00","og_image":[{"width":2000,"height":1292,"url":"https:\/\/audibax.com\/wp-content\/uploads\/2023\/12\/comprar-audibax-pp4000.jpg","type":"image\/jpeg"}],"twitter_card":"summary_large_image","twitter_misc":{"Dur\u00e9e de lecture estim\u00e9e":"2 minutes"},"schema":{"@context":"https:\/\/schema.org","@graph":[{"@type":"WebPage","@id":"https:\/\/audibax.com\/fr\/produit\/pp4000-black-2\/","url":"https:\/\/audibax.com\/fr\/produit\/pp4000-black-2\/","name":"PP4000 Black - Audibax","isPartOf":{"@id":"https:\/\/audibax.com\/fr\/#website"},"primaryImageOfPage":{"@id":"https:\/\/audibax.com\/fr\/produit\/pp4000-black-2\/#primaryimage"},"image":{"@id":"https:\/\/audibax.com\/fr\/produit\/pp4000-black-2\/#primaryimage"},"thumbnailUrl":"https:\/\/audibax.com\/wp-content\/uploads\/2023\/12\/comprar-audibax-pp4000.jpg","datePublished":"2023-12-11T09:36:04+00:00","dateModified":"2023-12-27T10:52:09+00:00","breadcrumb":{"@id":"https:\/\/audibax.com\/fr\/produit\/pp4000-black-2\/#breadcrumb"},"inLanguage":"fr-FR","potentialAction":[{"@type":"ReadAction","target":["https:\/\/audibax.com\/fr\/produit\/pp4000-black-2\/"]}]},{"@type":"ImageObject","inLanguage":"fr-FR","@id":"https:\/\/audibax.com\/fr\/produit\/pp4000-black-2\/#primaryimage","url":"https:\/\/audibax.com\/wp-content\/uploads\/2023\/12\/comprar-audibax-pp4000.jpg","contentUrl":"https:\/\/audibax.com\/wp-content\/uploads\/2023\/12\/comprar-audibax-pp4000.jpg","width":2000,"height":1292},{"@type":"BreadcrumbList","@id":"https:\/\/audibax.com\/fr\/produit\/pp4000-black-2\/#breadcrumb","itemListElement":[{"@type":"ListItem","position":1,"name":"Portada","item":"https:\/\/audibax.com\/fr\/"},{"@type":"ListItem","position":2,"name":"Produits","item":"https:\/\/audibax.com\/fr\/shop\/"},{"@type":"ListItem","position":3,"name":"PP4000 Black"}]},{"@type":"WebSite","@id":"https:\/\/audibax.com\/fr\/#website","url":"https:\/\/audibax.com\/fr\/","name":"Audibax","description":"","publisher":{"@id":"https:\/\/audibax.com\/fr\/#organization"},"potentialAction":[{"@type":"SearchAction","target":{"@type":"EntryPoint","urlTemplate":"https:\/\/audibax.com\/fr\/?s={search_term_string}"},"query-input":{"@type":"PropertyValueSpecification","valueRequired":true,"valueName":"search_term_string"}}],"inLanguage":"fr-FR"},{"@type":"Organization","@id":"https:\/\/audibax.com\/fr\/#organization","name":"Audibax","url":"https:\/\/audibax.com\/fr\/","logo":{"@type":"ImageObject","inLanguage":"fr-FR","@id":"https:\/\/audibax.com\/fr\/#\/schema\/logo\/image\/","url":"https:\/\/audibax.com\/wp-content\/uploads\/2023\/09\/logo-Audibax-BLANCO-SVG-1.svg","contentUrl":"https:\/\/audibax.com\/wp-content\/uploads\/2023\/09\/logo-Audibax-BLANCO-SVG-1.svg","caption":"Audibax"},"image":{"@id":"https:\/\/audibax.com\/fr\/#\/schema\/logo\/image\/"}}]}},"_links":{"self":[{"href":"https:\/\/audibax.com\/fr\/wp-json\/wp\/v2\/product\/36320","targetHints":{"allow":["GET"]}}],"collection":[{"href":"https:\/\/audibax.com\/fr\/wp-json\/wp\/v2\/product"}],"about":[{"href":"https:\/\/audibax.com\/fr\/wp-json\/wp\/v2\/types\/product"}],"replies":[{"embeddable":true,"href":"https:\/\/audibax.com\/fr\/wp-json\/wp\/v2\/comments?post=36320"}],"wp:featuredmedia":[{"embeddable":true,"href":"https:\/\/audibax.com\/fr\/wp-json\/wp\/v2\/media\/18191"}],"wp:attachment":[{"href":"https:\/\/audibax.com\/fr\/wp-json\/wp\/v2\/media?parent=36320"}],"wp:term":[{"taxonomy":"product_cat","embeddable":true,"href":"https:\/\/audibax.com\/fr\/wp-json\/wp\/v2\/product_cat?post=36320"},{"taxonomy":"product_tag","embeddable":true,"href":"https:\/\/audibax.com\/fr\/wp-json\/wp\/v2\/product_tag?post=36320"}],"curies":[{"name":"wp","href":"https:\/\/api.w.org\/{rel}","templated":true}]}}