{"id":36318,"date":"2023-12-11T10:35:59","date_gmt":"2023-12-11T09:35:59","guid":{"rendered":"https:\/\/audibax.com\/product\/fs5u-silver-2\/"},"modified":"2023-12-27T11:52:07","modified_gmt":"2023-12-27T10:52:07","slug":"fs5u-silver-2","status":"publish","type":"product","link":"https:\/\/audibax.com\/fr\/produit\/fs5u-silver-2\/","title":{"rendered":"FS5U Silver"},"content":{"rendered":"<p>La <strong>Audibax FS5-U<\/strong> est une p\u00e9dale de commutation de haute qualit\u00e9 qui dispose d&rsquo;un interrupteur pour le changement de polarit\u00e9. Cette p\u00e9dale est con\u00e7ue pour les clavi\u00e9ristes qui recherchent un son r\u00e9aliste. Sa compatibilit\u00e9 est universelle et permet \u00e0 ce produit de fonctionner avec 99% des claviers et pianos. Le dessous de la p\u00e9dale est caoutchout\u00e9 et sp\u00e9cialement con\u00e7u pour s&rsquo;accrocher fermement au sol pendant que l&rsquo;on joue.<\/p>\n<\/p>\n<p>&nbsp;<\/p>\n<h2>Principales caract\u00e9ristiques<\/h2>\n<ul>\n<ul>\n<ul>\n<ul>\n<ul>\n<ul> <ulli>Changement de polarit\u00e9 avec interrupteur<\/li>\n<li>Compatible avec tous les claviers et piano avec jack 6,35mm<\/li>\n<li>Changement de polarit\u00e9 avec interrupteur<\/li>\n<li>Compatible avec tous les claviers et piano avec jack 6,35mm<\/li>\n<li>Connexion jack 6,35 mm<\/li>\n<li>Construction haute r\u00e9sistance<\/li>\n<li>Couvercle de protection r\u00e9sistant aux rayures, \u00e9galement dot\u00e9 d&rsquo;un couvercle antid\u00e9rapant sur le fond.<\/li>\n<li>Finition noire et aluminium.<br \/>\n","protected":false},"excerpt":{"rendered":"<p>La <strong>Audibax FS5-U<\/strong> est une p\u00e9dale de commutation de haute qualit\u00e9 qui dispose d&rsquo;un interrupteur pour le changement de polarit\u00e9. Cette p\u00e9dale est con\u00e7ue pour les clavi\u00e9ristes qui recherchent un son r\u00e9aliste. Sa compatibilit\u00e9 est universelle et permet \u00e0 ce produit de fonctionner avec 99% des claviers et pianos.<\/p>\n","protected":false},"featured_media":17186,"comment_status":"open","ping_status":"closed","template":"","meta":{"_acf_changed":false},"product_cat":[660],"product_tag":[],"class_list":{"0":"post-36318","1":"product","2":"type-product","3":"status-publish","4":"has-post-thumbnail","6":"product_cat-pedales-de-clavier-fr","8":"first","9":"instock","10":"shipping-taxable","11":"product-type-simple"},"acf":[],"yoast_head":"<!-- This site is optimized with the Yoast SEO plugin v27.0 - https:\/\/yoast.com\/product\/yoast-seo-wordpress\/ -->\n<title>FS5U Silver - Audibax<\/title>\n<meta name=\"robots\" content=\"index, follow, max-snippet:-1, max-image-preview:large, max-video-preview:-1\" \/>\n<link rel=\"canonical\" href=\"https:\/\/audibax.com\/fr\/produit\/fs5u-silver-2\/\" \/>\n<meta property=\"og:locale\" content=\"fr_FR\" \/>\n<meta property=\"og:type\" content=\"article\" \/>\n<meta property=\"og:title\" content=\"FS5U Silver - Audibax\" \/>\n<meta property=\"og:description\" content=\"La Audibax FS5-U est une p\u00e9dale de commutation de haute qualit\u00e9 qui dispose d&#039;un interrupteur pour le changement de polarit\u00e9. Cette p\u00e9dale est con\u00e7ue pour les clavi\u00e9ristes qui recherchent un son r\u00e9aliste. Sa compatibilit\u00e9 est universelle et permet \u00e0 ce produit de fonctionner avec 99% des claviers et pianos.\" \/>\n<meta property=\"og:url\" content=\"https:\/\/audibax.com\/fr\/produit\/fs5u-silver-2\/\" \/>\n<meta property=\"og:site_name\" content=\"Audibax\" \/>\n<meta property=\"article:modified_time\" content=\"2023-12-27T10:52:07+00:00\" \/>\n<meta name=\"twitter:card\" content=\"summary_large_image\" \/>\n<meta name=\"twitter:label1\" content=\"Dur\u00e9e de lecture estim\u00e9e\" \/>\n\t<meta name=\"twitter:data1\" content=\"1 minute\" \/>\n<script type=\"application\/ld+json\" class=\"yoast-schema-graph\">{\"@context\":\"https:\/\/schema.org\",\"@graph\":[{\"@type\":\"WebPage\",\"@id\":\"https:\/\/audibax.com\/fr\/produit\/fs5u-silver-2\/\",\"url\":\"https:\/\/audibax.com\/fr\/produit\/fs5u-silver-2\/\",\"name\":\"FS5U Silver - Audibax\",\"isPartOf\":{\"@id\":\"https:\/\/audibax.com\/fr\/#website\"},\"primaryImageOfPage\":{\"@id\":\"https:\/\/audibax.com\/fr\/produit\/fs5u-silver-2\/#primaryimage\"},\"image\":{\"@id\":\"https:\/\/audibax.com\/fr\/produit\/fs5u-silver-2\/#primaryimage\"},\"thumbnailUrl\":\"https:\/\/audibax.com\/wp-content\/uploads\/2023\/12\/audibax-fs5-u.jpg\",\"datePublished\":\"2023-12-11T09:35:59+00:00\",\"dateModified\":\"2023-12-27T10:52:07+00:00\",\"breadcrumb\":{\"@id\":\"https:\/\/audibax.com\/fr\/produit\/fs5u-silver-2\/#breadcrumb\"},\"inLanguage\":\"fr-FR\",\"potentialAction\":[{\"@type\":\"ReadAction\",\"target\":[\"https:\/\/audibax.com\/fr\/produit\/fs5u-silver-2\/\"]}]},{\"@type\":\"ImageObject\",\"inLanguage\":\"fr-FR\",\"@id\":\"https:\/\/audibax.com\/fr\/produit\/fs5u-silver-2\/#primaryimage\",\"url\":\"https:\/\/audibax.com\/wp-content\/uploads\/2023\/12\/audibax-fs5-u.jpg\",\"contentUrl\":\"https:\/\/audibax.com\/wp-content\/uploads\/2023\/12\/audibax-fs5-u.jpg\",\"width\":1306,\"height\":965},{\"@type\":\"BreadcrumbList\",\"@id\":\"https:\/\/audibax.com\/fr\/produit\/fs5u-silver-2\/#breadcrumb\",\"itemListElement\":[{\"@type\":\"ListItem\",\"position\":1,\"name\":\"Portada\",\"item\":\"https:\/\/audibax.com\/fr\/\"},{\"@type\":\"ListItem\",\"position\":2,\"name\":\"Produits\",\"item\":\"https:\/\/audibax.com\/fr\/shop\/\"},{\"@type\":\"ListItem\",\"position\":3,\"name\":\"FS5U Silver\"}]},{\"@type\":\"WebSite\",\"@id\":\"https:\/\/audibax.com\/fr\/#website\",\"url\":\"https:\/\/audibax.com\/fr\/\",\"name\":\"Audibax\",\"description\":\"\",\"publisher\":{\"@id\":\"https:\/\/audibax.com\/fr\/#organization\"},\"potentialAction\":[{\"@type\":\"SearchAction\",\"target\":{\"@type\":\"EntryPoint\",\"urlTemplate\":\"https:\/\/audibax.com\/fr\/?s={search_term_string}\"},\"query-input\":{\"@type\":\"PropertyValueSpecification\",\"valueRequired\":true,\"valueName\":\"search_term_string\"}}],\"inLanguage\":\"fr-FR\"},{\"@type\":\"Organization\",\"@id\":\"https:\/\/audibax.com\/fr\/#organization\",\"name\":\"Audibax\",\"url\":\"https:\/\/audibax.com\/fr\/\",\"logo\":{\"@type\":\"ImageObject\",\"inLanguage\":\"fr-FR\",\"@id\":\"https:\/\/audibax.com\/fr\/#\/schema\/logo\/image\/\",\"url\":\"https:\/\/audibax.com\/wp-content\/uploads\/2023\/09\/logo-Audibax-BLANCO-SVG-1.svg\",\"contentUrl\":\"https:\/\/audibax.com\/wp-content\/uploads\/2023\/09\/logo-Audibax-BLANCO-SVG-1.svg\",\"caption\":\"Audibax\"},\"image\":{\"@id\":\"https:\/\/audibax.com\/fr\/#\/schema\/logo\/image\/\"}}]}<\/script>\n<!-- \/ Yoast SEO plugin. -->","yoast_head_json":{"title":"FS5U Silver - Audibax","robots":{"index":"index","follow":"follow","max-snippet":"max-snippet:-1","max-image-preview":"max-image-preview:large","max-video-preview":"max-video-preview:-1"},"canonical":"https:\/\/audibax.com\/fr\/produit\/fs5u-silver-2\/","og_locale":"fr_FR","og_type":"article","og_title":"FS5U Silver - Audibax","og_description":"La Audibax FS5-U est une p\u00e9dale de commutation de haute qualit\u00e9 qui dispose d'un interrupteur pour le changement de polarit\u00e9. Cette p\u00e9dale est con\u00e7ue pour les clavi\u00e9ristes qui recherchent un son r\u00e9aliste. Sa compatibilit\u00e9 est universelle et permet \u00e0 ce produit de fonctionner avec 99% des claviers et pianos.","og_url":"https:\/\/audibax.com\/fr\/produit\/fs5u-silver-2\/","og_site_name":"Audibax","article_modified_time":"2023-12-27T10:52:07+00:00","twitter_card":"summary_large_image","twitter_misc":{"Dur\u00e9e de lecture estim\u00e9e":"1 minute"},"schema":{"@context":"https:\/\/schema.org","@graph":[{"@type":"WebPage","@id":"https:\/\/audibax.com\/fr\/produit\/fs5u-silver-2\/","url":"https:\/\/audibax.com\/fr\/produit\/fs5u-silver-2\/","name":"FS5U Silver - Audibax","isPartOf":{"@id":"https:\/\/audibax.com\/fr\/#website"},"primaryImageOfPage":{"@id":"https:\/\/audibax.com\/fr\/produit\/fs5u-silver-2\/#primaryimage"},"image":{"@id":"https:\/\/audibax.com\/fr\/produit\/fs5u-silver-2\/#primaryimage"},"thumbnailUrl":"https:\/\/audibax.com\/wp-content\/uploads\/2023\/12\/audibax-fs5-u.jpg","datePublished":"2023-12-11T09:35:59+00:00","dateModified":"2023-12-27T10:52:07+00:00","breadcrumb":{"@id":"https:\/\/audibax.com\/fr\/produit\/fs5u-silver-2\/#breadcrumb"},"inLanguage":"fr-FR","potentialAction":[{"@type":"ReadAction","target":["https:\/\/audibax.com\/fr\/produit\/fs5u-silver-2\/"]}]},{"@type":"ImageObject","inLanguage":"fr-FR","@id":"https:\/\/audibax.com\/fr\/produit\/fs5u-silver-2\/#primaryimage","url":"https:\/\/audibax.com\/wp-content\/uploads\/2023\/12\/audibax-fs5-u.jpg","contentUrl":"https:\/\/audibax.com\/wp-content\/uploads\/2023\/12\/audibax-fs5-u.jpg","width":1306,"height":965},{"@type":"BreadcrumbList","@id":"https:\/\/audibax.com\/fr\/produit\/fs5u-silver-2\/#breadcrumb","itemListElement":[{"@type":"ListItem","position":1,"name":"Portada","item":"https:\/\/audibax.com\/fr\/"},{"@type":"ListItem","position":2,"name":"Produits","item":"https:\/\/audibax.com\/fr\/shop\/"},{"@type":"ListItem","position":3,"name":"FS5U Silver"}]},{"@type":"WebSite","@id":"https:\/\/audibax.com\/fr\/#website","url":"https:\/\/audibax.com\/fr\/","name":"Audibax","description":"","publisher":{"@id":"https:\/\/audibax.com\/fr\/#organization"},"potentialAction":[{"@type":"SearchAction","target":{"@type":"EntryPoint","urlTemplate":"https:\/\/audibax.com\/fr\/?s={search_term_string}"},"query-input":{"@type":"PropertyValueSpecification","valueRequired":true,"valueName":"search_term_string"}}],"inLanguage":"fr-FR"},{"@type":"Organization","@id":"https:\/\/audibax.com\/fr\/#organization","name":"Audibax","url":"https:\/\/audibax.com\/fr\/","logo":{"@type":"ImageObject","inLanguage":"fr-FR","@id":"https:\/\/audibax.com\/fr\/#\/schema\/logo\/image\/","url":"https:\/\/audibax.com\/wp-content\/uploads\/2023\/09\/logo-Audibax-BLANCO-SVG-1.svg","contentUrl":"https:\/\/audibax.com\/wp-content\/uploads\/2023\/09\/logo-Audibax-BLANCO-SVG-1.svg","caption":"Audibax"},"image":{"@id":"https:\/\/audibax.com\/fr\/#\/schema\/logo\/image\/"}}]}},"_links":{"self":[{"href":"https:\/\/audibax.com\/fr\/wp-json\/wp\/v2\/product\/36318","targetHints":{"allow":["GET"]}}],"collection":[{"href":"https:\/\/audibax.com\/fr\/wp-json\/wp\/v2\/product"}],"about":[{"href":"https:\/\/audibax.com\/fr\/wp-json\/wp\/v2\/types\/product"}],"replies":[{"embeddable":true,"href":"https:\/\/audibax.com\/fr\/wp-json\/wp\/v2\/comments?post=36318"}],"wp:featuredmedia":[{"embeddable":true,"href":"https:\/\/audibax.com\/fr\/wp-json\/wp\/v2\/media\/17186"}],"wp:attachment":[{"href":"https:\/\/audibax.com\/fr\/wp-json\/wp\/v2\/media?parent=36318"}],"wp:term":[{"taxonomy":"product_cat","embeddable":true,"href":"https:\/\/audibax.com\/fr\/wp-json\/wp\/v2\/product_cat?post=36318"},{"taxonomy":"product_tag","embeddable":true,"href":"https:\/\/audibax.com\/fr\/wp-json\/wp\/v2\/product_tag?post=36318"}],"curies":[{"name":"wp","href":"https:\/\/api.w.org\/{rel}","templated":true}]}}