{"id":32305,"date":"2023-12-18T12:40:59","date_gmt":"2023-12-18T11:40:59","guid":{"rendered":"https:\/\/audibax.com\/warranty-conditions\/"},"modified":"2024-02-27T19:23:18","modified_gmt":"2024-02-27T18:23:18","slug":"warranty-conditions","status":"publish","type":"page","link":"https:\/\/audibax.com\/fr\/warranty-conditions\/","title":{"rendered":"Conditions de garantie"},"content":{"rendered":"\t\t<div data-elementor-type=\"wp-page\" data-elementor-id=\"32305\" class=\"elementor elementor-32305 elementor-32296\" data-elementor-post-type=\"page\">\n\t\t\t\t<div class=\"elementor-element elementor-element-f596023 e-flex e-con-boxed e-con e-parent\" data-id=\"f596023\" data-element_type=\"container\" data-core-v316-plus=\"true\">\n\t\t\t\t\t<div class=\"e-con-inner\">\n\t\t\t\t<div class=\"elementor-element elementor-element-f12061b elementor-widget elementor-widget-heading\" data-id=\"f12061b\" data-element_type=\"widget\" data-widget_type=\"heading.default\">\n\t\t\t\t<div class=\"elementor-widget-container\">\n\t\t\t<style>\/*! elementor - v3.20.0 - 26-03-2024 *\/\n.elementor-heading-title{padding:0;margin:0;line-height:1}.elementor-widget-heading .elementor-heading-title[class*=elementor-size-]>a{color:inherit;font-size:inherit;line-height:inherit}.elementor-widget-heading .elementor-heading-title.elementor-size-small{font-size:15px}.elementor-widget-heading .elementor-heading-title.elementor-size-medium{font-size:19px}.elementor-widget-heading .elementor-heading-title.elementor-size-large{font-size:29px}.elementor-widget-heading .elementor-heading-title.elementor-size-xl{font-size:39px}.elementor-widget-heading .elementor-heading-title.elementor-size-xxl{font-size:59px}<\/style><h2 class=\"elementor-heading-title elementor-size-default\">Conditions de garantie<\/h2>\t\t<\/div>\n\t\t\t\t<\/div>\n\t\t\t\t\t<\/div>\n\t\t\t\t<\/div>\n\t\t<div class=\"elementor-element elementor-element-7a93350 e-flex e-con-boxed e-con e-parent\" data-id=\"7a93350\" data-element_type=\"container\" data-core-v316-plus=\"true\">\n\t\t\t\t\t<div class=\"e-con-inner\">\n\t\t\t\t<div class=\"elementor-element elementor-element-00f263c elementor-widget elementor-widget-text-editor\" data-id=\"00f263c\" data-element_type=\"widget\" data-widget_type=\"text-editor.default\">\n\t\t\t\t<div class=\"elementor-widget-container\">\n\t\t\t<style>\/*! elementor - v3.20.0 - 26-03-2024 *\/\n.elementor-widget-text-editor.elementor-drop-cap-view-stacked .elementor-drop-cap{background-color:#69727d;color:#fff}.elementor-widget-text-editor.elementor-drop-cap-view-framed .elementor-drop-cap{color:#69727d;border:3px solid;background-color:transparent}.elementor-widget-text-editor:not(.elementor-drop-cap-view-default) .elementor-drop-cap{margin-top:8px}.elementor-widget-text-editor:not(.elementor-drop-cap-view-default) .elementor-drop-cap-letter{width:1em;height:1em}.elementor-widget-text-editor .elementor-drop-cap{float:left;text-align:center;line-height:1;font-size:50px}.elementor-widget-text-editor .elementor-drop-cap-letter{display:inline-block}<\/style>\t\t\t\t<\/p>\n<p><b>Conditions de garantie<\/b><\/p>\n<p><span style=\"font-weight: 400;\">MH Group est le cr\u00e9ateur et fabricant d&rsquo;\u00e9quipements audio professionnels, d&rsquo;\u00e9clairage et d&rsquo;accessoires sous la marque Audibax. La soci\u00e9t\u00e9 s&rsquo;engage \u00e0 maintenir l&rsquo;excellence des produits Audibax gr\u00e2ce \u00e0 des tests de fiabilit\u00e9 approfondis et \u00e0 des proc\u00e9dures de contr\u00f4le qualit\u00e9 rigoureuses pour chacun des produits fabriqu\u00e9s.<\/span><\/p>\n<p><span style=\"font-weight: 400;\">Cependant, si vous avez besoin d&rsquo;assistance pour votre produit Audibax, m\u00eame apr\u00e8s l&rsquo;expiration de la p\u00e9riode de garantie, veuillez suivre ces \u00e9tapes : Conservez l&#8217;emballage d&rsquo;origine pour prot\u00e9ger correctement votre produit. <\/span><\/p>\n<p><span style=\"font-weight: 400;\">Envoyez votre produit \u00e0 un centre de service agr\u00e9\u00e9, en assumant les co\u00fbts d&rsquo;exp\u00e9dition et d&rsquo;assurance. \u2022 Incluez une description d\u00e9taill\u00e9e du probl\u00e8me rencontr\u00e9, ainsi qu&rsquo;une copie de votre re\u00e7u d&rsquo;achat et, le cas \u00e9ch\u00e9ant, la carte de garantie ou le num\u00e9ro d&rsquo;enregistrement sur Internet associ\u00e9 \u00e0 votre garantie.<\/span><\/p>\n<\/p>\n<p><b>Centres de service agr\u00e9\u00e9s<\/b><\/p>\n<p><span style=\"font-weight: 400;\">Pour maintenir la validit\u00e9 de la garantie des produits Audibax, il est essentiel que toute r\u00e9paration ou service soit effectu\u00e9 exclusivement dans un centre de service autoris\u00e9 par MH Group. Pour obtenir des informations sur les centres de service approuv\u00e9s dans votre pays, veuillez contacter le distributeur officiel d&rsquo;Audibax.<\/span><\/p>\n<\/p>\n<p><strong>Termes et conditions de la garantie<\/strong><\/p>\n<p><span style=\"font-weight: 400;\">MH Group offre une garantie de trois ans contre les d\u00e9fauts de fabrication pour les produits Audibax, valable pour l&rsquo;acheteur au d\u00e9tail d&rsquo;origine \u00e0 partir de la date d&rsquo;achat.<\/span><\/p>\n<p><span style=\"font-weight: 400;\">Si le produit pr\u00e9sente des probl\u00e8mes de fonctionnement pendant la p\u00e9riode de garantie, MH Group, \u00e0 sa discr\u00e9tion, r\u00e9parera ou remplacera le produit d\u00e9fectueux sans frais. La garantie est disponible exclusivement pour l&rsquo;acheteur au d\u00e9tail d&rsquo;origine qui conserve une preuve d&rsquo;achat valide du produit Audibax. Cette garantie n&rsquo;est pas transf\u00e9rable et s&rsquo;applique uniquement \u00e0 l&rsquo;acheteur original qui a achet\u00e9 le produit aupr\u00e8s d&rsquo;un distributeur autoris\u00e9 d&rsquo;Audibax.<br \/><\/span><\/p>\n<p><span style=\"text-decoration: underline;\">Exceptions:<\/span><\/p>\n<p>Les produits comprenant des batteries, des lampes, des \u00e9couteurs et des consommables auront uniquement une garantie de 3 mois.<\/p>\n<\/p>\n<p><b>Exclusions de cette garantie:<\/b><\/p>\n<p><span style=\"font-weight: 400;\">Cette garantie ne couvre pas ce qui suit:<\/span><\/p>\n<ul>\n<li><span style=\"font-weight: 400;\">Les dommages r\u00e9sultant d&rsquo;un fonctionnement inappropri\u00e9, de la n\u00e9gligence, d&rsquo;un entretien insuffisant, du non-respect des instructions d\u00e9taill\u00e9es dans le manuel du propri\u00e9taire correspondant, de connexions incorrectes ou d&rsquo;accidents. MH Group n&rsquo;est pas responsable des pertes, dommages ou blessures directs ou indirects li\u00e9s \u00e0 ou caus\u00e9s par des produits Audibax.<\/span><\/li>\n<li><span style=\"font-weight: 400;\">Les produits ayant \u00e9t\u00e9 manipul\u00e9s, modifi\u00e9s ou r\u00e9par\u00e9s par des personnes ou entit\u00e9s autres que les centres de service autoris\u00e9s.<\/span><\/li>\n<li><span style=\"font-weight: 400;\">Bo\u00eetier externe, composants \u00e9lectrom\u00e9caniques et usure due \u00e0 une utilisation normale.<\/span><\/li>\n<li><span style=\"font-weight: 400;\">Frais d&rsquo;exp\u00e9dition et d&rsquo;assurance, ainsi que les dommages pouvant survenir au produit pendant le transport.<\/span><\/li>\n<\/ul>\n<p><span style=\"font-weight: 400;\">Cette garantie reste valide si les r\u00e9parations ou services sont effectu\u00e9s par MH Group ou un centre de service autoris\u00e9 sp\u00e9cifiquement d\u00e9sign\u00e9 pour les produits Audibax.<\/span><\/p>\n<p><span style=\"font-weight: 400;\">Cette garantie est compl\u00e8te et remplace toutes les autres garanties, qu&rsquo;elles soient expresses ou implicites, y compris les garanties de qualit\u00e9 marchande ou d&rsquo;ad\u00e9quation \u00e0 un usage particulier, les annulant.<\/span><\/p>\n<p><span style=\"font-weight: 400;\">MH Group renonce \u00e9galement \u00e0 toute responsabilit\u00e9 pour les dommages indirects ou cons\u00e9cutifs r\u00e9sultant d&rsquo;une violation de cette garantie. Il est important de noter que dans certains pays, l&rsquo;exclusion de dommages indirects ou cons\u00e9cutifs peut ne pas \u00eatre applicable, de sorte que cette limitation pourrait ne pas vous \u00eatre valide.<\/span><\/p>\n<\/p>\n<p><span style=\"font-weight: 400;\">*Pour les appareils Audibax achet\u00e9s avant le 1er janvier 2023, la p\u00e9riode de garantie est de deux ans \u00e0 partir de la date d&rsquo;achat.<\/span><\/p>\n\t\t\t\t\t\t<\/div>\n\t\t\t\t<\/div>\n\t\t\t\t\t<\/div>\n\t\t\t\t<\/div>\n\t\t\t\t<\/div>\n\t\t","protected":false},"excerpt":{"rendered":"<p>Conditions de garantie Conditions de garantie MH Group est le cr\u00e9ateur et fabricant d&rsquo;\u00e9quipements audio professionnels, d&rsquo;\u00e9clairage et d&rsquo;accessoires sous la marque Audibax. La soci\u00e9t\u00e9 s&rsquo;engage \u00e0 maintenir l&rsquo;excellence des produits Audibax gr\u00e2ce \u00e0 des tests de fiabilit\u00e9 approfondis et \u00e0 des proc\u00e9dures de contr\u00f4le qualit\u00e9 rigoureuses pour chacun des produits fabriqu\u00e9s. Cependant, si vous [&hellip;]<\/p>\n","protected":false},"author":1,"featured_media":0,"parent":0,"menu_order":0,"comment_status":"closed","ping_status":"closed","template":"","meta":{"_acf_changed":false,"footnotes":""},"class_list":["post-32305","page","type-page","status-publish","hentry"],"acf":[],"yoast_head":"<!-- This site is optimized with the Yoast SEO plugin v27.0 - https:\/\/yoast.com\/product\/yoast-seo-wordpress\/ -->\n<title>Conditions de garantie - Audibax<\/title>\n<meta name=\"robots\" content=\"index, follow, max-snippet:-1, max-image-preview:large, max-video-preview:-1\" \/>\n<link rel=\"canonical\" href=\"https:\/\/audibax.com\/fr\/warranty-conditions\/\" \/>\n<meta property=\"og:locale\" content=\"fr_FR\" \/>\n<meta property=\"og:type\" content=\"article\" \/>\n<meta property=\"og:title\" content=\"Conditions de garantie - Audibax\" \/>\n<meta property=\"og:description\" content=\"Conditions de garantie Conditions de garantie MH Group est le cr\u00e9ateur et fabricant d&rsquo;\u00e9quipements audio professionnels, d&rsquo;\u00e9clairage et d&rsquo;accessoires sous la marque Audibax. La soci\u00e9t\u00e9 s&rsquo;engage \u00e0 maintenir l&rsquo;excellence des produits Audibax gr\u00e2ce \u00e0 des tests de fiabilit\u00e9 approfondis et \u00e0 des proc\u00e9dures de contr\u00f4le qualit\u00e9 rigoureuses pour chacun des produits fabriqu\u00e9s. Cependant, si vous [&hellip;]\" \/>\n<meta property=\"og:url\" content=\"https:\/\/audibax.com\/fr\/warranty-conditions\/\" \/>\n<meta property=\"og:site_name\" content=\"Audibax\" \/>\n<meta property=\"article:modified_time\" content=\"2024-02-27T18:23:18+00:00\" \/>\n<meta name=\"twitter:card\" content=\"summary_large_image\" \/>\n<meta name=\"twitter:label1\" content=\"Dur\u00e9e de lecture estim\u00e9e\" \/>\n\t<meta name=\"twitter:data1\" content=\"3 minutes\" \/>\n<script type=\"application\/ld+json\" class=\"yoast-schema-graph\">{\"@context\":\"https:\/\/schema.org\",\"@graph\":[{\"@type\":\"WebPage\",\"@id\":\"https:\/\/audibax.com\/fr\/warranty-conditions\/\",\"url\":\"https:\/\/audibax.com\/fr\/warranty-conditions\/\",\"name\":\"Conditions de garantie - Audibax\",\"isPartOf\":{\"@id\":\"https:\/\/audibax.com\/fr\/#website\"},\"datePublished\":\"2023-12-18T11:40:59+00:00\",\"dateModified\":\"2024-02-27T18:23:18+00:00\",\"breadcrumb\":{\"@id\":\"https:\/\/audibax.com\/fr\/warranty-conditions\/#breadcrumb\"},\"inLanguage\":\"fr-FR\",\"potentialAction\":[{\"@type\":\"ReadAction\",\"target\":[\"https:\/\/audibax.com\/fr\/warranty-conditions\/\"]}]},{\"@type\":\"BreadcrumbList\",\"@id\":\"https:\/\/audibax.com\/fr\/warranty-conditions\/#breadcrumb\",\"itemListElement\":[{\"@type\":\"ListItem\",\"position\":1,\"name\":\"Portada\",\"item\":\"https:\/\/audibax.com\/fr\/\"},{\"@type\":\"ListItem\",\"position\":2,\"name\":\"Conditions de garantie\"}]},{\"@type\":\"WebSite\",\"@id\":\"https:\/\/audibax.com\/fr\/#website\",\"url\":\"https:\/\/audibax.com\/fr\/\",\"name\":\"Audibax\",\"description\":\"\",\"publisher\":{\"@id\":\"https:\/\/audibax.com\/fr\/#organization\"},\"potentialAction\":[{\"@type\":\"SearchAction\",\"target\":{\"@type\":\"EntryPoint\",\"urlTemplate\":\"https:\/\/audibax.com\/fr\/?s={search_term_string}\"},\"query-input\":{\"@type\":\"PropertyValueSpecification\",\"valueRequired\":true,\"valueName\":\"search_term_string\"}}],\"inLanguage\":\"fr-FR\"},{\"@type\":\"Organization\",\"@id\":\"https:\/\/audibax.com\/fr\/#organization\",\"name\":\"Audibax\",\"url\":\"https:\/\/audibax.com\/fr\/\",\"logo\":{\"@type\":\"ImageObject\",\"inLanguage\":\"fr-FR\",\"@id\":\"https:\/\/audibax.com\/fr\/#\/schema\/logo\/image\/\",\"url\":\"https:\/\/audibax.com\/wp-content\/uploads\/2023\/09\/logo-Audibax-BLANCO-SVG-1.svg\",\"contentUrl\":\"https:\/\/audibax.com\/wp-content\/uploads\/2023\/09\/logo-Audibax-BLANCO-SVG-1.svg\",\"caption\":\"Audibax\"},\"image\":{\"@id\":\"https:\/\/audibax.com\/fr\/#\/schema\/logo\/image\/\"}}]}<\/script>\n<!-- \/ Yoast SEO plugin. -->","yoast_head_json":{"title":"Conditions de garantie - Audibax","robots":{"index":"index","follow":"follow","max-snippet":"max-snippet:-1","max-image-preview":"max-image-preview:large","max-video-preview":"max-video-preview:-1"},"canonical":"https:\/\/audibax.com\/fr\/warranty-conditions\/","og_locale":"fr_FR","og_type":"article","og_title":"Conditions de garantie - Audibax","og_description":"Conditions de garantie Conditions de garantie MH Group est le cr\u00e9ateur et fabricant d&rsquo;\u00e9quipements audio professionnels, d&rsquo;\u00e9clairage et d&rsquo;accessoires sous la marque Audibax. La soci\u00e9t\u00e9 s&rsquo;engage \u00e0 maintenir l&rsquo;excellence des produits Audibax gr\u00e2ce \u00e0 des tests de fiabilit\u00e9 approfondis et \u00e0 des proc\u00e9dures de contr\u00f4le qualit\u00e9 rigoureuses pour chacun des produits fabriqu\u00e9s. Cependant, si vous [&hellip;]","og_url":"https:\/\/audibax.com\/fr\/warranty-conditions\/","og_site_name":"Audibax","article_modified_time":"2024-02-27T18:23:18+00:00","twitter_card":"summary_large_image","twitter_misc":{"Dur\u00e9e de lecture estim\u00e9e":"3 minutes"},"schema":{"@context":"https:\/\/schema.org","@graph":[{"@type":"WebPage","@id":"https:\/\/audibax.com\/fr\/warranty-conditions\/","url":"https:\/\/audibax.com\/fr\/warranty-conditions\/","name":"Conditions de garantie - Audibax","isPartOf":{"@id":"https:\/\/audibax.com\/fr\/#website"},"datePublished":"2023-12-18T11:40:59+00:00","dateModified":"2024-02-27T18:23:18+00:00","breadcrumb":{"@id":"https:\/\/audibax.com\/fr\/warranty-conditions\/#breadcrumb"},"inLanguage":"fr-FR","potentialAction":[{"@type":"ReadAction","target":["https:\/\/audibax.com\/fr\/warranty-conditions\/"]}]},{"@type":"BreadcrumbList","@id":"https:\/\/audibax.com\/fr\/warranty-conditions\/#breadcrumb","itemListElement":[{"@type":"ListItem","position":1,"name":"Portada","item":"https:\/\/audibax.com\/fr\/"},{"@type":"ListItem","position":2,"name":"Conditions de garantie"}]},{"@type":"WebSite","@id":"https:\/\/audibax.com\/fr\/#website","url":"https:\/\/audibax.com\/fr\/","name":"Audibax","description":"","publisher":{"@id":"https:\/\/audibax.com\/fr\/#organization"},"potentialAction":[{"@type":"SearchAction","target":{"@type":"EntryPoint","urlTemplate":"https:\/\/audibax.com\/fr\/?s={search_term_string}"},"query-input":{"@type":"PropertyValueSpecification","valueRequired":true,"valueName":"search_term_string"}}],"inLanguage":"fr-FR"},{"@type":"Organization","@id":"https:\/\/audibax.com\/fr\/#organization","name":"Audibax","url":"https:\/\/audibax.com\/fr\/","logo":{"@type":"ImageObject","inLanguage":"fr-FR","@id":"https:\/\/audibax.com\/fr\/#\/schema\/logo\/image\/","url":"https:\/\/audibax.com\/wp-content\/uploads\/2023\/09\/logo-Audibax-BLANCO-SVG-1.svg","contentUrl":"https:\/\/audibax.com\/wp-content\/uploads\/2023\/09\/logo-Audibax-BLANCO-SVG-1.svg","caption":"Audibax"},"image":{"@id":"https:\/\/audibax.com\/fr\/#\/schema\/logo\/image\/"}}]}},"_links":{"self":[{"href":"https:\/\/audibax.com\/fr\/wp-json\/wp\/v2\/pages\/32305","targetHints":{"allow":["GET"]}}],"collection":[{"href":"https:\/\/audibax.com\/fr\/wp-json\/wp\/v2\/pages"}],"about":[{"href":"https:\/\/audibax.com\/fr\/wp-json\/wp\/v2\/types\/page"}],"author":[{"embeddable":true,"href":"https:\/\/audibax.com\/fr\/wp-json\/wp\/v2\/users\/1"}],"replies":[{"embeddable":true,"href":"https:\/\/audibax.com\/fr\/wp-json\/wp\/v2\/comments?post=32305"}],"version-history":[{"count":11,"href":"https:\/\/audibax.com\/fr\/wp-json\/wp\/v2\/pages\/32305\/revisions"}],"predecessor-version":[{"id":41859,"href":"https:\/\/audibax.com\/fr\/wp-json\/wp\/v2\/pages\/32305\/revisions\/41859"}],"wp:attachment":[{"href":"https:\/\/audibax.com\/fr\/wp-json\/wp\/v2\/media?parent=32305"}],"curies":[{"name":"wp","href":"https:\/\/api.w.org\/{rel}","templated":true}]}}