{"id":32271,"date":"2023-12-18T12:20:53","date_gmt":"2023-12-18T11:20:53","guid":{"rendered":"https:\/\/audibax.com\/cookies-policy\/"},"modified":"2023-12-18T12:38:08","modified_gmt":"2023-12-18T11:38:08","slug":"cookies-policy","status":"publish","type":"page","link":"https:\/\/audibax.com\/fr\/cookies-policy\/","title":{"rendered":"Cookies Policy"},"content":{"rendered":"\t\t<div data-elementor-type=\"wp-page\" data-elementor-id=\"32271\" class=\"elementor elementor-32271 elementor-32263\" data-elementor-post-type=\"page\">\n\t\t\t\t<div class=\"elementor-element elementor-element-49206a1 e-flex e-con-boxed e-con e-parent\" data-id=\"49206a1\" data-element_type=\"container\" data-core-v316-plus=\"true\">\n\t\t\t\t\t<div class=\"e-con-inner\">\n\t\t\t\t<div class=\"elementor-element elementor-element-9533115 elementor-widget elementor-widget-heading\" data-id=\"9533115\" data-element_type=\"widget\" data-widget_type=\"heading.default\">\n\t\t\t\t<div class=\"elementor-widget-container\">\n\t\t\t<style>\/*! elementor - v3.20.0 - 26-03-2024 *\/\n.elementor-heading-title{padding:0;margin:0;line-height:1}.elementor-widget-heading .elementor-heading-title[class*=elementor-size-]>a{color:inherit;font-size:inherit;line-height:inherit}.elementor-widget-heading .elementor-heading-title.elementor-size-small{font-size:15px}.elementor-widget-heading .elementor-heading-title.elementor-size-medium{font-size:19px}.elementor-widget-heading .elementor-heading-title.elementor-size-large{font-size:29px}.elementor-widget-heading .elementor-heading-title.elementor-size-xl{font-size:39px}.elementor-widget-heading .elementor-heading-title.elementor-size-xxl{font-size:59px}<\/style><h2 class=\"elementor-heading-title elementor-size-default\">Politique en mati\u00e8re de cookies<\/h2>\t\t<\/div>\n\t\t\t\t<\/div>\n\t\t\t\t\t<\/div>\n\t\t\t\t<\/div>\n\t\t<div class=\"elementor-element elementor-element-b7b7214 e-flex e-con-boxed e-con e-parent\" data-id=\"b7b7214\" data-element_type=\"container\" data-core-v316-plus=\"true\">\n\t\t\t\t\t<div class=\"e-con-inner\">\n\t\t\t\t<div class=\"elementor-element elementor-element-740618c elementor-widget elementor-widget-text-editor\" data-id=\"740618c\" data-element_type=\"widget\" data-widget_type=\"text-editor.default\">\n\t\t\t\t<div class=\"elementor-widget-container\">\n\t\t\t<style>\/*! elementor - v3.20.0 - 26-03-2024 *\/\n.elementor-widget-text-editor.elementor-drop-cap-view-stacked .elementor-drop-cap{background-color:#69727d;color:#fff}.elementor-widget-text-editor.elementor-drop-cap-view-framed .elementor-drop-cap{color:#69727d;border:3px solid;background-color:transparent}.elementor-widget-text-editor:not(.elementor-drop-cap-view-default) .elementor-drop-cap{margin-top:8px}.elementor-widget-text-editor:not(.elementor-drop-cap-view-default) .elementor-drop-cap-letter{width:1em;height:1em}.elementor-widget-text-editor .elementor-drop-cap{float:left;text-align:center;line-height:1;font-size:50px}.elementor-widget-text-editor .elementor-drop-cap-letter{display:inline-block}<\/style>\t\t\t\t<p><span style=\"font-weight: 400;\">Comme beaucoup d&rsquo;autres sites web commerciaux, Audibax utilise parfois la technologie connue sous le nom de \u00ab\u00a0cookies\u00a0\u00bb pour collecter des informations sur la fa\u00e7on dont vous utilisez le site web et pour assurer le bon d\u00e9roulement de votre visite.<\/span><\/p><p>\u00a0<\/p><p><span style=\"font-weight: 400;\">Les cookies sont des fichiers texte stock\u00e9s dans le navigateur Internet ou provenant du navigateur Internet sur le syst\u00e8me informatique de l&rsquo;utilisateur. Lorsqu&rsquo;un utilisateur visite un site web, un cookie peut \u00eatre stock\u00e9 sur le syst\u00e8me d&rsquo;exploitation de l&rsquo;utilisateur. Ce cookie contient une cha\u00eene distinctive qui permet au navigateur d&rsquo;\u00eatre identifi\u00e9 de mani\u00e8re unique lors d&rsquo;une nouvelle visite du site web.<\/span><\/p><p>\u00a0<\/p><p><span style=\"font-weight: 400;\">Les cookies ne peuvent pas lire d&rsquo;informations sur votre ordinateur ni interagir avec d&rsquo;autres cookies sur votre disque dur. Cependant, les cookies nous permettent de vous reconna\u00eetre lorsque vous visitez \u00e0 nouveau notre site web. Vous pouvez trouver les donn\u00e9es stock\u00e9es dans les cookies dans les param\u00e8tres des cookies.<\/span><\/p><p>\u00a0<\/p><p><span style=\"font-weight: 400;\">Notre site web utilise des cookies transitoires, des cookies persistants, des balises web et un stockage local.<\/span><\/p><p>\u00a0<\/p><p><span style=\"font-weight: 400;\">Cookies transitoires et persistants<\/span><\/p><p>\u00a0<\/p><p><span style=\"font-weight: 400;\">Les cookies transitoires sont automatiquement effac\u00e9s lorsque vous fermez votre navigateur. Il s&rsquo;agit notamment des cookies de session. Ceux-ci stockent un \u00ab\u00a0identifiant de session\u00a0\u00bb qui permet d&rsquo;attribuer les diff\u00e9rentes demandes de votre navigateur \u00e0 la session commune. Cela permet \u00e0 notre site web de reconna\u00eetre votre ordinateur lorsque vous revenez. Les cookies de session sont effac\u00e9s lorsque vous fermez votre navigateur.<\/span><\/p><p>\u00a0<\/p><p><span style=\"font-weight: 400;\">Nous utilisons des cookies transitoires pour rendre nos sites web plus conviviaux. Certains \u00e9l\u00e9ments de notre site web requi\u00e8rent l&rsquo;identification du navigateur, m\u00eame apr\u00e8s que vous ayez chang\u00e9 de page.<\/span><\/p><p>\u00a0<\/p><p><span style=\"font-weight: 400;\">Notre site web utilise \u00e9galement des cookies persistants qui permettent d&rsquo;analyser le comportement de navigation de nos utilisateurs. Les cookies persistants sont automatiquement effac\u00e9s apr\u00e8s une p\u00e9riode prescrite, qui peut varier en fonction du cookie. Ils permettent la transmission, par exemple, des adresses IP et des termes de recherche saisis, ainsi que l&rsquo;utilisation de certaines fonctions du site web.<\/span><\/p><p>\u00a0<\/p><p><span style=\"font-weight: 400;\">La plupart des cookies ne sauvegardent pas les donn\u00e9es personnelles de l&rsquo;utilisateur. Toutefois, l&rsquo;adresse \u00e9lectronique de l&rsquo;utilisateur et son num\u00e9ro de client peuvent \u00eatre stock\u00e9s sur le serveur en plus de l&rsquo;identifiant du cookie.<\/span><\/p><p>\u00a0<\/p><p><span style=\"font-weight: 400;\">Suivi et bogues web<\/span><\/p><p><span style=\"font-weight: 400;\">\u00a0<\/span><\/p><p>\u00a0<\/p><p><span style=\"font-weight: 400;\">Certains de nos services utilisent \u00e9galement des \u00ab\u00a0tracking bugs\u00a0\u00bb, des \u00ab\u00a0web bugs\u00a0\u00bb ou des \u00ab\u00a0tracking pixels\u00a0\u00bb. Il s&rsquo;agit d&rsquo;extraits de code qui ne mesurent g\u00e9n\u00e9ralement que 1&#215;1 pixel et qui peuvent identifier et d\u00e9tecter votre navigateur gr\u00e2ce \u00e0 l&rsquo;ID du navigateur &#8211; l'\u00a0\u00bbempreinte digitale\u00a0\u00bb individuelle de votre navigateur. Ces pixels permettent au fournisseur de services de savoir combien d&rsquo;utilisateurs ont acc\u00e9d\u00e9 au pixel et si et quand un courriel a \u00e9t\u00e9 ouvert ou un site web visit\u00e9.<\/span><\/p><p>\u00a0<\/p><p><span style=\"font-weight: 400;\">Vous pouvez utiliser des outils tels que webwasher, bugnosys et AdBlock pour \u00e9viter les web bugs sur notre site web. Nous n&rsquo;utiliserons pas les web bugs pour collecter secr\u00e8tement vos donn\u00e9es personnelles ou pour partager ces donn\u00e9es avec des tiers et des plateformes de marketing sans votre consentement explicite.<\/span><\/p><p>\u00a0<\/p><p><span style=\"font-weight: 400;\">Objectifs et base juridique de l&rsquo;utilisation de cookies et d&rsquo;autres identifiants<\/span><\/p><p><span style=\"font-weight: 400;\">\u00a0<\/span><\/p><p>\u00a0<\/p><p><span style=\"font-weight: 400;\">La base juridique pour le traitement des donn\u00e9es personnelles en utilisant des cookies techniquement n\u00e9cessaires est la loi espagnole 32\/2002 du 11 juillet pour les services d&rsquo;information et le commerce \u00e9lectronique pour la mise en place de ces cookies sur votre appareil, ainsi que l&rsquo;article 6(1)(1)(f) GDPR, le r\u00e8glement europ\u00e9en 2016\/679 du 27 avril 2016 6 loi organique 3\/2018 du 5 d\u00e9cembre par exemple pour tout traitement n\u00e9cessaire par la suite sur nos syst\u00e8mes.<\/span><\/p><p>\u00a0<\/p><p><span style=\"font-weight: 400;\">L&rsquo;objectif de l&rsquo;utilisation de cookies techniquement essentiels est de faciliter l&rsquo;utilisation des sites web pour les utilisateurs. Certaines fonctionnalit\u00e9s de notre site web ne peuvent pas \u00eatre fournies sans l&rsquo;utilisation de cookies. Pour ces fonctions, il est n\u00e9cessaire de reconna\u00eetre le navigateur, m\u00eame apr\u00e8s avoir chang\u00e9 de page.<\/span><\/p><p>\u00a0<\/p><p><span style=\"font-weight: 400;\">Le droit d&rsquo;opposition est exclu pour les cookies techniquement essentiels, car ils sont n\u00e9cessaires pour afficher le site web et son contenu et pour mettre les fonctionnalit\u00e9s du site web \u00e0 votre disposition.<\/span><\/p><p>\u00a0<\/p><p><span style=\"font-weight: 400;\">Les donn\u00e9es utilisateur collect\u00e9es par le biais des cookies techniquement n\u00e9cessaires ne sont pas utilis\u00e9es pour cr\u00e9er des profils d&rsquo;utilisateur.<\/span><\/p><p>\u00a0<\/p><p><span style=\"font-weight: 400;\">Les cookies d&rsquo;analyse et de marketing sont utilis\u00e9s pour am\u00e9liorer la qualit\u00e9 de notre site web et de son contenu. Les cookies d&rsquo;analyse nous permettent de savoir comment le site web est utilis\u00e9 et donc d&rsquo;optimiser constamment notre service. Pour ex\u00e9cuter des fonctions de traitement sur votre appareil final qui sont bas\u00e9es sur des cookies ou d&rsquo;autres identifiants (p. ex. empreintes digitales du navigateur, pixels) et qui ne sont pas techniquement n\u00e9cessaires au fonctionnement de notre site web, nous avons d&rsquo;abord besoin de votre consentement, que vous pouvez donner en utilisant la fen\u00eatre contextuelle des cookies qui s&rsquo;affiche lorsque vous acc\u00e9dez \u00e0 notre site web. La base juridique de ce traitement bas\u00e9 sur les cookies est la loi espagnole 32\/2002 du 11 juillet pour les services d&rsquo;information et le commerce \u00e9lectronique pour la mise en place de ces cookies sur votre appareil, ainsi que l&rsquo;article 6(1)(1)(f) GDPR, le r\u00e8glement europ\u00e9en 2016\/679 du 27 avril 2016 6 loi organique 3\/2018 du 5 d\u00e9cembre, par exemple pour tout traitement ult\u00e9rieur n\u00e9cessaire sur nos syst\u00e8mes.<\/span><\/p><p>\u00a0<\/p><p><span style=\"font-weight: 400;\">Retrait du consentement \u00e0 l&rsquo;utilisation de cookies et d&rsquo;autres identifiants\/balises<\/span><\/p><p><span style=\"font-weight: 400;\">Vous pouvez \u00e0 tout moment retirer votre consentement \u00e0 l&rsquo;utilisation de cookies pour collecter des donn\u00e9es en d\u00e9sactivant les cookies ici. Vous pouvez \u00e9galement d\u00e9sactiver les cookies individuellement ou enti\u00e8rement \u00e0 l&rsquo;aide de l&rsquo;interrupteur \u00e0 bascule dans les param\u00e8tres des cookies. Vous pouvez refuser les cookies qui ne sont pas techniquement n\u00e9cessaires directement via notre couche de cookies lors de votre premi\u00e8re visite sur notre site web.<\/span><\/p><p>\u00a0<\/p><p><span style=\"font-weight: 400;\">Si vous ne souhaitez pas que votre navigateur accepte les cookies, vous pouvez \u00e9galement d\u00e9sactiver ou limiter les cookies. Les cookies d\u00e9j\u00e0 enregistr\u00e9s peuvent \u00eatre supprim\u00e9s ou d\u00e9sactiv\u00e9s \u00e0 tout moment dans votre navigateur web. La d\u00e9sactivation des cookies peut emp\u00eacher le bon fonctionnement de ce site web. Il se peut que vous ne puissiez pas acc\u00e9der \u00e0 toutes les options et informations de ce site web. N&rsquo;oubliez pas que les cookies doivent \u00eatre d\u00e9sactiv\u00e9s s\u00e9par\u00e9ment dans chacun des navigateurs que vous utilisez.<\/span><\/p><p>\u00a0<\/p><p><span style=\"font-weight: 400;\">Pour plus d&rsquo;informations sur la mani\u00e8re de g\u00e9rer ou de supprimer les cookies \u00e0 l&rsquo;aide des param\u00e8tres de votre navigateur, veuillez consulter la page d&rsquo;aide de ce navigateur.<\/span><\/p>\t\t\t\t\t\t<\/div>\n\t\t\t\t<\/div>\n\t\t\t\t\t<\/div>\n\t\t\t\t<\/div>\n\t\t\t\t<\/div>\n\t\t","protected":false},"excerpt":{"rendered":"<p>Politique en mati\u00e8re de cookies Comme beaucoup d&rsquo;autres sites web commerciaux, Audibax utilise parfois la technologie connue sous le nom de \u00ab\u00a0cookies\u00a0\u00bb pour collecter des informations sur la fa\u00e7on dont vous utilisez le site web et pour assurer le bon d\u00e9roulement de votre visite. \u00a0 Les cookies sont des fichiers texte stock\u00e9s dans le navigateur [&hellip;]<\/p>\n","protected":false},"author":1,"featured_media":0,"parent":0,"menu_order":0,"comment_status":"closed","ping_status":"closed","template":"","meta":{"_acf_changed":false,"footnotes":""},"class_list":["post-32271","page","type-page","status-publish","hentry"],"acf":[],"yoast_head":"<!-- This site is optimized with the Yoast SEO plugin v27.0 - https:\/\/yoast.com\/product\/yoast-seo-wordpress\/ -->\n<title>Cookies Policy - Audibax<\/title>\n<meta name=\"robots\" content=\"index, follow, max-snippet:-1, max-image-preview:large, max-video-preview:-1\" \/>\n<link rel=\"canonical\" href=\"https:\/\/audibax.com\/fr\/cookies-policy\/\" \/>\n<meta property=\"og:locale\" content=\"fr_FR\" \/>\n<meta property=\"og:type\" content=\"article\" \/>\n<meta property=\"og:title\" content=\"Cookies Policy - Audibax\" \/>\n<meta property=\"og:description\" content=\"Politique en mati\u00e8re de cookies Comme beaucoup d&rsquo;autres sites web commerciaux, Audibax utilise parfois la technologie connue sous le nom de \u00ab\u00a0cookies\u00a0\u00bb pour collecter des informations sur la fa\u00e7on dont vous utilisez le site web et pour assurer le bon d\u00e9roulement de votre visite. \u00a0 Les cookies sont des fichiers texte stock\u00e9s dans le navigateur [&hellip;]\" \/>\n<meta property=\"og:url\" content=\"https:\/\/audibax.com\/fr\/cookies-policy\/\" \/>\n<meta property=\"og:site_name\" content=\"Audibax\" \/>\n<meta property=\"article:modified_time\" content=\"2023-12-18T11:38:08+00:00\" \/>\n<meta name=\"twitter:card\" content=\"summary_large_image\" \/>\n<meta name=\"twitter:label1\" content=\"Dur\u00e9e de lecture estim\u00e9e\" \/>\n\t<meta name=\"twitter:data1\" content=\"6 minutes\" \/>\n<script type=\"application\/ld+json\" class=\"yoast-schema-graph\">{\"@context\":\"https:\/\/schema.org\",\"@graph\":[{\"@type\":\"WebPage\",\"@id\":\"https:\/\/audibax.com\/fr\/cookies-policy\/\",\"url\":\"https:\/\/audibax.com\/fr\/cookies-policy\/\",\"name\":\"Cookies Policy - Audibax\",\"isPartOf\":{\"@id\":\"https:\/\/audibax.com\/fr\/#website\"},\"datePublished\":\"2023-12-18T11:20:53+00:00\",\"dateModified\":\"2023-12-18T11:38:08+00:00\",\"breadcrumb\":{\"@id\":\"https:\/\/audibax.com\/fr\/cookies-policy\/#breadcrumb\"},\"inLanguage\":\"fr-FR\",\"potentialAction\":[{\"@type\":\"ReadAction\",\"target\":[\"https:\/\/audibax.com\/fr\/cookies-policy\/\"]}]},{\"@type\":\"BreadcrumbList\",\"@id\":\"https:\/\/audibax.com\/fr\/cookies-policy\/#breadcrumb\",\"itemListElement\":[{\"@type\":\"ListItem\",\"position\":1,\"name\":\"Portada\",\"item\":\"https:\/\/audibax.com\/fr\/\"},{\"@type\":\"ListItem\",\"position\":2,\"name\":\"Cookies Policy\"}]},{\"@type\":\"WebSite\",\"@id\":\"https:\/\/audibax.com\/fr\/#website\",\"url\":\"https:\/\/audibax.com\/fr\/\",\"name\":\"Audibax\",\"description\":\"\",\"publisher\":{\"@id\":\"https:\/\/audibax.com\/fr\/#organization\"},\"potentialAction\":[{\"@type\":\"SearchAction\",\"target\":{\"@type\":\"EntryPoint\",\"urlTemplate\":\"https:\/\/audibax.com\/fr\/?s={search_term_string}\"},\"query-input\":{\"@type\":\"PropertyValueSpecification\",\"valueRequired\":true,\"valueName\":\"search_term_string\"}}],\"inLanguage\":\"fr-FR\"},{\"@type\":\"Organization\",\"@id\":\"https:\/\/audibax.com\/fr\/#organization\",\"name\":\"Audibax\",\"url\":\"https:\/\/audibax.com\/fr\/\",\"logo\":{\"@type\":\"ImageObject\",\"inLanguage\":\"fr-FR\",\"@id\":\"https:\/\/audibax.com\/fr\/#\/schema\/logo\/image\/\",\"url\":\"https:\/\/audibax.com\/wp-content\/uploads\/2023\/09\/logo-Audibax-BLANCO-SVG-1.svg\",\"contentUrl\":\"https:\/\/audibax.com\/wp-content\/uploads\/2023\/09\/logo-Audibax-BLANCO-SVG-1.svg\",\"caption\":\"Audibax\"},\"image\":{\"@id\":\"https:\/\/audibax.com\/fr\/#\/schema\/logo\/image\/\"}}]}<\/script>\n<!-- \/ Yoast SEO plugin. -->","yoast_head_json":{"title":"Cookies Policy - Audibax","robots":{"index":"index","follow":"follow","max-snippet":"max-snippet:-1","max-image-preview":"max-image-preview:large","max-video-preview":"max-video-preview:-1"},"canonical":"https:\/\/audibax.com\/fr\/cookies-policy\/","og_locale":"fr_FR","og_type":"article","og_title":"Cookies Policy - Audibax","og_description":"Politique en mati\u00e8re de cookies Comme beaucoup d&rsquo;autres sites web commerciaux, Audibax utilise parfois la technologie connue sous le nom de \u00ab\u00a0cookies\u00a0\u00bb pour collecter des informations sur la fa\u00e7on dont vous utilisez le site web et pour assurer le bon d\u00e9roulement de votre visite. \u00a0 Les cookies sont des fichiers texte stock\u00e9s dans le navigateur [&hellip;]","og_url":"https:\/\/audibax.com\/fr\/cookies-policy\/","og_site_name":"Audibax","article_modified_time":"2023-12-18T11:38:08+00:00","twitter_card":"summary_large_image","twitter_misc":{"Dur\u00e9e de lecture estim\u00e9e":"6 minutes"},"schema":{"@context":"https:\/\/schema.org","@graph":[{"@type":"WebPage","@id":"https:\/\/audibax.com\/fr\/cookies-policy\/","url":"https:\/\/audibax.com\/fr\/cookies-policy\/","name":"Cookies Policy - Audibax","isPartOf":{"@id":"https:\/\/audibax.com\/fr\/#website"},"datePublished":"2023-12-18T11:20:53+00:00","dateModified":"2023-12-18T11:38:08+00:00","breadcrumb":{"@id":"https:\/\/audibax.com\/fr\/cookies-policy\/#breadcrumb"},"inLanguage":"fr-FR","potentialAction":[{"@type":"ReadAction","target":["https:\/\/audibax.com\/fr\/cookies-policy\/"]}]},{"@type":"BreadcrumbList","@id":"https:\/\/audibax.com\/fr\/cookies-policy\/#breadcrumb","itemListElement":[{"@type":"ListItem","position":1,"name":"Portada","item":"https:\/\/audibax.com\/fr\/"},{"@type":"ListItem","position":2,"name":"Cookies Policy"}]},{"@type":"WebSite","@id":"https:\/\/audibax.com\/fr\/#website","url":"https:\/\/audibax.com\/fr\/","name":"Audibax","description":"","publisher":{"@id":"https:\/\/audibax.com\/fr\/#organization"},"potentialAction":[{"@type":"SearchAction","target":{"@type":"EntryPoint","urlTemplate":"https:\/\/audibax.com\/fr\/?s={search_term_string}"},"query-input":{"@type":"PropertyValueSpecification","valueRequired":true,"valueName":"search_term_string"}}],"inLanguage":"fr-FR"},{"@type":"Organization","@id":"https:\/\/audibax.com\/fr\/#organization","name":"Audibax","url":"https:\/\/audibax.com\/fr\/","logo":{"@type":"ImageObject","inLanguage":"fr-FR","@id":"https:\/\/audibax.com\/fr\/#\/schema\/logo\/image\/","url":"https:\/\/audibax.com\/wp-content\/uploads\/2023\/09\/logo-Audibax-BLANCO-SVG-1.svg","contentUrl":"https:\/\/audibax.com\/wp-content\/uploads\/2023\/09\/logo-Audibax-BLANCO-SVG-1.svg","caption":"Audibax"},"image":{"@id":"https:\/\/audibax.com\/fr\/#\/schema\/logo\/image\/"}}]}},"_links":{"self":[{"href":"https:\/\/audibax.com\/fr\/wp-json\/wp\/v2\/pages\/32271","targetHints":{"allow":["GET"]}}],"collection":[{"href":"https:\/\/audibax.com\/fr\/wp-json\/wp\/v2\/pages"}],"about":[{"href":"https:\/\/audibax.com\/fr\/wp-json\/wp\/v2\/types\/page"}],"author":[{"embeddable":true,"href":"https:\/\/audibax.com\/fr\/wp-json\/wp\/v2\/users\/1"}],"replies":[{"embeddable":true,"href":"https:\/\/audibax.com\/fr\/wp-json\/wp\/v2\/comments?post=32271"}],"version-history":[{"count":9,"href":"https:\/\/audibax.com\/fr\/wp-json\/wp\/v2\/pages\/32271\/revisions"}],"predecessor-version":[{"id":32294,"href":"https:\/\/audibax.com\/fr\/wp-json\/wp\/v2\/pages\/32271\/revisions\/32294"}],"wp:attachment":[{"href":"https:\/\/audibax.com\/fr\/wp-json\/wp\/v2\/media?parent=32271"}],"curies":[{"name":"wp","href":"https:\/\/api.w.org\/{rel}","templated":true}]}}