{"id":53766,"date":"2025-12-02T11:25:40","date_gmt":"2025-12-02T10:25:40","guid":{"rendered":"https:\/\/audibax.com\/?post_type=product&#038;p=53766"},"modified":"2026-03-03T11:31:24","modified_gmt":"2026-03-03T10:31:24","slug":"audibax-pce2000-25-cable-de-alimentacion","status":"publish","type":"product","link":"https:\/\/audibax.com\/es\/producto\/audibax-pce2000-25-cable-de-alimentacion\/","title":{"rendered":"PCE2000-25"},"content":{"rendered":"<p><strong>Audibax PCE2000-25 Power Extension Cord<\/strong> es un <strong>cable de extensi\u00f3n profesional de 20 metros<\/strong> dise\u00f1ado para ofrecer potencia y fiabilidad en cualquier entorno t\u00e9cnico o esc\u00e9nico.<br \/>\nFabricado en <strong>PVC resistente<\/strong> con cable <strong>H05VV-F de 2,5 mm\u00b2<\/strong>, garantiza una <strong>transmisi\u00f3n el\u00e9ctrica estable y segura<\/strong> incluso en usos intensivos.<br \/>\nSu <strong>conector EURO-C13<\/strong> y la <strong>certificaci\u00f3n VDE<\/strong> aseguran compatibilidad y cumplimiento con los est\u00e1ndares europeos de seguridad el\u00e9ctrica.<\/p>\n<ul>\n<li><strong>Tipo Instalaci\u00f3n:\u00a0<\/strong>Extensi\u00f3n de cable<\/li>\n<li><strong>Voltaje de entrada:\u00a0<\/strong>220-250V<\/li>\n<li><strong>Longitud del cable:<\/strong>\u00a020\u00a0metros<\/li>\n<li><strong>Tipo de enchufe:\u00a0<\/strong>EURO-C13<\/li>\n<li><strong>Potencia m\u00e1xima:\u00a0<\/strong>3680 W (220\u2013250 V \/ 5 A)<\/li>\n<li><strong>Di\u00e1metro del cable: <\/strong>2.5mm\u00b2<\/li>\n<li><strong>Material:\u00a0<\/strong>PVC<\/li>\n<li><strong>Indice de protecci\u00f3n:<\/strong> IP44<\/li>\n<li><strong>Color:\u00a0<\/strong>Negro<\/li>\n<li><strong>Certificaciones:\u00a0<\/strong>VDE<\/li>\n<\/ul>\n","protected":false},"excerpt":{"rendered":"<ul>\n<li><strong>Voltaje de entrada:\u00a0<\/strong>220-250V<\/li>\n<li><strong>Longitud del cable:<\/strong>\u00a020\u00a0metros<\/li>\n<li><strong>Tipo de conector:\u00a0<\/strong>Schuko macho &#8211; Schuko hembra<\/li>\n<li><strong>Certificaciones: <\/strong>VDE<\/li>\n<\/ul>\n","protected":false},"featured_media":54595,"comment_status":"open","ping_status":"closed","template":"","meta":{"_acf_changed":false},"product_cat":[786],"product_tag":[753],"class_list":{"0":"post-53766","1":"product","2":"type-product","3":"status-publish","4":"has-post-thumbnail","6":"product_cat-cables-powercon","7":"product_tag-new","9":"first","10":"instock","11":"shipping-taxable","12":"product-type-simple"},"acf":[],"yoast_head":"<!-- This site is optimized with the Yoast SEO plugin v27.0 - https:\/\/yoast.com\/product\/yoast-seo-wordpress\/ -->\n<title>PCE2000-25 - Audibax<\/title>\n<meta name=\"robots\" content=\"index, follow, max-snippet:-1, max-image-preview:large, max-video-preview:-1\" \/>\n<link rel=\"canonical\" href=\"https:\/\/audibax.com\/es\/producto\/audibax-pce2000-25-cable-de-alimentacion\/\" \/>\n<meta property=\"og:locale\" content=\"es_ES\" \/>\n<meta property=\"og:type\" content=\"article\" \/>\n<meta property=\"og:title\" content=\"PCE2000-25 - Audibax\" \/>\n<meta property=\"og:description\" content=\"Voltaje de entrada:\u00a0220-250V  Longitud del cable:\u00a020\u00a0metros  Tipo de conector:\u00a0Schuko macho - Schuko hembra  Certificaciones: VDE\" \/>\n<meta property=\"og:url\" content=\"https:\/\/audibax.com\/es\/producto\/audibax-pce2000-25-cable-de-alimentacion\/\" \/>\n<meta property=\"og:site_name\" content=\"Audibax\" \/>\n<meta property=\"article:modified_time\" content=\"2026-03-03T10:31:24+00:00\" \/>\n<meta property=\"og:image\" content=\"https:\/\/audibax.com\/wp-content\/uploads\/2025\/12\/Principal_PCE2000-25_10315852_3.png\" \/>\n\t<meta property=\"og:image:width\" content=\"2500\" \/>\n\t<meta property=\"og:image:height\" content=\"1768\" \/>\n\t<meta property=\"og:image:type\" content=\"image\/png\" \/>\n<meta name=\"twitter:card\" content=\"summary_large_image\" \/>\n<meta name=\"twitter:label1\" content=\"Tiempo de lectura\" \/>\n\t<meta name=\"twitter:data1\" content=\"1 minuto\" \/>\n<script type=\"application\/ld+json\" class=\"yoast-schema-graph\">{\"@context\":\"https:\/\/schema.org\",\"@graph\":[{\"@type\":\"WebPage\",\"@id\":\"https:\/\/audibax.com\/es\/producto\/audibax-pce2000-25-cable-de-alimentacion\/\",\"url\":\"https:\/\/audibax.com\/es\/producto\/audibax-pce2000-25-cable-de-alimentacion\/\",\"name\":\"PCE2000-25 - Audibax\",\"isPartOf\":{\"@id\":\"https:\/\/audibax.com\/es\/#website\"},\"primaryImageOfPage\":{\"@id\":\"https:\/\/audibax.com\/es\/producto\/audibax-pce2000-25-cable-de-alimentacion\/#primaryimage\"},\"image\":{\"@id\":\"https:\/\/audibax.com\/es\/producto\/audibax-pce2000-25-cable-de-alimentacion\/#primaryimage\"},\"thumbnailUrl\":\"https:\/\/audibax.com\/wp-content\/uploads\/2025\/12\/Principal_PCE2000-25_10315852_3.png\",\"datePublished\":\"2025-12-02T10:25:40+00:00\",\"dateModified\":\"2026-03-03T10:31:24+00:00\",\"breadcrumb\":{\"@id\":\"https:\/\/audibax.com\/es\/producto\/audibax-pce2000-25-cable-de-alimentacion\/#breadcrumb\"},\"inLanguage\":\"es\",\"potentialAction\":[{\"@type\":\"ReadAction\",\"target\":[\"https:\/\/audibax.com\/es\/producto\/audibax-pce2000-25-cable-de-alimentacion\/\"]}]},{\"@type\":\"ImageObject\",\"inLanguage\":\"es\",\"@id\":\"https:\/\/audibax.com\/es\/producto\/audibax-pce2000-25-cable-de-alimentacion\/#primaryimage\",\"url\":\"https:\/\/audibax.com\/wp-content\/uploads\/2025\/12\/Principal_PCE2000-25_10315852_3.png\",\"contentUrl\":\"https:\/\/audibax.com\/wp-content\/uploads\/2025\/12\/Principal_PCE2000-25_10315852_3.png\",\"width\":2500,\"height\":1768},{\"@type\":\"BreadcrumbList\",\"@id\":\"https:\/\/audibax.com\/es\/producto\/audibax-pce2000-25-cable-de-alimentacion\/#breadcrumb\",\"itemListElement\":[{\"@type\":\"ListItem\",\"position\":1,\"name\":\"Portada\",\"item\":\"https:\/\/audibax.com\/es\/\"},{\"@type\":\"ListItem\",\"position\":2,\"name\":\"Productos\",\"item\":\"https:\/\/audibax.com\/es\/shop\/\"},{\"@type\":\"ListItem\",\"position\":3,\"name\":\"PCE2000-25\"}]},{\"@type\":\"WebSite\",\"@id\":\"https:\/\/audibax.com\/es\/#website\",\"url\":\"https:\/\/audibax.com\/es\/\",\"name\":\"Audibax\",\"description\":\"\",\"publisher\":{\"@id\":\"https:\/\/audibax.com\/es\/#organization\"},\"potentialAction\":[{\"@type\":\"SearchAction\",\"target\":{\"@type\":\"EntryPoint\",\"urlTemplate\":\"https:\/\/audibax.com\/es\/?s={search_term_string}\"},\"query-input\":{\"@type\":\"PropertyValueSpecification\",\"valueRequired\":true,\"valueName\":\"search_term_string\"}}],\"inLanguage\":\"es\"},{\"@type\":\"Organization\",\"@id\":\"https:\/\/audibax.com\/es\/#organization\",\"name\":\"Audibax\",\"url\":\"https:\/\/audibax.com\/es\/\",\"logo\":{\"@type\":\"ImageObject\",\"inLanguage\":\"es\",\"@id\":\"https:\/\/audibax.com\/es\/#\/schema\/logo\/image\/\",\"url\":\"https:\/\/audibax.com\/wp-content\/uploads\/2023\/09\/logo-Audibax-BLANCO-SVG-1.svg\",\"contentUrl\":\"https:\/\/audibax.com\/wp-content\/uploads\/2023\/09\/logo-Audibax-BLANCO-SVG-1.svg\",\"caption\":\"Audibax\"},\"image\":{\"@id\":\"https:\/\/audibax.com\/es\/#\/schema\/logo\/image\/\"}}]}<\/script>\n<!-- \/ Yoast SEO plugin. -->","yoast_head_json":{"title":"PCE2000-25 - Audibax","robots":{"index":"index","follow":"follow","max-snippet":"max-snippet:-1","max-image-preview":"max-image-preview:large","max-video-preview":"max-video-preview:-1"},"canonical":"https:\/\/audibax.com\/es\/producto\/audibax-pce2000-25-cable-de-alimentacion\/","og_locale":"es_ES","og_type":"article","og_title":"PCE2000-25 - Audibax","og_description":"Voltaje de entrada:\u00a0220-250V  Longitud del cable:\u00a020\u00a0metros  Tipo de conector:\u00a0Schuko macho - Schuko hembra  Certificaciones: VDE","og_url":"https:\/\/audibax.com\/es\/producto\/audibax-pce2000-25-cable-de-alimentacion\/","og_site_name":"Audibax","article_modified_time":"2026-03-03T10:31:24+00:00","og_image":[{"width":2500,"height":1768,"url":"https:\/\/audibax.com\/wp-content\/uploads\/2025\/12\/Principal_PCE2000-25_10315852_3.png","type":"image\/png"}],"twitter_card":"summary_large_image","twitter_misc":{"Tiempo de lectura":"1 minuto"},"schema":{"@context":"https:\/\/schema.org","@graph":[{"@type":"WebPage","@id":"https:\/\/audibax.com\/es\/producto\/audibax-pce2000-25-cable-de-alimentacion\/","url":"https:\/\/audibax.com\/es\/producto\/audibax-pce2000-25-cable-de-alimentacion\/","name":"PCE2000-25 - Audibax","isPartOf":{"@id":"https:\/\/audibax.com\/es\/#website"},"primaryImageOfPage":{"@id":"https:\/\/audibax.com\/es\/producto\/audibax-pce2000-25-cable-de-alimentacion\/#primaryimage"},"image":{"@id":"https:\/\/audibax.com\/es\/producto\/audibax-pce2000-25-cable-de-alimentacion\/#primaryimage"},"thumbnailUrl":"https:\/\/audibax.com\/wp-content\/uploads\/2025\/12\/Principal_PCE2000-25_10315852_3.png","datePublished":"2025-12-02T10:25:40+00:00","dateModified":"2026-03-03T10:31:24+00:00","breadcrumb":{"@id":"https:\/\/audibax.com\/es\/producto\/audibax-pce2000-25-cable-de-alimentacion\/#breadcrumb"},"inLanguage":"es","potentialAction":[{"@type":"ReadAction","target":["https:\/\/audibax.com\/es\/producto\/audibax-pce2000-25-cable-de-alimentacion\/"]}]},{"@type":"ImageObject","inLanguage":"es","@id":"https:\/\/audibax.com\/es\/producto\/audibax-pce2000-25-cable-de-alimentacion\/#primaryimage","url":"https:\/\/audibax.com\/wp-content\/uploads\/2025\/12\/Principal_PCE2000-25_10315852_3.png","contentUrl":"https:\/\/audibax.com\/wp-content\/uploads\/2025\/12\/Principal_PCE2000-25_10315852_3.png","width":2500,"height":1768},{"@type":"BreadcrumbList","@id":"https:\/\/audibax.com\/es\/producto\/audibax-pce2000-25-cable-de-alimentacion\/#breadcrumb","itemListElement":[{"@type":"ListItem","position":1,"name":"Portada","item":"https:\/\/audibax.com\/es\/"},{"@type":"ListItem","position":2,"name":"Productos","item":"https:\/\/audibax.com\/es\/shop\/"},{"@type":"ListItem","position":3,"name":"PCE2000-25"}]},{"@type":"WebSite","@id":"https:\/\/audibax.com\/es\/#website","url":"https:\/\/audibax.com\/es\/","name":"Audibax","description":"","publisher":{"@id":"https:\/\/audibax.com\/es\/#organization"},"potentialAction":[{"@type":"SearchAction","target":{"@type":"EntryPoint","urlTemplate":"https:\/\/audibax.com\/es\/?s={search_term_string}"},"query-input":{"@type":"PropertyValueSpecification","valueRequired":true,"valueName":"search_term_string"}}],"inLanguage":"es"},{"@type":"Organization","@id":"https:\/\/audibax.com\/es\/#organization","name":"Audibax","url":"https:\/\/audibax.com\/es\/","logo":{"@type":"ImageObject","inLanguage":"es","@id":"https:\/\/audibax.com\/es\/#\/schema\/logo\/image\/","url":"https:\/\/audibax.com\/wp-content\/uploads\/2023\/09\/logo-Audibax-BLANCO-SVG-1.svg","contentUrl":"https:\/\/audibax.com\/wp-content\/uploads\/2023\/09\/logo-Audibax-BLANCO-SVG-1.svg","caption":"Audibax"},"image":{"@id":"https:\/\/audibax.com\/es\/#\/schema\/logo\/image\/"}}]}},"_links":{"self":[{"href":"https:\/\/audibax.com\/es\/wp-json\/wp\/v2\/product\/53766","targetHints":{"allow":["GET"]}}],"collection":[{"href":"https:\/\/audibax.com\/es\/wp-json\/wp\/v2\/product"}],"about":[{"href":"https:\/\/audibax.com\/es\/wp-json\/wp\/v2\/types\/product"}],"replies":[{"embeddable":true,"href":"https:\/\/audibax.com\/es\/wp-json\/wp\/v2\/comments?post=53766"}],"wp:featuredmedia":[{"embeddable":true,"href":"https:\/\/audibax.com\/es\/wp-json\/wp\/v2\/media\/54595"}],"wp:attachment":[{"href":"https:\/\/audibax.com\/es\/wp-json\/wp\/v2\/media?parent=53766"}],"wp:term":[{"taxonomy":"product_cat","embeddable":true,"href":"https:\/\/audibax.com\/es\/wp-json\/wp\/v2\/product_cat?post=53766"},{"taxonomy":"product_tag","embeddable":true,"href":"https:\/\/audibax.com\/es\/wp-json\/wp\/v2\/product_tag?post=53766"}],"curies":[{"name":"wp","href":"https:\/\/api.w.org\/{rel}","templated":true}]}}