{"id":48900,"date":"2025-01-20T16:49:39","date_gmt":"2025-01-20T15:49:39","guid":{"rendered":"https:\/\/audibax.com\/product\/spark-650-kit-fc2\/"},"modified":"2025-01-20T16:52:56","modified_gmt":"2025-01-20T15:52:56","slug":"spark-650-kit-fc2","status":"publish","type":"product","link":"https:\/\/audibax.com\/es\/producto\/spark-650-kit-fc2\/","title":{"rendered":"SPARK 650 KIT FC2"},"content":{"rendered":"<p><strong>Audibax Spark 650 M\u00e1quina de Fuego Fr\u00edo 2 Unidades + Flightcase Doble\u200bCaracter\u00edsticas<\/strong><\/p>\n<p><strong>Caracter\u00edsticas<\/strong><\/p>\n<p>Genera chispas con una altura de entre 1 y 5 metros, ideal para eventos y espect\u00e1culos profesionales<br \/>\nTanque con capacidad de 100 g, ofreciendo una pulsaci\u00f3n continua de hasta 20 segundos.<br \/>\nModo multidisparo con una duraci\u00f3n total de hasta 20 minutos, dependiendo de la carga del consumible.<br \/>\nCompatible con control inal\u00e1mbrico, DMX y manual, adapt\u00e1ndose a distintos tipos de configuraci\u00f3n.<br \/>\nNo requiere tarjeta de desbloqueo y no tiene l\u00edmite de tiempo de uso.<br \/>\nDise\u00f1o vers\u00e1til que permite su uso en interiores y exteriores.<br \/>\nSistema sencillo para suministrar y desalojar el consumible, facilitando el transporte y la operatividad.<\/p>\n<p><strong>Especificaciones<\/strong><\/p>\n<ul>\n<li>Potencia: 650 W<br \/>\nAltura de las chispas: Hasta 5 metros<br \/>\nTemperatura de trabajo: -10 \u00b0C &#8211; 50 \u00b0C<br \/>\nModos de control: Control inal\u00e1mbrico, DMX de 3 pines<br \/>\nFuente de alimentaci\u00f3n: 110 V\/10 A, 220 V\/6 A<br \/>\nMaterial: Aluminio<br \/>\nTiempo m\u00e1ximo de disparo continuo: 4 minutos<br \/>\nDimensiones de la m\u00e1quina: 185 x 185 x 252 mm<br \/>\nDimensiones del embalaje: 305 x 305 x 340 mm<br \/>\nPeso: 5.9 kg<br \/>\nColor: Negro<\/li>\n<\/ul>\n","protected":false},"excerpt":{"rendered":"<ul>\n<li>Potencia: 650 W<\/li>\n<li>Altura de las chispas: 1 a 5 metros<\/li>\n<li>Temperatura de trabajo: -10 \u00b0C &#8211; 50 \u00b0C<\/li>\n<li>Capacidad del tanque: 100 g<\/li>\n<li>Duraci\u00f3n continua m\u00e1xima: 20 segundos<\/li>\n<li>Canales DMX: 2 canales<\/li>\n<\/ul>\n","protected":false},"featured_media":48886,"comment_status":"open","ping_status":"closed","template":"","meta":{"_acf_changed":false},"product_cat":[358],"product_tag":[],"class_list":{"0":"post-48900","1":"product","2":"type-product","3":"status-publish","4":"has-post-thumbnail","6":"product_cat-maquina-de-efectos","8":"first","9":"instock","10":"shipping-taxable","11":"product-type-simple"},"acf":[],"yoast_head":"<!-- This site is optimized with the Yoast SEO plugin v27.0 - https:\/\/yoast.com\/product\/yoast-seo-wordpress\/ -->\n<title>SPARK 650 KIT FC2 - Audibax<\/title>\n<meta name=\"robots\" content=\"index, follow, max-snippet:-1, max-image-preview:large, max-video-preview:-1\" \/>\n<link rel=\"canonical\" href=\"https:\/\/audibax.com\/es\/producto\/spark-650-kit-fc2\/\" \/>\n<meta property=\"og:locale\" content=\"es_ES\" \/>\n<meta property=\"og:type\" content=\"article\" \/>\n<meta property=\"og:title\" content=\"SPARK 650 KIT FC2 - Audibax\" \/>\n<meta property=\"og:description\" content=\"Potencia: 650 W  Altura de las chispas: 1 a 5 metros  Temperatura de trabajo: -10 \u00b0C - 50 \u00b0C  Capacidad del tanque: 100 g  Duraci\u00f3n continua m\u00e1xima: 20 segundos  Canales DMX: 2 canales\" \/>\n<meta property=\"og:url\" content=\"https:\/\/audibax.com\/es\/producto\/spark-650-kit-fc2\/\" \/>\n<meta property=\"og:site_name\" content=\"Audibax\" \/>\n<meta property=\"article:modified_time\" content=\"2025-01-20T15:52:56+00:00\" \/>\n<meta property=\"og:image\" content=\"https:\/\/audibax.com\/wp-content\/uploads\/2025\/01\/10301692_01-1024x724.png\" \/>\n\t<meta property=\"og:image:width\" content=\"1024\" \/>\n\t<meta property=\"og:image:height\" content=\"724\" \/>\n\t<meta property=\"og:image:type\" content=\"image\/png\" \/>\n<meta name=\"twitter:card\" content=\"summary_large_image\" \/>\n<meta name=\"twitter:label1\" content=\"Tiempo de lectura\" \/>\n\t<meta name=\"twitter:data1\" content=\"1 minuto\" \/>\n<script type=\"application\/ld+json\" class=\"yoast-schema-graph\">{\"@context\":\"https:\/\/schema.org\",\"@graph\":[{\"@type\":\"WebPage\",\"@id\":\"https:\/\/audibax.com\/es\/producto\/spark-650-kit-fc2\/\",\"url\":\"https:\/\/audibax.com\/es\/producto\/spark-650-kit-fc2\/\",\"name\":\"SPARK 650 KIT FC2 - Audibax\",\"isPartOf\":{\"@id\":\"https:\/\/audibax.com\/es\/#website\"},\"primaryImageOfPage\":{\"@id\":\"https:\/\/audibax.com\/es\/producto\/spark-650-kit-fc2\/#primaryimage\"},\"image\":{\"@id\":\"https:\/\/audibax.com\/es\/producto\/spark-650-kit-fc2\/#primaryimage\"},\"thumbnailUrl\":\"https:\/\/audibax.com\/wp-content\/uploads\/2025\/01\/10301692_01.png\",\"datePublished\":\"2025-01-20T15:49:39+00:00\",\"dateModified\":\"2025-01-20T15:52:56+00:00\",\"breadcrumb\":{\"@id\":\"https:\/\/audibax.com\/es\/producto\/spark-650-kit-fc2\/#breadcrumb\"},\"inLanguage\":\"es\",\"potentialAction\":[{\"@type\":\"ReadAction\",\"target\":[\"https:\/\/audibax.com\/es\/producto\/spark-650-kit-fc2\/\"]}]},{\"@type\":\"ImageObject\",\"inLanguage\":\"es\",\"@id\":\"https:\/\/audibax.com\/es\/producto\/spark-650-kit-fc2\/#primaryimage\",\"url\":\"https:\/\/audibax.com\/wp-content\/uploads\/2025\/01\/10301692_01.png\",\"contentUrl\":\"https:\/\/audibax.com\/wp-content\/uploads\/2025\/01\/10301692_01.png\",\"width\":2500,\"height\":1767},{\"@type\":\"BreadcrumbList\",\"@id\":\"https:\/\/audibax.com\/es\/producto\/spark-650-kit-fc2\/#breadcrumb\",\"itemListElement\":[{\"@type\":\"ListItem\",\"position\":1,\"name\":\"Portada\",\"item\":\"https:\/\/audibax.com\/es\/\"},{\"@type\":\"ListItem\",\"position\":2,\"name\":\"Productos\",\"item\":\"https:\/\/audibax.com\/es\/shop\/\"},{\"@type\":\"ListItem\",\"position\":3,\"name\":\"SPARK 650 KIT FC2\"}]},{\"@type\":\"WebSite\",\"@id\":\"https:\/\/audibax.com\/es\/#website\",\"url\":\"https:\/\/audibax.com\/es\/\",\"name\":\"Audibax\",\"description\":\"\",\"publisher\":{\"@id\":\"https:\/\/audibax.com\/es\/#organization\"},\"potentialAction\":[{\"@type\":\"SearchAction\",\"target\":{\"@type\":\"EntryPoint\",\"urlTemplate\":\"https:\/\/audibax.com\/es\/?s={search_term_string}\"},\"query-input\":{\"@type\":\"PropertyValueSpecification\",\"valueRequired\":true,\"valueName\":\"search_term_string\"}}],\"inLanguage\":\"es\"},{\"@type\":\"Organization\",\"@id\":\"https:\/\/audibax.com\/es\/#organization\",\"name\":\"Audibax\",\"url\":\"https:\/\/audibax.com\/es\/\",\"logo\":{\"@type\":\"ImageObject\",\"inLanguage\":\"es\",\"@id\":\"https:\/\/audibax.com\/es\/#\/schema\/logo\/image\/\",\"url\":\"https:\/\/audibax.com\/wp-content\/uploads\/2023\/09\/logo-Audibax-BLANCO-SVG-1.svg\",\"contentUrl\":\"https:\/\/audibax.com\/wp-content\/uploads\/2023\/09\/logo-Audibax-BLANCO-SVG-1.svg\",\"caption\":\"Audibax\"},\"image\":{\"@id\":\"https:\/\/audibax.com\/es\/#\/schema\/logo\/image\/\"}}]}<\/script>\n<!-- \/ Yoast SEO plugin. -->","yoast_head_json":{"title":"SPARK 650 KIT FC2 - Audibax","robots":{"index":"index","follow":"follow","max-snippet":"max-snippet:-1","max-image-preview":"max-image-preview:large","max-video-preview":"max-video-preview:-1"},"canonical":"https:\/\/audibax.com\/es\/producto\/spark-650-kit-fc2\/","og_locale":"es_ES","og_type":"article","og_title":"SPARK 650 KIT FC2 - Audibax","og_description":"Potencia: 650 W  Altura de las chispas: 1 a 5 metros  Temperatura de trabajo: -10 \u00b0C - 50 \u00b0C  Capacidad del tanque: 100 g  Duraci\u00f3n continua m\u00e1xima: 20 segundos  Canales DMX: 2 canales","og_url":"https:\/\/audibax.com\/es\/producto\/spark-650-kit-fc2\/","og_site_name":"Audibax","article_modified_time":"2025-01-20T15:52:56+00:00","og_image":[{"width":1024,"height":724,"url":"https:\/\/audibax.com\/wp-content\/uploads\/2025\/01\/10301692_01-1024x724.png","type":"image\/png"}],"twitter_card":"summary_large_image","twitter_misc":{"Tiempo de lectura":"1 minuto"},"schema":{"@context":"https:\/\/schema.org","@graph":[{"@type":"WebPage","@id":"https:\/\/audibax.com\/es\/producto\/spark-650-kit-fc2\/","url":"https:\/\/audibax.com\/es\/producto\/spark-650-kit-fc2\/","name":"SPARK 650 KIT FC2 - Audibax","isPartOf":{"@id":"https:\/\/audibax.com\/es\/#website"},"primaryImageOfPage":{"@id":"https:\/\/audibax.com\/es\/producto\/spark-650-kit-fc2\/#primaryimage"},"image":{"@id":"https:\/\/audibax.com\/es\/producto\/spark-650-kit-fc2\/#primaryimage"},"thumbnailUrl":"https:\/\/audibax.com\/wp-content\/uploads\/2025\/01\/10301692_01.png","datePublished":"2025-01-20T15:49:39+00:00","dateModified":"2025-01-20T15:52:56+00:00","breadcrumb":{"@id":"https:\/\/audibax.com\/es\/producto\/spark-650-kit-fc2\/#breadcrumb"},"inLanguage":"es","potentialAction":[{"@type":"ReadAction","target":["https:\/\/audibax.com\/es\/producto\/spark-650-kit-fc2\/"]}]},{"@type":"ImageObject","inLanguage":"es","@id":"https:\/\/audibax.com\/es\/producto\/spark-650-kit-fc2\/#primaryimage","url":"https:\/\/audibax.com\/wp-content\/uploads\/2025\/01\/10301692_01.png","contentUrl":"https:\/\/audibax.com\/wp-content\/uploads\/2025\/01\/10301692_01.png","width":2500,"height":1767},{"@type":"BreadcrumbList","@id":"https:\/\/audibax.com\/es\/producto\/spark-650-kit-fc2\/#breadcrumb","itemListElement":[{"@type":"ListItem","position":1,"name":"Portada","item":"https:\/\/audibax.com\/es\/"},{"@type":"ListItem","position":2,"name":"Productos","item":"https:\/\/audibax.com\/es\/shop\/"},{"@type":"ListItem","position":3,"name":"SPARK 650 KIT FC2"}]},{"@type":"WebSite","@id":"https:\/\/audibax.com\/es\/#website","url":"https:\/\/audibax.com\/es\/","name":"Audibax","description":"","publisher":{"@id":"https:\/\/audibax.com\/es\/#organization"},"potentialAction":[{"@type":"SearchAction","target":{"@type":"EntryPoint","urlTemplate":"https:\/\/audibax.com\/es\/?s={search_term_string}"},"query-input":{"@type":"PropertyValueSpecification","valueRequired":true,"valueName":"search_term_string"}}],"inLanguage":"es"},{"@type":"Organization","@id":"https:\/\/audibax.com\/es\/#organization","name":"Audibax","url":"https:\/\/audibax.com\/es\/","logo":{"@type":"ImageObject","inLanguage":"es","@id":"https:\/\/audibax.com\/es\/#\/schema\/logo\/image\/","url":"https:\/\/audibax.com\/wp-content\/uploads\/2023\/09\/logo-Audibax-BLANCO-SVG-1.svg","contentUrl":"https:\/\/audibax.com\/wp-content\/uploads\/2023\/09\/logo-Audibax-BLANCO-SVG-1.svg","caption":"Audibax"},"image":{"@id":"https:\/\/audibax.com\/es\/#\/schema\/logo\/image\/"}}]}},"_links":{"self":[{"href":"https:\/\/audibax.com\/es\/wp-json\/wp\/v2\/product\/48900","targetHints":{"allow":["GET"]}}],"collection":[{"href":"https:\/\/audibax.com\/es\/wp-json\/wp\/v2\/product"}],"about":[{"href":"https:\/\/audibax.com\/es\/wp-json\/wp\/v2\/types\/product"}],"replies":[{"embeddable":true,"href":"https:\/\/audibax.com\/es\/wp-json\/wp\/v2\/comments?post=48900"}],"wp:featuredmedia":[{"embeddable":true,"href":"https:\/\/audibax.com\/es\/wp-json\/wp\/v2\/media\/48886"}],"wp:attachment":[{"href":"https:\/\/audibax.com\/es\/wp-json\/wp\/v2\/media?parent=48900"}],"wp:term":[{"taxonomy":"product_cat","embeddable":true,"href":"https:\/\/audibax.com\/es\/wp-json\/wp\/v2\/product_cat?post=48900"},{"taxonomy":"product_tag","embeddable":true,"href":"https:\/\/audibax.com\/es\/wp-json\/wp\/v2\/product_tag?post=48900"}],"curies":[{"name":"wp","href":"https:\/\/api.w.org\/{rel}","templated":true}]}}