{"id":48648,"date":"2025-01-16T11:36:45","date_gmt":"2025-01-16T10:36:45","guid":{"rendered":"https:\/\/audibax.com\/product\/fiji-6-bk\/"},"modified":"2026-04-14T13:44:59","modified_gmt":"2026-04-14T11:44:59","slug":"fiji-6-bk","status":"publish","type":"product","link":"https:\/\/audibax.com\/es\/producto\/fiji-6-bk\/","title":{"rendered":"FIJI 6 Negro"},"content":{"rendered":"<h2><strong>Audibax Pro Serie Fiji<\/strong><\/h2>\n<p data-path-to-node=\"2\"><b class=\"\" data-path-to-node=\"2\" data-index-in-node=\"3\">Audibax Pro Fiji <\/b><span class=\"\">es un altavoz pasivo robusto y de gran potencia,<\/span><span class=\"\"> ideal tanto para interiores como para exteriores.<\/span><span class=\"\"> Gracias a su certificaci\u00f3n <\/span><b class=\"\" data-path-to-node=\"2\" data-index-in-node=\"154\">IP65<\/b><span class=\"\">,<\/span><span class=\"\"> garantiza una resistencia total al polvo,<\/span><span class=\"\"> al agua y a condiciones clim\u00e1ticas exigentes,<\/span><span class=\"\"> manteniendo siempre un rendimiento impecable.<\/span><\/p>\n<p data-path-to-node=\"3\"><span class=\"\">Con un elegante acabado en negro y l\u00edneas modernas,<\/span><span class=\"\"> su formato compacto alberga un <\/span><b class=\"\" data-path-to-node=\"3\" data-index-in-node=\"84\">woofer de 6 pulgadas<\/b><span class=\"\"> que ofrece una presencia visual equilibrada y una calidad de sonido superior.<\/span><span class=\"\"> La combinaci\u00f3n de su woofer con un <\/span><b class=\"\" data-path-to-node=\"3\" data-index-in-node=\"218\">tweeter de c\u00fapula de seda de 1 pulgada<\/b><span class=\"\"> permite alcanzar una sensibilidad de 87 dB y hasta <\/span><b class=\"\" data-path-to-node=\"3\" data-index-in-node=\"308\">100W de potencia pico<\/b><span class=\"\">,<\/span><span class=\"\"> lo que lo hace perfecto tanto para hilo musical como para aplicaciones que requieran mayor impacto sonoro.<\/span><\/p>\n<p data-path-to-node=\"4\"><span class=\"\">Fabricado con materiales de ABS altamente duraderos,<\/span><span class=\"\"> este altavoz est\u00e1 dise\u00f1ado para ofrecer un rendimiento prolongado con un mantenimiento m\u00ednimo.<\/span><span class=\"\"> Adem\u00e1s,<\/span><span class=\"\"> incluye un sistema de montaje en pared para una instalaci\u00f3n r\u00e1pida y sencilla,<\/span><span class=\"\"> adapt\u00e1ndose f\u00e1cilmente a terrazas,<\/span><span class=\"\"> comercios,<\/span><span class=\"\"> restaurantes,<\/span><span class=\"\"> gimnasios o cualquier espacio que exija un audio fiable y de alta calidad.<\/span><\/p>\n<h2 data-path-to-node=\"6\">Especificaciones T\u00e9cnicas<\/h2>\n<ul>\n<li><strong>Color<\/strong>: Negro<\/li>\n<li><strong>Tipo de Altavoz:<\/strong> Pasivo de 2 v\u00edas<\/li>\n<li><strong>Uso:<\/strong> Interior \/ Exterior<\/li>\n<\/ul>\n<h2>Especificaciones Ac\u00fasticas<\/h2>\n<ul>\n<li><strong>Woofer<\/strong>: 6.5&#8243;<\/li>\n<li><strong>Tipo de motor de AF (HF)<\/strong>: Tweeter<\/li>\n<li><strong>Motor de AF (HF):<\/strong> 1&#8243;<\/li>\n<li><strong>Respuesta en frecuencia:<\/strong> 40Hz-20kHz<\/li>\n<li><strong>SPL M\u00e1ximo ( dB ):<\/strong> 108<\/li>\n<li><strong>Sensibilidad (1w\/1m):<\/strong> 87dB<\/li>\n<li><strong>Impedancia:<\/strong> 100V\/70V\/Low-z<\/li>\n<li><strong>Dispersi\u00f3n:<\/strong> V50\u00b0 x H120\u00b0<\/li>\n<\/ul>\n<h2 data-path-to-node=\"0\">Montaje e Instalaci\u00f3n<\/h2>\n<ul>\n<li data-path-to-node=\"3,0,0\"><strong>Montaje<\/strong>: Pared<\/li>\n<li data-path-to-node=\"3,0,0\"><strong>Tipo de montaje:<\/strong> Soporte (Bracket)<\/li>\n<\/ul>\n<h2 data-path-to-node=\"4\">Entradas y Salidas de Audio<\/h2>\n<ul>\n<li><strong>Entradas de amplificaci\u00f3n:<\/strong> 1<\/li>\n<li><strong>Conector de entrada:<\/strong> Terminal (Bornes)<\/li>\n<\/ul>\n<h2>Especificaciones del Amplificador \/ Carga<\/h2>\n<ul>\n<li><strong>Potencia de carga en Baja Impedancia (RMS):<\/strong> 50W<\/li>\n<li><strong>Potencia de carga en 100V \/ 70V (RMS):<\/strong> 4W \/ 8W \/ 16W \/ 32W<\/li>\n<li><strong>Potencia Pico:<\/strong> 100W<\/li>\n<\/ul>\n<h2>Informaci\u00f3n F\u00edsica<\/h2>\n<ul>\n<li><strong>Acabado del recinto: <\/strong>ABS<\/li>\n<li><strong>Grado de protecci\u00f3n IP:<\/strong> IP65<\/li>\n<\/ul>\n<h2>Soluciones<\/h2>\n<ul>\n<li><strong>Sectores:<\/strong> Retail, Hosteler\u00eda, Deporte y Bienestar, Ocio<\/li>\n<\/ul>\n<h2>Certificaciones<\/h2>\n<ul>\n<li><strong>Certificados<\/strong><b data-path-to-node=\"13,0,0\" data-index-in-node=\"0\">:<\/b> CE, ROHS<\/li>\n<\/ul>\n<h2 data-path-to-node=\"14\">Contenido de la Caja<\/h2>\n<ul data-path-to-node=\"15\">\n<li>\n<p data-path-to-node=\"15,0,0\">2 x Altavoces Fiji 6 IP65<\/p>\n<\/li>\n<li>\n<p data-path-to-node=\"15,1,0\">1 x Manual de usuario<\/p>\n<\/li>\n<li>\n<p data-path-to-node=\"15,2,0\">1 x Llave Allen<\/p>\n<\/li>\n<li>\n<p data-path-to-node=\"15,3,0\">1 x Kit de torniller\u00eda<\/p>\n<\/li>\n<li>\n<p data-path-to-node=\"15,4,0\">1 x Cable de seguridad<\/p>\n<\/li>\n<li>\n<p data-path-to-node=\"15,5,0\">1 x Placa de acero<\/p>\n<\/li>\n<\/ul>\n","protected":false},"excerpt":{"rendered":"<ul>\n<li><strong>Woofer<\/strong>: 6 pulgadas.<\/li>\n<li><strong>Material:<\/strong> ABS con certificaci\u00f3n IP65.<\/li>\n<li><strong>Potencia RMS:<\/strong> 50W.<\/li>\n<li><strong>Impedancia<\/strong>: 8 ohmios.<\/li>\n<li><strong>Nivel m\u00e1ximo de presi\u00f3n sonora (SPL)<\/strong>: 108 dB.<\/li>\n<\/ul>\n","protected":false},"featured_media":48614,"comment_status":"open","ping_status":"closed","template":"","meta":{"_acf_changed":false},"product_cat":[250,412,418,416,394],"product_tag":[753],"class_list":{"0":"post-48648","1":"product","2":"type-product","3":"status-publish","4":"has-post-thumbnail","6":"product_cat-altavoces","7":"product_cat-altavoces-de-exterior","8":"product_cat-altavoces-de-pared","9":"product_cat-altavoces-pasivos","10":"product_cat-sonido-pa","11":"product_tag-new","13":"first","14":"instock","15":"shipping-taxable","16":"product-type-simple"},"acf":[],"yoast_head":"<!-- This site is optimized with the Yoast SEO plugin v27.0 - https:\/\/yoast.com\/product\/yoast-seo-wordpress\/ -->\n<title>FIJI 6 Negro - Audibax<\/title>\n<meta name=\"robots\" content=\"index, follow, max-snippet:-1, max-image-preview:large, max-video-preview:-1\" \/>\n<link rel=\"canonical\" href=\"https:\/\/audibax.com\/es\/producto\/fiji-6-bk\/\" \/>\n<meta property=\"og:locale\" content=\"es_ES\" \/>\n<meta property=\"og:type\" content=\"article\" \/>\n<meta property=\"og:title\" content=\"FIJI 6 Negro - Audibax\" \/>\n<meta property=\"og:description\" content=\"Woofer: 6 pulgadas.  Material: ABS con certificaci\u00f3n IP65.  Potencia RMS: 50W.  Impedancia: 8 ohmios.  Nivel m\u00e1ximo de presi\u00f3n sonora (SPL): 108 dB.\" \/>\n<meta property=\"og:url\" content=\"https:\/\/audibax.com\/es\/producto\/fiji-6-bk\/\" \/>\n<meta property=\"og:site_name\" content=\"Audibax\" \/>\n<meta property=\"article:modified_time\" content=\"2026-04-14T11:44:59+00:00\" \/>\n<meta property=\"og:image\" content=\"https:\/\/audibax.com\/wp-content\/uploads\/2025\/01\/Audibax-Pro-Fiji-6-Negro-1-altavoces-1024x724.png\" \/>\n\t<meta property=\"og:image:width\" content=\"1024\" \/>\n\t<meta property=\"og:image:height\" content=\"724\" \/>\n\t<meta property=\"og:image:type\" content=\"image\/png\" \/>\n<meta name=\"twitter:card\" content=\"summary_large_image\" \/>\n<meta name=\"twitter:label1\" content=\"Tiempo de lectura\" \/>\n\t<meta name=\"twitter:data1\" content=\"2 minutos\" \/>\n<script type=\"application\/ld+json\" class=\"yoast-schema-graph\">{\"@context\":\"https:\/\/schema.org\",\"@graph\":[{\"@type\":\"WebPage\",\"@id\":\"https:\/\/audibax.com\/es\/producto\/fiji-6-bk\/\",\"url\":\"https:\/\/audibax.com\/es\/producto\/fiji-6-bk\/\",\"name\":\"FIJI 6 Negro - Audibax\",\"isPartOf\":{\"@id\":\"https:\/\/audibax.com\/es\/#website\"},\"primaryImageOfPage\":{\"@id\":\"https:\/\/audibax.com\/es\/producto\/fiji-6-bk\/#primaryimage\"},\"image\":{\"@id\":\"https:\/\/audibax.com\/es\/producto\/fiji-6-bk\/#primaryimage\"},\"thumbnailUrl\":\"https:\/\/audibax.com\/wp-content\/uploads\/2025\/01\/Audibax-Pro-Fiji-6-Negro-1-altavoces.png\",\"datePublished\":\"2025-01-16T10:36:45+00:00\",\"dateModified\":\"2026-04-14T11:44:59+00:00\",\"breadcrumb\":{\"@id\":\"https:\/\/audibax.com\/es\/producto\/fiji-6-bk\/#breadcrumb\"},\"inLanguage\":\"es\",\"potentialAction\":[{\"@type\":\"ReadAction\",\"target\":[\"https:\/\/audibax.com\/es\/producto\/fiji-6-bk\/\"]}]},{\"@type\":\"ImageObject\",\"inLanguage\":\"es\",\"@id\":\"https:\/\/audibax.com\/es\/producto\/fiji-6-bk\/#primaryimage\",\"url\":\"https:\/\/audibax.com\/wp-content\/uploads\/2025\/01\/Audibax-Pro-Fiji-6-Negro-1-altavoces.png\",\"contentUrl\":\"https:\/\/audibax.com\/wp-content\/uploads\/2025\/01\/Audibax-Pro-Fiji-6-Negro-1-altavoces.png\",\"width\":2500,\"height\":1768},{\"@type\":\"BreadcrumbList\",\"@id\":\"https:\/\/audibax.com\/es\/producto\/fiji-6-bk\/#breadcrumb\",\"itemListElement\":[{\"@type\":\"ListItem\",\"position\":1,\"name\":\"Portada\",\"item\":\"https:\/\/audibax.com\/es\/\"},{\"@type\":\"ListItem\",\"position\":2,\"name\":\"Productos\",\"item\":\"https:\/\/audibax.com\/es\/shop\/\"},{\"@type\":\"ListItem\",\"position\":3,\"name\":\"FIJI 6 Negro\"}]},{\"@type\":\"WebSite\",\"@id\":\"https:\/\/audibax.com\/es\/#website\",\"url\":\"https:\/\/audibax.com\/es\/\",\"name\":\"Audibax\",\"description\":\"\",\"publisher\":{\"@id\":\"https:\/\/audibax.com\/es\/#organization\"},\"potentialAction\":[{\"@type\":\"SearchAction\",\"target\":{\"@type\":\"EntryPoint\",\"urlTemplate\":\"https:\/\/audibax.com\/es\/?s={search_term_string}\"},\"query-input\":{\"@type\":\"PropertyValueSpecification\",\"valueRequired\":true,\"valueName\":\"search_term_string\"}}],\"inLanguage\":\"es\"},{\"@type\":\"Organization\",\"@id\":\"https:\/\/audibax.com\/es\/#organization\",\"name\":\"Audibax\",\"url\":\"https:\/\/audibax.com\/es\/\",\"logo\":{\"@type\":\"ImageObject\",\"inLanguage\":\"es\",\"@id\":\"https:\/\/audibax.com\/es\/#\/schema\/logo\/image\/\",\"url\":\"https:\/\/audibax.com\/wp-content\/uploads\/2023\/09\/logo-Audibax-BLANCO-SVG-1.svg\",\"contentUrl\":\"https:\/\/audibax.com\/wp-content\/uploads\/2023\/09\/logo-Audibax-BLANCO-SVG-1.svg\",\"caption\":\"Audibax\"},\"image\":{\"@id\":\"https:\/\/audibax.com\/es\/#\/schema\/logo\/image\/\"}}]}<\/script>\n<!-- \/ Yoast SEO plugin. -->","yoast_head_json":{"title":"FIJI 6 Negro - Audibax","robots":{"index":"index","follow":"follow","max-snippet":"max-snippet:-1","max-image-preview":"max-image-preview:large","max-video-preview":"max-video-preview:-1"},"canonical":"https:\/\/audibax.com\/es\/producto\/fiji-6-bk\/","og_locale":"es_ES","og_type":"article","og_title":"FIJI 6 Negro - Audibax","og_description":"Woofer: 6 pulgadas.  Material: ABS con certificaci\u00f3n IP65.  Potencia RMS: 50W.  Impedancia: 8 ohmios.  Nivel m\u00e1ximo de presi\u00f3n sonora (SPL): 108 dB.","og_url":"https:\/\/audibax.com\/es\/producto\/fiji-6-bk\/","og_site_name":"Audibax","article_modified_time":"2026-04-14T11:44:59+00:00","og_image":[{"width":1024,"height":724,"url":"https:\/\/audibax.com\/wp-content\/uploads\/2025\/01\/Audibax-Pro-Fiji-6-Negro-1-altavoces-1024x724.png","type":"image\/png"}],"twitter_card":"summary_large_image","twitter_misc":{"Tiempo de lectura":"2 minutos"},"schema":{"@context":"https:\/\/schema.org","@graph":[{"@type":"WebPage","@id":"https:\/\/audibax.com\/es\/producto\/fiji-6-bk\/","url":"https:\/\/audibax.com\/es\/producto\/fiji-6-bk\/","name":"FIJI 6 Negro - Audibax","isPartOf":{"@id":"https:\/\/audibax.com\/es\/#website"},"primaryImageOfPage":{"@id":"https:\/\/audibax.com\/es\/producto\/fiji-6-bk\/#primaryimage"},"image":{"@id":"https:\/\/audibax.com\/es\/producto\/fiji-6-bk\/#primaryimage"},"thumbnailUrl":"https:\/\/audibax.com\/wp-content\/uploads\/2025\/01\/Audibax-Pro-Fiji-6-Negro-1-altavoces.png","datePublished":"2025-01-16T10:36:45+00:00","dateModified":"2026-04-14T11:44:59+00:00","breadcrumb":{"@id":"https:\/\/audibax.com\/es\/producto\/fiji-6-bk\/#breadcrumb"},"inLanguage":"es","potentialAction":[{"@type":"ReadAction","target":["https:\/\/audibax.com\/es\/producto\/fiji-6-bk\/"]}]},{"@type":"ImageObject","inLanguage":"es","@id":"https:\/\/audibax.com\/es\/producto\/fiji-6-bk\/#primaryimage","url":"https:\/\/audibax.com\/wp-content\/uploads\/2025\/01\/Audibax-Pro-Fiji-6-Negro-1-altavoces.png","contentUrl":"https:\/\/audibax.com\/wp-content\/uploads\/2025\/01\/Audibax-Pro-Fiji-6-Negro-1-altavoces.png","width":2500,"height":1768},{"@type":"BreadcrumbList","@id":"https:\/\/audibax.com\/es\/producto\/fiji-6-bk\/#breadcrumb","itemListElement":[{"@type":"ListItem","position":1,"name":"Portada","item":"https:\/\/audibax.com\/es\/"},{"@type":"ListItem","position":2,"name":"Productos","item":"https:\/\/audibax.com\/es\/shop\/"},{"@type":"ListItem","position":3,"name":"FIJI 6 Negro"}]},{"@type":"WebSite","@id":"https:\/\/audibax.com\/es\/#website","url":"https:\/\/audibax.com\/es\/","name":"Audibax","description":"","publisher":{"@id":"https:\/\/audibax.com\/es\/#organization"},"potentialAction":[{"@type":"SearchAction","target":{"@type":"EntryPoint","urlTemplate":"https:\/\/audibax.com\/es\/?s={search_term_string}"},"query-input":{"@type":"PropertyValueSpecification","valueRequired":true,"valueName":"search_term_string"}}],"inLanguage":"es"},{"@type":"Organization","@id":"https:\/\/audibax.com\/es\/#organization","name":"Audibax","url":"https:\/\/audibax.com\/es\/","logo":{"@type":"ImageObject","inLanguage":"es","@id":"https:\/\/audibax.com\/es\/#\/schema\/logo\/image\/","url":"https:\/\/audibax.com\/wp-content\/uploads\/2023\/09\/logo-Audibax-BLANCO-SVG-1.svg","contentUrl":"https:\/\/audibax.com\/wp-content\/uploads\/2023\/09\/logo-Audibax-BLANCO-SVG-1.svg","caption":"Audibax"},"image":{"@id":"https:\/\/audibax.com\/es\/#\/schema\/logo\/image\/"}}]}},"_links":{"self":[{"href":"https:\/\/audibax.com\/es\/wp-json\/wp\/v2\/product\/48648","targetHints":{"allow":["GET"]}}],"collection":[{"href":"https:\/\/audibax.com\/es\/wp-json\/wp\/v2\/product"}],"about":[{"href":"https:\/\/audibax.com\/es\/wp-json\/wp\/v2\/types\/product"}],"replies":[{"embeddable":true,"href":"https:\/\/audibax.com\/es\/wp-json\/wp\/v2\/comments?post=48648"}],"wp:featuredmedia":[{"embeddable":true,"href":"https:\/\/audibax.com\/es\/wp-json\/wp\/v2\/media\/48614"}],"wp:attachment":[{"href":"https:\/\/audibax.com\/es\/wp-json\/wp\/v2\/media?parent=48648"}],"wp:term":[{"taxonomy":"product_cat","embeddable":true,"href":"https:\/\/audibax.com\/es\/wp-json\/wp\/v2\/product_cat?post=48648"},{"taxonomy":"product_tag","embeddable":true,"href":"https:\/\/audibax.com\/es\/wp-json\/wp\/v2\/product_tag?post=48648"}],"curies":[{"name":"wp","href":"https:\/\/api.w.org\/{rel}","templated":true}]}}