{"id":47334,"date":"2024-10-01T13:02:12","date_gmt":"2024-10-01T11:02:12","guid":{"rendered":"https:\/\/audibax.com\/?post_type=product&#038;p=47334"},"modified":"2024-10-01T13:08:18","modified_gmt":"2024-10-01T11:08:18","slug":"cdm210","status":"publish","type":"product","link":"https:\/\/audibax.com\/es\/producto\/cdm210\/","title":{"rendered":"CDM210"},"content":{"rendered":"<p><strong>AUDIBAX CDM210 TAMBOR ENROLLACABLES 260MM<\/strong><\/p>\n<p>Descubre la soluci\u00f3n definitiva en organizaci\u00f3n y manejo de cables con nuestro carrete de cables de \u00faltima generaci\u00f3n, dise\u00f1ado para maximizar la eficiencia y la comodidad en cualquier evento o producci\u00f3n. Este carrete no solo es funcional, sino que tambi\u00e9n est\u00e1 construido para durar, con una capacidad impresionante.<br \/>\nOfrece una capacidad de hasta 90 metros para cable de micr\u00f3fono est\u00e1ndar (~ \u00d8 6,5 mm) y hasta 40 metros para cable del altavoz (\u00d8 9,0 mm).<\/p>\n<p><strong>Caracter\u00edsticas destacadas:<\/strong><\/p>\n<ul>\n<li>Empu\u00f1adura Ergon\u00f3mica: Dise\u00f1ada para un manejo c\u00f3modo y seguro, facilitando el transporte y la operaci\u00f3n sin esfuerzo.<\/li>\n<li>Brida Delantera Pr\u00e1ctica: Equipada con soporte para cable y freno de bloqueo, esta caracter\u00edstica a\u00f1ade una capa adicional de funcionalidad y seguridad, permitiendo un control preciso del despliegue y recogida del cable.<\/li>\n<li>Construcci\u00f3n Robusta: Fabricado con materiales resistentes al impacto de alta calidad y un marco de acero tubular, este carrete est\u00e1 preparado para enfrentar las exigencias de cualquier entorno.<\/li>\n<li>Dise\u00f1o Optimizado: Con un di\u00e1metro de 260mm y un tambor de 140mm, el dise\u00f1o ha sido pensado para facilitar la organizaci\u00f3n y el acceso r\u00e1pido a los cables.<\/li>\n<li>Ideal para profesionales del sonido, la iluminaci\u00f3n y la producci\u00f3n audiovisual, este carrete de cables no solo simplifica la gesti\u00f3n de cables en video, audio e iluminaci\u00f3n, sino que tambi\u00e9n asegura que tu espacio de trabajo permanezca ordenado y eficiente. Eleva tu experiencia operativa con una herramienta que combina durabilidad, dise\u00f1o inteligente y facilidad de uso en un solo paquete imprescindible.<\/li>\n<li>Capacidad Cable:<\/li>\n<\/ul>\n<p>Di\u00e1metro de cable 3 mm capacidad del carro para 350 metros<br \/>\nDi\u00e1metro de cable 4 mm capacidad del carro para 200 metros<br \/>\nDi\u00e1metro de cable 5 mm capacidad del carro para 130 metros<br \/>\nDi\u00e1metro de cable 6 mm capacidad del carro para 90 metros<br \/>\nDi\u00e1metro de cable 7 mm capacidad del carro para 65 metros<br \/>\nDi\u00e1metro de cable 8 mm capacidad del carro para 50 metros<br \/>\nDi\u00e1metro de cable 9 mm capacidad del carro para 40 metros<br \/>\nDi\u00e1metro de cable 10 mm capacidad del carro para 30 metros<br \/>\nDi\u00e1metro de cable 11 mm capacidad del carro para 25\u00a0 metros<br \/>\nDi\u00e1metro de cable 12 mm capacidad del carro para 20\u00a0 metros<br \/>\nDi\u00e1metro de cable 13 mm capacidad del carro para 20 metros<br \/>\nDi\u00e1metro de cable 14 mm capacidad del carro para 15\u00a0 metros<br \/>\nDi\u00e1metro de cable 15 mm capacidad del carro para 15\u00a0 metros<\/p>\n","protected":false},"excerpt":{"rendered":"<p>Enrollacables<\/p>\n<p>Dimensiones: 260 x 207 x 332 mm<\/p>\n","protected":false},"featured_media":47305,"comment_status":"open","ping_status":"closed","template":"","meta":{"_acf_changed":false},"product_cat":[290,742],"product_tag":[252,753],"class_list":{"0":"post-47334","1":"product","2":"type-product","3":"status-publish","4":"has-post-thumbnail","6":"product_cat-cables-es","7":"product_cat-cajetines-de-escenario","8":"product_tag-lanzamientos","9":"product_tag-new","11":"first","12":"instock","13":"shipping-taxable","14":"product-type-simple"},"acf":[],"yoast_head":"<!-- This site is optimized with the Yoast SEO plugin v27.0 - https:\/\/yoast.com\/product\/yoast-seo-wordpress\/ -->\n<title>CDM210 - Audibax<\/title>\n<meta name=\"robots\" content=\"index, follow, max-snippet:-1, max-image-preview:large, max-video-preview:-1\" \/>\n<link rel=\"canonical\" href=\"https:\/\/audibax.com\/es\/producto\/cdm210\/\" \/>\n<meta property=\"og:locale\" content=\"es_ES\" \/>\n<meta property=\"og:type\" content=\"article\" \/>\n<meta property=\"og:title\" content=\"CDM210 - Audibax\" \/>\n<meta property=\"og:description\" content=\"Enrollacables  Dimensiones: 260 x 207 x 332 mm\" \/>\n<meta property=\"og:url\" content=\"https:\/\/audibax.com\/es\/producto\/cdm210\/\" \/>\n<meta property=\"og:site_name\" content=\"Audibax\" \/>\n<meta property=\"article:modified_time\" content=\"2024-10-01T11:08:18+00:00\" \/>\n<meta property=\"og:image\" content=\"https:\/\/audibax.com\/wp-content\/uploads\/2024\/10\/AUDIBAX_PRO_CDM210_Enrollacable.png\" \/>\n\t<meta property=\"og:image:width\" content=\"2500\" \/>\n\t<meta property=\"og:image:height\" content=\"1768\" \/>\n\t<meta property=\"og:image:type\" content=\"image\/png\" \/>\n<meta name=\"twitter:card\" content=\"summary_large_image\" \/>\n<meta name=\"twitter:label1\" content=\"Tiempo de lectura\" \/>\n\t<meta name=\"twitter:data1\" content=\"2 minutos\" \/>\n<script type=\"application\/ld+json\" class=\"yoast-schema-graph\">{\"@context\":\"https:\/\/schema.org\",\"@graph\":[{\"@type\":\"WebPage\",\"@id\":\"https:\/\/audibax.com\/es\/producto\/cdm210\/\",\"url\":\"https:\/\/audibax.com\/es\/producto\/cdm210\/\",\"name\":\"CDM210 - Audibax\",\"isPartOf\":{\"@id\":\"https:\/\/audibax.com\/es\/#website\"},\"primaryImageOfPage\":{\"@id\":\"https:\/\/audibax.com\/es\/producto\/cdm210\/#primaryimage\"},\"image\":{\"@id\":\"https:\/\/audibax.com\/es\/producto\/cdm210\/#primaryimage\"},\"thumbnailUrl\":\"https:\/\/audibax.com\/wp-content\/uploads\/2024\/10\/AUDIBAX_PRO_CDM210_Enrollacable.png\",\"datePublished\":\"2024-10-01T11:02:12+00:00\",\"dateModified\":\"2024-10-01T11:08:18+00:00\",\"breadcrumb\":{\"@id\":\"https:\/\/audibax.com\/es\/producto\/cdm210\/#breadcrumb\"},\"inLanguage\":\"es\",\"potentialAction\":[{\"@type\":\"ReadAction\",\"target\":[\"https:\/\/audibax.com\/es\/producto\/cdm210\/\"]}]},{\"@type\":\"ImageObject\",\"inLanguage\":\"es\",\"@id\":\"https:\/\/audibax.com\/es\/producto\/cdm210\/#primaryimage\",\"url\":\"https:\/\/audibax.com\/wp-content\/uploads\/2024\/10\/AUDIBAX_PRO_CDM210_Enrollacable.png\",\"contentUrl\":\"https:\/\/audibax.com\/wp-content\/uploads\/2024\/10\/AUDIBAX_PRO_CDM210_Enrollacable.png\",\"width\":2500,\"height\":1768},{\"@type\":\"BreadcrumbList\",\"@id\":\"https:\/\/audibax.com\/es\/producto\/cdm210\/#breadcrumb\",\"itemListElement\":[{\"@type\":\"ListItem\",\"position\":1,\"name\":\"Portada\",\"item\":\"https:\/\/audibax.com\/es\/\"},{\"@type\":\"ListItem\",\"position\":2,\"name\":\"Productos\",\"item\":\"https:\/\/audibax.com\/es\/shop\/\"},{\"@type\":\"ListItem\",\"position\":3,\"name\":\"CDM210\"}]},{\"@type\":\"WebSite\",\"@id\":\"https:\/\/audibax.com\/es\/#website\",\"url\":\"https:\/\/audibax.com\/es\/\",\"name\":\"Audibax\",\"description\":\"\",\"publisher\":{\"@id\":\"https:\/\/audibax.com\/es\/#organization\"},\"potentialAction\":[{\"@type\":\"SearchAction\",\"target\":{\"@type\":\"EntryPoint\",\"urlTemplate\":\"https:\/\/audibax.com\/es\/?s={search_term_string}\"},\"query-input\":{\"@type\":\"PropertyValueSpecification\",\"valueRequired\":true,\"valueName\":\"search_term_string\"}}],\"inLanguage\":\"es\"},{\"@type\":\"Organization\",\"@id\":\"https:\/\/audibax.com\/es\/#organization\",\"name\":\"Audibax\",\"url\":\"https:\/\/audibax.com\/es\/\",\"logo\":{\"@type\":\"ImageObject\",\"inLanguage\":\"es\",\"@id\":\"https:\/\/audibax.com\/es\/#\/schema\/logo\/image\/\",\"url\":\"https:\/\/audibax.com\/wp-content\/uploads\/2023\/09\/logo-Audibax-BLANCO-SVG-1.svg\",\"contentUrl\":\"https:\/\/audibax.com\/wp-content\/uploads\/2023\/09\/logo-Audibax-BLANCO-SVG-1.svg\",\"caption\":\"Audibax\"},\"image\":{\"@id\":\"https:\/\/audibax.com\/es\/#\/schema\/logo\/image\/\"}}]}<\/script>\n<!-- \/ Yoast SEO plugin. -->","yoast_head_json":{"title":"CDM210 - Audibax","robots":{"index":"index","follow":"follow","max-snippet":"max-snippet:-1","max-image-preview":"max-image-preview:large","max-video-preview":"max-video-preview:-1"},"canonical":"https:\/\/audibax.com\/es\/producto\/cdm210\/","og_locale":"es_ES","og_type":"article","og_title":"CDM210 - Audibax","og_description":"Enrollacables  Dimensiones: 260 x 207 x 332 mm","og_url":"https:\/\/audibax.com\/es\/producto\/cdm210\/","og_site_name":"Audibax","article_modified_time":"2024-10-01T11:08:18+00:00","og_image":[{"width":2500,"height":1768,"url":"https:\/\/audibax.com\/wp-content\/uploads\/2024\/10\/AUDIBAX_PRO_CDM210_Enrollacable.png","type":"image\/png"}],"twitter_card":"summary_large_image","twitter_misc":{"Tiempo de lectura":"2 minutos"},"schema":{"@context":"https:\/\/schema.org","@graph":[{"@type":"WebPage","@id":"https:\/\/audibax.com\/es\/producto\/cdm210\/","url":"https:\/\/audibax.com\/es\/producto\/cdm210\/","name":"CDM210 - Audibax","isPartOf":{"@id":"https:\/\/audibax.com\/es\/#website"},"primaryImageOfPage":{"@id":"https:\/\/audibax.com\/es\/producto\/cdm210\/#primaryimage"},"image":{"@id":"https:\/\/audibax.com\/es\/producto\/cdm210\/#primaryimage"},"thumbnailUrl":"https:\/\/audibax.com\/wp-content\/uploads\/2024\/10\/AUDIBAX_PRO_CDM210_Enrollacable.png","datePublished":"2024-10-01T11:02:12+00:00","dateModified":"2024-10-01T11:08:18+00:00","breadcrumb":{"@id":"https:\/\/audibax.com\/es\/producto\/cdm210\/#breadcrumb"},"inLanguage":"es","potentialAction":[{"@type":"ReadAction","target":["https:\/\/audibax.com\/es\/producto\/cdm210\/"]}]},{"@type":"ImageObject","inLanguage":"es","@id":"https:\/\/audibax.com\/es\/producto\/cdm210\/#primaryimage","url":"https:\/\/audibax.com\/wp-content\/uploads\/2024\/10\/AUDIBAX_PRO_CDM210_Enrollacable.png","contentUrl":"https:\/\/audibax.com\/wp-content\/uploads\/2024\/10\/AUDIBAX_PRO_CDM210_Enrollacable.png","width":2500,"height":1768},{"@type":"BreadcrumbList","@id":"https:\/\/audibax.com\/es\/producto\/cdm210\/#breadcrumb","itemListElement":[{"@type":"ListItem","position":1,"name":"Portada","item":"https:\/\/audibax.com\/es\/"},{"@type":"ListItem","position":2,"name":"Productos","item":"https:\/\/audibax.com\/es\/shop\/"},{"@type":"ListItem","position":3,"name":"CDM210"}]},{"@type":"WebSite","@id":"https:\/\/audibax.com\/es\/#website","url":"https:\/\/audibax.com\/es\/","name":"Audibax","description":"","publisher":{"@id":"https:\/\/audibax.com\/es\/#organization"},"potentialAction":[{"@type":"SearchAction","target":{"@type":"EntryPoint","urlTemplate":"https:\/\/audibax.com\/es\/?s={search_term_string}"},"query-input":{"@type":"PropertyValueSpecification","valueRequired":true,"valueName":"search_term_string"}}],"inLanguage":"es"},{"@type":"Organization","@id":"https:\/\/audibax.com\/es\/#organization","name":"Audibax","url":"https:\/\/audibax.com\/es\/","logo":{"@type":"ImageObject","inLanguage":"es","@id":"https:\/\/audibax.com\/es\/#\/schema\/logo\/image\/","url":"https:\/\/audibax.com\/wp-content\/uploads\/2023\/09\/logo-Audibax-BLANCO-SVG-1.svg","contentUrl":"https:\/\/audibax.com\/wp-content\/uploads\/2023\/09\/logo-Audibax-BLANCO-SVG-1.svg","caption":"Audibax"},"image":{"@id":"https:\/\/audibax.com\/es\/#\/schema\/logo\/image\/"}}]}},"_links":{"self":[{"href":"https:\/\/audibax.com\/es\/wp-json\/wp\/v2\/product\/47334","targetHints":{"allow":["GET"]}}],"collection":[{"href":"https:\/\/audibax.com\/es\/wp-json\/wp\/v2\/product"}],"about":[{"href":"https:\/\/audibax.com\/es\/wp-json\/wp\/v2\/types\/product"}],"replies":[{"embeddable":true,"href":"https:\/\/audibax.com\/es\/wp-json\/wp\/v2\/comments?post=47334"}],"wp:featuredmedia":[{"embeddable":true,"href":"https:\/\/audibax.com\/es\/wp-json\/wp\/v2\/media\/47305"}],"wp:attachment":[{"href":"https:\/\/audibax.com\/es\/wp-json\/wp\/v2\/media?parent=47334"}],"wp:term":[{"taxonomy":"product_cat","embeddable":true,"href":"https:\/\/audibax.com\/es\/wp-json\/wp\/v2\/product_cat?post=47334"},{"taxonomy":"product_tag","embeddable":true,"href":"https:\/\/audibax.com\/es\/wp-json\/wp\/v2\/product_tag?post=47334"}],"curies":[{"name":"wp","href":"https:\/\/api.w.org\/{rel}","templated":true}]}}