{"id":45529,"date":"2024-08-14T10:50:31","date_gmt":"2024-08-14T08:50:31","guid":{"rendered":"https:\/\/audibax.com\/?post_type=product&#038;p=45529"},"modified":"2024-11-14T17:53:27","modified_gmt":"2024-11-14T16:53:27","slug":"splash-140","status":"publish","type":"product","link":"https:\/\/audibax.com\/es\/producto\/splash-140\/","title":{"rendered":"Splash 140"},"content":{"rendered":"<p><strong>Audibax Pro Splash 140 Foco Par LED Profesional 140w Exterior RGBALC 6in1 IP65<\/strong><\/p>\n<p>El\u00a0<strong>Audibax Pro Splash 140<\/strong>, es un foco PAR dise\u00f1ado para capturar y amplificar la magia de cada momento, debido a su avanzada tecnolog\u00eda LED RGBALC, el\u00a0<strong>Audibax Pro Splash 140<\/strong>\u00a0te permite dibujar cada evento con un espectro de colores vibrantes y efectos din\u00e1micos, desde suaves lavados hasta intensos destellos de luz. Su \u00f3ptica de precisi\u00f3n y las m\u00faltiples opciones de \u00e1ngulo de haz aseguran una cobertura excepcional, mientras que la gesti\u00f3n libre de parpadeo lo hace ideal para entornos de grabaci\u00f3n.<\/p>\n<p>El\u00a0<strong>Audibax Pro Splash 140<\/strong>\u00a0te ofrece el control total para crear ambientes que resonar\u00e1n con tu audiencia. Con controles intuitivos y opciones de configuraci\u00f3n flexibles, este foco PAR te permite ejecutar tu visi\u00f3n con precisi\u00f3n y elegancia, asegurando que cada evento sea tan \u00fanico como memorable. Eleva tu iluminaci\u00f3n a la obra de arte con el<strong> Audibax Pro Splash 140<\/strong>, donde cada luz cuenta una historia.<\/p>\n<p><strong>Especificaciones t\u00e9cnicas:<\/strong><\/p>\n<ul>\n<li>Fuentes de Luz: 7x20W RGBALC 6in1 LEDs, capaces de producir una amplia gama de colores y efectos.<\/li>\n<li>\u00d3ptica: Lente acr\u00edlica avanzada de 45mm con un \u00e1ngulo de 12 grados, con opciones disponibles de 10, 20, 25 y 40 grados.<\/li>\n<li>Luminosidad a 1 m: R:1982 G:3233 B:240 C:1001 L:4285 A:3230.<\/li>\n<li>Vida \u00datil del LED: Aproximadamente 50,000 horas.<\/li>\n<li>Rango de Temperatura de Color: De 2,000 a 10,000K, permitiendo ajustes precisos para diferentes ambientes.<\/li>\n<li>CRI\/R9: &gt; 93, asegurando una excelente reproducci\u00f3n de color.<\/li>\n<li>Pantalla: OLED con 4 botones t\u00e1ctiles para una navegaci\u00f3n intuitiva.<\/li>\n<li>Frecuencia PWM del LED: Selecci\u00f3n entre 600Hz, 1,200Hz, 2,000Hz, 2,400Hz, 6,000Hz, 18kHz y 25kHz, minimizando el parpadeo.<\/li>\n<li>Dimmer: Atenuaci\u00f3n electr\u00f3nica lineal del 0 al 100%, libre de parpadeos.<\/li>\n<li>Curvas de Dimmer: 4 modos de atenuaci\u00f3n seleccionables.<\/li>\n<li>Respuesta del Dimmer: Modos r\u00e1pido, est\u00e1ndar y emulaci\u00f3n de tungsteno.<\/li>\n<li>Tipo de Estroboscopio: 1-20Hz, de lento a r\u00e1pido.<\/li>\n<li>Atenuaci\u00f3n: Dimmer electr\u00f3nico.<\/li>\n<li>Conexiones: IP65 Seetronic PowerCON True1 In&amp;Out y socket XLR de 5 pines.<\/li>\n<li>Control: Auto, Sonido, Maestro\/Esclavo, RF remoto, RDM.<\/li>\n<li>Actualizaci\u00f3n de Firmware: V\u00eda enlace DMX.<\/li>\n<li>Protecci\u00f3n IP: IP65.<\/li>\n<li>Efectos: Cambio brusco, cambio gradual, modo autom\u00e1tico, modo sonido, control remoto IR.<\/li>\n<li>Control DMX: S\u00ed, con opciones de canales 3, 4, 5, 6, 8, 11, 13.<\/li>\n<li>Alimentaci\u00f3n: AC 100-240 V, 50\/60 Hz.<\/li>\n<li>Consumo de Energ\u00eda: 120W.<\/li>\n<li>Material del Cuerpo: Aluminio fundido a presi\u00f3n.<\/li>\n<li>Refrigeraci\u00f3n: Por convecci\u00f3n.<\/li>\n<li>Peso: 3,6 Kg<\/li>\n<li>Dimensiones: 295 x 259 x 141.5 mm.<\/li>\n<li>Que Incluye la Caja: 1 x Audibax Splash 140, 1 x Manual de Usuario. 1x Cable de conexi\u00f3n.<\/li>\n<\/ul>\n","protected":false},"excerpt":{"rendered":"<ul>\n<li>Fuentes de luz: 7x20W RGBALC 6in1 LEDs (RGBWAP opcional)<\/li>\n<li>\u00d3pticas: Lente avanzada de acr\u00edlico de 45mm, 12 grados (disponible en 10, 20, 25, 40 grados)<\/li>\n<li>Vida \u00fatil promedio del LED: 50,000 horas<\/li>\n<li>Rango de temperatura de color: 2,000-10,000K<\/li>\n<li>CRI\/R9: &gt; 93<\/li>\n<li>Pantalla: Pantalla OLED con 4 botones t\u00e1ctiles<\/li>\n<li>Frecuencia PWM del LED: Seleccionable a 600Hz, 1,200Hz, 2,000Hz, 2,400Hz, 6,000Hz, 18kHz, 25kHz<\/li>\n<li>Atenuador: Atenuador electr\u00f3nico lineal 0 ~ 100%, sin parpadeo<\/li>\n<li>Curvas de atenuaci\u00f3n: 4 modos de atenuaci\u00f3n seleccionables<\/li>\n<li>Respuesta del atenuador: R\u00e1pido, est\u00e1ndar, emulaci\u00f3n Tungsten<\/li>\n<li>Estroboscopio\/obturador: 1-20Hz, electr\u00f3nico<\/li>\n<li>Conexi\u00f3n de energ\u00eda: IP65 Seetronic PowerCON True1 In&amp;Out<\/li>\n<li>Conexi\u00f3n de datos: IP65 Seetronic conector XLR de 3 pines\/5 pines<\/li>\n<li>Control: Auto, sonido, Master\/Slave, control remoto RF, RDM<\/li>\n<li>Actualizaci\u00f3n de firmware: V\u00eda enlace DMX<\/li>\n<li>Canales DMX: 6, 8, 10, 12<\/li>\n<li>Fuente de alimentaci\u00f3n: AC 100-240 V, 50\/60 Hz<\/li>\n<li>Consumo de energ\u00eda: 150W<\/li>\n<li>Material de la carcasa: Aluminio fundido a presi\u00f3n<\/li>\n<li>Refrigeraci\u00f3n: Refrigeraci\u00f3n por convecci\u00f3n<\/li>\n<li>Clasificaci\u00f3n IP: IP65<\/li>\n<\/ul>\n","protected":false},"featured_media":45479,"comment_status":"open","ping_status":"closed","template":"","meta":{"_acf_changed":false},"product_cat":[714,350],"product_tag":[252],"class_list":{"0":"post-45529","1":"product","2":"type-product","3":"status-publish","4":"has-post-thumbnail","6":"product_cat-exterior","7":"product_cat-iluminacion","8":"product_tag-lanzamientos","10":"first","11":"instock","12":"shipping-taxable","13":"product-type-simple"},"acf":[],"yoast_head":"<!-- This site is optimized with the Yoast SEO plugin v27.0 - https:\/\/yoast.com\/product\/yoast-seo-wordpress\/ -->\n<title>Splash 140 - Audibax<\/title>\n<meta name=\"robots\" content=\"index, follow, max-snippet:-1, max-image-preview:large, max-video-preview:-1\" \/>\n<link rel=\"canonical\" href=\"https:\/\/audibax.com\/es\/producto\/splash-140\/\" \/>\n<meta property=\"og:locale\" content=\"es_ES\" \/>\n<meta property=\"og:type\" content=\"article\" \/>\n<meta property=\"og:title\" content=\"Splash 140 - Audibax\" \/>\n<meta property=\"og:description\" content=\"Fuentes de luz: 7x20W RGBALC 6in1 LEDs (RGBWAP opcional)  \u00d3pticas: Lente avanzada de acr\u00edlico de 45mm, 12 grados (disponible en 10, 20, 25, 40 grados)  Vida \u00fatil promedio del LED: 50,000 horas  Rango de temperatura de color: 2,000-10,000K  CRI\/R9: &gt; 93  Pantalla: Pantalla OLED con 4 botones t\u00e1ctiles  Frecuencia PWM del LED: Seleccionable a 600Hz, 1,200Hz, 2,000Hz, 2,400Hz, 6,000Hz, 18kHz, 25kHz  Atenuador: Atenuador electr\u00f3nico lineal 0 ~ 100%, sin parpadeo  Curvas de atenuaci\u00f3n: 4 modos de atenuaci\u00f3n seleccionables  Respuesta del atenuador: R\u00e1pido, est\u00e1ndar, emulaci\u00f3n Tungsten  Estroboscopio\/obturador: 1-20Hz, electr\u00f3nico  Conexi\u00f3n de energ\u00eda: IP65 Seetronic PowerCON True1 In&amp;Out  Conexi\u00f3n de datos: IP65 Seetronic conector XLR de 3 pines\/5 pines  Control: Auto, sonido, Master\/Slave, control remoto RF, RDM  Actualizaci\u00f3n de firmware: V\u00eda enlace DMX  Canales DMX: 6, 8, 10, 12  Fuente de alimentaci\u00f3n: AC 100-240 V, 50\/60 Hz  Consumo de energ\u00eda: 150W  Material de la carcasa: Aluminio fundido a presi\u00f3n  Refrigeraci\u00f3n: Refrigeraci\u00f3n por convecci\u00f3n  Clasificaci\u00f3n IP: IP65\" \/>\n<meta property=\"og:url\" content=\"https:\/\/audibax.com\/es\/producto\/splash-140\/\" \/>\n<meta property=\"og:site_name\" content=\"Audibax\" \/>\n<meta property=\"article:modified_time\" content=\"2024-11-14T16:53:27+00:00\" \/>\n<meta property=\"og:image\" content=\"https:\/\/audibax.com\/wp-content\/uploads\/2024\/08\/Splash-140-1.png\" \/>\n\t<meta property=\"og:image:width\" content=\"1500\" \/>\n\t<meta property=\"og:image:height\" content=\"1061\" \/>\n\t<meta property=\"og:image:type\" content=\"image\/png\" \/>\n<meta name=\"twitter:card\" content=\"summary_large_image\" \/>\n<meta name=\"twitter:label1\" content=\"Tiempo de lectura\" \/>\n\t<meta name=\"twitter:data1\" content=\"3 minutos\" \/>\n<script type=\"application\/ld+json\" class=\"yoast-schema-graph\">{\"@context\":\"https:\/\/schema.org\",\"@graph\":[{\"@type\":\"WebPage\",\"@id\":\"https:\/\/audibax.com\/es\/producto\/splash-140\/\",\"url\":\"https:\/\/audibax.com\/es\/producto\/splash-140\/\",\"name\":\"Splash 140 - Audibax\",\"isPartOf\":{\"@id\":\"https:\/\/audibax.com\/es\/#website\"},\"primaryImageOfPage\":{\"@id\":\"https:\/\/audibax.com\/es\/producto\/splash-140\/#primaryimage\"},\"image\":{\"@id\":\"https:\/\/audibax.com\/es\/producto\/splash-140\/#primaryimage\"},\"thumbnailUrl\":\"https:\/\/audibax.com\/wp-content\/uploads\/2024\/08\/Splash-140-1.png\",\"datePublished\":\"2024-08-14T08:50:31+00:00\",\"dateModified\":\"2024-11-14T16:53:27+00:00\",\"breadcrumb\":{\"@id\":\"https:\/\/audibax.com\/es\/producto\/splash-140\/#breadcrumb\"},\"inLanguage\":\"es\",\"potentialAction\":[{\"@type\":\"ReadAction\",\"target\":[\"https:\/\/audibax.com\/es\/producto\/splash-140\/\"]}]},{\"@type\":\"ImageObject\",\"inLanguage\":\"es\",\"@id\":\"https:\/\/audibax.com\/es\/producto\/splash-140\/#primaryimage\",\"url\":\"https:\/\/audibax.com\/wp-content\/uploads\/2024\/08\/Splash-140-1.png\",\"contentUrl\":\"https:\/\/audibax.com\/wp-content\/uploads\/2024\/08\/Splash-140-1.png\",\"width\":1500,\"height\":1061},{\"@type\":\"BreadcrumbList\",\"@id\":\"https:\/\/audibax.com\/es\/producto\/splash-140\/#breadcrumb\",\"itemListElement\":[{\"@type\":\"ListItem\",\"position\":1,\"name\":\"Portada\",\"item\":\"https:\/\/audibax.com\/es\/\"},{\"@type\":\"ListItem\",\"position\":2,\"name\":\"Productos\",\"item\":\"https:\/\/audibax.com\/es\/shop\/\"},{\"@type\":\"ListItem\",\"position\":3,\"name\":\"Splash 140\"}]},{\"@type\":\"WebSite\",\"@id\":\"https:\/\/audibax.com\/es\/#website\",\"url\":\"https:\/\/audibax.com\/es\/\",\"name\":\"Audibax\",\"description\":\"\",\"publisher\":{\"@id\":\"https:\/\/audibax.com\/es\/#organization\"},\"potentialAction\":[{\"@type\":\"SearchAction\",\"target\":{\"@type\":\"EntryPoint\",\"urlTemplate\":\"https:\/\/audibax.com\/es\/?s={search_term_string}\"},\"query-input\":{\"@type\":\"PropertyValueSpecification\",\"valueRequired\":true,\"valueName\":\"search_term_string\"}}],\"inLanguage\":\"es\"},{\"@type\":\"Organization\",\"@id\":\"https:\/\/audibax.com\/es\/#organization\",\"name\":\"Audibax\",\"url\":\"https:\/\/audibax.com\/es\/\",\"logo\":{\"@type\":\"ImageObject\",\"inLanguage\":\"es\",\"@id\":\"https:\/\/audibax.com\/es\/#\/schema\/logo\/image\/\",\"url\":\"https:\/\/audibax.com\/wp-content\/uploads\/2023\/09\/logo-Audibax-BLANCO-SVG-1.svg\",\"contentUrl\":\"https:\/\/audibax.com\/wp-content\/uploads\/2023\/09\/logo-Audibax-BLANCO-SVG-1.svg\",\"caption\":\"Audibax\"},\"image\":{\"@id\":\"https:\/\/audibax.com\/es\/#\/schema\/logo\/image\/\"}}]}<\/script>\n<!-- \/ Yoast SEO plugin. -->","yoast_head_json":{"title":"Splash 140 - Audibax","robots":{"index":"index","follow":"follow","max-snippet":"max-snippet:-1","max-image-preview":"max-image-preview:large","max-video-preview":"max-video-preview:-1"},"canonical":"https:\/\/audibax.com\/es\/producto\/splash-140\/","og_locale":"es_ES","og_type":"article","og_title":"Splash 140 - Audibax","og_description":"Fuentes de luz: 7x20W RGBALC 6in1 LEDs (RGBWAP opcional)  \u00d3pticas: Lente avanzada de acr\u00edlico de 45mm, 12 grados (disponible en 10, 20, 25, 40 grados)  Vida \u00fatil promedio del LED: 50,000 horas  Rango de temperatura de color: 2,000-10,000K  CRI\/R9: &gt; 93  Pantalla: Pantalla OLED con 4 botones t\u00e1ctiles  Frecuencia PWM del LED: Seleccionable a 600Hz, 1,200Hz, 2,000Hz, 2,400Hz, 6,000Hz, 18kHz, 25kHz  Atenuador: Atenuador electr\u00f3nico lineal 0 ~ 100%, sin parpadeo  Curvas de atenuaci\u00f3n: 4 modos de atenuaci\u00f3n seleccionables  Respuesta del atenuador: R\u00e1pido, est\u00e1ndar, emulaci\u00f3n Tungsten  Estroboscopio\/obturador: 1-20Hz, electr\u00f3nico  Conexi\u00f3n de energ\u00eda: IP65 Seetronic PowerCON True1 In&amp;Out  Conexi\u00f3n de datos: IP65 Seetronic conector XLR de 3 pines\/5 pines  Control: Auto, sonido, Master\/Slave, control remoto RF, RDM  Actualizaci\u00f3n de firmware: V\u00eda enlace DMX  Canales DMX: 6, 8, 10, 12  Fuente de alimentaci\u00f3n: AC 100-240 V, 50\/60 Hz  Consumo de energ\u00eda: 150W  Material de la carcasa: Aluminio fundido a presi\u00f3n  Refrigeraci\u00f3n: Refrigeraci\u00f3n por convecci\u00f3n  Clasificaci\u00f3n IP: IP65","og_url":"https:\/\/audibax.com\/es\/producto\/splash-140\/","og_site_name":"Audibax","article_modified_time":"2024-11-14T16:53:27+00:00","og_image":[{"width":1500,"height":1061,"url":"https:\/\/audibax.com\/wp-content\/uploads\/2024\/08\/Splash-140-1.png","type":"image\/png"}],"twitter_card":"summary_large_image","twitter_misc":{"Tiempo de lectura":"3 minutos"},"schema":{"@context":"https:\/\/schema.org","@graph":[{"@type":"WebPage","@id":"https:\/\/audibax.com\/es\/producto\/splash-140\/","url":"https:\/\/audibax.com\/es\/producto\/splash-140\/","name":"Splash 140 - Audibax","isPartOf":{"@id":"https:\/\/audibax.com\/es\/#website"},"primaryImageOfPage":{"@id":"https:\/\/audibax.com\/es\/producto\/splash-140\/#primaryimage"},"image":{"@id":"https:\/\/audibax.com\/es\/producto\/splash-140\/#primaryimage"},"thumbnailUrl":"https:\/\/audibax.com\/wp-content\/uploads\/2024\/08\/Splash-140-1.png","datePublished":"2024-08-14T08:50:31+00:00","dateModified":"2024-11-14T16:53:27+00:00","breadcrumb":{"@id":"https:\/\/audibax.com\/es\/producto\/splash-140\/#breadcrumb"},"inLanguage":"es","potentialAction":[{"@type":"ReadAction","target":["https:\/\/audibax.com\/es\/producto\/splash-140\/"]}]},{"@type":"ImageObject","inLanguage":"es","@id":"https:\/\/audibax.com\/es\/producto\/splash-140\/#primaryimage","url":"https:\/\/audibax.com\/wp-content\/uploads\/2024\/08\/Splash-140-1.png","contentUrl":"https:\/\/audibax.com\/wp-content\/uploads\/2024\/08\/Splash-140-1.png","width":1500,"height":1061},{"@type":"BreadcrumbList","@id":"https:\/\/audibax.com\/es\/producto\/splash-140\/#breadcrumb","itemListElement":[{"@type":"ListItem","position":1,"name":"Portada","item":"https:\/\/audibax.com\/es\/"},{"@type":"ListItem","position":2,"name":"Productos","item":"https:\/\/audibax.com\/es\/shop\/"},{"@type":"ListItem","position":3,"name":"Splash 140"}]},{"@type":"WebSite","@id":"https:\/\/audibax.com\/es\/#website","url":"https:\/\/audibax.com\/es\/","name":"Audibax","description":"","publisher":{"@id":"https:\/\/audibax.com\/es\/#organization"},"potentialAction":[{"@type":"SearchAction","target":{"@type":"EntryPoint","urlTemplate":"https:\/\/audibax.com\/es\/?s={search_term_string}"},"query-input":{"@type":"PropertyValueSpecification","valueRequired":true,"valueName":"search_term_string"}}],"inLanguage":"es"},{"@type":"Organization","@id":"https:\/\/audibax.com\/es\/#organization","name":"Audibax","url":"https:\/\/audibax.com\/es\/","logo":{"@type":"ImageObject","inLanguage":"es","@id":"https:\/\/audibax.com\/es\/#\/schema\/logo\/image\/","url":"https:\/\/audibax.com\/wp-content\/uploads\/2023\/09\/logo-Audibax-BLANCO-SVG-1.svg","contentUrl":"https:\/\/audibax.com\/wp-content\/uploads\/2023\/09\/logo-Audibax-BLANCO-SVG-1.svg","caption":"Audibax"},"image":{"@id":"https:\/\/audibax.com\/es\/#\/schema\/logo\/image\/"}}]}},"_links":{"self":[{"href":"https:\/\/audibax.com\/es\/wp-json\/wp\/v2\/product\/45529","targetHints":{"allow":["GET"]}}],"collection":[{"href":"https:\/\/audibax.com\/es\/wp-json\/wp\/v2\/product"}],"about":[{"href":"https:\/\/audibax.com\/es\/wp-json\/wp\/v2\/types\/product"}],"replies":[{"embeddable":true,"href":"https:\/\/audibax.com\/es\/wp-json\/wp\/v2\/comments?post=45529"}],"wp:featuredmedia":[{"embeddable":true,"href":"https:\/\/audibax.com\/es\/wp-json\/wp\/v2\/media\/45479"}],"wp:attachment":[{"href":"https:\/\/audibax.com\/es\/wp-json\/wp\/v2\/media?parent=45529"}],"wp:term":[{"taxonomy":"product_cat","embeddable":true,"href":"https:\/\/audibax.com\/es\/wp-json\/wp\/v2\/product_cat?post=45529"},{"taxonomy":"product_tag","embeddable":true,"href":"https:\/\/audibax.com\/es\/wp-json\/wp\/v2\/product_tag?post=45529"}],"curies":[{"name":"wp","href":"https:\/\/api.w.org\/{rel}","templated":true}]}}