{"id":45405,"date":"2024-08-14T09:38:33","date_gmt":"2024-08-14T07:38:33","guid":{"rendered":"https:\/\/audibax.com\/?post_type=product&#038;p=45405"},"modified":"2026-01-07T17:22:17","modified_gmt":"2026-01-07T16:22:17","slug":"irwin-60","status":"publish","type":"product","link":"https:\/\/audibax.com\/es\/producto\/irwin-60\/","title":{"rendered":"Irwin 60"},"content":{"rendered":"<p><strong>Audibax Irwin 60 Foco Par LED 60w RGBW 4in1<\/strong><\/p>\n<p>Sum\u00e9rgete en un universo de luz y color con el <strong>Audibax Irwin 60<\/strong>, un foco PAR que est\u00e1 dise\u00f1ado para ensalzar y magnificar la magia de cada instante, desplegando una paleta RGBW vibrante y efectos de arco\u00edris que dan vida a cualquier espacio.<\/p>\n<p>Gracias a su avanzada tecnolog\u00eda LED y \u00f3ptica de precisi\u00f3n, el <strong>Irwin 60<\/strong> te invita a orquestar cada evento con una gama de colores intensos y efectos visuales cautivadores, desde delicados lavados de luz hasta explosiones de color que llenan el ambiente. Su dise\u00f1o compacto y ligero lo convierte en el aliado perfecto para eventos itinerantes, instalaciones permanentes o como elemento clave en un sistema de iluminaci\u00f3n expansivo.<\/p>\n<p><strong>Especificaciones t\u00e9cnicas:<\/strong><\/p>\n<ul>\n<li>Fuentes de Luz: 6 x 10W LEDs RGBW\/RGBA, proporcionando una mezcla de colores rica y vibrante.<\/li>\n<li>Vida \u00datil del LED: Aproximadamente 50,000 horas, ofreciendo durabilidad y reduciendo la necesidad de mantenimiento frecuente.<\/li>\n<li>Sistema \u00d3ptico Avanzado: Asegura un efecto de lavado claro y de gran alcance.<\/li>\n<li>\u00c1ngulo de Haz: Opciones de 15\u00b0, 25\u00b0 y 40\u00b0, perfecto para adaptarse a diferentes tama\u00f1os y tipos de escenarios.<\/li>\n<li>Mezcla de Colores y Efecto Arco\u00edris: Excelente capacidad de mezcla de colores RGBW con efectos din\u00e1micos.<\/li>\n<li>Modo de Programa Preestablecido: Disponible en modo aut\u00f3nomo.<\/li>\n<li>Pantalla: Display LED con 4 botones para una f\u00e1cil navegaci\u00f3n y configuraci\u00f3n.<\/li>\n<li>Control: Vers\u00e1til con opciones como DMX, Maestro\/Esclavo, Aut\u00f3nomo, control remoto IR y RDM.<\/li>\n<li>Modos DMX: 4 y 8 canales para una configuraci\u00f3n detallada y personalizada.<\/li>\n<li>Tipo de Estroboscopio: 1-20Hz, de lento a r\u00e1pido.<\/li>\n<li>Atenuaci\u00f3n: Dimmer electr\u00f3nico.<\/li>\n<li>Protecci\u00f3n IP: IP20. Protecci\u00f3n Inteligente de Temperatura: Extiende la vida \u00fatil del LED y mantiene el rendimiento \u00f3ptimo.<\/li>\n<li>Alimentaci\u00f3n: AC 100-240 V, 50\/60 Hz con un consumo de energ\u00eda de 45W.<\/li>\n<li>Conexiones de Energ\u00eda y Datos: Powercon In\/Out y socket XLR de 5 pines.<\/li>\n<li>Material del Cuerpo: ABS.<\/li>\n<li>Peso: 1.84KG. Dimensiones y Peso: L252xW248xH137mm.<\/li>\n<li>Que Incluye la Caja: Que Incluye la Caja: 1 x Audibax Irwin 60, 1 x Manual de Usuario. 1x Cable de conexi\u00f3n.<\/li>\n<\/ul>\n<p>Mando incluido, sin bater\u00eda<\/p>\n","protected":false},"excerpt":{"rendered":"<ul>\n<li>Fuente de luz: 6 x 10W LED RGBW\/RGBA<\/li>\n<li>Vida \u00fatil de los LED: 50,000 horas<\/li>\n<li>Sistema \u00f3ptico avanzado para asegurar un efecto wash claro y de amplio rango<\/li>\n<li>\u00c1ngulo de haz: 15\u00b0\/25\u00b0\/40\u00b0<\/li>\n<li>Mezcla de colores RGBW excelente y efecto arco\u00edris<\/li>\n<li>Programa preestablecido en modo aut\u00f3nomo<\/li>\n<li>Libre de parpadeo<\/li>\n<li>Pantalla: LED con 4 botones<\/li>\n<li>Control: DMX, Maestro\/Esclavo, Aut\u00f3nomo, Control remoto IR, RDM<\/li>\n<li>Modos DMX: 4, 8<\/li>\n<li>Protecci\u00f3n inteligente de temperatura para asegurar la vida \u00fatil de los LED<\/li>\n<li>Rango de voltaje de entrada: AC 100-240 V, 50\/60 Hz<\/li>\n<li>Consumo de energ\u00eda: 43W<\/li>\n<li>Entrada\/salida de energ\u00eda: Powercon In\/Out<\/li>\n<li>Entrada\/salida de datos: Conector XLR de 3 pines o 5 pines<\/li>\n<li>Clasificaci\u00f3n IP: IP20<\/li>\n<\/ul>\n","protected":false},"featured_media":45374,"comment_status":"open","ping_status":"closed","template":"","meta":{"_acf_changed":false},"product_cat":[350,367],"product_tag":[753],"class_list":{"0":"post-45405","1":"product","2":"type-product","3":"status-publish","4":"has-post-thumbnail","6":"product_cat-iluminacion","7":"product_cat-spotlights-es","8":"product_tag-new","10":"first","11":"instock","12":"shipping-taxable","13":"product-type-simple"},"acf":[],"yoast_head":"<!-- This site is optimized with the Yoast SEO plugin v27.0 - https:\/\/yoast.com\/product\/yoast-seo-wordpress\/ -->\n<title>Irwin 60 - Audibax<\/title>\n<meta name=\"robots\" content=\"index, follow, max-snippet:-1, max-image-preview:large, max-video-preview:-1\" \/>\n<link rel=\"canonical\" href=\"https:\/\/audibax.com\/es\/producto\/irwin-60\/\" \/>\n<meta property=\"og:locale\" content=\"es_ES\" \/>\n<meta property=\"og:type\" content=\"article\" \/>\n<meta property=\"og:title\" content=\"Irwin 60 - Audibax\" \/>\n<meta property=\"og:description\" content=\"Fuente de luz: 6 x 10W LED RGBW\/RGBA  Vida \u00fatil de los LED: 50,000 horas  Sistema \u00f3ptico avanzado para asegurar un efecto wash claro y de amplio rango  \u00c1ngulo de haz: 15\u00b0\/25\u00b0\/40\u00b0  Mezcla de colores RGBW excelente y efecto arco\u00edris  Programa preestablecido en modo aut\u00f3nomo  Libre de parpadeo  Pantalla: LED con 4 botones  Control: DMX, Maestro\/Esclavo, Aut\u00f3nomo, Control remoto IR, RDM  Modos DMX: 4, 8  Protecci\u00f3n inteligente de temperatura para asegurar la vida \u00fatil de los LED  Rango de voltaje de entrada: AC 100-240 V, 50\/60 Hz  Consumo de energ\u00eda: 43W  Entrada\/salida de energ\u00eda: Powercon In\/Out  Entrada\/salida de datos: Conector XLR de 3 pines o 5 pines  Clasificaci\u00f3n IP: IP20\" \/>\n<meta property=\"og:url\" content=\"https:\/\/audibax.com\/es\/producto\/irwin-60\/\" \/>\n<meta property=\"og:site_name\" content=\"Audibax\" \/>\n<meta property=\"article:modified_time\" content=\"2026-01-07T16:22:17+00:00\" \/>\n<meta property=\"og:image\" content=\"https:\/\/audibax.com\/wp-content\/uploads\/2024\/08\/Irwin-60-1.png\" \/>\n\t<meta property=\"og:image:width\" content=\"1500\" \/>\n\t<meta property=\"og:image:height\" content=\"1061\" \/>\n\t<meta property=\"og:image:type\" content=\"image\/png\" \/>\n<meta name=\"twitter:card\" content=\"summary_large_image\" \/>\n<meta name=\"twitter:label1\" content=\"Tiempo de lectura\" \/>\n\t<meta name=\"twitter:data1\" content=\"2 minutos\" \/>\n<script type=\"application\/ld+json\" class=\"yoast-schema-graph\">{\"@context\":\"https:\/\/schema.org\",\"@graph\":[{\"@type\":\"WebPage\",\"@id\":\"https:\/\/audibax.com\/es\/producto\/irwin-60\/\",\"url\":\"https:\/\/audibax.com\/es\/producto\/irwin-60\/\",\"name\":\"Irwin 60 - Audibax\",\"isPartOf\":{\"@id\":\"https:\/\/audibax.com\/es\/#website\"},\"primaryImageOfPage\":{\"@id\":\"https:\/\/audibax.com\/es\/producto\/irwin-60\/#primaryimage\"},\"image\":{\"@id\":\"https:\/\/audibax.com\/es\/producto\/irwin-60\/#primaryimage\"},\"thumbnailUrl\":\"https:\/\/audibax.com\/wp-content\/uploads\/2024\/08\/Irwin-60-1.png\",\"datePublished\":\"2024-08-14T07:38:33+00:00\",\"dateModified\":\"2026-01-07T16:22:17+00:00\",\"breadcrumb\":{\"@id\":\"https:\/\/audibax.com\/es\/producto\/irwin-60\/#breadcrumb\"},\"inLanguage\":\"es\",\"potentialAction\":[{\"@type\":\"ReadAction\",\"target\":[\"https:\/\/audibax.com\/es\/producto\/irwin-60\/\"]}]},{\"@type\":\"ImageObject\",\"inLanguage\":\"es\",\"@id\":\"https:\/\/audibax.com\/es\/producto\/irwin-60\/#primaryimage\",\"url\":\"https:\/\/audibax.com\/wp-content\/uploads\/2024\/08\/Irwin-60-1.png\",\"contentUrl\":\"https:\/\/audibax.com\/wp-content\/uploads\/2024\/08\/Irwin-60-1.png\",\"width\":1500,\"height\":1061},{\"@type\":\"BreadcrumbList\",\"@id\":\"https:\/\/audibax.com\/es\/producto\/irwin-60\/#breadcrumb\",\"itemListElement\":[{\"@type\":\"ListItem\",\"position\":1,\"name\":\"Portada\",\"item\":\"https:\/\/audibax.com\/es\/\"},{\"@type\":\"ListItem\",\"position\":2,\"name\":\"Productos\",\"item\":\"https:\/\/audibax.com\/es\/shop\/\"},{\"@type\":\"ListItem\",\"position\":3,\"name\":\"Irwin 60\"}]},{\"@type\":\"WebSite\",\"@id\":\"https:\/\/audibax.com\/es\/#website\",\"url\":\"https:\/\/audibax.com\/es\/\",\"name\":\"Audibax\",\"description\":\"\",\"publisher\":{\"@id\":\"https:\/\/audibax.com\/es\/#organization\"},\"potentialAction\":[{\"@type\":\"SearchAction\",\"target\":{\"@type\":\"EntryPoint\",\"urlTemplate\":\"https:\/\/audibax.com\/es\/?s={search_term_string}\"},\"query-input\":{\"@type\":\"PropertyValueSpecification\",\"valueRequired\":true,\"valueName\":\"search_term_string\"}}],\"inLanguage\":\"es\"},{\"@type\":\"Organization\",\"@id\":\"https:\/\/audibax.com\/es\/#organization\",\"name\":\"Audibax\",\"url\":\"https:\/\/audibax.com\/es\/\",\"logo\":{\"@type\":\"ImageObject\",\"inLanguage\":\"es\",\"@id\":\"https:\/\/audibax.com\/es\/#\/schema\/logo\/image\/\",\"url\":\"https:\/\/audibax.com\/wp-content\/uploads\/2023\/09\/logo-Audibax-BLANCO-SVG-1.svg\",\"contentUrl\":\"https:\/\/audibax.com\/wp-content\/uploads\/2023\/09\/logo-Audibax-BLANCO-SVG-1.svg\",\"caption\":\"Audibax\"},\"image\":{\"@id\":\"https:\/\/audibax.com\/es\/#\/schema\/logo\/image\/\"}}]}<\/script>\n<!-- \/ Yoast SEO plugin. -->","yoast_head_json":{"title":"Irwin 60 - Audibax","robots":{"index":"index","follow":"follow","max-snippet":"max-snippet:-1","max-image-preview":"max-image-preview:large","max-video-preview":"max-video-preview:-1"},"canonical":"https:\/\/audibax.com\/es\/producto\/irwin-60\/","og_locale":"es_ES","og_type":"article","og_title":"Irwin 60 - Audibax","og_description":"Fuente de luz: 6 x 10W LED RGBW\/RGBA  Vida \u00fatil de los LED: 50,000 horas  Sistema \u00f3ptico avanzado para asegurar un efecto wash claro y de amplio rango  \u00c1ngulo de haz: 15\u00b0\/25\u00b0\/40\u00b0  Mezcla de colores RGBW excelente y efecto arco\u00edris  Programa preestablecido en modo aut\u00f3nomo  Libre de parpadeo  Pantalla: LED con 4 botones  Control: DMX, Maestro\/Esclavo, Aut\u00f3nomo, Control remoto IR, RDM  Modos DMX: 4, 8  Protecci\u00f3n inteligente de temperatura para asegurar la vida \u00fatil de los LED  Rango de voltaje de entrada: AC 100-240 V, 50\/60 Hz  Consumo de energ\u00eda: 43W  Entrada\/salida de energ\u00eda: Powercon In\/Out  Entrada\/salida de datos: Conector XLR de 3 pines o 5 pines  Clasificaci\u00f3n IP: IP20","og_url":"https:\/\/audibax.com\/es\/producto\/irwin-60\/","og_site_name":"Audibax","article_modified_time":"2026-01-07T16:22:17+00:00","og_image":[{"width":1500,"height":1061,"url":"https:\/\/audibax.com\/wp-content\/uploads\/2024\/08\/Irwin-60-1.png","type":"image\/png"}],"twitter_card":"summary_large_image","twitter_misc":{"Tiempo de lectura":"2 minutos"},"schema":{"@context":"https:\/\/schema.org","@graph":[{"@type":"WebPage","@id":"https:\/\/audibax.com\/es\/producto\/irwin-60\/","url":"https:\/\/audibax.com\/es\/producto\/irwin-60\/","name":"Irwin 60 - Audibax","isPartOf":{"@id":"https:\/\/audibax.com\/es\/#website"},"primaryImageOfPage":{"@id":"https:\/\/audibax.com\/es\/producto\/irwin-60\/#primaryimage"},"image":{"@id":"https:\/\/audibax.com\/es\/producto\/irwin-60\/#primaryimage"},"thumbnailUrl":"https:\/\/audibax.com\/wp-content\/uploads\/2024\/08\/Irwin-60-1.png","datePublished":"2024-08-14T07:38:33+00:00","dateModified":"2026-01-07T16:22:17+00:00","breadcrumb":{"@id":"https:\/\/audibax.com\/es\/producto\/irwin-60\/#breadcrumb"},"inLanguage":"es","potentialAction":[{"@type":"ReadAction","target":["https:\/\/audibax.com\/es\/producto\/irwin-60\/"]}]},{"@type":"ImageObject","inLanguage":"es","@id":"https:\/\/audibax.com\/es\/producto\/irwin-60\/#primaryimage","url":"https:\/\/audibax.com\/wp-content\/uploads\/2024\/08\/Irwin-60-1.png","contentUrl":"https:\/\/audibax.com\/wp-content\/uploads\/2024\/08\/Irwin-60-1.png","width":1500,"height":1061},{"@type":"BreadcrumbList","@id":"https:\/\/audibax.com\/es\/producto\/irwin-60\/#breadcrumb","itemListElement":[{"@type":"ListItem","position":1,"name":"Portada","item":"https:\/\/audibax.com\/es\/"},{"@type":"ListItem","position":2,"name":"Productos","item":"https:\/\/audibax.com\/es\/shop\/"},{"@type":"ListItem","position":3,"name":"Irwin 60"}]},{"@type":"WebSite","@id":"https:\/\/audibax.com\/es\/#website","url":"https:\/\/audibax.com\/es\/","name":"Audibax","description":"","publisher":{"@id":"https:\/\/audibax.com\/es\/#organization"},"potentialAction":[{"@type":"SearchAction","target":{"@type":"EntryPoint","urlTemplate":"https:\/\/audibax.com\/es\/?s={search_term_string}"},"query-input":{"@type":"PropertyValueSpecification","valueRequired":true,"valueName":"search_term_string"}}],"inLanguage":"es"},{"@type":"Organization","@id":"https:\/\/audibax.com\/es\/#organization","name":"Audibax","url":"https:\/\/audibax.com\/es\/","logo":{"@type":"ImageObject","inLanguage":"es","@id":"https:\/\/audibax.com\/es\/#\/schema\/logo\/image\/","url":"https:\/\/audibax.com\/wp-content\/uploads\/2023\/09\/logo-Audibax-BLANCO-SVG-1.svg","contentUrl":"https:\/\/audibax.com\/wp-content\/uploads\/2023\/09\/logo-Audibax-BLANCO-SVG-1.svg","caption":"Audibax"},"image":{"@id":"https:\/\/audibax.com\/es\/#\/schema\/logo\/image\/"}}]}},"_links":{"self":[{"href":"https:\/\/audibax.com\/es\/wp-json\/wp\/v2\/product\/45405","targetHints":{"allow":["GET"]}}],"collection":[{"href":"https:\/\/audibax.com\/es\/wp-json\/wp\/v2\/product"}],"about":[{"href":"https:\/\/audibax.com\/es\/wp-json\/wp\/v2\/types\/product"}],"replies":[{"embeddable":true,"href":"https:\/\/audibax.com\/es\/wp-json\/wp\/v2\/comments?post=45405"}],"wp:featuredmedia":[{"embeddable":true,"href":"https:\/\/audibax.com\/es\/wp-json\/wp\/v2\/media\/45374"}],"wp:attachment":[{"href":"https:\/\/audibax.com\/es\/wp-json\/wp\/v2\/media?parent=45405"}],"wp:term":[{"taxonomy":"product_cat","embeddable":true,"href":"https:\/\/audibax.com\/es\/wp-json\/wp\/v2\/product_cat?post=45405"},{"taxonomy":"product_tag","embeddable":true,"href":"https:\/\/audibax.com\/es\/wp-json\/wp\/v2\/product_tag?post=45405"}],"curies":[{"name":"wp","href":"https:\/\/api.w.org\/{rel}","templated":true}]}}