{"id":44972,"date":"2024-07-15T17:25:06","date_gmt":"2024-07-15T15:25:06","guid":{"rendered":"https:\/\/audibax.com\/?post_type=product&#038;p=44972"},"modified":"2025-10-20T12:25:41","modified_gmt":"2025-10-20T10:25:41","slug":"dsp18s-g2","status":"publish","type":"product","link":"https:\/\/audibax.com\/es\/producto\/dsp18s-g2\/","title":{"rendered":"DSP18S G2"},"content":{"rendered":"<p><strong>Audibax DSP18s Subwoofer Activo 800W G2<\/strong><\/p>\n<p>La nueva gama DSP de Audibax supone un salto de calidad en cuanto a los altavoces activos y subwoofers de la marca. El DSP interno de alta calidad ofrece la posibilidad de modificar par\u00e1metros como la ecualizaci\u00f3n a tres bandas o seleccionar el modo de reproducci\u00f3n seg\u00fan las necesidades en cada momento (Music, Live, DJ, Speech, etc). Construidos con materiales y componentes de primer nivel, la nueva gama de Audibax Pro DSP garantizan durabilidad y calidad de sonido en todas las aplicaciones necesarias, ya sea para m\u00fasica en directo como para reproducir m\u00fasica.<\/p>\n<p>El\u00a0<strong>Audibax DSP-18S<\/strong>\u00a0<strong>G2\u00a0<\/strong>es un subwoofer dise\u00f1ado con un revolucionario amplificador Clase D que ofrece una potencia incre\u00edble, un rendimiento impresionante y una caja compacta y liviana para su uso y transporte diario.<\/p>\n<p><strong>Especificaciones t\u00e9cnicas:<\/strong><\/p>\n<ul>\n<li>Frecuencia: 26-800Hz<\/li>\n<li>Potencia del amplificador RMS: 800 W Clase D + DSP<\/li>\n<li>Woofer de 18&#8243;<\/li>\n<li>SPL (peak):\u00a0131 dB<\/li>\n<li>Entrada de l\u00ednea: 2<\/li>\n<li>Conector de Entradas Mic\/Line:XLR\/Jack Combi<\/li>\n<li>Salida de Linea: 2<\/li>\n<li>Conector Salida de l\u00ednea: XLR<\/li>\n<li>Funci\u00f3n: DSP profesional<\/li>\n<li>Fuente de alimentaci\u00f3n: AC120V-230V<\/li>\n<li>Color: Negro<\/li>\n<li>Accesorios incluidos : Cables de alimentaci\u00f3n<\/li>\n<li>Medidas: 510 x 600 x 605 mm<\/li>\n<li>Peso: 41 Kgs<\/li>\n<\/ul>\n","protected":false},"excerpt":{"rendered":"<ul>\n<li>Frecuencia: 26-800Hz<\/li>\n<li>Potencia del amplificador RMS: 800 W Clase D + DSP<\/li>\n<li>Woofer de 18&#8243;<\/li>\n<li>SPL (peak):\u00a0131 dB<\/li>\n<li>Conector de Entradas Mic\/Line:XLR\/Jack Combi<\/li>\n<li>Conector Salida de l\u00ednea: XLR<\/li>\n<li>Fuente de alimentaci\u00f3n: AC120V-230V<\/li>\n<\/ul>\n","protected":false},"featured_media":45984,"comment_status":"open","ping_status":"closed","template":"","meta":{"_acf_changed":false},"product_cat":[394,422],"product_tag":[],"class_list":{"0":"post-44972","1":"product","2":"type-product","3":"status-publish","4":"has-post-thumbnail","6":"product_cat-sonido-pa","7":"product_cat-subwoofer-es","9":"first","10":"instock","11":"shipping-taxable","12":"product-type-simple"},"acf":[],"yoast_head":"<!-- This site is optimized with the Yoast SEO plugin v27.0 - https:\/\/yoast.com\/product\/yoast-seo-wordpress\/ -->\n<title>DSP18S G2 - Audibax<\/title>\n<meta name=\"robots\" content=\"index, follow, max-snippet:-1, max-image-preview:large, max-video-preview:-1\" \/>\n<link rel=\"canonical\" href=\"https:\/\/audibax.com\/es\/producto\/dsp18s-g2\/\" \/>\n<meta property=\"og:locale\" content=\"es_ES\" \/>\n<meta property=\"og:type\" content=\"article\" \/>\n<meta property=\"og:title\" content=\"DSP18S G2 - Audibax\" \/>\n<meta property=\"og:description\" content=\"Frecuencia: 26-800Hz  Potencia del amplificador RMS: 800 W Clase D + DSP  Woofer de 18&quot;  SPL (peak):\u00a0131 dB  Conector de Entradas Mic\/Line:XLR\/Jack Combi  Conector Salida de l\u00ednea: XLR  Fuente de alimentaci\u00f3n: AC120V-230V\" \/>\n<meta property=\"og:url\" content=\"https:\/\/audibax.com\/es\/producto\/dsp18s-g2\/\" \/>\n<meta property=\"og:site_name\" content=\"Audibax\" \/>\n<meta property=\"article:modified_time\" content=\"2025-10-20T10:25:41+00:00\" \/>\n<meta property=\"og:image\" content=\"https:\/\/audibax.com\/wp-content\/uploads\/2024\/07\/DSP18s-1-1.png\" \/>\n\t<meta property=\"og:image:width\" content=\"1500\" \/>\n\t<meta property=\"og:image:height\" content=\"1061\" \/>\n\t<meta property=\"og:image:type\" content=\"image\/png\" \/>\n<meta name=\"twitter:card\" content=\"summary_large_image\" \/>\n<meta name=\"twitter:label1\" content=\"Tiempo de lectura\" \/>\n\t<meta name=\"twitter:data1\" content=\"2 minutos\" \/>\n<script type=\"application\/ld+json\" class=\"yoast-schema-graph\">{\"@context\":\"https:\/\/schema.org\",\"@graph\":[{\"@type\":\"WebPage\",\"@id\":\"https:\/\/audibax.com\/es\/producto\/dsp18s-g2\/\",\"url\":\"https:\/\/audibax.com\/es\/producto\/dsp18s-g2\/\",\"name\":\"DSP18S G2 - Audibax\",\"isPartOf\":{\"@id\":\"https:\/\/audibax.com\/es\/#website\"},\"primaryImageOfPage\":{\"@id\":\"https:\/\/audibax.com\/es\/producto\/dsp18s-g2\/#primaryimage\"},\"image\":{\"@id\":\"https:\/\/audibax.com\/es\/producto\/dsp18s-g2\/#primaryimage\"},\"thumbnailUrl\":\"https:\/\/audibax.com\/wp-content\/uploads\/2024\/07\/DSP18s-1-1.png\",\"datePublished\":\"2024-07-15T15:25:06+00:00\",\"dateModified\":\"2025-10-20T10:25:41+00:00\",\"breadcrumb\":{\"@id\":\"https:\/\/audibax.com\/es\/producto\/dsp18s-g2\/#breadcrumb\"},\"inLanguage\":\"es\",\"potentialAction\":[{\"@type\":\"ReadAction\",\"target\":[\"https:\/\/audibax.com\/es\/producto\/dsp18s-g2\/\"]}]},{\"@type\":\"ImageObject\",\"inLanguage\":\"es\",\"@id\":\"https:\/\/audibax.com\/es\/producto\/dsp18s-g2\/#primaryimage\",\"url\":\"https:\/\/audibax.com\/wp-content\/uploads\/2024\/07\/DSP18s-1-1.png\",\"contentUrl\":\"https:\/\/audibax.com\/wp-content\/uploads\/2024\/07\/DSP18s-1-1.png\",\"width\":1500,\"height\":1061},{\"@type\":\"BreadcrumbList\",\"@id\":\"https:\/\/audibax.com\/es\/producto\/dsp18s-g2\/#breadcrumb\",\"itemListElement\":[{\"@type\":\"ListItem\",\"position\":1,\"name\":\"Portada\",\"item\":\"https:\/\/audibax.com\/es\/\"},{\"@type\":\"ListItem\",\"position\":2,\"name\":\"Productos\",\"item\":\"https:\/\/audibax.com\/es\/shop\/\"},{\"@type\":\"ListItem\",\"position\":3,\"name\":\"DSP18S G2\"}]},{\"@type\":\"WebSite\",\"@id\":\"https:\/\/audibax.com\/es\/#website\",\"url\":\"https:\/\/audibax.com\/es\/\",\"name\":\"Audibax\",\"description\":\"\",\"publisher\":{\"@id\":\"https:\/\/audibax.com\/es\/#organization\"},\"potentialAction\":[{\"@type\":\"SearchAction\",\"target\":{\"@type\":\"EntryPoint\",\"urlTemplate\":\"https:\/\/audibax.com\/es\/?s={search_term_string}\"},\"query-input\":{\"@type\":\"PropertyValueSpecification\",\"valueRequired\":true,\"valueName\":\"search_term_string\"}}],\"inLanguage\":\"es\"},{\"@type\":\"Organization\",\"@id\":\"https:\/\/audibax.com\/es\/#organization\",\"name\":\"Audibax\",\"url\":\"https:\/\/audibax.com\/es\/\",\"logo\":{\"@type\":\"ImageObject\",\"inLanguage\":\"es\",\"@id\":\"https:\/\/audibax.com\/es\/#\/schema\/logo\/image\/\",\"url\":\"https:\/\/audibax.com\/wp-content\/uploads\/2023\/09\/logo-Audibax-BLANCO-SVG-1.svg\",\"contentUrl\":\"https:\/\/audibax.com\/wp-content\/uploads\/2023\/09\/logo-Audibax-BLANCO-SVG-1.svg\",\"caption\":\"Audibax\"},\"image\":{\"@id\":\"https:\/\/audibax.com\/es\/#\/schema\/logo\/image\/\"}}]}<\/script>\n<!-- \/ Yoast SEO plugin. -->","yoast_head_json":{"title":"DSP18S G2 - Audibax","robots":{"index":"index","follow":"follow","max-snippet":"max-snippet:-1","max-image-preview":"max-image-preview:large","max-video-preview":"max-video-preview:-1"},"canonical":"https:\/\/audibax.com\/es\/producto\/dsp18s-g2\/","og_locale":"es_ES","og_type":"article","og_title":"DSP18S G2 - Audibax","og_description":"Frecuencia: 26-800Hz  Potencia del amplificador RMS: 800 W Clase D + DSP  Woofer de 18\"  SPL (peak):\u00a0131 dB  Conector de Entradas Mic\/Line:XLR\/Jack Combi  Conector Salida de l\u00ednea: XLR  Fuente de alimentaci\u00f3n: AC120V-230V","og_url":"https:\/\/audibax.com\/es\/producto\/dsp18s-g2\/","og_site_name":"Audibax","article_modified_time":"2025-10-20T10:25:41+00:00","og_image":[{"width":1500,"height":1061,"url":"https:\/\/audibax.com\/wp-content\/uploads\/2024\/07\/DSP18s-1-1.png","type":"image\/png"}],"twitter_card":"summary_large_image","twitter_misc":{"Tiempo de lectura":"2 minutos"},"schema":{"@context":"https:\/\/schema.org","@graph":[{"@type":"WebPage","@id":"https:\/\/audibax.com\/es\/producto\/dsp18s-g2\/","url":"https:\/\/audibax.com\/es\/producto\/dsp18s-g2\/","name":"DSP18S G2 - Audibax","isPartOf":{"@id":"https:\/\/audibax.com\/es\/#website"},"primaryImageOfPage":{"@id":"https:\/\/audibax.com\/es\/producto\/dsp18s-g2\/#primaryimage"},"image":{"@id":"https:\/\/audibax.com\/es\/producto\/dsp18s-g2\/#primaryimage"},"thumbnailUrl":"https:\/\/audibax.com\/wp-content\/uploads\/2024\/07\/DSP18s-1-1.png","datePublished":"2024-07-15T15:25:06+00:00","dateModified":"2025-10-20T10:25:41+00:00","breadcrumb":{"@id":"https:\/\/audibax.com\/es\/producto\/dsp18s-g2\/#breadcrumb"},"inLanguage":"es","potentialAction":[{"@type":"ReadAction","target":["https:\/\/audibax.com\/es\/producto\/dsp18s-g2\/"]}]},{"@type":"ImageObject","inLanguage":"es","@id":"https:\/\/audibax.com\/es\/producto\/dsp18s-g2\/#primaryimage","url":"https:\/\/audibax.com\/wp-content\/uploads\/2024\/07\/DSP18s-1-1.png","contentUrl":"https:\/\/audibax.com\/wp-content\/uploads\/2024\/07\/DSP18s-1-1.png","width":1500,"height":1061},{"@type":"BreadcrumbList","@id":"https:\/\/audibax.com\/es\/producto\/dsp18s-g2\/#breadcrumb","itemListElement":[{"@type":"ListItem","position":1,"name":"Portada","item":"https:\/\/audibax.com\/es\/"},{"@type":"ListItem","position":2,"name":"Productos","item":"https:\/\/audibax.com\/es\/shop\/"},{"@type":"ListItem","position":3,"name":"DSP18S G2"}]},{"@type":"WebSite","@id":"https:\/\/audibax.com\/es\/#website","url":"https:\/\/audibax.com\/es\/","name":"Audibax","description":"","publisher":{"@id":"https:\/\/audibax.com\/es\/#organization"},"potentialAction":[{"@type":"SearchAction","target":{"@type":"EntryPoint","urlTemplate":"https:\/\/audibax.com\/es\/?s={search_term_string}"},"query-input":{"@type":"PropertyValueSpecification","valueRequired":true,"valueName":"search_term_string"}}],"inLanguage":"es"},{"@type":"Organization","@id":"https:\/\/audibax.com\/es\/#organization","name":"Audibax","url":"https:\/\/audibax.com\/es\/","logo":{"@type":"ImageObject","inLanguage":"es","@id":"https:\/\/audibax.com\/es\/#\/schema\/logo\/image\/","url":"https:\/\/audibax.com\/wp-content\/uploads\/2023\/09\/logo-Audibax-BLANCO-SVG-1.svg","contentUrl":"https:\/\/audibax.com\/wp-content\/uploads\/2023\/09\/logo-Audibax-BLANCO-SVG-1.svg","caption":"Audibax"},"image":{"@id":"https:\/\/audibax.com\/es\/#\/schema\/logo\/image\/"}}]}},"_links":{"self":[{"href":"https:\/\/audibax.com\/es\/wp-json\/wp\/v2\/product\/44972","targetHints":{"allow":["GET"]}}],"collection":[{"href":"https:\/\/audibax.com\/es\/wp-json\/wp\/v2\/product"}],"about":[{"href":"https:\/\/audibax.com\/es\/wp-json\/wp\/v2\/types\/product"}],"replies":[{"embeddable":true,"href":"https:\/\/audibax.com\/es\/wp-json\/wp\/v2\/comments?post=44972"}],"wp:featuredmedia":[{"embeddable":true,"href":"https:\/\/audibax.com\/es\/wp-json\/wp\/v2\/media\/45984"}],"wp:attachment":[{"href":"https:\/\/audibax.com\/es\/wp-json\/wp\/v2\/media?parent=44972"}],"wp:term":[{"taxonomy":"product_cat","embeddable":true,"href":"https:\/\/audibax.com\/es\/wp-json\/wp\/v2\/product_cat?post=44972"},{"taxonomy":"product_tag","embeddable":true,"href":"https:\/\/audibax.com\/es\/wp-json\/wp\/v2\/product_tag?post=44972"}],"curies":[{"name":"wp","href":"https:\/\/api.w.org\/{rel}","templated":true}]}}