{"id":44937,"date":"2024-07-15T13:56:27","date_gmt":"2024-07-15T11:56:27","guid":{"rendered":"https:\/\/audibax.com\/?post_type=product&#038;p=44937"},"modified":"2025-10-16T12:07:26","modified_gmt":"2025-10-16T10:07:26","slug":"44937","status":"publish","type":"product","link":"https:\/\/audibax.com\/es\/producto\/44937\/","title":{"rendered":"DSP15 G2"},"content":{"rendered":"<p><strong>Audibax DSP15 Altavoz 15\u00a0 Activo L300W+H100W con DSP G2<\/strong><\/p>\n<p>La nueva gama DSP de Audibax supone un salto de calidad en cuanto a los altavoces activos de la marca. El DSP interno de alta calidad ofrece la posibilidad de modificar par\u00e1metros como la ecualizaci\u00f3n a tres bandas o seleccionar el modo de reproducci\u00f3n seg\u00fan las necesidades en cada momento ( Music, Live, DJ, Speech, etc). Construidos con materiales y componentes de primer nivel, los nuevos Audibax Pro DSP garantizan durabilidad y calidad de sonido en todas las aplicaciones necesarias, ya sea para m\u00fasica en directo como para reproducir m\u00fasica.<\/p>\n<p>El\u00a0<strong>Audibax DSP-15<\/strong>\u00a0<strong>G2\u00a0<\/strong>est\u00e1 dise\u00f1ado con un revolucionario amplificador Clase D que ofrece una potencia incre\u00edble, un rendimiento impresionante y una caja compacta y liviana para su uso y transporte diario.<\/p>\n<p><strong>Especificaciones t\u00e9cnicas:<\/strong><\/p>\n<ul>\n<li>Altavoz activo de 2 v\u00edas de 15 pulgadas con DSP G2<\/li>\n<li>Respuesta de frecuencia: 45Hz-20KHz<\/li>\n<li>Potencia de salida RMS: L: 300W + H: 100W<\/li>\n<li>Potencia m\u00e1xima: 800W<\/li>\n<li>Woofer: 15 \u00ab<\/li>\n<li>Tweeter: Titanio de 1,75 \u00bb (44 mm)<\/li>\n<li>Amplificador: Clase \/ D BI-AMP<\/li>\n<li>SPL (Constant): 95 dB<\/li>\n<li>SPL (Peak): 125 dB<\/li>\n<li>Entradas Mic\/Line: 2<\/li>\n<li>Conector de Entradas Mic\/Line: XLR\/Jack Combi<\/li>\n<li>Entrada Auxiliar:1<\/li>\n<li>Conector Entrada Auxiliar:RCA Stereo<\/li>\n<li>Salidas de L\u00ednea: 1<\/li>\n<li>Conector de Salidas de L\u00ednea: XLR<\/li>\n<li>Funci\u00f3n especial: Bluetooth + EQ + DSP<\/li>\n<li>Funciones DSP: Modos de reproducci\u00f3n (M\u00fasica, Sonido Directo, DJ)\n<ul>\n<li>Ajustes ecualizador de 3 bandas<\/li>\n<li>Posici\u00f3n del altavoz: (Monitor de suelo \/Altavoz)<\/li>\n<li>Ajuste del brillo de pantalla<\/li>\n<li>LED frontal encendido\/apagado<\/li>\n<\/ul>\n<\/li>\n<li>Fuente de alimentaci\u00f3n: AC100-240V<\/li>\n<li>Recinto trapezoidal para aplicaciones de monitoreo<\/li>\n<li>Medidas: 420 x 382 x 695 mm<\/li>\n<li>Peso: 18.6 Kg<\/li>\n<\/ul>\n","protected":false},"excerpt":{"rendered":"<ul>\n<li>Altavoz activo de 2 v\u00edas de 15 pulgadas con DSP G2<\/li>\n<li>Respuesta de frecuencia: 45Hz-120hz (-10dB)<\/li>\n<li>Potencia de salida RMS: L: 300W + H: 100W<\/li>\n<li>SPL (Constant): 95 dB<\/li>\n<li>SPL (Peak): 125 dB<\/li>\n<\/ul>\n","protected":false},"featured_media":44908,"comment_status":"open","ping_status":"closed","template":"","meta":{"_acf_changed":false},"product_cat":[250,251,394],"product_tag":[],"class_list":{"0":"post-44937","1":"product","2":"type-product","3":"status-publish","4":"has-post-thumbnail","6":"product_cat-altavoces","7":"product_cat-altavoces-activos","8":"product_cat-sonido-pa","10":"first","11":"instock","12":"shipping-taxable","13":"product-type-simple"},"acf":[],"yoast_head":"<!-- This site is optimized with the Yoast SEO plugin v27.0 - https:\/\/yoast.com\/product\/yoast-seo-wordpress\/ -->\n<title>DSP15 G2 - Audibax<\/title>\n<meta name=\"robots\" content=\"index, follow, max-snippet:-1, max-image-preview:large, max-video-preview:-1\" \/>\n<link rel=\"canonical\" href=\"https:\/\/audibax.com\/es\/producto\/44937\/\" \/>\n<meta property=\"og:locale\" content=\"es_ES\" \/>\n<meta property=\"og:type\" content=\"article\" \/>\n<meta property=\"og:title\" content=\"DSP15 G2 - Audibax\" \/>\n<meta property=\"og:description\" content=\"Altavoz activo de 2 v\u00edas de 15 pulgadas con DSP G2  Respuesta de frecuencia: 45Hz-120hz (-10dB)  Potencia de salida RMS: L: 300W + H: 100W  SPL (Constant): 95 dB  SPL (Peak): 125 dB\" \/>\n<meta property=\"og:url\" content=\"https:\/\/audibax.com\/es\/producto\/44937\/\" \/>\n<meta property=\"og:site_name\" content=\"Audibax\" \/>\n<meta property=\"article:modified_time\" content=\"2025-10-16T10:07:26+00:00\" \/>\n<meta property=\"og:image\" content=\"https:\/\/audibax.com\/wp-content\/uploads\/2024\/07\/DSP15-1.png\" \/>\n\t<meta property=\"og:image:width\" content=\"1500\" \/>\n\t<meta property=\"og:image:height\" content=\"1061\" \/>\n\t<meta property=\"og:image:type\" content=\"image\/png\" \/>\n<meta name=\"twitter:card\" content=\"summary_large_image\" \/>\n<meta name=\"twitter:label1\" content=\"Tiempo de lectura\" \/>\n\t<meta name=\"twitter:data1\" content=\"2 minutos\" \/>\n<script type=\"application\/ld+json\" class=\"yoast-schema-graph\">{\"@context\":\"https:\/\/schema.org\",\"@graph\":[{\"@type\":\"WebPage\",\"@id\":\"https:\/\/audibax.com\/es\/producto\/44937\/\",\"url\":\"https:\/\/audibax.com\/es\/producto\/44937\/\",\"name\":\"DSP15 G2 - Audibax\",\"isPartOf\":{\"@id\":\"https:\/\/audibax.com\/es\/#website\"},\"primaryImageOfPage\":{\"@id\":\"https:\/\/audibax.com\/es\/producto\/44937\/#primaryimage\"},\"image\":{\"@id\":\"https:\/\/audibax.com\/es\/producto\/44937\/#primaryimage\"},\"thumbnailUrl\":\"https:\/\/audibax.com\/wp-content\/uploads\/2024\/07\/DSP15-1.png\",\"datePublished\":\"2024-07-15T11:56:27+00:00\",\"dateModified\":\"2025-10-16T10:07:26+00:00\",\"breadcrumb\":{\"@id\":\"https:\/\/audibax.com\/es\/producto\/44937\/#breadcrumb\"},\"inLanguage\":\"es\",\"potentialAction\":[{\"@type\":\"ReadAction\",\"target\":[\"https:\/\/audibax.com\/es\/producto\/44937\/\"]}]},{\"@type\":\"ImageObject\",\"inLanguage\":\"es\",\"@id\":\"https:\/\/audibax.com\/es\/producto\/44937\/#primaryimage\",\"url\":\"https:\/\/audibax.com\/wp-content\/uploads\/2024\/07\/DSP15-1.png\",\"contentUrl\":\"https:\/\/audibax.com\/wp-content\/uploads\/2024\/07\/DSP15-1.png\",\"width\":1500,\"height\":1061},{\"@type\":\"BreadcrumbList\",\"@id\":\"https:\/\/audibax.com\/es\/producto\/44937\/#breadcrumb\",\"itemListElement\":[{\"@type\":\"ListItem\",\"position\":1,\"name\":\"Portada\",\"item\":\"https:\/\/audibax.com\/es\/\"},{\"@type\":\"ListItem\",\"position\":2,\"name\":\"Productos\",\"item\":\"https:\/\/audibax.com\/es\/shop\/\"},{\"@type\":\"ListItem\",\"position\":3,\"name\":\"DSP15 G2\"}]},{\"@type\":\"WebSite\",\"@id\":\"https:\/\/audibax.com\/es\/#website\",\"url\":\"https:\/\/audibax.com\/es\/\",\"name\":\"Audibax\",\"description\":\"\",\"publisher\":{\"@id\":\"https:\/\/audibax.com\/es\/#organization\"},\"potentialAction\":[{\"@type\":\"SearchAction\",\"target\":{\"@type\":\"EntryPoint\",\"urlTemplate\":\"https:\/\/audibax.com\/es\/?s={search_term_string}\"},\"query-input\":{\"@type\":\"PropertyValueSpecification\",\"valueRequired\":true,\"valueName\":\"search_term_string\"}}],\"inLanguage\":\"es\"},{\"@type\":\"Organization\",\"@id\":\"https:\/\/audibax.com\/es\/#organization\",\"name\":\"Audibax\",\"url\":\"https:\/\/audibax.com\/es\/\",\"logo\":{\"@type\":\"ImageObject\",\"inLanguage\":\"es\",\"@id\":\"https:\/\/audibax.com\/es\/#\/schema\/logo\/image\/\",\"url\":\"https:\/\/audibax.com\/wp-content\/uploads\/2023\/09\/logo-Audibax-BLANCO-SVG-1.svg\",\"contentUrl\":\"https:\/\/audibax.com\/wp-content\/uploads\/2023\/09\/logo-Audibax-BLANCO-SVG-1.svg\",\"caption\":\"Audibax\"},\"image\":{\"@id\":\"https:\/\/audibax.com\/es\/#\/schema\/logo\/image\/\"}}]}<\/script>\n<!-- \/ Yoast SEO plugin. -->","yoast_head_json":{"title":"DSP15 G2 - Audibax","robots":{"index":"index","follow":"follow","max-snippet":"max-snippet:-1","max-image-preview":"max-image-preview:large","max-video-preview":"max-video-preview:-1"},"canonical":"https:\/\/audibax.com\/es\/producto\/44937\/","og_locale":"es_ES","og_type":"article","og_title":"DSP15 G2 - Audibax","og_description":"Altavoz activo de 2 v\u00edas de 15 pulgadas con DSP G2  Respuesta de frecuencia: 45Hz-120hz (-10dB)  Potencia de salida RMS: L: 300W + H: 100W  SPL (Constant): 95 dB  SPL (Peak): 125 dB","og_url":"https:\/\/audibax.com\/es\/producto\/44937\/","og_site_name":"Audibax","article_modified_time":"2025-10-16T10:07:26+00:00","og_image":[{"width":1500,"height":1061,"url":"https:\/\/audibax.com\/wp-content\/uploads\/2024\/07\/DSP15-1.png","type":"image\/png"}],"twitter_card":"summary_large_image","twitter_misc":{"Tiempo de lectura":"2 minutos"},"schema":{"@context":"https:\/\/schema.org","@graph":[{"@type":"WebPage","@id":"https:\/\/audibax.com\/es\/producto\/44937\/","url":"https:\/\/audibax.com\/es\/producto\/44937\/","name":"DSP15 G2 - Audibax","isPartOf":{"@id":"https:\/\/audibax.com\/es\/#website"},"primaryImageOfPage":{"@id":"https:\/\/audibax.com\/es\/producto\/44937\/#primaryimage"},"image":{"@id":"https:\/\/audibax.com\/es\/producto\/44937\/#primaryimage"},"thumbnailUrl":"https:\/\/audibax.com\/wp-content\/uploads\/2024\/07\/DSP15-1.png","datePublished":"2024-07-15T11:56:27+00:00","dateModified":"2025-10-16T10:07:26+00:00","breadcrumb":{"@id":"https:\/\/audibax.com\/es\/producto\/44937\/#breadcrumb"},"inLanguage":"es","potentialAction":[{"@type":"ReadAction","target":["https:\/\/audibax.com\/es\/producto\/44937\/"]}]},{"@type":"ImageObject","inLanguage":"es","@id":"https:\/\/audibax.com\/es\/producto\/44937\/#primaryimage","url":"https:\/\/audibax.com\/wp-content\/uploads\/2024\/07\/DSP15-1.png","contentUrl":"https:\/\/audibax.com\/wp-content\/uploads\/2024\/07\/DSP15-1.png","width":1500,"height":1061},{"@type":"BreadcrumbList","@id":"https:\/\/audibax.com\/es\/producto\/44937\/#breadcrumb","itemListElement":[{"@type":"ListItem","position":1,"name":"Portada","item":"https:\/\/audibax.com\/es\/"},{"@type":"ListItem","position":2,"name":"Productos","item":"https:\/\/audibax.com\/es\/shop\/"},{"@type":"ListItem","position":3,"name":"DSP15 G2"}]},{"@type":"WebSite","@id":"https:\/\/audibax.com\/es\/#website","url":"https:\/\/audibax.com\/es\/","name":"Audibax","description":"","publisher":{"@id":"https:\/\/audibax.com\/es\/#organization"},"potentialAction":[{"@type":"SearchAction","target":{"@type":"EntryPoint","urlTemplate":"https:\/\/audibax.com\/es\/?s={search_term_string}"},"query-input":{"@type":"PropertyValueSpecification","valueRequired":true,"valueName":"search_term_string"}}],"inLanguage":"es"},{"@type":"Organization","@id":"https:\/\/audibax.com\/es\/#organization","name":"Audibax","url":"https:\/\/audibax.com\/es\/","logo":{"@type":"ImageObject","inLanguage":"es","@id":"https:\/\/audibax.com\/es\/#\/schema\/logo\/image\/","url":"https:\/\/audibax.com\/wp-content\/uploads\/2023\/09\/logo-Audibax-BLANCO-SVG-1.svg","contentUrl":"https:\/\/audibax.com\/wp-content\/uploads\/2023\/09\/logo-Audibax-BLANCO-SVG-1.svg","caption":"Audibax"},"image":{"@id":"https:\/\/audibax.com\/es\/#\/schema\/logo\/image\/"}}]}},"_links":{"self":[{"href":"https:\/\/audibax.com\/es\/wp-json\/wp\/v2\/product\/44937","targetHints":{"allow":["GET"]}}],"collection":[{"href":"https:\/\/audibax.com\/es\/wp-json\/wp\/v2\/product"}],"about":[{"href":"https:\/\/audibax.com\/es\/wp-json\/wp\/v2\/types\/product"}],"replies":[{"embeddable":true,"href":"https:\/\/audibax.com\/es\/wp-json\/wp\/v2\/comments?post=44937"}],"wp:featuredmedia":[{"embeddable":true,"href":"https:\/\/audibax.com\/es\/wp-json\/wp\/v2\/media\/44908"}],"wp:attachment":[{"href":"https:\/\/audibax.com\/es\/wp-json\/wp\/v2\/media?parent=44937"}],"wp:term":[{"taxonomy":"product_cat","embeddable":true,"href":"https:\/\/audibax.com\/es\/wp-json\/wp\/v2\/product_cat?post=44937"},{"taxonomy":"product_tag","embeddable":true,"href":"https:\/\/audibax.com\/es\/wp-json\/wp\/v2\/product_tag?post=44937"}],"curies":[{"name":"wp","href":"https:\/\/api.w.org\/{rel}","templated":true}]}}