{"id":44835,"date":"2024-07-15T09:52:14","date_gmt":"2024-07-15T07:52:14","guid":{"rendered":"https:\/\/audibax.com\/?post_type=product&#038;p=44835"},"modified":"2025-10-17T11:14:08","modified_gmt":"2025-10-17T09:14:08","slug":"dsp10-g2","status":"publish","type":"product","link":"https:\/\/audibax.com\/es\/producto\/dsp10-g2\/","title":{"rendered":"DSP10 G2"},"content":{"rendered":"<p><strong>Audibax DSP10 Altavoz 10&#8243; Activo G2<\/strong><\/p>\n<p>La\u00a0<strong>gama DSP G2 de Audibax<\/strong>\u00a0supone un salto de calidad en cuanto a los altavoces activos de la marca. El DSP interno de alta calidad ofrece la posibilidad de modificar par\u00e1metros como la ecualizaci\u00f3n a tres bandas o seleccionar el modo de reproducci\u00f3n seg\u00fan las necesidades en cada momento (Music, Live, DJ, Speech, etc). Construidos con materiales y componentes de primer nivel. Estos altavoces garantizan durabilidad y calidad de sonido en todas las aplicaciones necesarias, ya sea para m\u00fasica en directo como para reproducir m\u00fasica.<\/p>\n<p>El\u00a0<strong>Audibax DSP-10<\/strong>\u00a0<strong>G2\u00a0<\/strong>est\u00e1 dise\u00f1ado con un revolucionario amplificador Clase D que ofrece una potencia incre\u00edble, un rendimiento impresionante.<\/p>\n<p><strong>Especificaciones t\u00e9cnicas:<\/strong><\/p>\n<ul>\n<li>Activo de 2 v\u00edas, para una entrega de sonido vers\u00e1til y potente.<\/li>\n<li>Driver del Woofer: 10&#8243;<\/li>\n<li>Tipo de Driver HF: Corneta con 3.5&#8243; de titanio<\/li>\n<li>Bobina de Voz del Driver HF: 1.35\u00bb (34.4mm)<\/li>\n<li>Respuesta de Frecuencia: 48Hz-20KHz (-10dB).<\/li>\n<li>SPL M\u00e1ximo (dB): 123dB (Pico)<\/li>\n<li>Sensibilidad (1w\/1m): 95dB<\/li>\n<li>Tipo de Impedancia: 4 ohms<\/li>\n<li>Dispersi\u00f3n: 90\u00b0 x 60\u00b0<\/li>\n<li>Color: Negro<\/li>\n<li>Tipo de Montaje: Soporte de 36mm<\/li>\n<li>Entradas Mic\/Line: 2<\/li>\n<li>Conector de Entradas Mic\/Line: XLR\/Jack Combi<\/li>\n<li>Entrada Auxiliar:1<\/li>\n<li>Conector Entrada Auxiliar:RCA Stereo<\/li>\n<li>Salidas de L\u00ednea: 1<\/li>\n<li>Conector de Salidas de L\u00ednea: XLR<\/li>\n<li>Procesador DSP: Integrado<\/li>\n<li>Bluetooth: S\u00ed<\/li>\n<li>Potencia de Carga (RMS): L250W+H100W<\/li>\n<li>Potencia de Carga Pico: 700W<\/li>\n<li>Acabado del Recinto: ABS<\/li>\n<li>Fuente de Alimentaci\u00f3n: AC100V-240V<\/li>\n<\/ul>\n","protected":false},"excerpt":{"rendered":"<ul>\n<li>Altavoz activo de 2 v\u00edas de 10 pulgadas DSP G2<\/li>\n<li>Respuesta de Frecuencia: 48Hz-20KHz (-10dB).<\/li>\n<li>Potencia de Carga (RMS): L250W+H100W<\/li>\n<li>Driver del Woofer: 10&#8243;<\/li>\n<li>Tipo de Driver HF: Corneta con 3.5&#8243; de titanio<\/li>\n<li>Bobina de Voz del Driver HF: 1.35\u00bb (34.4mm)<\/li>\n<\/ul>\n","protected":false},"featured_media":45279,"comment_status":"open","ping_status":"closed","template":"","meta":{"_acf_changed":false},"product_cat":[250,251],"product_tag":[],"class_list":{"0":"post-44835","1":"product","2":"type-product","3":"status-publish","4":"has-post-thumbnail","6":"product_cat-altavoces","7":"product_cat-altavoces-activos","9":"first","10":"instock","11":"shipping-taxable","12":"product-type-simple"},"acf":[],"yoast_head":"<!-- This site is optimized with the Yoast SEO plugin v27.0 - https:\/\/yoast.com\/product\/yoast-seo-wordpress\/ -->\n<title>DSP10 G2 - Audibax<\/title>\n<meta name=\"robots\" content=\"index, follow, max-snippet:-1, max-image-preview:large, max-video-preview:-1\" \/>\n<link rel=\"canonical\" href=\"https:\/\/audibax.com\/es\/producto\/dsp10-g2\/\" \/>\n<meta property=\"og:locale\" content=\"es_ES\" \/>\n<meta property=\"og:type\" content=\"article\" \/>\n<meta property=\"og:title\" content=\"DSP10 G2 - Audibax\" \/>\n<meta property=\"og:description\" content=\"Altavoz activo de 2 v\u00edas de 10 pulgadas DSP G2  Respuesta de Frecuencia: 48Hz-20KHz (-10dB).  Potencia de Carga (RMS): L250W+H100W  Driver del Woofer: 10&quot;  Tipo de Driver HF: Corneta con 3.5&quot; de titanio  Bobina de Voz del Driver HF: 1.35&#039;&#039; (34.4mm)\" \/>\n<meta property=\"og:url\" content=\"https:\/\/audibax.com\/es\/producto\/dsp10-g2\/\" \/>\n<meta property=\"og:site_name\" content=\"Audibax\" \/>\n<meta property=\"article:modified_time\" content=\"2025-10-17T09:14:08+00:00\" \/>\n<meta property=\"og:image\" content=\"https:\/\/audibax.com\/wp-content\/uploads\/2024\/07\/DSP10-1-1.png\" \/>\n\t<meta property=\"og:image:width\" content=\"2500\" \/>\n\t<meta property=\"og:image:height\" content=\"1767\" \/>\n\t<meta property=\"og:image:type\" content=\"image\/png\" \/>\n<meta name=\"twitter:card\" content=\"summary_large_image\" \/>\n<meta name=\"twitter:label1\" content=\"Tiempo de lectura\" \/>\n\t<meta name=\"twitter:data1\" content=\"2 minutos\" \/>\n<script type=\"application\/ld+json\" class=\"yoast-schema-graph\">{\"@context\":\"https:\/\/schema.org\",\"@graph\":[{\"@type\":\"WebPage\",\"@id\":\"https:\/\/audibax.com\/es\/producto\/dsp10-g2\/\",\"url\":\"https:\/\/audibax.com\/es\/producto\/dsp10-g2\/\",\"name\":\"DSP10 G2 - Audibax\",\"isPartOf\":{\"@id\":\"https:\/\/audibax.com\/es\/#website\"},\"primaryImageOfPage\":{\"@id\":\"https:\/\/audibax.com\/es\/producto\/dsp10-g2\/#primaryimage\"},\"image\":{\"@id\":\"https:\/\/audibax.com\/es\/producto\/dsp10-g2\/#primaryimage\"},\"thumbnailUrl\":\"https:\/\/audibax.com\/wp-content\/uploads\/2024\/07\/DSP10-1-1.png\",\"datePublished\":\"2024-07-15T07:52:14+00:00\",\"dateModified\":\"2025-10-17T09:14:08+00:00\",\"breadcrumb\":{\"@id\":\"https:\/\/audibax.com\/es\/producto\/dsp10-g2\/#breadcrumb\"},\"inLanguage\":\"es\",\"potentialAction\":[{\"@type\":\"ReadAction\",\"target\":[\"https:\/\/audibax.com\/es\/producto\/dsp10-g2\/\"]}]},{\"@type\":\"ImageObject\",\"inLanguage\":\"es\",\"@id\":\"https:\/\/audibax.com\/es\/producto\/dsp10-g2\/#primaryimage\",\"url\":\"https:\/\/audibax.com\/wp-content\/uploads\/2024\/07\/DSP10-1-1.png\",\"contentUrl\":\"https:\/\/audibax.com\/wp-content\/uploads\/2024\/07\/DSP10-1-1.png\",\"width\":2500,\"height\":1767},{\"@type\":\"BreadcrumbList\",\"@id\":\"https:\/\/audibax.com\/es\/producto\/dsp10-g2\/#breadcrumb\",\"itemListElement\":[{\"@type\":\"ListItem\",\"position\":1,\"name\":\"Portada\",\"item\":\"https:\/\/audibax.com\/es\/\"},{\"@type\":\"ListItem\",\"position\":2,\"name\":\"Productos\",\"item\":\"https:\/\/audibax.com\/es\/shop\/\"},{\"@type\":\"ListItem\",\"position\":3,\"name\":\"DSP10 G2\"}]},{\"@type\":\"WebSite\",\"@id\":\"https:\/\/audibax.com\/es\/#website\",\"url\":\"https:\/\/audibax.com\/es\/\",\"name\":\"Audibax\",\"description\":\"\",\"publisher\":{\"@id\":\"https:\/\/audibax.com\/es\/#organization\"},\"potentialAction\":[{\"@type\":\"SearchAction\",\"target\":{\"@type\":\"EntryPoint\",\"urlTemplate\":\"https:\/\/audibax.com\/es\/?s={search_term_string}\"},\"query-input\":{\"@type\":\"PropertyValueSpecification\",\"valueRequired\":true,\"valueName\":\"search_term_string\"}}],\"inLanguage\":\"es\"},{\"@type\":\"Organization\",\"@id\":\"https:\/\/audibax.com\/es\/#organization\",\"name\":\"Audibax\",\"url\":\"https:\/\/audibax.com\/es\/\",\"logo\":{\"@type\":\"ImageObject\",\"inLanguage\":\"es\",\"@id\":\"https:\/\/audibax.com\/es\/#\/schema\/logo\/image\/\",\"url\":\"https:\/\/audibax.com\/wp-content\/uploads\/2023\/09\/logo-Audibax-BLANCO-SVG-1.svg\",\"contentUrl\":\"https:\/\/audibax.com\/wp-content\/uploads\/2023\/09\/logo-Audibax-BLANCO-SVG-1.svg\",\"caption\":\"Audibax\"},\"image\":{\"@id\":\"https:\/\/audibax.com\/es\/#\/schema\/logo\/image\/\"}}]}<\/script>\n<!-- \/ Yoast SEO plugin. -->","yoast_head_json":{"title":"DSP10 G2 - Audibax","robots":{"index":"index","follow":"follow","max-snippet":"max-snippet:-1","max-image-preview":"max-image-preview:large","max-video-preview":"max-video-preview:-1"},"canonical":"https:\/\/audibax.com\/es\/producto\/dsp10-g2\/","og_locale":"es_ES","og_type":"article","og_title":"DSP10 G2 - Audibax","og_description":"Altavoz activo de 2 v\u00edas de 10 pulgadas DSP G2  Respuesta de Frecuencia: 48Hz-20KHz (-10dB).  Potencia de Carga (RMS): L250W+H100W  Driver del Woofer: 10\"  Tipo de Driver HF: Corneta con 3.5\" de titanio  Bobina de Voz del Driver HF: 1.35'' (34.4mm)","og_url":"https:\/\/audibax.com\/es\/producto\/dsp10-g2\/","og_site_name":"Audibax","article_modified_time":"2025-10-17T09:14:08+00:00","og_image":[{"width":2500,"height":1767,"url":"https:\/\/audibax.com\/wp-content\/uploads\/2024\/07\/DSP10-1-1.png","type":"image\/png"}],"twitter_card":"summary_large_image","twitter_misc":{"Tiempo de lectura":"2 minutos"},"schema":{"@context":"https:\/\/schema.org","@graph":[{"@type":"WebPage","@id":"https:\/\/audibax.com\/es\/producto\/dsp10-g2\/","url":"https:\/\/audibax.com\/es\/producto\/dsp10-g2\/","name":"DSP10 G2 - Audibax","isPartOf":{"@id":"https:\/\/audibax.com\/es\/#website"},"primaryImageOfPage":{"@id":"https:\/\/audibax.com\/es\/producto\/dsp10-g2\/#primaryimage"},"image":{"@id":"https:\/\/audibax.com\/es\/producto\/dsp10-g2\/#primaryimage"},"thumbnailUrl":"https:\/\/audibax.com\/wp-content\/uploads\/2024\/07\/DSP10-1-1.png","datePublished":"2024-07-15T07:52:14+00:00","dateModified":"2025-10-17T09:14:08+00:00","breadcrumb":{"@id":"https:\/\/audibax.com\/es\/producto\/dsp10-g2\/#breadcrumb"},"inLanguage":"es","potentialAction":[{"@type":"ReadAction","target":["https:\/\/audibax.com\/es\/producto\/dsp10-g2\/"]}]},{"@type":"ImageObject","inLanguage":"es","@id":"https:\/\/audibax.com\/es\/producto\/dsp10-g2\/#primaryimage","url":"https:\/\/audibax.com\/wp-content\/uploads\/2024\/07\/DSP10-1-1.png","contentUrl":"https:\/\/audibax.com\/wp-content\/uploads\/2024\/07\/DSP10-1-1.png","width":2500,"height":1767},{"@type":"BreadcrumbList","@id":"https:\/\/audibax.com\/es\/producto\/dsp10-g2\/#breadcrumb","itemListElement":[{"@type":"ListItem","position":1,"name":"Portada","item":"https:\/\/audibax.com\/es\/"},{"@type":"ListItem","position":2,"name":"Productos","item":"https:\/\/audibax.com\/es\/shop\/"},{"@type":"ListItem","position":3,"name":"DSP10 G2"}]},{"@type":"WebSite","@id":"https:\/\/audibax.com\/es\/#website","url":"https:\/\/audibax.com\/es\/","name":"Audibax","description":"","publisher":{"@id":"https:\/\/audibax.com\/es\/#organization"},"potentialAction":[{"@type":"SearchAction","target":{"@type":"EntryPoint","urlTemplate":"https:\/\/audibax.com\/es\/?s={search_term_string}"},"query-input":{"@type":"PropertyValueSpecification","valueRequired":true,"valueName":"search_term_string"}}],"inLanguage":"es"},{"@type":"Organization","@id":"https:\/\/audibax.com\/es\/#organization","name":"Audibax","url":"https:\/\/audibax.com\/es\/","logo":{"@type":"ImageObject","inLanguage":"es","@id":"https:\/\/audibax.com\/es\/#\/schema\/logo\/image\/","url":"https:\/\/audibax.com\/wp-content\/uploads\/2023\/09\/logo-Audibax-BLANCO-SVG-1.svg","contentUrl":"https:\/\/audibax.com\/wp-content\/uploads\/2023\/09\/logo-Audibax-BLANCO-SVG-1.svg","caption":"Audibax"},"image":{"@id":"https:\/\/audibax.com\/es\/#\/schema\/logo\/image\/"}}]}},"_links":{"self":[{"href":"https:\/\/audibax.com\/es\/wp-json\/wp\/v2\/product\/44835","targetHints":{"allow":["GET"]}}],"collection":[{"href":"https:\/\/audibax.com\/es\/wp-json\/wp\/v2\/product"}],"about":[{"href":"https:\/\/audibax.com\/es\/wp-json\/wp\/v2\/types\/product"}],"replies":[{"embeddable":true,"href":"https:\/\/audibax.com\/es\/wp-json\/wp\/v2\/comments?post=44835"}],"wp:featuredmedia":[{"embeddable":true,"href":"https:\/\/audibax.com\/es\/wp-json\/wp\/v2\/media\/45279"}],"wp:attachment":[{"href":"https:\/\/audibax.com\/es\/wp-json\/wp\/v2\/media?parent=44835"}],"wp:term":[{"taxonomy":"product_cat","embeddable":true,"href":"https:\/\/audibax.com\/es\/wp-json\/wp\/v2\/product_cat?post=44835"},{"taxonomy":"product_tag","embeddable":true,"href":"https:\/\/audibax.com\/es\/wp-json\/wp\/v2\/product_tag?post=44835"}],"curies":[{"name":"wp","href":"https:\/\/api.w.org\/{rel}","templated":true}]}}