{"id":44386,"date":"2024-06-06T15:31:16","date_gmt":"2024-06-06T13:31:16","guid":{"rendered":"https:\/\/audibax.com\/?post_type=product&#038;p=44386"},"modified":"2024-11-21T10:52:17","modified_gmt":"2024-11-21T09:52:17","slug":"volcano-1500-rgbw","status":"publish","type":"product","link":"https:\/\/audibax.com\/es\/producto\/volcano-1500-rgbw\/","title":{"rendered":"VOLCANO 1500 RGBW"},"content":{"rendered":"<p><strong>Audibax Volcano 1500 RGBW<\/strong><\/p>\n<ul>\n<li>El\u00a0<strong>Audibax Volcano 1500 RGBW<\/strong>\u00a0es una m\u00e1quina de efectos de alto rendimiento, que genera humo efecto CO2 acompa\u00f1ado de una brillante fuente de luz LED con m\u00faltiples colores, con la que conseguir\u00e1s esa apariencia diferente que estabas buscando para tus espect\u00e1culos y eventos.<\/li>\n<li>Nuestra m\u00e1quina de humo\u00a0<strong>Volcano 1500 RGBW<\/strong>\u00a0est\u00e1 equipada con 24 luces LED RGBW de 10W de potencia y un tanque de 3.5 litros.<\/li>\n<li>Cuenta con una pantalla digital para establecer funciones DMX y funciones independientes, y tiene la capacidad de funcionar en modo aut\u00f3nomo, DMX y mediante mando IR.<\/li>\n<li>Puede trabajar tanto en posici\u00f3n horizontal, como vertical, y tiene un tiempo de calentamiento de 4 minutos.<\/li>\n<li>Su f\u00e1cil control remoto y pantalla digital con funci\u00f3n de temporizador, hacen m\u00e1s sencillo su uso.<\/li>\n<\/ul>\n<p>&nbsp;<\/p>\n<p><strong>Especificaciones<\/strong><\/p>\n<ul>\n<li>Maquina de humo efecto CO2 con LED RGBW de alto rendimiento<\/li>\n<li>Potencia: 1500 W<\/li>\n<li>Fuente de luz: 24 x 10W LED RGBW<\/li>\n<li>Volumen de humo por minuto 530 m3<\/li>\n<li>Tiempo de calentamiento: 4 min<\/li>\n<li>Capacidad del tanque: 3,5 L<\/li>\n<li>Canales DMX: 8CH<\/li>\n<li>Modo control: DMX, AUTO, mando IR<\/li>\n<li>Fuente de alimentaci\u00f3n: AC110-240v 50\/60HZ<\/li>\n<li>Trabaja en posici\u00f3n horizontal y vertical<\/li>\n<li>V\u00e1lvula de no retorno<\/li>\n<li>Pantalla digital para establecer funciones DMX y configuraciones independientes<\/li>\n<li>F\u00e1cil control remoto y pantalla digital con funci\u00f3n de temporizador<\/li>\n<li>Color: Negro<\/li>\n<li>Medidas:\u00a0370 x 190 x 350 mm<\/li>\n<\/ul>\n","protected":false},"excerpt":{"rendered":"<ul>\n<li>Maquina de humo efecto CO2 con LED RGBW de alto rendimiento<\/li>\n<li>Potencia: 1500 W<\/li>\n<li>Fuente de luz: 24 x 10W LED RGBW<\/li>\n<li>Control remoto<\/li>\n<\/ul>\n","protected":false},"featured_media":44373,"comment_status":"open","ping_status":"closed","template":"","meta":{"_acf_changed":false},"product_cat":[350,358],"product_tag":[],"class_list":{"0":"post-44386","1":"product","2":"type-product","3":"status-publish","4":"has-post-thumbnail","6":"product_cat-iluminacion","7":"product_cat-maquina-de-efectos","9":"first","10":"instock","11":"shipping-taxable","12":"product-type-simple"},"acf":[],"yoast_head":"<!-- This site is optimized with the Yoast SEO plugin v27.0 - https:\/\/yoast.com\/product\/yoast-seo-wordpress\/ -->\n<title>VOLCANO 1500 RGBW - Audibax<\/title>\n<meta name=\"robots\" content=\"index, follow, max-snippet:-1, max-image-preview:large, max-video-preview:-1\" \/>\n<link rel=\"canonical\" href=\"https:\/\/audibax.com\/es\/producto\/volcano-1500-rgbw\/\" \/>\n<meta property=\"og:locale\" content=\"es_ES\" \/>\n<meta property=\"og:type\" content=\"article\" \/>\n<meta property=\"og:title\" content=\"VOLCANO 1500 RGBW - Audibax\" \/>\n<meta property=\"og:description\" content=\"Maquina de humo efecto CO2 con LED RGBW de alto rendimiento  Potencia: 1500 W  Fuente de luz: 24 x 10W LED RGBW  Control remoto\" \/>\n<meta property=\"og:url\" content=\"https:\/\/audibax.com\/es\/producto\/volcano-1500-rgbw\/\" \/>\n<meta property=\"og:site_name\" content=\"Audibax\" \/>\n<meta property=\"article:modified_time\" content=\"2024-11-21T09:52:17+00:00\" \/>\n<meta property=\"og:image\" content=\"https:\/\/audibax.com\/wp-content\/uploads\/2024\/06\/Volcano-1500-RGBw-efectos-maquina-humo-vertical-luz-roja.jpg\" \/>\n\t<meta property=\"og:image:width\" content=\"1326\" \/>\n\t<meta property=\"og:image:height\" content=\"1500\" \/>\n\t<meta property=\"og:image:type\" content=\"image\/jpeg\" \/>\n<meta name=\"twitter:card\" content=\"summary_large_image\" \/>\n<meta name=\"twitter:label1\" content=\"Tiempo de lectura\" \/>\n\t<meta name=\"twitter:data1\" content=\"2 minutos\" \/>\n<script type=\"application\/ld+json\" class=\"yoast-schema-graph\">{\"@context\":\"https:\/\/schema.org\",\"@graph\":[{\"@type\":\"WebPage\",\"@id\":\"https:\/\/audibax.com\/es\/producto\/volcano-1500-rgbw\/\",\"url\":\"https:\/\/audibax.com\/es\/producto\/volcano-1500-rgbw\/\",\"name\":\"VOLCANO 1500 RGBW - Audibax\",\"isPartOf\":{\"@id\":\"https:\/\/audibax.com\/es\/#website\"},\"primaryImageOfPage\":{\"@id\":\"https:\/\/audibax.com\/es\/producto\/volcano-1500-rgbw\/#primaryimage\"},\"image\":{\"@id\":\"https:\/\/audibax.com\/es\/producto\/volcano-1500-rgbw\/#primaryimage\"},\"thumbnailUrl\":\"https:\/\/audibax.com\/wp-content\/uploads\/2024\/06\/Volcano-1500-RGBw-efectos-maquina-humo-vertical-luz-roja.jpg\",\"datePublished\":\"2024-06-06T13:31:16+00:00\",\"dateModified\":\"2024-11-21T09:52:17+00:00\",\"breadcrumb\":{\"@id\":\"https:\/\/audibax.com\/es\/producto\/volcano-1500-rgbw\/#breadcrumb\"},\"inLanguage\":\"es\",\"potentialAction\":[{\"@type\":\"ReadAction\",\"target\":[\"https:\/\/audibax.com\/es\/producto\/volcano-1500-rgbw\/\"]}]},{\"@type\":\"ImageObject\",\"inLanguage\":\"es\",\"@id\":\"https:\/\/audibax.com\/es\/producto\/volcano-1500-rgbw\/#primaryimage\",\"url\":\"https:\/\/audibax.com\/wp-content\/uploads\/2024\/06\/Volcano-1500-RGBw-efectos-maquina-humo-vertical-luz-roja.jpg\",\"contentUrl\":\"https:\/\/audibax.com\/wp-content\/uploads\/2024\/06\/Volcano-1500-RGBw-efectos-maquina-humo-vertical-luz-roja.jpg\",\"width\":1326,\"height\":1500},{\"@type\":\"BreadcrumbList\",\"@id\":\"https:\/\/audibax.com\/es\/producto\/volcano-1500-rgbw\/#breadcrumb\",\"itemListElement\":[{\"@type\":\"ListItem\",\"position\":1,\"name\":\"Portada\",\"item\":\"https:\/\/audibax.com\/es\/\"},{\"@type\":\"ListItem\",\"position\":2,\"name\":\"Productos\",\"item\":\"https:\/\/audibax.com\/es\/shop\/\"},{\"@type\":\"ListItem\",\"position\":3,\"name\":\"VOLCANO 1500 RGBW\"}]},{\"@type\":\"WebSite\",\"@id\":\"https:\/\/audibax.com\/es\/#website\",\"url\":\"https:\/\/audibax.com\/es\/\",\"name\":\"Audibax\",\"description\":\"\",\"publisher\":{\"@id\":\"https:\/\/audibax.com\/es\/#organization\"},\"potentialAction\":[{\"@type\":\"SearchAction\",\"target\":{\"@type\":\"EntryPoint\",\"urlTemplate\":\"https:\/\/audibax.com\/es\/?s={search_term_string}\"},\"query-input\":{\"@type\":\"PropertyValueSpecification\",\"valueRequired\":true,\"valueName\":\"search_term_string\"}}],\"inLanguage\":\"es\"},{\"@type\":\"Organization\",\"@id\":\"https:\/\/audibax.com\/es\/#organization\",\"name\":\"Audibax\",\"url\":\"https:\/\/audibax.com\/es\/\",\"logo\":{\"@type\":\"ImageObject\",\"inLanguage\":\"es\",\"@id\":\"https:\/\/audibax.com\/es\/#\/schema\/logo\/image\/\",\"url\":\"https:\/\/audibax.com\/wp-content\/uploads\/2023\/09\/logo-Audibax-BLANCO-SVG-1.svg\",\"contentUrl\":\"https:\/\/audibax.com\/wp-content\/uploads\/2023\/09\/logo-Audibax-BLANCO-SVG-1.svg\",\"caption\":\"Audibax\"},\"image\":{\"@id\":\"https:\/\/audibax.com\/es\/#\/schema\/logo\/image\/\"}}]}<\/script>\n<!-- \/ Yoast SEO plugin. -->","yoast_head_json":{"title":"VOLCANO 1500 RGBW - Audibax","robots":{"index":"index","follow":"follow","max-snippet":"max-snippet:-1","max-image-preview":"max-image-preview:large","max-video-preview":"max-video-preview:-1"},"canonical":"https:\/\/audibax.com\/es\/producto\/volcano-1500-rgbw\/","og_locale":"es_ES","og_type":"article","og_title":"VOLCANO 1500 RGBW - Audibax","og_description":"Maquina de humo efecto CO2 con LED RGBW de alto rendimiento  Potencia: 1500 W  Fuente de luz: 24 x 10W LED RGBW  Control remoto","og_url":"https:\/\/audibax.com\/es\/producto\/volcano-1500-rgbw\/","og_site_name":"Audibax","article_modified_time":"2024-11-21T09:52:17+00:00","og_image":[{"width":1326,"height":1500,"url":"https:\/\/audibax.com\/wp-content\/uploads\/2024\/06\/Volcano-1500-RGBw-efectos-maquina-humo-vertical-luz-roja.jpg","type":"image\/jpeg"}],"twitter_card":"summary_large_image","twitter_misc":{"Tiempo de lectura":"2 minutos"},"schema":{"@context":"https:\/\/schema.org","@graph":[{"@type":"WebPage","@id":"https:\/\/audibax.com\/es\/producto\/volcano-1500-rgbw\/","url":"https:\/\/audibax.com\/es\/producto\/volcano-1500-rgbw\/","name":"VOLCANO 1500 RGBW - Audibax","isPartOf":{"@id":"https:\/\/audibax.com\/es\/#website"},"primaryImageOfPage":{"@id":"https:\/\/audibax.com\/es\/producto\/volcano-1500-rgbw\/#primaryimage"},"image":{"@id":"https:\/\/audibax.com\/es\/producto\/volcano-1500-rgbw\/#primaryimage"},"thumbnailUrl":"https:\/\/audibax.com\/wp-content\/uploads\/2024\/06\/Volcano-1500-RGBw-efectos-maquina-humo-vertical-luz-roja.jpg","datePublished":"2024-06-06T13:31:16+00:00","dateModified":"2024-11-21T09:52:17+00:00","breadcrumb":{"@id":"https:\/\/audibax.com\/es\/producto\/volcano-1500-rgbw\/#breadcrumb"},"inLanguage":"es","potentialAction":[{"@type":"ReadAction","target":["https:\/\/audibax.com\/es\/producto\/volcano-1500-rgbw\/"]}]},{"@type":"ImageObject","inLanguage":"es","@id":"https:\/\/audibax.com\/es\/producto\/volcano-1500-rgbw\/#primaryimage","url":"https:\/\/audibax.com\/wp-content\/uploads\/2024\/06\/Volcano-1500-RGBw-efectos-maquina-humo-vertical-luz-roja.jpg","contentUrl":"https:\/\/audibax.com\/wp-content\/uploads\/2024\/06\/Volcano-1500-RGBw-efectos-maquina-humo-vertical-luz-roja.jpg","width":1326,"height":1500},{"@type":"BreadcrumbList","@id":"https:\/\/audibax.com\/es\/producto\/volcano-1500-rgbw\/#breadcrumb","itemListElement":[{"@type":"ListItem","position":1,"name":"Portada","item":"https:\/\/audibax.com\/es\/"},{"@type":"ListItem","position":2,"name":"Productos","item":"https:\/\/audibax.com\/es\/shop\/"},{"@type":"ListItem","position":3,"name":"VOLCANO 1500 RGBW"}]},{"@type":"WebSite","@id":"https:\/\/audibax.com\/es\/#website","url":"https:\/\/audibax.com\/es\/","name":"Audibax","description":"","publisher":{"@id":"https:\/\/audibax.com\/es\/#organization"},"potentialAction":[{"@type":"SearchAction","target":{"@type":"EntryPoint","urlTemplate":"https:\/\/audibax.com\/es\/?s={search_term_string}"},"query-input":{"@type":"PropertyValueSpecification","valueRequired":true,"valueName":"search_term_string"}}],"inLanguage":"es"},{"@type":"Organization","@id":"https:\/\/audibax.com\/es\/#organization","name":"Audibax","url":"https:\/\/audibax.com\/es\/","logo":{"@type":"ImageObject","inLanguage":"es","@id":"https:\/\/audibax.com\/es\/#\/schema\/logo\/image\/","url":"https:\/\/audibax.com\/wp-content\/uploads\/2023\/09\/logo-Audibax-BLANCO-SVG-1.svg","contentUrl":"https:\/\/audibax.com\/wp-content\/uploads\/2023\/09\/logo-Audibax-BLANCO-SVG-1.svg","caption":"Audibax"},"image":{"@id":"https:\/\/audibax.com\/es\/#\/schema\/logo\/image\/"}}]}},"_links":{"self":[{"href":"https:\/\/audibax.com\/es\/wp-json\/wp\/v2\/product\/44386","targetHints":{"allow":["GET"]}}],"collection":[{"href":"https:\/\/audibax.com\/es\/wp-json\/wp\/v2\/product"}],"about":[{"href":"https:\/\/audibax.com\/es\/wp-json\/wp\/v2\/types\/product"}],"replies":[{"embeddable":true,"href":"https:\/\/audibax.com\/es\/wp-json\/wp\/v2\/comments?post=44386"}],"wp:featuredmedia":[{"embeddable":true,"href":"https:\/\/audibax.com\/es\/wp-json\/wp\/v2\/media\/44373"}],"wp:attachment":[{"href":"https:\/\/audibax.com\/es\/wp-json\/wp\/v2\/media?parent=44386"}],"wp:term":[{"taxonomy":"product_cat","embeddable":true,"href":"https:\/\/audibax.com\/es\/wp-json\/wp\/v2\/product_cat?post=44386"},{"taxonomy":"product_tag","embeddable":true,"href":"https:\/\/audibax.com\/es\/wp-json\/wp\/v2\/product_tag?post=44386"}],"curies":[{"name":"wp","href":"https:\/\/api.w.org\/{rel}","templated":true}]}}