{"id":43796,"date":"2024-05-27T13:31:41","date_gmt":"2024-05-27T11:31:41","guid":{"rendered":"https:\/\/audibax.com\/?post_type=product&#038;p=43796"},"modified":"2024-05-28T09:43:49","modified_gmt":"2024-05-28T07:43:49","slug":"kit-4-boston-60-flightcase","status":"publish","type":"product","link":"https:\/\/audibax.com\/es\/producto\/kit-4-boston-60-flightcase\/","title":{"rendered":"Kit 4 Boston 60 + Flightcase"},"content":{"rendered":"<p><strong>Audibax Kit 4 Boston 60 + Flightcase Cabezas M\u00f3viles Spot 60w + Flightcase<\/strong><\/p>\n<p>Presentamos el nuevo\u00a0<strong>kit Audibax Boston 60 4 unidades + Fligthcase<\/strong>. Este set incluye 4 unidades de Audibax Boston 60, presentadas en un pr\u00e1ctico y resistente flightcase, facilitando su transporte y protecci\u00f3n.<\/p>\n<p>Audibax Boston 60 es una cabeza m\u00f3vil compacta con una brillante fuente de luz LED de 60W. Tiene un tama\u00f1o mediano y destaca por su potencia, ligereza y versatilidad, proporcionando un alto rendimiento creando una fuente de luz que pueden personalizarse con distintos colores y gobos.<\/p>\n<p>Gracias a los r\u00e1pidos movimientos y cambios de color, la Boston 60 te proporcionar\u00e1 pura emoci\u00f3n lum\u00ednica.<\/p>\n<p>Adem\u00e1s, cuenta con un dise\u00f1o muy sencillo y elegante por lo que es ideal para lugares donde el espacio es limitado y el bajo peso es indispensable, tales como pubs, discotecas, DJs m\u00f3viles o cualquier lugar en el que desee cubrir las necesidades de iluminaci\u00f3n.<\/p>\n<p><u>Set compuesto por:<\/u><\/p>\n<ul>\n<li>4 x Boston 60<\/li>\n<li>1 flightcase para 4 unidades<\/li>\n<\/ul>\n<p>&nbsp;<\/p>\n<p><strong><u>Especificaciones Boston 60:<\/u><\/strong><\/p>\n<ul>\n<li>Colores : 7 Colores + Blanco<\/li>\n<li>Voltaje : AC110-220V, 50-60HZ<\/li>\n<li>Fuente de luz : 1 pcs x 60W LED<\/li>\n<li>Alimentaci\u00f3n : 220V<\/li>\n<li>Potencia : 60W Led Blanco<\/li>\n<li>Gobos: 7 + open<\/li>\n<li>Color: 8 colores<\/li>\n<li>Canales DMX: 9\/11 CH<\/li>\n<li>Funcionamiento : DMX, Auto, Sonido, Maestro-esclavo<\/li>\n<li>Color de la cabeza : Negro<\/li>\n<li>Medidas: 280 x 145 x 168mm<\/li>\n<\/ul>\n<p>&nbsp;<\/p>\n<p><strong><u>Especificaciones Flightcase:<\/u><\/strong><\/p>\n<ul>\n<li>Flightcase con almacenamiento para cuatro cabezas m\u00f3viles<\/li>\n<li>4 ruedas giratorias<\/li>\n<li>2 asas plegables<\/li>\n<li>Acabado resistente<\/li>\n<li>Medidas: 440 x 370 x 410mm<\/li>\n<\/ul>\n","protected":false},"excerpt":{"rendered":"<ul>\n<li>Set compuesto por 4 x Boston 60 y 1 flightcase<\/li>\n<li>Colores : 7 Colores + Blanco<\/li>\n<li>Voltaje : AC110-220V, 50-60HZ<\/li>\n<li>Fuente de luz : 1 pcs x 60W LED<\/li>\n<li>Potencia : 60W Led Blanco<\/li>\n<li>Canales DMX: 9\/11 CH<\/li>\n<li>Flightcase con almacenamiento para cuatro cabezas m\u00f3viles<\/li>\n<\/ul>\n","protected":false},"featured_media":44028,"comment_status":"open","ping_status":"closed","template":"","meta":{"_acf_changed":false},"product_cat":[360,350],"product_tag":[],"class_list":{"0":"post-43796","1":"product","2":"type-product","3":"status-publish","4":"has-post-thumbnail","6":"product_cat-cabezas-moviles","7":"product_cat-iluminacion","9":"first","10":"instock","11":"shipping-taxable","12":"product-type-simple"},"acf":[],"yoast_head":"<!-- This site is optimized with the Yoast SEO plugin v27.0 - https:\/\/yoast.com\/product\/yoast-seo-wordpress\/ -->\n<title>Kit 4 Boston 60 + Flightcase - Audibax<\/title>\n<meta name=\"robots\" content=\"index, follow, max-snippet:-1, max-image-preview:large, max-video-preview:-1\" \/>\n<link rel=\"canonical\" href=\"https:\/\/audibax.com\/es\/producto\/kit-4-boston-60-flightcase\/\" \/>\n<meta property=\"og:locale\" content=\"es_ES\" \/>\n<meta property=\"og:type\" content=\"article\" \/>\n<meta property=\"og:title\" content=\"Kit 4 Boston 60 + Flightcase - Audibax\" \/>\n<meta property=\"og:description\" content=\"Set compuesto por 4 x Boston 60 y 1 flightcase  Colores : 7 Colores + Blanco  Voltaje : AC110-220V, 50-60HZ  Fuente de luz : 1 pcs x 60W LED  Potencia : 60W Led Blanco  Canales DMX: 9\/11 CH  Flightcase con almacenamiento para cuatro cabezas m\u00f3viles\" \/>\n<meta property=\"og:url\" content=\"https:\/\/audibax.com\/es\/producto\/kit-4-boston-60-flightcase\/\" \/>\n<meta property=\"og:site_name\" content=\"Audibax\" \/>\n<meta property=\"article:modified_time\" content=\"2024-05-28T07:43:49+00:00\" \/>\n<meta property=\"og:image\" content=\"https:\/\/audibax.com\/wp-content\/uploads\/2024\/05\/Flightcase-Boston-60-4u-SIN-RING-7-1024x724.png\" \/>\n\t<meta property=\"og:image:width\" content=\"1024\" \/>\n\t<meta property=\"og:image:height\" content=\"724\" \/>\n\t<meta property=\"og:image:type\" content=\"image\/png\" \/>\n<meta name=\"twitter:card\" content=\"summary_large_image\" \/>\n<meta name=\"twitter:label1\" content=\"Tiempo de lectura\" \/>\n\t<meta name=\"twitter:data1\" content=\"2 minutos\" \/>\n<script type=\"application\/ld+json\" class=\"yoast-schema-graph\">{\"@context\":\"https:\/\/schema.org\",\"@graph\":[{\"@type\":\"WebPage\",\"@id\":\"https:\/\/audibax.com\/es\/producto\/kit-4-boston-60-flightcase\/\",\"url\":\"https:\/\/audibax.com\/es\/producto\/kit-4-boston-60-flightcase\/\",\"name\":\"Kit 4 Boston 60 + Flightcase - Audibax\",\"isPartOf\":{\"@id\":\"https:\/\/audibax.com\/es\/#website\"},\"primaryImageOfPage\":{\"@id\":\"https:\/\/audibax.com\/es\/producto\/kit-4-boston-60-flightcase\/#primaryimage\"},\"image\":{\"@id\":\"https:\/\/audibax.com\/es\/producto\/kit-4-boston-60-flightcase\/#primaryimage\"},\"thumbnailUrl\":\"https:\/\/audibax.com\/wp-content\/uploads\/2024\/05\/Flightcase-Boston-60-4u-SIN-RING-7.png\",\"datePublished\":\"2024-05-27T11:31:41+00:00\",\"dateModified\":\"2024-05-28T07:43:49+00:00\",\"breadcrumb\":{\"@id\":\"https:\/\/audibax.com\/es\/producto\/kit-4-boston-60-flightcase\/#breadcrumb\"},\"inLanguage\":\"es\",\"potentialAction\":[{\"@type\":\"ReadAction\",\"target\":[\"https:\/\/audibax.com\/es\/producto\/kit-4-boston-60-flightcase\/\"]}]},{\"@type\":\"ImageObject\",\"inLanguage\":\"es\",\"@id\":\"https:\/\/audibax.com\/es\/producto\/kit-4-boston-60-flightcase\/#primaryimage\",\"url\":\"https:\/\/audibax.com\/wp-content\/uploads\/2024\/05\/Flightcase-Boston-60-4u-SIN-RING-7.png\",\"contentUrl\":\"https:\/\/audibax.com\/wp-content\/uploads\/2024\/05\/Flightcase-Boston-60-4u-SIN-RING-7.png\",\"width\":2500,\"height\":1767},{\"@type\":\"BreadcrumbList\",\"@id\":\"https:\/\/audibax.com\/es\/producto\/kit-4-boston-60-flightcase\/#breadcrumb\",\"itemListElement\":[{\"@type\":\"ListItem\",\"position\":1,\"name\":\"Portada\",\"item\":\"https:\/\/audibax.com\/es\/\"},{\"@type\":\"ListItem\",\"position\":2,\"name\":\"Productos\",\"item\":\"https:\/\/audibax.com\/es\/shop\/\"},{\"@type\":\"ListItem\",\"position\":3,\"name\":\"Kit 4 Boston 60 + Flightcase\"}]},{\"@type\":\"WebSite\",\"@id\":\"https:\/\/audibax.com\/es\/#website\",\"url\":\"https:\/\/audibax.com\/es\/\",\"name\":\"Audibax\",\"description\":\"\",\"publisher\":{\"@id\":\"https:\/\/audibax.com\/es\/#organization\"},\"potentialAction\":[{\"@type\":\"SearchAction\",\"target\":{\"@type\":\"EntryPoint\",\"urlTemplate\":\"https:\/\/audibax.com\/es\/?s={search_term_string}\"},\"query-input\":{\"@type\":\"PropertyValueSpecification\",\"valueRequired\":true,\"valueName\":\"search_term_string\"}}],\"inLanguage\":\"es\"},{\"@type\":\"Organization\",\"@id\":\"https:\/\/audibax.com\/es\/#organization\",\"name\":\"Audibax\",\"url\":\"https:\/\/audibax.com\/es\/\",\"logo\":{\"@type\":\"ImageObject\",\"inLanguage\":\"es\",\"@id\":\"https:\/\/audibax.com\/es\/#\/schema\/logo\/image\/\",\"url\":\"https:\/\/audibax.com\/wp-content\/uploads\/2023\/09\/logo-Audibax-BLANCO-SVG-1.svg\",\"contentUrl\":\"https:\/\/audibax.com\/wp-content\/uploads\/2023\/09\/logo-Audibax-BLANCO-SVG-1.svg\",\"caption\":\"Audibax\"},\"image\":{\"@id\":\"https:\/\/audibax.com\/es\/#\/schema\/logo\/image\/\"}}]}<\/script>\n<!-- \/ Yoast SEO plugin. -->","yoast_head_json":{"title":"Kit 4 Boston 60 + Flightcase - Audibax","robots":{"index":"index","follow":"follow","max-snippet":"max-snippet:-1","max-image-preview":"max-image-preview:large","max-video-preview":"max-video-preview:-1"},"canonical":"https:\/\/audibax.com\/es\/producto\/kit-4-boston-60-flightcase\/","og_locale":"es_ES","og_type":"article","og_title":"Kit 4 Boston 60 + Flightcase - Audibax","og_description":"Set compuesto por 4 x Boston 60 y 1 flightcase  Colores : 7 Colores + Blanco  Voltaje : AC110-220V, 50-60HZ  Fuente de luz : 1 pcs x 60W LED  Potencia : 60W Led Blanco  Canales DMX: 9\/11 CH  Flightcase con almacenamiento para cuatro cabezas m\u00f3viles","og_url":"https:\/\/audibax.com\/es\/producto\/kit-4-boston-60-flightcase\/","og_site_name":"Audibax","article_modified_time":"2024-05-28T07:43:49+00:00","og_image":[{"width":1024,"height":724,"url":"https:\/\/audibax.com\/wp-content\/uploads\/2024\/05\/Flightcase-Boston-60-4u-SIN-RING-7-1024x724.png","type":"image\/png"}],"twitter_card":"summary_large_image","twitter_misc":{"Tiempo de lectura":"2 minutos"},"schema":{"@context":"https:\/\/schema.org","@graph":[{"@type":"WebPage","@id":"https:\/\/audibax.com\/es\/producto\/kit-4-boston-60-flightcase\/","url":"https:\/\/audibax.com\/es\/producto\/kit-4-boston-60-flightcase\/","name":"Kit 4 Boston 60 + Flightcase - Audibax","isPartOf":{"@id":"https:\/\/audibax.com\/es\/#website"},"primaryImageOfPage":{"@id":"https:\/\/audibax.com\/es\/producto\/kit-4-boston-60-flightcase\/#primaryimage"},"image":{"@id":"https:\/\/audibax.com\/es\/producto\/kit-4-boston-60-flightcase\/#primaryimage"},"thumbnailUrl":"https:\/\/audibax.com\/wp-content\/uploads\/2024\/05\/Flightcase-Boston-60-4u-SIN-RING-7.png","datePublished":"2024-05-27T11:31:41+00:00","dateModified":"2024-05-28T07:43:49+00:00","breadcrumb":{"@id":"https:\/\/audibax.com\/es\/producto\/kit-4-boston-60-flightcase\/#breadcrumb"},"inLanguage":"es","potentialAction":[{"@type":"ReadAction","target":["https:\/\/audibax.com\/es\/producto\/kit-4-boston-60-flightcase\/"]}]},{"@type":"ImageObject","inLanguage":"es","@id":"https:\/\/audibax.com\/es\/producto\/kit-4-boston-60-flightcase\/#primaryimage","url":"https:\/\/audibax.com\/wp-content\/uploads\/2024\/05\/Flightcase-Boston-60-4u-SIN-RING-7.png","contentUrl":"https:\/\/audibax.com\/wp-content\/uploads\/2024\/05\/Flightcase-Boston-60-4u-SIN-RING-7.png","width":2500,"height":1767},{"@type":"BreadcrumbList","@id":"https:\/\/audibax.com\/es\/producto\/kit-4-boston-60-flightcase\/#breadcrumb","itemListElement":[{"@type":"ListItem","position":1,"name":"Portada","item":"https:\/\/audibax.com\/es\/"},{"@type":"ListItem","position":2,"name":"Productos","item":"https:\/\/audibax.com\/es\/shop\/"},{"@type":"ListItem","position":3,"name":"Kit 4 Boston 60 + Flightcase"}]},{"@type":"WebSite","@id":"https:\/\/audibax.com\/es\/#website","url":"https:\/\/audibax.com\/es\/","name":"Audibax","description":"","publisher":{"@id":"https:\/\/audibax.com\/es\/#organization"},"potentialAction":[{"@type":"SearchAction","target":{"@type":"EntryPoint","urlTemplate":"https:\/\/audibax.com\/es\/?s={search_term_string}"},"query-input":{"@type":"PropertyValueSpecification","valueRequired":true,"valueName":"search_term_string"}}],"inLanguage":"es"},{"@type":"Organization","@id":"https:\/\/audibax.com\/es\/#organization","name":"Audibax","url":"https:\/\/audibax.com\/es\/","logo":{"@type":"ImageObject","inLanguage":"es","@id":"https:\/\/audibax.com\/es\/#\/schema\/logo\/image\/","url":"https:\/\/audibax.com\/wp-content\/uploads\/2023\/09\/logo-Audibax-BLANCO-SVG-1.svg","contentUrl":"https:\/\/audibax.com\/wp-content\/uploads\/2023\/09\/logo-Audibax-BLANCO-SVG-1.svg","caption":"Audibax"},"image":{"@id":"https:\/\/audibax.com\/es\/#\/schema\/logo\/image\/"}}]}},"_links":{"self":[{"href":"https:\/\/audibax.com\/es\/wp-json\/wp\/v2\/product\/43796","targetHints":{"allow":["GET"]}}],"collection":[{"href":"https:\/\/audibax.com\/es\/wp-json\/wp\/v2\/product"}],"about":[{"href":"https:\/\/audibax.com\/es\/wp-json\/wp\/v2\/types\/product"}],"replies":[{"embeddable":true,"href":"https:\/\/audibax.com\/es\/wp-json\/wp\/v2\/comments?post=43796"}],"wp:featuredmedia":[{"embeddable":true,"href":"https:\/\/audibax.com\/es\/wp-json\/wp\/v2\/media\/44028"}],"wp:attachment":[{"href":"https:\/\/audibax.com\/es\/wp-json\/wp\/v2\/media?parent=43796"}],"wp:term":[{"taxonomy":"product_cat","embeddable":true,"href":"https:\/\/audibax.com\/es\/wp-json\/wp\/v2\/product_cat?post=43796"},{"taxonomy":"product_tag","embeddable":true,"href":"https:\/\/audibax.com\/es\/wp-json\/wp\/v2\/product_tag?post=43796"}],"curies":[{"name":"wp","href":"https:\/\/api.w.org\/{rel}","templated":true}]}}