{"id":43450,"date":"2024-05-23T11:37:54","date_gmt":"2024-05-23T09:37:54","guid":{"rendered":"https:\/\/audibax.com\/?post_type=product&#038;p=43450"},"modified":"2024-05-23T11:42:40","modified_gmt":"2024-05-23T09:42:40","slug":"neo-stmw-2","status":"publish","type":"product","link":"https:\/\/audibax.com\/es\/producto\/neo-stmw-2\/","title":{"rendered":"Neo STMW 2"},"content":{"rendered":"<p><strong>Audibax Neo STMW 2 Soportes de Pared Para Monitor Estudio y Altavoz (Pareja)<\/strong><\/p>\n<p>Optimiza tu experiencia auditiva con los soportes de pared Audibax Neo STMW 2. Estos soportes vers\u00e1tiles ofrecen una soluci\u00f3n robusta y elegante para tus dispositivos de audio, a\u00f1adiendo un toque de sofisticaci\u00f3n a tu espacio de trabajo o estudio.<\/p>\n<p>Los soportes Audibax Neo STMW 2 son perfectos para diversos dispositivos, proporcionando un rango de agarre de 130x320mm (con una profundidad de 370mm). Esto garantiza una sujeci\u00f3n segura y estable para equipos de hasta 20 kg.<\/p>\n<p>Hechos de metal duradero, los soportes Audibax Neo STMW 2 aseguran una base s\u00f3lida para tus dispositivos de audio. Su acabado aporta un toque moderno y elegante a tu entorno de trabajo.<\/p>\n<p><strong>Detalles t\u00e9cnicos:<\/strong><\/p>\n<ul>\n<li>Peso soportado: 20 kg<\/li>\n<li>Tipo de soporte:\u00a0Pared<\/li>\n<li>Rango de agarre: 130x320mm (profundidad 370mm)<\/li>\n<li>\u00c1ngulo de orientaci\u00f3n: V15\u00b0 x H180\u00b0<\/li>\n<li>Plataforma revestida de goma antifricci\u00f3n<\/li>\n<li>Accesorios: Tornillos y tacos<\/li>\n<li>Material: Metal<\/li>\n<li>Se suministra por parejas<\/li>\n<li>Color: Negro<\/li>\n<\/ul>\n<p>Mejora la funcionalidad y est\u00e9tica de tu espacio de trabajo con los soportes Audibax Neo STMW 2 y disfruta de una experiencia auditiva excepcional en tus sesiones de estudio o trabajo.<\/p>\n","protected":false},"excerpt":{"rendered":"<p><strong>Audibax Neo STMW 2 Soportes de Pared Para Monitor Estudio y Altavoz (Pareja)<\/strong><\/p>\n<p>Optimiza tu experiencia auditiva con los soportes de pared Audibax Neo STMW 2. Estos soportes vers\u00e1tiles ofrecen una soluci\u00f3n robusta y elegante para tus dispositivos de audio, a\u00f1adiendo un toque de sofisticaci\u00f3n a tu espacio de trabajo o estudio.<\/p>\n<p>Los soportes Audibax Neo STMW 2 son perfectos para diversos dispositivos, proporcionando un rango de agarre de 130x320mm (con una profundidad de 370mm). Esto garantiza una sujeci\u00f3n segura y estable para equipos de hasta 20 kg.<\/p>\n<p>Hechos de metal duradero, los soportes Audibax Neo STMW 2 aseguran una base s\u00f3lida para tus dispositivos de audio. Su acabado aporta un toque moderno y elegante a tu entorno de trabajo.<\/p>\n","protected":false},"featured_media":43421,"comment_status":"open","ping_status":"closed","template":"","meta":{"_acf_changed":false},"product_cat":[448,426],"product_tag":[],"class_list":{"0":"post-43450","1":"product","2":"type-product","3":"status-publish","4":"has-post-thumbnail","6":"product_cat-soportes-para-monitor-de-estudio","7":"product_cat-stands-es","9":"first","10":"instock","11":"shipping-taxable","12":"product-type-simple"},"acf":[],"yoast_head":"<!-- This site is optimized with the Yoast SEO plugin v27.0 - https:\/\/yoast.com\/product\/yoast-seo-wordpress\/ -->\n<title>Neo STMW 2 - Audibax<\/title>\n<meta name=\"robots\" content=\"index, follow, max-snippet:-1, max-image-preview:large, max-video-preview:-1\" \/>\n<link rel=\"canonical\" href=\"https:\/\/audibax.com\/es\/producto\/neo-stmw-2\/\" \/>\n<meta property=\"og:locale\" content=\"es_ES\" \/>\n<meta property=\"og:type\" content=\"article\" \/>\n<meta property=\"og:title\" content=\"Neo STMW 2 - Audibax\" \/>\n<meta property=\"og:description\" content=\"Audibax Neo STMW 2 Soportes de Pared Para Monitor Estudio y Altavoz (Pareja)  Optimiza tu experiencia auditiva con los soportes de pared Audibax Neo STMW 2. Estos soportes vers\u00e1tiles ofrecen una soluci\u00f3n robusta y elegante para tus dispositivos de audio, a\u00f1adiendo un toque de sofisticaci\u00f3n a tu espacio de trabajo o estudio.  Los soportes Audibax Neo STMW 2 son perfectos para diversos dispositivos, proporcionando un rango de agarre de 130x320mm (con una profundidad de 370mm). Esto garantiza una sujeci\u00f3n segura y estable para equipos de hasta 20 kg.  Hechos de metal duradero, los soportes Audibax Neo STMW 2 aseguran una base s\u00f3lida para tus dispositivos de audio. Su acabado aporta un toque moderno y elegante a tu entorno de trabajo.\" \/>\n<meta property=\"og:url\" content=\"https:\/\/audibax.com\/es\/producto\/neo-stmw-2\/\" \/>\n<meta property=\"og:site_name\" content=\"Audibax\" \/>\n<meta property=\"article:modified_time\" content=\"2024-05-23T09:42:40+00:00\" \/>\n<meta property=\"og:image\" content=\"https:\/\/audibax.com\/wp-content\/uploads\/2024\/05\/LKT-383Neo-STMW-2-1.png\" \/>\n\t<meta property=\"og:image:width\" content=\"2500\" \/>\n\t<meta property=\"og:image:height\" content=\"1767\" \/>\n\t<meta property=\"og:image:type\" content=\"image\/png\" \/>\n<meta name=\"twitter:card\" content=\"summary_large_image\" \/>\n<meta name=\"twitter:label1\" content=\"Tiempo de lectura\" \/>\n\t<meta name=\"twitter:data1\" content=\"2 minutos\" \/>\n<script type=\"application\/ld+json\" class=\"yoast-schema-graph\">{\"@context\":\"https:\/\/schema.org\",\"@graph\":[{\"@type\":\"WebPage\",\"@id\":\"https:\/\/audibax.com\/es\/producto\/neo-stmw-2\/\",\"url\":\"https:\/\/audibax.com\/es\/producto\/neo-stmw-2\/\",\"name\":\"Neo STMW 2 - Audibax\",\"isPartOf\":{\"@id\":\"https:\/\/audibax.com\/es\/#website\"},\"primaryImageOfPage\":{\"@id\":\"https:\/\/audibax.com\/es\/producto\/neo-stmw-2\/#primaryimage\"},\"image\":{\"@id\":\"https:\/\/audibax.com\/es\/producto\/neo-stmw-2\/#primaryimage\"},\"thumbnailUrl\":\"https:\/\/audibax.com\/wp-content\/uploads\/2024\/05\/LKT-383Neo-STMW-2-1.png\",\"datePublished\":\"2024-05-23T09:37:54+00:00\",\"dateModified\":\"2024-05-23T09:42:40+00:00\",\"breadcrumb\":{\"@id\":\"https:\/\/audibax.com\/es\/producto\/neo-stmw-2\/#breadcrumb\"},\"inLanguage\":\"es\",\"potentialAction\":[{\"@type\":\"ReadAction\",\"target\":[\"https:\/\/audibax.com\/es\/producto\/neo-stmw-2\/\"]}]},{\"@type\":\"ImageObject\",\"inLanguage\":\"es\",\"@id\":\"https:\/\/audibax.com\/es\/producto\/neo-stmw-2\/#primaryimage\",\"url\":\"https:\/\/audibax.com\/wp-content\/uploads\/2024\/05\/LKT-383Neo-STMW-2-1.png\",\"contentUrl\":\"https:\/\/audibax.com\/wp-content\/uploads\/2024\/05\/LKT-383Neo-STMW-2-1.png\",\"width\":2500,\"height\":1767},{\"@type\":\"BreadcrumbList\",\"@id\":\"https:\/\/audibax.com\/es\/producto\/neo-stmw-2\/#breadcrumb\",\"itemListElement\":[{\"@type\":\"ListItem\",\"position\":1,\"name\":\"Portada\",\"item\":\"https:\/\/audibax.com\/es\/\"},{\"@type\":\"ListItem\",\"position\":2,\"name\":\"Productos\",\"item\":\"https:\/\/audibax.com\/es\/shop\/\"},{\"@type\":\"ListItem\",\"position\":3,\"name\":\"Neo STMW 2\"}]},{\"@type\":\"WebSite\",\"@id\":\"https:\/\/audibax.com\/es\/#website\",\"url\":\"https:\/\/audibax.com\/es\/\",\"name\":\"Audibax\",\"description\":\"\",\"publisher\":{\"@id\":\"https:\/\/audibax.com\/es\/#organization\"},\"potentialAction\":[{\"@type\":\"SearchAction\",\"target\":{\"@type\":\"EntryPoint\",\"urlTemplate\":\"https:\/\/audibax.com\/es\/?s={search_term_string}\"},\"query-input\":{\"@type\":\"PropertyValueSpecification\",\"valueRequired\":true,\"valueName\":\"search_term_string\"}}],\"inLanguage\":\"es\"},{\"@type\":\"Organization\",\"@id\":\"https:\/\/audibax.com\/es\/#organization\",\"name\":\"Audibax\",\"url\":\"https:\/\/audibax.com\/es\/\",\"logo\":{\"@type\":\"ImageObject\",\"inLanguage\":\"es\",\"@id\":\"https:\/\/audibax.com\/es\/#\/schema\/logo\/image\/\",\"url\":\"https:\/\/audibax.com\/wp-content\/uploads\/2023\/09\/logo-Audibax-BLANCO-SVG-1.svg\",\"contentUrl\":\"https:\/\/audibax.com\/wp-content\/uploads\/2023\/09\/logo-Audibax-BLANCO-SVG-1.svg\",\"caption\":\"Audibax\"},\"image\":{\"@id\":\"https:\/\/audibax.com\/es\/#\/schema\/logo\/image\/\"}}]}<\/script>\n<!-- \/ Yoast SEO plugin. -->","yoast_head_json":{"title":"Neo STMW 2 - Audibax","robots":{"index":"index","follow":"follow","max-snippet":"max-snippet:-1","max-image-preview":"max-image-preview:large","max-video-preview":"max-video-preview:-1"},"canonical":"https:\/\/audibax.com\/es\/producto\/neo-stmw-2\/","og_locale":"es_ES","og_type":"article","og_title":"Neo STMW 2 - Audibax","og_description":"Audibax Neo STMW 2 Soportes de Pared Para Monitor Estudio y Altavoz (Pareja)  Optimiza tu experiencia auditiva con los soportes de pared Audibax Neo STMW 2. Estos soportes vers\u00e1tiles ofrecen una soluci\u00f3n robusta y elegante para tus dispositivos de audio, a\u00f1adiendo un toque de sofisticaci\u00f3n a tu espacio de trabajo o estudio.  Los soportes Audibax Neo STMW 2 son perfectos para diversos dispositivos, proporcionando un rango de agarre de 130x320mm (con una profundidad de 370mm). Esto garantiza una sujeci\u00f3n segura y estable para equipos de hasta 20 kg.  Hechos de metal duradero, los soportes Audibax Neo STMW 2 aseguran una base s\u00f3lida para tus dispositivos de audio. Su acabado aporta un toque moderno y elegante a tu entorno de trabajo.","og_url":"https:\/\/audibax.com\/es\/producto\/neo-stmw-2\/","og_site_name":"Audibax","article_modified_time":"2024-05-23T09:42:40+00:00","og_image":[{"width":2500,"height":1767,"url":"https:\/\/audibax.com\/wp-content\/uploads\/2024\/05\/LKT-383Neo-STMW-2-1.png","type":"image\/png"}],"twitter_card":"summary_large_image","twitter_misc":{"Tiempo de lectura":"2 minutos"},"schema":{"@context":"https:\/\/schema.org","@graph":[{"@type":"WebPage","@id":"https:\/\/audibax.com\/es\/producto\/neo-stmw-2\/","url":"https:\/\/audibax.com\/es\/producto\/neo-stmw-2\/","name":"Neo STMW 2 - Audibax","isPartOf":{"@id":"https:\/\/audibax.com\/es\/#website"},"primaryImageOfPage":{"@id":"https:\/\/audibax.com\/es\/producto\/neo-stmw-2\/#primaryimage"},"image":{"@id":"https:\/\/audibax.com\/es\/producto\/neo-stmw-2\/#primaryimage"},"thumbnailUrl":"https:\/\/audibax.com\/wp-content\/uploads\/2024\/05\/LKT-383Neo-STMW-2-1.png","datePublished":"2024-05-23T09:37:54+00:00","dateModified":"2024-05-23T09:42:40+00:00","breadcrumb":{"@id":"https:\/\/audibax.com\/es\/producto\/neo-stmw-2\/#breadcrumb"},"inLanguage":"es","potentialAction":[{"@type":"ReadAction","target":["https:\/\/audibax.com\/es\/producto\/neo-stmw-2\/"]}]},{"@type":"ImageObject","inLanguage":"es","@id":"https:\/\/audibax.com\/es\/producto\/neo-stmw-2\/#primaryimage","url":"https:\/\/audibax.com\/wp-content\/uploads\/2024\/05\/LKT-383Neo-STMW-2-1.png","contentUrl":"https:\/\/audibax.com\/wp-content\/uploads\/2024\/05\/LKT-383Neo-STMW-2-1.png","width":2500,"height":1767},{"@type":"BreadcrumbList","@id":"https:\/\/audibax.com\/es\/producto\/neo-stmw-2\/#breadcrumb","itemListElement":[{"@type":"ListItem","position":1,"name":"Portada","item":"https:\/\/audibax.com\/es\/"},{"@type":"ListItem","position":2,"name":"Productos","item":"https:\/\/audibax.com\/es\/shop\/"},{"@type":"ListItem","position":3,"name":"Neo STMW 2"}]},{"@type":"WebSite","@id":"https:\/\/audibax.com\/es\/#website","url":"https:\/\/audibax.com\/es\/","name":"Audibax","description":"","publisher":{"@id":"https:\/\/audibax.com\/es\/#organization"},"potentialAction":[{"@type":"SearchAction","target":{"@type":"EntryPoint","urlTemplate":"https:\/\/audibax.com\/es\/?s={search_term_string}"},"query-input":{"@type":"PropertyValueSpecification","valueRequired":true,"valueName":"search_term_string"}}],"inLanguage":"es"},{"@type":"Organization","@id":"https:\/\/audibax.com\/es\/#organization","name":"Audibax","url":"https:\/\/audibax.com\/es\/","logo":{"@type":"ImageObject","inLanguage":"es","@id":"https:\/\/audibax.com\/es\/#\/schema\/logo\/image\/","url":"https:\/\/audibax.com\/wp-content\/uploads\/2023\/09\/logo-Audibax-BLANCO-SVG-1.svg","contentUrl":"https:\/\/audibax.com\/wp-content\/uploads\/2023\/09\/logo-Audibax-BLANCO-SVG-1.svg","caption":"Audibax"},"image":{"@id":"https:\/\/audibax.com\/es\/#\/schema\/logo\/image\/"}}]}},"_links":{"self":[{"href":"https:\/\/audibax.com\/es\/wp-json\/wp\/v2\/product\/43450","targetHints":{"allow":["GET"]}}],"collection":[{"href":"https:\/\/audibax.com\/es\/wp-json\/wp\/v2\/product"}],"about":[{"href":"https:\/\/audibax.com\/es\/wp-json\/wp\/v2\/types\/product"}],"replies":[{"embeddable":true,"href":"https:\/\/audibax.com\/es\/wp-json\/wp\/v2\/comments?post=43450"}],"wp:featuredmedia":[{"embeddable":true,"href":"https:\/\/audibax.com\/es\/wp-json\/wp\/v2\/media\/43421"}],"wp:attachment":[{"href":"https:\/\/audibax.com\/es\/wp-json\/wp\/v2\/media?parent=43450"}],"wp:term":[{"taxonomy":"product_cat","embeddable":true,"href":"https:\/\/audibax.com\/es\/wp-json\/wp\/v2\/product_cat?post=43450"},{"taxonomy":"product_tag","embeddable":true,"href":"https:\/\/audibax.com\/es\/wp-json\/wp\/v2\/product_tag?post=43450"}],"curies":[{"name":"wp","href":"https:\/\/api.w.org\/{rel}","templated":true}]}}