{"id":43253,"date":"2024-05-22T18:07:41","date_gmt":"2024-05-22T16:07:41","guid":{"rendered":"https:\/\/audibax.com\/?post_type=product&#038;p=43253"},"modified":"2024-05-23T10:46:36","modified_gmt":"2024-05-23T08:46:36","slug":"neo-stm-4w","status":"publish","type":"product","link":"https:\/\/audibax.com\/es\/producto\/neo-stm-4w\/","title":{"rendered":"NEO STM 4W"},"content":{"rendered":"<p><strong>Audibax Neo STM 4W Soportes de Mesa Para Monitor Estudio y Altavoz (Pareja)<\/strong><\/p>\n<p>Potencia tu experiencia auditiva con los soportes Audibax Neo STM 4 W. Estos vers\u00e1tiles soportes de mesa ofrecen una soluci\u00f3n robusta y estilizada para tus dispositivos de audio, a\u00f1adiendo un toque de elegancia a tu entorno de trabajo o estudio.<\/p>\n<p><strong>Adaptabilidad en la disposici\u00f3n<\/strong><\/p>\n<p>Los soportes Audibax Neo STM 4 W son ideales para una variedad de dispositivos,\u00a0ofreciendo una base de soporte\u00a0de 200x195mm con una profundidad vertical de 180mm. Esto garantiza una sujeci\u00f3n estable y segura para tus equipos de hasta 15 kg.<\/p>\n<p><strong>Mejora de la experiencia auditiva<\/strong><\/p>\n<p>Con un \u00e1ngulo de inclinaci\u00f3n de 5\u00b0, estos soportes dirigen el sonido hacia tus o\u00eddos de manera precisa, proporcionando una experiencia auditiva \u00f3ptima mientras trabajas o estudias.<\/p>\n<p><strong>Construcci\u00f3n duradera<\/strong><\/p>\n<p>Fabricados en metal resistente, los soportes Audibax Neo STM 4W aseguran una base s\u00f3lida para tus dispositivos de audio. Su acabado en blanco a\u00f1ade un toque moderno y elegante a tu espacio de trabajo.<\/p>\n<p><strong>Detalles t\u00e9cnicos:<\/strong><\/p>\n<ul>\n<li>Color: Blanco<\/li>\n<li>Peso soportado: 15 kg<\/li>\n<li>Tipo de soporte: Sobremesa<\/li>\n<li>Plataforma de apoyo: 200x195mm<\/li>\n<li>Altura plataforma: 180mm<\/li>\n<li>Grados de inclinaci\u00f3n: 5\u00b0<\/li>\n<li>Acabado del material: Metal<\/li>\n<li>Peso Neto: 5,3 kg \/par<\/li>\n<li>Se suministra por parejas<\/li>\n<\/ul>\n<p>Potencia el rendimiento y la est\u00e9tica de tu espacio de trabajo con los soportes Audibax Neo STM 4 W y disfruta de una experiencia auditiva mejorada en tus sesiones de estudio o trabajo.<\/p>\n","protected":false},"excerpt":{"rendered":"<p><strong>Audibax Neo STM 4W Soportes de Mesa Para Monitor Estudio y Altavoz (Pareja)<\/strong><\/p>\n<p>Potencia tu experiencia auditiva con los soportes Audibax Neo STM 4 W. Estos vers\u00e1tiles soportes de mesa ofrecen una soluci\u00f3n robusta y estilizada para tus dispositivos de audio, a\u00f1adiendo un toque de elegancia a tu entorno de trabajo o estudio.<\/p>\n<p><strong>Adaptabilidad en la disposici\u00f3n<\/strong><\/p>\n<p>Los soportes Audibax Neo STM 4 W son ideales para una variedad de dispositivos,\u00a0ofreciendo una base de soporte\u00a0de 200x195mm con una profundidad vertical de 180mm. Esto garantiza una sujeci\u00f3n estable y segura para tus equipos de hasta 15 kg.<\/p>\n<p><strong>Mejora de la experiencia auditiva<\/strong><\/p>\n<p>Con un \u00e1ngulo de inclinaci\u00f3n de 5\u00b0, estos soportes dirigen el sonido hacia tus o\u00eddos de manera precisa, proporcionando una experiencia auditiva \u00f3ptima mientras trabajas o estudias.<\/p>\n<p><strong>Construcci\u00f3n duradera<\/strong><\/p>\n<p>Fabricados en metal resistente, los soportes Audibax Neo STM 4W aseguran una base s\u00f3lida para tus dispositivos de audio. Su acabado en blanco a\u00f1ade un toque moderno y elegante a tu espacio de trabajo.<\/p>\n","protected":false},"featured_media":43227,"comment_status":"open","ping_status":"closed","template":"","meta":{"_acf_changed":false},"product_cat":[448,426],"product_tag":[],"class_list":{"0":"post-43253","1":"product","2":"type-product","3":"status-publish","4":"has-post-thumbnail","6":"product_cat-soportes-para-monitor-de-estudio","7":"product_cat-stands-es","9":"first","10":"instock","11":"shipping-taxable","12":"product-type-simple"},"acf":[],"yoast_head":"<!-- This site is optimized with the Yoast SEO plugin v27.0 - https:\/\/yoast.com\/product\/yoast-seo-wordpress\/ -->\n<title>NEO STM 4W - Audibax<\/title>\n<meta name=\"robots\" content=\"index, follow, max-snippet:-1, max-image-preview:large, max-video-preview:-1\" \/>\n<link rel=\"canonical\" href=\"https:\/\/audibax.com\/es\/producto\/neo-stm-4w\/\" \/>\n<meta property=\"og:locale\" content=\"es_ES\" \/>\n<meta property=\"og:type\" content=\"article\" \/>\n<meta property=\"og:title\" content=\"NEO STM 4W - Audibax\" \/>\n<meta property=\"og:description\" content=\"Audibax Neo STM 4W Soportes de Mesa Para Monitor Estudio y Altavoz (Pareja)  Potencia tu experiencia auditiva con los soportes Audibax Neo STM 4 W. Estos vers\u00e1tiles soportes de mesa ofrecen una soluci\u00f3n robusta y estilizada para tus dispositivos de audio, a\u00f1adiendo un toque de elegancia a tu entorno de trabajo o estudio.  Adaptabilidad en la disposici\u00f3n  Los soportes Audibax Neo STM 4 W son ideales para una variedad de dispositivos,\u00a0ofreciendo una base de soporte\u00a0de 200x195mm con una profundidad vertical de 180mm. Esto garantiza una sujeci\u00f3n estable y segura para tus equipos de hasta 15 kg.  Mejora de la experiencia auditiva  Con un \u00e1ngulo de inclinaci\u00f3n de 5\u00b0, estos soportes dirigen el sonido hacia tus o\u00eddos de manera precisa, proporcionando una experiencia auditiva \u00f3ptima mientras trabajas o estudias.  Construcci\u00f3n duradera  Fabricados en metal resistente, los soportes Audibax Neo STM 4W aseguran una base s\u00f3lida para tus dispositivos de audio. Su acabado en blanco a\u00f1ade un toque moderno y elegante a tu espacio de trabajo.\" \/>\n<meta property=\"og:url\" content=\"https:\/\/audibax.com\/es\/producto\/neo-stm-4w\/\" \/>\n<meta property=\"og:site_name\" content=\"Audibax\" \/>\n<meta property=\"article:modified_time\" content=\"2024-05-23T08:46:36+00:00\" \/>\n<meta property=\"og:image\" content=\"https:\/\/audibax.com\/wp-content\/uploads\/2024\/05\/602Neo-STM-4W-1.png\" \/>\n\t<meta property=\"og:image:width\" content=\"2500\" \/>\n\t<meta property=\"og:image:height\" content=\"1767\" \/>\n\t<meta property=\"og:image:type\" content=\"image\/png\" \/>\n<meta name=\"twitter:card\" content=\"summary_large_image\" \/>\n<meta name=\"twitter:label1\" content=\"Tiempo de lectura\" \/>\n\t<meta name=\"twitter:data1\" content=\"2 minutos\" \/>\n<script type=\"application\/ld+json\" class=\"yoast-schema-graph\">{\"@context\":\"https:\/\/schema.org\",\"@graph\":[{\"@type\":\"WebPage\",\"@id\":\"https:\/\/audibax.com\/es\/producto\/neo-stm-4w\/\",\"url\":\"https:\/\/audibax.com\/es\/producto\/neo-stm-4w\/\",\"name\":\"NEO STM 4W - Audibax\",\"isPartOf\":{\"@id\":\"https:\/\/audibax.com\/es\/#website\"},\"primaryImageOfPage\":{\"@id\":\"https:\/\/audibax.com\/es\/producto\/neo-stm-4w\/#primaryimage\"},\"image\":{\"@id\":\"https:\/\/audibax.com\/es\/producto\/neo-stm-4w\/#primaryimage\"},\"thumbnailUrl\":\"https:\/\/audibax.com\/wp-content\/uploads\/2024\/05\/602Neo-STM-4W-1.png\",\"datePublished\":\"2024-05-22T16:07:41+00:00\",\"dateModified\":\"2024-05-23T08:46:36+00:00\",\"breadcrumb\":{\"@id\":\"https:\/\/audibax.com\/es\/producto\/neo-stm-4w\/#breadcrumb\"},\"inLanguage\":\"es\",\"potentialAction\":[{\"@type\":\"ReadAction\",\"target\":[\"https:\/\/audibax.com\/es\/producto\/neo-stm-4w\/\"]}]},{\"@type\":\"ImageObject\",\"inLanguage\":\"es\",\"@id\":\"https:\/\/audibax.com\/es\/producto\/neo-stm-4w\/#primaryimage\",\"url\":\"https:\/\/audibax.com\/wp-content\/uploads\/2024\/05\/602Neo-STM-4W-1.png\",\"contentUrl\":\"https:\/\/audibax.com\/wp-content\/uploads\/2024\/05\/602Neo-STM-4W-1.png\",\"width\":2500,\"height\":1767},{\"@type\":\"BreadcrumbList\",\"@id\":\"https:\/\/audibax.com\/es\/producto\/neo-stm-4w\/#breadcrumb\",\"itemListElement\":[{\"@type\":\"ListItem\",\"position\":1,\"name\":\"Portada\",\"item\":\"https:\/\/audibax.com\/es\/\"},{\"@type\":\"ListItem\",\"position\":2,\"name\":\"Productos\",\"item\":\"https:\/\/audibax.com\/es\/shop\/\"},{\"@type\":\"ListItem\",\"position\":3,\"name\":\"NEO STM 4W\"}]},{\"@type\":\"WebSite\",\"@id\":\"https:\/\/audibax.com\/es\/#website\",\"url\":\"https:\/\/audibax.com\/es\/\",\"name\":\"Audibax\",\"description\":\"\",\"publisher\":{\"@id\":\"https:\/\/audibax.com\/es\/#organization\"},\"potentialAction\":[{\"@type\":\"SearchAction\",\"target\":{\"@type\":\"EntryPoint\",\"urlTemplate\":\"https:\/\/audibax.com\/es\/?s={search_term_string}\"},\"query-input\":{\"@type\":\"PropertyValueSpecification\",\"valueRequired\":true,\"valueName\":\"search_term_string\"}}],\"inLanguage\":\"es\"},{\"@type\":\"Organization\",\"@id\":\"https:\/\/audibax.com\/es\/#organization\",\"name\":\"Audibax\",\"url\":\"https:\/\/audibax.com\/es\/\",\"logo\":{\"@type\":\"ImageObject\",\"inLanguage\":\"es\",\"@id\":\"https:\/\/audibax.com\/es\/#\/schema\/logo\/image\/\",\"url\":\"https:\/\/audibax.com\/wp-content\/uploads\/2023\/09\/logo-Audibax-BLANCO-SVG-1.svg\",\"contentUrl\":\"https:\/\/audibax.com\/wp-content\/uploads\/2023\/09\/logo-Audibax-BLANCO-SVG-1.svg\",\"caption\":\"Audibax\"},\"image\":{\"@id\":\"https:\/\/audibax.com\/es\/#\/schema\/logo\/image\/\"}}]}<\/script>\n<!-- \/ Yoast SEO plugin. -->","yoast_head_json":{"title":"NEO STM 4W - Audibax","robots":{"index":"index","follow":"follow","max-snippet":"max-snippet:-1","max-image-preview":"max-image-preview:large","max-video-preview":"max-video-preview:-1"},"canonical":"https:\/\/audibax.com\/es\/producto\/neo-stm-4w\/","og_locale":"es_ES","og_type":"article","og_title":"NEO STM 4W - Audibax","og_description":"Audibax Neo STM 4W Soportes de Mesa Para Monitor Estudio y Altavoz (Pareja)  Potencia tu experiencia auditiva con los soportes Audibax Neo STM 4 W. Estos vers\u00e1tiles soportes de mesa ofrecen una soluci\u00f3n robusta y estilizada para tus dispositivos de audio, a\u00f1adiendo un toque de elegancia a tu entorno de trabajo o estudio.  Adaptabilidad en la disposici\u00f3n  Los soportes Audibax Neo STM 4 W son ideales para una variedad de dispositivos,\u00a0ofreciendo una base de soporte\u00a0de 200x195mm con una profundidad vertical de 180mm. Esto garantiza una sujeci\u00f3n estable y segura para tus equipos de hasta 15 kg.  Mejora de la experiencia auditiva  Con un \u00e1ngulo de inclinaci\u00f3n de 5\u00b0, estos soportes dirigen el sonido hacia tus o\u00eddos de manera precisa, proporcionando una experiencia auditiva \u00f3ptima mientras trabajas o estudias.  Construcci\u00f3n duradera  Fabricados en metal resistente, los soportes Audibax Neo STM 4W aseguran una base s\u00f3lida para tus dispositivos de audio. Su acabado en blanco a\u00f1ade un toque moderno y elegante a tu espacio de trabajo.","og_url":"https:\/\/audibax.com\/es\/producto\/neo-stm-4w\/","og_site_name":"Audibax","article_modified_time":"2024-05-23T08:46:36+00:00","og_image":[{"width":2500,"height":1767,"url":"https:\/\/audibax.com\/wp-content\/uploads\/2024\/05\/602Neo-STM-4W-1.png","type":"image\/png"}],"twitter_card":"summary_large_image","twitter_misc":{"Tiempo de lectura":"2 minutos"},"schema":{"@context":"https:\/\/schema.org","@graph":[{"@type":"WebPage","@id":"https:\/\/audibax.com\/es\/producto\/neo-stm-4w\/","url":"https:\/\/audibax.com\/es\/producto\/neo-stm-4w\/","name":"NEO STM 4W - Audibax","isPartOf":{"@id":"https:\/\/audibax.com\/es\/#website"},"primaryImageOfPage":{"@id":"https:\/\/audibax.com\/es\/producto\/neo-stm-4w\/#primaryimage"},"image":{"@id":"https:\/\/audibax.com\/es\/producto\/neo-stm-4w\/#primaryimage"},"thumbnailUrl":"https:\/\/audibax.com\/wp-content\/uploads\/2024\/05\/602Neo-STM-4W-1.png","datePublished":"2024-05-22T16:07:41+00:00","dateModified":"2024-05-23T08:46:36+00:00","breadcrumb":{"@id":"https:\/\/audibax.com\/es\/producto\/neo-stm-4w\/#breadcrumb"},"inLanguage":"es","potentialAction":[{"@type":"ReadAction","target":["https:\/\/audibax.com\/es\/producto\/neo-stm-4w\/"]}]},{"@type":"ImageObject","inLanguage":"es","@id":"https:\/\/audibax.com\/es\/producto\/neo-stm-4w\/#primaryimage","url":"https:\/\/audibax.com\/wp-content\/uploads\/2024\/05\/602Neo-STM-4W-1.png","contentUrl":"https:\/\/audibax.com\/wp-content\/uploads\/2024\/05\/602Neo-STM-4W-1.png","width":2500,"height":1767},{"@type":"BreadcrumbList","@id":"https:\/\/audibax.com\/es\/producto\/neo-stm-4w\/#breadcrumb","itemListElement":[{"@type":"ListItem","position":1,"name":"Portada","item":"https:\/\/audibax.com\/es\/"},{"@type":"ListItem","position":2,"name":"Productos","item":"https:\/\/audibax.com\/es\/shop\/"},{"@type":"ListItem","position":3,"name":"NEO STM 4W"}]},{"@type":"WebSite","@id":"https:\/\/audibax.com\/es\/#website","url":"https:\/\/audibax.com\/es\/","name":"Audibax","description":"","publisher":{"@id":"https:\/\/audibax.com\/es\/#organization"},"potentialAction":[{"@type":"SearchAction","target":{"@type":"EntryPoint","urlTemplate":"https:\/\/audibax.com\/es\/?s={search_term_string}"},"query-input":{"@type":"PropertyValueSpecification","valueRequired":true,"valueName":"search_term_string"}}],"inLanguage":"es"},{"@type":"Organization","@id":"https:\/\/audibax.com\/es\/#organization","name":"Audibax","url":"https:\/\/audibax.com\/es\/","logo":{"@type":"ImageObject","inLanguage":"es","@id":"https:\/\/audibax.com\/es\/#\/schema\/logo\/image\/","url":"https:\/\/audibax.com\/wp-content\/uploads\/2023\/09\/logo-Audibax-BLANCO-SVG-1.svg","contentUrl":"https:\/\/audibax.com\/wp-content\/uploads\/2023\/09\/logo-Audibax-BLANCO-SVG-1.svg","caption":"Audibax"},"image":{"@id":"https:\/\/audibax.com\/es\/#\/schema\/logo\/image\/"}}]}},"_links":{"self":[{"href":"https:\/\/audibax.com\/es\/wp-json\/wp\/v2\/product\/43253","targetHints":{"allow":["GET"]}}],"collection":[{"href":"https:\/\/audibax.com\/es\/wp-json\/wp\/v2\/product"}],"about":[{"href":"https:\/\/audibax.com\/es\/wp-json\/wp\/v2\/types\/product"}],"replies":[{"embeddable":true,"href":"https:\/\/audibax.com\/es\/wp-json\/wp\/v2\/comments?post=43253"}],"wp:featuredmedia":[{"embeddable":true,"href":"https:\/\/audibax.com\/es\/wp-json\/wp\/v2\/media\/43227"}],"wp:attachment":[{"href":"https:\/\/audibax.com\/es\/wp-json\/wp\/v2\/media?parent=43253"}],"wp:term":[{"taxonomy":"product_cat","embeddable":true,"href":"https:\/\/audibax.com\/es\/wp-json\/wp\/v2\/product_cat?post=43253"},{"taxonomy":"product_tag","embeddable":true,"href":"https:\/\/audibax.com\/es\/wp-json\/wp\/v2\/product_tag?post=43253"}],"curies":[{"name":"wp","href":"https:\/\/api.w.org\/{rel}","templated":true}]}}