{"id":43094,"date":"2024-05-22T17:28:31","date_gmt":"2024-05-22T15:28:31","guid":{"rendered":"https:\/\/audibax.com\/?post_type=product&#038;p=43094"},"modified":"2024-05-23T10:18:07","modified_gmt":"2024-05-23T08:18:07","slug":"neo-stm-2w","status":"publish","type":"product","link":"https:\/\/audibax.com\/es\/producto\/neo-stm-2w\/","title":{"rendered":"NEO STM 2W"},"content":{"rendered":"<p><strong>Audibax Neo STM 2W Soportes de Mesa Para Monitor Estudio y Altavoz (Pareja)<\/strong><\/p>\n<p>Si tu vida gira en torno al estudio, no hay nada mejor como tener la configuraci\u00f3n perfecta. Los Audibax Neo STM 2W son los soportes de monitor que necesitas para sacar el mayor partido a tus monitores, conseguir el sonido m\u00e1s n\u00edtido posible y obtener el aspecto m\u00e1s profesional.<\/p>\n<p><strong>El dise\u00f1o perfecto<\/strong><\/p>\n<p>Estos soportes te permitir\u00e1n colocar tus monitores tanto de manera vertical como horizontal y su dise\u00f1o lineal ayudar\u00e1 a que puedas mantener tu mesa ordenada, ganando espacio.<\/p>\n<p>Cuentan con una ligera inclinaci\u00f3n que permite proyectar el sonido que sale de los monitores directamente hacia la zona de los o\u00eddos, con el objetivo de que experimentes la mayor calidad de sonido posible.<\/p>\n<p><strong>Resistentes y seguros<\/strong><\/p>\n<p>Los soportes de Audibax Neo STM 2W est\u00e1n hechos de metal lo que los hace totalmente resistentes y estables para garantizar la seguridad de tus monitores.<\/p>\n<p>Acabado: White<br \/>\nPeso soportado: 15 kg<br \/>\nTipo de soporte: Sobremesa<br \/>\nPlataforma de apoyo: 90x151mm<br \/>\nGrados de inclinaci\u00f3n: 15\u00b0<br \/>\nAcabado del material: Metal<br \/>\nPeso Neto: 0.85Kg\/par aprox<br \/>\nSe suministra por parejas<\/p>\n","protected":false},"excerpt":{"rendered":"<p><strong>Audibax Neo STM 2W Soportes de Mesa Para Monitor Estudio y Altavoz (Pareja)<\/strong><\/p>\n<p>Si tu vida gira en torno al estudio, no hay nada mejor como tener la configuraci\u00f3n perfecta. Los Audibax Neo STM 2W son los soportes de monitor que necesitas para sacar el mayor partido a tus monitores, conseguir el sonido m\u00e1s n\u00edtido posible y obtener el aspecto m\u00e1s profesional.<\/p>\n<p><strong>El dise\u00f1o perfecto<\/strong><\/p>\n<p>Estos soportes te permitir\u00e1n colocar tus monitores tanto de manera vertical como horizontal y su dise\u00f1o lineal ayudar\u00e1 a que puedas mantener tu mesa ordenada, ganando espacio.<\/p>\n<p>Cuentan con una ligera inclinaci\u00f3n que permite proyectar el sonido que sale de los monitores directamente hacia la zona de los o\u00eddos, con el objetivo de que experimentes la mayor calidad de sonido posible.<\/p>\n<p><strong>Resistentes y seguros<\/strong><\/p>\n<p>Los soportes de Audibax Neo STM 2W est\u00e1n hechos de metal lo que los hace totalmente resistentes y estables para garantizar la seguridad de tus monitores.<\/p>\n","protected":false},"featured_media":43075,"comment_status":"open","ping_status":"closed","template":"","meta":{"_acf_changed":false},"product_cat":[448,426],"product_tag":[],"class_list":{"0":"post-43094","1":"product","2":"type-product","3":"status-publish","4":"has-post-thumbnail","6":"product_cat-soportes-para-monitor-de-estudio","7":"product_cat-stands-es","9":"first","10":"instock","11":"shipping-taxable","12":"product-type-simple"},"acf":[],"yoast_head":"<!-- This site is optimized with the Yoast SEO plugin v27.0 - https:\/\/yoast.com\/product\/yoast-seo-wordpress\/ -->\n<title>NEO STM 2W - Audibax<\/title>\n<meta name=\"robots\" content=\"index, follow, max-snippet:-1, max-image-preview:large, max-video-preview:-1\" \/>\n<link rel=\"canonical\" href=\"https:\/\/audibax.com\/es\/producto\/neo-stm-2w\/\" \/>\n<meta property=\"og:locale\" content=\"es_ES\" \/>\n<meta property=\"og:type\" content=\"article\" \/>\n<meta property=\"og:title\" content=\"NEO STM 2W - Audibax\" \/>\n<meta property=\"og:description\" content=\"Audibax Neo STM 2W Soportes de Mesa Para Monitor Estudio y Altavoz (Pareja)  Si tu vida gira en torno al estudio, no hay nada mejor como tener la configuraci\u00f3n perfecta. Los Audibax Neo STM 2W son los soportes de monitor que necesitas para sacar el mayor partido a tus monitores, conseguir el sonido m\u00e1s n\u00edtido posible y obtener el aspecto m\u00e1s profesional.  El dise\u00f1o perfecto  Estos soportes te permitir\u00e1n colocar tus monitores tanto de manera vertical como horizontal y su dise\u00f1o lineal ayudar\u00e1 a que puedas mantener tu mesa ordenada, ganando espacio.  Cuentan con una ligera inclinaci\u00f3n que permite proyectar el sonido que sale de los monitores directamente hacia la zona de los o\u00eddos, con el objetivo de que experimentes la mayor calidad de sonido posible.  Resistentes y seguros  Los soportes de Audibax Neo STM 2W est\u00e1n hechos de metal lo que los hace totalmente resistentes y estables para garantizar la seguridad de tus monitores.\" \/>\n<meta property=\"og:url\" content=\"https:\/\/audibax.com\/es\/producto\/neo-stm-2w\/\" \/>\n<meta property=\"og:site_name\" content=\"Audibax\" \/>\n<meta property=\"article:modified_time\" content=\"2024-05-23T08:18:07+00:00\" \/>\n<meta property=\"og:image\" content=\"https:\/\/audibax.com\/wp-content\/uploads\/2024\/05\/600A\uff08Neo-STM-2W\uff09-1.png\" \/>\n\t<meta property=\"og:image:width\" content=\"2500\" \/>\n\t<meta property=\"og:image:height\" content=\"1767\" \/>\n\t<meta property=\"og:image:type\" content=\"image\/png\" \/>\n<meta name=\"twitter:card\" content=\"summary_large_image\" \/>\n<meta name=\"twitter:label1\" content=\"Tiempo de lectura\" \/>\n\t<meta name=\"twitter:data1\" content=\"2 minutos\" \/>\n<script type=\"application\/ld+json\" class=\"yoast-schema-graph\">{\"@context\":\"https:\/\/schema.org\",\"@graph\":[{\"@type\":\"WebPage\",\"@id\":\"https:\/\/audibax.com\/es\/producto\/neo-stm-2w\/\",\"url\":\"https:\/\/audibax.com\/es\/producto\/neo-stm-2w\/\",\"name\":\"NEO STM 2W - Audibax\",\"isPartOf\":{\"@id\":\"https:\/\/audibax.com\/es\/#website\"},\"primaryImageOfPage\":{\"@id\":\"https:\/\/audibax.com\/es\/producto\/neo-stm-2w\/#primaryimage\"},\"image\":{\"@id\":\"https:\/\/audibax.com\/es\/producto\/neo-stm-2w\/#primaryimage\"},\"thumbnailUrl\":\"https:\/\/audibax.com\/wp-content\/uploads\/2024\/05\/600A\uff08Neo-STM-2W\uff09-1.png\",\"datePublished\":\"2024-05-22T15:28:31+00:00\",\"dateModified\":\"2024-05-23T08:18:07+00:00\",\"breadcrumb\":{\"@id\":\"https:\/\/audibax.com\/es\/producto\/neo-stm-2w\/#breadcrumb\"},\"inLanguage\":\"es\",\"potentialAction\":[{\"@type\":\"ReadAction\",\"target\":[\"https:\/\/audibax.com\/es\/producto\/neo-stm-2w\/\"]}]},{\"@type\":\"ImageObject\",\"inLanguage\":\"es\",\"@id\":\"https:\/\/audibax.com\/es\/producto\/neo-stm-2w\/#primaryimage\",\"url\":\"https:\/\/audibax.com\/wp-content\/uploads\/2024\/05\/600A\uff08Neo-STM-2W\uff09-1.png\",\"contentUrl\":\"https:\/\/audibax.com\/wp-content\/uploads\/2024\/05\/600A\uff08Neo-STM-2W\uff09-1.png\",\"width\":2500,\"height\":1767},{\"@type\":\"BreadcrumbList\",\"@id\":\"https:\/\/audibax.com\/es\/producto\/neo-stm-2w\/#breadcrumb\",\"itemListElement\":[{\"@type\":\"ListItem\",\"position\":1,\"name\":\"Portada\",\"item\":\"https:\/\/audibax.com\/es\/\"},{\"@type\":\"ListItem\",\"position\":2,\"name\":\"Productos\",\"item\":\"https:\/\/audibax.com\/es\/shop\/\"},{\"@type\":\"ListItem\",\"position\":3,\"name\":\"NEO STM 2W\"}]},{\"@type\":\"WebSite\",\"@id\":\"https:\/\/audibax.com\/es\/#website\",\"url\":\"https:\/\/audibax.com\/es\/\",\"name\":\"Audibax\",\"description\":\"\",\"publisher\":{\"@id\":\"https:\/\/audibax.com\/es\/#organization\"},\"potentialAction\":[{\"@type\":\"SearchAction\",\"target\":{\"@type\":\"EntryPoint\",\"urlTemplate\":\"https:\/\/audibax.com\/es\/?s={search_term_string}\"},\"query-input\":{\"@type\":\"PropertyValueSpecification\",\"valueRequired\":true,\"valueName\":\"search_term_string\"}}],\"inLanguage\":\"es\"},{\"@type\":\"Organization\",\"@id\":\"https:\/\/audibax.com\/es\/#organization\",\"name\":\"Audibax\",\"url\":\"https:\/\/audibax.com\/es\/\",\"logo\":{\"@type\":\"ImageObject\",\"inLanguage\":\"es\",\"@id\":\"https:\/\/audibax.com\/es\/#\/schema\/logo\/image\/\",\"url\":\"https:\/\/audibax.com\/wp-content\/uploads\/2023\/09\/logo-Audibax-BLANCO-SVG-1.svg\",\"contentUrl\":\"https:\/\/audibax.com\/wp-content\/uploads\/2023\/09\/logo-Audibax-BLANCO-SVG-1.svg\",\"caption\":\"Audibax\"},\"image\":{\"@id\":\"https:\/\/audibax.com\/es\/#\/schema\/logo\/image\/\"}}]}<\/script>\n<!-- \/ Yoast SEO plugin. -->","yoast_head_json":{"title":"NEO STM 2W - Audibax","robots":{"index":"index","follow":"follow","max-snippet":"max-snippet:-1","max-image-preview":"max-image-preview:large","max-video-preview":"max-video-preview:-1"},"canonical":"https:\/\/audibax.com\/es\/producto\/neo-stm-2w\/","og_locale":"es_ES","og_type":"article","og_title":"NEO STM 2W - Audibax","og_description":"Audibax Neo STM 2W Soportes de Mesa Para Monitor Estudio y Altavoz (Pareja)  Si tu vida gira en torno al estudio, no hay nada mejor como tener la configuraci\u00f3n perfecta. Los Audibax Neo STM 2W son los soportes de monitor que necesitas para sacar el mayor partido a tus monitores, conseguir el sonido m\u00e1s n\u00edtido posible y obtener el aspecto m\u00e1s profesional.  El dise\u00f1o perfecto  Estos soportes te permitir\u00e1n colocar tus monitores tanto de manera vertical como horizontal y su dise\u00f1o lineal ayudar\u00e1 a que puedas mantener tu mesa ordenada, ganando espacio.  Cuentan con una ligera inclinaci\u00f3n que permite proyectar el sonido que sale de los monitores directamente hacia la zona de los o\u00eddos, con el objetivo de que experimentes la mayor calidad de sonido posible.  Resistentes y seguros  Los soportes de Audibax Neo STM 2W est\u00e1n hechos de metal lo que los hace totalmente resistentes y estables para garantizar la seguridad de tus monitores.","og_url":"https:\/\/audibax.com\/es\/producto\/neo-stm-2w\/","og_site_name":"Audibax","article_modified_time":"2024-05-23T08:18:07+00:00","og_image":[{"width":2500,"height":1767,"url":"https:\/\/audibax.com\/wp-content\/uploads\/2024\/05\/600A\uff08Neo-STM-2W\uff09-1.png","type":"image\/png"}],"twitter_card":"summary_large_image","twitter_misc":{"Tiempo de lectura":"2 minutos"},"schema":{"@context":"https:\/\/schema.org","@graph":[{"@type":"WebPage","@id":"https:\/\/audibax.com\/es\/producto\/neo-stm-2w\/","url":"https:\/\/audibax.com\/es\/producto\/neo-stm-2w\/","name":"NEO STM 2W - Audibax","isPartOf":{"@id":"https:\/\/audibax.com\/es\/#website"},"primaryImageOfPage":{"@id":"https:\/\/audibax.com\/es\/producto\/neo-stm-2w\/#primaryimage"},"image":{"@id":"https:\/\/audibax.com\/es\/producto\/neo-stm-2w\/#primaryimage"},"thumbnailUrl":"https:\/\/audibax.com\/wp-content\/uploads\/2024\/05\/600A\uff08Neo-STM-2W\uff09-1.png","datePublished":"2024-05-22T15:28:31+00:00","dateModified":"2024-05-23T08:18:07+00:00","breadcrumb":{"@id":"https:\/\/audibax.com\/es\/producto\/neo-stm-2w\/#breadcrumb"},"inLanguage":"es","potentialAction":[{"@type":"ReadAction","target":["https:\/\/audibax.com\/es\/producto\/neo-stm-2w\/"]}]},{"@type":"ImageObject","inLanguage":"es","@id":"https:\/\/audibax.com\/es\/producto\/neo-stm-2w\/#primaryimage","url":"https:\/\/audibax.com\/wp-content\/uploads\/2024\/05\/600A\uff08Neo-STM-2W\uff09-1.png","contentUrl":"https:\/\/audibax.com\/wp-content\/uploads\/2024\/05\/600A\uff08Neo-STM-2W\uff09-1.png","width":2500,"height":1767},{"@type":"BreadcrumbList","@id":"https:\/\/audibax.com\/es\/producto\/neo-stm-2w\/#breadcrumb","itemListElement":[{"@type":"ListItem","position":1,"name":"Portada","item":"https:\/\/audibax.com\/es\/"},{"@type":"ListItem","position":2,"name":"Productos","item":"https:\/\/audibax.com\/es\/shop\/"},{"@type":"ListItem","position":3,"name":"NEO STM 2W"}]},{"@type":"WebSite","@id":"https:\/\/audibax.com\/es\/#website","url":"https:\/\/audibax.com\/es\/","name":"Audibax","description":"","publisher":{"@id":"https:\/\/audibax.com\/es\/#organization"},"potentialAction":[{"@type":"SearchAction","target":{"@type":"EntryPoint","urlTemplate":"https:\/\/audibax.com\/es\/?s={search_term_string}"},"query-input":{"@type":"PropertyValueSpecification","valueRequired":true,"valueName":"search_term_string"}}],"inLanguage":"es"},{"@type":"Organization","@id":"https:\/\/audibax.com\/es\/#organization","name":"Audibax","url":"https:\/\/audibax.com\/es\/","logo":{"@type":"ImageObject","inLanguage":"es","@id":"https:\/\/audibax.com\/es\/#\/schema\/logo\/image\/","url":"https:\/\/audibax.com\/wp-content\/uploads\/2023\/09\/logo-Audibax-BLANCO-SVG-1.svg","contentUrl":"https:\/\/audibax.com\/wp-content\/uploads\/2023\/09\/logo-Audibax-BLANCO-SVG-1.svg","caption":"Audibax"},"image":{"@id":"https:\/\/audibax.com\/es\/#\/schema\/logo\/image\/"}}]}},"_links":{"self":[{"href":"https:\/\/audibax.com\/es\/wp-json\/wp\/v2\/product\/43094","targetHints":{"allow":["GET"]}}],"collection":[{"href":"https:\/\/audibax.com\/es\/wp-json\/wp\/v2\/product"}],"about":[{"href":"https:\/\/audibax.com\/es\/wp-json\/wp\/v2\/types\/product"}],"replies":[{"embeddable":true,"href":"https:\/\/audibax.com\/es\/wp-json\/wp\/v2\/comments?post=43094"}],"wp:featuredmedia":[{"embeddable":true,"href":"https:\/\/audibax.com\/es\/wp-json\/wp\/v2\/media\/43075"}],"wp:attachment":[{"href":"https:\/\/audibax.com\/es\/wp-json\/wp\/v2\/media?parent=43094"}],"wp:term":[{"taxonomy":"product_cat","embeddable":true,"href":"https:\/\/audibax.com\/es\/wp-json\/wp\/v2\/product_cat?post=43094"},{"taxonomy":"product_tag","embeddable":true,"href":"https:\/\/audibax.com\/es\/wp-json\/wp\/v2\/product_tag?post=43094"}],"curies":[{"name":"wp","href":"https:\/\/api.w.org\/{rel}","templated":true}]}}