{"id":42568,"date":"2024-05-22T09:29:10","date_gmt":"2024-05-22T07:29:10","guid":{"rendered":"https:\/\/audibax.com\/?post_type=product&#038;p=42568"},"modified":"2024-05-22T09:38:48","modified_gmt":"2024-05-22T07:38:48","slug":"pro-rack-cabinet-12u","status":"publish","type":"product","link":"https:\/\/audibax.com\/es\/producto\/pro-rack-cabinet-12u\/","title":{"rendered":"Pro Rack Cabinet 12u"},"content":{"rendered":"<p>El armario rack de 19 pulgadas, y una altura de 12 unidades, ofrece espacio extra para guardar equipo en rack, siendo especialmente \u00fatil en entornos profesionales como estudios de grabaci\u00f3n. Este armario proporciona una soluci\u00f3n sencilla para mantener organizado tu equipo de audio en un solo lugar. Su construcci\u00f3n robusta, con un marco de acero s\u00f3lido y una parte superior laminada de madera, garantiza una superficie de trabajo fiable y resistente, con una capacidad de carga de hasta 90,5 kg, lo que lo hace perfecto para su uso en entornos de estudio.<\/p>\n<ul>\n<li>Armario rack de 12U para el estudios profesionales y dom\u00e9sticos<\/li>\n<li>El tablero superior de madera laminada ofrece espacio de trabajo adicional<\/li>\n<li>Estructura de acero de alta resistencia con 90,5 kg de capacidad de carga<\/li>\n<li>Perfecto para el escritorio de estudio de tres niveles para una configuraci\u00f3n completa<\/li>\n<\/ul>\n","protected":false},"excerpt":{"rendered":"<p>El armario rack de 19 pulgadas, y una altura de 12 unidades, ofrece espacio extra para guardar equipo en rack, siendo especialmente \u00fatil en entornos profesionales como estudios de grabaci\u00f3n. Este armario proporciona una soluci\u00f3n sencilla para mantener organizado tu equipo de audio en un solo lugar. Su construcci\u00f3n robusta, con un marco de acero s\u00f3lido y una parte superior laminada de madera, garantiza una superficie de trabajo fiable y resistente, con una capacidad de carga de hasta 90,5 kg, lo que lo hace perfecto para su uso en entornos de estudio.<\/p>\n<ul>\n<li>Armario rack de 12U para el estudios profesionales y dom\u00e9sticos<\/li>\n<li>El tablero superior de madera laminada ofrece espacio de trabajo adicional<\/li>\n<li>Estructura de acero de alta resistencia con 90,5 kg de capacidad de carga<\/li>\n<li>Perfecto para el escritorio de estudio de tres niveles para una configuraci\u00f3n completa<\/li>\n<\/ul>\n","protected":false},"featured_media":42545,"comment_status":"open","ping_status":"closed","template":"","meta":{"_acf_changed":false},"product_cat":[426],"product_tag":[],"class_list":{"0":"post-42568","1":"product","2":"type-product","3":"status-publish","4":"has-post-thumbnail","6":"product_cat-stands-es","8":"first","9":"instock","10":"shipping-taxable","11":"product-type-simple"},"acf":[],"yoast_head":"<!-- This site is optimized with the Yoast SEO plugin v27.0 - https:\/\/yoast.com\/product\/yoast-seo-wordpress\/ -->\n<title>Pro Rack Cabinet 12u - Audibax<\/title>\n<meta name=\"robots\" content=\"index, follow, max-snippet:-1, max-image-preview:large, max-video-preview:-1\" \/>\n<link rel=\"canonical\" href=\"https:\/\/audibax.com\/es\/producto\/pro-rack-cabinet-12u\/\" \/>\n<meta property=\"og:locale\" content=\"es_ES\" \/>\n<meta property=\"og:type\" content=\"article\" \/>\n<meta property=\"og:title\" content=\"Pro Rack Cabinet 12u - Audibax\" \/>\n<meta property=\"og:description\" content=\"El armario rack de 19 pulgadas, y una altura de 12 unidades, ofrece espacio extra para guardar equipo en rack, siendo especialmente \u00fatil en entornos profesionales como estudios de grabaci\u00f3n. Este armario proporciona una soluci\u00f3n sencilla para mantener organizado tu equipo de audio en un solo lugar. Su construcci\u00f3n robusta, con un marco de acero s\u00f3lido y una parte superior laminada de madera, garantiza una superficie de trabajo fiable y resistente, con una capacidad de carga de hasta 90,5 kg, lo que lo hace perfecto para su uso en entornos de estudio.   Armario rack de 12U para el estudios profesionales y dom\u00e9sticos  El tablero superior de madera laminada ofrece espacio de trabajo adicional  Estructura de acero de alta resistencia con 90,5 kg de capacidad de carga  Perfecto para el escritorio de estudio de tres niveles para una configuraci\u00f3n completa\" \/>\n<meta property=\"og:url\" content=\"https:\/\/audibax.com\/es\/producto\/pro-rack-cabinet-12u\/\" \/>\n<meta property=\"og:site_name\" content=\"Audibax\" \/>\n<meta property=\"article:modified_time\" content=\"2024-05-22T07:38:48+00:00\" \/>\n<meta property=\"og:image\" content=\"https:\/\/audibax.com\/wp-content\/uploads\/2024\/05\/ProRackCabinet12U-1-1024x1024.png\" \/>\n\t<meta property=\"og:image:width\" content=\"1024\" \/>\n\t<meta property=\"og:image:height\" content=\"1024\" \/>\n\t<meta property=\"og:image:type\" content=\"image\/png\" \/>\n<meta name=\"twitter:card\" content=\"summary_large_image\" \/>\n<meta name=\"twitter:label1\" content=\"Tiempo de lectura\" \/>\n\t<meta name=\"twitter:data1\" content=\"1 minuto\" \/>\n<script type=\"application\/ld+json\" class=\"yoast-schema-graph\">{\"@context\":\"https:\/\/schema.org\",\"@graph\":[{\"@type\":\"WebPage\",\"@id\":\"https:\/\/audibax.com\/es\/producto\/pro-rack-cabinet-12u\/\",\"url\":\"https:\/\/audibax.com\/es\/producto\/pro-rack-cabinet-12u\/\",\"name\":\"Pro Rack Cabinet 12u - Audibax\",\"isPartOf\":{\"@id\":\"https:\/\/audibax.com\/es\/#website\"},\"primaryImageOfPage\":{\"@id\":\"https:\/\/audibax.com\/es\/producto\/pro-rack-cabinet-12u\/#primaryimage\"},\"image\":{\"@id\":\"https:\/\/audibax.com\/es\/producto\/pro-rack-cabinet-12u\/#primaryimage\"},\"thumbnailUrl\":\"https:\/\/audibax.com\/wp-content\/uploads\/2024\/05\/ProRackCabinet12U-1.png\",\"datePublished\":\"2024-05-22T07:29:10+00:00\",\"dateModified\":\"2024-05-22T07:38:48+00:00\",\"breadcrumb\":{\"@id\":\"https:\/\/audibax.com\/es\/producto\/pro-rack-cabinet-12u\/#breadcrumb\"},\"inLanguage\":\"es\",\"potentialAction\":[{\"@type\":\"ReadAction\",\"target\":[\"https:\/\/audibax.com\/es\/producto\/pro-rack-cabinet-12u\/\"]}]},{\"@type\":\"ImageObject\",\"inLanguage\":\"es\",\"@id\":\"https:\/\/audibax.com\/es\/producto\/pro-rack-cabinet-12u\/#primaryimage\",\"url\":\"https:\/\/audibax.com\/wp-content\/uploads\/2024\/05\/ProRackCabinet12U-1.png\",\"contentUrl\":\"https:\/\/audibax.com\/wp-content\/uploads\/2024\/05\/ProRackCabinet12U-1.png\",\"width\":2000,\"height\":2000},{\"@type\":\"BreadcrumbList\",\"@id\":\"https:\/\/audibax.com\/es\/producto\/pro-rack-cabinet-12u\/#breadcrumb\",\"itemListElement\":[{\"@type\":\"ListItem\",\"position\":1,\"name\":\"Portada\",\"item\":\"https:\/\/audibax.com\/es\/\"},{\"@type\":\"ListItem\",\"position\":2,\"name\":\"Productos\",\"item\":\"https:\/\/audibax.com\/es\/shop\/\"},{\"@type\":\"ListItem\",\"position\":3,\"name\":\"Pro Rack Cabinet 12u\"}]},{\"@type\":\"WebSite\",\"@id\":\"https:\/\/audibax.com\/es\/#website\",\"url\":\"https:\/\/audibax.com\/es\/\",\"name\":\"Audibax\",\"description\":\"\",\"publisher\":{\"@id\":\"https:\/\/audibax.com\/es\/#organization\"},\"potentialAction\":[{\"@type\":\"SearchAction\",\"target\":{\"@type\":\"EntryPoint\",\"urlTemplate\":\"https:\/\/audibax.com\/es\/?s={search_term_string}\"},\"query-input\":{\"@type\":\"PropertyValueSpecification\",\"valueRequired\":true,\"valueName\":\"search_term_string\"}}],\"inLanguage\":\"es\"},{\"@type\":\"Organization\",\"@id\":\"https:\/\/audibax.com\/es\/#organization\",\"name\":\"Audibax\",\"url\":\"https:\/\/audibax.com\/es\/\",\"logo\":{\"@type\":\"ImageObject\",\"inLanguage\":\"es\",\"@id\":\"https:\/\/audibax.com\/es\/#\/schema\/logo\/image\/\",\"url\":\"https:\/\/audibax.com\/wp-content\/uploads\/2023\/09\/logo-Audibax-BLANCO-SVG-1.svg\",\"contentUrl\":\"https:\/\/audibax.com\/wp-content\/uploads\/2023\/09\/logo-Audibax-BLANCO-SVG-1.svg\",\"caption\":\"Audibax\"},\"image\":{\"@id\":\"https:\/\/audibax.com\/es\/#\/schema\/logo\/image\/\"}}]}<\/script>\n<!-- \/ Yoast SEO plugin. -->","yoast_head_json":{"title":"Pro Rack Cabinet 12u - Audibax","robots":{"index":"index","follow":"follow","max-snippet":"max-snippet:-1","max-image-preview":"max-image-preview:large","max-video-preview":"max-video-preview:-1"},"canonical":"https:\/\/audibax.com\/es\/producto\/pro-rack-cabinet-12u\/","og_locale":"es_ES","og_type":"article","og_title":"Pro Rack Cabinet 12u - Audibax","og_description":"El armario rack de 19 pulgadas, y una altura de 12 unidades, ofrece espacio extra para guardar equipo en rack, siendo especialmente \u00fatil en entornos profesionales como estudios de grabaci\u00f3n. Este armario proporciona una soluci\u00f3n sencilla para mantener organizado tu equipo de audio en un solo lugar. Su construcci\u00f3n robusta, con un marco de acero s\u00f3lido y una parte superior laminada de madera, garantiza una superficie de trabajo fiable y resistente, con una capacidad de carga de hasta 90,5 kg, lo que lo hace perfecto para su uso en entornos de estudio.   Armario rack de 12U para el estudios profesionales y dom\u00e9sticos  El tablero superior de madera laminada ofrece espacio de trabajo adicional  Estructura de acero de alta resistencia con 90,5 kg de capacidad de carga  Perfecto para el escritorio de estudio de tres niveles para una configuraci\u00f3n completa","og_url":"https:\/\/audibax.com\/es\/producto\/pro-rack-cabinet-12u\/","og_site_name":"Audibax","article_modified_time":"2024-05-22T07:38:48+00:00","og_image":[{"width":1024,"height":1024,"url":"https:\/\/audibax.com\/wp-content\/uploads\/2024\/05\/ProRackCabinet12U-1-1024x1024.png","type":"image\/png"}],"twitter_card":"summary_large_image","twitter_misc":{"Tiempo de lectura":"1 minuto"},"schema":{"@context":"https:\/\/schema.org","@graph":[{"@type":"WebPage","@id":"https:\/\/audibax.com\/es\/producto\/pro-rack-cabinet-12u\/","url":"https:\/\/audibax.com\/es\/producto\/pro-rack-cabinet-12u\/","name":"Pro Rack Cabinet 12u - Audibax","isPartOf":{"@id":"https:\/\/audibax.com\/es\/#website"},"primaryImageOfPage":{"@id":"https:\/\/audibax.com\/es\/producto\/pro-rack-cabinet-12u\/#primaryimage"},"image":{"@id":"https:\/\/audibax.com\/es\/producto\/pro-rack-cabinet-12u\/#primaryimage"},"thumbnailUrl":"https:\/\/audibax.com\/wp-content\/uploads\/2024\/05\/ProRackCabinet12U-1.png","datePublished":"2024-05-22T07:29:10+00:00","dateModified":"2024-05-22T07:38:48+00:00","breadcrumb":{"@id":"https:\/\/audibax.com\/es\/producto\/pro-rack-cabinet-12u\/#breadcrumb"},"inLanguage":"es","potentialAction":[{"@type":"ReadAction","target":["https:\/\/audibax.com\/es\/producto\/pro-rack-cabinet-12u\/"]}]},{"@type":"ImageObject","inLanguage":"es","@id":"https:\/\/audibax.com\/es\/producto\/pro-rack-cabinet-12u\/#primaryimage","url":"https:\/\/audibax.com\/wp-content\/uploads\/2024\/05\/ProRackCabinet12U-1.png","contentUrl":"https:\/\/audibax.com\/wp-content\/uploads\/2024\/05\/ProRackCabinet12U-1.png","width":2000,"height":2000},{"@type":"BreadcrumbList","@id":"https:\/\/audibax.com\/es\/producto\/pro-rack-cabinet-12u\/#breadcrumb","itemListElement":[{"@type":"ListItem","position":1,"name":"Portada","item":"https:\/\/audibax.com\/es\/"},{"@type":"ListItem","position":2,"name":"Productos","item":"https:\/\/audibax.com\/es\/shop\/"},{"@type":"ListItem","position":3,"name":"Pro Rack Cabinet 12u"}]},{"@type":"WebSite","@id":"https:\/\/audibax.com\/es\/#website","url":"https:\/\/audibax.com\/es\/","name":"Audibax","description":"","publisher":{"@id":"https:\/\/audibax.com\/es\/#organization"},"potentialAction":[{"@type":"SearchAction","target":{"@type":"EntryPoint","urlTemplate":"https:\/\/audibax.com\/es\/?s={search_term_string}"},"query-input":{"@type":"PropertyValueSpecification","valueRequired":true,"valueName":"search_term_string"}}],"inLanguage":"es"},{"@type":"Organization","@id":"https:\/\/audibax.com\/es\/#organization","name":"Audibax","url":"https:\/\/audibax.com\/es\/","logo":{"@type":"ImageObject","inLanguage":"es","@id":"https:\/\/audibax.com\/es\/#\/schema\/logo\/image\/","url":"https:\/\/audibax.com\/wp-content\/uploads\/2023\/09\/logo-Audibax-BLANCO-SVG-1.svg","contentUrl":"https:\/\/audibax.com\/wp-content\/uploads\/2023\/09\/logo-Audibax-BLANCO-SVG-1.svg","caption":"Audibax"},"image":{"@id":"https:\/\/audibax.com\/es\/#\/schema\/logo\/image\/"}}]}},"_links":{"self":[{"href":"https:\/\/audibax.com\/es\/wp-json\/wp\/v2\/product\/42568","targetHints":{"allow":["GET"]}}],"collection":[{"href":"https:\/\/audibax.com\/es\/wp-json\/wp\/v2\/product"}],"about":[{"href":"https:\/\/audibax.com\/es\/wp-json\/wp\/v2\/types\/product"}],"replies":[{"embeddable":true,"href":"https:\/\/audibax.com\/es\/wp-json\/wp\/v2\/comments?post=42568"}],"wp:featuredmedia":[{"embeddable":true,"href":"https:\/\/audibax.com\/es\/wp-json\/wp\/v2\/media\/42545"}],"wp:attachment":[{"href":"https:\/\/audibax.com\/es\/wp-json\/wp\/v2\/media?parent=42568"}],"wp:term":[{"taxonomy":"product_cat","embeddable":true,"href":"https:\/\/audibax.com\/es\/wp-json\/wp\/v2\/product_cat?post=42568"},{"taxonomy":"product_tag","embeddable":true,"href":"https:\/\/audibax.com\/es\/wp-json\/wp\/v2\/product_tag?post=42568"}],"curies":[{"name":"wp","href":"https:\/\/api.w.org\/{rel}","templated":true}]}}