{"id":42538,"date":"2024-05-21T17:32:29","date_gmt":"2024-05-21T15:32:29","guid":{"rendered":"https:\/\/audibax.com\/?post_type=product&#038;p=42538"},"modified":"2024-05-21T18:01:38","modified_gmt":"2024-05-21T16:01:38","slug":"kb502-black","status":"publish","type":"product","link":"https:\/\/audibax.com\/es\/producto\/kb502-black\/","title":{"rendered":"KB502 BLACK"},"content":{"rendered":"<p><strong>Banco Doble para Piano\/Teclado con Compartimento Audibax KB502\u00a0<\/strong><\/p>\n<p>El\u00a0<strong>KB502 de Audibax<\/strong>\u00a0es un banco doble para piano o teclado que cuenta con un espacio de almacenamiento debajo del asiento, el cual ayuda a ahorrar mucho espacio y sirve para guardar las partituras o los accesorios. El material de fabricaci\u00f3n del banco es aluminio que se caracteriza por ser muy duradero y ligero.<\/p>\n<p>El asiento est\u00e1 formado por un coj\u00edn muy c\u00f3modo, suave y acolchado con espuma que proporciona un gran confort y comodidad y es la opci\u00f3n m\u00e1s adecuada para largas horas de pr\u00e1ctica de piano o teclado.<\/p>\n<p>Est\u00e1 cubierto con una funda gruesa de piel sint\u00e9tica y tapizada que se limpia y cuida con gran facilidad.<\/p>\n<p>La base de las patas es antideslizante ya que est\u00e1n cubiertas con un protector de goma que evitan el deslizamiento y los da\u00f1os en el suelo y proporcionan una gran estabilidad al soporte. Las patas son muy resistentes y se atornillan a la estructura del asiento.<\/p>\n<p>Adem\u00e1s, cabe destacar el f\u00e1cil montaje del banco y en el interior del embalaje se incluyen las herramientas y las instrucciones necesarias sobre c\u00f3mo montar el banco.<\/p>\n<p>Este banco de piano es ideal para usar en concierto, clases de m\u00fasica, pr\u00e1cticas diarias.<\/p>\n<p>Especificaciones<\/p>\n<ul>\n<li>Banco para piano\/teclado doble<\/li>\n<li>Compartimento en el asiento<\/li>\n<li>Color: Negro<\/li>\n<li>Material del banco: Aluminio<\/li>\n<li>Material del asiento: Cuero sint\u00e9tico relleno de espuma<\/li>\n<li>Las medidas del banco son:\n<ul>\n<li>Alto : 50cm<\/li>\n<li>Ancho : 74cm<\/li>\n<li>Profundo : 35cm<\/li>\n<\/ul>\n<\/li>\n<\/ul>\n","protected":false},"excerpt":{"rendered":"<p><strong>Banco Doble para Piano\/Teclado con Compartimento Audibax KB502\u00a0<\/strong><\/p>\n<p>El\u00a0<strong>KB502 de Audibax<\/strong>\u00a0es un banco doble para piano o teclado que cuenta con un espacio de almacenamiento debajo del asiento, el cual ayuda a ahorrar mucho espacio y sirve para guardar las partituras o los accesorios. El material de fabricaci\u00f3n del banco es aluminio que se caracteriza por ser muy duradero y ligero.<\/p>\n<p>El asiento est\u00e1 formado por un coj\u00edn muy c\u00f3modo, suave y acolchado con espuma que proporciona un gran confort y comodidad y es la opci\u00f3n m\u00e1s adecuada para largas horas de pr\u00e1ctica de piano o teclado.<\/p>\n<p>Est\u00e1 cubierto con una funda gruesa de piel sint\u00e9tica y tapizada que se limpia y cuida con gran facilidad.<\/p>\n<p>La base de las patas es antideslizante ya que est\u00e1n cubiertas con un protector de goma que evitan el deslizamiento y los da\u00f1os en el suelo y proporcionan una gran estabilidad al soporte. Las patas son muy resistentes y se atornillan a la estructura del asiento.<\/p>\n<p>Adem\u00e1s, cabe destacar el f\u00e1cil montaje del banco y en el interior del embalaje se incluyen las herramientas y las instrucciones necesarias sobre c\u00f3mo montar el banco.<\/p>\n<p>Este banco de piano es ideal para usar en concierto, clases de m\u00fasica, pr\u00e1cticas diarias.<\/p>\n","protected":false},"featured_media":42519,"comment_status":"open","ping_status":"closed","template":"","meta":{"_acf_changed":false},"product_cat":[442],"product_tag":[],"class_list":{"0":"post-42538","1":"product","2":"type-product","3":"status-publish","4":"has-post-thumbnail","6":"product_cat-piano-bench-es","8":"first","9":"instock","10":"shipping-taxable","11":"product-type-simple"},"acf":[],"yoast_head":"<!-- This site is optimized with the Yoast SEO plugin v27.0 - https:\/\/yoast.com\/product\/yoast-seo-wordpress\/ -->\n<title>KB502 BLACK - Audibax<\/title>\n<meta name=\"robots\" content=\"index, follow, max-snippet:-1, max-image-preview:large, max-video-preview:-1\" \/>\n<link rel=\"canonical\" href=\"https:\/\/audibax.com\/es\/producto\/kb502-black\/\" \/>\n<meta property=\"og:locale\" content=\"es_ES\" \/>\n<meta property=\"og:type\" content=\"article\" \/>\n<meta property=\"og:title\" content=\"KB502 BLACK - Audibax\" \/>\n<meta property=\"og:description\" content=\"Banco Doble para Piano\/Teclado con Compartimento Audibax KB502\u00a0  El\u00a0KB502 de Audibax\u00a0es un banco doble para piano o teclado que cuenta con un espacio de almacenamiento debajo del asiento, el cual ayuda a ahorrar mucho espacio y sirve para guardar las partituras o los accesorios. El material de fabricaci\u00f3n del banco es aluminio que se caracteriza por ser muy duradero y ligero.  El asiento est\u00e1 formado por un coj\u00edn muy c\u00f3modo, suave y acolchado con espuma que proporciona un gran confort y comodidad y es la opci\u00f3n m\u00e1s adecuada para largas horas de pr\u00e1ctica de piano o teclado.  Est\u00e1 cubierto con una funda gruesa de piel sint\u00e9tica y tapizada que se limpia y cuida con gran facilidad.  La base de las patas es antideslizante ya que est\u00e1n cubiertas con un protector de goma que evitan el deslizamiento y los da\u00f1os en el suelo y proporcionan una gran estabilidad al soporte. Las patas son muy resistentes y se atornillan a la estructura del asiento.  Adem\u00e1s, cabe destacar el f\u00e1cil montaje del banco y en el interior del embalaje se incluyen las herramientas y las instrucciones necesarias sobre c\u00f3mo montar el banco.  Este banco de piano es ideal para usar en concierto, clases de m\u00fasica, pr\u00e1cticas diarias.\" \/>\n<meta property=\"og:url\" content=\"https:\/\/audibax.com\/es\/producto\/kb502-black\/\" \/>\n<meta property=\"og:site_name\" content=\"Audibax\" \/>\n<meta property=\"article:modified_time\" content=\"2024-05-21T16:01:38+00:00\" \/>\n<meta property=\"og:image\" content=\"https:\/\/audibax.com\/wp-content\/uploads\/2024\/05\/KB502-Black-1.png\" \/>\n\t<meta property=\"og:image:width\" content=\"2000\" \/>\n\t<meta property=\"og:image:height\" content=\"2000\" \/>\n\t<meta property=\"og:image:type\" content=\"image\/png\" \/>\n<meta name=\"twitter:card\" content=\"summary_large_image\" \/>\n<meta name=\"twitter:label1\" content=\"Tiempo de lectura\" \/>\n\t<meta name=\"twitter:data1\" content=\"2 minutos\" \/>\n<script type=\"application\/ld+json\" class=\"yoast-schema-graph\">{\"@context\":\"https:\/\/schema.org\",\"@graph\":[{\"@type\":\"WebPage\",\"@id\":\"https:\/\/audibax.com\/es\/producto\/kb502-black\/\",\"url\":\"https:\/\/audibax.com\/es\/producto\/kb502-black\/\",\"name\":\"KB502 BLACK - Audibax\",\"isPartOf\":{\"@id\":\"https:\/\/audibax.com\/es\/#website\"},\"primaryImageOfPage\":{\"@id\":\"https:\/\/audibax.com\/es\/producto\/kb502-black\/#primaryimage\"},\"image\":{\"@id\":\"https:\/\/audibax.com\/es\/producto\/kb502-black\/#primaryimage\"},\"thumbnailUrl\":\"https:\/\/audibax.com\/wp-content\/uploads\/2024\/05\/KB502-Black-1.png\",\"datePublished\":\"2024-05-21T15:32:29+00:00\",\"dateModified\":\"2024-05-21T16:01:38+00:00\",\"breadcrumb\":{\"@id\":\"https:\/\/audibax.com\/es\/producto\/kb502-black\/#breadcrumb\"},\"inLanguage\":\"es\",\"potentialAction\":[{\"@type\":\"ReadAction\",\"target\":[\"https:\/\/audibax.com\/es\/producto\/kb502-black\/\"]}]},{\"@type\":\"ImageObject\",\"inLanguage\":\"es\",\"@id\":\"https:\/\/audibax.com\/es\/producto\/kb502-black\/#primaryimage\",\"url\":\"https:\/\/audibax.com\/wp-content\/uploads\/2024\/05\/KB502-Black-1.png\",\"contentUrl\":\"https:\/\/audibax.com\/wp-content\/uploads\/2024\/05\/KB502-Black-1.png\",\"width\":2000,\"height\":2000},{\"@type\":\"BreadcrumbList\",\"@id\":\"https:\/\/audibax.com\/es\/producto\/kb502-black\/#breadcrumb\",\"itemListElement\":[{\"@type\":\"ListItem\",\"position\":1,\"name\":\"Portada\",\"item\":\"https:\/\/audibax.com\/es\/\"},{\"@type\":\"ListItem\",\"position\":2,\"name\":\"Productos\",\"item\":\"https:\/\/audibax.com\/es\/shop\/\"},{\"@type\":\"ListItem\",\"position\":3,\"name\":\"KB502 BLACK\"}]},{\"@type\":\"WebSite\",\"@id\":\"https:\/\/audibax.com\/es\/#website\",\"url\":\"https:\/\/audibax.com\/es\/\",\"name\":\"Audibax\",\"description\":\"\",\"publisher\":{\"@id\":\"https:\/\/audibax.com\/es\/#organization\"},\"potentialAction\":[{\"@type\":\"SearchAction\",\"target\":{\"@type\":\"EntryPoint\",\"urlTemplate\":\"https:\/\/audibax.com\/es\/?s={search_term_string}\"},\"query-input\":{\"@type\":\"PropertyValueSpecification\",\"valueRequired\":true,\"valueName\":\"search_term_string\"}}],\"inLanguage\":\"es\"},{\"@type\":\"Organization\",\"@id\":\"https:\/\/audibax.com\/es\/#organization\",\"name\":\"Audibax\",\"url\":\"https:\/\/audibax.com\/es\/\",\"logo\":{\"@type\":\"ImageObject\",\"inLanguage\":\"es\",\"@id\":\"https:\/\/audibax.com\/es\/#\/schema\/logo\/image\/\",\"url\":\"https:\/\/audibax.com\/wp-content\/uploads\/2023\/09\/logo-Audibax-BLANCO-SVG-1.svg\",\"contentUrl\":\"https:\/\/audibax.com\/wp-content\/uploads\/2023\/09\/logo-Audibax-BLANCO-SVG-1.svg\",\"caption\":\"Audibax\"},\"image\":{\"@id\":\"https:\/\/audibax.com\/es\/#\/schema\/logo\/image\/\"}}]}<\/script>\n<!-- \/ Yoast SEO plugin. -->","yoast_head_json":{"title":"KB502 BLACK - Audibax","robots":{"index":"index","follow":"follow","max-snippet":"max-snippet:-1","max-image-preview":"max-image-preview:large","max-video-preview":"max-video-preview:-1"},"canonical":"https:\/\/audibax.com\/es\/producto\/kb502-black\/","og_locale":"es_ES","og_type":"article","og_title":"KB502 BLACK - Audibax","og_description":"Banco Doble para Piano\/Teclado con Compartimento Audibax KB502\u00a0  El\u00a0KB502 de Audibax\u00a0es un banco doble para piano o teclado que cuenta con un espacio de almacenamiento debajo del asiento, el cual ayuda a ahorrar mucho espacio y sirve para guardar las partituras o los accesorios. El material de fabricaci\u00f3n del banco es aluminio que se caracteriza por ser muy duradero y ligero.  El asiento est\u00e1 formado por un coj\u00edn muy c\u00f3modo, suave y acolchado con espuma que proporciona un gran confort y comodidad y es la opci\u00f3n m\u00e1s adecuada para largas horas de pr\u00e1ctica de piano o teclado.  Est\u00e1 cubierto con una funda gruesa de piel sint\u00e9tica y tapizada que se limpia y cuida con gran facilidad.  La base de las patas es antideslizante ya que est\u00e1n cubiertas con un protector de goma que evitan el deslizamiento y los da\u00f1os en el suelo y proporcionan una gran estabilidad al soporte. Las patas son muy resistentes y se atornillan a la estructura del asiento.  Adem\u00e1s, cabe destacar el f\u00e1cil montaje del banco y en el interior del embalaje se incluyen las herramientas y las instrucciones necesarias sobre c\u00f3mo montar el banco.  Este banco de piano es ideal para usar en concierto, clases de m\u00fasica, pr\u00e1cticas diarias.","og_url":"https:\/\/audibax.com\/es\/producto\/kb502-black\/","og_site_name":"Audibax","article_modified_time":"2024-05-21T16:01:38+00:00","og_image":[{"width":2000,"height":2000,"url":"https:\/\/audibax.com\/wp-content\/uploads\/2024\/05\/KB502-Black-1.png","type":"image\/png"}],"twitter_card":"summary_large_image","twitter_misc":{"Tiempo de lectura":"2 minutos"},"schema":{"@context":"https:\/\/schema.org","@graph":[{"@type":"WebPage","@id":"https:\/\/audibax.com\/es\/producto\/kb502-black\/","url":"https:\/\/audibax.com\/es\/producto\/kb502-black\/","name":"KB502 BLACK - Audibax","isPartOf":{"@id":"https:\/\/audibax.com\/es\/#website"},"primaryImageOfPage":{"@id":"https:\/\/audibax.com\/es\/producto\/kb502-black\/#primaryimage"},"image":{"@id":"https:\/\/audibax.com\/es\/producto\/kb502-black\/#primaryimage"},"thumbnailUrl":"https:\/\/audibax.com\/wp-content\/uploads\/2024\/05\/KB502-Black-1.png","datePublished":"2024-05-21T15:32:29+00:00","dateModified":"2024-05-21T16:01:38+00:00","breadcrumb":{"@id":"https:\/\/audibax.com\/es\/producto\/kb502-black\/#breadcrumb"},"inLanguage":"es","potentialAction":[{"@type":"ReadAction","target":["https:\/\/audibax.com\/es\/producto\/kb502-black\/"]}]},{"@type":"ImageObject","inLanguage":"es","@id":"https:\/\/audibax.com\/es\/producto\/kb502-black\/#primaryimage","url":"https:\/\/audibax.com\/wp-content\/uploads\/2024\/05\/KB502-Black-1.png","contentUrl":"https:\/\/audibax.com\/wp-content\/uploads\/2024\/05\/KB502-Black-1.png","width":2000,"height":2000},{"@type":"BreadcrumbList","@id":"https:\/\/audibax.com\/es\/producto\/kb502-black\/#breadcrumb","itemListElement":[{"@type":"ListItem","position":1,"name":"Portada","item":"https:\/\/audibax.com\/es\/"},{"@type":"ListItem","position":2,"name":"Productos","item":"https:\/\/audibax.com\/es\/shop\/"},{"@type":"ListItem","position":3,"name":"KB502 BLACK"}]},{"@type":"WebSite","@id":"https:\/\/audibax.com\/es\/#website","url":"https:\/\/audibax.com\/es\/","name":"Audibax","description":"","publisher":{"@id":"https:\/\/audibax.com\/es\/#organization"},"potentialAction":[{"@type":"SearchAction","target":{"@type":"EntryPoint","urlTemplate":"https:\/\/audibax.com\/es\/?s={search_term_string}"},"query-input":{"@type":"PropertyValueSpecification","valueRequired":true,"valueName":"search_term_string"}}],"inLanguage":"es"},{"@type":"Organization","@id":"https:\/\/audibax.com\/es\/#organization","name":"Audibax","url":"https:\/\/audibax.com\/es\/","logo":{"@type":"ImageObject","inLanguage":"es","@id":"https:\/\/audibax.com\/es\/#\/schema\/logo\/image\/","url":"https:\/\/audibax.com\/wp-content\/uploads\/2023\/09\/logo-Audibax-BLANCO-SVG-1.svg","contentUrl":"https:\/\/audibax.com\/wp-content\/uploads\/2023\/09\/logo-Audibax-BLANCO-SVG-1.svg","caption":"Audibax"},"image":{"@id":"https:\/\/audibax.com\/es\/#\/schema\/logo\/image\/"}}]}},"_links":{"self":[{"href":"https:\/\/audibax.com\/es\/wp-json\/wp\/v2\/product\/42538","targetHints":{"allow":["GET"]}}],"collection":[{"href":"https:\/\/audibax.com\/es\/wp-json\/wp\/v2\/product"}],"about":[{"href":"https:\/\/audibax.com\/es\/wp-json\/wp\/v2\/types\/product"}],"replies":[{"embeddable":true,"href":"https:\/\/audibax.com\/es\/wp-json\/wp\/v2\/comments?post=42538"}],"wp:featuredmedia":[{"embeddable":true,"href":"https:\/\/audibax.com\/es\/wp-json\/wp\/v2\/media\/42519"}],"wp:attachment":[{"href":"https:\/\/audibax.com\/es\/wp-json\/wp\/v2\/media?parent=42538"}],"wp:term":[{"taxonomy":"product_cat","embeddable":true,"href":"https:\/\/audibax.com\/es\/wp-json\/wp\/v2\/product_cat?post=42538"},{"taxonomy":"product_tag","embeddable":true,"href":"https:\/\/audibax.com\/es\/wp-json\/wp\/v2\/product_tag?post=42538"}],"curies":[{"name":"wp","href":"https:\/\/api.w.org\/{rel}","templated":true}]}}