{"id":42438,"date":"2024-05-21T15:58:28","date_gmt":"2024-05-21T13:58:28","guid":{"rendered":"https:\/\/audibax.com\/?post_type=product&#038;p=42438"},"modified":"2024-05-21T16:08:07","modified_gmt":"2024-05-21T14:08:07","slug":"neo-mb-1","status":"publish","type":"product","link":"https:\/\/audibax.com\/es\/producto\/neo-mb-1\/","title":{"rendered":"Neo MB 1"},"content":{"rendered":"<p>Audibax Neo MB 1, es una bolsa para 8 micr\u00f3fonos, confeccionada con materiales duraderos y resistentes, nuestra bolsa proporciona una protecci\u00f3n \u00f3ptima contra los elementos y el desgaste diario. Su dise\u00f1o acolchado y personalizable garantiza que cada micr\u00f3fono est\u00e9 protegido de golpes y ara\u00f1azos durante el transporte, mientras que los separadores internos ajustables mantienen los micr\u00f3fonos organizados y seguros en su lugar.<\/p>\n<ul>\n<li>Bolsa para hasta 8 micr\u00f3fonos<\/li>\n<li>Espacio para micr\u00f3fonos de solapa y cables, etc.<\/li>\n<li>Cremallera en el frontal<\/li>\n<li>Correa acolchada para el hombro<\/li>\n<li>Dimensiones exteriores: 240 x 280 x 270mm (largo x ancho x alto)<\/li>\n<li>Color: Negro<\/li>\n<\/ul>\n<p class=\"ref2\">\n","protected":false},"excerpt":{"rendered":"<p>Audibax Neo MB 1, es una bolsa para 8 micr\u00f3fonos, confeccionada con materiales duraderos y resistentes, nuestra bolsa proporciona una protecci\u00f3n \u00f3ptima contra los elementos y el desgaste diario. Su dise\u00f1o acolchado y personalizable garantiza que cada micr\u00f3fono est\u00e9 protegido de golpes y ara\u00f1azos durante el transporte, mientras que los separadores internos ajustables mantienen los micr\u00f3fonos organizados y seguros en su lugar.<\/p>\n<ul>\n<li>Bolsa para hasta 8 micr\u00f3fonos<\/li>\n<li>Espacio para micr\u00f3fonos de solapa y cables, etc.<\/li>\n<li>Cremallera en el frontal<\/li>\n<li>Correa acolchada para el hombro<\/li>\n<li>Dimensiones exteriores: 240 x 280 x 270mm (largo x ancho x alto)<\/li>\n<li>Color: Negro<\/li>\n<\/ul>\n<p class=\"ref2\">\n","protected":false},"featured_media":42419,"comment_status":"open","ping_status":"closed","template":"","meta":{"_acf_changed":false},"product_cat":[328],"product_tag":[],"class_list":{"0":"post-42438","1":"product","2":"type-product","3":"status-publish","4":"has-post-thumbnail","6":"product_cat-fundas","8":"first","9":"instock","10":"shipping-taxable","11":"product-type-simple"},"acf":[],"yoast_head":"<!-- This site is optimized with the Yoast SEO plugin v27.0 - https:\/\/yoast.com\/product\/yoast-seo-wordpress\/ -->\n<title>Neo MB 1 - Audibax<\/title>\n<meta name=\"robots\" content=\"index, follow, max-snippet:-1, max-image-preview:large, max-video-preview:-1\" \/>\n<link rel=\"canonical\" href=\"https:\/\/audibax.com\/es\/producto\/neo-mb-1\/\" \/>\n<meta property=\"og:locale\" content=\"es_ES\" \/>\n<meta property=\"og:type\" content=\"article\" \/>\n<meta property=\"og:title\" content=\"Neo MB 1 - Audibax\" \/>\n<meta property=\"og:description\" content=\"Audibax Neo MB 1, es una bolsa para 8 micr\u00f3fonos, confeccionada con materiales duraderos y resistentes, nuestra bolsa proporciona una protecci\u00f3n \u00f3ptima contra los elementos y el desgaste diario. Su dise\u00f1o acolchado y personalizable garantiza que cada micr\u00f3fono est\u00e9 protegido de golpes y ara\u00f1azos durante el transporte, mientras que los separadores internos ajustables mantienen los micr\u00f3fonos organizados y seguros en su lugar.   Bolsa para hasta 8 micr\u00f3fonos  Espacio para micr\u00f3fonos de solapa y cables, etc.  Cremallera en el frontal  Correa acolchada para el hombro  Dimensiones exteriores: 240 x 280 x 270mm (largo x ancho x alto)  Color: Negro\" \/>\n<meta property=\"og:url\" content=\"https:\/\/audibax.com\/es\/producto\/neo-mb-1\/\" \/>\n<meta property=\"og:site_name\" content=\"Audibax\" \/>\n<meta property=\"article:modified_time\" content=\"2024-05-21T14:08:07+00:00\" \/>\n<meta property=\"og:image\" content=\"https:\/\/audibax.com\/wp-content\/uploads\/2024\/05\/NEO-MB1-1-1024x1024.png\" \/>\n\t<meta property=\"og:image:width\" content=\"1024\" \/>\n\t<meta property=\"og:image:height\" content=\"1024\" \/>\n\t<meta property=\"og:image:type\" content=\"image\/png\" \/>\n<meta name=\"twitter:card\" content=\"summary_large_image\" \/>\n<meta name=\"twitter:label1\" content=\"Tiempo de lectura\" \/>\n\t<meta name=\"twitter:data1\" content=\"1 minuto\" \/>\n<script type=\"application\/ld+json\" class=\"yoast-schema-graph\">{\"@context\":\"https:\/\/schema.org\",\"@graph\":[{\"@type\":\"WebPage\",\"@id\":\"https:\/\/audibax.com\/es\/producto\/neo-mb-1\/\",\"url\":\"https:\/\/audibax.com\/es\/producto\/neo-mb-1\/\",\"name\":\"Neo MB 1 - Audibax\",\"isPartOf\":{\"@id\":\"https:\/\/audibax.com\/es\/#website\"},\"primaryImageOfPage\":{\"@id\":\"https:\/\/audibax.com\/es\/producto\/neo-mb-1\/#primaryimage\"},\"image\":{\"@id\":\"https:\/\/audibax.com\/es\/producto\/neo-mb-1\/#primaryimage\"},\"thumbnailUrl\":\"https:\/\/audibax.com\/wp-content\/uploads\/2024\/05\/NEO-MB1-1.png\",\"datePublished\":\"2024-05-21T13:58:28+00:00\",\"dateModified\":\"2024-05-21T14:08:07+00:00\",\"breadcrumb\":{\"@id\":\"https:\/\/audibax.com\/es\/producto\/neo-mb-1\/#breadcrumb\"},\"inLanguage\":\"es\",\"potentialAction\":[{\"@type\":\"ReadAction\",\"target\":[\"https:\/\/audibax.com\/es\/producto\/neo-mb-1\/\"]}]},{\"@type\":\"ImageObject\",\"inLanguage\":\"es\",\"@id\":\"https:\/\/audibax.com\/es\/producto\/neo-mb-1\/#primaryimage\",\"url\":\"https:\/\/audibax.com\/wp-content\/uploads\/2024\/05\/NEO-MB1-1.png\",\"contentUrl\":\"https:\/\/audibax.com\/wp-content\/uploads\/2024\/05\/NEO-MB1-1.png\",\"width\":2000,\"height\":2000},{\"@type\":\"BreadcrumbList\",\"@id\":\"https:\/\/audibax.com\/es\/producto\/neo-mb-1\/#breadcrumb\",\"itemListElement\":[{\"@type\":\"ListItem\",\"position\":1,\"name\":\"Portada\",\"item\":\"https:\/\/audibax.com\/es\/\"},{\"@type\":\"ListItem\",\"position\":2,\"name\":\"Productos\",\"item\":\"https:\/\/audibax.com\/es\/shop\/\"},{\"@type\":\"ListItem\",\"position\":3,\"name\":\"Neo MB 1\"}]},{\"@type\":\"WebSite\",\"@id\":\"https:\/\/audibax.com\/es\/#website\",\"url\":\"https:\/\/audibax.com\/es\/\",\"name\":\"Audibax\",\"description\":\"\",\"publisher\":{\"@id\":\"https:\/\/audibax.com\/es\/#organization\"},\"potentialAction\":[{\"@type\":\"SearchAction\",\"target\":{\"@type\":\"EntryPoint\",\"urlTemplate\":\"https:\/\/audibax.com\/es\/?s={search_term_string}\"},\"query-input\":{\"@type\":\"PropertyValueSpecification\",\"valueRequired\":true,\"valueName\":\"search_term_string\"}}],\"inLanguage\":\"es\"},{\"@type\":\"Organization\",\"@id\":\"https:\/\/audibax.com\/es\/#organization\",\"name\":\"Audibax\",\"url\":\"https:\/\/audibax.com\/es\/\",\"logo\":{\"@type\":\"ImageObject\",\"inLanguage\":\"es\",\"@id\":\"https:\/\/audibax.com\/es\/#\/schema\/logo\/image\/\",\"url\":\"https:\/\/audibax.com\/wp-content\/uploads\/2023\/09\/logo-Audibax-BLANCO-SVG-1.svg\",\"contentUrl\":\"https:\/\/audibax.com\/wp-content\/uploads\/2023\/09\/logo-Audibax-BLANCO-SVG-1.svg\",\"caption\":\"Audibax\"},\"image\":{\"@id\":\"https:\/\/audibax.com\/es\/#\/schema\/logo\/image\/\"}}]}<\/script>\n<!-- \/ Yoast SEO plugin. -->","yoast_head_json":{"title":"Neo MB 1 - Audibax","robots":{"index":"index","follow":"follow","max-snippet":"max-snippet:-1","max-image-preview":"max-image-preview:large","max-video-preview":"max-video-preview:-1"},"canonical":"https:\/\/audibax.com\/es\/producto\/neo-mb-1\/","og_locale":"es_ES","og_type":"article","og_title":"Neo MB 1 - Audibax","og_description":"Audibax Neo MB 1, es una bolsa para 8 micr\u00f3fonos, confeccionada con materiales duraderos y resistentes, nuestra bolsa proporciona una protecci\u00f3n \u00f3ptima contra los elementos y el desgaste diario. Su dise\u00f1o acolchado y personalizable garantiza que cada micr\u00f3fono est\u00e9 protegido de golpes y ara\u00f1azos durante el transporte, mientras que los separadores internos ajustables mantienen los micr\u00f3fonos organizados y seguros en su lugar.   Bolsa para hasta 8 micr\u00f3fonos  Espacio para micr\u00f3fonos de solapa y cables, etc.  Cremallera en el frontal  Correa acolchada para el hombro  Dimensiones exteriores: 240 x 280 x 270mm (largo x ancho x alto)  Color: Negro","og_url":"https:\/\/audibax.com\/es\/producto\/neo-mb-1\/","og_site_name":"Audibax","article_modified_time":"2024-05-21T14:08:07+00:00","og_image":[{"width":1024,"height":1024,"url":"https:\/\/audibax.com\/wp-content\/uploads\/2024\/05\/NEO-MB1-1-1024x1024.png","type":"image\/png"}],"twitter_card":"summary_large_image","twitter_misc":{"Tiempo de lectura":"1 minuto"},"schema":{"@context":"https:\/\/schema.org","@graph":[{"@type":"WebPage","@id":"https:\/\/audibax.com\/es\/producto\/neo-mb-1\/","url":"https:\/\/audibax.com\/es\/producto\/neo-mb-1\/","name":"Neo MB 1 - Audibax","isPartOf":{"@id":"https:\/\/audibax.com\/es\/#website"},"primaryImageOfPage":{"@id":"https:\/\/audibax.com\/es\/producto\/neo-mb-1\/#primaryimage"},"image":{"@id":"https:\/\/audibax.com\/es\/producto\/neo-mb-1\/#primaryimage"},"thumbnailUrl":"https:\/\/audibax.com\/wp-content\/uploads\/2024\/05\/NEO-MB1-1.png","datePublished":"2024-05-21T13:58:28+00:00","dateModified":"2024-05-21T14:08:07+00:00","breadcrumb":{"@id":"https:\/\/audibax.com\/es\/producto\/neo-mb-1\/#breadcrumb"},"inLanguage":"es","potentialAction":[{"@type":"ReadAction","target":["https:\/\/audibax.com\/es\/producto\/neo-mb-1\/"]}]},{"@type":"ImageObject","inLanguage":"es","@id":"https:\/\/audibax.com\/es\/producto\/neo-mb-1\/#primaryimage","url":"https:\/\/audibax.com\/wp-content\/uploads\/2024\/05\/NEO-MB1-1.png","contentUrl":"https:\/\/audibax.com\/wp-content\/uploads\/2024\/05\/NEO-MB1-1.png","width":2000,"height":2000},{"@type":"BreadcrumbList","@id":"https:\/\/audibax.com\/es\/producto\/neo-mb-1\/#breadcrumb","itemListElement":[{"@type":"ListItem","position":1,"name":"Portada","item":"https:\/\/audibax.com\/es\/"},{"@type":"ListItem","position":2,"name":"Productos","item":"https:\/\/audibax.com\/es\/shop\/"},{"@type":"ListItem","position":3,"name":"Neo MB 1"}]},{"@type":"WebSite","@id":"https:\/\/audibax.com\/es\/#website","url":"https:\/\/audibax.com\/es\/","name":"Audibax","description":"","publisher":{"@id":"https:\/\/audibax.com\/es\/#organization"},"potentialAction":[{"@type":"SearchAction","target":{"@type":"EntryPoint","urlTemplate":"https:\/\/audibax.com\/es\/?s={search_term_string}"},"query-input":{"@type":"PropertyValueSpecification","valueRequired":true,"valueName":"search_term_string"}}],"inLanguage":"es"},{"@type":"Organization","@id":"https:\/\/audibax.com\/es\/#organization","name":"Audibax","url":"https:\/\/audibax.com\/es\/","logo":{"@type":"ImageObject","inLanguage":"es","@id":"https:\/\/audibax.com\/es\/#\/schema\/logo\/image\/","url":"https:\/\/audibax.com\/wp-content\/uploads\/2023\/09\/logo-Audibax-BLANCO-SVG-1.svg","contentUrl":"https:\/\/audibax.com\/wp-content\/uploads\/2023\/09\/logo-Audibax-BLANCO-SVG-1.svg","caption":"Audibax"},"image":{"@id":"https:\/\/audibax.com\/es\/#\/schema\/logo\/image\/"}}]}},"_links":{"self":[{"href":"https:\/\/audibax.com\/es\/wp-json\/wp\/v2\/product\/42438","targetHints":{"allow":["GET"]}}],"collection":[{"href":"https:\/\/audibax.com\/es\/wp-json\/wp\/v2\/product"}],"about":[{"href":"https:\/\/audibax.com\/es\/wp-json\/wp\/v2\/types\/product"}],"replies":[{"embeddable":true,"href":"https:\/\/audibax.com\/es\/wp-json\/wp\/v2\/comments?post=42438"}],"wp:featuredmedia":[{"embeddable":true,"href":"https:\/\/audibax.com\/es\/wp-json\/wp\/v2\/media\/42419"}],"wp:attachment":[{"href":"https:\/\/audibax.com\/es\/wp-json\/wp\/v2\/media?parent=42438"}],"wp:term":[{"taxonomy":"product_cat","embeddable":true,"href":"https:\/\/audibax.com\/es\/wp-json\/wp\/v2\/product_cat?post=42438"},{"taxonomy":"product_tag","embeddable":true,"href":"https:\/\/audibax.com\/es\/wp-json\/wp\/v2\/product_tag?post=42438"}],"curies":[{"name":"wp","href":"https:\/\/api.w.org\/{rel}","templated":true}]}}