{"id":41486,"date":"2024-01-24T14:16:09","date_gmt":"2024-01-24T13:16:09","guid":{"rendered":"https:\/\/audibax.com\/product\/r1-poe-psu-black\/"},"modified":"2024-01-24T17:23:03","modified_gmt":"2024-01-24T16:23:03","slug":"r1-poe-psu-black","status":"publish","type":"product","link":"https:\/\/audibax.com\/es\/producto\/r1-poe-psu-black\/","title":{"rendered":"R1 PoE PSU Black"},"content":{"rendered":"<p>Este PoE Splitter permite alimentar y conectar una c\u00e1mara IP a un cable Ethernet que disponga de alimentaci\u00f3n Power over Ethernet (PoE). \u00datil en los casos en los que se precise alimentar mediante PoE una c\u00e1mara IP que no disponga de esta funci\u00f3n, simplificando la instalaci\u00f3n y reduciendo los costes.<\/p>\n<p>El cable Ethernet con alimentaci\u00f3n PoE se conecta al dispositivo mediante RJ45. Dispone dos salidas: por un lado la transmisi\u00f3n de datos (conector RJ45) y por otro alimentaci\u00f3n (conector jack) con una tensi\u00f3n de salida DC 12 V.<\/p>\n<p>Acepta alimentaci\u00f3n PoE (IEEE 802.3af) y PoE+ (IEEE 802.3at), hasta un m\u00e1ximo de 25 W.<\/p>\n<p><strong>Caracter\u00edsticas<\/strong><\/p>\n<ul>\n<li>PoE Splitter<\/li>\n<li>Para c\u00e1maras IP no PoE<\/li>\n<li>Entrada RJ45 (PoE)<\/li>\n<li>Salida RJ45 y jack<\/li>\n<li>Max. Potencia 25 W \/ DC 12 V<\/li>\n<li>PoE IEEE802.3af \/ PoE IEEE802.3at<\/li>\n<\/ul>\n","protected":false},"excerpt":{"rendered":"<ul>\n<li>PoE Splitter<\/li>\n<li>Para c\u00e1maras IP no PoE<\/li>\n<li>Entrada RJ45 (PoE)<\/li>\n<li>Salida RJ45 y jack<\/li>\n<li>Max. Potencia 25 W \/ DC 12 V<\/li>\n<li>PoE IEEE802.3af \/ PoE IEEE802.3at<\/li>\n<\/ul>\n","protected":false},"featured_media":41469,"comment_status":"open","ping_status":"closed","template":"","meta":{"_acf_changed":false},"product_cat":[724,723,394],"product_tag":[],"class_list":{"0":"post-41486","1":"product","2":"type-product","3":"status-publish","4":"has-post-thumbnail","6":"product_cat-convertidor-dante","7":"product_cat-matrices-procesadores-digitales","8":"product_cat-sonido-pa","10":"first","11":"instock","12":"shipping-taxable","13":"product-type-simple"},"acf":[],"yoast_head":"<!-- This site is optimized with the Yoast SEO plugin v27.0 - https:\/\/yoast.com\/product\/yoast-seo-wordpress\/ -->\n<title>R1 PoE PSU Black - Audibax<\/title>\n<meta name=\"robots\" content=\"index, follow, max-snippet:-1, max-image-preview:large, max-video-preview:-1\" \/>\n<link rel=\"canonical\" href=\"https:\/\/audibax.com\/es\/producto\/r1-poe-psu-black\/\" \/>\n<meta property=\"og:locale\" content=\"es_ES\" \/>\n<meta property=\"og:type\" content=\"article\" \/>\n<meta property=\"og:title\" content=\"R1 PoE PSU Black - Audibax\" \/>\n<meta property=\"og:description\" content=\"PoE Splitter  Para c\u00e1maras IP no PoE  Entrada RJ45 (PoE)  Salida RJ45 y jack  Max. Potencia 25 W \/ DC 12 V  PoE IEEE802.3af \/ PoE IEEE802.3at\" \/>\n<meta property=\"og:url\" content=\"https:\/\/audibax.com\/es\/producto\/r1-poe-psu-black\/\" \/>\n<meta property=\"og:site_name\" content=\"Audibax\" \/>\n<meta property=\"article:modified_time\" content=\"2024-01-24T16:23:03+00:00\" \/>\n<meta property=\"og:image\" content=\"https:\/\/audibax.com\/wp-content\/uploads\/2024\/01\/R1-PoE-PSU-1-new-jpg.webp\" \/>\n\t<meta property=\"og:image:width\" content=\"1500\" \/>\n\t<meta property=\"og:image:height\" content=\"931\" \/>\n\t<meta property=\"og:image:type\" content=\"image\/jpeg\" \/>\n<meta name=\"twitter:card\" content=\"summary_large_image\" \/>\n<meta name=\"twitter:label1\" content=\"Tiempo de lectura\" \/>\n\t<meta name=\"twitter:data1\" content=\"1 minuto\" \/>\n<script type=\"application\/ld+json\" class=\"yoast-schema-graph\">{\"@context\":\"https:\/\/schema.org\",\"@graph\":[{\"@type\":\"WebPage\",\"@id\":\"https:\/\/audibax.com\/es\/producto\/r1-poe-psu-black\/\",\"url\":\"https:\/\/audibax.com\/es\/producto\/r1-poe-psu-black\/\",\"name\":\"R1 PoE PSU Black - Audibax\",\"isPartOf\":{\"@id\":\"https:\/\/audibax.com\/es\/#website\"},\"primaryImageOfPage\":{\"@id\":\"https:\/\/audibax.com\/es\/producto\/r1-poe-psu-black\/#primaryimage\"},\"image\":{\"@id\":\"https:\/\/audibax.com\/es\/producto\/r1-poe-psu-black\/#primaryimage\"},\"thumbnailUrl\":\"https:\/\/audibax.com\/wp-content\/uploads\/2024\/01\/R1-PoE-PSU-1-new-jpg.webp\",\"datePublished\":\"2024-01-24T13:16:09+00:00\",\"dateModified\":\"2024-01-24T16:23:03+00:00\",\"breadcrumb\":{\"@id\":\"https:\/\/audibax.com\/es\/producto\/r1-poe-psu-black\/#breadcrumb\"},\"inLanguage\":\"es\",\"potentialAction\":[{\"@type\":\"ReadAction\",\"target\":[\"https:\/\/audibax.com\/es\/producto\/r1-poe-psu-black\/\"]}]},{\"@type\":\"ImageObject\",\"inLanguage\":\"es\",\"@id\":\"https:\/\/audibax.com\/es\/producto\/r1-poe-psu-black\/#primaryimage\",\"url\":\"https:\/\/audibax.com\/wp-content\/uploads\/2024\/01\/R1-PoE-PSU-1-new-jpg.webp\",\"contentUrl\":\"https:\/\/audibax.com\/wp-content\/uploads\/2024\/01\/R1-PoE-PSU-1-new-jpg.webp\",\"width\":1500,\"height\":931},{\"@type\":\"BreadcrumbList\",\"@id\":\"https:\/\/audibax.com\/es\/producto\/r1-poe-psu-black\/#breadcrumb\",\"itemListElement\":[{\"@type\":\"ListItem\",\"position\":1,\"name\":\"Portada\",\"item\":\"https:\/\/audibax.com\/es\/\"},{\"@type\":\"ListItem\",\"position\":2,\"name\":\"Productos\",\"item\":\"https:\/\/audibax.com\/es\/shop\/\"},{\"@type\":\"ListItem\",\"position\":3,\"name\":\"R1 PoE PSU Black\"}]},{\"@type\":\"WebSite\",\"@id\":\"https:\/\/audibax.com\/es\/#website\",\"url\":\"https:\/\/audibax.com\/es\/\",\"name\":\"Audibax\",\"description\":\"\",\"publisher\":{\"@id\":\"https:\/\/audibax.com\/es\/#organization\"},\"potentialAction\":[{\"@type\":\"SearchAction\",\"target\":{\"@type\":\"EntryPoint\",\"urlTemplate\":\"https:\/\/audibax.com\/es\/?s={search_term_string}\"},\"query-input\":{\"@type\":\"PropertyValueSpecification\",\"valueRequired\":true,\"valueName\":\"search_term_string\"}}],\"inLanguage\":\"es\"},{\"@type\":\"Organization\",\"@id\":\"https:\/\/audibax.com\/es\/#organization\",\"name\":\"Audibax\",\"url\":\"https:\/\/audibax.com\/es\/\",\"logo\":{\"@type\":\"ImageObject\",\"inLanguage\":\"es\",\"@id\":\"https:\/\/audibax.com\/es\/#\/schema\/logo\/image\/\",\"url\":\"https:\/\/audibax.com\/wp-content\/uploads\/2023\/09\/logo-Audibax-BLANCO-SVG-1.svg\",\"contentUrl\":\"https:\/\/audibax.com\/wp-content\/uploads\/2023\/09\/logo-Audibax-BLANCO-SVG-1.svg\",\"caption\":\"Audibax\"},\"image\":{\"@id\":\"https:\/\/audibax.com\/es\/#\/schema\/logo\/image\/\"}}]}<\/script>\n<!-- \/ Yoast SEO plugin. -->","yoast_head_json":{"title":"R1 PoE PSU Black - Audibax","robots":{"index":"index","follow":"follow","max-snippet":"max-snippet:-1","max-image-preview":"max-image-preview:large","max-video-preview":"max-video-preview:-1"},"canonical":"https:\/\/audibax.com\/es\/producto\/r1-poe-psu-black\/","og_locale":"es_ES","og_type":"article","og_title":"R1 PoE PSU Black - Audibax","og_description":"PoE Splitter  Para c\u00e1maras IP no PoE  Entrada RJ45 (PoE)  Salida RJ45 y jack  Max. Potencia 25 W \/ DC 12 V  PoE IEEE802.3af \/ PoE IEEE802.3at","og_url":"https:\/\/audibax.com\/es\/producto\/r1-poe-psu-black\/","og_site_name":"Audibax","article_modified_time":"2024-01-24T16:23:03+00:00","og_image":[{"width":1500,"height":931,"url":"https:\/\/audibax.com\/wp-content\/uploads\/2024\/01\/R1-PoE-PSU-1-new-jpg.webp","type":"image\/jpeg"}],"twitter_card":"summary_large_image","twitter_misc":{"Tiempo de lectura":"1 minuto"},"schema":{"@context":"https:\/\/schema.org","@graph":[{"@type":"WebPage","@id":"https:\/\/audibax.com\/es\/producto\/r1-poe-psu-black\/","url":"https:\/\/audibax.com\/es\/producto\/r1-poe-psu-black\/","name":"R1 PoE PSU Black - Audibax","isPartOf":{"@id":"https:\/\/audibax.com\/es\/#website"},"primaryImageOfPage":{"@id":"https:\/\/audibax.com\/es\/producto\/r1-poe-psu-black\/#primaryimage"},"image":{"@id":"https:\/\/audibax.com\/es\/producto\/r1-poe-psu-black\/#primaryimage"},"thumbnailUrl":"https:\/\/audibax.com\/wp-content\/uploads\/2024\/01\/R1-PoE-PSU-1-new-jpg.webp","datePublished":"2024-01-24T13:16:09+00:00","dateModified":"2024-01-24T16:23:03+00:00","breadcrumb":{"@id":"https:\/\/audibax.com\/es\/producto\/r1-poe-psu-black\/#breadcrumb"},"inLanguage":"es","potentialAction":[{"@type":"ReadAction","target":["https:\/\/audibax.com\/es\/producto\/r1-poe-psu-black\/"]}]},{"@type":"ImageObject","inLanguage":"es","@id":"https:\/\/audibax.com\/es\/producto\/r1-poe-psu-black\/#primaryimage","url":"https:\/\/audibax.com\/wp-content\/uploads\/2024\/01\/R1-PoE-PSU-1-new-jpg.webp","contentUrl":"https:\/\/audibax.com\/wp-content\/uploads\/2024\/01\/R1-PoE-PSU-1-new-jpg.webp","width":1500,"height":931},{"@type":"BreadcrumbList","@id":"https:\/\/audibax.com\/es\/producto\/r1-poe-psu-black\/#breadcrumb","itemListElement":[{"@type":"ListItem","position":1,"name":"Portada","item":"https:\/\/audibax.com\/es\/"},{"@type":"ListItem","position":2,"name":"Productos","item":"https:\/\/audibax.com\/es\/shop\/"},{"@type":"ListItem","position":3,"name":"R1 PoE PSU Black"}]},{"@type":"WebSite","@id":"https:\/\/audibax.com\/es\/#website","url":"https:\/\/audibax.com\/es\/","name":"Audibax","description":"","publisher":{"@id":"https:\/\/audibax.com\/es\/#organization"},"potentialAction":[{"@type":"SearchAction","target":{"@type":"EntryPoint","urlTemplate":"https:\/\/audibax.com\/es\/?s={search_term_string}"},"query-input":{"@type":"PropertyValueSpecification","valueRequired":true,"valueName":"search_term_string"}}],"inLanguage":"es"},{"@type":"Organization","@id":"https:\/\/audibax.com\/es\/#organization","name":"Audibax","url":"https:\/\/audibax.com\/es\/","logo":{"@type":"ImageObject","inLanguage":"es","@id":"https:\/\/audibax.com\/es\/#\/schema\/logo\/image\/","url":"https:\/\/audibax.com\/wp-content\/uploads\/2023\/09\/logo-Audibax-BLANCO-SVG-1.svg","contentUrl":"https:\/\/audibax.com\/wp-content\/uploads\/2023\/09\/logo-Audibax-BLANCO-SVG-1.svg","caption":"Audibax"},"image":{"@id":"https:\/\/audibax.com\/es\/#\/schema\/logo\/image\/"}}]}},"_links":{"self":[{"href":"https:\/\/audibax.com\/es\/wp-json\/wp\/v2\/product\/41486","targetHints":{"allow":["GET"]}}],"collection":[{"href":"https:\/\/audibax.com\/es\/wp-json\/wp\/v2\/product"}],"about":[{"href":"https:\/\/audibax.com\/es\/wp-json\/wp\/v2\/types\/product"}],"replies":[{"embeddable":true,"href":"https:\/\/audibax.com\/es\/wp-json\/wp\/v2\/comments?post=41486"}],"wp:featuredmedia":[{"embeddable":true,"href":"https:\/\/audibax.com\/es\/wp-json\/wp\/v2\/media\/41469"}],"wp:attachment":[{"href":"https:\/\/audibax.com\/es\/wp-json\/wp\/v2\/media?parent=41486"}],"wp:term":[{"taxonomy":"product_cat","embeddable":true,"href":"https:\/\/audibax.com\/es\/wp-json\/wp\/v2\/product_cat?post=41486"},{"taxonomy":"product_tag","embeddable":true,"href":"https:\/\/audibax.com\/es\/wp-json\/wp\/v2\/product_tag?post=41486"}],"curies":[{"name":"wp","href":"https:\/\/api.w.org\/{rel}","templated":true}]}}