{"id":41251,"date":"2023-12-11T16:35:35","date_gmt":"2023-12-11T15:35:35","guid":{"rendered":"https:\/\/audibax.com\/product\/ffn-5-normal-fog-fluid-5l\/"},"modified":"2024-08-06T11:34:23","modified_gmt":"2024-08-06T09:34:23","slug":"ffn-5-normal-fog-fluid-5l","status":"publish","type":"product","link":"https:\/\/audibax.com\/es\/producto\/ffn-5-normal-fog-fluid-5l\/","title":{"rendered":"FFN-5 Normal Fog Fluid 5L"},"content":{"rendered":"<p><strong>AUDIBAX FFN-5 NORMAL FOG FLUID<\/strong><\/p>\n<p>Niebla de densidad normal 5L<\/p>\n<p>El fluido de niebla Audibax FFN-5 est\u00e1 especialmente formulado para su uso en m\u00e1quinas de niebla y humo. Gracias a su eficaz composici\u00f3n, proporciona efectos visuales impactantes de forma segura. Es ideal para una gran variedad de aplicaciones, como espect\u00e1culos, escenarios, televisi\u00f3n, discotecas y efectos especiales. Su f\u00f3rmula exclusiva garantiza total seguridad para todos los p\u00fablicos, ya que no contiene perfume, no es t\u00f3xico ni irritante y produce niebla blanca sin dejar residuos grasientos.<\/p>\n<ul>\n<li>L\u00edquido de niebla de densidad normal<\/li>\n<li>Garrafa de 5L<\/li>\n<li>Apto para todo tipo de m\u00e1quinas de humo y niebla<\/li>\n<li>F\u00f3rmula segura, inodora y sin residuos<\/li>\n<\/ul>\n","protected":false},"excerpt":{"rendered":"<ul>\n<li>L\u00edquido de niebla de densidad normal<\/li>\n<li>Garrafa de 5L<\/li>\n<li>Apto para todo tipo de m\u00e1quinas de humo y niebla<\/li>\n<li>F\u00f3rmula segura, inodora y sin residuos<\/li>\n<\/ul>\n","protected":false},"featured_media":42102,"comment_status":"open","ping_status":"closed","template":"","meta":{"_acf_changed":false},"product_cat":[616],"product_tag":[],"class_list":{"0":"post-41251","1":"product","2":"type-product","3":"status-publish","4":"has-post-thumbnail","6":"product_cat-liquidos","8":"first","9":"instock","10":"shipping-taxable","11":"product-type-simple"},"acf":[],"yoast_head":"<!-- This site is optimized with the Yoast SEO plugin v27.0 - https:\/\/yoast.com\/product\/yoast-seo-wordpress\/ -->\n<title>FFN-5 Normal Fog Fluid 5L - Audibax<\/title>\n<meta name=\"robots\" content=\"index, follow, max-snippet:-1, max-image-preview:large, max-video-preview:-1\" \/>\n<link rel=\"canonical\" href=\"https:\/\/audibax.com\/es\/producto\/ffn-5-normal-fog-fluid-5l\/\" \/>\n<meta property=\"og:locale\" content=\"es_ES\" \/>\n<meta property=\"og:type\" content=\"article\" \/>\n<meta property=\"og:title\" content=\"FFN-5 Normal Fog Fluid 5L - Audibax\" \/>\n<meta property=\"og:description\" content=\"L\u00edquido de niebla de densidad normal  Garrafa de 5L  Apto para todo tipo de m\u00e1quinas de humo y niebla  F\u00f3rmula segura, inodora y sin residuos\" \/>\n<meta property=\"og:url\" content=\"https:\/\/audibax.com\/es\/producto\/ffn-5-normal-fog-fluid-5l\/\" \/>\n<meta property=\"og:site_name\" content=\"Audibax\" \/>\n<meta property=\"article:modified_time\" content=\"2024-08-06T09:34:23+00:00\" \/>\n<meta property=\"og:image\" content=\"https:\/\/audibax.com\/wp-content\/uploads\/2023\/12\/Audibax-ffn-5-normal-fog-fluid-liquido-niebla-1.png\" \/>\n\t<meta property=\"og:image:width\" content=\"1500\" \/>\n\t<meta property=\"og:image:height\" content=\"1060\" \/>\n\t<meta property=\"og:image:type\" content=\"image\/png\" \/>\n<meta name=\"twitter:card\" content=\"summary_large_image\" \/>\n<meta name=\"twitter:label1\" content=\"Tiempo de lectura\" \/>\n\t<meta name=\"twitter:data1\" content=\"1 minuto\" \/>\n<script type=\"application\/ld+json\" class=\"yoast-schema-graph\">{\"@context\":\"https:\/\/schema.org\",\"@graph\":[{\"@type\":\"WebPage\",\"@id\":\"https:\/\/audibax.com\/es\/producto\/ffn-5-normal-fog-fluid-5l\/\",\"url\":\"https:\/\/audibax.com\/es\/producto\/ffn-5-normal-fog-fluid-5l\/\",\"name\":\"FFN-5 Normal Fog Fluid 5L - Audibax\",\"isPartOf\":{\"@id\":\"https:\/\/audibax.com\/es\/#website\"},\"primaryImageOfPage\":{\"@id\":\"https:\/\/audibax.com\/es\/producto\/ffn-5-normal-fog-fluid-5l\/#primaryimage\"},\"image\":{\"@id\":\"https:\/\/audibax.com\/es\/producto\/ffn-5-normal-fog-fluid-5l\/#primaryimage\"},\"thumbnailUrl\":\"https:\/\/audibax.com\/wp-content\/uploads\/2023\/12\/Audibax-ffn-5-normal-fog-fluid-liquido-niebla-1.png\",\"datePublished\":\"2023-12-11T15:35:35+00:00\",\"dateModified\":\"2024-08-06T09:34:23+00:00\",\"breadcrumb\":{\"@id\":\"https:\/\/audibax.com\/es\/producto\/ffn-5-normal-fog-fluid-5l\/#breadcrumb\"},\"inLanguage\":\"es\",\"potentialAction\":[{\"@type\":\"ReadAction\",\"target\":[\"https:\/\/audibax.com\/es\/producto\/ffn-5-normal-fog-fluid-5l\/\"]}]},{\"@type\":\"ImageObject\",\"inLanguage\":\"es\",\"@id\":\"https:\/\/audibax.com\/es\/producto\/ffn-5-normal-fog-fluid-5l\/#primaryimage\",\"url\":\"https:\/\/audibax.com\/wp-content\/uploads\/2023\/12\/Audibax-ffn-5-normal-fog-fluid-liquido-niebla-1.png\",\"contentUrl\":\"https:\/\/audibax.com\/wp-content\/uploads\/2023\/12\/Audibax-ffn-5-normal-fog-fluid-liquido-niebla-1.png\",\"width\":1500,\"height\":1060},{\"@type\":\"BreadcrumbList\",\"@id\":\"https:\/\/audibax.com\/es\/producto\/ffn-5-normal-fog-fluid-5l\/#breadcrumb\",\"itemListElement\":[{\"@type\":\"ListItem\",\"position\":1,\"name\":\"Portada\",\"item\":\"https:\/\/audibax.com\/es\/\"},{\"@type\":\"ListItem\",\"position\":2,\"name\":\"Productos\",\"item\":\"https:\/\/audibax.com\/es\/shop\/\"},{\"@type\":\"ListItem\",\"position\":3,\"name\":\"FFN-5 Normal Fog Fluid 5L\"}]},{\"@type\":\"WebSite\",\"@id\":\"https:\/\/audibax.com\/es\/#website\",\"url\":\"https:\/\/audibax.com\/es\/\",\"name\":\"Audibax\",\"description\":\"\",\"publisher\":{\"@id\":\"https:\/\/audibax.com\/es\/#organization\"},\"potentialAction\":[{\"@type\":\"SearchAction\",\"target\":{\"@type\":\"EntryPoint\",\"urlTemplate\":\"https:\/\/audibax.com\/es\/?s={search_term_string}\"},\"query-input\":{\"@type\":\"PropertyValueSpecification\",\"valueRequired\":true,\"valueName\":\"search_term_string\"}}],\"inLanguage\":\"es\"},{\"@type\":\"Organization\",\"@id\":\"https:\/\/audibax.com\/es\/#organization\",\"name\":\"Audibax\",\"url\":\"https:\/\/audibax.com\/es\/\",\"logo\":{\"@type\":\"ImageObject\",\"inLanguage\":\"es\",\"@id\":\"https:\/\/audibax.com\/es\/#\/schema\/logo\/image\/\",\"url\":\"https:\/\/audibax.com\/wp-content\/uploads\/2023\/09\/logo-Audibax-BLANCO-SVG-1.svg\",\"contentUrl\":\"https:\/\/audibax.com\/wp-content\/uploads\/2023\/09\/logo-Audibax-BLANCO-SVG-1.svg\",\"caption\":\"Audibax\"},\"image\":{\"@id\":\"https:\/\/audibax.com\/es\/#\/schema\/logo\/image\/\"}}]}<\/script>\n<!-- \/ Yoast SEO plugin. -->","yoast_head_json":{"title":"FFN-5 Normal Fog Fluid 5L - Audibax","robots":{"index":"index","follow":"follow","max-snippet":"max-snippet:-1","max-image-preview":"max-image-preview:large","max-video-preview":"max-video-preview:-1"},"canonical":"https:\/\/audibax.com\/es\/producto\/ffn-5-normal-fog-fluid-5l\/","og_locale":"es_ES","og_type":"article","og_title":"FFN-5 Normal Fog Fluid 5L - Audibax","og_description":"L\u00edquido de niebla de densidad normal  Garrafa de 5L  Apto para todo tipo de m\u00e1quinas de humo y niebla  F\u00f3rmula segura, inodora y sin residuos","og_url":"https:\/\/audibax.com\/es\/producto\/ffn-5-normal-fog-fluid-5l\/","og_site_name":"Audibax","article_modified_time":"2024-08-06T09:34:23+00:00","og_image":[{"width":1500,"height":1060,"url":"https:\/\/audibax.com\/wp-content\/uploads\/2023\/12\/Audibax-ffn-5-normal-fog-fluid-liquido-niebla-1.png","type":"image\/png"}],"twitter_card":"summary_large_image","twitter_misc":{"Tiempo de lectura":"1 minuto"},"schema":{"@context":"https:\/\/schema.org","@graph":[{"@type":"WebPage","@id":"https:\/\/audibax.com\/es\/producto\/ffn-5-normal-fog-fluid-5l\/","url":"https:\/\/audibax.com\/es\/producto\/ffn-5-normal-fog-fluid-5l\/","name":"FFN-5 Normal Fog Fluid 5L - Audibax","isPartOf":{"@id":"https:\/\/audibax.com\/es\/#website"},"primaryImageOfPage":{"@id":"https:\/\/audibax.com\/es\/producto\/ffn-5-normal-fog-fluid-5l\/#primaryimage"},"image":{"@id":"https:\/\/audibax.com\/es\/producto\/ffn-5-normal-fog-fluid-5l\/#primaryimage"},"thumbnailUrl":"https:\/\/audibax.com\/wp-content\/uploads\/2023\/12\/Audibax-ffn-5-normal-fog-fluid-liquido-niebla-1.png","datePublished":"2023-12-11T15:35:35+00:00","dateModified":"2024-08-06T09:34:23+00:00","breadcrumb":{"@id":"https:\/\/audibax.com\/es\/producto\/ffn-5-normal-fog-fluid-5l\/#breadcrumb"},"inLanguage":"es","potentialAction":[{"@type":"ReadAction","target":["https:\/\/audibax.com\/es\/producto\/ffn-5-normal-fog-fluid-5l\/"]}]},{"@type":"ImageObject","inLanguage":"es","@id":"https:\/\/audibax.com\/es\/producto\/ffn-5-normal-fog-fluid-5l\/#primaryimage","url":"https:\/\/audibax.com\/wp-content\/uploads\/2023\/12\/Audibax-ffn-5-normal-fog-fluid-liquido-niebla-1.png","contentUrl":"https:\/\/audibax.com\/wp-content\/uploads\/2023\/12\/Audibax-ffn-5-normal-fog-fluid-liquido-niebla-1.png","width":1500,"height":1060},{"@type":"BreadcrumbList","@id":"https:\/\/audibax.com\/es\/producto\/ffn-5-normal-fog-fluid-5l\/#breadcrumb","itemListElement":[{"@type":"ListItem","position":1,"name":"Portada","item":"https:\/\/audibax.com\/es\/"},{"@type":"ListItem","position":2,"name":"Productos","item":"https:\/\/audibax.com\/es\/shop\/"},{"@type":"ListItem","position":3,"name":"FFN-5 Normal Fog Fluid 5L"}]},{"@type":"WebSite","@id":"https:\/\/audibax.com\/es\/#website","url":"https:\/\/audibax.com\/es\/","name":"Audibax","description":"","publisher":{"@id":"https:\/\/audibax.com\/es\/#organization"},"potentialAction":[{"@type":"SearchAction","target":{"@type":"EntryPoint","urlTemplate":"https:\/\/audibax.com\/es\/?s={search_term_string}"},"query-input":{"@type":"PropertyValueSpecification","valueRequired":true,"valueName":"search_term_string"}}],"inLanguage":"es"},{"@type":"Organization","@id":"https:\/\/audibax.com\/es\/#organization","name":"Audibax","url":"https:\/\/audibax.com\/es\/","logo":{"@type":"ImageObject","inLanguage":"es","@id":"https:\/\/audibax.com\/es\/#\/schema\/logo\/image\/","url":"https:\/\/audibax.com\/wp-content\/uploads\/2023\/09\/logo-Audibax-BLANCO-SVG-1.svg","contentUrl":"https:\/\/audibax.com\/wp-content\/uploads\/2023\/09\/logo-Audibax-BLANCO-SVG-1.svg","caption":"Audibax"},"image":{"@id":"https:\/\/audibax.com\/es\/#\/schema\/logo\/image\/"}}]}},"_links":{"self":[{"href":"https:\/\/audibax.com\/es\/wp-json\/wp\/v2\/product\/41251","targetHints":{"allow":["GET"]}}],"collection":[{"href":"https:\/\/audibax.com\/es\/wp-json\/wp\/v2\/product"}],"about":[{"href":"https:\/\/audibax.com\/es\/wp-json\/wp\/v2\/types\/product"}],"replies":[{"embeddable":true,"href":"https:\/\/audibax.com\/es\/wp-json\/wp\/v2\/comments?post=41251"}],"wp:featuredmedia":[{"embeddable":true,"href":"https:\/\/audibax.com\/es\/wp-json\/wp\/v2\/media\/42102"}],"wp:attachment":[{"href":"https:\/\/audibax.com\/es\/wp-json\/wp\/v2\/media?parent=41251"}],"wp:term":[{"taxonomy":"product_cat","embeddable":true,"href":"https:\/\/audibax.com\/es\/wp-json\/wp\/v2\/product_cat?post=41251"},{"taxonomy":"product_tag","embeddable":true,"href":"https:\/\/audibax.com\/es\/wp-json\/wp\/v2\/product_tag?post=41251"}],"curies":[{"name":"wp","href":"https:\/\/api.w.org\/{rel}","templated":true}]}}