{"id":41250,"date":"2023-12-11T16:35:32","date_gmt":"2023-12-11T15:35:32","guid":{"rendered":"https:\/\/audibax.com\/product\/ffh-5-heavy-fog-fluid-5l\/"},"modified":"2024-08-06T11:37:26","modified_gmt":"2024-08-06T09:37:26","slug":"ffh-5-heavy-fog-fluid-5l","status":"publish","type":"product","link":"https:\/\/audibax.com\/es\/producto\/ffh-5-heavy-fog-fluid-5l\/","title":{"rendered":"FFH-5 Heavy Fog Fluid 5L"},"content":{"rendered":"<p><strong>AUDIBAX FFH-5 HEAVY FOG FLUID<\/strong><\/p>\n<p>Niebla de alta densidad 5L<\/p>\n<p>El fluido de niebla Audibax FFH-5 ha sido meticulosamente dise\u00f1ado para su uso en m\u00e1quinas de niebla\/humo, garantizando efectos especiales visualmente impresionantes y completamente seguros. Su f\u00f3rmula altamente eficaz garantiza la creaci\u00f3n de efectos impresionantes. Este l\u00edquido es perfecto para una gran variedad de ocasiones, ya sea para espect\u00e1culos, escenarios, producciones televisivas, ambientes de discoteca o efectos especiales. La f\u00f3rmula especial cuidadosamente desarrollada es segura y adecuada para todos los p\u00fablicos, ya que no contiene perfume, no es t\u00f3xica ni irritante, y genera una densa niebla blanca sin dejar residuos grasientos.<\/p>\n<p>&nbsp;<\/p>\n<ul>\n<li>L\u00edquido de niebla de alta densidad<\/li>\n<li>Garrafa de 5L<\/li>\n<li>Apto para todo tipo de m\u00e1quinas de humo y niebla<\/li>\n<li>F\u00f3rmula segura, inodora y sin residuos<\/li>\n<\/ul>\n","protected":false},"excerpt":{"rendered":"<ul>\n<li>L\u00edquido de niebla de alta densidad<\/li>\n<li>Garrafa de 5L<\/li>\n<li>Apto para todo tipo de m\u00e1quinas de humo y niebla<\/li>\n<li>F\u00f3rmula segura, inodora y sin residuos<\/li>\n<\/ul>\n","protected":false},"featured_media":42159,"comment_status":"open","ping_status":"closed","template":"","meta":{"_acf_changed":false},"product_cat":[616],"product_tag":[],"class_list":{"0":"post-41250","1":"product","2":"type-product","3":"status-publish","4":"has-post-thumbnail","6":"product_cat-liquidos","8":"first","9":"instock","10":"shipping-taxable","11":"product-type-simple"},"acf":[],"yoast_head":"<!-- This site is optimized with the Yoast SEO plugin v27.0 - https:\/\/yoast.com\/product\/yoast-seo-wordpress\/ -->\n<title>FFH-5 Heavy Fog Fluid 5L - Audibax<\/title>\n<meta name=\"robots\" content=\"index, follow, max-snippet:-1, max-image-preview:large, max-video-preview:-1\" \/>\n<link rel=\"canonical\" href=\"https:\/\/audibax.com\/es\/producto\/ffh-5-heavy-fog-fluid-5l\/\" \/>\n<meta property=\"og:locale\" content=\"es_ES\" \/>\n<meta property=\"og:type\" content=\"article\" \/>\n<meta property=\"og:title\" content=\"FFH-5 Heavy Fog Fluid 5L - Audibax\" \/>\n<meta property=\"og:description\" content=\"L\u00edquido de niebla de alta densidad  Garrafa de 5L  Apto para todo tipo de m\u00e1quinas de humo y niebla  F\u00f3rmula segura, inodora y sin residuos\" \/>\n<meta property=\"og:url\" content=\"https:\/\/audibax.com\/es\/producto\/ffh-5-heavy-fog-fluid-5l\/\" \/>\n<meta property=\"og:site_name\" content=\"Audibax\" \/>\n<meta property=\"article:modified_time\" content=\"2024-08-06T09:37:26+00:00\" \/>\n<meta property=\"og:image\" content=\"https:\/\/audibax.com\/wp-content\/uploads\/2023\/12\/Audibax-ffh5-heavy-fog-fluid-liquido-niebla-1.png\" \/>\n\t<meta property=\"og:image:width\" content=\"1500\" \/>\n\t<meta property=\"og:image:height\" content=\"1060\" \/>\n\t<meta property=\"og:image:type\" content=\"image\/png\" \/>\n<meta name=\"twitter:card\" content=\"summary_large_image\" \/>\n<meta name=\"twitter:label1\" content=\"Tiempo de lectura\" \/>\n\t<meta name=\"twitter:data1\" content=\"1 minuto\" \/>\n<script type=\"application\/ld+json\" class=\"yoast-schema-graph\">{\"@context\":\"https:\/\/schema.org\",\"@graph\":[{\"@type\":\"WebPage\",\"@id\":\"https:\/\/audibax.com\/es\/producto\/ffh-5-heavy-fog-fluid-5l\/\",\"url\":\"https:\/\/audibax.com\/es\/producto\/ffh-5-heavy-fog-fluid-5l\/\",\"name\":\"FFH-5 Heavy Fog Fluid 5L - Audibax\",\"isPartOf\":{\"@id\":\"https:\/\/audibax.com\/es\/#website\"},\"primaryImageOfPage\":{\"@id\":\"https:\/\/audibax.com\/es\/producto\/ffh-5-heavy-fog-fluid-5l\/#primaryimage\"},\"image\":{\"@id\":\"https:\/\/audibax.com\/es\/producto\/ffh-5-heavy-fog-fluid-5l\/#primaryimage\"},\"thumbnailUrl\":\"https:\/\/audibax.com\/wp-content\/uploads\/2023\/12\/Audibax-ffh5-heavy-fog-fluid-liquido-niebla-1.png\",\"datePublished\":\"2023-12-11T15:35:32+00:00\",\"dateModified\":\"2024-08-06T09:37:26+00:00\",\"breadcrumb\":{\"@id\":\"https:\/\/audibax.com\/es\/producto\/ffh-5-heavy-fog-fluid-5l\/#breadcrumb\"},\"inLanguage\":\"es\",\"potentialAction\":[{\"@type\":\"ReadAction\",\"target\":[\"https:\/\/audibax.com\/es\/producto\/ffh-5-heavy-fog-fluid-5l\/\"]}]},{\"@type\":\"ImageObject\",\"inLanguage\":\"es\",\"@id\":\"https:\/\/audibax.com\/es\/producto\/ffh-5-heavy-fog-fluid-5l\/#primaryimage\",\"url\":\"https:\/\/audibax.com\/wp-content\/uploads\/2023\/12\/Audibax-ffh5-heavy-fog-fluid-liquido-niebla-1.png\",\"contentUrl\":\"https:\/\/audibax.com\/wp-content\/uploads\/2023\/12\/Audibax-ffh5-heavy-fog-fluid-liquido-niebla-1.png\",\"width\":1500,\"height\":1060},{\"@type\":\"BreadcrumbList\",\"@id\":\"https:\/\/audibax.com\/es\/producto\/ffh-5-heavy-fog-fluid-5l\/#breadcrumb\",\"itemListElement\":[{\"@type\":\"ListItem\",\"position\":1,\"name\":\"Portada\",\"item\":\"https:\/\/audibax.com\/es\/\"},{\"@type\":\"ListItem\",\"position\":2,\"name\":\"Productos\",\"item\":\"https:\/\/audibax.com\/es\/shop\/\"},{\"@type\":\"ListItem\",\"position\":3,\"name\":\"FFH-5 Heavy Fog Fluid 5L\"}]},{\"@type\":\"WebSite\",\"@id\":\"https:\/\/audibax.com\/es\/#website\",\"url\":\"https:\/\/audibax.com\/es\/\",\"name\":\"Audibax\",\"description\":\"\",\"publisher\":{\"@id\":\"https:\/\/audibax.com\/es\/#organization\"},\"potentialAction\":[{\"@type\":\"SearchAction\",\"target\":{\"@type\":\"EntryPoint\",\"urlTemplate\":\"https:\/\/audibax.com\/es\/?s={search_term_string}\"},\"query-input\":{\"@type\":\"PropertyValueSpecification\",\"valueRequired\":true,\"valueName\":\"search_term_string\"}}],\"inLanguage\":\"es\"},{\"@type\":\"Organization\",\"@id\":\"https:\/\/audibax.com\/es\/#organization\",\"name\":\"Audibax\",\"url\":\"https:\/\/audibax.com\/es\/\",\"logo\":{\"@type\":\"ImageObject\",\"inLanguage\":\"es\",\"@id\":\"https:\/\/audibax.com\/es\/#\/schema\/logo\/image\/\",\"url\":\"https:\/\/audibax.com\/wp-content\/uploads\/2023\/09\/logo-Audibax-BLANCO-SVG-1.svg\",\"contentUrl\":\"https:\/\/audibax.com\/wp-content\/uploads\/2023\/09\/logo-Audibax-BLANCO-SVG-1.svg\",\"caption\":\"Audibax\"},\"image\":{\"@id\":\"https:\/\/audibax.com\/es\/#\/schema\/logo\/image\/\"}}]}<\/script>\n<!-- \/ Yoast SEO plugin. -->","yoast_head_json":{"title":"FFH-5 Heavy Fog Fluid 5L - Audibax","robots":{"index":"index","follow":"follow","max-snippet":"max-snippet:-1","max-image-preview":"max-image-preview:large","max-video-preview":"max-video-preview:-1"},"canonical":"https:\/\/audibax.com\/es\/producto\/ffh-5-heavy-fog-fluid-5l\/","og_locale":"es_ES","og_type":"article","og_title":"FFH-5 Heavy Fog Fluid 5L - Audibax","og_description":"L\u00edquido de niebla de alta densidad  Garrafa de 5L  Apto para todo tipo de m\u00e1quinas de humo y niebla  F\u00f3rmula segura, inodora y sin residuos","og_url":"https:\/\/audibax.com\/es\/producto\/ffh-5-heavy-fog-fluid-5l\/","og_site_name":"Audibax","article_modified_time":"2024-08-06T09:37:26+00:00","og_image":[{"width":1500,"height":1060,"url":"https:\/\/audibax.com\/wp-content\/uploads\/2023\/12\/Audibax-ffh5-heavy-fog-fluid-liquido-niebla-1.png","type":"image\/png"}],"twitter_card":"summary_large_image","twitter_misc":{"Tiempo de lectura":"1 minuto"},"schema":{"@context":"https:\/\/schema.org","@graph":[{"@type":"WebPage","@id":"https:\/\/audibax.com\/es\/producto\/ffh-5-heavy-fog-fluid-5l\/","url":"https:\/\/audibax.com\/es\/producto\/ffh-5-heavy-fog-fluid-5l\/","name":"FFH-5 Heavy Fog Fluid 5L - Audibax","isPartOf":{"@id":"https:\/\/audibax.com\/es\/#website"},"primaryImageOfPage":{"@id":"https:\/\/audibax.com\/es\/producto\/ffh-5-heavy-fog-fluid-5l\/#primaryimage"},"image":{"@id":"https:\/\/audibax.com\/es\/producto\/ffh-5-heavy-fog-fluid-5l\/#primaryimage"},"thumbnailUrl":"https:\/\/audibax.com\/wp-content\/uploads\/2023\/12\/Audibax-ffh5-heavy-fog-fluid-liquido-niebla-1.png","datePublished":"2023-12-11T15:35:32+00:00","dateModified":"2024-08-06T09:37:26+00:00","breadcrumb":{"@id":"https:\/\/audibax.com\/es\/producto\/ffh-5-heavy-fog-fluid-5l\/#breadcrumb"},"inLanguage":"es","potentialAction":[{"@type":"ReadAction","target":["https:\/\/audibax.com\/es\/producto\/ffh-5-heavy-fog-fluid-5l\/"]}]},{"@type":"ImageObject","inLanguage":"es","@id":"https:\/\/audibax.com\/es\/producto\/ffh-5-heavy-fog-fluid-5l\/#primaryimage","url":"https:\/\/audibax.com\/wp-content\/uploads\/2023\/12\/Audibax-ffh5-heavy-fog-fluid-liquido-niebla-1.png","contentUrl":"https:\/\/audibax.com\/wp-content\/uploads\/2023\/12\/Audibax-ffh5-heavy-fog-fluid-liquido-niebla-1.png","width":1500,"height":1060},{"@type":"BreadcrumbList","@id":"https:\/\/audibax.com\/es\/producto\/ffh-5-heavy-fog-fluid-5l\/#breadcrumb","itemListElement":[{"@type":"ListItem","position":1,"name":"Portada","item":"https:\/\/audibax.com\/es\/"},{"@type":"ListItem","position":2,"name":"Productos","item":"https:\/\/audibax.com\/es\/shop\/"},{"@type":"ListItem","position":3,"name":"FFH-5 Heavy Fog Fluid 5L"}]},{"@type":"WebSite","@id":"https:\/\/audibax.com\/es\/#website","url":"https:\/\/audibax.com\/es\/","name":"Audibax","description":"","publisher":{"@id":"https:\/\/audibax.com\/es\/#organization"},"potentialAction":[{"@type":"SearchAction","target":{"@type":"EntryPoint","urlTemplate":"https:\/\/audibax.com\/es\/?s={search_term_string}"},"query-input":{"@type":"PropertyValueSpecification","valueRequired":true,"valueName":"search_term_string"}}],"inLanguage":"es"},{"@type":"Organization","@id":"https:\/\/audibax.com\/es\/#organization","name":"Audibax","url":"https:\/\/audibax.com\/es\/","logo":{"@type":"ImageObject","inLanguage":"es","@id":"https:\/\/audibax.com\/es\/#\/schema\/logo\/image\/","url":"https:\/\/audibax.com\/wp-content\/uploads\/2023\/09\/logo-Audibax-BLANCO-SVG-1.svg","contentUrl":"https:\/\/audibax.com\/wp-content\/uploads\/2023\/09\/logo-Audibax-BLANCO-SVG-1.svg","caption":"Audibax"},"image":{"@id":"https:\/\/audibax.com\/es\/#\/schema\/logo\/image\/"}}]}},"_links":{"self":[{"href":"https:\/\/audibax.com\/es\/wp-json\/wp\/v2\/product\/41250","targetHints":{"allow":["GET"]}}],"collection":[{"href":"https:\/\/audibax.com\/es\/wp-json\/wp\/v2\/product"}],"about":[{"href":"https:\/\/audibax.com\/es\/wp-json\/wp\/v2\/types\/product"}],"replies":[{"embeddable":true,"href":"https:\/\/audibax.com\/es\/wp-json\/wp\/v2\/comments?post=41250"}],"wp:featuredmedia":[{"embeddable":true,"href":"https:\/\/audibax.com\/es\/wp-json\/wp\/v2\/media\/42159"}],"wp:attachment":[{"href":"https:\/\/audibax.com\/es\/wp-json\/wp\/v2\/media?parent=41250"}],"wp:term":[{"taxonomy":"product_cat","embeddable":true,"href":"https:\/\/audibax.com\/es\/wp-json\/wp\/v2\/product_cat?post=41250"},{"taxonomy":"product_tag","embeddable":true,"href":"https:\/\/audibax.com\/es\/wp-json\/wp\/v2\/product_tag?post=41250"}],"curies":[{"name":"wp","href":"https:\/\/api.w.org\/{rel}","templated":true}]}}