{"id":41248,"date":"2024-01-17T12:30:55","date_gmt":"2024-01-17T11:30:55","guid":{"rendered":"https:\/\/audibax.com\/product\/r44io-dante-black\/"},"modified":"2024-05-06T18:42:10","modified_gmt":"2024-05-06T16:42:10","slug":"r44io-dante-black","status":"publish","type":"product","link":"https:\/\/audibax.com\/es\/producto\/r44io-dante-black\/","title":{"rendered":"R44io Dante Black"},"content":{"rendered":"<p>La m\u00e1quina de interfaz Audibax R44io Dante se utiliza para la conversi\u00f3n de se\u00f1al entre la se\u00f1al de audio anal\u00f3gica y audio digital Dante.<br \/>\nEste procesador soporta entrada y salida balanceada de se\u00f1al de audio anal\u00f3gica de 4 canales, incluyendo entrada y salida de se\u00f1al de audio digital Dante de 4 canales de 2 dispositivos Dante.<\/p>\n<p>Est\u00e1 alimentado por DC12V, que se puede utilizar con conmutador POE est\u00e1ndar 802.3af cuando se a\u00f1ade divisor POE.<\/p>\n<ul>\n<li>Entrada: 4 entradas balanceadas\/no balanceadas<\/li>\n<li>Impedancia de entrada: Superior a 1800 \u03a9<\/li>\n<li>Nivel de entrada m\u00e1x: +8dbu@ 0dB ganancia<\/li>\n<li>Salida: 4 salidas balanceadas\/no balanceadas<\/li>\n<li>Impedancia de salida: 200\u03a9 balanceada<\/li>\n<li>Nivel de salida m\u00e1x: +20dbu balance<\/li>\n<li>Respuesta Frec: 20~20KHz, \u00b11dB<\/li>\n<li>THD Menos del 0,02%.<\/li>\n<li>Requisitos de alimentaci\u00f3n: 12V CC<\/li>\n<li>Dimensiones: 123x75x35 mm<\/li>\n<\/ul>\n","protected":false},"excerpt":{"rendered":"<ul>\n<li>Entrada: 4 entradas balanceadas\/no balanceadas<\/li>\n<li>Impedancia de entrada: Superior a 1800 \u03a9<\/li>\n<li>Nivel de entrada m\u00e1x: +8dbu@ 0dB ganancia<\/li>\n<li>Salida: 4 salidas balanceadas\/no balanceadas<\/li>\n<li>Impedancia de salida: 200\u03a9 balanceada<\/li>\n<li>Nivel de salida m\u00e1x: +20dbu balance<\/li>\n<li>Respuesta Frec: 20~20KHz, \u00b11dB<\/li>\n<li>THD Menos del 0,02%.<\/li>\n<li>Requisitos de alimentaci\u00f3n: 12V CC<\/li>\n<li>Dimensiones: 123x75x35 mm<\/li>\n<\/ul>\n","protected":false},"featured_media":50130,"comment_status":"open","ping_status":"closed","template":"","meta":{"_acf_changed":false},"product_cat":[724,723,394],"product_tag":[],"class_list":{"0":"post-41248","1":"product","2":"type-product","3":"status-publish","4":"has-post-thumbnail","6":"product_cat-convertidor-dante","7":"product_cat-matrices-procesadores-digitales","8":"product_cat-sonido-pa","10":"first","11":"instock","12":"shipping-taxable","13":"product-type-simple"},"acf":[],"yoast_head":"<!-- This site is optimized with the Yoast SEO plugin v27.0 - https:\/\/yoast.com\/product\/yoast-seo-wordpress\/ -->\n<title>R44io Dante Black - Audibax<\/title>\n<meta name=\"robots\" content=\"index, follow, max-snippet:-1, max-image-preview:large, max-video-preview:-1\" \/>\n<link rel=\"canonical\" href=\"https:\/\/audibax.com\/es\/producto\/r44io-dante-black\/\" \/>\n<meta property=\"og:locale\" content=\"es_ES\" \/>\n<meta property=\"og:type\" content=\"article\" \/>\n<meta property=\"og:title\" content=\"R44io Dante Black - Audibax\" \/>\n<meta property=\"og:description\" content=\"Entrada: 4 entradas balanceadas\/no balanceadas  Impedancia de entrada: Superior a 1800 \u03a9  Nivel de entrada m\u00e1x: +8dbu@ 0dB ganancia  Salida: 4 salidas balanceadas\/no balanceadas  Impedancia de salida: 200\u03a9 balanceada  Nivel de salida m\u00e1x: +20dbu balance  Respuesta Frec: 20~20KHz, \u00b11dB  THD Menos del 0,02%.  Requisitos de alimentaci\u00f3n: 12V CC  Dimensiones: 123x75x35 mm\" \/>\n<meta property=\"og:url\" content=\"https:\/\/audibax.com\/es\/producto\/r44io-dante-black\/\" \/>\n<meta property=\"og:site_name\" content=\"Audibax\" \/>\n<meta property=\"article:modified_time\" content=\"2024-05-06T16:42:10+00:00\" \/>\n<meta property=\"og:image\" content=\"https:\/\/audibax.com\/wp-content\/uploads\/2024\/01\/R44io-Dante-1-new-jpg.webp\" \/>\n\t<meta property=\"og:image:width\" content=\"2500\" \/>\n\t<meta property=\"og:image:height\" content=\"1767\" \/>\n\t<meta property=\"og:image:type\" content=\"image\/jpeg\" \/>\n<meta name=\"twitter:card\" content=\"summary_large_image\" \/>\n<meta name=\"twitter:label1\" content=\"Tiempo de lectura\" \/>\n\t<meta name=\"twitter:data1\" content=\"1 minuto\" \/>\n<script type=\"application\/ld+json\" class=\"yoast-schema-graph\">{\"@context\":\"https:\/\/schema.org\",\"@graph\":[{\"@type\":\"WebPage\",\"@id\":\"https:\/\/audibax.com\/es\/producto\/r44io-dante-black\/\",\"url\":\"https:\/\/audibax.com\/es\/producto\/r44io-dante-black\/\",\"name\":\"R44io Dante Black - Audibax\",\"isPartOf\":{\"@id\":\"https:\/\/audibax.com\/es\/#website\"},\"primaryImageOfPage\":{\"@id\":\"https:\/\/audibax.com\/es\/producto\/r44io-dante-black\/#primaryimage\"},\"image\":{\"@id\":\"https:\/\/audibax.com\/es\/producto\/r44io-dante-black\/#primaryimage\"},\"thumbnailUrl\":\"https:\/\/audibax.com\/wp-content\/uploads\/2024\/01\/R44io-Dante-1.png\",\"datePublished\":\"2024-01-17T11:30:55+00:00\",\"dateModified\":\"2024-05-06T16:42:10+00:00\",\"breadcrumb\":{\"@id\":\"https:\/\/audibax.com\/es\/producto\/r44io-dante-black\/#breadcrumb\"},\"inLanguage\":\"es\",\"potentialAction\":[{\"@type\":\"ReadAction\",\"target\":[\"https:\/\/audibax.com\/es\/producto\/r44io-dante-black\/\"]}]},{\"@type\":\"ImageObject\",\"inLanguage\":\"es\",\"@id\":\"https:\/\/audibax.com\/es\/producto\/r44io-dante-black\/#primaryimage\",\"url\":\"https:\/\/audibax.com\/wp-content\/uploads\/2024\/01\/R44io-Dante-1.png\",\"contentUrl\":\"https:\/\/audibax.com\/wp-content\/uploads\/2024\/01\/R44io-Dante-1.png\",\"width\":1500,\"height\":1060},{\"@type\":\"BreadcrumbList\",\"@id\":\"https:\/\/audibax.com\/es\/producto\/r44io-dante-black\/#breadcrumb\",\"itemListElement\":[{\"@type\":\"ListItem\",\"position\":1,\"name\":\"Portada\",\"item\":\"https:\/\/audibax.com\/es\/\"},{\"@type\":\"ListItem\",\"position\":2,\"name\":\"Productos\",\"item\":\"https:\/\/audibax.com\/es\/shop\/\"},{\"@type\":\"ListItem\",\"position\":3,\"name\":\"R44io Dante Black\"}]},{\"@type\":\"WebSite\",\"@id\":\"https:\/\/audibax.com\/es\/#website\",\"url\":\"https:\/\/audibax.com\/es\/\",\"name\":\"Audibax\",\"description\":\"\",\"publisher\":{\"@id\":\"https:\/\/audibax.com\/es\/#organization\"},\"potentialAction\":[{\"@type\":\"SearchAction\",\"target\":{\"@type\":\"EntryPoint\",\"urlTemplate\":\"https:\/\/audibax.com\/es\/?s={search_term_string}\"},\"query-input\":{\"@type\":\"PropertyValueSpecification\",\"valueRequired\":true,\"valueName\":\"search_term_string\"}}],\"inLanguage\":\"es\"},{\"@type\":\"Organization\",\"@id\":\"https:\/\/audibax.com\/es\/#organization\",\"name\":\"Audibax\",\"url\":\"https:\/\/audibax.com\/es\/\",\"logo\":{\"@type\":\"ImageObject\",\"inLanguage\":\"es\",\"@id\":\"https:\/\/audibax.com\/es\/#\/schema\/logo\/image\/\",\"url\":\"https:\/\/audibax.com\/wp-content\/uploads\/2023\/09\/logo-Audibax-BLANCO-SVG-1.svg\",\"contentUrl\":\"https:\/\/audibax.com\/wp-content\/uploads\/2023\/09\/logo-Audibax-BLANCO-SVG-1.svg\",\"caption\":\"Audibax\"},\"image\":{\"@id\":\"https:\/\/audibax.com\/es\/#\/schema\/logo\/image\/\"}}]}<\/script>\n<!-- \/ Yoast SEO plugin. -->","yoast_head_json":{"title":"R44io Dante Black - Audibax","robots":{"index":"index","follow":"follow","max-snippet":"max-snippet:-1","max-image-preview":"max-image-preview:large","max-video-preview":"max-video-preview:-1"},"canonical":"https:\/\/audibax.com\/es\/producto\/r44io-dante-black\/","og_locale":"es_ES","og_type":"article","og_title":"R44io Dante Black - Audibax","og_description":"Entrada: 4 entradas balanceadas\/no balanceadas  Impedancia de entrada: Superior a 1800 \u03a9  Nivel de entrada m\u00e1x: +8dbu@ 0dB ganancia  Salida: 4 salidas balanceadas\/no balanceadas  Impedancia de salida: 200\u03a9 balanceada  Nivel de salida m\u00e1x: +20dbu balance  Respuesta Frec: 20~20KHz, \u00b11dB  THD Menos del 0,02%.  Requisitos de alimentaci\u00f3n: 12V CC  Dimensiones: 123x75x35 mm","og_url":"https:\/\/audibax.com\/es\/producto\/r44io-dante-black\/","og_site_name":"Audibax","article_modified_time":"2024-05-06T16:42:10+00:00","og_image":[{"width":2500,"height":1767,"url":"https:\/\/audibax.com\/wp-content\/uploads\/2024\/01\/R44io-Dante-1-new-jpg.webp","type":"image\/jpeg"}],"twitter_card":"summary_large_image","twitter_misc":{"Tiempo de lectura":"1 minuto"},"schema":{"@context":"https:\/\/schema.org","@graph":[{"@type":"WebPage","@id":"https:\/\/audibax.com\/es\/producto\/r44io-dante-black\/","url":"https:\/\/audibax.com\/es\/producto\/r44io-dante-black\/","name":"R44io Dante Black - Audibax","isPartOf":{"@id":"https:\/\/audibax.com\/es\/#website"},"primaryImageOfPage":{"@id":"https:\/\/audibax.com\/es\/producto\/r44io-dante-black\/#primaryimage"},"image":{"@id":"https:\/\/audibax.com\/es\/producto\/r44io-dante-black\/#primaryimage"},"thumbnailUrl":"https:\/\/audibax.com\/wp-content\/uploads\/2024\/01\/R44io-Dante-1.png","datePublished":"2024-01-17T11:30:55+00:00","dateModified":"2024-05-06T16:42:10+00:00","breadcrumb":{"@id":"https:\/\/audibax.com\/es\/producto\/r44io-dante-black\/#breadcrumb"},"inLanguage":"es","potentialAction":[{"@type":"ReadAction","target":["https:\/\/audibax.com\/es\/producto\/r44io-dante-black\/"]}]},{"@type":"ImageObject","inLanguage":"es","@id":"https:\/\/audibax.com\/es\/producto\/r44io-dante-black\/#primaryimage","url":"https:\/\/audibax.com\/wp-content\/uploads\/2024\/01\/R44io-Dante-1.png","contentUrl":"https:\/\/audibax.com\/wp-content\/uploads\/2024\/01\/R44io-Dante-1.png","width":1500,"height":1060},{"@type":"BreadcrumbList","@id":"https:\/\/audibax.com\/es\/producto\/r44io-dante-black\/#breadcrumb","itemListElement":[{"@type":"ListItem","position":1,"name":"Portada","item":"https:\/\/audibax.com\/es\/"},{"@type":"ListItem","position":2,"name":"Productos","item":"https:\/\/audibax.com\/es\/shop\/"},{"@type":"ListItem","position":3,"name":"R44io Dante Black"}]},{"@type":"WebSite","@id":"https:\/\/audibax.com\/es\/#website","url":"https:\/\/audibax.com\/es\/","name":"Audibax","description":"","publisher":{"@id":"https:\/\/audibax.com\/es\/#organization"},"potentialAction":[{"@type":"SearchAction","target":{"@type":"EntryPoint","urlTemplate":"https:\/\/audibax.com\/es\/?s={search_term_string}"},"query-input":{"@type":"PropertyValueSpecification","valueRequired":true,"valueName":"search_term_string"}}],"inLanguage":"es"},{"@type":"Organization","@id":"https:\/\/audibax.com\/es\/#organization","name":"Audibax","url":"https:\/\/audibax.com\/es\/","logo":{"@type":"ImageObject","inLanguage":"es","@id":"https:\/\/audibax.com\/es\/#\/schema\/logo\/image\/","url":"https:\/\/audibax.com\/wp-content\/uploads\/2023\/09\/logo-Audibax-BLANCO-SVG-1.svg","contentUrl":"https:\/\/audibax.com\/wp-content\/uploads\/2023\/09\/logo-Audibax-BLANCO-SVG-1.svg","caption":"Audibax"},"image":{"@id":"https:\/\/audibax.com\/es\/#\/schema\/logo\/image\/"}}]}},"_links":{"self":[{"href":"https:\/\/audibax.com\/es\/wp-json\/wp\/v2\/product\/41248","targetHints":{"allow":["GET"]}}],"collection":[{"href":"https:\/\/audibax.com\/es\/wp-json\/wp\/v2\/product"}],"about":[{"href":"https:\/\/audibax.com\/es\/wp-json\/wp\/v2\/types\/product"}],"replies":[{"embeddable":true,"href":"https:\/\/audibax.com\/es\/wp-json\/wp\/v2\/comments?post=41248"}],"wp:featuredmedia":[{"embeddable":true,"href":"https:\/\/audibax.com\/es\/wp-json\/wp\/v2\/media\/50130"}],"wp:attachment":[{"href":"https:\/\/audibax.com\/es\/wp-json\/wp\/v2\/media?parent=41248"}],"wp:term":[{"taxonomy":"product_cat","embeddable":true,"href":"https:\/\/audibax.com\/es\/wp-json\/wp\/v2\/product_cat?post=41248"},{"taxonomy":"product_tag","embeddable":true,"href":"https:\/\/audibax.com\/es\/wp-json\/wp\/v2\/product_tag?post=41248"}],"curies":[{"name":"wp","href":"https:\/\/api.w.org\/{rel}","templated":true}]}}