{"id":41242,"date":"2024-01-17T11:58:04","date_gmt":"2024-01-17T10:58:04","guid":{"rendered":"https:\/\/audibax.com\/product\/r22i-dante-black\/"},"modified":"2024-05-06T18:39:28","modified_gmt":"2024-05-06T16:39:28","slug":"r22i-dante-black","status":"publish","type":"product","link":"https:\/\/audibax.com\/es\/producto\/r22i-dante-black\/","title":{"rendered":"R22i Dante Black"},"content":{"rendered":"<p>El adaptador R22i Dante representa un completo dispositivo Dante de alto rendimiento, que se distingue por sus capacidades de automatizaci\u00f3n y su interfaz de f\u00e1cil uso. Estos adaptadores se integran a la perfecci\u00f3n con todas las interfaces Dante, ofreciendo un conjunto completo de funciones que se esperan de las redes de audio Dante. Adem\u00e1s, esta serie destaca por ofrecer una restauraci\u00f3n de la calidad de audio de alta fidelidad, una latencia ultrabaja y una sincronizaci\u00f3n precisa de la frecuencia de muestreo en toda la red.<\/p>\n<ul>\n<li>Entrada anal\u00f3gica de 2 canales<\/li>\n<li>Salida Dante 2CH<\/li>\n<li>Compatible con AES67<\/li>\n<li>Frecuencia de muestreo 44,1 kHz\/48 kHz\/96 kHz<\/li>\n<li>Nivel m\u00e1ximo de entrada +18dBu<\/li>\n<li>Rango din\u00e1mico 110dBu<\/li>\n<li>THD+N: 0,007% a 1kHz+4dBu<\/li>\n<li>Relaci\u00f3n se\u00f1al\/ruido: &gt;&gt;110dB<\/li>\n<li>Respuesta en frecuencia: 20Hz a 20kHz(-\/+0.2dB)<\/li>\n<li>Conectores: RJ45 Y 2XLR-F<\/li>\n<li>Bits de datos: 24bit<\/li>\n<li>Retardo del dispositivo Dante: &lt;&lt;1ms<\/li>\n<li>Fuente de alimentaci\u00f3n: PoE 802.3af clase 1<\/li>\n<\/ul>\n","protected":false},"excerpt":{"rendered":"<ul>\n<li>Entrada anal\u00f3gica de 2 canales<\/li>\n<li>Salida Dante 2CH<\/li>\n<li>Compatible con AES67<\/li>\n<li>Frecuencia de muestreo 44,1 kHz\/48 kHz\/96 kHz<\/li>\n<li>Nivel m\u00e1ximo de entrada +18dBu<\/li>\n<li>Rango din\u00e1mico 110dBu<\/li>\n<li>THD+N: 0,007% a 1kHz+4dBu<\/li>\n<li>Relaci\u00f3n se\u00f1al\/ruido: &gt;&gt;110dB<\/li>\n<li>Respuesta en frecuencia: 20Hz a 20kHz(-\/+0.2dB)<\/li>\n<li>Conectores: RJ45 Y 2XLR-F<\/li>\n<li>Bits de datos: 24bit<\/li>\n<li>Retardo del dispositivo Dante: &lt;&lt;1ms<\/li>\n<li>Fuente de alimentaci\u00f3n: PoE 802.3af clase 1<\/li>\n<\/ul>\n","protected":false},"featured_media":41200,"comment_status":"open","ping_status":"closed","template":"","meta":{"_acf_changed":false},"product_cat":[724,723,394],"product_tag":[],"class_list":{"0":"post-41242","1":"product","2":"type-product","3":"status-publish","4":"has-post-thumbnail","6":"product_cat-convertidor-dante","7":"product_cat-matrices-procesadores-digitales","8":"product_cat-sonido-pa","10":"first","11":"instock","12":"shipping-taxable","13":"product-type-simple"},"acf":[],"yoast_head":"<!-- This site is optimized with the Yoast SEO plugin v27.0 - https:\/\/yoast.com\/product\/yoast-seo-wordpress\/ -->\n<title>R22i Dante Black - Audibax<\/title>\n<meta name=\"robots\" content=\"index, follow, max-snippet:-1, max-image-preview:large, max-video-preview:-1\" \/>\n<link rel=\"canonical\" href=\"https:\/\/audibax.com\/es\/producto\/r22i-dante-black\/\" \/>\n<meta property=\"og:locale\" content=\"es_ES\" \/>\n<meta property=\"og:type\" content=\"article\" \/>\n<meta property=\"og:title\" content=\"R22i Dante Black - Audibax\" \/>\n<meta property=\"og:description\" content=\"Entrada anal\u00f3gica de 2 canales  Salida Dante 2CH  Compatible con AES67  Frecuencia de muestreo 44,1 kHz\/48 kHz\/96 kHz  Nivel m\u00e1ximo de entrada +18dBu  Rango din\u00e1mico 110dBu  THD+N: 0,007% a 1kHz+4dBu  Relaci\u00f3n se\u00f1al\/ruido: &gt;&gt;110dB  Respuesta en frecuencia: 20Hz a 20kHz(-\/+0.2dB)  Conectores: RJ45 Y 2XLR-F  Bits de datos: 24bit  Retardo del dispositivo Dante: &lt;&lt;1ms  Fuente de alimentaci\u00f3n: PoE 802.3af clase 1\" \/>\n<meta property=\"og:url\" content=\"https:\/\/audibax.com\/es\/producto\/r22i-dante-black\/\" \/>\n<meta property=\"og:site_name\" content=\"Audibax\" \/>\n<meta property=\"article:modified_time\" content=\"2024-05-06T16:39:28+00:00\" \/>\n<meta property=\"og:image\" content=\"https:\/\/audibax.com\/wp-content\/uploads\/2024\/01\/R22i-Dante-1-new-jpg.webp\" \/>\n\t<meta property=\"og:image:width\" content=\"2500\" \/>\n\t<meta property=\"og:image:height\" content=\"1767\" \/>\n\t<meta property=\"og:image:type\" content=\"image\/jpeg\" \/>\n<meta name=\"twitter:card\" content=\"summary_large_image\" \/>\n<meta name=\"twitter:label1\" content=\"Tiempo de lectura\" \/>\n\t<meta name=\"twitter:data1\" content=\"1 minuto\" \/>\n<script type=\"application\/ld+json\" class=\"yoast-schema-graph\">{\"@context\":\"https:\/\/schema.org\",\"@graph\":[{\"@type\":\"WebPage\",\"@id\":\"https:\/\/audibax.com\/es\/producto\/r22i-dante-black\/\",\"url\":\"https:\/\/audibax.com\/es\/producto\/r22i-dante-black\/\",\"name\":\"R22i Dante Black - Audibax\",\"isPartOf\":{\"@id\":\"https:\/\/audibax.com\/es\/#website\"},\"primaryImageOfPage\":{\"@id\":\"https:\/\/audibax.com\/es\/producto\/r22i-dante-black\/#primaryimage\"},\"image\":{\"@id\":\"https:\/\/audibax.com\/es\/producto\/r22i-dante-black\/#primaryimage\"},\"thumbnailUrl\":\"https:\/\/audibax.com\/wp-content\/uploads\/2024\/01\/R22i-Dante-1-new-jpg.webp\",\"datePublished\":\"2024-01-17T10:58:04+00:00\",\"dateModified\":\"2024-05-06T16:39:28+00:00\",\"breadcrumb\":{\"@id\":\"https:\/\/audibax.com\/es\/producto\/r22i-dante-black\/#breadcrumb\"},\"inLanguage\":\"es\",\"potentialAction\":[{\"@type\":\"ReadAction\",\"target\":[\"https:\/\/audibax.com\/es\/producto\/r22i-dante-black\/\"]}]},{\"@type\":\"ImageObject\",\"inLanguage\":\"es\",\"@id\":\"https:\/\/audibax.com\/es\/producto\/r22i-dante-black\/#primaryimage\",\"url\":\"https:\/\/audibax.com\/wp-content\/uploads\/2024\/01\/R22i-Dante-1-new-jpg.webp\",\"contentUrl\":\"https:\/\/audibax.com\/wp-content\/uploads\/2024\/01\/R22i-Dante-1-new-jpg.webp\",\"width\":2500,\"height\":1767},{\"@type\":\"BreadcrumbList\",\"@id\":\"https:\/\/audibax.com\/es\/producto\/r22i-dante-black\/#breadcrumb\",\"itemListElement\":[{\"@type\":\"ListItem\",\"position\":1,\"name\":\"Portada\",\"item\":\"https:\/\/audibax.com\/es\/\"},{\"@type\":\"ListItem\",\"position\":2,\"name\":\"Productos\",\"item\":\"https:\/\/audibax.com\/es\/shop\/\"},{\"@type\":\"ListItem\",\"position\":3,\"name\":\"R22i Dante Black\"}]},{\"@type\":\"WebSite\",\"@id\":\"https:\/\/audibax.com\/es\/#website\",\"url\":\"https:\/\/audibax.com\/es\/\",\"name\":\"Audibax\",\"description\":\"\",\"publisher\":{\"@id\":\"https:\/\/audibax.com\/es\/#organization\"},\"potentialAction\":[{\"@type\":\"SearchAction\",\"target\":{\"@type\":\"EntryPoint\",\"urlTemplate\":\"https:\/\/audibax.com\/es\/?s={search_term_string}\"},\"query-input\":{\"@type\":\"PropertyValueSpecification\",\"valueRequired\":true,\"valueName\":\"search_term_string\"}}],\"inLanguage\":\"es\"},{\"@type\":\"Organization\",\"@id\":\"https:\/\/audibax.com\/es\/#organization\",\"name\":\"Audibax\",\"url\":\"https:\/\/audibax.com\/es\/\",\"logo\":{\"@type\":\"ImageObject\",\"inLanguage\":\"es\",\"@id\":\"https:\/\/audibax.com\/es\/#\/schema\/logo\/image\/\",\"url\":\"https:\/\/audibax.com\/wp-content\/uploads\/2023\/09\/logo-Audibax-BLANCO-SVG-1.svg\",\"contentUrl\":\"https:\/\/audibax.com\/wp-content\/uploads\/2023\/09\/logo-Audibax-BLANCO-SVG-1.svg\",\"caption\":\"Audibax\"},\"image\":{\"@id\":\"https:\/\/audibax.com\/es\/#\/schema\/logo\/image\/\"}}]}<\/script>\n<!-- \/ Yoast SEO plugin. -->","yoast_head_json":{"title":"R22i Dante Black - Audibax","robots":{"index":"index","follow":"follow","max-snippet":"max-snippet:-1","max-image-preview":"max-image-preview:large","max-video-preview":"max-video-preview:-1"},"canonical":"https:\/\/audibax.com\/es\/producto\/r22i-dante-black\/","og_locale":"es_ES","og_type":"article","og_title":"R22i Dante Black - Audibax","og_description":"Entrada anal\u00f3gica de 2 canales  Salida Dante 2CH  Compatible con AES67  Frecuencia de muestreo 44,1 kHz\/48 kHz\/96 kHz  Nivel m\u00e1ximo de entrada +18dBu  Rango din\u00e1mico 110dBu  THD+N: 0,007% a 1kHz+4dBu  Relaci\u00f3n se\u00f1al\/ruido: &gt;&gt;110dB  Respuesta en frecuencia: 20Hz a 20kHz(-\/+0.2dB)  Conectores: RJ45 Y 2XLR-F  Bits de datos: 24bit  Retardo del dispositivo Dante: &lt;&lt;1ms  Fuente de alimentaci\u00f3n: PoE 802.3af clase 1","og_url":"https:\/\/audibax.com\/es\/producto\/r22i-dante-black\/","og_site_name":"Audibax","article_modified_time":"2024-05-06T16:39:28+00:00","og_image":[{"width":2500,"height":1767,"url":"https:\/\/audibax.com\/wp-content\/uploads\/2024\/01\/R22i-Dante-1-new-jpg.webp","type":"image\/jpeg"}],"twitter_card":"summary_large_image","twitter_misc":{"Tiempo de lectura":"1 minuto"},"schema":{"@context":"https:\/\/schema.org","@graph":[{"@type":"WebPage","@id":"https:\/\/audibax.com\/es\/producto\/r22i-dante-black\/","url":"https:\/\/audibax.com\/es\/producto\/r22i-dante-black\/","name":"R22i Dante Black - Audibax","isPartOf":{"@id":"https:\/\/audibax.com\/es\/#website"},"primaryImageOfPage":{"@id":"https:\/\/audibax.com\/es\/producto\/r22i-dante-black\/#primaryimage"},"image":{"@id":"https:\/\/audibax.com\/es\/producto\/r22i-dante-black\/#primaryimage"},"thumbnailUrl":"https:\/\/audibax.com\/wp-content\/uploads\/2024\/01\/R22i-Dante-1-new-jpg.webp","datePublished":"2024-01-17T10:58:04+00:00","dateModified":"2024-05-06T16:39:28+00:00","breadcrumb":{"@id":"https:\/\/audibax.com\/es\/producto\/r22i-dante-black\/#breadcrumb"},"inLanguage":"es","potentialAction":[{"@type":"ReadAction","target":["https:\/\/audibax.com\/es\/producto\/r22i-dante-black\/"]}]},{"@type":"ImageObject","inLanguage":"es","@id":"https:\/\/audibax.com\/es\/producto\/r22i-dante-black\/#primaryimage","url":"https:\/\/audibax.com\/wp-content\/uploads\/2024\/01\/R22i-Dante-1-new-jpg.webp","contentUrl":"https:\/\/audibax.com\/wp-content\/uploads\/2024\/01\/R22i-Dante-1-new-jpg.webp","width":2500,"height":1767},{"@type":"BreadcrumbList","@id":"https:\/\/audibax.com\/es\/producto\/r22i-dante-black\/#breadcrumb","itemListElement":[{"@type":"ListItem","position":1,"name":"Portada","item":"https:\/\/audibax.com\/es\/"},{"@type":"ListItem","position":2,"name":"Productos","item":"https:\/\/audibax.com\/es\/shop\/"},{"@type":"ListItem","position":3,"name":"R22i Dante Black"}]},{"@type":"WebSite","@id":"https:\/\/audibax.com\/es\/#website","url":"https:\/\/audibax.com\/es\/","name":"Audibax","description":"","publisher":{"@id":"https:\/\/audibax.com\/es\/#organization"},"potentialAction":[{"@type":"SearchAction","target":{"@type":"EntryPoint","urlTemplate":"https:\/\/audibax.com\/es\/?s={search_term_string}"},"query-input":{"@type":"PropertyValueSpecification","valueRequired":true,"valueName":"search_term_string"}}],"inLanguage":"es"},{"@type":"Organization","@id":"https:\/\/audibax.com\/es\/#organization","name":"Audibax","url":"https:\/\/audibax.com\/es\/","logo":{"@type":"ImageObject","inLanguage":"es","@id":"https:\/\/audibax.com\/es\/#\/schema\/logo\/image\/","url":"https:\/\/audibax.com\/wp-content\/uploads\/2023\/09\/logo-Audibax-BLANCO-SVG-1.svg","contentUrl":"https:\/\/audibax.com\/wp-content\/uploads\/2023\/09\/logo-Audibax-BLANCO-SVG-1.svg","caption":"Audibax"},"image":{"@id":"https:\/\/audibax.com\/es\/#\/schema\/logo\/image\/"}}]}},"_links":{"self":[{"href":"https:\/\/audibax.com\/es\/wp-json\/wp\/v2\/product\/41242","targetHints":{"allow":["GET"]}}],"collection":[{"href":"https:\/\/audibax.com\/es\/wp-json\/wp\/v2\/product"}],"about":[{"href":"https:\/\/audibax.com\/es\/wp-json\/wp\/v2\/types\/product"}],"replies":[{"embeddable":true,"href":"https:\/\/audibax.com\/es\/wp-json\/wp\/v2\/comments?post=41242"}],"wp:featuredmedia":[{"embeddable":true,"href":"https:\/\/audibax.com\/es\/wp-json\/wp\/v2\/media\/41200"}],"wp:attachment":[{"href":"https:\/\/audibax.com\/es\/wp-json\/wp\/v2\/media?parent=41242"}],"wp:term":[{"taxonomy":"product_cat","embeddable":true,"href":"https:\/\/audibax.com\/es\/wp-json\/wp\/v2\/product_cat?post=41242"},{"taxonomy":"product_tag","embeddable":true,"href":"https:\/\/audibax.com\/es\/wp-json\/wp\/v2\/product_tag?post=41242"}],"curies":[{"name":"wp","href":"https:\/\/api.w.org\/{rel}","templated":true}]}}