{"id":40572,"date":"2024-01-16T12:33:46","date_gmt":"2024-01-16T11:33:46","guid":{"rendered":"https:\/\/audibax.com\/product\/monster-200-hybrid-black\/"},"modified":"2024-11-27T10:45:30","modified_gmt":"2024-11-27T09:45:30","slug":"monster-200-hybrid-black","status":"publish","type":"product","link":"https:\/\/audibax.com\/es\/producto\/monster-200-hybrid-black\/","title":{"rendered":"Monster 200 Hybrid Black"},"content":{"rendered":"<p><strong>Caracter\u00edsticas<\/strong><\/p>\n<p>El Audibax Monster 200 Hybrid es un potente dispositivo de iluminaci\u00f3n m\u00f3vil con un dise\u00f1o h\u00edbrido, que combina la intensidad y brillo de un LED blanco de 200W con la versatilidad de una cabeza m\u00f3vil. Este dispositivo es ideal para dise\u00f1adores de iluminaci\u00f3n, DJs y planificadores de eventos que necesitan una soluci\u00f3n de iluminaci\u00f3n de alto rendimiento para sus eventos.<\/p>\n<p>Con su LED blanco de 200W de alta luminosidad, la cabeza m\u00f3vil Audibax Monster 200 Hybrid es capaz de producir haces de luz intensos que se pueden utilizar para efectos de iluminaci\u00f3n. El dise\u00f1o de la cabeza m\u00f3vil permite que el dispositivo gire y se incline en una variedad de direcciones, lo que brinda a los usuarios la capacidad de crear exhibiciones de iluminaci\u00f3n din\u00e1micas y atractivas.<\/p>\n<p>Una de las ventajas del dise\u00f1o h\u00edbrido es que combina las mejores caracter\u00edsticas de dos tipos de dispositivos de iluminaci\u00f3n, lo que lo convierte en una soluci\u00f3n vers\u00e1til para una amplia gama de aplicaciones de iluminaci\u00f3n. Adem\u00e1s, el Monster 200 Hybrid cuenta con diversas caracter\u00edsticas avanzadas, como control DMX, rueda de colores, gobo y prismas, lo que lo convierte en una de las mejores opciones para los profesionales de la iluminaci\u00f3n.<\/p>\n<p><strong>Especificaciones<\/strong><\/p>\n<ul>\n<li>Cabeza m\u00f3vil spot<\/li>\n<li>Potencia: 300W<\/li>\n<li>Fuente de LED: 200W LED blanco<\/li>\n<li>Temperatura de color: 7500K<\/li>\n<li>Atenuador: 0-100% atenuador lineal suave<\/li>\n<li>Estrobosc\u00f3pico: 1-25 Hz con efecto de pulso<\/li>\n<li>Panor\u00e1mica: 540\u00ba + fino<\/li>\n<li>Inclinaci\u00f3n: 270\u00ba + fina<\/li>\n<li>Rango de acercamiento: 7 &#8211; 21\u00ba<\/li>\n<li>Canal: 18 canales DMX<\/li>\n<li>Control: DMX, Maestro-esclavo, Auto, Activado por sonido<\/li>\n<li>Rueda de color: 9 colores + abierto, con efecto de medio color<\/li>\n<li>Rueda de gobos est\u00e1ticos: 10 gobos + abierto<\/li>\n<li>Rueda de gobos de rotaci\u00f3n: 7 gobos+abierto<\/li>\n<li>Prisma: prisma de 4 facetas con rotaci\u00f3n bidireccional<\/li>\n<li>Escarcha: Con efecto escarcha<\/li>\n<li>Voltaje: AC100-240V, 50-60Hz<\/li>\n<li>Tiempo de vida del LED: promedio de 50000 horas<\/li>\n<li>Pantalla: pantalla LCD, se puede ajustar 180 grados para adaptarse a diferentes posiciones de instalaci\u00f3n<\/li>\n<li>Permite instalar gobos corporativos\n<ul>\n<li>Taille du gobo : 21,8 mm \/ image 17 mm \/ \u00e9paisseur max. 1,2 mm<\/li>\n<\/ul>\n<\/li>\n<li>Dimensions: 343 x 239 x 537 mm<\/li>\n<li>Dimensions de l&#8217;emballage : 59 x 45 x 45<\/li>\n<li>Peso neto: 14,5 kg<\/li>\n<li>Peso bruto: 17,8 kg<\/li>\n<\/ul>\n","protected":false},"excerpt":{"rendered":"<ul>\n<li>Moving head spot<\/li>\n<li>Potencia: 300W<\/li>\n<li>Fuente de LED: 200W LED blanco<\/li>\n<li>Canal: 18 canales DMX<\/li>\n<li>Control: DMX, Maestro-esclavo, Auto, Activado por sonido<\/li>\n<\/ul>\n","protected":false},"featured_media":40562,"comment_status":"open","ping_status":"closed","template":"","meta":{"_acf_changed":false},"product_cat":[360,350,364],"product_tag":[],"class_list":{"0":"post-40572","1":"product","2":"type-product","3":"status-publish","4":"has-post-thumbnail","6":"product_cat-cabezas-moviles","7":"product_cat-iluminacion","8":"product_cat-spot-moving-head-es","10":"first","11":"instock","12":"shipping-taxable","13":"product-type-simple"},"acf":[],"yoast_head":"<!-- This site is optimized with the Yoast SEO plugin v27.0 - https:\/\/yoast.com\/product\/yoast-seo-wordpress\/ -->\n<title>Monster 200 Hybrid Black - Audibax<\/title>\n<meta name=\"robots\" content=\"index, follow, max-snippet:-1, max-image-preview:large, max-video-preview:-1\" \/>\n<link rel=\"canonical\" href=\"https:\/\/audibax.com\/es\/producto\/monster-200-hybrid-black\/\" \/>\n<meta property=\"og:locale\" content=\"es_ES\" \/>\n<meta property=\"og:type\" content=\"article\" \/>\n<meta property=\"og:title\" content=\"Monster 200 Hybrid Black - Audibax\" \/>\n<meta property=\"og:description\" content=\"Moving head spot  Potencia: 300W  Fuente de LED: 200W LED blanco  Canal: 18 canales DMX  Control: DMX, Maestro-esclavo, Auto, Activado por sonido\" \/>\n<meta property=\"og:url\" content=\"https:\/\/audibax.com\/es\/producto\/monster-200-hybrid-black\/\" \/>\n<meta property=\"og:site_name\" content=\"Audibax\" \/>\n<meta property=\"article:modified_time\" content=\"2024-11-27T09:45:30+00:00\" \/>\n<meta property=\"og:image\" content=\"https:\/\/audibax.com\/wp-content\/uploads\/2024\/01\/Monster-200-Hybrid-1-new-jpg.webp\" \/>\n\t<meta property=\"og:image:width\" content=\"2500\" \/>\n\t<meta property=\"og:image:height\" content=\"1767\" \/>\n\t<meta property=\"og:image:type\" content=\"image\/jpeg\" \/>\n<meta name=\"twitter:card\" content=\"summary_large_image\" \/>\n<meta name=\"twitter:label1\" content=\"Tiempo de lectura\" \/>\n\t<meta name=\"twitter:data1\" content=\"2 minutos\" \/>\n<script type=\"application\/ld+json\" class=\"yoast-schema-graph\">{\"@context\":\"https:\/\/schema.org\",\"@graph\":[{\"@type\":\"WebPage\",\"@id\":\"https:\/\/audibax.com\/es\/producto\/monster-200-hybrid-black\/\",\"url\":\"https:\/\/audibax.com\/es\/producto\/monster-200-hybrid-black\/\",\"name\":\"Monster 200 Hybrid Black - Audibax\",\"isPartOf\":{\"@id\":\"https:\/\/audibax.com\/es\/#website\"},\"primaryImageOfPage\":{\"@id\":\"https:\/\/audibax.com\/es\/producto\/monster-200-hybrid-black\/#primaryimage\"},\"image\":{\"@id\":\"https:\/\/audibax.com\/es\/producto\/monster-200-hybrid-black\/#primaryimage\"},\"thumbnailUrl\":\"https:\/\/audibax.com\/wp-content\/uploads\/2024\/01\/Monster-200-Hybrid-1-new-jpg.webp\",\"datePublished\":\"2024-01-16T11:33:46+00:00\",\"dateModified\":\"2024-11-27T09:45:30+00:00\",\"breadcrumb\":{\"@id\":\"https:\/\/audibax.com\/es\/producto\/monster-200-hybrid-black\/#breadcrumb\"},\"inLanguage\":\"es\",\"potentialAction\":[{\"@type\":\"ReadAction\",\"target\":[\"https:\/\/audibax.com\/es\/producto\/monster-200-hybrid-black\/\"]}]},{\"@type\":\"ImageObject\",\"inLanguage\":\"es\",\"@id\":\"https:\/\/audibax.com\/es\/producto\/monster-200-hybrid-black\/#primaryimage\",\"url\":\"https:\/\/audibax.com\/wp-content\/uploads\/2024\/01\/Monster-200-Hybrid-1-new-jpg.webp\",\"contentUrl\":\"https:\/\/audibax.com\/wp-content\/uploads\/2024\/01\/Monster-200-Hybrid-1-new-jpg.webp\",\"width\":2500,\"height\":1767},{\"@type\":\"BreadcrumbList\",\"@id\":\"https:\/\/audibax.com\/es\/producto\/monster-200-hybrid-black\/#breadcrumb\",\"itemListElement\":[{\"@type\":\"ListItem\",\"position\":1,\"name\":\"Portada\",\"item\":\"https:\/\/audibax.com\/es\/\"},{\"@type\":\"ListItem\",\"position\":2,\"name\":\"Productos\",\"item\":\"https:\/\/audibax.com\/es\/shop\/\"},{\"@type\":\"ListItem\",\"position\":3,\"name\":\"Monster 200 Hybrid Black\"}]},{\"@type\":\"WebSite\",\"@id\":\"https:\/\/audibax.com\/es\/#website\",\"url\":\"https:\/\/audibax.com\/es\/\",\"name\":\"Audibax\",\"description\":\"\",\"publisher\":{\"@id\":\"https:\/\/audibax.com\/es\/#organization\"},\"potentialAction\":[{\"@type\":\"SearchAction\",\"target\":{\"@type\":\"EntryPoint\",\"urlTemplate\":\"https:\/\/audibax.com\/es\/?s={search_term_string}\"},\"query-input\":{\"@type\":\"PropertyValueSpecification\",\"valueRequired\":true,\"valueName\":\"search_term_string\"}}],\"inLanguage\":\"es\"},{\"@type\":\"Organization\",\"@id\":\"https:\/\/audibax.com\/es\/#organization\",\"name\":\"Audibax\",\"url\":\"https:\/\/audibax.com\/es\/\",\"logo\":{\"@type\":\"ImageObject\",\"inLanguage\":\"es\",\"@id\":\"https:\/\/audibax.com\/es\/#\/schema\/logo\/image\/\",\"url\":\"https:\/\/audibax.com\/wp-content\/uploads\/2023\/09\/logo-Audibax-BLANCO-SVG-1.svg\",\"contentUrl\":\"https:\/\/audibax.com\/wp-content\/uploads\/2023\/09\/logo-Audibax-BLANCO-SVG-1.svg\",\"caption\":\"Audibax\"},\"image\":{\"@id\":\"https:\/\/audibax.com\/es\/#\/schema\/logo\/image\/\"}}]}<\/script>\n<!-- \/ Yoast SEO plugin. -->","yoast_head_json":{"title":"Monster 200 Hybrid Black - Audibax","robots":{"index":"index","follow":"follow","max-snippet":"max-snippet:-1","max-image-preview":"max-image-preview:large","max-video-preview":"max-video-preview:-1"},"canonical":"https:\/\/audibax.com\/es\/producto\/monster-200-hybrid-black\/","og_locale":"es_ES","og_type":"article","og_title":"Monster 200 Hybrid Black - Audibax","og_description":"Moving head spot  Potencia: 300W  Fuente de LED: 200W LED blanco  Canal: 18 canales DMX  Control: DMX, Maestro-esclavo, Auto, Activado por sonido","og_url":"https:\/\/audibax.com\/es\/producto\/monster-200-hybrid-black\/","og_site_name":"Audibax","article_modified_time":"2024-11-27T09:45:30+00:00","og_image":[{"width":2500,"height":1767,"url":"https:\/\/audibax.com\/wp-content\/uploads\/2024\/01\/Monster-200-Hybrid-1-new-jpg.webp","type":"image\/jpeg"}],"twitter_card":"summary_large_image","twitter_misc":{"Tiempo de lectura":"2 minutos"},"schema":{"@context":"https:\/\/schema.org","@graph":[{"@type":"WebPage","@id":"https:\/\/audibax.com\/es\/producto\/monster-200-hybrid-black\/","url":"https:\/\/audibax.com\/es\/producto\/monster-200-hybrid-black\/","name":"Monster 200 Hybrid Black - Audibax","isPartOf":{"@id":"https:\/\/audibax.com\/es\/#website"},"primaryImageOfPage":{"@id":"https:\/\/audibax.com\/es\/producto\/monster-200-hybrid-black\/#primaryimage"},"image":{"@id":"https:\/\/audibax.com\/es\/producto\/monster-200-hybrid-black\/#primaryimage"},"thumbnailUrl":"https:\/\/audibax.com\/wp-content\/uploads\/2024\/01\/Monster-200-Hybrid-1-new-jpg.webp","datePublished":"2024-01-16T11:33:46+00:00","dateModified":"2024-11-27T09:45:30+00:00","breadcrumb":{"@id":"https:\/\/audibax.com\/es\/producto\/monster-200-hybrid-black\/#breadcrumb"},"inLanguage":"es","potentialAction":[{"@type":"ReadAction","target":["https:\/\/audibax.com\/es\/producto\/monster-200-hybrid-black\/"]}]},{"@type":"ImageObject","inLanguage":"es","@id":"https:\/\/audibax.com\/es\/producto\/monster-200-hybrid-black\/#primaryimage","url":"https:\/\/audibax.com\/wp-content\/uploads\/2024\/01\/Monster-200-Hybrid-1-new-jpg.webp","contentUrl":"https:\/\/audibax.com\/wp-content\/uploads\/2024\/01\/Monster-200-Hybrid-1-new-jpg.webp","width":2500,"height":1767},{"@type":"BreadcrumbList","@id":"https:\/\/audibax.com\/es\/producto\/monster-200-hybrid-black\/#breadcrumb","itemListElement":[{"@type":"ListItem","position":1,"name":"Portada","item":"https:\/\/audibax.com\/es\/"},{"@type":"ListItem","position":2,"name":"Productos","item":"https:\/\/audibax.com\/es\/shop\/"},{"@type":"ListItem","position":3,"name":"Monster 200 Hybrid Black"}]},{"@type":"WebSite","@id":"https:\/\/audibax.com\/es\/#website","url":"https:\/\/audibax.com\/es\/","name":"Audibax","description":"","publisher":{"@id":"https:\/\/audibax.com\/es\/#organization"},"potentialAction":[{"@type":"SearchAction","target":{"@type":"EntryPoint","urlTemplate":"https:\/\/audibax.com\/es\/?s={search_term_string}"},"query-input":{"@type":"PropertyValueSpecification","valueRequired":true,"valueName":"search_term_string"}}],"inLanguage":"es"},{"@type":"Organization","@id":"https:\/\/audibax.com\/es\/#organization","name":"Audibax","url":"https:\/\/audibax.com\/es\/","logo":{"@type":"ImageObject","inLanguage":"es","@id":"https:\/\/audibax.com\/es\/#\/schema\/logo\/image\/","url":"https:\/\/audibax.com\/wp-content\/uploads\/2023\/09\/logo-Audibax-BLANCO-SVG-1.svg","contentUrl":"https:\/\/audibax.com\/wp-content\/uploads\/2023\/09\/logo-Audibax-BLANCO-SVG-1.svg","caption":"Audibax"},"image":{"@id":"https:\/\/audibax.com\/es\/#\/schema\/logo\/image\/"}}]}},"_links":{"self":[{"href":"https:\/\/audibax.com\/es\/wp-json\/wp\/v2\/product\/40572","targetHints":{"allow":["GET"]}}],"collection":[{"href":"https:\/\/audibax.com\/es\/wp-json\/wp\/v2\/product"}],"about":[{"href":"https:\/\/audibax.com\/es\/wp-json\/wp\/v2\/types\/product"}],"replies":[{"embeddable":true,"href":"https:\/\/audibax.com\/es\/wp-json\/wp\/v2\/comments?post=40572"}],"wp:featuredmedia":[{"embeddable":true,"href":"https:\/\/audibax.com\/es\/wp-json\/wp\/v2\/media\/40562"}],"wp:attachment":[{"href":"https:\/\/audibax.com\/es\/wp-json\/wp\/v2\/media?parent=40572"}],"wp:term":[{"taxonomy":"product_cat","embeddable":true,"href":"https:\/\/audibax.com\/es\/wp-json\/wp\/v2\/product_cat?post=40572"},{"taxonomy":"product_tag","embeddable":true,"href":"https:\/\/audibax.com\/es\/wp-json\/wp\/v2\/product_tag?post=40572"}],"curies":[{"name":"wp","href":"https:\/\/api.w.org\/{rel}","templated":true}]}}