{"id":40137,"date":"2024-01-15T12:08:19","date_gmt":"2024-01-15T11:08:19","guid":{"rendered":"https:\/\/audibax.com\/product\/adi-10m\/"},"modified":"2024-01-17T13:42:56","modified_gmt":"2024-01-17T12:42:56","slug":"adi-10m","status":"publish","type":"product","link":"https:\/\/audibax.com\/es\/producto\/adi-10m\/","title":{"rendered":"ADI-10M Blue"},"content":{"rendered":"<p>La ADI-10M es una caja directa pasiva (est\u00e9reo) de dos canales. Esta caja directa pasiva cuenta con dos transformadores de audio dise\u00f1ados para manejar niveles extremos de se\u00f1al sin distorsi\u00f3n de ning\u00fan tipo.<\/p>\n<p>Convierte el audio de alta impedancia de instrumentos o dispositivos de audio como MP3 y reproductor de CD a una salida XLR de baja impedancia para ser alimentado directamente a una mesa de mezclas o entrada de amplificador.<\/p>\n<p>La caja directa cuenta con 1\u20444&#8243; Jack, RCA est\u00e9reo y mini Jack de 3,5 mm de entrada complemento de opciones de conectividad por lo que es el perfecto DI Box para integradores AV profesionales y empresas de alquiler que regularmente se ocupan de una variedad de problemas de interfaz del sistema. No requiere alimentaci\u00f3n.<\/p>\n<ul>\n<li>Entrada: 1\u20444&#8243; Jack no balanceado (derecha e izquierda), RCA est\u00e9reo, minijack de 3,5 mm<\/li>\n<li>Salidas: XLR macho (derecha e izquierda)<\/li>\n<li>Impedancia de entrada: &gt;&gt;130k Ohmios<\/li>\n<li>Impedancia de salida: 600 ohmios<\/li>\n<li>Controles: Pad 0\/-15dBu e interruptor Ground-Lift<\/li>\n<li>Dimensiones: 115x84x46mm<\/li>\n<li>Peso: 435g<\/li>\n<\/ul>\n","protected":false},"excerpt":{"rendered":"<ul>\n<li>Entrada: 1\u20444&#8243; Jack no balanceado (derecha e izquierda), RCA est\u00e9reo, minijack de 3,5 mm<\/li>\n<li>Salidas: XLR macho (derecha e izquierda)<\/li>\n<li>Impedancia de entrada: &gt;&gt;130k Ohmios<\/li>\n<li>Impedancia de salida: 600 ohmios<\/li>\n<li>Controles: Pad 0\/-15dBu e interruptor Ground-Lift<\/li>\n<li>Dimensiones: 115x84x46mm<\/li>\n<li>Peso: 435g<\/li>\n<\/ul>\n","protected":false},"featured_media":40095,"comment_status":"open","ping_status":"closed","template":"","meta":{"_acf_changed":false},"product_cat":[721,720,394],"product_tag":[],"class_list":{"0":"post-40137","1":"product","2":"type-product","3":"status-publish","4":"has-post-thumbnail","6":"product_cat-cajas-di","7":"product_cat-cajas-di-herramientas","8":"product_cat-sonido-pa","10":"first","11":"instock","12":"shipping-taxable","13":"product-type-simple"},"acf":[],"yoast_head":"<!-- This site is optimized with the Yoast SEO plugin v27.0 - https:\/\/yoast.com\/product\/yoast-seo-wordpress\/ -->\n<title>ADI-10M Blue - Audibax<\/title>\n<meta name=\"robots\" content=\"index, follow, max-snippet:-1, max-image-preview:large, max-video-preview:-1\" \/>\n<link rel=\"canonical\" href=\"https:\/\/audibax.com\/es\/producto\/adi-10m\/\" \/>\n<meta property=\"og:locale\" content=\"es_ES\" \/>\n<meta property=\"og:type\" content=\"article\" \/>\n<meta property=\"og:title\" content=\"ADI-10M Blue - Audibax\" \/>\n<meta property=\"og:description\" content=\"Entrada: 1\u20444&quot; Jack no balanceado (derecha e izquierda), RCA est\u00e9reo, minijack de 3,5 mm  Salidas: XLR macho (derecha e izquierda)  Impedancia de entrada: &gt;&gt;130k Ohmios  Impedancia de salida: 600 ohmios  Controles: Pad 0\/-15dBu e interruptor Ground-Lift  Dimensiones: 115x84x46mm  Peso: 435g\" \/>\n<meta property=\"og:url\" content=\"https:\/\/audibax.com\/es\/producto\/adi-10m\/\" \/>\n<meta property=\"og:site_name\" content=\"Audibax\" \/>\n<meta property=\"article:modified_time\" content=\"2024-01-17T12:42:56+00:00\" \/>\n<meta property=\"og:image\" content=\"https:\/\/audibax.com\/wp-content\/uploads\/2024\/01\/Audibax-ADI-10M-1-new-jpg.webp\" \/>\n\t<meta property=\"og:image:width\" content=\"2500\" \/>\n\t<meta property=\"og:image:height\" content=\"1767\" \/>\n\t<meta property=\"og:image:type\" content=\"image\/jpeg\" \/>\n<meta name=\"twitter:card\" content=\"summary_large_image\" \/>\n<meta name=\"twitter:label1\" content=\"Tiempo de lectura\" \/>\n\t<meta name=\"twitter:data1\" content=\"1 minuto\" \/>\n<script type=\"application\/ld+json\" class=\"yoast-schema-graph\">{\"@context\":\"https:\/\/schema.org\",\"@graph\":[{\"@type\":\"WebPage\",\"@id\":\"https:\/\/audibax.com\/es\/producto\/adi-10m\/\",\"url\":\"https:\/\/audibax.com\/es\/producto\/adi-10m\/\",\"name\":\"ADI-10M Blue - Audibax\",\"isPartOf\":{\"@id\":\"https:\/\/audibax.com\/es\/#website\"},\"primaryImageOfPage\":{\"@id\":\"https:\/\/audibax.com\/es\/producto\/adi-10m\/#primaryimage\"},\"image\":{\"@id\":\"https:\/\/audibax.com\/es\/producto\/adi-10m\/#primaryimage\"},\"thumbnailUrl\":\"https:\/\/audibax.com\/wp-content\/uploads\/2024\/01\/Audibax-ADI-10M-1-new-jpg.webp\",\"datePublished\":\"2024-01-15T11:08:19+00:00\",\"dateModified\":\"2024-01-17T12:42:56+00:00\",\"breadcrumb\":{\"@id\":\"https:\/\/audibax.com\/es\/producto\/adi-10m\/#breadcrumb\"},\"inLanguage\":\"es\",\"potentialAction\":[{\"@type\":\"ReadAction\",\"target\":[\"https:\/\/audibax.com\/es\/producto\/adi-10m\/\"]}]},{\"@type\":\"ImageObject\",\"inLanguage\":\"es\",\"@id\":\"https:\/\/audibax.com\/es\/producto\/adi-10m\/#primaryimage\",\"url\":\"https:\/\/audibax.com\/wp-content\/uploads\/2024\/01\/Audibax-ADI-10M-1-new-jpg.webp\",\"contentUrl\":\"https:\/\/audibax.com\/wp-content\/uploads\/2024\/01\/Audibax-ADI-10M-1-new-jpg.webp\",\"width\":2500,\"height\":1767},{\"@type\":\"BreadcrumbList\",\"@id\":\"https:\/\/audibax.com\/es\/producto\/adi-10m\/#breadcrumb\",\"itemListElement\":[{\"@type\":\"ListItem\",\"position\":1,\"name\":\"Portada\",\"item\":\"https:\/\/audibax.com\/es\/\"},{\"@type\":\"ListItem\",\"position\":2,\"name\":\"Productos\",\"item\":\"https:\/\/audibax.com\/es\/shop\/\"},{\"@type\":\"ListItem\",\"position\":3,\"name\":\"ADI-10M Blue\"}]},{\"@type\":\"WebSite\",\"@id\":\"https:\/\/audibax.com\/es\/#website\",\"url\":\"https:\/\/audibax.com\/es\/\",\"name\":\"Audibax\",\"description\":\"\",\"publisher\":{\"@id\":\"https:\/\/audibax.com\/es\/#organization\"},\"potentialAction\":[{\"@type\":\"SearchAction\",\"target\":{\"@type\":\"EntryPoint\",\"urlTemplate\":\"https:\/\/audibax.com\/es\/?s={search_term_string}\"},\"query-input\":{\"@type\":\"PropertyValueSpecification\",\"valueRequired\":true,\"valueName\":\"search_term_string\"}}],\"inLanguage\":\"es\"},{\"@type\":\"Organization\",\"@id\":\"https:\/\/audibax.com\/es\/#organization\",\"name\":\"Audibax\",\"url\":\"https:\/\/audibax.com\/es\/\",\"logo\":{\"@type\":\"ImageObject\",\"inLanguage\":\"es\",\"@id\":\"https:\/\/audibax.com\/es\/#\/schema\/logo\/image\/\",\"url\":\"https:\/\/audibax.com\/wp-content\/uploads\/2023\/09\/logo-Audibax-BLANCO-SVG-1.svg\",\"contentUrl\":\"https:\/\/audibax.com\/wp-content\/uploads\/2023\/09\/logo-Audibax-BLANCO-SVG-1.svg\",\"caption\":\"Audibax\"},\"image\":{\"@id\":\"https:\/\/audibax.com\/es\/#\/schema\/logo\/image\/\"}}]}<\/script>\n<!-- \/ Yoast SEO plugin. -->","yoast_head_json":{"title":"ADI-10M Blue - Audibax","robots":{"index":"index","follow":"follow","max-snippet":"max-snippet:-1","max-image-preview":"max-image-preview:large","max-video-preview":"max-video-preview:-1"},"canonical":"https:\/\/audibax.com\/es\/producto\/adi-10m\/","og_locale":"es_ES","og_type":"article","og_title":"ADI-10M Blue - Audibax","og_description":"Entrada: 1\u20444\" Jack no balanceado (derecha e izquierda), RCA est\u00e9reo, minijack de 3,5 mm  Salidas: XLR macho (derecha e izquierda)  Impedancia de entrada: &gt;&gt;130k Ohmios  Impedancia de salida: 600 ohmios  Controles: Pad 0\/-15dBu e interruptor Ground-Lift  Dimensiones: 115x84x46mm  Peso: 435g","og_url":"https:\/\/audibax.com\/es\/producto\/adi-10m\/","og_site_name":"Audibax","article_modified_time":"2024-01-17T12:42:56+00:00","og_image":[{"width":2500,"height":1767,"url":"https:\/\/audibax.com\/wp-content\/uploads\/2024\/01\/Audibax-ADI-10M-1-new-jpg.webp","type":"image\/jpeg"}],"twitter_card":"summary_large_image","twitter_misc":{"Tiempo de lectura":"1 minuto"},"schema":{"@context":"https:\/\/schema.org","@graph":[{"@type":"WebPage","@id":"https:\/\/audibax.com\/es\/producto\/adi-10m\/","url":"https:\/\/audibax.com\/es\/producto\/adi-10m\/","name":"ADI-10M Blue - Audibax","isPartOf":{"@id":"https:\/\/audibax.com\/es\/#website"},"primaryImageOfPage":{"@id":"https:\/\/audibax.com\/es\/producto\/adi-10m\/#primaryimage"},"image":{"@id":"https:\/\/audibax.com\/es\/producto\/adi-10m\/#primaryimage"},"thumbnailUrl":"https:\/\/audibax.com\/wp-content\/uploads\/2024\/01\/Audibax-ADI-10M-1-new-jpg.webp","datePublished":"2024-01-15T11:08:19+00:00","dateModified":"2024-01-17T12:42:56+00:00","breadcrumb":{"@id":"https:\/\/audibax.com\/es\/producto\/adi-10m\/#breadcrumb"},"inLanguage":"es","potentialAction":[{"@type":"ReadAction","target":["https:\/\/audibax.com\/es\/producto\/adi-10m\/"]}]},{"@type":"ImageObject","inLanguage":"es","@id":"https:\/\/audibax.com\/es\/producto\/adi-10m\/#primaryimage","url":"https:\/\/audibax.com\/wp-content\/uploads\/2024\/01\/Audibax-ADI-10M-1-new-jpg.webp","contentUrl":"https:\/\/audibax.com\/wp-content\/uploads\/2024\/01\/Audibax-ADI-10M-1-new-jpg.webp","width":2500,"height":1767},{"@type":"BreadcrumbList","@id":"https:\/\/audibax.com\/es\/producto\/adi-10m\/#breadcrumb","itemListElement":[{"@type":"ListItem","position":1,"name":"Portada","item":"https:\/\/audibax.com\/es\/"},{"@type":"ListItem","position":2,"name":"Productos","item":"https:\/\/audibax.com\/es\/shop\/"},{"@type":"ListItem","position":3,"name":"ADI-10M Blue"}]},{"@type":"WebSite","@id":"https:\/\/audibax.com\/es\/#website","url":"https:\/\/audibax.com\/es\/","name":"Audibax","description":"","publisher":{"@id":"https:\/\/audibax.com\/es\/#organization"},"potentialAction":[{"@type":"SearchAction","target":{"@type":"EntryPoint","urlTemplate":"https:\/\/audibax.com\/es\/?s={search_term_string}"},"query-input":{"@type":"PropertyValueSpecification","valueRequired":true,"valueName":"search_term_string"}}],"inLanguage":"es"},{"@type":"Organization","@id":"https:\/\/audibax.com\/es\/#organization","name":"Audibax","url":"https:\/\/audibax.com\/es\/","logo":{"@type":"ImageObject","inLanguage":"es","@id":"https:\/\/audibax.com\/es\/#\/schema\/logo\/image\/","url":"https:\/\/audibax.com\/wp-content\/uploads\/2023\/09\/logo-Audibax-BLANCO-SVG-1.svg","contentUrl":"https:\/\/audibax.com\/wp-content\/uploads\/2023\/09\/logo-Audibax-BLANCO-SVG-1.svg","caption":"Audibax"},"image":{"@id":"https:\/\/audibax.com\/es\/#\/schema\/logo\/image\/"}}]}},"_links":{"self":[{"href":"https:\/\/audibax.com\/es\/wp-json\/wp\/v2\/product\/40137","targetHints":{"allow":["GET"]}}],"collection":[{"href":"https:\/\/audibax.com\/es\/wp-json\/wp\/v2\/product"}],"about":[{"href":"https:\/\/audibax.com\/es\/wp-json\/wp\/v2\/types\/product"}],"replies":[{"embeddable":true,"href":"https:\/\/audibax.com\/es\/wp-json\/wp\/v2\/comments?post=40137"}],"wp:featuredmedia":[{"embeddable":true,"href":"https:\/\/audibax.com\/es\/wp-json\/wp\/v2\/media\/40095"}],"wp:attachment":[{"href":"https:\/\/audibax.com\/es\/wp-json\/wp\/v2\/media?parent=40137"}],"wp:term":[{"taxonomy":"product_cat","embeddable":true,"href":"https:\/\/audibax.com\/es\/wp-json\/wp\/v2\/product_cat?post=40137"},{"taxonomy":"product_tag","embeddable":true,"href":"https:\/\/audibax.com\/es\/wp-json\/wp\/v2\/product_tag?post=40137"}],"curies":[{"name":"wp","href":"https:\/\/api.w.org\/{rel}","templated":true}]}}