{"id":39839,"date":"2024-01-12T13:49:21","date_gmt":"2024-01-12T12:49:21","guid":{"rendered":"https:\/\/audibax.com\/product\/awm-404-td-black\/"},"modified":"2024-05-06T16:02:55","modified_gmt":"2024-05-06T14:02:55","slug":"awm-404-td-black","status":"publish","type":"product","link":"https:\/\/audibax.com\/es\/producto\/awm-404-td-black\/","title":{"rendered":"AWM 404 TD Black"},"content":{"rendered":"<p>Experimenta un rendimiento sonoro excepcional con el Audibax AWM 404 TD, un sistema inal\u00e1mbrico completo que eleva tu experiencia auditiva. Equipado con un receptor de \u00faltima generaci\u00f3n y cuatro transmisores de mano, este sistema ofrece una soluci\u00f3n integral para asegurar una transmisi\u00f3n estable y potente de tu voz y sonido.<\/p>\n<p>El <strong>receptor de alta tecnolog\u00eda<\/strong> opera con precisi\u00f3n gracias a su modo de oscilaci\u00f3n PLL (sintetizador de frecuencia digital), asegurando una transmisi\u00f3n estable y sin interferencias. Su sensibilidad de 5dBuV permite captar se\u00f1ales d\u00e9biles con claridad. Adem\u00e1s, ofrece opciones de salida balanceada y no balanceada para una conectividad vers\u00e1til.<\/p>\n<p>Cada uno de los <strong>cuatro micr\u00f3fonos<\/strong> de mesa con una potencia de salida RF de m\u00e1xima precisi\u00f3n, asegurando una cobertura amplia y potente en cualquier configuraci\u00f3n. El modo de oscilaci\u00f3n PLL y la estabilidad de frecuencia de emisi\u00f3n inferior a 30 ppm garantizan una transmisi\u00f3n sin cortes y con precisi\u00f3n. Con un rango din\u00e1mico excepcional de \u2265100dB (A) y una respuesta de frecuencia de 50Hz-15KHz, estos micr\u00f3fonos capturan cada matiz de tu voz, proporcionando una reproducci\u00f3n aut\u00e9ntica y detallada.<\/p>\n<p>Equipados con micr\u00f3fonos de condensador, ofrecen una presi\u00f3n m\u00e1xima de entrada de 130dB SPL para un rendimiento potente y aut\u00e9ntico. Completando este sistema inal\u00e1mbrico de alto rendimiento, el receptor es eficiente con un voltaje de 12-16V y corriente de trabajo \u2264350mA. El Audibax AWM 404 TD es la elecci\u00f3n ideal para eventos y conferencias, proporcionando una experiencia sonora excepcional en cualquier escenario.<\/p>\n<p><strong>Receptor:<\/strong><\/p>\n<ul>\n<li>Modo de oscilaci\u00f3n: PLL (sintetizador de frecuencia digital).<\/li>\n<li>Respuesta de frecuencia: 50Hz-15KHz<\/li>\n<li>Sensibilidad: 5dBuV.<\/li>\n<li>Salida balanceada (conector XLR): 250 mV\/600 \u03a9.<\/li>\n<li>Salida no balanceada (conector de 1\/4&#8243;): 400 mV\/K3.<\/li>\n<li>Voltaje de funcionamiento: CC 12-16 V.<\/li>\n<li>Corriente de trabajo: \u2264350mA.<\/li>\n<\/ul>\n<p><strong>Micr\u00f3fono de Conferencia:<\/strong><\/p>\n<ul>\n<li>Potencia de salida RF de m\u00e1xima precisi\u00f3n.<\/li>\n<li>Modo de oscilaci\u00f3n: PLL (sintetizador de frecuencia digital).<\/li>\n<li>Estabilidad de la frecuencia de emisi\u00f3n: &lt;&lt;30 ppm.<\/li>\n<li>Rango din\u00e1mico: \u2265100dB (A).<\/li>\n<li>Respuesta de frecuencia: 50Hz-15KHz.<\/li>\n<li>Presi\u00f3n m\u00e1xima de entrada: 130dB SPL.<\/li>\n<li>Micr\u00f3fono: Din\u00e1mico.<\/li>\n<li>Fuente de alimentaci\u00f3n: 2 pilas alcalinas tipo AA (1,5 V)<\/li>\n<\/ul>\n","protected":false},"excerpt":{"rendered":"<p><strong>Receptor:<\/strong><\/p>\n<ul>\n<li>Modo de oscilaci\u00f3n: PLL (sintetizador de frecuencia digital).<\/li>\n<li>Respuesta de frecuencia: 50Hz-15KHz<\/li>\n<li>Sensibilidad: 5dBuV.<\/li>\n<li>Salida balanceada (conector XLR): 250 mV\/600 \u03a9.<\/li>\n<li>Salida no balanceada (conector de 1\/4&#8243;): 400 mV\/K3.<\/li>\n<li>Voltaje de funcionamiento: CC 12-16 V.<\/li>\n<li>Corriente de trabajo: \u2264350mA.<\/li>\n<\/ul>\n<p><strong>Micr\u00f3fono de Conferencia:<\/strong><\/p>\n<ul>\n<li>Potencia de salida RF de m\u00e1xima precisi\u00f3n.<\/li>\n<li>Modo de oscilaci\u00f3n: PLL (sintetizador de frecuencia digital).<\/li>\n<li>Estabilidad de la frecuencia de emisi\u00f3n: &lt;&lt;30 ppm.<\/li>\n<li>Rango din\u00e1mico: \u2265100dB (A).<\/li>\n<li>Respuesta de frecuencia: 50Hz-15KHz.<\/li>\n<li>Presi\u00f3n m\u00e1xima de entrada: 130dB SPL.<\/li>\n<li>Micr\u00f3fono: Din\u00e1mico.<\/li>\n<li>Fuente de alimentaci\u00f3n: 2 pilas alcalinas tipo AA (1,5 V)<\/li>\n<\/ul>\n","protected":false},"featured_media":39837,"comment_status":"open","ping_status":"closed","template":"","meta":{"_acf_changed":false},"product_cat":[372,717,388],"product_tag":[],"class_list":{"0":"post-39839","1":"product","2":"type-product","3":"status-publish","4":"has-post-thumbnail","6":"product_cat-microfonos","7":"product_cat-microfonos-de-conferencia-inalambricos","8":"product_cat-microfonos-inalambricos","10":"first","11":"instock","12":"shipping-taxable","13":"product-type-simple"},"acf":[],"yoast_head":"<!-- This site is optimized with the Yoast SEO plugin v27.0 - https:\/\/yoast.com\/product\/yoast-seo-wordpress\/ -->\n<title>AWM 404 TD Black - Audibax<\/title>\n<meta name=\"robots\" content=\"index, follow, max-snippet:-1, max-image-preview:large, max-video-preview:-1\" \/>\n<link rel=\"canonical\" href=\"https:\/\/audibax.com\/es\/producto\/awm-404-td-black\/\" \/>\n<meta property=\"og:locale\" content=\"es_ES\" \/>\n<meta property=\"og:type\" content=\"article\" \/>\n<meta property=\"og:title\" content=\"AWM 404 TD Black - Audibax\" \/>\n<meta property=\"og:description\" content=\"Receptor:   Modo de oscilaci\u00f3n: PLL (sintetizador de frecuencia digital).  Respuesta de frecuencia: 50Hz-15KHz  Sensibilidad: 5dBuV.  Salida balanceada (conector XLR): 250 mV\/600 \u03a9.  Salida no balanceada (conector de 1\/4&quot;): 400 mV\/K3.  Voltaje de funcionamiento: CC 12-16 V.  Corriente de trabajo: \u2264350mA.  Micr\u00f3fono de Conferencia:   Potencia de salida RF de m\u00e1xima precisi\u00f3n.  Modo de oscilaci\u00f3n: PLL (sintetizador de frecuencia digital).  Estabilidad de la frecuencia de emisi\u00f3n: &lt;&lt;30 ppm.  Rango din\u00e1mico: \u2265100dB (A).  Respuesta de frecuencia: 50Hz-15KHz.  Presi\u00f3n m\u00e1xima de entrada: 130dB SPL.  Micr\u00f3fono: Din\u00e1mico.  Fuente de alimentaci\u00f3n: 2 pilas alcalinas tipo AA (1,5 V)\" \/>\n<meta property=\"og:url\" content=\"https:\/\/audibax.com\/es\/producto\/awm-404-td-black\/\" \/>\n<meta property=\"og:site_name\" content=\"Audibax\" \/>\n<meta property=\"article:modified_time\" content=\"2024-05-06T14:02:55+00:00\" \/>\n<meta property=\"og:image\" content=\"https:\/\/audibax.com\/wp-content\/uploads\/2024\/01\/AWM-404TD-1-new-jpg.webp\" \/>\n\t<meta property=\"og:image:width\" content=\"2500\" \/>\n\t<meta property=\"og:image:height\" content=\"1767\" \/>\n\t<meta property=\"og:image:type\" content=\"image\/jpeg\" \/>\n<meta name=\"twitter:card\" content=\"summary_large_image\" \/>\n<meta name=\"twitter:label1\" content=\"Tiempo de lectura\" \/>\n\t<meta name=\"twitter:data1\" content=\"2 minutos\" \/>\n<script type=\"application\/ld+json\" class=\"yoast-schema-graph\">{\"@context\":\"https:\/\/schema.org\",\"@graph\":[{\"@type\":\"WebPage\",\"@id\":\"https:\/\/audibax.com\/es\/producto\/awm-404-td-black\/\",\"url\":\"https:\/\/audibax.com\/es\/producto\/awm-404-td-black\/\",\"name\":\"AWM 404 TD Black - Audibax\",\"isPartOf\":{\"@id\":\"https:\/\/audibax.com\/es\/#website\"},\"primaryImageOfPage\":{\"@id\":\"https:\/\/audibax.com\/es\/producto\/awm-404-td-black\/#primaryimage\"},\"image\":{\"@id\":\"https:\/\/audibax.com\/es\/producto\/awm-404-td-black\/#primaryimage\"},\"thumbnailUrl\":\"https:\/\/audibax.com\/wp-content\/uploads\/2024\/01\/AWM-404TD-1-new-jpg.webp\",\"datePublished\":\"2024-01-12T12:49:21+00:00\",\"dateModified\":\"2024-05-06T14:02:55+00:00\",\"breadcrumb\":{\"@id\":\"https:\/\/audibax.com\/es\/producto\/awm-404-td-black\/#breadcrumb\"},\"inLanguage\":\"es\",\"potentialAction\":[{\"@type\":\"ReadAction\",\"target\":[\"https:\/\/audibax.com\/es\/producto\/awm-404-td-black\/\"]}]},{\"@type\":\"ImageObject\",\"inLanguage\":\"es\",\"@id\":\"https:\/\/audibax.com\/es\/producto\/awm-404-td-black\/#primaryimage\",\"url\":\"https:\/\/audibax.com\/wp-content\/uploads\/2024\/01\/AWM-404TD-1-new-jpg.webp\",\"contentUrl\":\"https:\/\/audibax.com\/wp-content\/uploads\/2024\/01\/AWM-404TD-1-new-jpg.webp\",\"width\":2500,\"height\":1767},{\"@type\":\"BreadcrumbList\",\"@id\":\"https:\/\/audibax.com\/es\/producto\/awm-404-td-black\/#breadcrumb\",\"itemListElement\":[{\"@type\":\"ListItem\",\"position\":1,\"name\":\"Portada\",\"item\":\"https:\/\/audibax.com\/es\/\"},{\"@type\":\"ListItem\",\"position\":2,\"name\":\"Productos\",\"item\":\"https:\/\/audibax.com\/es\/shop\/\"},{\"@type\":\"ListItem\",\"position\":3,\"name\":\"AWM 404 TD Black\"}]},{\"@type\":\"WebSite\",\"@id\":\"https:\/\/audibax.com\/es\/#website\",\"url\":\"https:\/\/audibax.com\/es\/\",\"name\":\"Audibax\",\"description\":\"\",\"publisher\":{\"@id\":\"https:\/\/audibax.com\/es\/#organization\"},\"potentialAction\":[{\"@type\":\"SearchAction\",\"target\":{\"@type\":\"EntryPoint\",\"urlTemplate\":\"https:\/\/audibax.com\/es\/?s={search_term_string}\"},\"query-input\":{\"@type\":\"PropertyValueSpecification\",\"valueRequired\":true,\"valueName\":\"search_term_string\"}}],\"inLanguage\":\"es\"},{\"@type\":\"Organization\",\"@id\":\"https:\/\/audibax.com\/es\/#organization\",\"name\":\"Audibax\",\"url\":\"https:\/\/audibax.com\/es\/\",\"logo\":{\"@type\":\"ImageObject\",\"inLanguage\":\"es\",\"@id\":\"https:\/\/audibax.com\/es\/#\/schema\/logo\/image\/\",\"url\":\"https:\/\/audibax.com\/wp-content\/uploads\/2023\/09\/logo-Audibax-BLANCO-SVG-1.svg\",\"contentUrl\":\"https:\/\/audibax.com\/wp-content\/uploads\/2023\/09\/logo-Audibax-BLANCO-SVG-1.svg\",\"caption\":\"Audibax\"},\"image\":{\"@id\":\"https:\/\/audibax.com\/es\/#\/schema\/logo\/image\/\"}}]}<\/script>\n<!-- \/ Yoast SEO plugin. -->","yoast_head_json":{"title":"AWM 404 TD Black - Audibax","robots":{"index":"index","follow":"follow","max-snippet":"max-snippet:-1","max-image-preview":"max-image-preview:large","max-video-preview":"max-video-preview:-1"},"canonical":"https:\/\/audibax.com\/es\/producto\/awm-404-td-black\/","og_locale":"es_ES","og_type":"article","og_title":"AWM 404 TD Black - Audibax","og_description":"Receptor:   Modo de oscilaci\u00f3n: PLL (sintetizador de frecuencia digital).  Respuesta de frecuencia: 50Hz-15KHz  Sensibilidad: 5dBuV.  Salida balanceada (conector XLR): 250 mV\/600 \u03a9.  Salida no balanceada (conector de 1\/4\"): 400 mV\/K3.  Voltaje de funcionamiento: CC 12-16 V.  Corriente de trabajo: \u2264350mA.  Micr\u00f3fono de Conferencia:   Potencia de salida RF de m\u00e1xima precisi\u00f3n.  Modo de oscilaci\u00f3n: PLL (sintetizador de frecuencia digital).  Estabilidad de la frecuencia de emisi\u00f3n: &lt;&lt;30 ppm.  Rango din\u00e1mico: \u2265100dB (A).  Respuesta de frecuencia: 50Hz-15KHz.  Presi\u00f3n m\u00e1xima de entrada: 130dB SPL.  Micr\u00f3fono: Din\u00e1mico.  Fuente de alimentaci\u00f3n: 2 pilas alcalinas tipo AA (1,5 V)","og_url":"https:\/\/audibax.com\/es\/producto\/awm-404-td-black\/","og_site_name":"Audibax","article_modified_time":"2024-05-06T14:02:55+00:00","og_image":[{"width":2500,"height":1767,"url":"https:\/\/audibax.com\/wp-content\/uploads\/2024\/01\/AWM-404TD-1-new-jpg.webp","type":"image\/jpeg"}],"twitter_card":"summary_large_image","twitter_misc":{"Tiempo de lectura":"2 minutos"},"schema":{"@context":"https:\/\/schema.org","@graph":[{"@type":"WebPage","@id":"https:\/\/audibax.com\/es\/producto\/awm-404-td-black\/","url":"https:\/\/audibax.com\/es\/producto\/awm-404-td-black\/","name":"AWM 404 TD Black - Audibax","isPartOf":{"@id":"https:\/\/audibax.com\/es\/#website"},"primaryImageOfPage":{"@id":"https:\/\/audibax.com\/es\/producto\/awm-404-td-black\/#primaryimage"},"image":{"@id":"https:\/\/audibax.com\/es\/producto\/awm-404-td-black\/#primaryimage"},"thumbnailUrl":"https:\/\/audibax.com\/wp-content\/uploads\/2024\/01\/AWM-404TD-1-new-jpg.webp","datePublished":"2024-01-12T12:49:21+00:00","dateModified":"2024-05-06T14:02:55+00:00","breadcrumb":{"@id":"https:\/\/audibax.com\/es\/producto\/awm-404-td-black\/#breadcrumb"},"inLanguage":"es","potentialAction":[{"@type":"ReadAction","target":["https:\/\/audibax.com\/es\/producto\/awm-404-td-black\/"]}]},{"@type":"ImageObject","inLanguage":"es","@id":"https:\/\/audibax.com\/es\/producto\/awm-404-td-black\/#primaryimage","url":"https:\/\/audibax.com\/wp-content\/uploads\/2024\/01\/AWM-404TD-1-new-jpg.webp","contentUrl":"https:\/\/audibax.com\/wp-content\/uploads\/2024\/01\/AWM-404TD-1-new-jpg.webp","width":2500,"height":1767},{"@type":"BreadcrumbList","@id":"https:\/\/audibax.com\/es\/producto\/awm-404-td-black\/#breadcrumb","itemListElement":[{"@type":"ListItem","position":1,"name":"Portada","item":"https:\/\/audibax.com\/es\/"},{"@type":"ListItem","position":2,"name":"Productos","item":"https:\/\/audibax.com\/es\/shop\/"},{"@type":"ListItem","position":3,"name":"AWM 404 TD Black"}]},{"@type":"WebSite","@id":"https:\/\/audibax.com\/es\/#website","url":"https:\/\/audibax.com\/es\/","name":"Audibax","description":"","publisher":{"@id":"https:\/\/audibax.com\/es\/#organization"},"potentialAction":[{"@type":"SearchAction","target":{"@type":"EntryPoint","urlTemplate":"https:\/\/audibax.com\/es\/?s={search_term_string}"},"query-input":{"@type":"PropertyValueSpecification","valueRequired":true,"valueName":"search_term_string"}}],"inLanguage":"es"},{"@type":"Organization","@id":"https:\/\/audibax.com\/es\/#organization","name":"Audibax","url":"https:\/\/audibax.com\/es\/","logo":{"@type":"ImageObject","inLanguage":"es","@id":"https:\/\/audibax.com\/es\/#\/schema\/logo\/image\/","url":"https:\/\/audibax.com\/wp-content\/uploads\/2023\/09\/logo-Audibax-BLANCO-SVG-1.svg","contentUrl":"https:\/\/audibax.com\/wp-content\/uploads\/2023\/09\/logo-Audibax-BLANCO-SVG-1.svg","caption":"Audibax"},"image":{"@id":"https:\/\/audibax.com\/es\/#\/schema\/logo\/image\/"}}]}},"_links":{"self":[{"href":"https:\/\/audibax.com\/es\/wp-json\/wp\/v2\/product\/39839","targetHints":{"allow":["GET"]}}],"collection":[{"href":"https:\/\/audibax.com\/es\/wp-json\/wp\/v2\/product"}],"about":[{"href":"https:\/\/audibax.com\/es\/wp-json\/wp\/v2\/types\/product"}],"replies":[{"embeddable":true,"href":"https:\/\/audibax.com\/es\/wp-json\/wp\/v2\/comments?post=39839"}],"wp:featuredmedia":[{"embeddable":true,"href":"https:\/\/audibax.com\/es\/wp-json\/wp\/v2\/media\/39837"}],"wp:attachment":[{"href":"https:\/\/audibax.com\/es\/wp-json\/wp\/v2\/media?parent=39839"}],"wp:term":[{"taxonomy":"product_cat","embeddable":true,"href":"https:\/\/audibax.com\/es\/wp-json\/wp\/v2\/product_cat?post=39839"},{"taxonomy":"product_tag","embeddable":true,"href":"https:\/\/audibax.com\/es\/wp-json\/wp\/v2\/product_tag?post=39839"}],"curies":[{"name":"wp","href":"https:\/\/api.w.org\/{rel}","templated":true}]}}