{"id":39587,"date":"2024-01-11T13:11:43","date_gmt":"2024-01-11T12:11:43","guid":{"rendered":"https:\/\/audibax.com\/product\/srm102-black\/"},"modified":"2024-05-08T10:07:06","modified_gmt":"2024-05-08T08:07:06","slug":"srm102-black","status":"publish","type":"product","link":"https:\/\/audibax.com\/es\/producto\/srm102-black\/","title":{"rendered":"SRM102 Black"},"content":{"rendered":"<p>Nuestro mezclador <strong>Audibax SRM102<\/strong> en formato rack es la pieza central ideal para cualquier instalaci\u00f3n de audio profesional en bares, restaurantes y hoteles. Este dispositivo no solo se destaca por su conectividad y versatilidad, sino que tambi\u00e9n est\u00e1 dise\u00f1ado para cumplir con los requisitos m\u00e1s exigentes de cualquier entorno sonoro.<\/p>\n<p><strong>Conectividad y Versatilidad:<\/strong><\/p>\n<p>Con cinco entradas de micr\u00f3fono, tres entradas auxiliares y dos entradas prioritarias, el Audibax SRM102 es un camale\u00f3n de la conectividad. Cada canal cuenta con control de volumen independiente, lo que permite una mezcla precisa y personalizada. Esta flexibilidad lo hace perfecto para adaptarse a una variedad de fuentes de sonido y configuraciones, asegurando que todos los inputs se gestionen con facilidad y eficacia.<\/p>\n<p><strong>Control y Ecualizaci\u00f3n:<\/strong><\/p>\n<p>Ajuste el sonido a la perfecci\u00f3n con nuestros controles intuitivos de agudos y graves. La ecualizaci\u00f3n detallada permite a los usuarios afinar la salida de audio para que coincida con la ac\u00fastica del espacio y las preferencias personales. Ya sea para resaltar la claridad del habla o para enriquecer el tono de la m\u00fasica de fondo, estos controles de ecualizaci\u00f3n son fundamentales para crear la atm\u00f3sfera sonora perfecta.<\/p>\n<p><strong>Calidad de Sonido y Robustez:<\/strong><\/p>\n<p>La fiabilidad es una promesa con este mezclador, gracias a sus componentes de alta calidad que garantizan una excelente calidad de sonido y una durabilidad inquebrantable. Construido para resistir el uso constante y las condiciones a veces rigurosas de los ambientes comerciales, este mezclador ofrece un rendimiento ac\u00fastico excepcional y est\u00e1 preparado para durar.<\/p>\n<p><strong>Imprescindible en Instalaciones Comerciales:<\/strong><\/p>\n<p>Audibax SRM102 es una adici\u00f3n vital para cualquier instalaci\u00f3n de audio en bares, restaurantes y hoteles. Facilita la creaci\u00f3n de ambientes sonoros envolventes y agradables que mejoran la experiencia del cliente. Con su f\u00e1cil integraci\u00f3n en sistemas de audio existentes y su capacidad para gestionar m\u00faltiples fuentes, es una herramienta indispensable para cualquier negocio que valore la importancia de una experiencia auditiva de calidad.<\/p>\n<ul>\n<li>Mezclador para instalaciones profesionales<\/li>\n<li>4 salidas<\/li>\n<li>8 entradas (5 entradas de micr\u00f3fono, 3 entradas auxiliares, 2 entradas prioritarias)<\/li>\n<li>Funci\u00f3n de silencio.<\/li>\n<li>Control de volumen individual.<\/li>\n<li>Sensibilidad de entrada micr\u00f3fono: \u22643,2 mV, desbalanceado<\/li>\n<li>Aux: \u2264300mV, desbalanceado<\/li>\n<li>EMC:\u2264450mV<\/li>\n<li>Salida de audio: 0dBV<\/li>\n<li>Respuesta de frecuencia: 30Hz-20KHz(\u00b13dB)<\/li>\n<li>Distorsi\u00f3n: \u22640,1% (1 KHz, condici\u00f3n de funcionamiento normal nominal)<\/li>\n<li>Relaci\u00f3n S\/N entrada auxiliar: \u226566dB<\/li>\n<li>Tono:\n<ul>\n<li>Graves: \u00b110 dB (100 Hz)<\/li>\n<li>Agudos: \u00b110dB (10kHz)<\/li>\n<\/ul>\n<\/li>\n<li>Protecci\u00f3n: fusible de CA<\/li>\n<li>Consumo de energ\u00eda: CA 220 V\/50 Hz<\/li>\n<li>Tama\u00f1o del embalaje exterior (mm): (L\u00d7W\u00d7H)530\u00d7440\u00d7195<\/li>\n<li>Tama\u00f1o de la unidad (mm): (L\u00d7W\u00d7H)484\u00d7365\u00d788<\/li>\n<li>Peso bruto: 8 kg<\/li>\n<li>Peso neto: 6,2 kg<\/li>\n<\/ul>\n","protected":false},"excerpt":{"rendered":"<ul>\n<li>Mezclador para instalaciones profesionales<\/li>\n<li>4 salidas<\/li>\n<li>8 entradas (5 entradas de micr\u00f3fono, 3 entradas auxiliares, 2 entradas prioritarias)<\/li>\n<li>Funci\u00f3n de silencio.<\/li>\n<li>Control de volumen individual.<\/li>\n<li>Tono:\n<ul>\n<li>Graves: \u00b110 dB (100 Hz)<\/li>\n<li>Agudos: \u00b110dB (10kHz)<\/li>\n<\/ul>\n<\/li>\n<li>Protecci\u00f3n: fusible de CA<\/li>\n<li>Consumo de energ\u00eda: CA 220 V\/50 Hz<\/li>\n<li>Tama\u00f1o de la unidad (mm): (L\u00d7W\u00d7H)484\u00d7365\u00d788<\/li>\n<li>Peso neto: 6,2 kg<\/li>\n<\/ul>\n","protected":false},"featured_media":39563,"comment_status":"open","ping_status":"closed","template":"","meta":{"_acf_changed":false},"product_cat":[396,719,394],"product_tag":[],"class_list":{"0":"post-39587","1":"product","2":"type-product","3":"status-publish","4":"has-post-thumbnail","6":"product_cat-amplificadores","7":"product_cat-amplificadores-de-mezcla-preamplificadores","8":"product_cat-sonido-pa","10":"first","11":"instock","12":"shipping-taxable","13":"product-type-simple"},"acf":[],"yoast_head":"<!-- This site is optimized with the Yoast SEO plugin v27.0 - https:\/\/yoast.com\/product\/yoast-seo-wordpress\/ -->\n<title>SRM102 Black - Audibax<\/title>\n<meta name=\"robots\" content=\"index, follow, max-snippet:-1, max-image-preview:large, max-video-preview:-1\" \/>\n<link rel=\"canonical\" href=\"https:\/\/audibax.com\/es\/producto\/srm102-black\/\" \/>\n<meta property=\"og:locale\" content=\"es_ES\" \/>\n<meta property=\"og:type\" content=\"article\" \/>\n<meta property=\"og:title\" content=\"SRM102 Black - Audibax\" \/>\n<meta property=\"og:description\" content=\"Mezclador para instalaciones profesionales  4 salidas  8 entradas (5 entradas de micr\u00f3fono, 3 entradas auxiliares, 2 entradas prioritarias)  Funci\u00f3n de silencio.  Control de volumen individual.  Tono:   Graves: \u00b110 dB (100 Hz)  Agudos: \u00b110dB (10kHz)    Protecci\u00f3n: fusible de CA  Consumo de energ\u00eda: CA 220 V\/50 Hz  Tama\u00f1o de la unidad (mm): (L\u00d7W\u00d7H)484\u00d7365\u00d788  Peso neto: 6,2 kg\" \/>\n<meta property=\"og:url\" content=\"https:\/\/audibax.com\/es\/producto\/srm102-black\/\" \/>\n<meta property=\"og:site_name\" content=\"Audibax\" \/>\n<meta property=\"article:modified_time\" content=\"2024-05-08T08:07:06+00:00\" \/>\n<meta property=\"og:image\" content=\"https:\/\/audibax.com\/wp-content\/uploads\/2024\/01\/Audibax-SRM102-1-new-jpg.webp\" \/>\n\t<meta property=\"og:image:width\" content=\"2500\" \/>\n\t<meta property=\"og:image:height\" content=\"1767\" \/>\n\t<meta property=\"og:image:type\" content=\"image\/jpeg\" \/>\n<meta name=\"twitter:card\" content=\"summary_large_image\" \/>\n<meta name=\"twitter:label1\" content=\"Tiempo de lectura\" \/>\n\t<meta name=\"twitter:data1\" content=\"3 minutos\" \/>\n<script type=\"application\/ld+json\" class=\"yoast-schema-graph\">{\"@context\":\"https:\/\/schema.org\",\"@graph\":[{\"@type\":\"WebPage\",\"@id\":\"https:\/\/audibax.com\/es\/producto\/srm102-black\/\",\"url\":\"https:\/\/audibax.com\/es\/producto\/srm102-black\/\",\"name\":\"SRM102 Black - Audibax\",\"isPartOf\":{\"@id\":\"https:\/\/audibax.com\/es\/#website\"},\"primaryImageOfPage\":{\"@id\":\"https:\/\/audibax.com\/es\/producto\/srm102-black\/#primaryimage\"},\"image\":{\"@id\":\"https:\/\/audibax.com\/es\/producto\/srm102-black\/#primaryimage\"},\"thumbnailUrl\":\"https:\/\/audibax.com\/wp-content\/uploads\/2024\/01\/Audibax-SRM102-1-new-jpg.webp\",\"datePublished\":\"2024-01-11T12:11:43+00:00\",\"dateModified\":\"2024-05-08T08:07:06+00:00\",\"breadcrumb\":{\"@id\":\"https:\/\/audibax.com\/es\/producto\/srm102-black\/#breadcrumb\"},\"inLanguage\":\"es\",\"potentialAction\":[{\"@type\":\"ReadAction\",\"target\":[\"https:\/\/audibax.com\/es\/producto\/srm102-black\/\"]}]},{\"@type\":\"ImageObject\",\"inLanguage\":\"es\",\"@id\":\"https:\/\/audibax.com\/es\/producto\/srm102-black\/#primaryimage\",\"url\":\"https:\/\/audibax.com\/wp-content\/uploads\/2024\/01\/Audibax-SRM102-1-new-jpg.webp\",\"contentUrl\":\"https:\/\/audibax.com\/wp-content\/uploads\/2024\/01\/Audibax-SRM102-1-new-jpg.webp\",\"width\":2500,\"height\":1767},{\"@type\":\"BreadcrumbList\",\"@id\":\"https:\/\/audibax.com\/es\/producto\/srm102-black\/#breadcrumb\",\"itemListElement\":[{\"@type\":\"ListItem\",\"position\":1,\"name\":\"Portada\",\"item\":\"https:\/\/audibax.com\/es\/\"},{\"@type\":\"ListItem\",\"position\":2,\"name\":\"Productos\",\"item\":\"https:\/\/audibax.com\/es\/shop\/\"},{\"@type\":\"ListItem\",\"position\":3,\"name\":\"SRM102 Black\"}]},{\"@type\":\"WebSite\",\"@id\":\"https:\/\/audibax.com\/es\/#website\",\"url\":\"https:\/\/audibax.com\/es\/\",\"name\":\"Audibax\",\"description\":\"\",\"publisher\":{\"@id\":\"https:\/\/audibax.com\/es\/#organization\"},\"potentialAction\":[{\"@type\":\"SearchAction\",\"target\":{\"@type\":\"EntryPoint\",\"urlTemplate\":\"https:\/\/audibax.com\/es\/?s={search_term_string}\"},\"query-input\":{\"@type\":\"PropertyValueSpecification\",\"valueRequired\":true,\"valueName\":\"search_term_string\"}}],\"inLanguage\":\"es\"},{\"@type\":\"Organization\",\"@id\":\"https:\/\/audibax.com\/es\/#organization\",\"name\":\"Audibax\",\"url\":\"https:\/\/audibax.com\/es\/\",\"logo\":{\"@type\":\"ImageObject\",\"inLanguage\":\"es\",\"@id\":\"https:\/\/audibax.com\/es\/#\/schema\/logo\/image\/\",\"url\":\"https:\/\/audibax.com\/wp-content\/uploads\/2023\/09\/logo-Audibax-BLANCO-SVG-1.svg\",\"contentUrl\":\"https:\/\/audibax.com\/wp-content\/uploads\/2023\/09\/logo-Audibax-BLANCO-SVG-1.svg\",\"caption\":\"Audibax\"},\"image\":{\"@id\":\"https:\/\/audibax.com\/es\/#\/schema\/logo\/image\/\"}}]}<\/script>\n<!-- \/ Yoast SEO plugin. -->","yoast_head_json":{"title":"SRM102 Black - Audibax","robots":{"index":"index","follow":"follow","max-snippet":"max-snippet:-1","max-image-preview":"max-image-preview:large","max-video-preview":"max-video-preview:-1"},"canonical":"https:\/\/audibax.com\/es\/producto\/srm102-black\/","og_locale":"es_ES","og_type":"article","og_title":"SRM102 Black - Audibax","og_description":"Mezclador para instalaciones profesionales  4 salidas  8 entradas (5 entradas de micr\u00f3fono, 3 entradas auxiliares, 2 entradas prioritarias)  Funci\u00f3n de silencio.  Control de volumen individual.  Tono:   Graves: \u00b110 dB (100 Hz)  Agudos: \u00b110dB (10kHz)    Protecci\u00f3n: fusible de CA  Consumo de energ\u00eda: CA 220 V\/50 Hz  Tama\u00f1o de la unidad (mm): (L\u00d7W\u00d7H)484\u00d7365\u00d788  Peso neto: 6,2 kg","og_url":"https:\/\/audibax.com\/es\/producto\/srm102-black\/","og_site_name":"Audibax","article_modified_time":"2024-05-08T08:07:06+00:00","og_image":[{"width":2500,"height":1767,"url":"https:\/\/audibax.com\/wp-content\/uploads\/2024\/01\/Audibax-SRM102-1-new-jpg.webp","type":"image\/jpeg"}],"twitter_card":"summary_large_image","twitter_misc":{"Tiempo de lectura":"3 minutos"},"schema":{"@context":"https:\/\/schema.org","@graph":[{"@type":"WebPage","@id":"https:\/\/audibax.com\/es\/producto\/srm102-black\/","url":"https:\/\/audibax.com\/es\/producto\/srm102-black\/","name":"SRM102 Black - Audibax","isPartOf":{"@id":"https:\/\/audibax.com\/es\/#website"},"primaryImageOfPage":{"@id":"https:\/\/audibax.com\/es\/producto\/srm102-black\/#primaryimage"},"image":{"@id":"https:\/\/audibax.com\/es\/producto\/srm102-black\/#primaryimage"},"thumbnailUrl":"https:\/\/audibax.com\/wp-content\/uploads\/2024\/01\/Audibax-SRM102-1-new-jpg.webp","datePublished":"2024-01-11T12:11:43+00:00","dateModified":"2024-05-08T08:07:06+00:00","breadcrumb":{"@id":"https:\/\/audibax.com\/es\/producto\/srm102-black\/#breadcrumb"},"inLanguage":"es","potentialAction":[{"@type":"ReadAction","target":["https:\/\/audibax.com\/es\/producto\/srm102-black\/"]}]},{"@type":"ImageObject","inLanguage":"es","@id":"https:\/\/audibax.com\/es\/producto\/srm102-black\/#primaryimage","url":"https:\/\/audibax.com\/wp-content\/uploads\/2024\/01\/Audibax-SRM102-1-new-jpg.webp","contentUrl":"https:\/\/audibax.com\/wp-content\/uploads\/2024\/01\/Audibax-SRM102-1-new-jpg.webp","width":2500,"height":1767},{"@type":"BreadcrumbList","@id":"https:\/\/audibax.com\/es\/producto\/srm102-black\/#breadcrumb","itemListElement":[{"@type":"ListItem","position":1,"name":"Portada","item":"https:\/\/audibax.com\/es\/"},{"@type":"ListItem","position":2,"name":"Productos","item":"https:\/\/audibax.com\/es\/shop\/"},{"@type":"ListItem","position":3,"name":"SRM102 Black"}]},{"@type":"WebSite","@id":"https:\/\/audibax.com\/es\/#website","url":"https:\/\/audibax.com\/es\/","name":"Audibax","description":"","publisher":{"@id":"https:\/\/audibax.com\/es\/#organization"},"potentialAction":[{"@type":"SearchAction","target":{"@type":"EntryPoint","urlTemplate":"https:\/\/audibax.com\/es\/?s={search_term_string}"},"query-input":{"@type":"PropertyValueSpecification","valueRequired":true,"valueName":"search_term_string"}}],"inLanguage":"es"},{"@type":"Organization","@id":"https:\/\/audibax.com\/es\/#organization","name":"Audibax","url":"https:\/\/audibax.com\/es\/","logo":{"@type":"ImageObject","inLanguage":"es","@id":"https:\/\/audibax.com\/es\/#\/schema\/logo\/image\/","url":"https:\/\/audibax.com\/wp-content\/uploads\/2023\/09\/logo-Audibax-BLANCO-SVG-1.svg","contentUrl":"https:\/\/audibax.com\/wp-content\/uploads\/2023\/09\/logo-Audibax-BLANCO-SVG-1.svg","caption":"Audibax"},"image":{"@id":"https:\/\/audibax.com\/es\/#\/schema\/logo\/image\/"}}]}},"_links":{"self":[{"href":"https:\/\/audibax.com\/es\/wp-json\/wp\/v2\/product\/39587","targetHints":{"allow":["GET"]}}],"collection":[{"href":"https:\/\/audibax.com\/es\/wp-json\/wp\/v2\/product"}],"about":[{"href":"https:\/\/audibax.com\/es\/wp-json\/wp\/v2\/types\/product"}],"replies":[{"embeddable":true,"href":"https:\/\/audibax.com\/es\/wp-json\/wp\/v2\/comments?post=39587"}],"wp:featuredmedia":[{"embeddable":true,"href":"https:\/\/audibax.com\/es\/wp-json\/wp\/v2\/media\/39563"}],"wp:attachment":[{"href":"https:\/\/audibax.com\/es\/wp-json\/wp\/v2\/media?parent=39587"}],"wp:term":[{"taxonomy":"product_cat","embeddable":true,"href":"https:\/\/audibax.com\/es\/wp-json\/wp\/v2\/product_cat?post=39587"},{"taxonomy":"product_tag","embeddable":true,"href":"https:\/\/audibax.com\/es\/wp-json\/wp\/v2\/product_tag?post=39587"}],"curies":[{"name":"wp","href":"https:\/\/api.w.org\/{rel}","templated":true}]}}