{"id":39560,"date":"2024-01-11T10:21:29","date_gmt":"2024-01-11T09:21:29","guid":{"rendered":"https:\/\/audibax.com\/product\/java-4-tw-white\/"},"modified":"2024-05-08T10:10:12","modified_gmt":"2024-05-08T08:10:12","slug":"java-4-tw-white","status":"publish","type":"product","link":"https:\/\/audibax.com\/es\/producto\/java-4-tw-white\/","title":{"rendered":"Java 4 TW White"},"content":{"rendered":"<p><strong>Ideal para interiores y exteriores:<\/strong><\/p>\n<p>Nuestro altavoz de instalaci\u00f3n Audibax Java est\u00e1 dise\u00f1ado para ser el complemento sonoro perfecto tanto para interiores como para exteriores. Gracias a su robustez y versatilidad, se adapta a cualquier ambiente, desde la intimidad de una terraza en el hogar hasta la amplitud de un comedor de un restaurante. Su capacidad para soportar las condiciones m\u00e1s exigentes lo convierte en el aliado ideal para llevar m\u00fasica y anuncios a cualquier espacio, sin importar las inclemencias del tiempo.<\/p>\n<p><strong>Elegancia y dise\u00f1o:<\/strong><\/p>\n<p>La est\u00e9tica no se ha dejado al azar en este altavoz, el Audibax Java ofrece un dise\u00f1o moderno con acabados disponibles en negro y blanco. La elegancia de sus l\u00edneas y la sobriedad de su presentaci\u00f3n le permiten mimetizarse con la decoraci\u00f3n existente o destacar como un elemento de dise\u00f1o, seg\u00fan se desee. La belleza de su construcci\u00f3n es tan atractiva como la calidad del sonido que emite.<\/p>\n<p><strong>Calidad de sonido:<\/strong><\/p>\n<p>Hablando de sonido, la claridad y profundidad ac\u00fastica que proporciona nuestro Audibax Java son incomparables. Con un \u00e1ngulo ajustable, permite dirigir el sonido con precisi\u00f3n hacia el \u00e1rea deseada, asegurando que cada nota y palabra llegue con la m\u00e1xima fidelidad y claridad. Ya sea que est\u00e9 reproduciendo m\u00fasica ambiental suave o en situaciones donde se requiere m\u00e1s volumen y energ\u00eda, la calidad del sonido permanece impecable.<\/p>\n<p><strong>Componentes de alta calidad:<\/strong><\/p>\n<p>La durabilidad es una de nuestras principales preocupaciones. Por eso, hemos equipado a este altavoz con componentes de alta calidad que garantizan una vida \u00fatil prolongada. Resistente a la corrosi\u00f3n y a la decoloraci\u00f3n, y con una protecci\u00f3n superior contra la humedad y el polvo, este altavoz est\u00e1 construido para perdurar, reduciendo la necesidad de mantenimiento y garantizando un rendimiento excepcional a lo largo del tiempo.<\/p>\n<p><strong>Versatilidad:<\/strong><\/p>\n<p>Nuestros altavoces Audibax Java, son la elecci\u00f3n predilecta para una multitud de espacios comerciales y de ocio. Tiendas de moda, centros comerciales concurridos, gimnasios modernos, hogares contempor\u00e1neos y centros de entretenimiento vibrantes: todos encuentran en este altavoz el medio para crear el ambiente sonoro deseado. Con una instalaci\u00f3n sencilla y una integraci\u00f3n fluida en cualquier espacio, estos altavoces elevan la experiencia auditiva de cualquier entorno.<\/p>\n<ul>\n<li>Material: ABS<\/li>\n<li>Altavoz de graves: 4&#8243;<\/li>\n<li>Respuesta de frecuencia: 120Hz-20kHz<\/li>\n<li>Potencia RMS: 20W &#8211; 70V\/100V\/Lo-Z(8 Ohms)<\/li>\n<li>Sensibilidad: 85dB<\/li>\n<li>Transformador: 70\/100V\/ baja impedancia<\/li>\n<li>Fijaci\u00f3n: soporte\/tornillo<\/li>\n<li>Dimensiones del producto: 148x27x138mm<\/li>\n<li>Color: Blanco<\/li>\n<\/ul>\n","protected":false},"excerpt":{"rendered":"<ul>\n<li>Material: ABS<\/li>\n<li>Altavoz de graves: 4&#8243;<\/li>\n<li>Respuesta de frecuencia: 120Hz-20kHz<\/li>\n<li>Potencia RMS: 20W &#8211; 70V\/100V\/Lo-Z(8 Ohms)<\/li>\n<li>Sensibilidad: 85dB<\/li>\n<li>Transformador: 70\/100V\/ baja impedancia<\/li>\n<li>Fijaci\u00f3n: soporte\/tornillo<\/li>\n<li>Dimensiones del producto: 148x27x138mm<\/li>\n<li>Color: Blanco<\/li>\n<\/ul>\n","protected":false},"featured_media":50100,"comment_status":"open","ping_status":"closed","template":"","meta":{"_acf_changed":false},"product_cat":[250,418,394],"product_tag":[],"class_list":{"0":"post-39560","1":"product","2":"type-product","3":"status-publish","4":"has-post-thumbnail","6":"product_cat-altavoces","7":"product_cat-altavoces-de-pared","8":"product_cat-sonido-pa","10":"first","11":"instock","12":"shipping-taxable","13":"product-type-simple"},"acf":[],"yoast_head":"<!-- This site is optimized with the Yoast SEO plugin v27.0 - https:\/\/yoast.com\/product\/yoast-seo-wordpress\/ -->\n<title>Java 4 TW White - Audibax<\/title>\n<meta name=\"robots\" content=\"index, follow, max-snippet:-1, max-image-preview:large, max-video-preview:-1\" \/>\n<link rel=\"canonical\" href=\"https:\/\/audibax.com\/es\/producto\/java-4-tw-white\/\" \/>\n<meta property=\"og:locale\" content=\"es_ES\" \/>\n<meta property=\"og:type\" content=\"article\" \/>\n<meta property=\"og:title\" content=\"Java 4 TW White - Audibax\" \/>\n<meta property=\"og:description\" content=\"Material: ABS  Altavoz de graves: 4&quot;  Respuesta de frecuencia: 120Hz-20kHz  Potencia RMS: 20W - 70V\/100V\/Lo-Z(8 Ohms)  Sensibilidad: 85dB  Transformador: 70\/100V\/ baja impedancia  Fijaci\u00f3n: soporte\/tornillo  Dimensiones del producto: 148x27x138mm  Color: Blanco\" \/>\n<meta property=\"og:url\" content=\"https:\/\/audibax.com\/es\/producto\/java-4-tw-white\/\" \/>\n<meta property=\"og:site_name\" content=\"Audibax\" \/>\n<meta property=\"article:modified_time\" content=\"2024-05-08T08:10:12+00:00\" \/>\n<meta property=\"og:image\" content=\"https:\/\/audibax.com\/wp-content\/uploads\/2024\/01\/Audibax-Java-4-TW-White-1-new-jpg.webp\" \/>\n\t<meta property=\"og:image:width\" content=\"2500\" \/>\n\t<meta property=\"og:image:height\" content=\"1767\" \/>\n\t<meta property=\"og:image:type\" content=\"image\/jpeg\" \/>\n<meta name=\"twitter:card\" content=\"summary_large_image\" \/>\n<meta name=\"twitter:label1\" content=\"Tiempo de lectura\" \/>\n\t<meta name=\"twitter:data1\" content=\"2 minutos\" \/>\n<script type=\"application\/ld+json\" class=\"yoast-schema-graph\">{\"@context\":\"https:\/\/schema.org\",\"@graph\":[{\"@type\":\"WebPage\",\"@id\":\"https:\/\/audibax.com\/es\/producto\/java-4-tw-white\/\",\"url\":\"https:\/\/audibax.com\/es\/producto\/java-4-tw-white\/\",\"name\":\"Java 4 TW White - Audibax\",\"isPartOf\":{\"@id\":\"https:\/\/audibax.com\/es\/#website\"},\"primaryImageOfPage\":{\"@id\":\"https:\/\/audibax.com\/es\/producto\/java-4-tw-white\/#primaryimage\"},\"image\":{\"@id\":\"https:\/\/audibax.com\/es\/producto\/java-4-tw-white\/#primaryimage\"},\"thumbnailUrl\":\"https:\/\/audibax.com\/wp-content\/uploads\/2024\/01\/Audibax-Java-4-TW-White_1.png\",\"datePublished\":\"2024-01-11T09:21:29+00:00\",\"dateModified\":\"2024-05-08T08:10:12+00:00\",\"breadcrumb\":{\"@id\":\"https:\/\/audibax.com\/es\/producto\/java-4-tw-white\/#breadcrumb\"},\"inLanguage\":\"es\",\"potentialAction\":[{\"@type\":\"ReadAction\",\"target\":[\"https:\/\/audibax.com\/es\/producto\/java-4-tw-white\/\"]}]},{\"@type\":\"ImageObject\",\"inLanguage\":\"es\",\"@id\":\"https:\/\/audibax.com\/es\/producto\/java-4-tw-white\/#primaryimage\",\"url\":\"https:\/\/audibax.com\/wp-content\/uploads\/2024\/01\/Audibax-Java-4-TW-White_1.png\",\"contentUrl\":\"https:\/\/audibax.com\/wp-content\/uploads\/2024\/01\/Audibax-Java-4-TW-White_1.png\",\"width\":1500,\"height\":1060},{\"@type\":\"BreadcrumbList\",\"@id\":\"https:\/\/audibax.com\/es\/producto\/java-4-tw-white\/#breadcrumb\",\"itemListElement\":[{\"@type\":\"ListItem\",\"position\":1,\"name\":\"Portada\",\"item\":\"https:\/\/audibax.com\/es\/\"},{\"@type\":\"ListItem\",\"position\":2,\"name\":\"Productos\",\"item\":\"https:\/\/audibax.com\/es\/shop\/\"},{\"@type\":\"ListItem\",\"position\":3,\"name\":\"Java 4 TW White\"}]},{\"@type\":\"WebSite\",\"@id\":\"https:\/\/audibax.com\/es\/#website\",\"url\":\"https:\/\/audibax.com\/es\/\",\"name\":\"Audibax\",\"description\":\"\",\"publisher\":{\"@id\":\"https:\/\/audibax.com\/es\/#organization\"},\"potentialAction\":[{\"@type\":\"SearchAction\",\"target\":{\"@type\":\"EntryPoint\",\"urlTemplate\":\"https:\/\/audibax.com\/es\/?s={search_term_string}\"},\"query-input\":{\"@type\":\"PropertyValueSpecification\",\"valueRequired\":true,\"valueName\":\"search_term_string\"}}],\"inLanguage\":\"es\"},{\"@type\":\"Organization\",\"@id\":\"https:\/\/audibax.com\/es\/#organization\",\"name\":\"Audibax\",\"url\":\"https:\/\/audibax.com\/es\/\",\"logo\":{\"@type\":\"ImageObject\",\"inLanguage\":\"es\",\"@id\":\"https:\/\/audibax.com\/es\/#\/schema\/logo\/image\/\",\"url\":\"https:\/\/audibax.com\/wp-content\/uploads\/2023\/09\/logo-Audibax-BLANCO-SVG-1.svg\",\"contentUrl\":\"https:\/\/audibax.com\/wp-content\/uploads\/2023\/09\/logo-Audibax-BLANCO-SVG-1.svg\",\"caption\":\"Audibax\"},\"image\":{\"@id\":\"https:\/\/audibax.com\/es\/#\/schema\/logo\/image\/\"}}]}<\/script>\n<!-- \/ Yoast SEO plugin. -->","yoast_head_json":{"title":"Java 4 TW White - Audibax","robots":{"index":"index","follow":"follow","max-snippet":"max-snippet:-1","max-image-preview":"max-image-preview:large","max-video-preview":"max-video-preview:-1"},"canonical":"https:\/\/audibax.com\/es\/producto\/java-4-tw-white\/","og_locale":"es_ES","og_type":"article","og_title":"Java 4 TW White - Audibax","og_description":"Material: ABS  Altavoz de graves: 4\"  Respuesta de frecuencia: 120Hz-20kHz  Potencia RMS: 20W - 70V\/100V\/Lo-Z(8 Ohms)  Sensibilidad: 85dB  Transformador: 70\/100V\/ baja impedancia  Fijaci\u00f3n: soporte\/tornillo  Dimensiones del producto: 148x27x138mm  Color: Blanco","og_url":"https:\/\/audibax.com\/es\/producto\/java-4-tw-white\/","og_site_name":"Audibax","article_modified_time":"2024-05-08T08:10:12+00:00","og_image":[{"width":2500,"height":1767,"url":"https:\/\/audibax.com\/wp-content\/uploads\/2024\/01\/Audibax-Java-4-TW-White-1-new-jpg.webp","type":"image\/jpeg"}],"twitter_card":"summary_large_image","twitter_misc":{"Tiempo de lectura":"2 minutos"},"schema":{"@context":"https:\/\/schema.org","@graph":[{"@type":"WebPage","@id":"https:\/\/audibax.com\/es\/producto\/java-4-tw-white\/","url":"https:\/\/audibax.com\/es\/producto\/java-4-tw-white\/","name":"Java 4 TW White - Audibax","isPartOf":{"@id":"https:\/\/audibax.com\/es\/#website"},"primaryImageOfPage":{"@id":"https:\/\/audibax.com\/es\/producto\/java-4-tw-white\/#primaryimage"},"image":{"@id":"https:\/\/audibax.com\/es\/producto\/java-4-tw-white\/#primaryimage"},"thumbnailUrl":"https:\/\/audibax.com\/wp-content\/uploads\/2024\/01\/Audibax-Java-4-TW-White_1.png","datePublished":"2024-01-11T09:21:29+00:00","dateModified":"2024-05-08T08:10:12+00:00","breadcrumb":{"@id":"https:\/\/audibax.com\/es\/producto\/java-4-tw-white\/#breadcrumb"},"inLanguage":"es","potentialAction":[{"@type":"ReadAction","target":["https:\/\/audibax.com\/es\/producto\/java-4-tw-white\/"]}]},{"@type":"ImageObject","inLanguage":"es","@id":"https:\/\/audibax.com\/es\/producto\/java-4-tw-white\/#primaryimage","url":"https:\/\/audibax.com\/wp-content\/uploads\/2024\/01\/Audibax-Java-4-TW-White_1.png","contentUrl":"https:\/\/audibax.com\/wp-content\/uploads\/2024\/01\/Audibax-Java-4-TW-White_1.png","width":1500,"height":1060},{"@type":"BreadcrumbList","@id":"https:\/\/audibax.com\/es\/producto\/java-4-tw-white\/#breadcrumb","itemListElement":[{"@type":"ListItem","position":1,"name":"Portada","item":"https:\/\/audibax.com\/es\/"},{"@type":"ListItem","position":2,"name":"Productos","item":"https:\/\/audibax.com\/es\/shop\/"},{"@type":"ListItem","position":3,"name":"Java 4 TW White"}]},{"@type":"WebSite","@id":"https:\/\/audibax.com\/es\/#website","url":"https:\/\/audibax.com\/es\/","name":"Audibax","description":"","publisher":{"@id":"https:\/\/audibax.com\/es\/#organization"},"potentialAction":[{"@type":"SearchAction","target":{"@type":"EntryPoint","urlTemplate":"https:\/\/audibax.com\/es\/?s={search_term_string}"},"query-input":{"@type":"PropertyValueSpecification","valueRequired":true,"valueName":"search_term_string"}}],"inLanguage":"es"},{"@type":"Organization","@id":"https:\/\/audibax.com\/es\/#organization","name":"Audibax","url":"https:\/\/audibax.com\/es\/","logo":{"@type":"ImageObject","inLanguage":"es","@id":"https:\/\/audibax.com\/es\/#\/schema\/logo\/image\/","url":"https:\/\/audibax.com\/wp-content\/uploads\/2023\/09\/logo-Audibax-BLANCO-SVG-1.svg","contentUrl":"https:\/\/audibax.com\/wp-content\/uploads\/2023\/09\/logo-Audibax-BLANCO-SVG-1.svg","caption":"Audibax"},"image":{"@id":"https:\/\/audibax.com\/es\/#\/schema\/logo\/image\/"}}]}},"_links":{"self":[{"href":"https:\/\/audibax.com\/es\/wp-json\/wp\/v2\/product\/39560","targetHints":{"allow":["GET"]}}],"collection":[{"href":"https:\/\/audibax.com\/es\/wp-json\/wp\/v2\/product"}],"about":[{"href":"https:\/\/audibax.com\/es\/wp-json\/wp\/v2\/types\/product"}],"replies":[{"embeddable":true,"href":"https:\/\/audibax.com\/es\/wp-json\/wp\/v2\/comments?post=39560"}],"wp:featuredmedia":[{"embeddable":true,"href":"https:\/\/audibax.com\/es\/wp-json\/wp\/v2\/media\/50100"}],"wp:attachment":[{"href":"https:\/\/audibax.com\/es\/wp-json\/wp\/v2\/media?parent=39560"}],"wp:term":[{"taxonomy":"product_cat","embeddable":true,"href":"https:\/\/audibax.com\/es\/wp-json\/wp\/v2\/product_cat?post=39560"},{"taxonomy":"product_tag","embeddable":true,"href":"https:\/\/audibax.com\/es\/wp-json\/wp\/v2\/product_tag?post=39560"}],"curies":[{"name":"wp","href":"https:\/\/api.w.org\/{rel}","templated":true}]}}