{"id":39400,"date":"2024-01-10T16:36:39","date_gmt":"2024-01-10T15:36:39","guid":{"rendered":"https:\/\/audibax.com\/product\/bali-6-tw-white\/"},"modified":"2024-09-12T13:29:53","modified_gmt":"2024-09-12T11:29:53","slug":"bali-6-tw-white","status":"publish","type":"product","link":"https:\/\/audibax.com\/es\/producto\/bali-6-tw-white\/","title":{"rendered":"Bali 6 TW White"},"content":{"rendered":"<p><strong>Resistentes:<\/strong><\/p>\n<p>Nuestro altavoz Bali es la soluci\u00f3n perfecta para aquellos que buscan un rendimiento excepcional tanto en interiores como al aire libre. Con su certificaci\u00f3n IP65, este dispositivo no solo es resistente al agua, sino que est\u00e1 dise\u00f1ado para soportar las condiciones ambientales m\u00e1s desafiantes. Esta alta resistencia garantiza que la calidad del sonido se mantenga pura y sin distorsiones, independientemente de los elementos a los que se enfrente.<\/p>\n<p><strong>Dise\u00f1o exclusivo:<\/strong><\/p>\n<p>La combinaci\u00f3n de funcionalidad y est\u00e9tica es una caracter\u00edstica clave de nuestros altavoces. Con acabados elegantes en negro y blanco y un dise\u00f1o exclusivo, se adaptan perfectamente a cualquier decoraci\u00f3n, ofreciendo un aspecto tan refinado como su rendimiento ac\u00fastico. Cada altavoz es una pieza de dise\u00f1o pensada para complementar y embellecer cualquier espacio, sin comprometer la calidad del sonido.<\/p>\n<p><strong>Sonido perfecto:<\/strong><\/p>\n<p>La excelencia en la calidad sonora se manifiesta en nuestra gama de altavoces Bali, disponibles en 3 tama\u00f1os diferentes &#8211; 5, 6.5 y 8 pulgadas &#8211; con diversas potencias para adaptarse a cualquier entorno. La versatilidad del \u00e1ngulo ajustable permite una colocaci\u00f3n \u00f3ptima y una direcci\u00f3n del sonido a medida, asegurando una reproducci\u00f3n clara y precisa en cualquier lugar y situaci\u00f3n.<\/p>\n<p><strong>Larga vida y rendimiento superior:<\/strong><\/p>\n<p>La longevidad de nuestros altavoces es primordial, por lo que s\u00f3lo seleccionamos componentes de la m\u00e1s alta calidad para su construcci\u00f3n. Estos componentes no solo prolongan la vida \u00fatil del producto, sino que tambi\u00e9n mantienen el rendimiento del altavoz en su m\u00e1ximo esplendor a lo largo de los a\u00f1os. Incluso en los entornos m\u00e1s exigentes, estos altavoces prometen resistir el paso del tiempo y continuar ofreciendo un sonido excepcional d\u00eda tras d\u00eda.<\/p>\n<p><strong>Para entornos exigentes:<\/strong><\/p>\n<p>Especialmente dise\u00f1ados para entornos profesionales demandantes, nuestros altavoces son ideales para una amplia gama de aplicaciones, desde tiendas de alta gama y bulliciosos centros comerciales hasta gimnasios, hogares elegantes y centros de ocio activos. La instalaci\u00f3n es sencilla y su rendimiento garantizado, lo que los convierte en la elecci\u00f3n preferida de profesionales que buscan la mejor experiencia auditiva para sus clientes y visitantes.<\/p>\n<ul>\n<li>Altavoz Pasivo de Exterior de Montaje en Pared (Pareja) IP65<\/li>\n<li>Material: ABS<\/li>\n<li>Certificaci\u00f3n: Altavoz impermeable IP65<\/li>\n<li>Tweeter: De seda de 1\u00bb(25 mm)<\/li>\n<li>Woofer: Cono de grafito de 6.5\u00bb<\/li>\n<li>Rango de frecuencia +\/-3: 57 Hz &#8211; 20 kHz<\/li>\n<li>Potencia RMS: z40W 100V\/5W\/10W\/20W\/40W<\/li>\n<li>Sensibilidad: 89dB<\/li>\n<li>Tomas: 8\u03a9 &#8211; 0 &#8211; 20W -10W &#8211; 5W &#8211; 2,5W<\/li>\n<li>Tipo de conectores: Euroblock<\/li>\n<li>Impedancia: 100V\/70V\/Low-z 8 ohmios<\/li>\n<li>Terminales: Bloques de terminales enchufables<\/li>\n<li>2 soportes de pared incluidos<\/li>\n<li>Dimensiones (Alto\u00d7Ancho\u00d7Pr): 285*200*195 mm<\/li>\n<li>Peso: 3.5 Kg<\/li>\n<li>Color: Blanco<\/li>\n<\/ul>\n","protected":false},"excerpt":{"rendered":"<ul>\n<li>Altavoz Pasivo de Exterior de Montaje en Pared (Pareja) IP65<\/li>\n<li>Certificaci\u00f3n: Altavoz impermeable IP65<\/li>\n<li>Tweeter: De seda de 1\u00bb(25 mm)<\/li>\n<li>Woofer: Cono de grafito de 6.5\u00bb<\/li>\n<li>Potencia RMS: z40W 100V\/5W\/10W\/20W\/40W<\/li>\n<li>Dimensiones (Alto\u00d7Ancho\u00d7Pr): 285*200*195 mm<\/li>\n<li>Peso: 3.5 Kg<\/li>\n<\/ul>\n","protected":false},"featured_media":46904,"comment_status":"open","ping_status":"closed","template":"","meta":{"_acf_changed":false},"product_cat":[250,412,418,394],"product_tag":[],"class_list":{"0":"post-39400","1":"product","2":"type-product","3":"status-publish","4":"has-post-thumbnail","6":"product_cat-altavoces","7":"product_cat-altavoces-de-exterior","8":"product_cat-altavoces-de-pared","9":"product_cat-sonido-pa","11":"first","12":"instock","13":"shipping-taxable","14":"product-type-simple"},"acf":[],"yoast_head":"<!-- This site is optimized with the Yoast SEO plugin v27.0 - https:\/\/yoast.com\/product\/yoast-seo-wordpress\/ -->\n<title>Bali 6 TW White - Audibax<\/title>\n<meta name=\"robots\" content=\"index, follow, max-snippet:-1, max-image-preview:large, max-video-preview:-1\" \/>\n<link rel=\"canonical\" href=\"https:\/\/audibax.com\/es\/producto\/bali-6-tw-white\/\" \/>\n<meta property=\"og:locale\" content=\"es_ES\" \/>\n<meta property=\"og:type\" content=\"article\" \/>\n<meta property=\"og:title\" content=\"Bali 6 TW White - Audibax\" \/>\n<meta property=\"og:description\" content=\"Altavoz Pasivo de Exterior de Montaje en Pared (Pareja) IP65  Certificaci\u00f3n: Altavoz impermeable IP65  Tweeter: De seda de 1&#039;&#039;(25 mm)  Woofer: Cono de grafito de 6.5&#039;&#039;  Potencia RMS: z40W 100V\/5W\/10W\/20W\/40W  Dimensiones (Alto\u00d7Ancho\u00d7Pr): 285*200*195 mm  Peso: 3.5 Kg\" \/>\n<meta property=\"og:url\" content=\"https:\/\/audibax.com\/es\/producto\/bali-6-tw-white\/\" \/>\n<meta property=\"og:site_name\" content=\"Audibax\" \/>\n<meta property=\"article:modified_time\" content=\"2024-09-12T11:29:53+00:00\" \/>\n<meta property=\"og:image\" content=\"https:\/\/audibax.com\/wp-content\/uploads\/2024\/01\/Audibax-Pro-Bali-6-TW-White-1-1024x724.png\" \/>\n\t<meta property=\"og:image:width\" content=\"1024\" \/>\n\t<meta property=\"og:image:height\" content=\"724\" \/>\n\t<meta property=\"og:image:type\" content=\"image\/png\" \/>\n<meta name=\"twitter:card\" content=\"summary_large_image\" \/>\n<meta name=\"twitter:label1\" content=\"Tiempo de lectura\" \/>\n\t<meta name=\"twitter:data1\" content=\"2 minutos\" \/>\n<script type=\"application\/ld+json\" class=\"yoast-schema-graph\">{\"@context\":\"https:\/\/schema.org\",\"@graph\":[{\"@type\":\"WebPage\",\"@id\":\"https:\/\/audibax.com\/es\/producto\/bali-6-tw-white\/\",\"url\":\"https:\/\/audibax.com\/es\/producto\/bali-6-tw-white\/\",\"name\":\"Bali 6 TW White - Audibax\",\"isPartOf\":{\"@id\":\"https:\/\/audibax.com\/es\/#website\"},\"primaryImageOfPage\":{\"@id\":\"https:\/\/audibax.com\/es\/producto\/bali-6-tw-white\/#primaryimage\"},\"image\":{\"@id\":\"https:\/\/audibax.com\/es\/producto\/bali-6-tw-white\/#primaryimage\"},\"thumbnailUrl\":\"https:\/\/audibax.com\/wp-content\/uploads\/2024\/01\/Audibax-Pro-Bali-6-TW-White-1.png\",\"datePublished\":\"2024-01-10T15:36:39+00:00\",\"dateModified\":\"2024-09-12T11:29:53+00:00\",\"breadcrumb\":{\"@id\":\"https:\/\/audibax.com\/es\/producto\/bali-6-tw-white\/#breadcrumb\"},\"inLanguage\":\"es\",\"potentialAction\":[{\"@type\":\"ReadAction\",\"target\":[\"https:\/\/audibax.com\/es\/producto\/bali-6-tw-white\/\"]}]},{\"@type\":\"ImageObject\",\"inLanguage\":\"es\",\"@id\":\"https:\/\/audibax.com\/es\/producto\/bali-6-tw-white\/#primaryimage\",\"url\":\"https:\/\/audibax.com\/wp-content\/uploads\/2024\/01\/Audibax-Pro-Bali-6-TW-White-1.png\",\"contentUrl\":\"https:\/\/audibax.com\/wp-content\/uploads\/2024\/01\/Audibax-Pro-Bali-6-TW-White-1.png\",\"width\":2500,\"height\":1768},{\"@type\":\"BreadcrumbList\",\"@id\":\"https:\/\/audibax.com\/es\/producto\/bali-6-tw-white\/#breadcrumb\",\"itemListElement\":[{\"@type\":\"ListItem\",\"position\":1,\"name\":\"Portada\",\"item\":\"https:\/\/audibax.com\/es\/\"},{\"@type\":\"ListItem\",\"position\":2,\"name\":\"Productos\",\"item\":\"https:\/\/audibax.com\/es\/shop\/\"},{\"@type\":\"ListItem\",\"position\":3,\"name\":\"Bali 6 TW White\"}]},{\"@type\":\"WebSite\",\"@id\":\"https:\/\/audibax.com\/es\/#website\",\"url\":\"https:\/\/audibax.com\/es\/\",\"name\":\"Audibax\",\"description\":\"\",\"publisher\":{\"@id\":\"https:\/\/audibax.com\/es\/#organization\"},\"potentialAction\":[{\"@type\":\"SearchAction\",\"target\":{\"@type\":\"EntryPoint\",\"urlTemplate\":\"https:\/\/audibax.com\/es\/?s={search_term_string}\"},\"query-input\":{\"@type\":\"PropertyValueSpecification\",\"valueRequired\":true,\"valueName\":\"search_term_string\"}}],\"inLanguage\":\"es\"},{\"@type\":\"Organization\",\"@id\":\"https:\/\/audibax.com\/es\/#organization\",\"name\":\"Audibax\",\"url\":\"https:\/\/audibax.com\/es\/\",\"logo\":{\"@type\":\"ImageObject\",\"inLanguage\":\"es\",\"@id\":\"https:\/\/audibax.com\/es\/#\/schema\/logo\/image\/\",\"url\":\"https:\/\/audibax.com\/wp-content\/uploads\/2023\/09\/logo-Audibax-BLANCO-SVG-1.svg\",\"contentUrl\":\"https:\/\/audibax.com\/wp-content\/uploads\/2023\/09\/logo-Audibax-BLANCO-SVG-1.svg\",\"caption\":\"Audibax\"},\"image\":{\"@id\":\"https:\/\/audibax.com\/es\/#\/schema\/logo\/image\/\"}}]}<\/script>\n<!-- \/ Yoast SEO plugin. -->","yoast_head_json":{"title":"Bali 6 TW White - Audibax","robots":{"index":"index","follow":"follow","max-snippet":"max-snippet:-1","max-image-preview":"max-image-preview:large","max-video-preview":"max-video-preview:-1"},"canonical":"https:\/\/audibax.com\/es\/producto\/bali-6-tw-white\/","og_locale":"es_ES","og_type":"article","og_title":"Bali 6 TW White - Audibax","og_description":"Altavoz Pasivo de Exterior de Montaje en Pared (Pareja) IP65  Certificaci\u00f3n: Altavoz impermeable IP65  Tweeter: De seda de 1''(25 mm)  Woofer: Cono de grafito de 6.5''  Potencia RMS: z40W 100V\/5W\/10W\/20W\/40W  Dimensiones (Alto\u00d7Ancho\u00d7Pr): 285*200*195 mm  Peso: 3.5 Kg","og_url":"https:\/\/audibax.com\/es\/producto\/bali-6-tw-white\/","og_site_name":"Audibax","article_modified_time":"2024-09-12T11:29:53+00:00","og_image":[{"width":1024,"height":724,"url":"https:\/\/audibax.com\/wp-content\/uploads\/2024\/01\/Audibax-Pro-Bali-6-TW-White-1-1024x724.png","type":"image\/png"}],"twitter_card":"summary_large_image","twitter_misc":{"Tiempo de lectura":"2 minutos"},"schema":{"@context":"https:\/\/schema.org","@graph":[{"@type":"WebPage","@id":"https:\/\/audibax.com\/es\/producto\/bali-6-tw-white\/","url":"https:\/\/audibax.com\/es\/producto\/bali-6-tw-white\/","name":"Bali 6 TW White - Audibax","isPartOf":{"@id":"https:\/\/audibax.com\/es\/#website"},"primaryImageOfPage":{"@id":"https:\/\/audibax.com\/es\/producto\/bali-6-tw-white\/#primaryimage"},"image":{"@id":"https:\/\/audibax.com\/es\/producto\/bali-6-tw-white\/#primaryimage"},"thumbnailUrl":"https:\/\/audibax.com\/wp-content\/uploads\/2024\/01\/Audibax-Pro-Bali-6-TW-White-1.png","datePublished":"2024-01-10T15:36:39+00:00","dateModified":"2024-09-12T11:29:53+00:00","breadcrumb":{"@id":"https:\/\/audibax.com\/es\/producto\/bali-6-tw-white\/#breadcrumb"},"inLanguage":"es","potentialAction":[{"@type":"ReadAction","target":["https:\/\/audibax.com\/es\/producto\/bali-6-tw-white\/"]}]},{"@type":"ImageObject","inLanguage":"es","@id":"https:\/\/audibax.com\/es\/producto\/bali-6-tw-white\/#primaryimage","url":"https:\/\/audibax.com\/wp-content\/uploads\/2024\/01\/Audibax-Pro-Bali-6-TW-White-1.png","contentUrl":"https:\/\/audibax.com\/wp-content\/uploads\/2024\/01\/Audibax-Pro-Bali-6-TW-White-1.png","width":2500,"height":1768},{"@type":"BreadcrumbList","@id":"https:\/\/audibax.com\/es\/producto\/bali-6-tw-white\/#breadcrumb","itemListElement":[{"@type":"ListItem","position":1,"name":"Portada","item":"https:\/\/audibax.com\/es\/"},{"@type":"ListItem","position":2,"name":"Productos","item":"https:\/\/audibax.com\/es\/shop\/"},{"@type":"ListItem","position":3,"name":"Bali 6 TW White"}]},{"@type":"WebSite","@id":"https:\/\/audibax.com\/es\/#website","url":"https:\/\/audibax.com\/es\/","name":"Audibax","description":"","publisher":{"@id":"https:\/\/audibax.com\/es\/#organization"},"potentialAction":[{"@type":"SearchAction","target":{"@type":"EntryPoint","urlTemplate":"https:\/\/audibax.com\/es\/?s={search_term_string}"},"query-input":{"@type":"PropertyValueSpecification","valueRequired":true,"valueName":"search_term_string"}}],"inLanguage":"es"},{"@type":"Organization","@id":"https:\/\/audibax.com\/es\/#organization","name":"Audibax","url":"https:\/\/audibax.com\/es\/","logo":{"@type":"ImageObject","inLanguage":"es","@id":"https:\/\/audibax.com\/es\/#\/schema\/logo\/image\/","url":"https:\/\/audibax.com\/wp-content\/uploads\/2023\/09\/logo-Audibax-BLANCO-SVG-1.svg","contentUrl":"https:\/\/audibax.com\/wp-content\/uploads\/2023\/09\/logo-Audibax-BLANCO-SVG-1.svg","caption":"Audibax"},"image":{"@id":"https:\/\/audibax.com\/es\/#\/schema\/logo\/image\/"}}]}},"_links":{"self":[{"href":"https:\/\/audibax.com\/es\/wp-json\/wp\/v2\/product\/39400","targetHints":{"allow":["GET"]}}],"collection":[{"href":"https:\/\/audibax.com\/es\/wp-json\/wp\/v2\/product"}],"about":[{"href":"https:\/\/audibax.com\/es\/wp-json\/wp\/v2\/types\/product"}],"replies":[{"embeddable":true,"href":"https:\/\/audibax.com\/es\/wp-json\/wp\/v2\/comments?post=39400"}],"wp:featuredmedia":[{"embeddable":true,"href":"https:\/\/audibax.com\/es\/wp-json\/wp\/v2\/media\/46904"}],"wp:attachment":[{"href":"https:\/\/audibax.com\/es\/wp-json\/wp\/v2\/media?parent=39400"}],"wp:term":[{"taxonomy":"product_cat","embeddable":true,"href":"https:\/\/audibax.com\/es\/wp-json\/wp\/v2\/product_cat?post=39400"},{"taxonomy":"product_tag","embeddable":true,"href":"https:\/\/audibax.com\/es\/wp-json\/wp\/v2\/product_tag?post=39400"}],"curies":[{"name":"wp","href":"https:\/\/api.w.org\/{rel}","templated":true}]}}