{"id":38596,"date":"2024-01-08T13:46:33","date_gmt":"2024-01-08T12:46:33","guid":{"rendered":"https:\/\/audibax.com\/product\/pro-rack-drawer-ext-1u-black\/"},"modified":"2024-03-05T13:40:15","modified_gmt":"2024-03-05T12:40:15","slug":"pro-rack-drawer-ext-1u-black","status":"publish","type":"product","link":"https:\/\/audibax.com\/es\/producto\/pro-rack-drawer-ext-1u-black\/","title":{"rendered":"Pro Rack Drawer Ext 1U"},"content":{"rendered":"<p>El Audibax Pro Rack Drawer Ext 1U es un caj\u00f3n que se monta en un rack fijo, dise\u00f1ado para ofrecer una soluci\u00f3n vers\u00e1til y eficiente en entornos diversos como escenarios, estudios e instalaciones de red. Con espacio de 1U, este caj\u00f3n permite aprovechar al m\u00e1ximo el espacio en tu rack, optimizando la gesti\u00f3n de equipos.<\/p>\n<ul>\n<li>Ampliamente adaptable (para escenario, estudio, instalaciones de red)<\/li>\n<li>Material: Acero<\/li>\n<li>Favorece una buena ventilaci\u00f3n<\/li>\n<li>Compatibilidad universal<\/li>\n<li>19 pulgadas<\/li>\n<li>Longitud: 482.6 mm<\/li>\n<li>Profundidad: 376 mm<\/li>\n<li>Altura: 44 mm<\/li>\n<li>Color: Negro<\/li>\n<\/ul>\n","protected":false},"excerpt":{"rendered":"<ul>\n<li>Ampliamente adaptable (para escenario, estudio, instalaciones de red)<\/li>\n<li>Material: Acero<\/li>\n<li>Favorece una buena ventilaci\u00f3n<\/li>\n<li>Compatibilidad universal<\/li>\n<li>19 pulgadas<\/li>\n<li>Longitud: 482.6 mm<\/li>\n<li>Profundidad: 376 mm<\/li>\n<li>Altura: 44 mm<\/li>\n<li>Color: Negro<\/li>\n<\/ul>\n","protected":false},"featured_media":38462,"comment_status":"open","ping_status":"closed","template":"","meta":{"_acf_changed":false},"product_cat":[696],"product_tag":[],"class_list":{"0":"post-38596","1":"product","2":"type-product","3":"status-publish","4":"has-post-thumbnail","6":"product_cat-hardware-es","8":"first","9":"instock","10":"shipping-taxable","11":"product-type-simple"},"acf":[],"yoast_head":"<!-- This site is optimized with the Yoast SEO plugin v27.0 - https:\/\/yoast.com\/product\/yoast-seo-wordpress\/ -->\n<title>Pro Rack Drawer Ext 1U - Audibax<\/title>\n<meta name=\"robots\" content=\"index, follow, max-snippet:-1, max-image-preview:large, max-video-preview:-1\" \/>\n<link rel=\"canonical\" href=\"https:\/\/audibax.com\/es\/producto\/pro-rack-drawer-ext-1u-black\/\" \/>\n<meta property=\"og:locale\" content=\"es_ES\" \/>\n<meta property=\"og:type\" content=\"article\" \/>\n<meta property=\"og:title\" content=\"Pro Rack Drawer Ext 1U - Audibax\" \/>\n<meta property=\"og:description\" content=\"Ampliamente adaptable (para escenario, estudio, instalaciones de red)  Material: Acero  Favorece una buena ventilaci\u00f3n  Compatibilidad universal  19 pulgadas  Longitud: 482.6 mm  Profundidad: 376 mm  Altura: 44 mm  Color: Negro\" \/>\n<meta property=\"og:url\" content=\"https:\/\/audibax.com\/es\/producto\/pro-rack-drawer-ext-1u-black\/\" \/>\n<meta property=\"og:site_name\" content=\"Audibax\" \/>\n<meta property=\"article:modified_time\" content=\"2024-03-05T12:40:15+00:00\" \/>\n<meta property=\"og:image\" content=\"https:\/\/audibax.com\/wp-content\/uploads\/2024\/01\/Pro-Rack-Drawer-Ext-1U-1-new-jpg.webp\" \/>\n\t<meta property=\"og:image:width\" content=\"2500\" \/>\n\t<meta property=\"og:image:height\" content=\"1767\" \/>\n\t<meta property=\"og:image:type\" content=\"image\/jpeg\" \/>\n<meta name=\"twitter:card\" content=\"summary_large_image\" \/>\n<meta name=\"twitter:label1\" content=\"Tiempo de lectura\" \/>\n\t<meta name=\"twitter:data1\" content=\"1 minuto\" \/>\n<script type=\"application\/ld+json\" class=\"yoast-schema-graph\">{\"@context\":\"https:\/\/schema.org\",\"@graph\":[{\"@type\":\"WebPage\",\"@id\":\"https:\/\/audibax.com\/es\/producto\/pro-rack-drawer-ext-1u-black\/\",\"url\":\"https:\/\/audibax.com\/es\/producto\/pro-rack-drawer-ext-1u-black\/\",\"name\":\"Pro Rack Drawer Ext 1U - Audibax\",\"isPartOf\":{\"@id\":\"https:\/\/audibax.com\/es\/#website\"},\"primaryImageOfPage\":{\"@id\":\"https:\/\/audibax.com\/es\/producto\/pro-rack-drawer-ext-1u-black\/#primaryimage\"},\"image\":{\"@id\":\"https:\/\/audibax.com\/es\/producto\/pro-rack-drawer-ext-1u-black\/#primaryimage\"},\"thumbnailUrl\":\"https:\/\/audibax.com\/wp-content\/uploads\/2024\/01\/Pro-Rack-Drawer-Ext-1U-1-new-jpg.webp\",\"datePublished\":\"2024-01-08T12:46:33+00:00\",\"dateModified\":\"2024-03-05T12:40:15+00:00\",\"breadcrumb\":{\"@id\":\"https:\/\/audibax.com\/es\/producto\/pro-rack-drawer-ext-1u-black\/#breadcrumb\"},\"inLanguage\":\"es\",\"potentialAction\":[{\"@type\":\"ReadAction\",\"target\":[\"https:\/\/audibax.com\/es\/producto\/pro-rack-drawer-ext-1u-black\/\"]}]},{\"@type\":\"ImageObject\",\"inLanguage\":\"es\",\"@id\":\"https:\/\/audibax.com\/es\/producto\/pro-rack-drawer-ext-1u-black\/#primaryimage\",\"url\":\"https:\/\/audibax.com\/wp-content\/uploads\/2024\/01\/Pro-Rack-Drawer-Ext-1U-1-new-jpg.webp\",\"contentUrl\":\"https:\/\/audibax.com\/wp-content\/uploads\/2024\/01\/Pro-Rack-Drawer-Ext-1U-1-new-jpg.webp\",\"width\":2500,\"height\":1767},{\"@type\":\"BreadcrumbList\",\"@id\":\"https:\/\/audibax.com\/es\/producto\/pro-rack-drawer-ext-1u-black\/#breadcrumb\",\"itemListElement\":[{\"@type\":\"ListItem\",\"position\":1,\"name\":\"Portada\",\"item\":\"https:\/\/audibax.com\/es\/\"},{\"@type\":\"ListItem\",\"position\":2,\"name\":\"Productos\",\"item\":\"https:\/\/audibax.com\/es\/shop\/\"},{\"@type\":\"ListItem\",\"position\":3,\"name\":\"Pro Rack Drawer Ext 1U\"}]},{\"@type\":\"WebSite\",\"@id\":\"https:\/\/audibax.com\/es\/#website\",\"url\":\"https:\/\/audibax.com\/es\/\",\"name\":\"Audibax\",\"description\":\"\",\"publisher\":{\"@id\":\"https:\/\/audibax.com\/es\/#organization\"},\"potentialAction\":[{\"@type\":\"SearchAction\",\"target\":{\"@type\":\"EntryPoint\",\"urlTemplate\":\"https:\/\/audibax.com\/es\/?s={search_term_string}\"},\"query-input\":{\"@type\":\"PropertyValueSpecification\",\"valueRequired\":true,\"valueName\":\"search_term_string\"}}],\"inLanguage\":\"es\"},{\"@type\":\"Organization\",\"@id\":\"https:\/\/audibax.com\/es\/#organization\",\"name\":\"Audibax\",\"url\":\"https:\/\/audibax.com\/es\/\",\"logo\":{\"@type\":\"ImageObject\",\"inLanguage\":\"es\",\"@id\":\"https:\/\/audibax.com\/es\/#\/schema\/logo\/image\/\",\"url\":\"https:\/\/audibax.com\/wp-content\/uploads\/2023\/09\/logo-Audibax-BLANCO-SVG-1.svg\",\"contentUrl\":\"https:\/\/audibax.com\/wp-content\/uploads\/2023\/09\/logo-Audibax-BLANCO-SVG-1.svg\",\"caption\":\"Audibax\"},\"image\":{\"@id\":\"https:\/\/audibax.com\/es\/#\/schema\/logo\/image\/\"}}]}<\/script>\n<!-- \/ Yoast SEO plugin. -->","yoast_head_json":{"title":"Pro Rack Drawer Ext 1U - Audibax","robots":{"index":"index","follow":"follow","max-snippet":"max-snippet:-1","max-image-preview":"max-image-preview:large","max-video-preview":"max-video-preview:-1"},"canonical":"https:\/\/audibax.com\/es\/producto\/pro-rack-drawer-ext-1u-black\/","og_locale":"es_ES","og_type":"article","og_title":"Pro Rack Drawer Ext 1U - Audibax","og_description":"Ampliamente adaptable (para escenario, estudio, instalaciones de red)  Material: Acero  Favorece una buena ventilaci\u00f3n  Compatibilidad universal  19 pulgadas  Longitud: 482.6 mm  Profundidad: 376 mm  Altura: 44 mm  Color: Negro","og_url":"https:\/\/audibax.com\/es\/producto\/pro-rack-drawer-ext-1u-black\/","og_site_name":"Audibax","article_modified_time":"2024-03-05T12:40:15+00:00","og_image":[{"width":2500,"height":1767,"url":"https:\/\/audibax.com\/wp-content\/uploads\/2024\/01\/Pro-Rack-Drawer-Ext-1U-1-new-jpg.webp","type":"image\/jpeg"}],"twitter_card":"summary_large_image","twitter_misc":{"Tiempo de lectura":"1 minuto"},"schema":{"@context":"https:\/\/schema.org","@graph":[{"@type":"WebPage","@id":"https:\/\/audibax.com\/es\/producto\/pro-rack-drawer-ext-1u-black\/","url":"https:\/\/audibax.com\/es\/producto\/pro-rack-drawer-ext-1u-black\/","name":"Pro Rack Drawer Ext 1U - Audibax","isPartOf":{"@id":"https:\/\/audibax.com\/es\/#website"},"primaryImageOfPage":{"@id":"https:\/\/audibax.com\/es\/producto\/pro-rack-drawer-ext-1u-black\/#primaryimage"},"image":{"@id":"https:\/\/audibax.com\/es\/producto\/pro-rack-drawer-ext-1u-black\/#primaryimage"},"thumbnailUrl":"https:\/\/audibax.com\/wp-content\/uploads\/2024\/01\/Pro-Rack-Drawer-Ext-1U-1-new-jpg.webp","datePublished":"2024-01-08T12:46:33+00:00","dateModified":"2024-03-05T12:40:15+00:00","breadcrumb":{"@id":"https:\/\/audibax.com\/es\/producto\/pro-rack-drawer-ext-1u-black\/#breadcrumb"},"inLanguage":"es","potentialAction":[{"@type":"ReadAction","target":["https:\/\/audibax.com\/es\/producto\/pro-rack-drawer-ext-1u-black\/"]}]},{"@type":"ImageObject","inLanguage":"es","@id":"https:\/\/audibax.com\/es\/producto\/pro-rack-drawer-ext-1u-black\/#primaryimage","url":"https:\/\/audibax.com\/wp-content\/uploads\/2024\/01\/Pro-Rack-Drawer-Ext-1U-1-new-jpg.webp","contentUrl":"https:\/\/audibax.com\/wp-content\/uploads\/2024\/01\/Pro-Rack-Drawer-Ext-1U-1-new-jpg.webp","width":2500,"height":1767},{"@type":"BreadcrumbList","@id":"https:\/\/audibax.com\/es\/producto\/pro-rack-drawer-ext-1u-black\/#breadcrumb","itemListElement":[{"@type":"ListItem","position":1,"name":"Portada","item":"https:\/\/audibax.com\/es\/"},{"@type":"ListItem","position":2,"name":"Productos","item":"https:\/\/audibax.com\/es\/shop\/"},{"@type":"ListItem","position":3,"name":"Pro Rack Drawer Ext 1U"}]},{"@type":"WebSite","@id":"https:\/\/audibax.com\/es\/#website","url":"https:\/\/audibax.com\/es\/","name":"Audibax","description":"","publisher":{"@id":"https:\/\/audibax.com\/es\/#organization"},"potentialAction":[{"@type":"SearchAction","target":{"@type":"EntryPoint","urlTemplate":"https:\/\/audibax.com\/es\/?s={search_term_string}"},"query-input":{"@type":"PropertyValueSpecification","valueRequired":true,"valueName":"search_term_string"}}],"inLanguage":"es"},{"@type":"Organization","@id":"https:\/\/audibax.com\/es\/#organization","name":"Audibax","url":"https:\/\/audibax.com\/es\/","logo":{"@type":"ImageObject","inLanguage":"es","@id":"https:\/\/audibax.com\/es\/#\/schema\/logo\/image\/","url":"https:\/\/audibax.com\/wp-content\/uploads\/2023\/09\/logo-Audibax-BLANCO-SVG-1.svg","contentUrl":"https:\/\/audibax.com\/wp-content\/uploads\/2023\/09\/logo-Audibax-BLANCO-SVG-1.svg","caption":"Audibax"},"image":{"@id":"https:\/\/audibax.com\/es\/#\/schema\/logo\/image\/"}}]}},"_links":{"self":[{"href":"https:\/\/audibax.com\/es\/wp-json\/wp\/v2\/product\/38596","targetHints":{"allow":["GET"]}}],"collection":[{"href":"https:\/\/audibax.com\/es\/wp-json\/wp\/v2\/product"}],"about":[{"href":"https:\/\/audibax.com\/es\/wp-json\/wp\/v2\/types\/product"}],"replies":[{"embeddable":true,"href":"https:\/\/audibax.com\/es\/wp-json\/wp\/v2\/comments?post=38596"}],"wp:featuredmedia":[{"embeddable":true,"href":"https:\/\/audibax.com\/es\/wp-json\/wp\/v2\/media\/38462"}],"wp:attachment":[{"href":"https:\/\/audibax.com\/es\/wp-json\/wp\/v2\/media?parent=38596"}],"wp:term":[{"taxonomy":"product_cat","embeddable":true,"href":"https:\/\/audibax.com\/es\/wp-json\/wp\/v2\/product_cat?post=38596"},{"taxonomy":"product_tag","embeddable":true,"href":"https:\/\/audibax.com\/es\/wp-json\/wp\/v2\/product_tag?post=38596"}],"curies":[{"name":"wp","href":"https:\/\/api.w.org\/{rel}","templated":true}]}}