{"id":38214,"date":"2024-01-05T14:17:34","date_gmt":"2024-01-05T13:17:34","guid":{"rendered":"https:\/\/audibax.com\/product\/niza-9-black\/"},"modified":"2024-01-05T14:17:34","modified_gmt":"2024-01-05T13:17:34","slug":"niza-9-black","status":"publish","type":"product","link":"https:\/\/audibax.com\/es\/producto\/niza-9-black\/","title":{"rendered":"Niza 9 Black"},"content":{"rendered":"<p><strong>Audibax Niza 9 Lampara de Atril Profesional<\/strong><\/p>\n<p>La lampara para musicos Niza 9, es la soluci\u00f3n de iluminaci\u00f3n perfecta para amantes de la m\u00fasica que buscan un rendimiento excepcional. Con 9 LEDs y dos niveles de brillo para elegir, una luz amplia para una vista panor\u00e1mica y un cuello de ganso flexible para obtener el \u00e1ngulo perfecto, esta lampara es ideal para cualquier ocasi\u00f3n. Adem\u00e1s, su pinza, permite fijarla en una variedad de ubicaciones, y ofrece una duraci\u00f3n de hasta 24 horas a m\u00e1xima potencia con la opci\u00f3n de entrada AC\/DC para una mayor comodidad.<\/p>\n<p><strong>Potente Iluminaci\u00f3n:<\/strong> Con 9 LEDs integrados, la Niza 9 ofrece una iluminaci\u00f3n excepcional para tu partitura, libro y dem\u00e1s. Adem\u00e1s, cuentan con dos niveles de brillo ajustables para adaptarse a tus preferencias y necesidades de iluminaci\u00f3n.<\/p>\n<p><strong>Amplia Cobertura de Luz:<\/strong> Disfruta de una vista panor\u00e1mica con la luz que emite sus luces. No m\u00e1s p\u00e1ginas oscuras ni notas perdidas; la luz se extiende para abarcar tus partituras por completo.<\/p>\n<p><strong>Cuello Flexible de Ganso:<\/strong> El cuello de ganso flexible te permite ajustar la direcci\u00f3n y el \u00e1ngulo de la luz de manera precisa, para obtener la mejor vista en cualquier situaci\u00f3n.<\/p>\n<p><strong>Clip Grande y Estable:<\/strong> La pinza estable y grande se ajusta con seguridad a una variedad de superficies, desde atriles hasta escritorios, permiti\u00e9ndote colocarla donde necesites.<\/p>\n<p><strong>Bater\u00eda de Larga Duraci\u00f3n:<\/strong> Con una duraci\u00f3n de hasta 24 horas a m\u00e1xima potencia, estos focos te acompa\u00f1ar\u00e1n durante sesiones largas de pr\u00e1ctica y actuaciones. Adem\u00e1s, puedes optar por utilizar una fuente de alimentaci\u00f3n AC\/DC si prefieres no utilizar pilas.<\/p>\n","protected":false},"excerpt":{"rendered":"<ul>\n<li>2 Niveles de Intensidad<\/li>\n<li>Cuello Flexible de Ganso para obtener la mejor visi\u00f3n<\/li>\n<li>24 horas de bater\u00eda &#8211; Pilas NO incluidas<\/li>\n<li>9 LEDs<\/li>\n<li>AC\/DC fuente de alimentaci\u00f3n<\/li>\n<li>Medidas: H42 x A21,5<\/li>\n<li>Peso: 0,25 Kg<\/li>\n<\/ul>\n","protected":false},"featured_media":38123,"comment_status":"open","ping_status":"closed","template":"","meta":{"_acf_changed":false},"product_cat":[623,624],"product_tag":[],"class_list":{"0":"post-38214","1":"product","2":"type-product","3":"status-publish","4":"has-post-thumbnail","6":"product_cat-accesorios-es","7":"product_cat-music-stand-lamps-es","9":"first","10":"instock","11":"shipping-taxable","12":"product-type-simple"},"acf":[],"yoast_head":"<!-- This site is optimized with the Yoast SEO plugin v27.0 - https:\/\/yoast.com\/product\/yoast-seo-wordpress\/ -->\n<title>Niza 9 Black - Audibax<\/title>\n<meta name=\"robots\" content=\"index, follow, max-snippet:-1, max-image-preview:large, max-video-preview:-1\" \/>\n<link rel=\"canonical\" href=\"https:\/\/audibax.com\/es\/producto\/niza-9-black\/\" \/>\n<meta property=\"og:locale\" content=\"es_ES\" \/>\n<meta property=\"og:type\" content=\"article\" \/>\n<meta property=\"og:title\" content=\"Niza 9 Black - Audibax\" \/>\n<meta property=\"og:description\" content=\"2 Niveles de Intensidad  Cuello Flexible de Ganso para obtener la mejor visi\u00f3n  24 horas de bater\u00eda - Pilas NO incluidas  9 LEDs  AC\/DC fuente de alimentaci\u00f3n  Medidas: H42 x A21,5  Peso: 0,25 Kg\" \/>\n<meta property=\"og:url\" content=\"https:\/\/audibax.com\/es\/producto\/niza-9-black\/\" \/>\n<meta property=\"og:site_name\" content=\"Audibax\" \/>\n<meta property=\"og:image\" content=\"https:\/\/audibax.com\/wp-content\/uploads\/2024\/01\/Audibax-Niza-9-1-new-jpg.webp\" \/>\n\t<meta property=\"og:image:width\" content=\"2500\" \/>\n\t<meta property=\"og:image:height\" content=\"1767\" \/>\n\t<meta property=\"og:image:type\" content=\"image\/jpeg\" \/>\n<meta name=\"twitter:card\" content=\"summary_large_image\" \/>\n<meta name=\"twitter:label1\" content=\"Tiempo de lectura\" \/>\n\t<meta name=\"twitter:data1\" content=\"1 minuto\" \/>\n<script type=\"application\/ld+json\" class=\"yoast-schema-graph\">{\"@context\":\"https:\/\/schema.org\",\"@graph\":[{\"@type\":\"WebPage\",\"@id\":\"https:\/\/audibax.com\/es\/producto\/niza-9-black\/\",\"url\":\"https:\/\/audibax.com\/es\/producto\/niza-9-black\/\",\"name\":\"Niza 9 Black - Audibax\",\"isPartOf\":{\"@id\":\"https:\/\/audibax.com\/es\/#website\"},\"primaryImageOfPage\":{\"@id\":\"https:\/\/audibax.com\/es\/producto\/niza-9-black\/#primaryimage\"},\"image\":{\"@id\":\"https:\/\/audibax.com\/es\/producto\/niza-9-black\/#primaryimage\"},\"thumbnailUrl\":\"https:\/\/audibax.com\/wp-content\/uploads\/2024\/01\/Audibax-Niza-9-1-new-jpg.webp\",\"datePublished\":\"2024-01-05T13:17:34+00:00\",\"breadcrumb\":{\"@id\":\"https:\/\/audibax.com\/es\/producto\/niza-9-black\/#breadcrumb\"},\"inLanguage\":\"es\",\"potentialAction\":[{\"@type\":\"ReadAction\",\"target\":[\"https:\/\/audibax.com\/es\/producto\/niza-9-black\/\"]}]},{\"@type\":\"ImageObject\",\"inLanguage\":\"es\",\"@id\":\"https:\/\/audibax.com\/es\/producto\/niza-9-black\/#primaryimage\",\"url\":\"https:\/\/audibax.com\/wp-content\/uploads\/2024\/01\/Audibax-Niza-9-1-new-jpg.webp\",\"contentUrl\":\"https:\/\/audibax.com\/wp-content\/uploads\/2024\/01\/Audibax-Niza-9-1-new-jpg.webp\",\"width\":2500,\"height\":1767},{\"@type\":\"BreadcrumbList\",\"@id\":\"https:\/\/audibax.com\/es\/producto\/niza-9-black\/#breadcrumb\",\"itemListElement\":[{\"@type\":\"ListItem\",\"position\":1,\"name\":\"Portada\",\"item\":\"https:\/\/audibax.com\/es\/\"},{\"@type\":\"ListItem\",\"position\":2,\"name\":\"Productos\",\"item\":\"https:\/\/audibax.com\/es\/shop\/\"},{\"@type\":\"ListItem\",\"position\":3,\"name\":\"Niza 9 Black\"}]},{\"@type\":\"WebSite\",\"@id\":\"https:\/\/audibax.com\/es\/#website\",\"url\":\"https:\/\/audibax.com\/es\/\",\"name\":\"Audibax\",\"description\":\"\",\"publisher\":{\"@id\":\"https:\/\/audibax.com\/es\/#organization\"},\"potentialAction\":[{\"@type\":\"SearchAction\",\"target\":{\"@type\":\"EntryPoint\",\"urlTemplate\":\"https:\/\/audibax.com\/es\/?s={search_term_string}\"},\"query-input\":{\"@type\":\"PropertyValueSpecification\",\"valueRequired\":true,\"valueName\":\"search_term_string\"}}],\"inLanguage\":\"es\"},{\"@type\":\"Organization\",\"@id\":\"https:\/\/audibax.com\/es\/#organization\",\"name\":\"Audibax\",\"url\":\"https:\/\/audibax.com\/es\/\",\"logo\":{\"@type\":\"ImageObject\",\"inLanguage\":\"es\",\"@id\":\"https:\/\/audibax.com\/es\/#\/schema\/logo\/image\/\",\"url\":\"https:\/\/audibax.com\/wp-content\/uploads\/2023\/09\/logo-Audibax-BLANCO-SVG-1.svg\",\"contentUrl\":\"https:\/\/audibax.com\/wp-content\/uploads\/2023\/09\/logo-Audibax-BLANCO-SVG-1.svg\",\"caption\":\"Audibax\"},\"image\":{\"@id\":\"https:\/\/audibax.com\/es\/#\/schema\/logo\/image\/\"}}]}<\/script>\n<!-- \/ Yoast SEO plugin. -->","yoast_head_json":{"title":"Niza 9 Black - Audibax","robots":{"index":"index","follow":"follow","max-snippet":"max-snippet:-1","max-image-preview":"max-image-preview:large","max-video-preview":"max-video-preview:-1"},"canonical":"https:\/\/audibax.com\/es\/producto\/niza-9-black\/","og_locale":"es_ES","og_type":"article","og_title":"Niza 9 Black - Audibax","og_description":"2 Niveles de Intensidad  Cuello Flexible de Ganso para obtener la mejor visi\u00f3n  24 horas de bater\u00eda - Pilas NO incluidas  9 LEDs  AC\/DC fuente de alimentaci\u00f3n  Medidas: H42 x A21,5  Peso: 0,25 Kg","og_url":"https:\/\/audibax.com\/es\/producto\/niza-9-black\/","og_site_name":"Audibax","og_image":[{"width":2500,"height":1767,"url":"https:\/\/audibax.com\/wp-content\/uploads\/2024\/01\/Audibax-Niza-9-1-new-jpg.webp","type":"image\/jpeg"}],"twitter_card":"summary_large_image","twitter_misc":{"Tiempo de lectura":"1 minuto"},"schema":{"@context":"https:\/\/schema.org","@graph":[{"@type":"WebPage","@id":"https:\/\/audibax.com\/es\/producto\/niza-9-black\/","url":"https:\/\/audibax.com\/es\/producto\/niza-9-black\/","name":"Niza 9 Black - Audibax","isPartOf":{"@id":"https:\/\/audibax.com\/es\/#website"},"primaryImageOfPage":{"@id":"https:\/\/audibax.com\/es\/producto\/niza-9-black\/#primaryimage"},"image":{"@id":"https:\/\/audibax.com\/es\/producto\/niza-9-black\/#primaryimage"},"thumbnailUrl":"https:\/\/audibax.com\/wp-content\/uploads\/2024\/01\/Audibax-Niza-9-1-new-jpg.webp","datePublished":"2024-01-05T13:17:34+00:00","breadcrumb":{"@id":"https:\/\/audibax.com\/es\/producto\/niza-9-black\/#breadcrumb"},"inLanguage":"es","potentialAction":[{"@type":"ReadAction","target":["https:\/\/audibax.com\/es\/producto\/niza-9-black\/"]}]},{"@type":"ImageObject","inLanguage":"es","@id":"https:\/\/audibax.com\/es\/producto\/niza-9-black\/#primaryimage","url":"https:\/\/audibax.com\/wp-content\/uploads\/2024\/01\/Audibax-Niza-9-1-new-jpg.webp","contentUrl":"https:\/\/audibax.com\/wp-content\/uploads\/2024\/01\/Audibax-Niza-9-1-new-jpg.webp","width":2500,"height":1767},{"@type":"BreadcrumbList","@id":"https:\/\/audibax.com\/es\/producto\/niza-9-black\/#breadcrumb","itemListElement":[{"@type":"ListItem","position":1,"name":"Portada","item":"https:\/\/audibax.com\/es\/"},{"@type":"ListItem","position":2,"name":"Productos","item":"https:\/\/audibax.com\/es\/shop\/"},{"@type":"ListItem","position":3,"name":"Niza 9 Black"}]},{"@type":"WebSite","@id":"https:\/\/audibax.com\/es\/#website","url":"https:\/\/audibax.com\/es\/","name":"Audibax","description":"","publisher":{"@id":"https:\/\/audibax.com\/es\/#organization"},"potentialAction":[{"@type":"SearchAction","target":{"@type":"EntryPoint","urlTemplate":"https:\/\/audibax.com\/es\/?s={search_term_string}"},"query-input":{"@type":"PropertyValueSpecification","valueRequired":true,"valueName":"search_term_string"}}],"inLanguage":"es"},{"@type":"Organization","@id":"https:\/\/audibax.com\/es\/#organization","name":"Audibax","url":"https:\/\/audibax.com\/es\/","logo":{"@type":"ImageObject","inLanguage":"es","@id":"https:\/\/audibax.com\/es\/#\/schema\/logo\/image\/","url":"https:\/\/audibax.com\/wp-content\/uploads\/2023\/09\/logo-Audibax-BLANCO-SVG-1.svg","contentUrl":"https:\/\/audibax.com\/wp-content\/uploads\/2023\/09\/logo-Audibax-BLANCO-SVG-1.svg","caption":"Audibax"},"image":{"@id":"https:\/\/audibax.com\/es\/#\/schema\/logo\/image\/"}}]}},"_links":{"self":[{"href":"https:\/\/audibax.com\/es\/wp-json\/wp\/v2\/product\/38214","targetHints":{"allow":["GET"]}}],"collection":[{"href":"https:\/\/audibax.com\/es\/wp-json\/wp\/v2\/product"}],"about":[{"href":"https:\/\/audibax.com\/es\/wp-json\/wp\/v2\/types\/product"}],"replies":[{"embeddable":true,"href":"https:\/\/audibax.com\/es\/wp-json\/wp\/v2\/comments?post=38214"}],"wp:featuredmedia":[{"embeddable":true,"href":"https:\/\/audibax.com\/es\/wp-json\/wp\/v2\/media\/38123"}],"wp:attachment":[{"href":"https:\/\/audibax.com\/es\/wp-json\/wp\/v2\/media?parent=38214"}],"wp:term":[{"taxonomy":"product_cat","embeddable":true,"href":"https:\/\/audibax.com\/es\/wp-json\/wp\/v2\/product_cat?post=38214"},{"taxonomy":"product_tag","embeddable":true,"href":"https:\/\/audibax.com\/es\/wp-json\/wp\/v2\/product_tag?post=38214"}],"curies":[{"name":"wp","href":"https:\/\/api.w.org\/{rel}","templated":true}]}}