{"id":38089,"date":"2024-01-05T13:03:25","date_gmt":"2024-01-05T12:03:25","guid":{"rendered":"https:\/\/audibax.com\/product\/power-amp-speakon-mono-jack-15m-black-10145107\/"},"modified":"2024-02-28T13:30:22","modified_gmt":"2024-02-28T12:30:22","slug":"power-amp-speakon-mono-jack-15m-black-10145107","status":"publish","type":"product","link":"https:\/\/audibax.com\/es\/producto\/power-amp-speakon-mono-jack-15m-black-10145107\/","title":{"rendered":"Power Amp Speakon Mono Jack 1,5m 10145107"},"content":{"rendered":"<\/p>\n<p><strong>Audibax Power Amp Speakon to Mono Jack Cable 1.5 metres Speaker Power Cable<\/strong><\/p>\n<p>La&nbsp;<strong>s\u00e9rie Power AMP d&#8217;Audibax<\/strong>&nbsp;est une gamme de c\u00e2bles pour une utilisation professionnelle quotidienne.La s\u00e9rie Power AMP d&#8217;Audibax<\/strong><\/strong>&nbsp;est une gamme de c\u00e2bles pour le professionnel au quotidien qui pr\u00e9sente une bonne qualit\u00e9 \u00e0 un prix abordable. Il contient un rev\u00eatement en PVC r\u00e9sistant qui assure l&#8217;isolation du c\u00e2ble.<\/p>\n<h2>Caract\u00e9ristiques du c\u00e2ble<\/h2>\n<\/p>\n<ul>\n<li>S\u00e9rie : Power AMP<\/li>\n<li>Type : Jack mono et Speakon<\/li>\n<li>Longueur : 1.5m<\/li>\n<li>Couleur : Noir<\/li>\n<li>Diam\u00e8tre du c\u00e2ble : 7 mm<\/li>\n<li>Section int\u00e9rieure du conducteur : 2 x 2,5 mm<\/li>\n<li>Rev\u00eatement PVC<\/li>\n<li>Sp\u00e9cialement pour les enceintes passives<\/li>\n<\/ul>\n<h2>&#038;&#038;&#038;.nbsp;<\/h2>\n<h2>Caract\u00e9ristiques&iacute;sticas Connecteur A<\/h2>\n<p>&nbsp;<\/p>\n<ul>\n<ul>\n<li>Connecteur : Jack<\/li>\n<li>Type : Mono<\/li>\n<li>Nombre de broches : 1<\/li>\n<li>Contacts du connecteur : Plaqu\u00e9 or 24k (pointe du jack) <\/li>\n<li>Couleur : Gris<\/li>\n<li>Fabricant Connecteur A : Audibax<\/li>\n<li>Connecteur A Series : Power AMP<\/li>\n<\/ul>\n<p>&nbsp;<\/p>\n<h2>Caract\u00e9ristiques Connecteur B<\/h2>\n<p>&nbsp;<\/p>\n<ul>\n<li>Connecteur : Speakon<\/li>\n<li>Nombre de broches : 1<\/li>\n<li>Contacts du connecteur : Noir<\/li>\n<li>Couleur : Noir<\/li>\n<li>Fabricant Connecteur B : Audibax<\/li>\n<li>S\u00e9rie Connecteur B : Power AMP<\/li>\n<\/ul>\n<\/ul>\n<\/ul>\n","protected":false},"excerpt":{"rendered":"<ul>\n<li>S\u00e9rie : Power AMP<\/li>\n<li>Type : Mono Jack et Speakon<\/li>\n<li>Longueur : 1.5m<\/li>\n<li>Couleur : Noir<\/li>\n<li>Diam\u00e8tre du c\u00e2ble : 7 mm<\/li>\n<li>Section int\u00e9rieure du conducteur : 2 x 2,5 mm<\/li>\n<\/ul>\n<\/ul>\n","protected":false},"featured_media":16959,"comment_status":"open","ping_status":"closed","template":"","meta":{"_acf_changed":false},"product_cat":[243],"product_tag":[],"class_list":{"0":"post-38089","1":"product","2":"type-product","3":"status-publish","4":"has-post-thumbnail","6":"product_cat-uncategorized","8":"first","9":"instock","10":"shipping-taxable","11":"product-type-simple"},"acf":[],"yoast_head":"<!-- This site is optimized with the Yoast SEO plugin v27.0 - https:\/\/yoast.com\/product\/yoast-seo-wordpress\/ -->\n<title>Power Amp Speakon Mono Jack 1,5m 10145107 - Audibax<\/title>\n<meta name=\"robots\" content=\"index, follow, max-snippet:-1, max-image-preview:large, max-video-preview:-1\" \/>\n<link rel=\"canonical\" href=\"https:\/\/audibax.com\/es\/producto\/power-amp-speakon-mono-jack-15m-black-10145107\/\" \/>\n<meta property=\"og:locale\" content=\"es_ES\" \/>\n<meta property=\"og:type\" content=\"article\" \/>\n<meta property=\"og:title\" content=\"Power Amp Speakon Mono Jack 1,5m 10145107 - Audibax\" \/>\n<meta property=\"og:description\" content=\"S\u00e9rie : Power AMP Type : Mono Jack et Speakon Longueur : 1.5m Couleur : Noir Diam\u00e8tre du c\u00e2ble : 7 mm Section int\u00e9rieure du conducteur : 2 x 2,5 mm\" \/>\n<meta property=\"og:url\" content=\"https:\/\/audibax.com\/es\/producto\/power-amp-speakon-mono-jack-15m-black-10145107\/\" \/>\n<meta property=\"og:site_name\" content=\"Audibax\" \/>\n<meta property=\"article:modified_time\" content=\"2024-02-28T12:30:22+00:00\" \/>\n<meta property=\"og:image\" content=\"https:\/\/audibax.com\/wp-content\/uploads\/2023\/12\/audibax-cable-jack-mono-speakon-15m-negro.png\" \/>\n\t<meta property=\"og:image:width\" content=\"1000\" \/>\n\t<meta property=\"og:image:height\" content=\"500\" \/>\n\t<meta property=\"og:image:type\" content=\"image\/png\" \/>\n<meta name=\"twitter:card\" content=\"summary_large_image\" \/>\n<meta name=\"twitter:label1\" content=\"Tiempo de lectura\" \/>\n\t<meta name=\"twitter:data1\" content=\"1 minuto\" \/>\n<script type=\"application\/ld+json\" class=\"yoast-schema-graph\">{\"@context\":\"https:\/\/schema.org\",\"@graph\":[{\"@type\":\"WebPage\",\"@id\":\"https:\/\/audibax.com\/es\/producto\/power-amp-speakon-mono-jack-15m-black-10145107\/\",\"url\":\"https:\/\/audibax.com\/es\/producto\/power-amp-speakon-mono-jack-15m-black-10145107\/\",\"name\":\"Power Amp Speakon Mono Jack 1,5m 10145107 - Audibax\",\"isPartOf\":{\"@id\":\"https:\/\/audibax.com\/es\/#website\"},\"primaryImageOfPage\":{\"@id\":\"https:\/\/audibax.com\/es\/producto\/power-amp-speakon-mono-jack-15m-black-10145107\/#primaryimage\"},\"image\":{\"@id\":\"https:\/\/audibax.com\/es\/producto\/power-amp-speakon-mono-jack-15m-black-10145107\/#primaryimage\"},\"thumbnailUrl\":\"https:\/\/audibax.com\/wp-content\/uploads\/2023\/12\/audibax-cable-jack-mono-speakon-15m-negro.png\",\"datePublished\":\"2024-01-05T12:03:25+00:00\",\"dateModified\":\"2024-02-28T12:30:22+00:00\",\"breadcrumb\":{\"@id\":\"https:\/\/audibax.com\/es\/producto\/power-amp-speakon-mono-jack-15m-black-10145107\/#breadcrumb\"},\"inLanguage\":\"es\",\"potentialAction\":[{\"@type\":\"ReadAction\",\"target\":[\"https:\/\/audibax.com\/es\/producto\/power-amp-speakon-mono-jack-15m-black-10145107\/\"]}]},{\"@type\":\"ImageObject\",\"inLanguage\":\"es\",\"@id\":\"https:\/\/audibax.com\/es\/producto\/power-amp-speakon-mono-jack-15m-black-10145107\/#primaryimage\",\"url\":\"https:\/\/audibax.com\/wp-content\/uploads\/2023\/12\/audibax-cable-jack-mono-speakon-15m-negro.png\",\"contentUrl\":\"https:\/\/audibax.com\/wp-content\/uploads\/2023\/12\/audibax-cable-jack-mono-speakon-15m-negro.png\",\"width\":1000,\"height\":500},{\"@type\":\"BreadcrumbList\",\"@id\":\"https:\/\/audibax.com\/es\/producto\/power-amp-speakon-mono-jack-15m-black-10145107\/#breadcrumb\",\"itemListElement\":[{\"@type\":\"ListItem\",\"position\":1,\"name\":\"Portada\",\"item\":\"https:\/\/audibax.com\/es\/\"},{\"@type\":\"ListItem\",\"position\":2,\"name\":\"Productos\",\"item\":\"https:\/\/audibax.com\/es\/shop\/\"},{\"@type\":\"ListItem\",\"position\":3,\"name\":\"Power Amp Speakon Mono Jack 1,5m 10145107\"}]},{\"@type\":\"WebSite\",\"@id\":\"https:\/\/audibax.com\/es\/#website\",\"url\":\"https:\/\/audibax.com\/es\/\",\"name\":\"Audibax\",\"description\":\"\",\"publisher\":{\"@id\":\"https:\/\/audibax.com\/es\/#organization\"},\"potentialAction\":[{\"@type\":\"SearchAction\",\"target\":{\"@type\":\"EntryPoint\",\"urlTemplate\":\"https:\/\/audibax.com\/es\/?s={search_term_string}\"},\"query-input\":{\"@type\":\"PropertyValueSpecification\",\"valueRequired\":true,\"valueName\":\"search_term_string\"}}],\"inLanguage\":\"es\"},{\"@type\":\"Organization\",\"@id\":\"https:\/\/audibax.com\/es\/#organization\",\"name\":\"Audibax\",\"url\":\"https:\/\/audibax.com\/es\/\",\"logo\":{\"@type\":\"ImageObject\",\"inLanguage\":\"es\",\"@id\":\"https:\/\/audibax.com\/es\/#\/schema\/logo\/image\/\",\"url\":\"https:\/\/audibax.com\/wp-content\/uploads\/2023\/09\/logo-Audibax-BLANCO-SVG-1.svg\",\"contentUrl\":\"https:\/\/audibax.com\/wp-content\/uploads\/2023\/09\/logo-Audibax-BLANCO-SVG-1.svg\",\"caption\":\"Audibax\"},\"image\":{\"@id\":\"https:\/\/audibax.com\/es\/#\/schema\/logo\/image\/\"}}]}<\/script>\n<!-- \/ Yoast SEO plugin. -->","yoast_head_json":{"title":"Power Amp Speakon Mono Jack 1,5m 10145107 - Audibax","robots":{"index":"index","follow":"follow","max-snippet":"max-snippet:-1","max-image-preview":"max-image-preview:large","max-video-preview":"max-video-preview:-1"},"canonical":"https:\/\/audibax.com\/es\/producto\/power-amp-speakon-mono-jack-15m-black-10145107\/","og_locale":"es_ES","og_type":"article","og_title":"Power Amp Speakon Mono Jack 1,5m 10145107 - Audibax","og_description":"S\u00e9rie : Power AMP Type : Mono Jack et Speakon Longueur : 1.5m Couleur : Noir Diam\u00e8tre du c\u00e2ble : 7 mm Section int\u00e9rieure du conducteur : 2 x 2,5 mm","og_url":"https:\/\/audibax.com\/es\/producto\/power-amp-speakon-mono-jack-15m-black-10145107\/","og_site_name":"Audibax","article_modified_time":"2024-02-28T12:30:22+00:00","og_image":[{"width":1000,"height":500,"url":"https:\/\/audibax.com\/wp-content\/uploads\/2023\/12\/audibax-cable-jack-mono-speakon-15m-negro.png","type":"image\/png"}],"twitter_card":"summary_large_image","twitter_misc":{"Tiempo de lectura":"1 minuto"},"schema":{"@context":"https:\/\/schema.org","@graph":[{"@type":"WebPage","@id":"https:\/\/audibax.com\/es\/producto\/power-amp-speakon-mono-jack-15m-black-10145107\/","url":"https:\/\/audibax.com\/es\/producto\/power-amp-speakon-mono-jack-15m-black-10145107\/","name":"Power Amp Speakon Mono Jack 1,5m 10145107 - Audibax","isPartOf":{"@id":"https:\/\/audibax.com\/es\/#website"},"primaryImageOfPage":{"@id":"https:\/\/audibax.com\/es\/producto\/power-amp-speakon-mono-jack-15m-black-10145107\/#primaryimage"},"image":{"@id":"https:\/\/audibax.com\/es\/producto\/power-amp-speakon-mono-jack-15m-black-10145107\/#primaryimage"},"thumbnailUrl":"https:\/\/audibax.com\/wp-content\/uploads\/2023\/12\/audibax-cable-jack-mono-speakon-15m-negro.png","datePublished":"2024-01-05T12:03:25+00:00","dateModified":"2024-02-28T12:30:22+00:00","breadcrumb":{"@id":"https:\/\/audibax.com\/es\/producto\/power-amp-speakon-mono-jack-15m-black-10145107\/#breadcrumb"},"inLanguage":"es","potentialAction":[{"@type":"ReadAction","target":["https:\/\/audibax.com\/es\/producto\/power-amp-speakon-mono-jack-15m-black-10145107\/"]}]},{"@type":"ImageObject","inLanguage":"es","@id":"https:\/\/audibax.com\/es\/producto\/power-amp-speakon-mono-jack-15m-black-10145107\/#primaryimage","url":"https:\/\/audibax.com\/wp-content\/uploads\/2023\/12\/audibax-cable-jack-mono-speakon-15m-negro.png","contentUrl":"https:\/\/audibax.com\/wp-content\/uploads\/2023\/12\/audibax-cable-jack-mono-speakon-15m-negro.png","width":1000,"height":500},{"@type":"BreadcrumbList","@id":"https:\/\/audibax.com\/es\/producto\/power-amp-speakon-mono-jack-15m-black-10145107\/#breadcrumb","itemListElement":[{"@type":"ListItem","position":1,"name":"Portada","item":"https:\/\/audibax.com\/es\/"},{"@type":"ListItem","position":2,"name":"Productos","item":"https:\/\/audibax.com\/es\/shop\/"},{"@type":"ListItem","position":3,"name":"Power Amp Speakon Mono Jack 1,5m 10145107"}]},{"@type":"WebSite","@id":"https:\/\/audibax.com\/es\/#website","url":"https:\/\/audibax.com\/es\/","name":"Audibax","description":"","publisher":{"@id":"https:\/\/audibax.com\/es\/#organization"},"potentialAction":[{"@type":"SearchAction","target":{"@type":"EntryPoint","urlTemplate":"https:\/\/audibax.com\/es\/?s={search_term_string}"},"query-input":{"@type":"PropertyValueSpecification","valueRequired":true,"valueName":"search_term_string"}}],"inLanguage":"es"},{"@type":"Organization","@id":"https:\/\/audibax.com\/es\/#organization","name":"Audibax","url":"https:\/\/audibax.com\/es\/","logo":{"@type":"ImageObject","inLanguage":"es","@id":"https:\/\/audibax.com\/es\/#\/schema\/logo\/image\/","url":"https:\/\/audibax.com\/wp-content\/uploads\/2023\/09\/logo-Audibax-BLANCO-SVG-1.svg","contentUrl":"https:\/\/audibax.com\/wp-content\/uploads\/2023\/09\/logo-Audibax-BLANCO-SVG-1.svg","caption":"Audibax"},"image":{"@id":"https:\/\/audibax.com\/es\/#\/schema\/logo\/image\/"}}]}},"_links":{"self":[{"href":"https:\/\/audibax.com\/es\/wp-json\/wp\/v2\/product\/38089","targetHints":{"allow":["GET"]}}],"collection":[{"href":"https:\/\/audibax.com\/es\/wp-json\/wp\/v2\/product"}],"about":[{"href":"https:\/\/audibax.com\/es\/wp-json\/wp\/v2\/types\/product"}],"replies":[{"embeddable":true,"href":"https:\/\/audibax.com\/es\/wp-json\/wp\/v2\/comments?post=38089"}],"wp:featuredmedia":[{"embeddable":true,"href":"https:\/\/audibax.com\/es\/wp-json\/wp\/v2\/media\/16959"}],"wp:attachment":[{"href":"https:\/\/audibax.com\/es\/wp-json\/wp\/v2\/media?parent=38089"}],"wp:term":[{"taxonomy":"product_cat","embeddable":true,"href":"https:\/\/audibax.com\/es\/wp-json\/wp\/v2\/product_cat?post=38089"},{"taxonomy":"product_tag","embeddable":true,"href":"https:\/\/audibax.com\/es\/wp-json\/wp\/v2\/product_tag?post=38089"}],"curies":[{"name":"wp","href":"https:\/\/api.w.org\/{rel}","templated":true}]}}