{"id":38025,"date":"2024-01-03T18:24:09","date_gmt":"2024-01-03T17:24:09","guid":{"rendered":"https:\/\/audibax.com\/product\/haze-1500-pro-black\/"},"modified":"2024-03-05T13:33:24","modified_gmt":"2024-03-05T12:33:24","slug":"haze-1500-pro-black","status":"publish","type":"product","link":"https:\/\/audibax.com\/es\/producto\/haze-1500-pro-black\/","title":{"rendered":"Haze 1500 Pro"},"content":{"rendered":"<p><strong>Caracter\u00edsticas<\/strong><\/p>\n<ul>\n<li>El <strong>Audibax Haze 1500 Pro <\/strong>es una m\u00e1quina de humo efecto niebla profesional, que genera una fina cortina de niebla, convirti\u00e9ndose en la opci\u00f3n ideal para dar esa apariencia diferente a tus eventos y espect\u00e1culos.<\/li>\n<li>Nuestra m\u00e1quina de niebla <strong>Haze 1500 Pro<\/strong> est\u00e1 equipada con un tanque que tiene una capacidad de 3.1 L y su tiempo de calentamiento es de 2 minutos.<\/li>\n<li>En el modo independiente, tanto la salida como la velocidad del ventilador son ajustables. Despu\u00e9s del tiempo de calentamiento inicial, se produce la salida continua.<\/li>\n<li>Funciona en modo DMX, aut\u00f3nomo y salida regular de manera precisa.<\/li>\n<\/ul>\n<p><strong>Especificaciones<\/strong><\/p>\n<ul>\n<li>Potencia: 1500W<\/li>\n<li>Tiempo de calentamiento: 2 minutos<\/li>\n<li>Volumen de salida por minuto: 350m3<\/li>\n<li>Capacidad del tanque: 3,1 L<\/li>\n<li>Canales DMX: 2CH<\/li>\n<li>Modo DMX: de 2 canales, salida de humo y velocidad del ventilador<\/li>\n<li>Salida y velocidad del ventilador ajustables en modo independiente<\/li>\n<li>Salida continua despu\u00e9s del tiempo de calentamiento inicial<\/li>\n<li>Voltaje: AC110-240v 50\/60HZ<\/li>\n<li>Funciona con l\u00edquido de m\u00e1quina de niebla<\/li>\n<li>Color: Negro<\/li>\n<li>Medidas: 600 x 370 x 250 mm<\/li>\n<li>Peso: 15,8 KG<\/li>\n<\/ul>\n","protected":false},"excerpt":{"rendered":"<ul>\n<li>M\u00e1quina de niebla profesional<\/li>\n<li>Potencia: 1500W<\/li>\n<li>Canales DMX: 2CH<\/li>\n<\/ul>\n","protected":false},"featured_media":34352,"comment_status":"open","ping_status":"closed","template":"","meta":{"_acf_changed":false},"product_cat":[332],"product_tag":[],"class_list":{"0":"post-38025","1":"product","2":"type-product","3":"status-publish","4":"has-post-thumbnail","6":"product_cat-dj-flightcase-es","8":"first","9":"instock","10":"shipping-taxable","11":"product-type-simple"},"acf":[],"yoast_head":"<!-- This site is optimized with the Yoast SEO plugin v27.0 - https:\/\/yoast.com\/product\/yoast-seo-wordpress\/ -->\n<title>Haze 1500 Pro - Audibax<\/title>\n<meta name=\"robots\" content=\"index, follow, max-snippet:-1, max-image-preview:large, max-video-preview:-1\" \/>\n<link rel=\"canonical\" href=\"https:\/\/audibax.com\/es\/producto\/haze-1500-pro-black\/\" \/>\n<meta property=\"og:locale\" content=\"es_ES\" \/>\n<meta property=\"og:type\" content=\"article\" \/>\n<meta property=\"og:title\" content=\"Haze 1500 Pro - Audibax\" \/>\n<meta property=\"og:description\" content=\"M\u00e1quina de niebla profesional  Potencia: 1500W  Canales DMX: 2CH\" \/>\n<meta property=\"og:url\" content=\"https:\/\/audibax.com\/es\/producto\/haze-1500-pro-black\/\" \/>\n<meta property=\"og:site_name\" content=\"Audibax\" \/>\n<meta property=\"article:modified_time\" content=\"2024-03-05T12:33:24+00:00\" \/>\n<meta property=\"og:image\" content=\"https:\/\/audibax.com\/wp-content\/uploads\/2023\/12\/HAZE-1500-pro-efectos-maquina-niebla-comprar-1.jpg\" \/>\n\t<meta property=\"og:image:width\" content=\"1500\" \/>\n\t<meta property=\"og:image:height\" content=\"938\" \/>\n\t<meta property=\"og:image:type\" content=\"image\/jpeg\" \/>\n<meta name=\"twitter:card\" content=\"summary_large_image\" \/>\n<meta name=\"twitter:label1\" content=\"Tiempo de lectura\" \/>\n\t<meta name=\"twitter:data1\" content=\"1 minuto\" \/>\n<script type=\"application\/ld+json\" class=\"yoast-schema-graph\">{\"@context\":\"https:\/\/schema.org\",\"@graph\":[{\"@type\":\"WebPage\",\"@id\":\"https:\/\/audibax.com\/es\/producto\/haze-1500-pro-black\/\",\"url\":\"https:\/\/audibax.com\/es\/producto\/haze-1500-pro-black\/\",\"name\":\"Haze 1500 Pro - Audibax\",\"isPartOf\":{\"@id\":\"https:\/\/audibax.com\/es\/#website\"},\"primaryImageOfPage\":{\"@id\":\"https:\/\/audibax.com\/es\/producto\/haze-1500-pro-black\/#primaryimage\"},\"image\":{\"@id\":\"https:\/\/audibax.com\/es\/producto\/haze-1500-pro-black\/#primaryimage\"},\"thumbnailUrl\":\"https:\/\/audibax.com\/wp-content\/uploads\/2023\/12\/HAZE-1500-pro-efectos-maquina-niebla-comprar-1.jpg\",\"datePublished\":\"2024-01-03T17:24:09+00:00\",\"dateModified\":\"2024-03-05T12:33:24+00:00\",\"breadcrumb\":{\"@id\":\"https:\/\/audibax.com\/es\/producto\/haze-1500-pro-black\/#breadcrumb\"},\"inLanguage\":\"es\",\"potentialAction\":[{\"@type\":\"ReadAction\",\"target\":[\"https:\/\/audibax.com\/es\/producto\/haze-1500-pro-black\/\"]}]},{\"@type\":\"ImageObject\",\"inLanguage\":\"es\",\"@id\":\"https:\/\/audibax.com\/es\/producto\/haze-1500-pro-black\/#primaryimage\",\"url\":\"https:\/\/audibax.com\/wp-content\/uploads\/2023\/12\/HAZE-1500-pro-efectos-maquina-niebla-comprar-1.jpg\",\"contentUrl\":\"https:\/\/audibax.com\/wp-content\/uploads\/2023\/12\/HAZE-1500-pro-efectos-maquina-niebla-comprar-1.jpg\",\"width\":1500,\"height\":938},{\"@type\":\"BreadcrumbList\",\"@id\":\"https:\/\/audibax.com\/es\/producto\/haze-1500-pro-black\/#breadcrumb\",\"itemListElement\":[{\"@type\":\"ListItem\",\"position\":1,\"name\":\"Portada\",\"item\":\"https:\/\/audibax.com\/es\/\"},{\"@type\":\"ListItem\",\"position\":2,\"name\":\"Productos\",\"item\":\"https:\/\/audibax.com\/es\/shop\/\"},{\"@type\":\"ListItem\",\"position\":3,\"name\":\"Haze 1500 Pro\"}]},{\"@type\":\"WebSite\",\"@id\":\"https:\/\/audibax.com\/es\/#website\",\"url\":\"https:\/\/audibax.com\/es\/\",\"name\":\"Audibax\",\"description\":\"\",\"publisher\":{\"@id\":\"https:\/\/audibax.com\/es\/#organization\"},\"potentialAction\":[{\"@type\":\"SearchAction\",\"target\":{\"@type\":\"EntryPoint\",\"urlTemplate\":\"https:\/\/audibax.com\/es\/?s={search_term_string}\"},\"query-input\":{\"@type\":\"PropertyValueSpecification\",\"valueRequired\":true,\"valueName\":\"search_term_string\"}}],\"inLanguage\":\"es\"},{\"@type\":\"Organization\",\"@id\":\"https:\/\/audibax.com\/es\/#organization\",\"name\":\"Audibax\",\"url\":\"https:\/\/audibax.com\/es\/\",\"logo\":{\"@type\":\"ImageObject\",\"inLanguage\":\"es\",\"@id\":\"https:\/\/audibax.com\/es\/#\/schema\/logo\/image\/\",\"url\":\"https:\/\/audibax.com\/wp-content\/uploads\/2023\/09\/logo-Audibax-BLANCO-SVG-1.svg\",\"contentUrl\":\"https:\/\/audibax.com\/wp-content\/uploads\/2023\/09\/logo-Audibax-BLANCO-SVG-1.svg\",\"caption\":\"Audibax\"},\"image\":{\"@id\":\"https:\/\/audibax.com\/es\/#\/schema\/logo\/image\/\"}}]}<\/script>\n<!-- \/ Yoast SEO plugin. -->","yoast_head_json":{"title":"Haze 1500 Pro - Audibax","robots":{"index":"index","follow":"follow","max-snippet":"max-snippet:-1","max-image-preview":"max-image-preview:large","max-video-preview":"max-video-preview:-1"},"canonical":"https:\/\/audibax.com\/es\/producto\/haze-1500-pro-black\/","og_locale":"es_ES","og_type":"article","og_title":"Haze 1500 Pro - Audibax","og_description":"M\u00e1quina de niebla profesional  Potencia: 1500W  Canales DMX: 2CH","og_url":"https:\/\/audibax.com\/es\/producto\/haze-1500-pro-black\/","og_site_name":"Audibax","article_modified_time":"2024-03-05T12:33:24+00:00","og_image":[{"width":1500,"height":938,"url":"https:\/\/audibax.com\/wp-content\/uploads\/2023\/12\/HAZE-1500-pro-efectos-maquina-niebla-comprar-1.jpg","type":"image\/jpeg"}],"twitter_card":"summary_large_image","twitter_misc":{"Tiempo de lectura":"1 minuto"},"schema":{"@context":"https:\/\/schema.org","@graph":[{"@type":"WebPage","@id":"https:\/\/audibax.com\/es\/producto\/haze-1500-pro-black\/","url":"https:\/\/audibax.com\/es\/producto\/haze-1500-pro-black\/","name":"Haze 1500 Pro - Audibax","isPartOf":{"@id":"https:\/\/audibax.com\/es\/#website"},"primaryImageOfPage":{"@id":"https:\/\/audibax.com\/es\/producto\/haze-1500-pro-black\/#primaryimage"},"image":{"@id":"https:\/\/audibax.com\/es\/producto\/haze-1500-pro-black\/#primaryimage"},"thumbnailUrl":"https:\/\/audibax.com\/wp-content\/uploads\/2023\/12\/HAZE-1500-pro-efectos-maquina-niebla-comprar-1.jpg","datePublished":"2024-01-03T17:24:09+00:00","dateModified":"2024-03-05T12:33:24+00:00","breadcrumb":{"@id":"https:\/\/audibax.com\/es\/producto\/haze-1500-pro-black\/#breadcrumb"},"inLanguage":"es","potentialAction":[{"@type":"ReadAction","target":["https:\/\/audibax.com\/es\/producto\/haze-1500-pro-black\/"]}]},{"@type":"ImageObject","inLanguage":"es","@id":"https:\/\/audibax.com\/es\/producto\/haze-1500-pro-black\/#primaryimage","url":"https:\/\/audibax.com\/wp-content\/uploads\/2023\/12\/HAZE-1500-pro-efectos-maquina-niebla-comprar-1.jpg","contentUrl":"https:\/\/audibax.com\/wp-content\/uploads\/2023\/12\/HAZE-1500-pro-efectos-maquina-niebla-comprar-1.jpg","width":1500,"height":938},{"@type":"BreadcrumbList","@id":"https:\/\/audibax.com\/es\/producto\/haze-1500-pro-black\/#breadcrumb","itemListElement":[{"@type":"ListItem","position":1,"name":"Portada","item":"https:\/\/audibax.com\/es\/"},{"@type":"ListItem","position":2,"name":"Productos","item":"https:\/\/audibax.com\/es\/shop\/"},{"@type":"ListItem","position":3,"name":"Haze 1500 Pro"}]},{"@type":"WebSite","@id":"https:\/\/audibax.com\/es\/#website","url":"https:\/\/audibax.com\/es\/","name":"Audibax","description":"","publisher":{"@id":"https:\/\/audibax.com\/es\/#organization"},"potentialAction":[{"@type":"SearchAction","target":{"@type":"EntryPoint","urlTemplate":"https:\/\/audibax.com\/es\/?s={search_term_string}"},"query-input":{"@type":"PropertyValueSpecification","valueRequired":true,"valueName":"search_term_string"}}],"inLanguage":"es"},{"@type":"Organization","@id":"https:\/\/audibax.com\/es\/#organization","name":"Audibax","url":"https:\/\/audibax.com\/es\/","logo":{"@type":"ImageObject","inLanguage":"es","@id":"https:\/\/audibax.com\/es\/#\/schema\/logo\/image\/","url":"https:\/\/audibax.com\/wp-content\/uploads\/2023\/09\/logo-Audibax-BLANCO-SVG-1.svg","contentUrl":"https:\/\/audibax.com\/wp-content\/uploads\/2023\/09\/logo-Audibax-BLANCO-SVG-1.svg","caption":"Audibax"},"image":{"@id":"https:\/\/audibax.com\/es\/#\/schema\/logo\/image\/"}}]}},"_links":{"self":[{"href":"https:\/\/audibax.com\/es\/wp-json\/wp\/v2\/product\/38025","targetHints":{"allow":["GET"]}}],"collection":[{"href":"https:\/\/audibax.com\/es\/wp-json\/wp\/v2\/product"}],"about":[{"href":"https:\/\/audibax.com\/es\/wp-json\/wp\/v2\/types\/product"}],"replies":[{"embeddable":true,"href":"https:\/\/audibax.com\/es\/wp-json\/wp\/v2\/comments?post=38025"}],"wp:featuredmedia":[{"embeddable":true,"href":"https:\/\/audibax.com\/es\/wp-json\/wp\/v2\/media\/34352"}],"wp:attachment":[{"href":"https:\/\/audibax.com\/es\/wp-json\/wp\/v2\/media?parent=38025"}],"wp:term":[{"taxonomy":"product_cat","embeddable":true,"href":"https:\/\/audibax.com\/es\/wp-json\/wp\/v2\/product_cat?post=38025"},{"taxonomy":"product_tag","embeddable":true,"href":"https:\/\/audibax.com\/es\/wp-json\/wp\/v2\/product_tag?post=38025"}],"curies":[{"name":"wp","href":"https:\/\/api.w.org\/{rel}","templated":true}]}}