{"id":38024,"date":"2024-01-04T16:35:33","date_gmt":"2024-01-04T15:35:33","guid":{"rendered":"https:\/\/audibax.com\/product\/bubble-40-blue-2\/"},"modified":"2024-09-10T17:22:55","modified_gmt":"2024-09-10T15:22:55","slug":"bubble-40-blue-2","status":"publish","type":"product","link":"https:\/\/audibax.com\/es\/producto\/bubble-40-blue-2\/","title":{"rendered":"Bubble 40 Blue"},"content":{"rendered":"<p><strong>Caracter\u00edsticas<\/strong><\/p>\n<ul>\n<li>El <strong>Audibax Bubble 40<\/strong> es una m\u00e1quina de efectos capaz de generar grandes burbujas por toda la habitaci\u00f3n, que gracias a su peque\u00f1o tama\u00f1o y control remoto inal\u00e1mbrico, la convierte en el complemento perfecto para tus eventos en peque\u00f1as salas, cumplea\u00f1os, etc.<\/li>\n<li>Nuestra m\u00e1quina de burbujas <strong>Bubble 40\u00a0<\/strong>est\u00e1 equipada con un potente ventilador y destaca por su bajo consumo de energ\u00eda.<\/li>\n<li>Su soporte de montaje te permitir\u00e1 colocarla tanto en la pared, como en el techo o en un truss.<\/li>\n<\/ul>\n<p><strong>Especificaciones<\/strong><\/p>\n<ul>\n<li>M\u00e1quina de burbujas 40W<\/li>\n<li>Potencia: 40W<\/li>\n<li>Voltaje: AC110-240v 50\/60HZ<\/li>\n<li>Genera grandes burbujas por toda la habitaci\u00f3n<\/li>\n<li>Potente ventilador<\/li>\n<li>Bajo consumo de energ\u00eda<\/li>\n<li>Control remoto inal\u00e1mbrico<\/li>\n<li>Soporte para montaje en pared, techo o truss<\/li>\n<li>Color: Azul<\/li>\n<li>Dimensiones: 355 x 177 x 220 mm<\/li>\n<li>Peso: 1,38 KG<\/li>\n<\/ul>\n","protected":false},"excerpt":{"rendered":"<ul>\n<li>M\u00e1quina de burbujas<\/li>\n<li>Potencia: 40W<\/li>\n<li>Control remoto inal\u00e1mbrico<\/li>\n<\/ul>\n","protected":false},"featured_media":46514,"comment_status":"open","ping_status":"closed","template":"","meta":{"_acf_changed":false},"product_cat":[358],"product_tag":[],"class_list":{"0":"post-38024","1":"product","2":"type-product","3":"status-publish","4":"has-post-thumbnail","6":"product_cat-maquina-de-efectos","8":"first","9":"instock","10":"shipping-taxable","11":"product-type-simple"},"acf":[],"yoast_head":"<!-- This site is optimized with the Yoast SEO plugin v27.0 - https:\/\/yoast.com\/product\/yoast-seo-wordpress\/ -->\n<title>Bubble 40 Blue - Audibax<\/title>\n<meta name=\"robots\" content=\"index, follow, max-snippet:-1, max-image-preview:large, max-video-preview:-1\" \/>\n<link rel=\"canonical\" href=\"https:\/\/audibax.com\/es\/producto\/bubble-40-blue-2\/\" \/>\n<meta property=\"og:locale\" content=\"es_ES\" \/>\n<meta property=\"og:type\" content=\"article\" \/>\n<meta property=\"og:title\" content=\"Bubble 40 Blue - Audibax\" \/>\n<meta property=\"og:description\" content=\"M\u00e1quina de burbujas  Potencia: 40W  Control remoto inal\u00e1mbrico\" \/>\n<meta property=\"og:url\" content=\"https:\/\/audibax.com\/es\/producto\/bubble-40-blue-2\/\" \/>\n<meta property=\"og:site_name\" content=\"Audibax\" \/>\n<meta property=\"article:modified_time\" content=\"2024-09-10T15:22:55+00:00\" \/>\n<meta property=\"og:image\" content=\"https:\/\/audibax.com\/wp-content\/uploads\/2024\/01\/Audibax_Bubble_40_SF_55B_Machine-1024x724.png\" \/>\n\t<meta property=\"og:image:width\" content=\"1024\" \/>\n\t<meta property=\"og:image:height\" content=\"724\" \/>\n\t<meta property=\"og:image:type\" content=\"image\/png\" \/>\n<meta name=\"twitter:card\" content=\"summary_large_image\" \/>\n<meta name=\"twitter:label1\" content=\"Tiempo de lectura\" \/>\n\t<meta name=\"twitter:data1\" content=\"1 minuto\" \/>\n<script type=\"application\/ld+json\" class=\"yoast-schema-graph\">{\"@context\":\"https:\/\/schema.org\",\"@graph\":[{\"@type\":\"WebPage\",\"@id\":\"https:\/\/audibax.com\/es\/producto\/bubble-40-blue-2\/\",\"url\":\"https:\/\/audibax.com\/es\/producto\/bubble-40-blue-2\/\",\"name\":\"Bubble 40 Blue - Audibax\",\"isPartOf\":{\"@id\":\"https:\/\/audibax.com\/es\/#website\"},\"primaryImageOfPage\":{\"@id\":\"https:\/\/audibax.com\/es\/producto\/bubble-40-blue-2\/#primaryimage\"},\"image\":{\"@id\":\"https:\/\/audibax.com\/es\/producto\/bubble-40-blue-2\/#primaryimage\"},\"thumbnailUrl\":\"https:\/\/audibax.com\/wp-content\/uploads\/2024\/01\/Audibax_Bubble_40_SF_55B_Machine.png\",\"datePublished\":\"2024-01-04T15:35:33+00:00\",\"dateModified\":\"2024-09-10T15:22:55+00:00\",\"breadcrumb\":{\"@id\":\"https:\/\/audibax.com\/es\/producto\/bubble-40-blue-2\/#breadcrumb\"},\"inLanguage\":\"es\",\"potentialAction\":[{\"@type\":\"ReadAction\",\"target\":[\"https:\/\/audibax.com\/es\/producto\/bubble-40-blue-2\/\"]}]},{\"@type\":\"ImageObject\",\"inLanguage\":\"es\",\"@id\":\"https:\/\/audibax.com\/es\/producto\/bubble-40-blue-2\/#primaryimage\",\"url\":\"https:\/\/audibax.com\/wp-content\/uploads\/2024\/01\/Audibax_Bubble_40_SF_55B_Machine.png\",\"contentUrl\":\"https:\/\/audibax.com\/wp-content\/uploads\/2024\/01\/Audibax_Bubble_40_SF_55B_Machine.png\",\"width\":2500,\"height\":1767},{\"@type\":\"BreadcrumbList\",\"@id\":\"https:\/\/audibax.com\/es\/producto\/bubble-40-blue-2\/#breadcrumb\",\"itemListElement\":[{\"@type\":\"ListItem\",\"position\":1,\"name\":\"Portada\",\"item\":\"https:\/\/audibax.com\/es\/\"},{\"@type\":\"ListItem\",\"position\":2,\"name\":\"Productos\",\"item\":\"https:\/\/audibax.com\/es\/shop\/\"},{\"@type\":\"ListItem\",\"position\":3,\"name\":\"Bubble 40 Blue\"}]},{\"@type\":\"WebSite\",\"@id\":\"https:\/\/audibax.com\/es\/#website\",\"url\":\"https:\/\/audibax.com\/es\/\",\"name\":\"Audibax\",\"description\":\"\",\"publisher\":{\"@id\":\"https:\/\/audibax.com\/es\/#organization\"},\"potentialAction\":[{\"@type\":\"SearchAction\",\"target\":{\"@type\":\"EntryPoint\",\"urlTemplate\":\"https:\/\/audibax.com\/es\/?s={search_term_string}\"},\"query-input\":{\"@type\":\"PropertyValueSpecification\",\"valueRequired\":true,\"valueName\":\"search_term_string\"}}],\"inLanguage\":\"es\"},{\"@type\":\"Organization\",\"@id\":\"https:\/\/audibax.com\/es\/#organization\",\"name\":\"Audibax\",\"url\":\"https:\/\/audibax.com\/es\/\",\"logo\":{\"@type\":\"ImageObject\",\"inLanguage\":\"es\",\"@id\":\"https:\/\/audibax.com\/es\/#\/schema\/logo\/image\/\",\"url\":\"https:\/\/audibax.com\/wp-content\/uploads\/2023\/09\/logo-Audibax-BLANCO-SVG-1.svg\",\"contentUrl\":\"https:\/\/audibax.com\/wp-content\/uploads\/2023\/09\/logo-Audibax-BLANCO-SVG-1.svg\",\"caption\":\"Audibax\"},\"image\":{\"@id\":\"https:\/\/audibax.com\/es\/#\/schema\/logo\/image\/\"}}]}<\/script>\n<!-- \/ Yoast SEO plugin. -->","yoast_head_json":{"title":"Bubble 40 Blue - Audibax","robots":{"index":"index","follow":"follow","max-snippet":"max-snippet:-1","max-image-preview":"max-image-preview:large","max-video-preview":"max-video-preview:-1"},"canonical":"https:\/\/audibax.com\/es\/producto\/bubble-40-blue-2\/","og_locale":"es_ES","og_type":"article","og_title":"Bubble 40 Blue - Audibax","og_description":"M\u00e1quina de burbujas  Potencia: 40W  Control remoto inal\u00e1mbrico","og_url":"https:\/\/audibax.com\/es\/producto\/bubble-40-blue-2\/","og_site_name":"Audibax","article_modified_time":"2024-09-10T15:22:55+00:00","og_image":[{"width":1024,"height":724,"url":"https:\/\/audibax.com\/wp-content\/uploads\/2024\/01\/Audibax_Bubble_40_SF_55B_Machine-1024x724.png","type":"image\/png"}],"twitter_card":"summary_large_image","twitter_misc":{"Tiempo de lectura":"1 minuto"},"schema":{"@context":"https:\/\/schema.org","@graph":[{"@type":"WebPage","@id":"https:\/\/audibax.com\/es\/producto\/bubble-40-blue-2\/","url":"https:\/\/audibax.com\/es\/producto\/bubble-40-blue-2\/","name":"Bubble 40 Blue - Audibax","isPartOf":{"@id":"https:\/\/audibax.com\/es\/#website"},"primaryImageOfPage":{"@id":"https:\/\/audibax.com\/es\/producto\/bubble-40-blue-2\/#primaryimage"},"image":{"@id":"https:\/\/audibax.com\/es\/producto\/bubble-40-blue-2\/#primaryimage"},"thumbnailUrl":"https:\/\/audibax.com\/wp-content\/uploads\/2024\/01\/Audibax_Bubble_40_SF_55B_Machine.png","datePublished":"2024-01-04T15:35:33+00:00","dateModified":"2024-09-10T15:22:55+00:00","breadcrumb":{"@id":"https:\/\/audibax.com\/es\/producto\/bubble-40-blue-2\/#breadcrumb"},"inLanguage":"es","potentialAction":[{"@type":"ReadAction","target":["https:\/\/audibax.com\/es\/producto\/bubble-40-blue-2\/"]}]},{"@type":"ImageObject","inLanguage":"es","@id":"https:\/\/audibax.com\/es\/producto\/bubble-40-blue-2\/#primaryimage","url":"https:\/\/audibax.com\/wp-content\/uploads\/2024\/01\/Audibax_Bubble_40_SF_55B_Machine.png","contentUrl":"https:\/\/audibax.com\/wp-content\/uploads\/2024\/01\/Audibax_Bubble_40_SF_55B_Machine.png","width":2500,"height":1767},{"@type":"BreadcrumbList","@id":"https:\/\/audibax.com\/es\/producto\/bubble-40-blue-2\/#breadcrumb","itemListElement":[{"@type":"ListItem","position":1,"name":"Portada","item":"https:\/\/audibax.com\/es\/"},{"@type":"ListItem","position":2,"name":"Productos","item":"https:\/\/audibax.com\/es\/shop\/"},{"@type":"ListItem","position":3,"name":"Bubble 40 Blue"}]},{"@type":"WebSite","@id":"https:\/\/audibax.com\/es\/#website","url":"https:\/\/audibax.com\/es\/","name":"Audibax","description":"","publisher":{"@id":"https:\/\/audibax.com\/es\/#organization"},"potentialAction":[{"@type":"SearchAction","target":{"@type":"EntryPoint","urlTemplate":"https:\/\/audibax.com\/es\/?s={search_term_string}"},"query-input":{"@type":"PropertyValueSpecification","valueRequired":true,"valueName":"search_term_string"}}],"inLanguage":"es"},{"@type":"Organization","@id":"https:\/\/audibax.com\/es\/#organization","name":"Audibax","url":"https:\/\/audibax.com\/es\/","logo":{"@type":"ImageObject","inLanguage":"es","@id":"https:\/\/audibax.com\/es\/#\/schema\/logo\/image\/","url":"https:\/\/audibax.com\/wp-content\/uploads\/2023\/09\/logo-Audibax-BLANCO-SVG-1.svg","contentUrl":"https:\/\/audibax.com\/wp-content\/uploads\/2023\/09\/logo-Audibax-BLANCO-SVG-1.svg","caption":"Audibax"},"image":{"@id":"https:\/\/audibax.com\/es\/#\/schema\/logo\/image\/"}}]}},"_links":{"self":[{"href":"https:\/\/audibax.com\/es\/wp-json\/wp\/v2\/product\/38024","targetHints":{"allow":["GET"]}}],"collection":[{"href":"https:\/\/audibax.com\/es\/wp-json\/wp\/v2\/product"}],"about":[{"href":"https:\/\/audibax.com\/es\/wp-json\/wp\/v2\/types\/product"}],"replies":[{"embeddable":true,"href":"https:\/\/audibax.com\/es\/wp-json\/wp\/v2\/comments?post=38024"}],"wp:featuredmedia":[{"embeddable":true,"href":"https:\/\/audibax.com\/es\/wp-json\/wp\/v2\/media\/46514"}],"wp:attachment":[{"href":"https:\/\/audibax.com\/es\/wp-json\/wp\/v2\/media?parent=38024"}],"wp:term":[{"taxonomy":"product_cat","embeddable":true,"href":"https:\/\/audibax.com\/es\/wp-json\/wp\/v2\/product_cat?post=38024"},{"taxonomy":"product_tag","embeddable":true,"href":"https:\/\/audibax.com\/es\/wp-json\/wp\/v2\/product_tag?post=38024"}],"curies":[{"name":"wp","href":"https:\/\/api.w.org\/{rel}","templated":true}]}}