{"id":35470,"date":"2023-12-11T13:58:20","date_gmt":"2023-12-11T12:58:20","guid":{"rendered":"https:\/\/audibax.com\/product\/pro-event-dj-black-2\/"},"modified":"2026-04-23T10:49:18","modified_gmt":"2026-04-23T08:49:18","slug":"pro-event-dj-black-2","status":"publish","type":"product","link":"https:\/\/audibax.com\/es\/producto\/pro-event-dj-black-2\/","title":{"rendered":"Pro Event Dj Black"},"content":{"rendered":"<p>El stand <strong>DJ Audibax Pro Event<\/strong> es una cabina DJ plegable dise\u00f1ada para ser muy \u00fatil en todo tipo de fiestas y eventos. Se distingue principalmente por su configuraci\u00f3n y montaje r\u00e1pidos y f\u00e1ciles. Ofrece una excelente estabilidad gracias a su robusta estructura de soporte de hierro fundido.<\/p>\n<p>Adem\u00e1s del soporte, se incluye una funda de tela para envolver la estructura, d\u00e1ndole una apariencia m\u00e1s elegante y ofreciendo un espacio de trabajo privado para el DJ, manteniendo el equipo fuera de la vista del p\u00fablico. Tambi\u00e9n se incluye una espaciosa bolsa de transporte, lo que facilita y hace m\u00e1s c\u00f3modo el transporte.<\/p>\n<p>&nbsp;<\/p>\n<h2 data-section-id=\"1qhk4i3\" data-start=\"756\" data-end=\"775\">Especificaciones<\/h2>\n<ul>\n<li data-start=\"868\" data-end=\"951\">Color del soporte: Negro<\/li>\n<li data-start=\"868\" data-end=\"951\">Color de la bolsa de transporte: Negro<\/li>\n<li data-start=\"868\" data-end=\"951\">Color de la tela: Blanco<\/li>\n<\/ul>\n<p>&nbsp;<\/p>\n<h2 data-section-id=\"djg4ig\" data-start=\"958\" data-end=\"979\">Dimensiones de la mesa<\/h2>\n<ul data-start=\"980\" data-end=\"1014\">\n<li data-section-id=\"wgnski\" data-start=\"980\" data-end=\"997\">Ancho: 109 cm<\/li>\n<li data-section-id=\"wgnski\" data-start=\"980\" data-end=\"997\">Profundidad: 48 cm<\/li>\n<\/ul>\n<p>&nbsp;<\/p>\n<h2 data-section-id=\"cdh8ve\" data-start=\"1021\" data-end=\"1042\">Dimensiones del stand<\/h2>\n<ul data-start=\"1043\" data-end=\"1200\">\n<li data-section-id=\"yvvufi\" data-start=\"1043\" data-end=\"1060\">Ancho: 114 cm<\/li>\n<li data-section-id=\"yvvufi\" data-start=\"1043\" data-end=\"1060\">Profundidad: 58.5 cm<\/li>\n<li data-section-id=\"yvvufi\" data-start=\"1043\" data-end=\"1060\">Altura total: 120 cm<\/li>\n<li data-section-id=\"yvvufi\" data-start=\"1043\" data-end=\"1060\">Altura del suelo a la mesa: 88 cm<\/li>\n<li data-section-id=\"yvvufi\" data-start=\"1043\" data-end=\"1060\">Altura de la mesa a la cubierta superior: 32 cm<\/li>\n<li data-section-id=\"yvvufi\" data-start=\"1043\" data-end=\"1060\">Peso: 14 kg<\/li>\n<\/ul>\n<p>&nbsp;<\/p>\n<h2 data-section-id=\"9pefvd\" data-start=\"1207\" data-end=\"1235\">Dimensiones de la bolsa de transporte<\/h2>\n<ul data-start=\"1236\" data-end=\"1286\" data-is-last-node=\"\" data-is-only-node=\"\">\n<li data-section-id=\"tq53ym\" data-start=\"1236\" data-end=\"1253\">Altura: 58 cm<\/li>\n<li data-section-id=\"tq53ym\" data-start=\"1236\" data-end=\"1253\">Ancho: 124 cm<\/li>\n<li data-section-id=\"tq53ym\" data-start=\"1236\" data-end=\"1253\">Profundidad: 14 cm<\/li>\n<\/ul>\n","protected":false},"excerpt":{"rendered":"<ul>\n<li>Aplicaci\u00f3n de <strong>soporte<\/strong>: Suelo<\/li>\n<li><strong>Carga<\/strong> m\u00e1xima (kg): 100<\/li>\n<li><strong>Ancho<\/strong>: 114 cm<\/li>\n<li><strong>Profundidad<\/strong>: 58,5 cm<\/li>\n<\/ul>\n<p>&nbsp;<\/p>\n<p>&nbsp;<\/p>\n","protected":false},"featured_media":17587,"comment_status":"open","ping_status":"closed","template":"","meta":{"_acf_changed":false},"product_cat":[430],"product_tag":[],"class_list":{"0":"post-35470","1":"product","2":"type-product","3":"status-publish","4":"has-post-thumbnail","6":"product_cat-dj-stands-es","8":"first","9":"instock","10":"shipping-taxable","11":"product-type-simple"},"acf":[],"yoast_head":"<!-- This site is optimized with the Yoast SEO plugin v27.0 - https:\/\/yoast.com\/product\/yoast-seo-wordpress\/ -->\n<title>Pro Event Dj Black - Audibax<\/title>\n<meta name=\"robots\" content=\"index, follow, max-snippet:-1, max-image-preview:large, max-video-preview:-1\" \/>\n<link rel=\"canonical\" href=\"https:\/\/audibax.com\/es\/producto\/pro-event-dj-black-2\/\" \/>\n<meta property=\"og:locale\" content=\"es_ES\" \/>\n<meta property=\"og:type\" content=\"article\" \/>\n<meta property=\"og:title\" content=\"Pro Event Dj Black - Audibax\" \/>\n<meta property=\"og:description\" content=\"Aplicaci\u00f3n de soporte: Suelo  Carga m\u00e1xima (kg): 100  Ancho: 114 cm  Profundidad: 58,5 cm  &nbsp;  &nbsp;\" \/>\n<meta property=\"og:url\" content=\"https:\/\/audibax.com\/es\/producto\/pro-event-dj-black-2\/\" \/>\n<meta property=\"og:site_name\" content=\"Audibax\" \/>\n<meta property=\"article:modified_time\" content=\"2026-04-23T08:49:18+00:00\" \/>\n<meta property=\"og:image\" content=\"https:\/\/audibax.com\/wp-content\/uploads\/2023\/12\/audibax-pro-event-dj.jpg\" \/>\n\t<meta property=\"og:image:width\" content=\"1000\" \/>\n\t<meta property=\"og:image:height\" content=\"500\" \/>\n\t<meta property=\"og:image:type\" content=\"image\/jpeg\" \/>\n<meta name=\"twitter:card\" content=\"summary_large_image\" \/>\n<meta name=\"twitter:label1\" content=\"Tiempo de lectura\" \/>\n\t<meta name=\"twitter:data1\" content=\"1 minuto\" \/>\n<script type=\"application\/ld+json\" class=\"yoast-schema-graph\">{\"@context\":\"https:\/\/schema.org\",\"@graph\":[{\"@type\":\"WebPage\",\"@id\":\"https:\/\/audibax.com\/es\/producto\/pro-event-dj-black-2\/\",\"url\":\"https:\/\/audibax.com\/es\/producto\/pro-event-dj-black-2\/\",\"name\":\"Pro Event Dj Black - Audibax\",\"isPartOf\":{\"@id\":\"https:\/\/audibax.com\/es\/#website\"},\"primaryImageOfPage\":{\"@id\":\"https:\/\/audibax.com\/es\/producto\/pro-event-dj-black-2\/#primaryimage\"},\"image\":{\"@id\":\"https:\/\/audibax.com\/es\/producto\/pro-event-dj-black-2\/#primaryimage\"},\"thumbnailUrl\":\"https:\/\/audibax.com\/wp-content\/uploads\/2023\/12\/audibax-pro-event-dj.jpg\",\"datePublished\":\"2023-12-11T12:58:20+00:00\",\"dateModified\":\"2026-04-23T08:49:18+00:00\",\"breadcrumb\":{\"@id\":\"https:\/\/audibax.com\/es\/producto\/pro-event-dj-black-2\/#breadcrumb\"},\"inLanguage\":\"es\",\"potentialAction\":[{\"@type\":\"ReadAction\",\"target\":[\"https:\/\/audibax.com\/es\/producto\/pro-event-dj-black-2\/\"]}]},{\"@type\":\"ImageObject\",\"inLanguage\":\"es\",\"@id\":\"https:\/\/audibax.com\/es\/producto\/pro-event-dj-black-2\/#primaryimage\",\"url\":\"https:\/\/audibax.com\/wp-content\/uploads\/2023\/12\/audibax-pro-event-dj.jpg\",\"contentUrl\":\"https:\/\/audibax.com\/wp-content\/uploads\/2023\/12\/audibax-pro-event-dj.jpg\",\"width\":1000,\"height\":500},{\"@type\":\"BreadcrumbList\",\"@id\":\"https:\/\/audibax.com\/es\/producto\/pro-event-dj-black-2\/#breadcrumb\",\"itemListElement\":[{\"@type\":\"ListItem\",\"position\":1,\"name\":\"Portada\",\"item\":\"https:\/\/audibax.com\/es\/\"},{\"@type\":\"ListItem\",\"position\":2,\"name\":\"Productos\",\"item\":\"https:\/\/audibax.com\/es\/shop\/\"},{\"@type\":\"ListItem\",\"position\":3,\"name\":\"Pro Event Dj Black\"}]},{\"@type\":\"WebSite\",\"@id\":\"https:\/\/audibax.com\/es\/#website\",\"url\":\"https:\/\/audibax.com\/es\/\",\"name\":\"Audibax\",\"description\":\"\",\"publisher\":{\"@id\":\"https:\/\/audibax.com\/es\/#organization\"},\"potentialAction\":[{\"@type\":\"SearchAction\",\"target\":{\"@type\":\"EntryPoint\",\"urlTemplate\":\"https:\/\/audibax.com\/es\/?s={search_term_string}\"},\"query-input\":{\"@type\":\"PropertyValueSpecification\",\"valueRequired\":true,\"valueName\":\"search_term_string\"}}],\"inLanguage\":\"es\"},{\"@type\":\"Organization\",\"@id\":\"https:\/\/audibax.com\/es\/#organization\",\"name\":\"Audibax\",\"url\":\"https:\/\/audibax.com\/es\/\",\"logo\":{\"@type\":\"ImageObject\",\"inLanguage\":\"es\",\"@id\":\"https:\/\/audibax.com\/es\/#\/schema\/logo\/image\/\",\"url\":\"https:\/\/audibax.com\/wp-content\/uploads\/2023\/09\/logo-Audibax-BLANCO-SVG-1.svg\",\"contentUrl\":\"https:\/\/audibax.com\/wp-content\/uploads\/2023\/09\/logo-Audibax-BLANCO-SVG-1.svg\",\"caption\":\"Audibax\"},\"image\":{\"@id\":\"https:\/\/audibax.com\/es\/#\/schema\/logo\/image\/\"}}]}<\/script>\n<!-- \/ Yoast SEO plugin. -->","yoast_head_json":{"title":"Pro Event Dj Black - Audibax","robots":{"index":"index","follow":"follow","max-snippet":"max-snippet:-1","max-image-preview":"max-image-preview:large","max-video-preview":"max-video-preview:-1"},"canonical":"https:\/\/audibax.com\/es\/producto\/pro-event-dj-black-2\/","og_locale":"es_ES","og_type":"article","og_title":"Pro Event Dj Black - Audibax","og_description":"Aplicaci\u00f3n de soporte: Suelo  Carga m\u00e1xima (kg): 100  Ancho: 114 cm  Profundidad: 58,5 cm  &nbsp;  &nbsp;","og_url":"https:\/\/audibax.com\/es\/producto\/pro-event-dj-black-2\/","og_site_name":"Audibax","article_modified_time":"2026-04-23T08:49:18+00:00","og_image":[{"width":1000,"height":500,"url":"https:\/\/audibax.com\/wp-content\/uploads\/2023\/12\/audibax-pro-event-dj.jpg","type":"image\/jpeg"}],"twitter_card":"summary_large_image","twitter_misc":{"Tiempo de lectura":"1 minuto"},"schema":{"@context":"https:\/\/schema.org","@graph":[{"@type":"WebPage","@id":"https:\/\/audibax.com\/es\/producto\/pro-event-dj-black-2\/","url":"https:\/\/audibax.com\/es\/producto\/pro-event-dj-black-2\/","name":"Pro Event Dj Black - Audibax","isPartOf":{"@id":"https:\/\/audibax.com\/es\/#website"},"primaryImageOfPage":{"@id":"https:\/\/audibax.com\/es\/producto\/pro-event-dj-black-2\/#primaryimage"},"image":{"@id":"https:\/\/audibax.com\/es\/producto\/pro-event-dj-black-2\/#primaryimage"},"thumbnailUrl":"https:\/\/audibax.com\/wp-content\/uploads\/2023\/12\/audibax-pro-event-dj.jpg","datePublished":"2023-12-11T12:58:20+00:00","dateModified":"2026-04-23T08:49:18+00:00","breadcrumb":{"@id":"https:\/\/audibax.com\/es\/producto\/pro-event-dj-black-2\/#breadcrumb"},"inLanguage":"es","potentialAction":[{"@type":"ReadAction","target":["https:\/\/audibax.com\/es\/producto\/pro-event-dj-black-2\/"]}]},{"@type":"ImageObject","inLanguage":"es","@id":"https:\/\/audibax.com\/es\/producto\/pro-event-dj-black-2\/#primaryimage","url":"https:\/\/audibax.com\/wp-content\/uploads\/2023\/12\/audibax-pro-event-dj.jpg","contentUrl":"https:\/\/audibax.com\/wp-content\/uploads\/2023\/12\/audibax-pro-event-dj.jpg","width":1000,"height":500},{"@type":"BreadcrumbList","@id":"https:\/\/audibax.com\/es\/producto\/pro-event-dj-black-2\/#breadcrumb","itemListElement":[{"@type":"ListItem","position":1,"name":"Portada","item":"https:\/\/audibax.com\/es\/"},{"@type":"ListItem","position":2,"name":"Productos","item":"https:\/\/audibax.com\/es\/shop\/"},{"@type":"ListItem","position":3,"name":"Pro Event Dj Black"}]},{"@type":"WebSite","@id":"https:\/\/audibax.com\/es\/#website","url":"https:\/\/audibax.com\/es\/","name":"Audibax","description":"","publisher":{"@id":"https:\/\/audibax.com\/es\/#organization"},"potentialAction":[{"@type":"SearchAction","target":{"@type":"EntryPoint","urlTemplate":"https:\/\/audibax.com\/es\/?s={search_term_string}"},"query-input":{"@type":"PropertyValueSpecification","valueRequired":true,"valueName":"search_term_string"}}],"inLanguage":"es"},{"@type":"Organization","@id":"https:\/\/audibax.com\/es\/#organization","name":"Audibax","url":"https:\/\/audibax.com\/es\/","logo":{"@type":"ImageObject","inLanguage":"es","@id":"https:\/\/audibax.com\/es\/#\/schema\/logo\/image\/","url":"https:\/\/audibax.com\/wp-content\/uploads\/2023\/09\/logo-Audibax-BLANCO-SVG-1.svg","contentUrl":"https:\/\/audibax.com\/wp-content\/uploads\/2023\/09\/logo-Audibax-BLANCO-SVG-1.svg","caption":"Audibax"},"image":{"@id":"https:\/\/audibax.com\/es\/#\/schema\/logo\/image\/"}}]}},"_links":{"self":[{"href":"https:\/\/audibax.com\/es\/wp-json\/wp\/v2\/product\/35470","targetHints":{"allow":["GET"]}}],"collection":[{"href":"https:\/\/audibax.com\/es\/wp-json\/wp\/v2\/product"}],"about":[{"href":"https:\/\/audibax.com\/es\/wp-json\/wp\/v2\/types\/product"}],"replies":[{"embeddable":true,"href":"https:\/\/audibax.com\/es\/wp-json\/wp\/v2\/comments?post=35470"}],"wp:featuredmedia":[{"embeddable":true,"href":"https:\/\/audibax.com\/es\/wp-json\/wp\/v2\/media\/17587"}],"wp:attachment":[{"href":"https:\/\/audibax.com\/es\/wp-json\/wp\/v2\/media?parent=35470"}],"wp:term":[{"taxonomy":"product_cat","embeddable":true,"href":"https:\/\/audibax.com\/es\/wp-json\/wp\/v2\/product_cat?post=35470"},{"taxonomy":"product_tag","embeddable":true,"href":"https:\/\/audibax.com\/es\/wp-json\/wp\/v2\/product_tag?post=35470"}],"curies":[{"name":"wp","href":"https:\/\/api.w.org\/{rel}","templated":true}]}}