{"id":35440,"date":"2023-12-11T13:56:29","date_gmt":"2023-12-11T12:56:29","guid":{"rendered":"https:\/\/audibax.com\/product\/sm20-black-2\/"},"modified":"2023-12-26T12:23:44","modified_gmt":"2023-12-26T11:23:44","slug":"sm20-black-2","status":"publish","type":"product","link":"https:\/\/audibax.com\/es\/producto\/sm20-black-2\/","title":{"rendered":"SM20 Black"},"content":{"rendered":"<p><strong>Audibax Neo SM20 Soporte Altavoces Monitores Suelo Regulable con Pad Aislamiento<\/strong><\/p>\n<p>El <strong>NEO SM20 de Audibax<\/strong> es un soporte para monitor\/altavoz de estudio. Est\u00e1 equipado con una robusta base triangular de acero que proporciona una firmeza y estabilidad excelente. Gracias al material de goma que conforma los pies del soporte, se reduce la vibraci\u00f3n cuando se activan los altavoces consiguiendo un eficaz aislamiento del suelo.<\/p>\n<p>Es la opci\u00f3n perfecta ya que su altura ajustable permite colocar el altavoz en siete niveles diferentes (de los 76cm a los 121.5cm) con un tornillo de bloqueo que no raya, d\u00e1ndole la oportunidad de obtener la altura deseada. Se incluye un pasador de seguridad adicional.<\/p>\n<p>La base superior del soporte est\u00e1 formada por goma antideslizante, lo que evita que el altavoz pueda caer y sufrir cualquier golpe o da\u00f1o. Es \u00fatil para estudios, aplicaciones o incluso para casa, por lo que si est\u00e1s buscando un soporte, \u00a1el NEO SM20 es el tuyo!<\/p>\n<p>Adem\u00e1s en la base incluye un Pad de aislamiento para eliminar toda la reverberaci\u00f3n que se pueda ocasionar cuando est\u00e9 funcionando el altavoz o monitor de estudio.<\/p>\n<h2>Especificaciones<\/h2>\n<ul>\n<li>Color : Negro<\/li>\n<li>Material : Acero<\/li>\n<li>Peso m\u00e1ximo soportado: 60 kg<\/li>\n<li>Dimensiones de la base inferior:\n<ul style=\"list-style-type: circle;\">\n<li>Pata con la base incluida : 32.5cm de largo x 2cm de alto (4cm incluyendo el antideslizante que mide otros 2cm)<\/li>\n<\/ul>\n<\/li>\n<li>Dimensiones de la base superior:\n<ul style=\"list-style-type: circle;\">\n<li>Alto : 6.8cm<\/li>\n<li>Ancho : 23cm<\/li>\n<li>Profundo : 23cm<\/li>\n<\/ul>\n<\/li>\n<li>Dimensiones del cilindro inferior (soporte) : 4.5cm de di\u00e1metro<\/li>\n<li>Dimensiones del cilindro superior (soporte que se mueve para ajustar la altura) : 4cm de di\u00e1metro<\/li>\n<li>Altura del soporte :\n<ul style=\"list-style-type: circle;\">\n<li>M\u00ednima : 76cm<\/li>\n<li>M\u00e1xima : 121.5cm<\/li>\n<\/ul>\n<\/li>\n<li>Recomendable para Monitores de Estudio o altavoces de\n<ul>\n<li>3 Pulgadas<\/li>\n<li>4 Pulgadas<\/li>\n<li>5 Pulgadas<\/li>\n<li>6 Pulgadas<\/li>\n<\/ul>\n<\/li>\n<\/ul>\n","protected":false},"excerpt":{"rendered":"<p>Soporte Monitores Suelo con PAD<\/p>\n","protected":false},"featured_media":17438,"comment_status":"open","ping_status":"closed","template":"","meta":{"_acf_changed":false},"product_cat":[448],"product_tag":[],"class_list":{"0":"post-35440","1":"product","2":"type-product","3":"status-publish","4":"has-post-thumbnail","6":"product_cat-soportes-para-monitor-de-estudio","8":"first","9":"instock","10":"shipping-taxable","11":"product-type-simple"},"acf":[],"yoast_head":"<!-- This site is optimized with the Yoast SEO plugin v27.0 - https:\/\/yoast.com\/product\/yoast-seo-wordpress\/ -->\n<title>SM20 Black - Audibax<\/title>\n<meta name=\"robots\" content=\"index, follow, max-snippet:-1, max-image-preview:large, max-video-preview:-1\" \/>\n<link rel=\"canonical\" href=\"https:\/\/audibax.com\/es\/producto\/sm20-black-2\/\" \/>\n<meta property=\"og:locale\" content=\"es_ES\" \/>\n<meta property=\"og:type\" content=\"article\" \/>\n<meta property=\"og:title\" content=\"SM20 Black - Audibax\" \/>\n<meta property=\"og:description\" content=\"Soporte Monitores Suelo con PAD\" \/>\n<meta property=\"og:url\" content=\"https:\/\/audibax.com\/es\/producto\/sm20-black-2\/\" \/>\n<meta property=\"og:site_name\" content=\"Audibax\" \/>\n<meta property=\"article:modified_time\" content=\"2023-12-26T11:23:44+00:00\" \/>\n<meta property=\"og:image\" content=\"https:\/\/audibax.com\/wp-content\/uploads\/2023\/12\/Audibax-NEO-SM20-Soporte-Altavoz-Negro.jpg\" \/>\n\t<meta property=\"og:image:width\" content=\"766\" \/>\n\t<meta property=\"og:image:height\" content=\"1450\" \/>\n\t<meta property=\"og:image:type\" content=\"image\/jpeg\" \/>\n<meta name=\"twitter:card\" content=\"summary_large_image\" \/>\n<meta name=\"twitter:label1\" content=\"Tiempo de lectura\" \/>\n\t<meta name=\"twitter:data1\" content=\"2 minutos\" \/>\n<script type=\"application\/ld+json\" class=\"yoast-schema-graph\">{\"@context\":\"https:\/\/schema.org\",\"@graph\":[{\"@type\":\"WebPage\",\"@id\":\"https:\/\/audibax.com\/es\/producto\/sm20-black-2\/\",\"url\":\"https:\/\/audibax.com\/es\/producto\/sm20-black-2\/\",\"name\":\"SM20 Black - Audibax\",\"isPartOf\":{\"@id\":\"https:\/\/audibax.com\/es\/#website\"},\"primaryImageOfPage\":{\"@id\":\"https:\/\/audibax.com\/es\/producto\/sm20-black-2\/#primaryimage\"},\"image\":{\"@id\":\"https:\/\/audibax.com\/es\/producto\/sm20-black-2\/#primaryimage\"},\"thumbnailUrl\":\"https:\/\/audibax.com\/wp-content\/uploads\/2023\/12\/Audibax-NEO-SM20-Soporte-Altavoz-Negro.jpg\",\"datePublished\":\"2023-12-11T12:56:29+00:00\",\"dateModified\":\"2023-12-26T11:23:44+00:00\",\"breadcrumb\":{\"@id\":\"https:\/\/audibax.com\/es\/producto\/sm20-black-2\/#breadcrumb\"},\"inLanguage\":\"es\",\"potentialAction\":[{\"@type\":\"ReadAction\",\"target\":[\"https:\/\/audibax.com\/es\/producto\/sm20-black-2\/\"]}]},{\"@type\":\"ImageObject\",\"inLanguage\":\"es\",\"@id\":\"https:\/\/audibax.com\/es\/producto\/sm20-black-2\/#primaryimage\",\"url\":\"https:\/\/audibax.com\/wp-content\/uploads\/2023\/12\/Audibax-NEO-SM20-Soporte-Altavoz-Negro.jpg\",\"contentUrl\":\"https:\/\/audibax.com\/wp-content\/uploads\/2023\/12\/Audibax-NEO-SM20-Soporte-Altavoz-Negro.jpg\",\"width\":766,\"height\":1450},{\"@type\":\"BreadcrumbList\",\"@id\":\"https:\/\/audibax.com\/es\/producto\/sm20-black-2\/#breadcrumb\",\"itemListElement\":[{\"@type\":\"ListItem\",\"position\":1,\"name\":\"Portada\",\"item\":\"https:\/\/audibax.com\/es\/\"},{\"@type\":\"ListItem\",\"position\":2,\"name\":\"Productos\",\"item\":\"https:\/\/audibax.com\/es\/shop\/\"},{\"@type\":\"ListItem\",\"position\":3,\"name\":\"SM20 Black\"}]},{\"@type\":\"WebSite\",\"@id\":\"https:\/\/audibax.com\/es\/#website\",\"url\":\"https:\/\/audibax.com\/es\/\",\"name\":\"Audibax\",\"description\":\"\",\"publisher\":{\"@id\":\"https:\/\/audibax.com\/es\/#organization\"},\"potentialAction\":[{\"@type\":\"SearchAction\",\"target\":{\"@type\":\"EntryPoint\",\"urlTemplate\":\"https:\/\/audibax.com\/es\/?s={search_term_string}\"},\"query-input\":{\"@type\":\"PropertyValueSpecification\",\"valueRequired\":true,\"valueName\":\"search_term_string\"}}],\"inLanguage\":\"es\"},{\"@type\":\"Organization\",\"@id\":\"https:\/\/audibax.com\/es\/#organization\",\"name\":\"Audibax\",\"url\":\"https:\/\/audibax.com\/es\/\",\"logo\":{\"@type\":\"ImageObject\",\"inLanguage\":\"es\",\"@id\":\"https:\/\/audibax.com\/es\/#\/schema\/logo\/image\/\",\"url\":\"https:\/\/audibax.com\/wp-content\/uploads\/2023\/09\/logo-Audibax-BLANCO-SVG-1.svg\",\"contentUrl\":\"https:\/\/audibax.com\/wp-content\/uploads\/2023\/09\/logo-Audibax-BLANCO-SVG-1.svg\",\"caption\":\"Audibax\"},\"image\":{\"@id\":\"https:\/\/audibax.com\/es\/#\/schema\/logo\/image\/\"}}]}<\/script>\n<!-- \/ Yoast SEO plugin. -->","yoast_head_json":{"title":"SM20 Black - Audibax","robots":{"index":"index","follow":"follow","max-snippet":"max-snippet:-1","max-image-preview":"max-image-preview:large","max-video-preview":"max-video-preview:-1"},"canonical":"https:\/\/audibax.com\/es\/producto\/sm20-black-2\/","og_locale":"es_ES","og_type":"article","og_title":"SM20 Black - Audibax","og_description":"Soporte Monitores Suelo con PAD","og_url":"https:\/\/audibax.com\/es\/producto\/sm20-black-2\/","og_site_name":"Audibax","article_modified_time":"2023-12-26T11:23:44+00:00","og_image":[{"width":766,"height":1450,"url":"https:\/\/audibax.com\/wp-content\/uploads\/2023\/12\/Audibax-NEO-SM20-Soporte-Altavoz-Negro.jpg","type":"image\/jpeg"}],"twitter_card":"summary_large_image","twitter_misc":{"Tiempo de lectura":"2 minutos"},"schema":{"@context":"https:\/\/schema.org","@graph":[{"@type":"WebPage","@id":"https:\/\/audibax.com\/es\/producto\/sm20-black-2\/","url":"https:\/\/audibax.com\/es\/producto\/sm20-black-2\/","name":"SM20 Black - Audibax","isPartOf":{"@id":"https:\/\/audibax.com\/es\/#website"},"primaryImageOfPage":{"@id":"https:\/\/audibax.com\/es\/producto\/sm20-black-2\/#primaryimage"},"image":{"@id":"https:\/\/audibax.com\/es\/producto\/sm20-black-2\/#primaryimage"},"thumbnailUrl":"https:\/\/audibax.com\/wp-content\/uploads\/2023\/12\/Audibax-NEO-SM20-Soporte-Altavoz-Negro.jpg","datePublished":"2023-12-11T12:56:29+00:00","dateModified":"2023-12-26T11:23:44+00:00","breadcrumb":{"@id":"https:\/\/audibax.com\/es\/producto\/sm20-black-2\/#breadcrumb"},"inLanguage":"es","potentialAction":[{"@type":"ReadAction","target":["https:\/\/audibax.com\/es\/producto\/sm20-black-2\/"]}]},{"@type":"ImageObject","inLanguage":"es","@id":"https:\/\/audibax.com\/es\/producto\/sm20-black-2\/#primaryimage","url":"https:\/\/audibax.com\/wp-content\/uploads\/2023\/12\/Audibax-NEO-SM20-Soporte-Altavoz-Negro.jpg","contentUrl":"https:\/\/audibax.com\/wp-content\/uploads\/2023\/12\/Audibax-NEO-SM20-Soporte-Altavoz-Negro.jpg","width":766,"height":1450},{"@type":"BreadcrumbList","@id":"https:\/\/audibax.com\/es\/producto\/sm20-black-2\/#breadcrumb","itemListElement":[{"@type":"ListItem","position":1,"name":"Portada","item":"https:\/\/audibax.com\/es\/"},{"@type":"ListItem","position":2,"name":"Productos","item":"https:\/\/audibax.com\/es\/shop\/"},{"@type":"ListItem","position":3,"name":"SM20 Black"}]},{"@type":"WebSite","@id":"https:\/\/audibax.com\/es\/#website","url":"https:\/\/audibax.com\/es\/","name":"Audibax","description":"","publisher":{"@id":"https:\/\/audibax.com\/es\/#organization"},"potentialAction":[{"@type":"SearchAction","target":{"@type":"EntryPoint","urlTemplate":"https:\/\/audibax.com\/es\/?s={search_term_string}"},"query-input":{"@type":"PropertyValueSpecification","valueRequired":true,"valueName":"search_term_string"}}],"inLanguage":"es"},{"@type":"Organization","@id":"https:\/\/audibax.com\/es\/#organization","name":"Audibax","url":"https:\/\/audibax.com\/es\/","logo":{"@type":"ImageObject","inLanguage":"es","@id":"https:\/\/audibax.com\/es\/#\/schema\/logo\/image\/","url":"https:\/\/audibax.com\/wp-content\/uploads\/2023\/09\/logo-Audibax-BLANCO-SVG-1.svg","contentUrl":"https:\/\/audibax.com\/wp-content\/uploads\/2023\/09\/logo-Audibax-BLANCO-SVG-1.svg","caption":"Audibax"},"image":{"@id":"https:\/\/audibax.com\/es\/#\/schema\/logo\/image\/"}}]}},"_links":{"self":[{"href":"https:\/\/audibax.com\/es\/wp-json\/wp\/v2\/product\/35440","targetHints":{"allow":["GET"]}}],"collection":[{"href":"https:\/\/audibax.com\/es\/wp-json\/wp\/v2\/product"}],"about":[{"href":"https:\/\/audibax.com\/es\/wp-json\/wp\/v2\/types\/product"}],"replies":[{"embeddable":true,"href":"https:\/\/audibax.com\/es\/wp-json\/wp\/v2\/comments?post=35440"}],"wp:featuredmedia":[{"embeddable":true,"href":"https:\/\/audibax.com\/es\/wp-json\/wp\/v2\/media\/17438"}],"wp:attachment":[{"href":"https:\/\/audibax.com\/es\/wp-json\/wp\/v2\/media?parent=35440"}],"wp:term":[{"taxonomy":"product_cat","embeddable":true,"href":"https:\/\/audibax.com\/es\/wp-json\/wp\/v2\/product_cat?post=35440"},{"taxonomy":"product_tag","embeddable":true,"href":"https:\/\/audibax.com\/es\/wp-json\/wp\/v2\/product_tag?post=35440"}],"curies":[{"name":"wp","href":"https:\/\/api.w.org\/{rel}","templated":true}]}}