{"id":35420,"date":"2023-12-11T13:55:26","date_gmt":"2023-12-11T12:55:26","guid":{"rendered":"https:\/\/audibax.com\/product\/kb600-black-2\/"},"modified":"2023-12-22T20:00:41","modified_gmt":"2023-12-22T19:00:41","slug":"kb600-black-2","status":"publish","type":"product","link":"https:\/\/audibax.com\/es\/producto\/kb600-black-2\/","title":{"rendered":"KB600 Black"},"content":{"rendered":"<p><strong>Audibax KB600 Black Banco para Piano Teclado Ajustable Regulable. Acolchado<\/strong><\/p>\n<p>Audibax KB600 Black es la opci\u00f3n ideal si est\u00e1s buscado un banco de piano de alta calidad ya sea para usar diariamente o en tus conciertos, clases de m\u00fasica, pr\u00e1cticas, etc.<\/p>\n<p>Su dise\u00f1o es cl\u00e1sico, sencillo y elegante. Est\u00e1 realizada en madera con acabado mate. Su asiento es acolchado y tapizado en terciopelo muy suave, lo que hace lo ideal para el d\u00eda a d\u00eda aportando un gran confort y comodidad. \u00a1Es la opci\u00f3n m\u00e1s adecuada para largas horas de pr\u00e1ctica de piano o teclado!<\/p>\n<p>La Audibax KB600 Black es muy robusta debido a la calidad de sus material, proporcionando una larga vida \u00fatil de la banqueta. Adem\u00e1s, cuenta con un mecanismo de ajuste de altura que garantiza una gran comodidad y hace que sea un producto v\u00e1lido para casi todos los pianos y teclados y para todas las edades.<\/p>\n<p>Sus patas de madera son muy resistentes y est\u00e1n terminadas en goma antideslizante para asegurar una mayor estabilidad y evitar posible ara\u00f1azos en el suelo.<\/p>\n<h3>Especificaciones\u00a0Audibax KB600 Black:<\/h3>\n<ul>\n<li>Color: Negro<\/li>\n<li>Acabado: Mate<\/li>\n<li>Material del banco: Madera<\/li>\n<li>Material de las patas: Madera<\/li>\n<li>Material del asiento: Terciopelo negro<\/li>\n<li>Altura ajustable con las ruedas situadas en los laterales\n<ul style=\"list-style-type: disc;\">\n<li>Altura m\u00ednima : 47.5cm<\/li>\n<li>Altura m\u00e1xima : 56.5cm<\/li>\n<\/ul>\n<\/li>\n<li>Las medidas del banco son:\n<ul style=\"list-style-type: disc;\">\n<li>Alto : 56.5cm (altura m\u00e1xima)<\/li>\n<li>Ancho : 55.5cm<\/li>\n<li>Profundo : 33.5cm<\/li>\n<\/ul>\n<\/li>\n<li>Peso: 9Kg<\/li>\n<\/ul>\n","protected":false},"excerpt":{"rendered":"<ul>\n<li>Color: Negro<\/li>\n<li>Acabado: Mate<\/li>\n<li>Material del banco: Madera<\/li>\n<li>Material de las patas: Madera<\/li>\n<li>Material del asiento: Terciopelo negro<\/li>\n<\/ul>\n","protected":false},"featured_media":16631,"comment_status":"open","ping_status":"closed","template":"","meta":{"_acf_changed":false},"product_cat":[442],"product_tag":[],"class_list":{"0":"post-35420","1":"product","2":"type-product","3":"status-publish","4":"has-post-thumbnail","6":"product_cat-piano-bench-es","8":"first","9":"instock","10":"shipping-taxable","11":"product-type-simple"},"acf":[],"yoast_head":"<!-- This site is optimized with the Yoast SEO plugin v27.0 - https:\/\/yoast.com\/product\/yoast-seo-wordpress\/ -->\n<title>KB600 Black - Audibax<\/title>\n<meta name=\"robots\" content=\"index, follow, max-snippet:-1, max-image-preview:large, max-video-preview:-1\" \/>\n<link rel=\"canonical\" href=\"https:\/\/audibax.com\/es\/producto\/kb600-black-2\/\" \/>\n<meta property=\"og:locale\" content=\"es_ES\" \/>\n<meta property=\"og:type\" content=\"article\" \/>\n<meta property=\"og:title\" content=\"KB600 Black - Audibax\" \/>\n<meta property=\"og:description\" content=\"Color: Negro  Acabado: Mate  Material del banco: Madera  Material de las patas: Madera  Material del asiento: Terciopelo negro\" \/>\n<meta property=\"og:url\" content=\"https:\/\/audibax.com\/es\/producto\/kb600-black-2\/\" \/>\n<meta property=\"og:site_name\" content=\"Audibax\" \/>\n<meta property=\"article:modified_time\" content=\"2023-12-22T19:00:41+00:00\" \/>\n<meta property=\"og:image\" content=\"https:\/\/audibax.com\/wp-content\/uploads\/2023\/12\/audibax_KB600B_banco_piano_regulable.jpg\" \/>\n\t<meta property=\"og:image:width\" content=\"1500\" \/>\n\t<meta property=\"og:image:height\" content=\"1487\" \/>\n\t<meta property=\"og:image:type\" content=\"image\/jpeg\" \/>\n<meta name=\"twitter:card\" content=\"summary_large_image\" \/>\n<meta name=\"twitter:label1\" content=\"Tiempo de lectura\" \/>\n\t<meta name=\"twitter:data1\" content=\"1 minuto\" \/>\n<script type=\"application\/ld+json\" class=\"yoast-schema-graph\">{\"@context\":\"https:\/\/schema.org\",\"@graph\":[{\"@type\":\"WebPage\",\"@id\":\"https:\/\/audibax.com\/es\/producto\/kb600-black-2\/\",\"url\":\"https:\/\/audibax.com\/es\/producto\/kb600-black-2\/\",\"name\":\"KB600 Black - Audibax\",\"isPartOf\":{\"@id\":\"https:\/\/audibax.com\/es\/#website\"},\"primaryImageOfPage\":{\"@id\":\"https:\/\/audibax.com\/es\/producto\/kb600-black-2\/#primaryimage\"},\"image\":{\"@id\":\"https:\/\/audibax.com\/es\/producto\/kb600-black-2\/#primaryimage\"},\"thumbnailUrl\":\"https:\/\/audibax.com\/wp-content\/uploads\/2023\/12\/audibax_KB600B_banco_piano_regulable.jpg\",\"datePublished\":\"2023-12-11T12:55:26+00:00\",\"dateModified\":\"2023-12-22T19:00:41+00:00\",\"breadcrumb\":{\"@id\":\"https:\/\/audibax.com\/es\/producto\/kb600-black-2\/#breadcrumb\"},\"inLanguage\":\"es\",\"potentialAction\":[{\"@type\":\"ReadAction\",\"target\":[\"https:\/\/audibax.com\/es\/producto\/kb600-black-2\/\"]}]},{\"@type\":\"ImageObject\",\"inLanguage\":\"es\",\"@id\":\"https:\/\/audibax.com\/es\/producto\/kb600-black-2\/#primaryimage\",\"url\":\"https:\/\/audibax.com\/wp-content\/uploads\/2023\/12\/audibax_KB600B_banco_piano_regulable.jpg\",\"contentUrl\":\"https:\/\/audibax.com\/wp-content\/uploads\/2023\/12\/audibax_KB600B_banco_piano_regulable.jpg\",\"width\":1500,\"height\":1487},{\"@type\":\"BreadcrumbList\",\"@id\":\"https:\/\/audibax.com\/es\/producto\/kb600-black-2\/#breadcrumb\",\"itemListElement\":[{\"@type\":\"ListItem\",\"position\":1,\"name\":\"Portada\",\"item\":\"https:\/\/audibax.com\/es\/\"},{\"@type\":\"ListItem\",\"position\":2,\"name\":\"Productos\",\"item\":\"https:\/\/audibax.com\/es\/shop\/\"},{\"@type\":\"ListItem\",\"position\":3,\"name\":\"KB600 Black\"}]},{\"@type\":\"WebSite\",\"@id\":\"https:\/\/audibax.com\/es\/#website\",\"url\":\"https:\/\/audibax.com\/es\/\",\"name\":\"Audibax\",\"description\":\"\",\"publisher\":{\"@id\":\"https:\/\/audibax.com\/es\/#organization\"},\"potentialAction\":[{\"@type\":\"SearchAction\",\"target\":{\"@type\":\"EntryPoint\",\"urlTemplate\":\"https:\/\/audibax.com\/es\/?s={search_term_string}\"},\"query-input\":{\"@type\":\"PropertyValueSpecification\",\"valueRequired\":true,\"valueName\":\"search_term_string\"}}],\"inLanguage\":\"es\"},{\"@type\":\"Organization\",\"@id\":\"https:\/\/audibax.com\/es\/#organization\",\"name\":\"Audibax\",\"url\":\"https:\/\/audibax.com\/es\/\",\"logo\":{\"@type\":\"ImageObject\",\"inLanguage\":\"es\",\"@id\":\"https:\/\/audibax.com\/es\/#\/schema\/logo\/image\/\",\"url\":\"https:\/\/audibax.com\/wp-content\/uploads\/2023\/09\/logo-Audibax-BLANCO-SVG-1.svg\",\"contentUrl\":\"https:\/\/audibax.com\/wp-content\/uploads\/2023\/09\/logo-Audibax-BLANCO-SVG-1.svg\",\"caption\":\"Audibax\"},\"image\":{\"@id\":\"https:\/\/audibax.com\/es\/#\/schema\/logo\/image\/\"}}]}<\/script>\n<!-- \/ Yoast SEO plugin. -->","yoast_head_json":{"title":"KB600 Black - Audibax","robots":{"index":"index","follow":"follow","max-snippet":"max-snippet:-1","max-image-preview":"max-image-preview:large","max-video-preview":"max-video-preview:-1"},"canonical":"https:\/\/audibax.com\/es\/producto\/kb600-black-2\/","og_locale":"es_ES","og_type":"article","og_title":"KB600 Black - Audibax","og_description":"Color: Negro  Acabado: Mate  Material del banco: Madera  Material de las patas: Madera  Material del asiento: Terciopelo negro","og_url":"https:\/\/audibax.com\/es\/producto\/kb600-black-2\/","og_site_name":"Audibax","article_modified_time":"2023-12-22T19:00:41+00:00","og_image":[{"width":1500,"height":1487,"url":"https:\/\/audibax.com\/wp-content\/uploads\/2023\/12\/audibax_KB600B_banco_piano_regulable.jpg","type":"image\/jpeg"}],"twitter_card":"summary_large_image","twitter_misc":{"Tiempo de lectura":"1 minuto"},"schema":{"@context":"https:\/\/schema.org","@graph":[{"@type":"WebPage","@id":"https:\/\/audibax.com\/es\/producto\/kb600-black-2\/","url":"https:\/\/audibax.com\/es\/producto\/kb600-black-2\/","name":"KB600 Black - Audibax","isPartOf":{"@id":"https:\/\/audibax.com\/es\/#website"},"primaryImageOfPage":{"@id":"https:\/\/audibax.com\/es\/producto\/kb600-black-2\/#primaryimage"},"image":{"@id":"https:\/\/audibax.com\/es\/producto\/kb600-black-2\/#primaryimage"},"thumbnailUrl":"https:\/\/audibax.com\/wp-content\/uploads\/2023\/12\/audibax_KB600B_banco_piano_regulable.jpg","datePublished":"2023-12-11T12:55:26+00:00","dateModified":"2023-12-22T19:00:41+00:00","breadcrumb":{"@id":"https:\/\/audibax.com\/es\/producto\/kb600-black-2\/#breadcrumb"},"inLanguage":"es","potentialAction":[{"@type":"ReadAction","target":["https:\/\/audibax.com\/es\/producto\/kb600-black-2\/"]}]},{"@type":"ImageObject","inLanguage":"es","@id":"https:\/\/audibax.com\/es\/producto\/kb600-black-2\/#primaryimage","url":"https:\/\/audibax.com\/wp-content\/uploads\/2023\/12\/audibax_KB600B_banco_piano_regulable.jpg","contentUrl":"https:\/\/audibax.com\/wp-content\/uploads\/2023\/12\/audibax_KB600B_banco_piano_regulable.jpg","width":1500,"height":1487},{"@type":"BreadcrumbList","@id":"https:\/\/audibax.com\/es\/producto\/kb600-black-2\/#breadcrumb","itemListElement":[{"@type":"ListItem","position":1,"name":"Portada","item":"https:\/\/audibax.com\/es\/"},{"@type":"ListItem","position":2,"name":"Productos","item":"https:\/\/audibax.com\/es\/shop\/"},{"@type":"ListItem","position":3,"name":"KB600 Black"}]},{"@type":"WebSite","@id":"https:\/\/audibax.com\/es\/#website","url":"https:\/\/audibax.com\/es\/","name":"Audibax","description":"","publisher":{"@id":"https:\/\/audibax.com\/es\/#organization"},"potentialAction":[{"@type":"SearchAction","target":{"@type":"EntryPoint","urlTemplate":"https:\/\/audibax.com\/es\/?s={search_term_string}"},"query-input":{"@type":"PropertyValueSpecification","valueRequired":true,"valueName":"search_term_string"}}],"inLanguage":"es"},{"@type":"Organization","@id":"https:\/\/audibax.com\/es\/#organization","name":"Audibax","url":"https:\/\/audibax.com\/es\/","logo":{"@type":"ImageObject","inLanguage":"es","@id":"https:\/\/audibax.com\/es\/#\/schema\/logo\/image\/","url":"https:\/\/audibax.com\/wp-content\/uploads\/2023\/09\/logo-Audibax-BLANCO-SVG-1.svg","contentUrl":"https:\/\/audibax.com\/wp-content\/uploads\/2023\/09\/logo-Audibax-BLANCO-SVG-1.svg","caption":"Audibax"},"image":{"@id":"https:\/\/audibax.com\/es\/#\/schema\/logo\/image\/"}}]}},"_links":{"self":[{"href":"https:\/\/audibax.com\/es\/wp-json\/wp\/v2\/product\/35420","targetHints":{"allow":["GET"]}}],"collection":[{"href":"https:\/\/audibax.com\/es\/wp-json\/wp\/v2\/product"}],"about":[{"href":"https:\/\/audibax.com\/es\/wp-json\/wp\/v2\/types\/product"}],"replies":[{"embeddable":true,"href":"https:\/\/audibax.com\/es\/wp-json\/wp\/v2\/comments?post=35420"}],"wp:featuredmedia":[{"embeddable":true,"href":"https:\/\/audibax.com\/es\/wp-json\/wp\/v2\/media\/16631"}],"wp:attachment":[{"href":"https:\/\/audibax.com\/es\/wp-json\/wp\/v2\/media?parent=35420"}],"wp:term":[{"taxonomy":"product_cat","embeddable":true,"href":"https:\/\/audibax.com\/es\/wp-json\/wp\/v2\/product_cat?post=35420"},{"taxonomy":"product_tag","embeddable":true,"href":"https:\/\/audibax.com\/es\/wp-json\/wp\/v2\/product_tag?post=35420"}],"curies":[{"name":"wp","href":"https:\/\/api.w.org\/{rel}","templated":true}]}}