{"id":35416,"date":"2023-12-11T13:55:12","date_gmt":"2023-12-11T12:55:12","guid":{"rendered":"https:\/\/audibax.com\/product\/kb500-black-2\/"},"modified":"2025-05-30T10:21:15","modified_gmt":"2025-05-30T08:21:15","slug":"kb500-black-2","status":"publish","type":"product","link":"https:\/\/audibax.com\/es\/producto\/kb500-black-2\/","title":{"rendered":"KB500 Black"},"content":{"rendered":"<p><strong>Audibax KB500B para Banco Piano \/ Teclado Ajustable Regulable y muy acolchado. Negro<\/strong><\/p>\n<p>El elegante banco de piano <strong>KB500B de Audibax<\/strong> es la opci\u00f3n perfecta de banco para piano o teclado por las m\u00faltiples caracter\u00edsticas que presenta y sobre todo por su alta calidad y su precio asequible. La gran caracter\u00edstica de este banco es el mecanismo de elevaci\u00f3n de tornillo que lleva incorporado que sirve para ajustar la altura del banco y que hace que sea un producto v\u00e1lido para casi todos los pianos y teclados y para todas las edades.<\/p>\n<p>El <strong>KB500B<\/strong>\u00a0viene equipado con unas patas muy resistentes con la base recubierta de goma antideslizante que impiden el deslizamiento y los da\u00f1os en el piso proporcionando una buena estabilidad al soporte. El material de fabricaci\u00f3n del banco es madera s\u00f3lida y\u00a0 se caracteriza por ser muy duradera proporcionando una larga vida \u00fatil al producto.<\/p>\n<p>El asiento est\u00e1 formado por un coj\u00edn muy c\u00f3modo, suave y acolchado con espuma que proporciona un gran confort y comodidad y es la opci\u00f3n m\u00e1s adecuada para largas horas de pr\u00e1ctica de piano o teclado. Est\u00e1 cubierto con una funda gruesa de piel sint\u00e9tica y tapizada que se limpia y se cuida con gran facilidad.<\/p>\n<p>La base de las patas es antideslizante ya que est\u00e1n cubiertas con un protector de goma que evitan el deslizamiento y los da\u00f1os en el suelo y proporcionan una gran estabilidad al soporte. Las patas son muy resistentes y se atornillan a la estructura del asiento.<\/p>\n<p>En general, el dise\u00f1o del <strong>KB500B <\/strong>es cl\u00e1sico, sencillo y muy elegante. Adem\u00e1s, el banco de piano destaca por su f\u00e1cil montaje en pocos minutos y en el interior del paquete se incluyen las herramientas necesarias y las instrucciones sobre c\u00f3mo montar el banco.<\/p>\n<p>Este banco de piano es ideal para usar en concierto, clases de m\u00fasica, pr\u00e1cticas diarias, etc., y es especialmente \u00fatil para un uso diario, siendo v\u00e1lido para cualquier piano\/teclado y para cualquier pianista\/tecladista.<\/p>\n<p>&nbsp;<\/p>\n<h2>Especificaciones\u00a0Audibax KB500B<strong>\u00a0<\/strong><\/h2>\n<p>&nbsp;<\/p>\n<ul>\n<li>Color : Negro<\/li>\n<li>Material del banco : Madera s\u00f3lida<\/li>\n<li>Material de las patas : Madera barnizada<\/li>\n<li>Material del asiento : Cuero sint\u00e9tico relleno de espuma<\/li>\n<li>Altura ajustable con las ruedas situadas en los laterales:\n<ul style=\"list-style-type: circle;\">\n<li>Altura m\u00ednima : 47cm<\/li>\n<li>Altura m\u00e1xima : 55.5cm<\/li>\n<\/ul>\n<\/li>\n<li>Las medidas del banco son:\n<ul>\n<li>Alto : 45cm<\/li>\n<li>Ancho : 54.5cm<\/li>\n<li>Profundo : 32.5cm<\/li>\n<\/ul>\n<\/li>\n<li>Las medidas de las patas son :\n<ul style=\"list-style-type: circle;\">\n<li>Alto : 38cm<\/li>\n<li>Ancho y profundo de la parte inferior: 3cm<\/li>\n<li>Ancho y profundo de la parte superior : 4.5cm<\/li>\n<\/ul>\n<\/li>\n<li>Las medidas del sill\u00edn:\n<ul style=\"list-style-type: circle;\">\n<li>Alto : 8.5cm<\/li>\n<li>Ancho : 55cm<\/li>\n<li>Profundo : 33cm<\/li>\n<\/ul>\n<\/li>\n<\/ul>\n","protected":false},"excerpt":{"rendered":"<ul>\n<li>Banco regulable para piano<\/li>\n<li>Acabado negro<\/li>\n<li>Mecanismo de elevaci\u00f3n sencillo y fluido<\/li>\n<li>Apto para cualquier edad<\/li>\n<li>Superficie acolchada de gran confort<\/li>\n<li>Acabado en cuero sint\u00e9tico muy resistente<\/li>\n<li>F\u00e1cil limpieza<\/li>\n<li>Patas antideslizantes<\/li>\n<\/ul>\n<p>&nbsp;<\/p>\n","protected":false},"featured_media":17272,"comment_status":"open","ping_status":"closed","template":"","meta":{"_acf_changed":false},"product_cat":[442],"product_tag":[],"class_list":{"0":"post-35416","1":"product","2":"type-product","3":"status-publish","4":"has-post-thumbnail","6":"product_cat-piano-bench-es","8":"first","9":"instock","10":"shipping-taxable","11":"product-type-simple"},"acf":[],"yoast_head":"<!-- This site is optimized with the Yoast SEO plugin v27.0 - https:\/\/yoast.com\/product\/yoast-seo-wordpress\/ -->\n<title>KB500 Black - Audibax<\/title>\n<meta name=\"robots\" content=\"index, follow, max-snippet:-1, max-image-preview:large, max-video-preview:-1\" \/>\n<link rel=\"canonical\" href=\"https:\/\/audibax.com\/es\/producto\/kb500-black-2\/\" \/>\n<meta property=\"og:locale\" content=\"es_ES\" \/>\n<meta property=\"og:type\" content=\"article\" \/>\n<meta property=\"og:title\" content=\"KB500 Black - Audibax\" \/>\n<meta property=\"og:description\" content=\"Banco regulable para piano  Acabado negro  Mecanismo de elevaci\u00f3n sencillo y fluido  Apto para cualquier edad  Superficie acolchada de gran confort  Acabado en cuero sint\u00e9tico muy resistente  F\u00e1cil limpieza  Patas antideslizantes  &nbsp;\" \/>\n<meta property=\"og:url\" content=\"https:\/\/audibax.com\/es\/producto\/kb500-black-2\/\" \/>\n<meta property=\"og:site_name\" content=\"Audibax\" \/>\n<meta property=\"article:modified_time\" content=\"2025-05-30T08:21:15+00:00\" \/>\n<meta property=\"og:image\" content=\"https:\/\/audibax.com\/wp-content\/uploads\/2023\/12\/audibax-kb500b-banco-piano.jpg\" \/>\n\t<meta property=\"og:image:width\" content=\"1000\" \/>\n\t<meta property=\"og:image:height\" content=\"500\" \/>\n\t<meta property=\"og:image:type\" content=\"image\/jpeg\" \/>\n<meta name=\"twitter:card\" content=\"summary_large_image\" \/>\n<meta name=\"twitter:label1\" content=\"Tiempo de lectura\" \/>\n\t<meta name=\"twitter:data1\" content=\"2 minutos\" \/>\n<script type=\"application\/ld+json\" class=\"yoast-schema-graph\">{\"@context\":\"https:\/\/schema.org\",\"@graph\":[{\"@type\":\"WebPage\",\"@id\":\"https:\/\/audibax.com\/es\/producto\/kb500-black-2\/\",\"url\":\"https:\/\/audibax.com\/es\/producto\/kb500-black-2\/\",\"name\":\"KB500 Black - Audibax\",\"isPartOf\":{\"@id\":\"https:\/\/audibax.com\/es\/#website\"},\"primaryImageOfPage\":{\"@id\":\"https:\/\/audibax.com\/es\/producto\/kb500-black-2\/#primaryimage\"},\"image\":{\"@id\":\"https:\/\/audibax.com\/es\/producto\/kb500-black-2\/#primaryimage\"},\"thumbnailUrl\":\"https:\/\/audibax.com\/wp-content\/uploads\/2023\/12\/audibax-kb500b-banco-piano.jpg\",\"datePublished\":\"2023-12-11T12:55:12+00:00\",\"dateModified\":\"2025-05-30T08:21:15+00:00\",\"breadcrumb\":{\"@id\":\"https:\/\/audibax.com\/es\/producto\/kb500-black-2\/#breadcrumb\"},\"inLanguage\":\"es\",\"potentialAction\":[{\"@type\":\"ReadAction\",\"target\":[\"https:\/\/audibax.com\/es\/producto\/kb500-black-2\/\"]}]},{\"@type\":\"ImageObject\",\"inLanguage\":\"es\",\"@id\":\"https:\/\/audibax.com\/es\/producto\/kb500-black-2\/#primaryimage\",\"url\":\"https:\/\/audibax.com\/wp-content\/uploads\/2023\/12\/audibax-kb500b-banco-piano.jpg\",\"contentUrl\":\"https:\/\/audibax.com\/wp-content\/uploads\/2023\/12\/audibax-kb500b-banco-piano.jpg\",\"width\":1000,\"height\":500},{\"@type\":\"BreadcrumbList\",\"@id\":\"https:\/\/audibax.com\/es\/producto\/kb500-black-2\/#breadcrumb\",\"itemListElement\":[{\"@type\":\"ListItem\",\"position\":1,\"name\":\"Portada\",\"item\":\"https:\/\/audibax.com\/es\/\"},{\"@type\":\"ListItem\",\"position\":2,\"name\":\"Productos\",\"item\":\"https:\/\/audibax.com\/es\/shop\/\"},{\"@type\":\"ListItem\",\"position\":3,\"name\":\"KB500 Black\"}]},{\"@type\":\"WebSite\",\"@id\":\"https:\/\/audibax.com\/es\/#website\",\"url\":\"https:\/\/audibax.com\/es\/\",\"name\":\"Audibax\",\"description\":\"\",\"publisher\":{\"@id\":\"https:\/\/audibax.com\/es\/#organization\"},\"potentialAction\":[{\"@type\":\"SearchAction\",\"target\":{\"@type\":\"EntryPoint\",\"urlTemplate\":\"https:\/\/audibax.com\/es\/?s={search_term_string}\"},\"query-input\":{\"@type\":\"PropertyValueSpecification\",\"valueRequired\":true,\"valueName\":\"search_term_string\"}}],\"inLanguage\":\"es\"},{\"@type\":\"Organization\",\"@id\":\"https:\/\/audibax.com\/es\/#organization\",\"name\":\"Audibax\",\"url\":\"https:\/\/audibax.com\/es\/\",\"logo\":{\"@type\":\"ImageObject\",\"inLanguage\":\"es\",\"@id\":\"https:\/\/audibax.com\/es\/#\/schema\/logo\/image\/\",\"url\":\"https:\/\/audibax.com\/wp-content\/uploads\/2023\/09\/logo-Audibax-BLANCO-SVG-1.svg\",\"contentUrl\":\"https:\/\/audibax.com\/wp-content\/uploads\/2023\/09\/logo-Audibax-BLANCO-SVG-1.svg\",\"caption\":\"Audibax\"},\"image\":{\"@id\":\"https:\/\/audibax.com\/es\/#\/schema\/logo\/image\/\"}}]}<\/script>\n<!-- \/ Yoast SEO plugin. -->","yoast_head_json":{"title":"KB500 Black - Audibax","robots":{"index":"index","follow":"follow","max-snippet":"max-snippet:-1","max-image-preview":"max-image-preview:large","max-video-preview":"max-video-preview:-1"},"canonical":"https:\/\/audibax.com\/es\/producto\/kb500-black-2\/","og_locale":"es_ES","og_type":"article","og_title":"KB500 Black - Audibax","og_description":"Banco regulable para piano  Acabado negro  Mecanismo de elevaci\u00f3n sencillo y fluido  Apto para cualquier edad  Superficie acolchada de gran confort  Acabado en cuero sint\u00e9tico muy resistente  F\u00e1cil limpieza  Patas antideslizantes  &nbsp;","og_url":"https:\/\/audibax.com\/es\/producto\/kb500-black-2\/","og_site_name":"Audibax","article_modified_time":"2025-05-30T08:21:15+00:00","og_image":[{"width":1000,"height":500,"url":"https:\/\/audibax.com\/wp-content\/uploads\/2023\/12\/audibax-kb500b-banco-piano.jpg","type":"image\/jpeg"}],"twitter_card":"summary_large_image","twitter_misc":{"Tiempo de lectura":"2 minutos"},"schema":{"@context":"https:\/\/schema.org","@graph":[{"@type":"WebPage","@id":"https:\/\/audibax.com\/es\/producto\/kb500-black-2\/","url":"https:\/\/audibax.com\/es\/producto\/kb500-black-2\/","name":"KB500 Black - Audibax","isPartOf":{"@id":"https:\/\/audibax.com\/es\/#website"},"primaryImageOfPage":{"@id":"https:\/\/audibax.com\/es\/producto\/kb500-black-2\/#primaryimage"},"image":{"@id":"https:\/\/audibax.com\/es\/producto\/kb500-black-2\/#primaryimage"},"thumbnailUrl":"https:\/\/audibax.com\/wp-content\/uploads\/2023\/12\/audibax-kb500b-banco-piano.jpg","datePublished":"2023-12-11T12:55:12+00:00","dateModified":"2025-05-30T08:21:15+00:00","breadcrumb":{"@id":"https:\/\/audibax.com\/es\/producto\/kb500-black-2\/#breadcrumb"},"inLanguage":"es","potentialAction":[{"@type":"ReadAction","target":["https:\/\/audibax.com\/es\/producto\/kb500-black-2\/"]}]},{"@type":"ImageObject","inLanguage":"es","@id":"https:\/\/audibax.com\/es\/producto\/kb500-black-2\/#primaryimage","url":"https:\/\/audibax.com\/wp-content\/uploads\/2023\/12\/audibax-kb500b-banco-piano.jpg","contentUrl":"https:\/\/audibax.com\/wp-content\/uploads\/2023\/12\/audibax-kb500b-banco-piano.jpg","width":1000,"height":500},{"@type":"BreadcrumbList","@id":"https:\/\/audibax.com\/es\/producto\/kb500-black-2\/#breadcrumb","itemListElement":[{"@type":"ListItem","position":1,"name":"Portada","item":"https:\/\/audibax.com\/es\/"},{"@type":"ListItem","position":2,"name":"Productos","item":"https:\/\/audibax.com\/es\/shop\/"},{"@type":"ListItem","position":3,"name":"KB500 Black"}]},{"@type":"WebSite","@id":"https:\/\/audibax.com\/es\/#website","url":"https:\/\/audibax.com\/es\/","name":"Audibax","description":"","publisher":{"@id":"https:\/\/audibax.com\/es\/#organization"},"potentialAction":[{"@type":"SearchAction","target":{"@type":"EntryPoint","urlTemplate":"https:\/\/audibax.com\/es\/?s={search_term_string}"},"query-input":{"@type":"PropertyValueSpecification","valueRequired":true,"valueName":"search_term_string"}}],"inLanguage":"es"},{"@type":"Organization","@id":"https:\/\/audibax.com\/es\/#organization","name":"Audibax","url":"https:\/\/audibax.com\/es\/","logo":{"@type":"ImageObject","inLanguage":"es","@id":"https:\/\/audibax.com\/es\/#\/schema\/logo\/image\/","url":"https:\/\/audibax.com\/wp-content\/uploads\/2023\/09\/logo-Audibax-BLANCO-SVG-1.svg","contentUrl":"https:\/\/audibax.com\/wp-content\/uploads\/2023\/09\/logo-Audibax-BLANCO-SVG-1.svg","caption":"Audibax"},"image":{"@id":"https:\/\/audibax.com\/es\/#\/schema\/logo\/image\/"}}]}},"_links":{"self":[{"href":"https:\/\/audibax.com\/es\/wp-json\/wp\/v2\/product\/35416","targetHints":{"allow":["GET"]}}],"collection":[{"href":"https:\/\/audibax.com\/es\/wp-json\/wp\/v2\/product"}],"about":[{"href":"https:\/\/audibax.com\/es\/wp-json\/wp\/v2\/types\/product"}],"replies":[{"embeddable":true,"href":"https:\/\/audibax.com\/es\/wp-json\/wp\/v2\/comments?post=35416"}],"wp:featuredmedia":[{"embeddable":true,"href":"https:\/\/audibax.com\/es\/wp-json\/wp\/v2\/media\/17272"}],"wp:attachment":[{"href":"https:\/\/audibax.com\/es\/wp-json\/wp\/v2\/media?parent=35416"}],"wp:term":[{"taxonomy":"product_cat","embeddable":true,"href":"https:\/\/audibax.com\/es\/wp-json\/wp\/v2\/product_cat?post=35416"},{"taxonomy":"product_tag","embeddable":true,"href":"https:\/\/audibax.com\/es\/wp-json\/wp\/v2\/product_tag?post=35416"}],"curies":[{"name":"wp","href":"https:\/\/api.w.org\/{rel}","templated":true}]}}