{"id":35351,"date":"2023-12-11T13:51:41","date_gmt":"2023-12-11T12:51:41","guid":{"rendered":"https:\/\/audibax.com\/product\/ovo-5-black-2\/"},"modified":"2025-10-20T09:57:18","modified_gmt":"2025-10-20T07:57:18","slug":"ovo-5-black-2","status":"publish","type":"product","link":"https:\/\/audibax.com\/es\/producto\/ovo-5-black-2\/","title":{"rendered":"Ovo 5 Black"},"content":{"rendered":"<p><span style=\"font-size: 14px;\"><strong>Audibax Ovo 5 Black Altavoces 100V con soporte pared<\/strong><\/span><\/p>\n<p><span style=\"font-size: 14px;\"><strong>Caracter\u00edsticas<\/strong><\/span><\/p>\n<ul>\n<li>El <strong>Audibax Ovo 5 Black<\/strong> es una pareja de altavoces pasivos de montaje en pared de dos v\u00edas compacto y fiable. Esta gama <strong>Ovo<\/strong> se puede utilizar en linea de 100v o 8ohm.<\/li>\n<li>Nuestros altavoces\u00a0<strong>Ovo 5 Black <\/strong>est\u00e1n equipados con un woofer de 135 mm y un tweeter de 13 mm y ofrece una respuesta en frecuencia de hasta 20KHz y un SPL de 89dB.El <strong>Ovo 5 Black<\/strong> llega a los 50W continuos y destaca por su alta inteligibilidad y su alta calidad de sonido.<\/li>\n<li>El marco de montaje est\u00e1 hecho de ABS de alta calidad y el material de la rejilla es acero, contando tambi\u00e9n con un soporte que le proporciona una gran flexibilidad en su posicionamiento. Asimismo, estos altavoces se caracterizan por un r\u00e1pido y f\u00e1cil montaje.<\/li>\n<li>La <strong>serie Ovo <\/strong>de <strong>Audibax<\/strong> es la opci\u00f3n ideal ya que ofrece una amplia variedad de aplicaciones y una soluci\u00f3n de alta calidad y sencilla para sonorizar m\u00faltiples entornos ya que su moderno dise\u00f1o encaja perfectamente con cualquier tipo de decoraci\u00f3n. Adem\u00e1s esta serie est\u00e1 pensada para utilizarse en exterior por ser un Altavoz IP65.<\/li>\n<\/ul>\n<p><span style=\"font-size: 14px;\"><strong>Especificaciones<\/strong><\/span><\/p>\n<ul>\n<li>Tipo de producto : Altavoces de instalaci\u00f3n (montaje en pared)<\/li>\n<li>Tipo : Pasivos<\/li>\n<li>Tipo de altavoz : Altavoz de 2 v\u00edas<\/li>\n<li>Color : Negro<\/li>\n<li>Tama\u00f1o : 5 Pulgadas<\/li>\n<li>Tama\u00f1o del Woofer : 135 mm<\/li>\n<li>Tama\u00f1o del Tweeter : 13 mm<\/li>\n<li>Baja impedancia : 8 ohm<\/li>\n<li>Respuesta en frecuencia : 50Hz &#8211; 20KHz<\/li>\n<li>Sensibilidad : 89dB<\/li>\n<li>Potencia linea 100v : 7,5w \/ 15w \/ 30w ( seleccionable )<\/li>\n<li>Potencia a baja impedancia (RMS): 50W<\/li>\n<li>Ancho : 15 cm<\/li>\n<li>Altura : 27.5 cm<\/li>\n<li>Fondo : 14 cm<\/li>\n<li>Peso : 2.5 kg<\/li>\n<li>Resistencia al agua: IP65<\/li>\n<\/ul>\n","protected":false},"excerpt":{"rendered":"<ul>\n<li>\u00a0Altavoces de instalaci\u00f3n (montaje en pared)<\/li>\n<li>Suministrados en parejas<\/li>\n<li>Tipo de altavoz : Altavoz pasivo de 2 v\u00edas<\/li>\n<li>Tama\u00f1o: 5 pulgadas<\/li>\n<li>Potencia RMS: 50W<\/li>\n<li>Potencia linea 100v : 7,5w \/ 15w \/ 30w ( seleccionable )<\/li>\n<li>IP65<\/li>\n<\/ul>\n","protected":false},"featured_media":17503,"comment_status":"open","ping_status":"closed","template":"","meta":{"_acf_changed":false},"product_cat":[412,418],"product_tag":[],"class_list":{"0":"post-35351","1":"product","2":"type-product","3":"status-publish","4":"has-post-thumbnail","6":"product_cat-altavoces-de-exterior","7":"product_cat-altavoces-de-pared","9":"first","10":"instock","11":"shipping-taxable","12":"product-type-simple"},"acf":[],"yoast_head":"<!-- This site is optimized with the Yoast SEO plugin v27.0 - https:\/\/yoast.com\/product\/yoast-seo-wordpress\/ -->\n<title>Ovo 5 Black - Audibax<\/title>\n<meta name=\"robots\" content=\"index, follow, max-snippet:-1, max-image-preview:large, max-video-preview:-1\" \/>\n<link rel=\"canonical\" href=\"https:\/\/audibax.com\/es\/producto\/ovo-5-black-2\/\" \/>\n<meta property=\"og:locale\" content=\"es_ES\" \/>\n<meta property=\"og:type\" content=\"article\" \/>\n<meta property=\"og:title\" content=\"Ovo 5 Black - Audibax\" \/>\n<meta property=\"og:description\" content=\"\u00a0Altavoces de instalaci\u00f3n (montaje en pared)  Suministrados en parejas  Tipo de altavoz : Altavoz pasivo de 2 v\u00edas  Tama\u00f1o: 5 pulgadas  Potencia RMS: 50W  Potencia linea 100v : 7,5w \/ 15w \/ 30w ( seleccionable )  IP65\" \/>\n<meta property=\"og:url\" content=\"https:\/\/audibax.com\/es\/producto\/ovo-5-black-2\/\" \/>\n<meta property=\"og:site_name\" content=\"Audibax\" \/>\n<meta property=\"article:modified_time\" content=\"2025-10-20T07:57:18+00:00\" \/>\n<meta property=\"og:image\" content=\"https:\/\/audibax.com\/wp-content\/uploads\/2023\/12\/audibax-ovo-5-black.jpg\" \/>\n\t<meta property=\"og:image:width\" content=\"1000\" \/>\n\t<meta property=\"og:image:height\" content=\"500\" \/>\n\t<meta property=\"og:image:type\" content=\"image\/jpeg\" \/>\n<meta name=\"twitter:card\" content=\"summary_large_image\" \/>\n<meta name=\"twitter:label1\" content=\"Tiempo de lectura\" \/>\n\t<meta name=\"twitter:data1\" content=\"2 minutos\" \/>\n<script type=\"application\/ld+json\" class=\"yoast-schema-graph\">{\"@context\":\"https:\/\/schema.org\",\"@graph\":[{\"@type\":\"WebPage\",\"@id\":\"https:\/\/audibax.com\/es\/producto\/ovo-5-black-2\/\",\"url\":\"https:\/\/audibax.com\/es\/producto\/ovo-5-black-2\/\",\"name\":\"Ovo 5 Black - Audibax\",\"isPartOf\":{\"@id\":\"https:\/\/audibax.com\/es\/#website\"},\"primaryImageOfPage\":{\"@id\":\"https:\/\/audibax.com\/es\/producto\/ovo-5-black-2\/#primaryimage\"},\"image\":{\"@id\":\"https:\/\/audibax.com\/es\/producto\/ovo-5-black-2\/#primaryimage\"},\"thumbnailUrl\":\"https:\/\/audibax.com\/wp-content\/uploads\/2023\/12\/audibax-ovo-5-black.jpg\",\"datePublished\":\"2023-12-11T12:51:41+00:00\",\"dateModified\":\"2025-10-20T07:57:18+00:00\",\"breadcrumb\":{\"@id\":\"https:\/\/audibax.com\/es\/producto\/ovo-5-black-2\/#breadcrumb\"},\"inLanguage\":\"es\",\"potentialAction\":[{\"@type\":\"ReadAction\",\"target\":[\"https:\/\/audibax.com\/es\/producto\/ovo-5-black-2\/\"]}]},{\"@type\":\"ImageObject\",\"inLanguage\":\"es\",\"@id\":\"https:\/\/audibax.com\/es\/producto\/ovo-5-black-2\/#primaryimage\",\"url\":\"https:\/\/audibax.com\/wp-content\/uploads\/2023\/12\/audibax-ovo-5-black.jpg\",\"contentUrl\":\"https:\/\/audibax.com\/wp-content\/uploads\/2023\/12\/audibax-ovo-5-black.jpg\",\"width\":1000,\"height\":500},{\"@type\":\"BreadcrumbList\",\"@id\":\"https:\/\/audibax.com\/es\/producto\/ovo-5-black-2\/#breadcrumb\",\"itemListElement\":[{\"@type\":\"ListItem\",\"position\":1,\"name\":\"Portada\",\"item\":\"https:\/\/audibax.com\/es\/\"},{\"@type\":\"ListItem\",\"position\":2,\"name\":\"Productos\",\"item\":\"https:\/\/audibax.com\/es\/shop\/\"},{\"@type\":\"ListItem\",\"position\":3,\"name\":\"Ovo 5 Black\"}]},{\"@type\":\"WebSite\",\"@id\":\"https:\/\/audibax.com\/es\/#website\",\"url\":\"https:\/\/audibax.com\/es\/\",\"name\":\"Audibax\",\"description\":\"\",\"publisher\":{\"@id\":\"https:\/\/audibax.com\/es\/#organization\"},\"potentialAction\":[{\"@type\":\"SearchAction\",\"target\":{\"@type\":\"EntryPoint\",\"urlTemplate\":\"https:\/\/audibax.com\/es\/?s={search_term_string}\"},\"query-input\":{\"@type\":\"PropertyValueSpecification\",\"valueRequired\":true,\"valueName\":\"search_term_string\"}}],\"inLanguage\":\"es\"},{\"@type\":\"Organization\",\"@id\":\"https:\/\/audibax.com\/es\/#organization\",\"name\":\"Audibax\",\"url\":\"https:\/\/audibax.com\/es\/\",\"logo\":{\"@type\":\"ImageObject\",\"inLanguage\":\"es\",\"@id\":\"https:\/\/audibax.com\/es\/#\/schema\/logo\/image\/\",\"url\":\"https:\/\/audibax.com\/wp-content\/uploads\/2023\/09\/logo-Audibax-BLANCO-SVG-1.svg\",\"contentUrl\":\"https:\/\/audibax.com\/wp-content\/uploads\/2023\/09\/logo-Audibax-BLANCO-SVG-1.svg\",\"caption\":\"Audibax\"},\"image\":{\"@id\":\"https:\/\/audibax.com\/es\/#\/schema\/logo\/image\/\"}}]}<\/script>\n<!-- \/ Yoast SEO plugin. -->","yoast_head_json":{"title":"Ovo 5 Black - Audibax","robots":{"index":"index","follow":"follow","max-snippet":"max-snippet:-1","max-image-preview":"max-image-preview:large","max-video-preview":"max-video-preview:-1"},"canonical":"https:\/\/audibax.com\/es\/producto\/ovo-5-black-2\/","og_locale":"es_ES","og_type":"article","og_title":"Ovo 5 Black - Audibax","og_description":"\u00a0Altavoces de instalaci\u00f3n (montaje en pared)  Suministrados en parejas  Tipo de altavoz : Altavoz pasivo de 2 v\u00edas  Tama\u00f1o: 5 pulgadas  Potencia RMS: 50W  Potencia linea 100v : 7,5w \/ 15w \/ 30w ( seleccionable )  IP65","og_url":"https:\/\/audibax.com\/es\/producto\/ovo-5-black-2\/","og_site_name":"Audibax","article_modified_time":"2025-10-20T07:57:18+00:00","og_image":[{"width":1000,"height":500,"url":"https:\/\/audibax.com\/wp-content\/uploads\/2023\/12\/audibax-ovo-5-black.jpg","type":"image\/jpeg"}],"twitter_card":"summary_large_image","twitter_misc":{"Tiempo de lectura":"2 minutos"},"schema":{"@context":"https:\/\/schema.org","@graph":[{"@type":"WebPage","@id":"https:\/\/audibax.com\/es\/producto\/ovo-5-black-2\/","url":"https:\/\/audibax.com\/es\/producto\/ovo-5-black-2\/","name":"Ovo 5 Black - Audibax","isPartOf":{"@id":"https:\/\/audibax.com\/es\/#website"},"primaryImageOfPage":{"@id":"https:\/\/audibax.com\/es\/producto\/ovo-5-black-2\/#primaryimage"},"image":{"@id":"https:\/\/audibax.com\/es\/producto\/ovo-5-black-2\/#primaryimage"},"thumbnailUrl":"https:\/\/audibax.com\/wp-content\/uploads\/2023\/12\/audibax-ovo-5-black.jpg","datePublished":"2023-12-11T12:51:41+00:00","dateModified":"2025-10-20T07:57:18+00:00","breadcrumb":{"@id":"https:\/\/audibax.com\/es\/producto\/ovo-5-black-2\/#breadcrumb"},"inLanguage":"es","potentialAction":[{"@type":"ReadAction","target":["https:\/\/audibax.com\/es\/producto\/ovo-5-black-2\/"]}]},{"@type":"ImageObject","inLanguage":"es","@id":"https:\/\/audibax.com\/es\/producto\/ovo-5-black-2\/#primaryimage","url":"https:\/\/audibax.com\/wp-content\/uploads\/2023\/12\/audibax-ovo-5-black.jpg","contentUrl":"https:\/\/audibax.com\/wp-content\/uploads\/2023\/12\/audibax-ovo-5-black.jpg","width":1000,"height":500},{"@type":"BreadcrumbList","@id":"https:\/\/audibax.com\/es\/producto\/ovo-5-black-2\/#breadcrumb","itemListElement":[{"@type":"ListItem","position":1,"name":"Portada","item":"https:\/\/audibax.com\/es\/"},{"@type":"ListItem","position":2,"name":"Productos","item":"https:\/\/audibax.com\/es\/shop\/"},{"@type":"ListItem","position":3,"name":"Ovo 5 Black"}]},{"@type":"WebSite","@id":"https:\/\/audibax.com\/es\/#website","url":"https:\/\/audibax.com\/es\/","name":"Audibax","description":"","publisher":{"@id":"https:\/\/audibax.com\/es\/#organization"},"potentialAction":[{"@type":"SearchAction","target":{"@type":"EntryPoint","urlTemplate":"https:\/\/audibax.com\/es\/?s={search_term_string}"},"query-input":{"@type":"PropertyValueSpecification","valueRequired":true,"valueName":"search_term_string"}}],"inLanguage":"es"},{"@type":"Organization","@id":"https:\/\/audibax.com\/es\/#organization","name":"Audibax","url":"https:\/\/audibax.com\/es\/","logo":{"@type":"ImageObject","inLanguage":"es","@id":"https:\/\/audibax.com\/es\/#\/schema\/logo\/image\/","url":"https:\/\/audibax.com\/wp-content\/uploads\/2023\/09\/logo-Audibax-BLANCO-SVG-1.svg","contentUrl":"https:\/\/audibax.com\/wp-content\/uploads\/2023\/09\/logo-Audibax-BLANCO-SVG-1.svg","caption":"Audibax"},"image":{"@id":"https:\/\/audibax.com\/es\/#\/schema\/logo\/image\/"}}]}},"_links":{"self":[{"href":"https:\/\/audibax.com\/es\/wp-json\/wp\/v2\/product\/35351","targetHints":{"allow":["GET"]}}],"collection":[{"href":"https:\/\/audibax.com\/es\/wp-json\/wp\/v2\/product"}],"about":[{"href":"https:\/\/audibax.com\/es\/wp-json\/wp\/v2\/types\/product"}],"replies":[{"embeddable":true,"href":"https:\/\/audibax.com\/es\/wp-json\/wp\/v2\/comments?post=35351"}],"wp:featuredmedia":[{"embeddable":true,"href":"https:\/\/audibax.com\/es\/wp-json\/wp\/v2\/media\/17503"}],"wp:attachment":[{"href":"https:\/\/audibax.com\/es\/wp-json\/wp\/v2\/media?parent=35351"}],"wp:term":[{"taxonomy":"product_cat","embeddable":true,"href":"https:\/\/audibax.com\/es\/wp-json\/wp\/v2\/product_cat?post=35351"},{"taxonomy":"product_tag","embeddable":true,"href":"https:\/\/audibax.com\/es\/wp-json\/wp\/v2\/product_tag?post=35351"}],"curies":[{"name":"wp","href":"https:\/\/api.w.org\/{rel}","templated":true}]}}